{"id":166722,"date":"2023-03-29T12:42:20","date_gmt":"2023-03-29T10:42:20","guid":{"rendered":"https:\/\/shop.bantam.ch\/produit\/marchepied-slide-out-v18-12-v\/"},"modified":"2026-05-03T00:19:15","modified_gmt":"2026-05-02T22:19:15","slug":"marchepied-slide-out-v18-12-v","status":"publish","type":"product","link":"https:\/\/shop.bantam.ch\/fr\/produit\/marchepied-slide-out-v18-12-v\/","title":{"rendered":"Marchepied Slide-Out V18 12 V"},"content":{"rendered":"<\/p>\n<ul>\n<li> Poids r\u00e9duit<\/li>\n<li> Garde au sol optimis\u00e9e<\/li>\n<li> Verrouillage manuel simple et sans outil en cas de panne de courant<\/li>\n<li> Sortie de c\u00e2ble multifonctionnelle intelligente pour emp\u00eacher l\u2019infiltration d\u2019eau et de poussi\u00e8res<\/li>\n<li> Bandes antid\u00e9rapantes 3M sur le marchepied<\/li>\n<\/ul>\n<p>Contenu de la livraison :<br \/>\u00e9lect<br \/>Interrupteur<\/p>\n","protected":false},"excerpt":{"rendered":"<p>Poids r\u00e9duit Garde au sol optimis\u00e9e Verrouillage manuel simple et sans outil en cas de panne de courant Sortie de c\u00e2ble multifonctionnelle intelligente pour emp\u00eacher l\u2019infiltration d\u2019eau et de poussi\u00e8res Bandes antid\u00e9rapantes 3M sur le marchepied Contenu de la livraison :\u00e9lectInterrupteur<\/p>\n","protected":false},"featured_media":166712,"template":"","meta":{"_acf_changed":false},"product_featured_cat":[],"product_brand":[3046],"product_cat":[4673],"product_tag":[],"class_list":{"0":"post-166722","1":"product","2":"type-product","3":"status-publish","4":"has-post-thumbnail","6":"product_brand-thule","7":"product_cat-marchepieds","9":"first","10":"instock","11":"taxable","12":"shipping-taxable","13":"purchasable","14":"product-type-variable"},"acf":[],"yoast_head":"<!-- This site is optimized with the Yoast SEO plugin v27.5 - https:\/\/yoast.com\/product\/yoast-seo-wordpress\/ -->\n<title>Marchepied Slide-Out V18 12 V - Bantam<\/title>\n<meta name=\"robots\" content=\"index, follow, max-snippet:-1, max-image-preview:large, max-video-preview:-1\" \/>\n<link rel=\"canonical\" href=\"https:\/\/shop.bantam.ch\/fr\/produit\/marchepied-slide-out-v18-12-v\/\" \/>\n<meta property=\"og:locale\" content=\"fr_FR\" \/>\n<meta property=\"og:type\" content=\"article\" \/>\n<meta property=\"og:title\" content=\"Marchepied Slide-Out V18 12 V - Bantam\" \/>\n<meta property=\"og:description\" content=\"Poids r\u00e9duit Garde au sol optimis\u00e9e Verrouillage manuel simple et sans outil en cas de panne de courant Sortie de c\u00e2ble multifonctionnelle intelligente pour emp\u00eacher l\u2019infiltration d\u2019eau et de poussi\u00e8res Bandes antid\u00e9rapantes 3M sur le marchepied Contenu de la livraison :\u00e9lectInterrupteur\" \/>\n<meta property=\"og:url\" content=\"https:\/\/shop.bantam.ch\/fr\/produit\/marchepied-slide-out-v18-12-v\/\" \/>\n<meta property=\"og:site_name\" content=\"Bantam\" \/>\n<meta property=\"article:modified_time\" content=\"2026-05-02T22:19:15+00:00\" \/>\n<meta property=\"og:image\" content=\"https:\/\/shop.bantam.ch\/wp-content\/uploads\/2023\/03\/9941381-311.jpg\" \/>\n\t<meta property=\"og:image:width\" content=\"1000\" \/>\n\t<meta property=\"og:image:height\" content=\"749\" \/>\n\t<meta property=\"og:image:type\" content=\"image\/jpeg\" \/>\n<meta name=\"twitter:card\" content=\"summary_large_image\" \/>\n<script type=\"application\/ld+json\" class=\"yoast-schema-graph\">{\"@context\":\"https:\\\/\\\/schema.org\",\"@graph\":[{\"@type\":\"WebPage\",\"@id\":\"https:\\\/\\\/shop.bantam.ch\\\/fr\\\/produit\\\/marchepied-slide-out-v18-12-v\\\/\",\"url\":\"https:\\\/\\\/shop.bantam.ch\\\/fr\\\/produit\\\/marchepied-slide-out-v18-12-v\\\/\",\"name\":\"Marchepied Slide-Out V18 12 V - Bantam\",\"isPartOf\":{\"@id\":\"https:\\\/\\\/shop.bantam.ch\\\/fr\\\/#website\"},\"primaryImageOfPage\":{\"@id\":\"https:\\\/\\\/shop.bantam.ch\\\/fr\\\/produit\\\/marchepied-slide-out-v18-12-v\\\/#primaryimage\"},\"image\":{\"@id\":\"https:\\\/\\\/shop.bantam.ch\\\/fr\\\/produit\\\/marchepied-slide-out-v18-12-v\\\/#primaryimage\"},\"thumbnailUrl\":\"https:\\\/\\\/shop.bantam.ch\\\/wp-content\\\/uploads\\\/2023\\\/03\\\/9941381-311.jpg\",\"datePublished\":\"2023-03-29T10:42:20+00:00\",\"dateModified\":\"2026-05-02T22:19:15+00:00\",\"breadcrumb\":{\"@id\":\"https:\\\/\\\/shop.bantam.ch\\\/fr\\\/produit\\\/marchepied-slide-out-v18-12-v\\\/#breadcrumb\"},\"inLanguage\":\"fr-FR\",\"potentialAction\":[{\"@type\":\"ReadAction\",\"target\":[\"https:\\\/\\\/shop.bantam.ch\\\/fr\\\/produit\\\/marchepied-slide-out-v18-12-v\\\/\"]}]},{\"@type\":\"ImageObject\",\"inLanguage\":\"fr-FR\",\"@id\":\"https:\\\/\\\/shop.bantam.ch\\\/fr\\\/produit\\\/marchepied-slide-out-v18-12-v\\\/#primaryimage\",\"url\":\"https:\\\/\\\/shop.bantam.ch\\\/wp-content\\\/uploads\\\/2023\\\/03\\\/9941381-311.jpg\",\"contentUrl\":\"https:\\\/\\\/shop.bantam.ch\\\/wp-content\\\/uploads\\\/2023\\\/03\\\/9941381-311.jpg\",\"width\":1000,\"height\":749},{\"@type\":\"BreadcrumbList\",\"@id\":\"https:\\\/\\\/shop.bantam.ch\\\/fr\\\/produit\\\/marchepied-slide-out-v18-12-v\\\/#breadcrumb\",\"itemListElement\":[{\"@type\":\"ListItem\",\"position\":1,\"name\":\"Accueil\",\"item\":\"https:\\\/\\\/shop.bantam.ch\\\/fr\\\/\"},{\"@type\":\"ListItem\",\"position\":2,\"name\":\"Boutique\",\"item\":\"https:\\\/\\\/shop.bantam.ch\\\/fr\\\/boutique\\\/\"},{\"@type\":\"ListItem\",\"position\":3,\"name\":\"Marchepied Slide-Out V18 12 V\"}]},{\"@type\":\"WebSite\",\"@id\":\"https:\\\/\\\/shop.bantam.ch\\\/fr\\\/#website\",\"url\":\"https:\\\/\\\/shop.bantam.ch\\\/fr\\\/\",\"name\":\"Bantam\",\"description\":\"\",\"publisher\":{\"@id\":\"https:\\\/\\\/shop.bantam.ch\\\/fr\\\/#organization\"},\"inLanguage\":\"fr-FR\"},{\"@type\":\"Organization\",\"@id\":\"https:\\\/\\\/shop.bantam.ch\\\/fr\\\/#organization\",\"name\":\"Bantam\",\"url\":\"https:\\\/\\\/shop.bantam.ch\\\/fr\\\/\",\"logo\":{\"@type\":\"ImageObject\",\"inLanguage\":\"fr-FR\",\"@id\":\"https:\\\/\\\/shop.bantam.ch\\\/fr\\\/#\\\/schema\\\/logo\\\/image\\\/\",\"url\":\"https:\\\/\\\/shop.bantam.ch\\\/wp-content\\\/uploads\\\/2022\\\/12\\\/bantam-logo.png\",\"contentUrl\":\"https:\\\/\\\/shop.bantam.ch\\\/wp-content\\\/uploads\\\/2022\\\/12\\\/bantam-logo.png\",\"width\":320,\"height\":71,\"caption\":\"Bantam\"},\"image\":{\"@id\":\"https:\\\/\\\/shop.bantam.ch\\\/fr\\\/#\\\/schema\\\/logo\\\/image\\\/\"}}]}<\/script>\n<!-- \/ Yoast SEO plugin. -->","yoast_head_json":{"title":"Marchepied Slide-Out V18 12 V - Bantam","robots":{"index":"index","follow":"follow","max-snippet":"max-snippet:-1","max-image-preview":"max-image-preview:large","max-video-preview":"max-video-preview:-1"},"canonical":"https:\/\/shop.bantam.ch\/fr\/produit\/marchepied-slide-out-v18-12-v\/","og_locale":"fr_FR","og_type":"article","og_title":"Marchepied Slide-Out V18 12 V - Bantam","og_description":"Poids r\u00e9duit Garde au sol optimis\u00e9e Verrouillage manuel simple et sans outil en cas de panne de courant Sortie de c\u00e2ble multifonctionnelle intelligente pour emp\u00eacher l\u2019infiltration d\u2019eau et de poussi\u00e8res Bandes antid\u00e9rapantes 3M sur le marchepied Contenu de la livraison :\u00e9lectInterrupteur","og_url":"https:\/\/shop.bantam.ch\/fr\/produit\/marchepied-slide-out-v18-12-v\/","og_site_name":"Bantam","article_modified_time":"2026-05-02T22:19:15+00:00","og_image":[{"width":1000,"height":749,"url":"https:\/\/shop.bantam.ch\/wp-content\/uploads\/2023\/03\/9941381-311.jpg","type":"image\/jpeg"}],"twitter_card":"summary_large_image","schema":{"@context":"https:\/\/schema.org","@graph":[{"@type":"WebPage","@id":"https:\/\/shop.bantam.ch\/fr\/produit\/marchepied-slide-out-v18-12-v\/","url":"https:\/\/shop.bantam.ch\/fr\/produit\/marchepied-slide-out-v18-12-v\/","name":"Marchepied Slide-Out V18 12 V - Bantam","isPartOf":{"@id":"https:\/\/shop.bantam.ch\/fr\/#website"},"primaryImageOfPage":{"@id":"https:\/\/shop.bantam.ch\/fr\/produit\/marchepied-slide-out-v18-12-v\/#primaryimage"},"image":{"@id":"https:\/\/shop.bantam.ch\/fr\/produit\/marchepied-slide-out-v18-12-v\/#primaryimage"},"thumbnailUrl":"https:\/\/shop.bantam.ch\/wp-content\/uploads\/2023\/03\/9941381-311.jpg","datePublished":"2023-03-29T10:42:20+00:00","dateModified":"2026-05-02T22:19:15+00:00","breadcrumb":{"@id":"https:\/\/shop.bantam.ch\/fr\/produit\/marchepied-slide-out-v18-12-v\/#breadcrumb"},"inLanguage":"fr-FR","potentialAction":[{"@type":"ReadAction","target":["https:\/\/shop.bantam.ch\/fr\/produit\/marchepied-slide-out-v18-12-v\/"]}]},{"@type":"ImageObject","inLanguage":"fr-FR","@id":"https:\/\/shop.bantam.ch\/fr\/produit\/marchepied-slide-out-v18-12-v\/#primaryimage","url":"https:\/\/shop.bantam.ch\/wp-content\/uploads\/2023\/03\/9941381-311.jpg","contentUrl":"https:\/\/shop.bantam.ch\/wp-content\/uploads\/2023\/03\/9941381-311.jpg","width":1000,"height":749},{"@type":"BreadcrumbList","@id":"https:\/\/shop.bantam.ch\/fr\/produit\/marchepied-slide-out-v18-12-v\/#breadcrumb","itemListElement":[{"@type":"ListItem","position":1,"name":"Accueil","item":"https:\/\/shop.bantam.ch\/fr\/"},{"@type":"ListItem","position":2,"name":"Boutique","item":"https:\/\/shop.bantam.ch\/fr\/boutique\/"},{"@type":"ListItem","position":3,"name":"Marchepied Slide-Out V18 12 V"}]},{"@type":"WebSite","@id":"https:\/\/shop.bantam.ch\/fr\/#website","url":"https:\/\/shop.bantam.ch\/fr\/","name":"Bantam","description":"","publisher":{"@id":"https:\/\/shop.bantam.ch\/fr\/#organization"},"inLanguage":"fr-FR"},{"@type":"Organization","@id":"https:\/\/shop.bantam.ch\/fr\/#organization","name":"Bantam","url":"https:\/\/shop.bantam.ch\/fr\/","logo":{"@type":"ImageObject","inLanguage":"fr-FR","@id":"https:\/\/shop.bantam.ch\/fr\/#\/schema\/logo\/image\/","url":"https:\/\/shop.bantam.ch\/wp-content\/uploads\/2022\/12\/bantam-logo.png","contentUrl":"https:\/\/shop.bantam.ch\/wp-content\/uploads\/2022\/12\/bantam-logo.png","width":320,"height":71,"caption":"Bantam"},"image":{"@id":"https:\/\/shop.bantam.ch\/fr\/#\/schema\/logo\/image\/"}}]}},"_links":{"self":[{"href":"https:\/\/shop.bantam.ch\/fr\/wp-json\/wp\/v2\/product\/166722","targetHints":{"allow":["GET"]}}],"collection":[{"href":"https:\/\/shop.bantam.ch\/fr\/wp-json\/wp\/v2\/product"}],"about":[{"href":"https:\/\/shop.bantam.ch\/fr\/wp-json\/wp\/v2\/types\/product"}],"wp:featuredmedia":[{"embeddable":true,"href":"https:\/\/shop.bantam.ch\/fr\/wp-json\/wp\/v2\/media\/166712"}],"wp:attachment":[{"href":"https:\/\/shop.bantam.ch\/fr\/wp-json\/wp\/v2\/media?parent=166722"}],"wp:term":[{"taxonomy":"product_featured_cat","embeddable":true,"href":"https:\/\/shop.bantam.ch\/fr\/wp-json\/wp\/v2\/product_featured_cat?post=166722"},{"taxonomy":"product_brand","embeddable":true,"href":"https:\/\/shop.bantam.ch\/fr\/wp-json\/wp\/v2\/product_brand?post=166722"},{"taxonomy":"product_cat","embeddable":true,"href":"https:\/\/shop.bantam.ch\/fr\/wp-json\/wp\/v2\/product_cat?post=166722"},{"taxonomy":"product_tag","embeddable":true,"href":"https:\/\/shop.bantam.ch\/fr\/wp-json\/wp\/v2\/product_tag?post=166722"}],"curies":[{"name":"wp","href":"https:\/\/api.w.org\/{rel}","templated":true}]}}