{"id":166498,"date":"2023-03-29T12:36:05","date_gmt":"2023-03-29T10:36:05","guid":{"rendered":"https:\/\/shop.bantam.ch\/produit\/store-de-toit-omnistor-9200-a-moteur-boitier-blanc\/"},"modified":"2026-04-19T00:26:35","modified_gmt":"2026-04-18T22:26:35","slug":"store-de-toit-omnistor-9200-a-moteur-boitier-blanc","status":"publish","type":"product","link":"https:\/\/shop.bantam.ch\/fr\/produit\/store-de-toit-omnistor-9200-a-moteur-boitier-blanc\/","title":{"rendered":"Store de toit Omnistor 9200 \u00e0 moteur &#8211; boitier blanc"},"content":{"rendered":"<\/p>\n<ul>\n<li>Le moteur puissant de 220\u00a0V s\u2019actionne facilement et en toute s\u00e9curit\u00e9 \u00e0 l\u2019aide d\u2019une t\u00e9l\u00e9commande.<\/li>\n<li>Un dispositif de s\u00e9curit\u00e9 permet d\u2019utiliser le store, m\u00eame en cas de coupure de courant.<\/li>\n<li>Convient particuli\u00e8rement aux v\u00e9hicules longs.<\/li>\n<li>Bras articul\u00e9s robustes dot\u00e9s de doubles c\u00e2bles en acier qui tendent automatiquement la toile du store et servent \u00e9galement d\u2019amortisseurs. <\/li>\n<li>Rallonge\u00a0: 300\u00a0cm <\/li>\n<li>Des accessoires utiles tel qu\u2019un auvent, un pare-vent, etc. sont disponibles.<\/li>\n<\/ul>\n<p>Mat\u00e9riau :<br \/>toile : PVC<br \/>boitier : aluminium<\/p>\n","protected":false},"excerpt":{"rendered":"<p>Le moteur puissant de 220\u00a0V s\u2019actionne facilement et en toute s\u00e9curit\u00e9 \u00e0 l\u2019aide d\u2019une t\u00e9l\u00e9commande. Un dispositif de s\u00e9curit\u00e9 permet d\u2019utiliser le store, m\u00eame en cas de coupure de courant. Convient particuli\u00e8rement aux v\u00e9hicules longs. Bras articul\u00e9s robustes dot\u00e9s de doubles c\u00e2bles en acier qui tendent automatiquement la toile du store et servent \u00e9galement d\u2019amortisseurs. [&hellip;]<\/p>\n","protected":false},"featured_media":166488,"template":"","meta":{"_acf_changed":false},"product_featured_cat":[],"product_brand":[3046],"product_cat":[3971],"product_tag":[],"class_list":{"0":"post-166498","1":"product","2":"type-product","3":"status-publish","4":"has-post-thumbnail","6":"product_brand-thule","7":"product_cat-stores","9":"first","10":"instock","11":"taxable","12":"shipping-taxable","13":"purchasable","14":"product-type-variable"},"acf":[],"yoast_head":"<!-- This site is optimized with the Yoast SEO plugin v27.4 - https:\/\/yoast.com\/product\/yoast-seo-wordpress\/ -->\n<title>Store de toit Omnistor 9200 \u00e0 moteur - boitier blanc - Bantam Wankm\u00fcller SA<\/title>\n<meta name=\"robots\" content=\"index, follow, max-snippet:-1, max-image-preview:large, max-video-preview:-1\" \/>\n<link rel=\"canonical\" href=\"https:\/\/shop.bantam.ch\/fr\/produit\/store-de-toit-omnistor-9200-a-moteur-boitier-blanc\/\" \/>\n<meta property=\"og:locale\" content=\"fr_FR\" \/>\n<meta property=\"og:type\" content=\"article\" \/>\n<meta property=\"og:title\" content=\"Store de toit Omnistor 9200 \u00e0 moteur - boitier blanc - Bantam Wankm\u00fcller SA\" \/>\n<meta property=\"og:description\" content=\"Le moteur puissant de 220\u00a0V s\u2019actionne facilement et en toute s\u00e9curit\u00e9 \u00e0 l\u2019aide d\u2019une t\u00e9l\u00e9commande. Un dispositif de s\u00e9curit\u00e9 permet d\u2019utiliser le store, m\u00eame en cas de coupure de courant. Convient particuli\u00e8rement aux v\u00e9hicules longs. Bras articul\u00e9s robustes dot\u00e9s de doubles c\u00e2bles en acier qui tendent automatiquement la toile du store et servent \u00e9galement d\u2019amortisseurs. [&hellip;]\" \/>\n<meta property=\"og:url\" content=\"https:\/\/shop.bantam.ch\/fr\/produit\/store-de-toit-omnistor-9200-a-moteur-boitier-blanc\/\" \/>\n<meta property=\"og:site_name\" content=\"Bantam Wankm\u00fcller SA\" \/>\n<meta property=\"article:modified_time\" content=\"2026-04-18T22:26:35+00:00\" \/>\n<meta property=\"og:image\" content=\"https:\/\/shop.bantam.ch\/wp-content\/uploads\/2023\/03\/991066114.jpg\" \/>\n\t<meta property=\"og:image:width\" content=\"357\" \/>\n\t<meta property=\"og:image:height\" content=\"1000\" \/>\n\t<meta property=\"og:image:type\" content=\"image\/jpeg\" \/>\n<meta name=\"twitter:card\" content=\"summary_large_image\" \/>\n<script type=\"application\/ld+json\" class=\"yoast-schema-graph\">{\"@context\":\"https:\\\/\\\/schema.org\",\"@graph\":[{\"@type\":\"WebPage\",\"@id\":\"https:\\\/\\\/shop.bantam.ch\\\/fr\\\/produit\\\/store-de-toit-omnistor-9200-a-moteur-boitier-blanc\\\/\",\"url\":\"https:\\\/\\\/shop.bantam.ch\\\/fr\\\/produit\\\/store-de-toit-omnistor-9200-a-moteur-boitier-blanc\\\/\",\"name\":\"Store de toit Omnistor 9200 \u00e0 moteur - boitier blanc - Bantam Wankm\u00fcller SA\",\"isPartOf\":{\"@id\":\"https:\\\/\\\/shop.bantam.ch\\\/fr\\\/#website\"},\"primaryImageOfPage\":{\"@id\":\"https:\\\/\\\/shop.bantam.ch\\\/fr\\\/produit\\\/store-de-toit-omnistor-9200-a-moteur-boitier-blanc\\\/#primaryimage\"},\"image\":{\"@id\":\"https:\\\/\\\/shop.bantam.ch\\\/fr\\\/produit\\\/store-de-toit-omnistor-9200-a-moteur-boitier-blanc\\\/#primaryimage\"},\"thumbnailUrl\":\"https:\\\/\\\/shop.bantam.ch\\\/wp-content\\\/uploads\\\/2023\\\/03\\\/991066114.jpg\",\"datePublished\":\"2023-03-29T10:36:05+00:00\",\"dateModified\":\"2026-04-18T22:26:35+00:00\",\"breadcrumb\":{\"@id\":\"https:\\\/\\\/shop.bantam.ch\\\/fr\\\/produit\\\/store-de-toit-omnistor-9200-a-moteur-boitier-blanc\\\/#breadcrumb\"},\"inLanguage\":\"fr-FR\",\"potentialAction\":[{\"@type\":\"ReadAction\",\"target\":[\"https:\\\/\\\/shop.bantam.ch\\\/fr\\\/produit\\\/store-de-toit-omnistor-9200-a-moteur-boitier-blanc\\\/\"]}]},{\"@type\":\"ImageObject\",\"inLanguage\":\"fr-FR\",\"@id\":\"https:\\\/\\\/shop.bantam.ch\\\/fr\\\/produit\\\/store-de-toit-omnistor-9200-a-moteur-boitier-blanc\\\/#primaryimage\",\"url\":\"https:\\\/\\\/shop.bantam.ch\\\/wp-content\\\/uploads\\\/2023\\\/03\\\/991066114.jpg\",\"contentUrl\":\"https:\\\/\\\/shop.bantam.ch\\\/wp-content\\\/uploads\\\/2023\\\/03\\\/991066114.jpg\",\"width\":357,\"height\":1000},{\"@type\":\"BreadcrumbList\",\"@id\":\"https:\\\/\\\/shop.bantam.ch\\\/fr\\\/produit\\\/store-de-toit-omnistor-9200-a-moteur-boitier-blanc\\\/#breadcrumb\",\"itemListElement\":[{\"@type\":\"ListItem\",\"position\":1,\"name\":\"Accueil\",\"item\":\"https:\\\/\\\/shop.bantam.ch\\\/fr\\\/\"},{\"@type\":\"ListItem\",\"position\":2,\"name\":\"Boutique\",\"item\":\"https:\\\/\\\/shop.bantam.ch\\\/fr\\\/boutique\\\/\"},{\"@type\":\"ListItem\",\"position\":3,\"name\":\"Store de toit Omnistor 9200 \u00e0 moteur &#8211; boitier blanc\"}]},{\"@type\":\"WebSite\",\"@id\":\"https:\\\/\\\/shop.bantam.ch\\\/fr\\\/#website\",\"url\":\"https:\\\/\\\/shop.bantam.ch\\\/fr\\\/\",\"name\":\"Bantam Wankm\u00fcller SA\",\"description\":\"\",\"publisher\":{\"@id\":\"https:\\\/\\\/shop.bantam.ch\\\/fr\\\/#organization\"},\"inLanguage\":\"fr-FR\"},{\"@type\":\"Organization\",\"@id\":\"https:\\\/\\\/shop.bantam.ch\\\/fr\\\/#organization\",\"name\":\"Bantam Wankm\u00fcller SA\",\"url\":\"https:\\\/\\\/shop.bantam.ch\\\/fr\\\/\",\"logo\":{\"@type\":\"ImageObject\",\"inLanguage\":\"fr-FR\",\"@id\":\"https:\\\/\\\/shop.bantam.ch\\\/fr\\\/#\\\/schema\\\/logo\\\/image\\\/\",\"url\":\"https:\\\/\\\/shop.bantam.ch\\\/wp-content\\\/uploads\\\/2022\\\/12\\\/bantam-logo.png\",\"contentUrl\":\"https:\\\/\\\/shop.bantam.ch\\\/wp-content\\\/uploads\\\/2022\\\/12\\\/bantam-logo.png\",\"width\":320,\"height\":71,\"caption\":\"Bantam Wankm\u00fcller SA\"},\"image\":{\"@id\":\"https:\\\/\\\/shop.bantam.ch\\\/fr\\\/#\\\/schema\\\/logo\\\/image\\\/\"}}]}<\/script>\n<!-- \/ Yoast SEO plugin. -->","yoast_head_json":{"title":"Store de toit Omnistor 9200 \u00e0 moteur - boitier blanc - Bantam Wankm\u00fcller SA","robots":{"index":"index","follow":"follow","max-snippet":"max-snippet:-1","max-image-preview":"max-image-preview:large","max-video-preview":"max-video-preview:-1"},"canonical":"https:\/\/shop.bantam.ch\/fr\/produit\/store-de-toit-omnistor-9200-a-moteur-boitier-blanc\/","og_locale":"fr_FR","og_type":"article","og_title":"Store de toit Omnistor 9200 \u00e0 moteur - boitier blanc - Bantam Wankm\u00fcller SA","og_description":"Le moteur puissant de 220\u00a0V s\u2019actionne facilement et en toute s\u00e9curit\u00e9 \u00e0 l\u2019aide d\u2019une t\u00e9l\u00e9commande. Un dispositif de s\u00e9curit\u00e9 permet d\u2019utiliser le store, m\u00eame en cas de coupure de courant. Convient particuli\u00e8rement aux v\u00e9hicules longs. Bras articul\u00e9s robustes dot\u00e9s de doubles c\u00e2bles en acier qui tendent automatiquement la toile du store et servent \u00e9galement d\u2019amortisseurs. [&hellip;]","og_url":"https:\/\/shop.bantam.ch\/fr\/produit\/store-de-toit-omnistor-9200-a-moteur-boitier-blanc\/","og_site_name":"Bantam Wankm\u00fcller SA","article_modified_time":"2026-04-18T22:26:35+00:00","og_image":[{"width":357,"height":1000,"url":"https:\/\/shop.bantam.ch\/wp-content\/uploads\/2023\/03\/991066114.jpg","type":"image\/jpeg"}],"twitter_card":"summary_large_image","schema":{"@context":"https:\/\/schema.org","@graph":[{"@type":"WebPage","@id":"https:\/\/shop.bantam.ch\/fr\/produit\/store-de-toit-omnistor-9200-a-moteur-boitier-blanc\/","url":"https:\/\/shop.bantam.ch\/fr\/produit\/store-de-toit-omnistor-9200-a-moteur-boitier-blanc\/","name":"Store de toit Omnistor 9200 \u00e0 moteur - boitier blanc - Bantam Wankm\u00fcller SA","isPartOf":{"@id":"https:\/\/shop.bantam.ch\/fr\/#website"},"primaryImageOfPage":{"@id":"https:\/\/shop.bantam.ch\/fr\/produit\/store-de-toit-omnistor-9200-a-moteur-boitier-blanc\/#primaryimage"},"image":{"@id":"https:\/\/shop.bantam.ch\/fr\/produit\/store-de-toit-omnistor-9200-a-moteur-boitier-blanc\/#primaryimage"},"thumbnailUrl":"https:\/\/shop.bantam.ch\/wp-content\/uploads\/2023\/03\/991066114.jpg","datePublished":"2023-03-29T10:36:05+00:00","dateModified":"2026-04-18T22:26:35+00:00","breadcrumb":{"@id":"https:\/\/shop.bantam.ch\/fr\/produit\/store-de-toit-omnistor-9200-a-moteur-boitier-blanc\/#breadcrumb"},"inLanguage":"fr-FR","potentialAction":[{"@type":"ReadAction","target":["https:\/\/shop.bantam.ch\/fr\/produit\/store-de-toit-omnistor-9200-a-moteur-boitier-blanc\/"]}]},{"@type":"ImageObject","inLanguage":"fr-FR","@id":"https:\/\/shop.bantam.ch\/fr\/produit\/store-de-toit-omnistor-9200-a-moteur-boitier-blanc\/#primaryimage","url":"https:\/\/shop.bantam.ch\/wp-content\/uploads\/2023\/03\/991066114.jpg","contentUrl":"https:\/\/shop.bantam.ch\/wp-content\/uploads\/2023\/03\/991066114.jpg","width":357,"height":1000},{"@type":"BreadcrumbList","@id":"https:\/\/shop.bantam.ch\/fr\/produit\/store-de-toit-omnistor-9200-a-moteur-boitier-blanc\/#breadcrumb","itemListElement":[{"@type":"ListItem","position":1,"name":"Accueil","item":"https:\/\/shop.bantam.ch\/fr\/"},{"@type":"ListItem","position":2,"name":"Boutique","item":"https:\/\/shop.bantam.ch\/fr\/boutique\/"},{"@type":"ListItem","position":3,"name":"Store de toit Omnistor 9200 \u00e0 moteur &#8211; boitier blanc"}]},{"@type":"WebSite","@id":"https:\/\/shop.bantam.ch\/fr\/#website","url":"https:\/\/shop.bantam.ch\/fr\/","name":"Bantam Wankm\u00fcller SA","description":"","publisher":{"@id":"https:\/\/shop.bantam.ch\/fr\/#organization"},"inLanguage":"fr-FR"},{"@type":"Organization","@id":"https:\/\/shop.bantam.ch\/fr\/#organization","name":"Bantam Wankm\u00fcller SA","url":"https:\/\/shop.bantam.ch\/fr\/","logo":{"@type":"ImageObject","inLanguage":"fr-FR","@id":"https:\/\/shop.bantam.ch\/fr\/#\/schema\/logo\/image\/","url":"https:\/\/shop.bantam.ch\/wp-content\/uploads\/2022\/12\/bantam-logo.png","contentUrl":"https:\/\/shop.bantam.ch\/wp-content\/uploads\/2022\/12\/bantam-logo.png","width":320,"height":71,"caption":"Bantam Wankm\u00fcller SA"},"image":{"@id":"https:\/\/shop.bantam.ch\/fr\/#\/schema\/logo\/image\/"}}]}},"_links":{"self":[{"href":"https:\/\/shop.bantam.ch\/fr\/wp-json\/wp\/v2\/product\/166498","targetHints":{"allow":["GET"]}}],"collection":[{"href":"https:\/\/shop.bantam.ch\/fr\/wp-json\/wp\/v2\/product"}],"about":[{"href":"https:\/\/shop.bantam.ch\/fr\/wp-json\/wp\/v2\/types\/product"}],"wp:featuredmedia":[{"embeddable":true,"href":"https:\/\/shop.bantam.ch\/fr\/wp-json\/wp\/v2\/media\/166488"}],"wp:attachment":[{"href":"https:\/\/shop.bantam.ch\/fr\/wp-json\/wp\/v2\/media?parent=166498"}],"wp:term":[{"taxonomy":"product_featured_cat","embeddable":true,"href":"https:\/\/shop.bantam.ch\/fr\/wp-json\/wp\/v2\/product_featured_cat?post=166498"},{"taxonomy":"product_brand","embeddable":true,"href":"https:\/\/shop.bantam.ch\/fr\/wp-json\/wp\/v2\/product_brand?post=166498"},{"taxonomy":"product_cat","embeddable":true,"href":"https:\/\/shop.bantam.ch\/fr\/wp-json\/wp\/v2\/product_cat?post=166498"},{"taxonomy":"product_tag","embeddable":true,"href":"https:\/\/shop.bantam.ch\/fr\/wp-json\/wp\/v2\/product_tag?post=166498"}],"curies":[{"name":"wp","href":"https:\/\/api.w.org\/{rel}","templated":true}]}}