{"id":166256,"date":"2023-03-29T12:28:59","date_gmt":"2023-03-29T10:28:59","guid":{"rendered":"https:\/\/shop.bantam.ch\/produit\/store-mural-thule-omnistor-5102\/"},"modified":"2026-04-19T00:23:46","modified_gmt":"2026-04-18T22:23:46","slug":"store-mural-thule-omnistor-5102","status":"publish","type":"product","link":"https:\/\/shop.bantam.ch\/fr\/produit\/store-mural-thule-omnistor-5102\/","title":{"rendered":"Store mural Thule Omnistor 5102"},"content":{"rendered":"<p>Store mural sp\u00e9cialement con\u00e7u pour VW T5 (Multivan\/Transporter). Gr\u00e2ce \u00e0 son syst\u00e8me d\u2019embo\u00eetement rapide, le store peut \u00eatre mont\u00e9 et d\u00e9mont\u00e9 en quelques instants. Le montage est effectu\u00e9 sur la glissi\u00e8re de toit noire d\u2019origine \u00e0 l\u2019aide d\u2019un adaptateur sp\u00e9cial inclus dans la livraison.<br \/>Incompatible avec les v\u00e9hicules \u00e0 toit haut ou avec lit de toit.<\/p>\n<p>Mat\u00e9riau\u00a0:<br \/>toile : 100 % PVC<\/p>\n","protected":false},"excerpt":{"rendered":"<p>Store mural sp\u00e9cialement con\u00e7u pour VW T5 (Multivan\/Transporter). Gr\u00e2ce \u00e0 son syst\u00e8me d\u2019embo\u00eetement rapide, le store peut \u00eatre mont\u00e9 et d\u00e9mont\u00e9 en quelques instants. Le montage est effectu\u00e9 sur la glissi\u00e8re de toit noire d\u2019origine \u00e0 l\u2019aide d\u2019un adaptateur sp\u00e9cial inclus dans la livraison.Incompatible avec les v\u00e9hicules \u00e0 toit haut ou avec lit de toit. [&hellip;]<\/p>\n","protected":false},"featured_media":166252,"template":"","meta":{"_acf_changed":false},"product_featured_cat":[],"product_brand":[3046],"product_cat":[3971],"product_tag":[],"class_list":{"0":"post-166256","1":"product","2":"type-product","3":"status-publish","4":"has-post-thumbnail","6":"product_brand-thule","7":"product_cat-stores","9":"first","10":"instock","11":"taxable","12":"shipping-taxable","13":"purchasable","14":"product-type-variable"},"acf":[],"yoast_head":"<!-- This site is optimized with the Yoast SEO plugin v27.4 - https:\/\/yoast.com\/product\/yoast-seo-wordpress\/ -->\n<title>Store mural Thule Omnistor 5102 - Bantam Wankm\u00fcller SA<\/title>\n<meta name=\"robots\" content=\"index, follow, max-snippet:-1, max-image-preview:large, max-video-preview:-1\" \/>\n<link rel=\"canonical\" href=\"https:\/\/shop.bantam.ch\/fr\/produit\/store-mural-thule-omnistor-5102\/\" \/>\n<meta property=\"og:locale\" content=\"fr_FR\" \/>\n<meta property=\"og:type\" content=\"article\" \/>\n<meta property=\"og:title\" content=\"Store mural Thule Omnistor 5102 - Bantam Wankm\u00fcller SA\" \/>\n<meta property=\"og:description\" content=\"Store mural sp\u00e9cialement con\u00e7u pour VW T5 (Multivan\/Transporter). Gr\u00e2ce \u00e0 son syst\u00e8me d\u2019embo\u00eetement rapide, le store peut \u00eatre mont\u00e9 et d\u00e9mont\u00e9 en quelques instants. Le montage est effectu\u00e9 sur la glissi\u00e8re de toit noire d\u2019origine \u00e0 l\u2019aide d\u2019un adaptateur sp\u00e9cial inclus dans la livraison.Incompatible avec les v\u00e9hicules \u00e0 toit haut ou avec lit de toit. [&hellip;]\" \/>\n<meta property=\"og:url\" content=\"https:\/\/shop.bantam.ch\/fr\/produit\/store-mural-thule-omnistor-5102\/\" \/>\n<meta property=\"og:site_name\" content=\"Bantam Wankm\u00fcller SA\" \/>\n<meta property=\"article:modified_time\" content=\"2026-04-18T22:23:46+00:00\" \/>\n<meta property=\"og:image\" content=\"https:\/\/shop.bantam.ch\/wp-content\/uploads\/2023\/03\/9909106-Mark_OMNISTOR_5102_2_60m_Fb_31_Mystic_Grey_anthrazit_inkl_Adapter_VW_T5_Multivan-Standard-01.jpg\" \/>\n\t<meta property=\"og:image:width\" content=\"1000\" \/>\n\t<meta property=\"og:image:height\" content=\"749\" \/>\n\t<meta property=\"og:image:type\" content=\"image\/jpeg\" \/>\n<meta name=\"twitter:card\" content=\"summary_large_image\" \/>\n<script type=\"application\/ld+json\" class=\"yoast-schema-graph\">{\"@context\":\"https:\\\/\\\/schema.org\",\"@graph\":[{\"@type\":\"WebPage\",\"@id\":\"https:\\\/\\\/shop.bantam.ch\\\/fr\\\/produit\\\/store-mural-thule-omnistor-5102\\\/\",\"url\":\"https:\\\/\\\/shop.bantam.ch\\\/fr\\\/produit\\\/store-mural-thule-omnistor-5102\\\/\",\"name\":\"Store mural Thule Omnistor 5102 - Bantam Wankm\u00fcller SA\",\"isPartOf\":{\"@id\":\"https:\\\/\\\/shop.bantam.ch\\\/fr\\\/#website\"},\"primaryImageOfPage\":{\"@id\":\"https:\\\/\\\/shop.bantam.ch\\\/fr\\\/produit\\\/store-mural-thule-omnistor-5102\\\/#primaryimage\"},\"image\":{\"@id\":\"https:\\\/\\\/shop.bantam.ch\\\/fr\\\/produit\\\/store-mural-thule-omnistor-5102\\\/#primaryimage\"},\"thumbnailUrl\":\"https:\\\/\\\/shop.bantam.ch\\\/wp-content\\\/uploads\\\/2023\\\/03\\\/9909106-Mark_OMNISTOR_5102_2_60m_Fb_31_Mystic_Grey_anthrazit_inkl_Adapter_VW_T5_Multivan-Standard-01.jpg\",\"datePublished\":\"2023-03-29T10:28:59+00:00\",\"dateModified\":\"2026-04-18T22:23:46+00:00\",\"breadcrumb\":{\"@id\":\"https:\\\/\\\/shop.bantam.ch\\\/fr\\\/produit\\\/store-mural-thule-omnistor-5102\\\/#breadcrumb\"},\"inLanguage\":\"fr-FR\",\"potentialAction\":[{\"@type\":\"ReadAction\",\"target\":[\"https:\\\/\\\/shop.bantam.ch\\\/fr\\\/produit\\\/store-mural-thule-omnistor-5102\\\/\"]}]},{\"@type\":\"ImageObject\",\"inLanguage\":\"fr-FR\",\"@id\":\"https:\\\/\\\/shop.bantam.ch\\\/fr\\\/produit\\\/store-mural-thule-omnistor-5102\\\/#primaryimage\",\"url\":\"https:\\\/\\\/shop.bantam.ch\\\/wp-content\\\/uploads\\\/2023\\\/03\\\/9909106-Mark_OMNISTOR_5102_2_60m_Fb_31_Mystic_Grey_anthrazit_inkl_Adapter_VW_T5_Multivan-Standard-01.jpg\",\"contentUrl\":\"https:\\\/\\\/shop.bantam.ch\\\/wp-content\\\/uploads\\\/2023\\\/03\\\/9909106-Mark_OMNISTOR_5102_2_60m_Fb_31_Mystic_Grey_anthrazit_inkl_Adapter_VW_T5_Multivan-Standard-01.jpg\",\"width\":1000,\"height\":749},{\"@type\":\"BreadcrumbList\",\"@id\":\"https:\\\/\\\/shop.bantam.ch\\\/fr\\\/produit\\\/store-mural-thule-omnistor-5102\\\/#breadcrumb\",\"itemListElement\":[{\"@type\":\"ListItem\",\"position\":1,\"name\":\"Accueil\",\"item\":\"https:\\\/\\\/shop.bantam.ch\\\/fr\\\/\"},{\"@type\":\"ListItem\",\"position\":2,\"name\":\"Boutique\",\"item\":\"https:\\\/\\\/shop.bantam.ch\\\/fr\\\/boutique\\\/\"},{\"@type\":\"ListItem\",\"position\":3,\"name\":\"Store mural Thule Omnistor 5102\"}]},{\"@type\":\"WebSite\",\"@id\":\"https:\\\/\\\/shop.bantam.ch\\\/fr\\\/#website\",\"url\":\"https:\\\/\\\/shop.bantam.ch\\\/fr\\\/\",\"name\":\"Bantam Wankm\u00fcller SA\",\"description\":\"\",\"publisher\":{\"@id\":\"https:\\\/\\\/shop.bantam.ch\\\/fr\\\/#organization\"},\"inLanguage\":\"fr-FR\"},{\"@type\":\"Organization\",\"@id\":\"https:\\\/\\\/shop.bantam.ch\\\/fr\\\/#organization\",\"name\":\"Bantam Wankm\u00fcller SA\",\"url\":\"https:\\\/\\\/shop.bantam.ch\\\/fr\\\/\",\"logo\":{\"@type\":\"ImageObject\",\"inLanguage\":\"fr-FR\",\"@id\":\"https:\\\/\\\/shop.bantam.ch\\\/fr\\\/#\\\/schema\\\/logo\\\/image\\\/\",\"url\":\"https:\\\/\\\/shop.bantam.ch\\\/wp-content\\\/uploads\\\/2022\\\/12\\\/bantam-logo.png\",\"contentUrl\":\"https:\\\/\\\/shop.bantam.ch\\\/wp-content\\\/uploads\\\/2022\\\/12\\\/bantam-logo.png\",\"width\":320,\"height\":71,\"caption\":\"Bantam Wankm\u00fcller SA\"},\"image\":{\"@id\":\"https:\\\/\\\/shop.bantam.ch\\\/fr\\\/#\\\/schema\\\/logo\\\/image\\\/\"}}]}<\/script>\n<!-- \/ Yoast SEO plugin. -->","yoast_head_json":{"title":"Store mural Thule Omnistor 5102 - Bantam Wankm\u00fcller SA","robots":{"index":"index","follow":"follow","max-snippet":"max-snippet:-1","max-image-preview":"max-image-preview:large","max-video-preview":"max-video-preview:-1"},"canonical":"https:\/\/shop.bantam.ch\/fr\/produit\/store-mural-thule-omnistor-5102\/","og_locale":"fr_FR","og_type":"article","og_title":"Store mural Thule Omnistor 5102 - Bantam Wankm\u00fcller SA","og_description":"Store mural sp\u00e9cialement con\u00e7u pour VW T5 (Multivan\/Transporter). Gr\u00e2ce \u00e0 son syst\u00e8me d\u2019embo\u00eetement rapide, le store peut \u00eatre mont\u00e9 et d\u00e9mont\u00e9 en quelques instants. Le montage est effectu\u00e9 sur la glissi\u00e8re de toit noire d\u2019origine \u00e0 l\u2019aide d\u2019un adaptateur sp\u00e9cial inclus dans la livraison.Incompatible avec les v\u00e9hicules \u00e0 toit haut ou avec lit de toit. [&hellip;]","og_url":"https:\/\/shop.bantam.ch\/fr\/produit\/store-mural-thule-omnistor-5102\/","og_site_name":"Bantam Wankm\u00fcller SA","article_modified_time":"2026-04-18T22:23:46+00:00","og_image":[{"width":1000,"height":749,"url":"https:\/\/shop.bantam.ch\/wp-content\/uploads\/2023\/03\/9909106-Mark_OMNISTOR_5102_2_60m_Fb_31_Mystic_Grey_anthrazit_inkl_Adapter_VW_T5_Multivan-Standard-01.jpg","type":"image\/jpeg"}],"twitter_card":"summary_large_image","schema":{"@context":"https:\/\/schema.org","@graph":[{"@type":"WebPage","@id":"https:\/\/shop.bantam.ch\/fr\/produit\/store-mural-thule-omnistor-5102\/","url":"https:\/\/shop.bantam.ch\/fr\/produit\/store-mural-thule-omnistor-5102\/","name":"Store mural Thule Omnistor 5102 - Bantam Wankm\u00fcller SA","isPartOf":{"@id":"https:\/\/shop.bantam.ch\/fr\/#website"},"primaryImageOfPage":{"@id":"https:\/\/shop.bantam.ch\/fr\/produit\/store-mural-thule-omnistor-5102\/#primaryimage"},"image":{"@id":"https:\/\/shop.bantam.ch\/fr\/produit\/store-mural-thule-omnistor-5102\/#primaryimage"},"thumbnailUrl":"https:\/\/shop.bantam.ch\/wp-content\/uploads\/2023\/03\/9909106-Mark_OMNISTOR_5102_2_60m_Fb_31_Mystic_Grey_anthrazit_inkl_Adapter_VW_T5_Multivan-Standard-01.jpg","datePublished":"2023-03-29T10:28:59+00:00","dateModified":"2026-04-18T22:23:46+00:00","breadcrumb":{"@id":"https:\/\/shop.bantam.ch\/fr\/produit\/store-mural-thule-omnistor-5102\/#breadcrumb"},"inLanguage":"fr-FR","potentialAction":[{"@type":"ReadAction","target":["https:\/\/shop.bantam.ch\/fr\/produit\/store-mural-thule-omnistor-5102\/"]}]},{"@type":"ImageObject","inLanguage":"fr-FR","@id":"https:\/\/shop.bantam.ch\/fr\/produit\/store-mural-thule-omnistor-5102\/#primaryimage","url":"https:\/\/shop.bantam.ch\/wp-content\/uploads\/2023\/03\/9909106-Mark_OMNISTOR_5102_2_60m_Fb_31_Mystic_Grey_anthrazit_inkl_Adapter_VW_T5_Multivan-Standard-01.jpg","contentUrl":"https:\/\/shop.bantam.ch\/wp-content\/uploads\/2023\/03\/9909106-Mark_OMNISTOR_5102_2_60m_Fb_31_Mystic_Grey_anthrazit_inkl_Adapter_VW_T5_Multivan-Standard-01.jpg","width":1000,"height":749},{"@type":"BreadcrumbList","@id":"https:\/\/shop.bantam.ch\/fr\/produit\/store-mural-thule-omnistor-5102\/#breadcrumb","itemListElement":[{"@type":"ListItem","position":1,"name":"Accueil","item":"https:\/\/shop.bantam.ch\/fr\/"},{"@type":"ListItem","position":2,"name":"Boutique","item":"https:\/\/shop.bantam.ch\/fr\/boutique\/"},{"@type":"ListItem","position":3,"name":"Store mural Thule Omnistor 5102"}]},{"@type":"WebSite","@id":"https:\/\/shop.bantam.ch\/fr\/#website","url":"https:\/\/shop.bantam.ch\/fr\/","name":"Bantam Wankm\u00fcller SA","description":"","publisher":{"@id":"https:\/\/shop.bantam.ch\/fr\/#organization"},"inLanguage":"fr-FR"},{"@type":"Organization","@id":"https:\/\/shop.bantam.ch\/fr\/#organization","name":"Bantam Wankm\u00fcller SA","url":"https:\/\/shop.bantam.ch\/fr\/","logo":{"@type":"ImageObject","inLanguage":"fr-FR","@id":"https:\/\/shop.bantam.ch\/fr\/#\/schema\/logo\/image\/","url":"https:\/\/shop.bantam.ch\/wp-content\/uploads\/2022\/12\/bantam-logo.png","contentUrl":"https:\/\/shop.bantam.ch\/wp-content\/uploads\/2022\/12\/bantam-logo.png","width":320,"height":71,"caption":"Bantam Wankm\u00fcller SA"},"image":{"@id":"https:\/\/shop.bantam.ch\/fr\/#\/schema\/logo\/image\/"}}]}},"_links":{"self":[{"href":"https:\/\/shop.bantam.ch\/fr\/wp-json\/wp\/v2\/product\/166256","targetHints":{"allow":["GET"]}}],"collection":[{"href":"https:\/\/shop.bantam.ch\/fr\/wp-json\/wp\/v2\/product"}],"about":[{"href":"https:\/\/shop.bantam.ch\/fr\/wp-json\/wp\/v2\/types\/product"}],"wp:featuredmedia":[{"embeddable":true,"href":"https:\/\/shop.bantam.ch\/fr\/wp-json\/wp\/v2\/media\/166252"}],"wp:attachment":[{"href":"https:\/\/shop.bantam.ch\/fr\/wp-json\/wp\/v2\/media?parent=166256"}],"wp:term":[{"taxonomy":"product_featured_cat","embeddable":true,"href":"https:\/\/shop.bantam.ch\/fr\/wp-json\/wp\/v2\/product_featured_cat?post=166256"},{"taxonomy":"product_brand","embeddable":true,"href":"https:\/\/shop.bantam.ch\/fr\/wp-json\/wp\/v2\/product_brand?post=166256"},{"taxonomy":"product_cat","embeddable":true,"href":"https:\/\/shop.bantam.ch\/fr\/wp-json\/wp\/v2\/product_cat?post=166256"},{"taxonomy":"product_tag","embeddable":true,"href":"https:\/\/shop.bantam.ch\/fr\/wp-json\/wp\/v2\/product_tag?post=166256"}],"curies":[{"name":"wp","href":"https:\/\/api.w.org\/{rel}","templated":true}]}}