{"id":165914,"date":"2023-03-29T12:20:16","date_gmt":"2023-03-29T10:20:16","guid":{"rendered":"https:\/\/shop.bantam.ch\/produit\/tapis-thermique-interieur\/"},"modified":"2026-04-19T00:21:08","modified_gmt":"2026-04-18T22:21:08","slug":"tapis-thermique-interieur","status":"publish","type":"product","link":"https:\/\/shop.bantam.ch\/fr\/produit\/tapis-thermique-interieur\/","title":{"rendered":"Tapis thermique int\u00e9rieur"},"content":{"rendered":"<p>Une protection id\u00e9ale contre la chaleur et le froid, mais aussi contre les regards indiscrets. Gr\u00e2ce au mat\u00e9riau isolant multicouche, vous profitez d\u2019une excellente isolation thermique en hiver. Le rev\u00eatement externe argent\u00e9 assure un taux de r\u00e9flexion \u00e9lev\u00e9 des rayons de soleil et \u00e9vite une chaleur excessive dans le v\u00e9hicule. Fixation \u00e0 l\u2019aide des ventouses fournies. Compatible avec les v\u00e9hicules \u00e9quip\u00e9s de la cabine conducteur d\u2019origine.<br \/>VW T6 et T6.1\u00a0<\/p>\n","protected":false},"excerpt":{"rendered":"<p>Une protection id\u00e9ale contre la chaleur et le froid, mais aussi contre les regards indiscrets. Gr\u00e2ce au mat\u00e9riau isolant multicouche, vous profitez d\u2019une excellente isolation thermique en hiver. Le rev\u00eatement externe argent\u00e9 assure un taux de r\u00e9flexion \u00e9lev\u00e9 des rayons de soleil et \u00e9vite une chaleur excessive dans le v\u00e9hicule. Fixation \u00e0 l\u2019aide des ventouses [&hellip;]<\/p>\n","protected":false},"featured_media":165906,"template":"","meta":{"_acf_changed":false},"product_featured_cat":[],"product_brand":[3030],"product_cat":[4641],"product_tag":[],"class_list":{"0":"post-165914","1":"product","2":"type-product","3":"status-publish","4":"has-post-thumbnail","6":"product_brand-tecon-covercraft","7":"product_cat-matelas-et-rideaux-thermiques","9":"first","10":"instock","11":"taxable","12":"shipping-taxable","13":"purchasable","14":"product-type-variable"},"acf":[],"yoast_head":"<!-- This site is optimized with the Yoast SEO plugin v27.4 - https:\/\/yoast.com\/product\/yoast-seo-wordpress\/ -->\n<title>Tapis thermique int\u00e9rieur - Bantam Wankm\u00fcller SA<\/title>\n<meta name=\"robots\" content=\"index, follow, max-snippet:-1, max-image-preview:large, max-video-preview:-1\" \/>\n<link rel=\"canonical\" href=\"https:\/\/shop.bantam.ch\/fr\/produit\/tapis-thermique-interieur\/\" \/>\n<meta property=\"og:locale\" content=\"fr_FR\" \/>\n<meta property=\"og:type\" content=\"article\" \/>\n<meta property=\"og:title\" content=\"Tapis thermique int\u00e9rieur - Bantam Wankm\u00fcller SA\" \/>\n<meta property=\"og:description\" content=\"Une protection id\u00e9ale contre la chaleur et le froid, mais aussi contre les regards indiscrets. Gr\u00e2ce au mat\u00e9riau isolant multicouche, vous profitez d\u2019une excellente isolation thermique en hiver. Le rev\u00eatement externe argent\u00e9 assure un taux de r\u00e9flexion \u00e9lev\u00e9 des rayons de soleil et \u00e9vite une chaleur excessive dans le v\u00e9hicule. Fixation \u00e0 l\u2019aide des ventouses [&hellip;]\" \/>\n<meta property=\"og:url\" content=\"https:\/\/shop.bantam.ch\/fr\/produit\/tapis-thermique-interieur\/\" \/>\n<meta property=\"og:site_name\" content=\"Bantam Wankm\u00fcller SA\" \/>\n<meta property=\"article:modified_time\" content=\"2026-04-18T22:21:08+00:00\" \/>\n<meta property=\"og:image\" content=\"https:\/\/shop.bantam.ch\/wp-content\/uploads\/2023\/03\/9967848-Thermoinnenvorhang_8-lagig_Iveco_ab_2008-Standard-01-91.jpg\" \/>\n\t<meta property=\"og:image:width\" content=\"1000\" \/>\n\t<meta property=\"og:image:height\" content=\"431\" \/>\n\t<meta property=\"og:image:type\" content=\"image\/jpeg\" \/>\n<meta name=\"twitter:card\" content=\"summary_large_image\" \/>\n<script type=\"application\/ld+json\" class=\"yoast-schema-graph\">{\"@context\":\"https:\\\/\\\/schema.org\",\"@graph\":[{\"@type\":\"WebPage\",\"@id\":\"https:\\\/\\\/shop.bantam.ch\\\/fr\\\/produit\\\/tapis-thermique-interieur\\\/\",\"url\":\"https:\\\/\\\/shop.bantam.ch\\\/fr\\\/produit\\\/tapis-thermique-interieur\\\/\",\"name\":\"Tapis thermique int\u00e9rieur - Bantam Wankm\u00fcller SA\",\"isPartOf\":{\"@id\":\"https:\\\/\\\/shop.bantam.ch\\\/fr\\\/#website\"},\"primaryImageOfPage\":{\"@id\":\"https:\\\/\\\/shop.bantam.ch\\\/fr\\\/produit\\\/tapis-thermique-interieur\\\/#primaryimage\"},\"image\":{\"@id\":\"https:\\\/\\\/shop.bantam.ch\\\/fr\\\/produit\\\/tapis-thermique-interieur\\\/#primaryimage\"},\"thumbnailUrl\":\"https:\\\/\\\/shop.bantam.ch\\\/wp-content\\\/uploads\\\/2023\\\/03\\\/9967848-Thermoinnenvorhang_8-lagig_Iveco_ab_2008-Standard-01-91.jpg\",\"datePublished\":\"2023-03-29T10:20:16+00:00\",\"dateModified\":\"2026-04-18T22:21:08+00:00\",\"breadcrumb\":{\"@id\":\"https:\\\/\\\/shop.bantam.ch\\\/fr\\\/produit\\\/tapis-thermique-interieur\\\/#breadcrumb\"},\"inLanguage\":\"fr-FR\",\"potentialAction\":[{\"@type\":\"ReadAction\",\"target\":[\"https:\\\/\\\/shop.bantam.ch\\\/fr\\\/produit\\\/tapis-thermique-interieur\\\/\"]}]},{\"@type\":\"ImageObject\",\"inLanguage\":\"fr-FR\",\"@id\":\"https:\\\/\\\/shop.bantam.ch\\\/fr\\\/produit\\\/tapis-thermique-interieur\\\/#primaryimage\",\"url\":\"https:\\\/\\\/shop.bantam.ch\\\/wp-content\\\/uploads\\\/2023\\\/03\\\/9967848-Thermoinnenvorhang_8-lagig_Iveco_ab_2008-Standard-01-91.jpg\",\"contentUrl\":\"https:\\\/\\\/shop.bantam.ch\\\/wp-content\\\/uploads\\\/2023\\\/03\\\/9967848-Thermoinnenvorhang_8-lagig_Iveco_ab_2008-Standard-01-91.jpg\",\"width\":1000,\"height\":431},{\"@type\":\"BreadcrumbList\",\"@id\":\"https:\\\/\\\/shop.bantam.ch\\\/fr\\\/produit\\\/tapis-thermique-interieur\\\/#breadcrumb\",\"itemListElement\":[{\"@type\":\"ListItem\",\"position\":1,\"name\":\"Accueil\",\"item\":\"https:\\\/\\\/shop.bantam.ch\\\/fr\\\/\"},{\"@type\":\"ListItem\",\"position\":2,\"name\":\"Boutique\",\"item\":\"https:\\\/\\\/shop.bantam.ch\\\/fr\\\/boutique\\\/\"},{\"@type\":\"ListItem\",\"position\":3,\"name\":\"Tapis thermique int\u00e9rieur\"}]},{\"@type\":\"WebSite\",\"@id\":\"https:\\\/\\\/shop.bantam.ch\\\/fr\\\/#website\",\"url\":\"https:\\\/\\\/shop.bantam.ch\\\/fr\\\/\",\"name\":\"Bantam Wankm\u00fcller SA\",\"description\":\"\",\"publisher\":{\"@id\":\"https:\\\/\\\/shop.bantam.ch\\\/fr\\\/#organization\"},\"inLanguage\":\"fr-FR\"},{\"@type\":\"Organization\",\"@id\":\"https:\\\/\\\/shop.bantam.ch\\\/fr\\\/#organization\",\"name\":\"Bantam Wankm\u00fcller SA\",\"url\":\"https:\\\/\\\/shop.bantam.ch\\\/fr\\\/\",\"logo\":{\"@type\":\"ImageObject\",\"inLanguage\":\"fr-FR\",\"@id\":\"https:\\\/\\\/shop.bantam.ch\\\/fr\\\/#\\\/schema\\\/logo\\\/image\\\/\",\"url\":\"https:\\\/\\\/shop.bantam.ch\\\/wp-content\\\/uploads\\\/2022\\\/12\\\/bantam-logo.png\",\"contentUrl\":\"https:\\\/\\\/shop.bantam.ch\\\/wp-content\\\/uploads\\\/2022\\\/12\\\/bantam-logo.png\",\"width\":320,\"height\":71,\"caption\":\"Bantam Wankm\u00fcller SA\"},\"image\":{\"@id\":\"https:\\\/\\\/shop.bantam.ch\\\/fr\\\/#\\\/schema\\\/logo\\\/image\\\/\"}}]}<\/script>\n<!-- \/ Yoast SEO plugin. -->","yoast_head_json":{"title":"Tapis thermique int\u00e9rieur - Bantam Wankm\u00fcller SA","robots":{"index":"index","follow":"follow","max-snippet":"max-snippet:-1","max-image-preview":"max-image-preview:large","max-video-preview":"max-video-preview:-1"},"canonical":"https:\/\/shop.bantam.ch\/fr\/produit\/tapis-thermique-interieur\/","og_locale":"fr_FR","og_type":"article","og_title":"Tapis thermique int\u00e9rieur - Bantam Wankm\u00fcller SA","og_description":"Une protection id\u00e9ale contre la chaleur et le froid, mais aussi contre les regards indiscrets. Gr\u00e2ce au mat\u00e9riau isolant multicouche, vous profitez d\u2019une excellente isolation thermique en hiver. Le rev\u00eatement externe argent\u00e9 assure un taux de r\u00e9flexion \u00e9lev\u00e9 des rayons de soleil et \u00e9vite une chaleur excessive dans le v\u00e9hicule. Fixation \u00e0 l\u2019aide des ventouses [&hellip;]","og_url":"https:\/\/shop.bantam.ch\/fr\/produit\/tapis-thermique-interieur\/","og_site_name":"Bantam Wankm\u00fcller SA","article_modified_time":"2026-04-18T22:21:08+00:00","og_image":[{"width":1000,"height":431,"url":"https:\/\/shop.bantam.ch\/wp-content\/uploads\/2023\/03\/9967848-Thermoinnenvorhang_8-lagig_Iveco_ab_2008-Standard-01-91.jpg","type":"image\/jpeg"}],"twitter_card":"summary_large_image","schema":{"@context":"https:\/\/schema.org","@graph":[{"@type":"WebPage","@id":"https:\/\/shop.bantam.ch\/fr\/produit\/tapis-thermique-interieur\/","url":"https:\/\/shop.bantam.ch\/fr\/produit\/tapis-thermique-interieur\/","name":"Tapis thermique int\u00e9rieur - Bantam Wankm\u00fcller SA","isPartOf":{"@id":"https:\/\/shop.bantam.ch\/fr\/#website"},"primaryImageOfPage":{"@id":"https:\/\/shop.bantam.ch\/fr\/produit\/tapis-thermique-interieur\/#primaryimage"},"image":{"@id":"https:\/\/shop.bantam.ch\/fr\/produit\/tapis-thermique-interieur\/#primaryimage"},"thumbnailUrl":"https:\/\/shop.bantam.ch\/wp-content\/uploads\/2023\/03\/9967848-Thermoinnenvorhang_8-lagig_Iveco_ab_2008-Standard-01-91.jpg","datePublished":"2023-03-29T10:20:16+00:00","dateModified":"2026-04-18T22:21:08+00:00","breadcrumb":{"@id":"https:\/\/shop.bantam.ch\/fr\/produit\/tapis-thermique-interieur\/#breadcrumb"},"inLanguage":"fr-FR","potentialAction":[{"@type":"ReadAction","target":["https:\/\/shop.bantam.ch\/fr\/produit\/tapis-thermique-interieur\/"]}]},{"@type":"ImageObject","inLanguage":"fr-FR","@id":"https:\/\/shop.bantam.ch\/fr\/produit\/tapis-thermique-interieur\/#primaryimage","url":"https:\/\/shop.bantam.ch\/wp-content\/uploads\/2023\/03\/9967848-Thermoinnenvorhang_8-lagig_Iveco_ab_2008-Standard-01-91.jpg","contentUrl":"https:\/\/shop.bantam.ch\/wp-content\/uploads\/2023\/03\/9967848-Thermoinnenvorhang_8-lagig_Iveco_ab_2008-Standard-01-91.jpg","width":1000,"height":431},{"@type":"BreadcrumbList","@id":"https:\/\/shop.bantam.ch\/fr\/produit\/tapis-thermique-interieur\/#breadcrumb","itemListElement":[{"@type":"ListItem","position":1,"name":"Accueil","item":"https:\/\/shop.bantam.ch\/fr\/"},{"@type":"ListItem","position":2,"name":"Boutique","item":"https:\/\/shop.bantam.ch\/fr\/boutique\/"},{"@type":"ListItem","position":3,"name":"Tapis thermique int\u00e9rieur"}]},{"@type":"WebSite","@id":"https:\/\/shop.bantam.ch\/fr\/#website","url":"https:\/\/shop.bantam.ch\/fr\/","name":"Bantam Wankm\u00fcller SA","description":"","publisher":{"@id":"https:\/\/shop.bantam.ch\/fr\/#organization"},"inLanguage":"fr-FR"},{"@type":"Organization","@id":"https:\/\/shop.bantam.ch\/fr\/#organization","name":"Bantam Wankm\u00fcller SA","url":"https:\/\/shop.bantam.ch\/fr\/","logo":{"@type":"ImageObject","inLanguage":"fr-FR","@id":"https:\/\/shop.bantam.ch\/fr\/#\/schema\/logo\/image\/","url":"https:\/\/shop.bantam.ch\/wp-content\/uploads\/2022\/12\/bantam-logo.png","contentUrl":"https:\/\/shop.bantam.ch\/wp-content\/uploads\/2022\/12\/bantam-logo.png","width":320,"height":71,"caption":"Bantam Wankm\u00fcller SA"},"image":{"@id":"https:\/\/shop.bantam.ch\/fr\/#\/schema\/logo\/image\/"}}]}},"_links":{"self":[{"href":"https:\/\/shop.bantam.ch\/fr\/wp-json\/wp\/v2\/product\/165914","targetHints":{"allow":["GET"]}}],"collection":[{"href":"https:\/\/shop.bantam.ch\/fr\/wp-json\/wp\/v2\/product"}],"about":[{"href":"https:\/\/shop.bantam.ch\/fr\/wp-json\/wp\/v2\/types\/product"}],"wp:featuredmedia":[{"embeddable":true,"href":"https:\/\/shop.bantam.ch\/fr\/wp-json\/wp\/v2\/media\/165906"}],"wp:attachment":[{"href":"https:\/\/shop.bantam.ch\/fr\/wp-json\/wp\/v2\/media?parent=165914"}],"wp:term":[{"taxonomy":"product_featured_cat","embeddable":true,"href":"https:\/\/shop.bantam.ch\/fr\/wp-json\/wp\/v2\/product_featured_cat?post=165914"},{"taxonomy":"product_brand","embeddable":true,"href":"https:\/\/shop.bantam.ch\/fr\/wp-json\/wp\/v2\/product_brand?post=165914"},{"taxonomy":"product_cat","embeddable":true,"href":"https:\/\/shop.bantam.ch\/fr\/wp-json\/wp\/v2\/product_cat?post=165914"},{"taxonomy":"product_tag","embeddable":true,"href":"https:\/\/shop.bantam.ch\/fr\/wp-json\/wp\/v2\/product_tag?post=165914"}],"curies":[{"name":"wp","href":"https:\/\/api.w.org\/{rel}","templated":true}]}}