{"id":165772,"date":"2023-03-29T12:16:42","date_gmt":"2023-03-29T10:16:42","guid":{"rendered":"https:\/\/shop.bantam.ch\/produit\/ordinateur-de-batterie-mt-4000iq\/"},"modified":"2026-05-02T00:11:04","modified_gmt":"2026-05-01T22:11:04","slug":"ordinateur-de-batterie-mt-4000iq","status":"publish","type":"product","link":"https:\/\/shop.bantam.ch\/fr\/produit\/ordinateur-de-batterie-mt-4000iq\/","title":{"rendered":"Ordinateur de batterie MT 4000iQ"},"content":{"rendered":"<p>Avec le programme MT d\u2019affichage et d\u2019interrupteur de B\u00fcttner Elektronik, vous pourrez composer votre centrale de commande personnalis\u00e9e. Tous les appareils de mesure sont con\u00e7us comme des appareils int\u00e9gr\u00e9s (gabarit de montage fourni), sont \u00e9clair\u00e9s et sont compatibles avec le programme d\u2019interrupteurs et de fusibles.  Tous les \u00e9crans sont \u00ab Made in Germany \u00bb et ont \u00e9t\u00e9 sp\u00e9cialement d\u00e9velopp\u00e9s pour \u00eatre utilis\u00e9s dans les v\u00e9hicules de loisirs.  Ainsi, le thermom\u00e8tre LCD n\u2019indique pas seulement la temp\u00e9rature ext\u00e9rieure, il enregistre \u00e9galement la valeur la plus basse. C\u2019est important pour tous ceux qui sont en d\u00e9placement m\u00eame en automne. L\u2019ordinateur de batterie n\u2019affiche pas seulement combien d\u2019Ah la batterie embarqu\u00e9e contient encore, mais \u00e9galement combien de temps les consommateurs connect\u00e9s peuvent encore fonctionner.<\/p>\n<p>Mesure :<\/p>\n<ul>\n<li>Tension (de d\u00e9marrage \/ embarqu\u00e9e)<\/li>\n<li>Le courant de charge\/d\u00e9charge<\/li>\n<li>La capacit\u00e9 de la batterie en Ah et l\u2019affichage en % de la capacit\u00e9 restante <\/li>\n<li>Temp\u00e9rature int\u00e9rieure \/ ext\u00e9rieure (m\u00e9moire min\/max)<\/li>\n<li>L\u2019heure et la date<\/li>\n<\/ul>\n<p>Contenu de la livraison :<br \/>Livraison avec shunt de mesure<\/p>\n","protected":false},"excerpt":{"rendered":"<p>Avec le programme MT d\u2019affichage et d\u2019interrupteur de B\u00fcttner Elektronik, vous pourrez composer votre centrale de commande personnalis\u00e9e. Tous les appareils de mesure sont con\u00e7us comme des appareils int\u00e9gr\u00e9s (gabarit de montage fourni), sont \u00e9clair\u00e9s et sont compatibles avec le programme d\u2019interrupteurs et de fusibles. Tous les \u00e9crans sont \u00ab Made in Germany \u00bb et [&hellip;]<\/p>\n","protected":false},"featured_media":165766,"template":"","meta":{"_acf_changed":false},"product_featured_cat":[],"product_brand":[3068],"product_cat":[4191],"product_tag":[],"class_list":{"0":"post-165772","1":"product","2":"type-product","3":"status-publish","4":"has-post-thumbnail","6":"product_brand-buttner-elektronik","7":"product_cat-panneaux-daffichage","9":"first","10":"instock","11":"taxable","12":"shipping-taxable","13":"purchasable","14":"product-type-variable"},"acf":[],"yoast_head":"<!-- This site is optimized with the Yoast SEO plugin v27.5 - https:\/\/yoast.com\/product\/yoast-seo-wordpress\/ -->\n<title>Ordinateur de batterie MT 4000iQ - Bantam<\/title>\n<meta name=\"robots\" content=\"index, follow, max-snippet:-1, max-image-preview:large, max-video-preview:-1\" \/>\n<link rel=\"canonical\" href=\"https:\/\/shop.bantam.ch\/fr\/produit\/ordinateur-de-batterie-mt-4000iq\/\" \/>\n<meta property=\"og:locale\" content=\"fr_FR\" \/>\n<meta property=\"og:type\" content=\"article\" \/>\n<meta property=\"og:title\" content=\"Ordinateur de batterie MT 4000iQ - Bantam\" \/>\n<meta property=\"og:description\" content=\"Avec le programme MT d\u2019affichage et d\u2019interrupteur de B\u00fcttner Elektronik, vous pourrez composer votre centrale de commande personnalis\u00e9e. Tous les appareils de mesure sont con\u00e7us comme des appareils int\u00e9gr\u00e9s (gabarit de montage fourni), sont \u00e9clair\u00e9s et sont compatibles avec le programme d\u2019interrupteurs et de fusibles. Tous les \u00e9crans sont \u00ab Made in Germany \u00bb et [&hellip;]\" \/>\n<meta property=\"og:url\" content=\"https:\/\/shop.bantam.ch\/fr\/produit\/ordinateur-de-batterie-mt-4000iq\/\" \/>\n<meta property=\"og:site_name\" content=\"Bantam\" \/>\n<meta property=\"article:modified_time\" content=\"2026-05-01T22:11:04+00:00\" \/>\n<meta property=\"og:image\" content=\"https:\/\/shop.bantam.ch\/wp-content\/uploads\/2023\/03\/9952411-MT_IQ_Batterie-Computer_MT_4000_100_Ah_MT71262-Standard-01.jpg\" \/>\n\t<meta property=\"og:image:width\" content=\"940\" \/>\n\t<meta property=\"og:image:height\" content=\"1000\" \/>\n\t<meta property=\"og:image:type\" content=\"image\/jpeg\" \/>\n<meta name=\"twitter:card\" content=\"summary_large_image\" \/>\n<meta name=\"twitter:label1\" content=\"Dur\u00e9e de lecture estim\u00e9e\" \/>\n\t<meta name=\"twitter:data1\" content=\"1 minute\" \/>\n<script type=\"application\/ld+json\" class=\"yoast-schema-graph\">{\"@context\":\"https:\\\/\\\/schema.org\",\"@graph\":[{\"@type\":\"WebPage\",\"@id\":\"https:\\\/\\\/shop.bantam.ch\\\/fr\\\/produit\\\/ordinateur-de-batterie-mt-4000iq\\\/\",\"url\":\"https:\\\/\\\/shop.bantam.ch\\\/fr\\\/produit\\\/ordinateur-de-batterie-mt-4000iq\\\/\",\"name\":\"Ordinateur de batterie MT 4000iQ - Bantam\",\"isPartOf\":{\"@id\":\"https:\\\/\\\/shop.bantam.ch\\\/fr\\\/#website\"},\"primaryImageOfPage\":{\"@id\":\"https:\\\/\\\/shop.bantam.ch\\\/fr\\\/produit\\\/ordinateur-de-batterie-mt-4000iq\\\/#primaryimage\"},\"image\":{\"@id\":\"https:\\\/\\\/shop.bantam.ch\\\/fr\\\/produit\\\/ordinateur-de-batterie-mt-4000iq\\\/#primaryimage\"},\"thumbnailUrl\":\"https:\\\/\\\/shop.bantam.ch\\\/wp-content\\\/uploads\\\/2023\\\/03\\\/9952411-MT_IQ_Batterie-Computer_MT_4000_100_Ah_MT71262-Standard-01.jpg\",\"datePublished\":\"2023-03-29T10:16:42+00:00\",\"dateModified\":\"2026-05-01T22:11:04+00:00\",\"breadcrumb\":{\"@id\":\"https:\\\/\\\/shop.bantam.ch\\\/fr\\\/produit\\\/ordinateur-de-batterie-mt-4000iq\\\/#breadcrumb\"},\"inLanguage\":\"fr-FR\",\"potentialAction\":[{\"@type\":\"ReadAction\",\"target\":[\"https:\\\/\\\/shop.bantam.ch\\\/fr\\\/produit\\\/ordinateur-de-batterie-mt-4000iq\\\/\"]}]},{\"@type\":\"ImageObject\",\"inLanguage\":\"fr-FR\",\"@id\":\"https:\\\/\\\/shop.bantam.ch\\\/fr\\\/produit\\\/ordinateur-de-batterie-mt-4000iq\\\/#primaryimage\",\"url\":\"https:\\\/\\\/shop.bantam.ch\\\/wp-content\\\/uploads\\\/2023\\\/03\\\/9952411-MT_IQ_Batterie-Computer_MT_4000_100_Ah_MT71262-Standard-01.jpg\",\"contentUrl\":\"https:\\\/\\\/shop.bantam.ch\\\/wp-content\\\/uploads\\\/2023\\\/03\\\/9952411-MT_IQ_Batterie-Computer_MT_4000_100_Ah_MT71262-Standard-01.jpg\",\"width\":940,\"height\":1000},{\"@type\":\"BreadcrumbList\",\"@id\":\"https:\\\/\\\/shop.bantam.ch\\\/fr\\\/produit\\\/ordinateur-de-batterie-mt-4000iq\\\/#breadcrumb\",\"itemListElement\":[{\"@type\":\"ListItem\",\"position\":1,\"name\":\"Accueil\",\"item\":\"https:\\\/\\\/shop.bantam.ch\\\/fr\\\/\"},{\"@type\":\"ListItem\",\"position\":2,\"name\":\"Boutique\",\"item\":\"https:\\\/\\\/shop.bantam.ch\\\/fr\\\/boutique\\\/\"},{\"@type\":\"ListItem\",\"position\":3,\"name\":\"Ordinateur de batterie MT 4000iQ\"}]},{\"@type\":\"WebSite\",\"@id\":\"https:\\\/\\\/shop.bantam.ch\\\/fr\\\/#website\",\"url\":\"https:\\\/\\\/shop.bantam.ch\\\/fr\\\/\",\"name\":\"Bantam\",\"description\":\"\",\"publisher\":{\"@id\":\"https:\\\/\\\/shop.bantam.ch\\\/fr\\\/#organization\"},\"inLanguage\":\"fr-FR\"},{\"@type\":\"Organization\",\"@id\":\"https:\\\/\\\/shop.bantam.ch\\\/fr\\\/#organization\",\"name\":\"Bantam\",\"url\":\"https:\\\/\\\/shop.bantam.ch\\\/fr\\\/\",\"logo\":{\"@type\":\"ImageObject\",\"inLanguage\":\"fr-FR\",\"@id\":\"https:\\\/\\\/shop.bantam.ch\\\/fr\\\/#\\\/schema\\\/logo\\\/image\\\/\",\"url\":\"https:\\\/\\\/shop.bantam.ch\\\/wp-content\\\/uploads\\\/2022\\\/12\\\/bantam-logo.png\",\"contentUrl\":\"https:\\\/\\\/shop.bantam.ch\\\/wp-content\\\/uploads\\\/2022\\\/12\\\/bantam-logo.png\",\"width\":320,\"height\":71,\"caption\":\"Bantam\"},\"image\":{\"@id\":\"https:\\\/\\\/shop.bantam.ch\\\/fr\\\/#\\\/schema\\\/logo\\\/image\\\/\"}}]}<\/script>\n<!-- \/ Yoast SEO plugin. -->","yoast_head_json":{"title":"Ordinateur de batterie MT 4000iQ - Bantam","robots":{"index":"index","follow":"follow","max-snippet":"max-snippet:-1","max-image-preview":"max-image-preview:large","max-video-preview":"max-video-preview:-1"},"canonical":"https:\/\/shop.bantam.ch\/fr\/produit\/ordinateur-de-batterie-mt-4000iq\/","og_locale":"fr_FR","og_type":"article","og_title":"Ordinateur de batterie MT 4000iQ - Bantam","og_description":"Avec le programme MT d\u2019affichage et d\u2019interrupteur de B\u00fcttner Elektronik, vous pourrez composer votre centrale de commande personnalis\u00e9e. Tous les appareils de mesure sont con\u00e7us comme des appareils int\u00e9gr\u00e9s (gabarit de montage fourni), sont \u00e9clair\u00e9s et sont compatibles avec le programme d\u2019interrupteurs et de fusibles. Tous les \u00e9crans sont \u00ab Made in Germany \u00bb et [&hellip;]","og_url":"https:\/\/shop.bantam.ch\/fr\/produit\/ordinateur-de-batterie-mt-4000iq\/","og_site_name":"Bantam","article_modified_time":"2026-05-01T22:11:04+00:00","og_image":[{"width":940,"height":1000,"url":"https:\/\/shop.bantam.ch\/wp-content\/uploads\/2023\/03\/9952411-MT_IQ_Batterie-Computer_MT_4000_100_Ah_MT71262-Standard-01.jpg","type":"image\/jpeg"}],"twitter_card":"summary_large_image","twitter_misc":{"Dur\u00e9e de lecture estim\u00e9e":"1 minute"},"schema":{"@context":"https:\/\/schema.org","@graph":[{"@type":"WebPage","@id":"https:\/\/shop.bantam.ch\/fr\/produit\/ordinateur-de-batterie-mt-4000iq\/","url":"https:\/\/shop.bantam.ch\/fr\/produit\/ordinateur-de-batterie-mt-4000iq\/","name":"Ordinateur de batterie MT 4000iQ - Bantam","isPartOf":{"@id":"https:\/\/shop.bantam.ch\/fr\/#website"},"primaryImageOfPage":{"@id":"https:\/\/shop.bantam.ch\/fr\/produit\/ordinateur-de-batterie-mt-4000iq\/#primaryimage"},"image":{"@id":"https:\/\/shop.bantam.ch\/fr\/produit\/ordinateur-de-batterie-mt-4000iq\/#primaryimage"},"thumbnailUrl":"https:\/\/shop.bantam.ch\/wp-content\/uploads\/2023\/03\/9952411-MT_IQ_Batterie-Computer_MT_4000_100_Ah_MT71262-Standard-01.jpg","datePublished":"2023-03-29T10:16:42+00:00","dateModified":"2026-05-01T22:11:04+00:00","breadcrumb":{"@id":"https:\/\/shop.bantam.ch\/fr\/produit\/ordinateur-de-batterie-mt-4000iq\/#breadcrumb"},"inLanguage":"fr-FR","potentialAction":[{"@type":"ReadAction","target":["https:\/\/shop.bantam.ch\/fr\/produit\/ordinateur-de-batterie-mt-4000iq\/"]}]},{"@type":"ImageObject","inLanguage":"fr-FR","@id":"https:\/\/shop.bantam.ch\/fr\/produit\/ordinateur-de-batterie-mt-4000iq\/#primaryimage","url":"https:\/\/shop.bantam.ch\/wp-content\/uploads\/2023\/03\/9952411-MT_IQ_Batterie-Computer_MT_4000_100_Ah_MT71262-Standard-01.jpg","contentUrl":"https:\/\/shop.bantam.ch\/wp-content\/uploads\/2023\/03\/9952411-MT_IQ_Batterie-Computer_MT_4000_100_Ah_MT71262-Standard-01.jpg","width":940,"height":1000},{"@type":"BreadcrumbList","@id":"https:\/\/shop.bantam.ch\/fr\/produit\/ordinateur-de-batterie-mt-4000iq\/#breadcrumb","itemListElement":[{"@type":"ListItem","position":1,"name":"Accueil","item":"https:\/\/shop.bantam.ch\/fr\/"},{"@type":"ListItem","position":2,"name":"Boutique","item":"https:\/\/shop.bantam.ch\/fr\/boutique\/"},{"@type":"ListItem","position":3,"name":"Ordinateur de batterie MT 4000iQ"}]},{"@type":"WebSite","@id":"https:\/\/shop.bantam.ch\/fr\/#website","url":"https:\/\/shop.bantam.ch\/fr\/","name":"Bantam","description":"","publisher":{"@id":"https:\/\/shop.bantam.ch\/fr\/#organization"},"inLanguage":"fr-FR"},{"@type":"Organization","@id":"https:\/\/shop.bantam.ch\/fr\/#organization","name":"Bantam","url":"https:\/\/shop.bantam.ch\/fr\/","logo":{"@type":"ImageObject","inLanguage":"fr-FR","@id":"https:\/\/shop.bantam.ch\/fr\/#\/schema\/logo\/image\/","url":"https:\/\/shop.bantam.ch\/wp-content\/uploads\/2022\/12\/bantam-logo.png","contentUrl":"https:\/\/shop.bantam.ch\/wp-content\/uploads\/2022\/12\/bantam-logo.png","width":320,"height":71,"caption":"Bantam"},"image":{"@id":"https:\/\/shop.bantam.ch\/fr\/#\/schema\/logo\/image\/"}}]}},"_links":{"self":[{"href":"https:\/\/shop.bantam.ch\/fr\/wp-json\/wp\/v2\/product\/165772","targetHints":{"allow":["GET"]}}],"collection":[{"href":"https:\/\/shop.bantam.ch\/fr\/wp-json\/wp\/v2\/product"}],"about":[{"href":"https:\/\/shop.bantam.ch\/fr\/wp-json\/wp\/v2\/types\/product"}],"wp:featuredmedia":[{"embeddable":true,"href":"https:\/\/shop.bantam.ch\/fr\/wp-json\/wp\/v2\/media\/165766"}],"wp:attachment":[{"href":"https:\/\/shop.bantam.ch\/fr\/wp-json\/wp\/v2\/media?parent=165772"}],"wp:term":[{"taxonomy":"product_featured_cat","embeddable":true,"href":"https:\/\/shop.bantam.ch\/fr\/wp-json\/wp\/v2\/product_featured_cat?post=165772"},{"taxonomy":"product_brand","embeddable":true,"href":"https:\/\/shop.bantam.ch\/fr\/wp-json\/wp\/v2\/product_brand?post=165772"},{"taxonomy":"product_cat","embeddable":true,"href":"https:\/\/shop.bantam.ch\/fr\/wp-json\/wp\/v2\/product_cat?post=165772"},{"taxonomy":"product_tag","embeddable":true,"href":"https:\/\/shop.bantam.ch\/fr\/wp-json\/wp\/v2\/product_tag?post=165772"}],"curies":[{"name":"wp","href":"https:\/\/api.w.org\/{rel}","templated":true}]}}