{"id":165656,"date":"2023-03-29T12:13:45","date_gmt":"2023-03-29T10:13:45","guid":{"rendered":"https:\/\/shop.bantam.ch\/produit\/mitigeur-mono-mix-ut\/"},"modified":"2026-04-18T00:14:27","modified_gmt":"2026-04-17T22:14:27","slug":"mitigeur-mono-mix-ut","status":"publish","type":"product","link":"https:\/\/shop.bantam.ch\/fr\/produit\/mitigeur-mono-mix-ut\/","title":{"rendered":"Mitigeur Mono-Mix UT"},"content":{"rendered":"<p>Mitigeur sous plan avec commande \u00e0 un seul bouton. Il suffit de le tourner pour allumer la pompe. L\u2019eau froide s\u2019\u00e9coule alors et se r\u00e9chauffe lorsque vous continuez \u00e0 le tourner. La position finale correspond \u00e0 la temp\u00e9rature maximale.<\/p>\n","protected":false},"excerpt":{"rendered":"<p>Mitigeur sous plan avec commande \u00e0 un seul bouton. Il suffit de le tourner pour allumer la pompe. L\u2019eau froide s\u2019\u00e9coule alors et se r\u00e9chauffe lorsque vous continuez \u00e0 le tourner. La position finale correspond \u00e0 la temp\u00e9rature maximale.<\/p>\n","protected":false},"featured_media":165654,"template":"","meta":{"_acf_changed":false},"product_featured_cat":[],"product_brand":[3112],"product_cat":[4573],"product_tag":[],"class_list":{"0":"post-165656","1":"product","2":"type-product","3":"status-publish","4":"has-post-thumbnail","6":"product_brand-reich","7":"product_cat-mitigeurs-et-robinets-deau-froide","9":"first","10":"instock","11":"taxable","12":"shipping-taxable","13":"purchasable","14":"product-type-variable"},"acf":[],"yoast_head":"<!-- This site is optimized with the Yoast SEO plugin v27.4 - https:\/\/yoast.com\/product\/yoast-seo-wordpress\/ -->\n<title>Mitigeur Mono-Mix UT - Bantam Wankm\u00fcller SA<\/title>\n<meta name=\"robots\" content=\"index, follow, max-snippet:-1, max-image-preview:large, max-video-preview:-1\" \/>\n<link rel=\"canonical\" href=\"https:\/\/shop.bantam.ch\/fr\/produit\/mitigeur-mono-mix-ut\/\" \/>\n<meta property=\"og:locale\" content=\"fr_FR\" \/>\n<meta property=\"og:type\" content=\"article\" \/>\n<meta property=\"og:title\" content=\"Mitigeur Mono-Mix UT - Bantam Wankm\u00fcller SA\" \/>\n<meta property=\"og:description\" content=\"Mitigeur sous plan avec commande \u00e0 un seul bouton. Il suffit de le tourner pour allumer la pompe. L\u2019eau froide s\u2019\u00e9coule alors et se r\u00e9chauffe lorsque vous continuez \u00e0 le tourner. La position finale correspond \u00e0 la temp\u00e9rature maximale.\" \/>\n<meta property=\"og:url\" content=\"https:\/\/shop.bantam.ch\/fr\/produit\/mitigeur-mono-mix-ut\/\" \/>\n<meta property=\"og:site_name\" content=\"Bantam Wankm\u00fcller SA\" \/>\n<meta property=\"article:modified_time\" content=\"2026-04-17T22:14:27+00:00\" \/>\n<meta property=\"og:image\" content=\"https:\/\/shop.bantam.ch\/wp-content\/uploads\/2023\/03\/997042011.png\" \/>\n\t<meta property=\"og:image:width\" content=\"1239\" \/>\n\t<meta property=\"og:image:height\" content=\"826\" \/>\n\t<meta property=\"og:image:type\" content=\"image\/png\" \/>\n<meta name=\"twitter:card\" content=\"summary_large_image\" \/>\n<script type=\"application\/ld+json\" class=\"yoast-schema-graph\">{\"@context\":\"https:\\\/\\\/schema.org\",\"@graph\":[{\"@type\":\"WebPage\",\"@id\":\"https:\\\/\\\/shop.bantam.ch\\\/fr\\\/produit\\\/mitigeur-mono-mix-ut\\\/\",\"url\":\"https:\\\/\\\/shop.bantam.ch\\\/fr\\\/produit\\\/mitigeur-mono-mix-ut\\\/\",\"name\":\"Mitigeur Mono-Mix UT - Bantam Wankm\u00fcller SA\",\"isPartOf\":{\"@id\":\"https:\\\/\\\/shop.bantam.ch\\\/fr\\\/#website\"},\"primaryImageOfPage\":{\"@id\":\"https:\\\/\\\/shop.bantam.ch\\\/fr\\\/produit\\\/mitigeur-mono-mix-ut\\\/#primaryimage\"},\"image\":{\"@id\":\"https:\\\/\\\/shop.bantam.ch\\\/fr\\\/produit\\\/mitigeur-mono-mix-ut\\\/#primaryimage\"},\"thumbnailUrl\":\"https:\\\/\\\/shop.bantam.ch\\\/wp-content\\\/uploads\\\/2023\\\/03\\\/997042011.png\",\"datePublished\":\"2023-03-29T10:13:45+00:00\",\"dateModified\":\"2026-04-17T22:14:27+00:00\",\"breadcrumb\":{\"@id\":\"https:\\\/\\\/shop.bantam.ch\\\/fr\\\/produit\\\/mitigeur-mono-mix-ut\\\/#breadcrumb\"},\"inLanguage\":\"fr-FR\",\"potentialAction\":[{\"@type\":\"ReadAction\",\"target\":[\"https:\\\/\\\/shop.bantam.ch\\\/fr\\\/produit\\\/mitigeur-mono-mix-ut\\\/\"]}]},{\"@type\":\"ImageObject\",\"inLanguage\":\"fr-FR\",\"@id\":\"https:\\\/\\\/shop.bantam.ch\\\/fr\\\/produit\\\/mitigeur-mono-mix-ut\\\/#primaryimage\",\"url\":\"https:\\\/\\\/shop.bantam.ch\\\/wp-content\\\/uploads\\\/2023\\\/03\\\/997042011.png\",\"contentUrl\":\"https:\\\/\\\/shop.bantam.ch\\\/wp-content\\\/uploads\\\/2023\\\/03\\\/997042011.png\",\"width\":1239,\"height\":826},{\"@type\":\"BreadcrumbList\",\"@id\":\"https:\\\/\\\/shop.bantam.ch\\\/fr\\\/produit\\\/mitigeur-mono-mix-ut\\\/#breadcrumb\",\"itemListElement\":[{\"@type\":\"ListItem\",\"position\":1,\"name\":\"Accueil\",\"item\":\"https:\\\/\\\/shop.bantam.ch\\\/fr\\\/\"},{\"@type\":\"ListItem\",\"position\":2,\"name\":\"Boutique\",\"item\":\"https:\\\/\\\/shop.bantam.ch\\\/fr\\\/boutique\\\/\"},{\"@type\":\"ListItem\",\"position\":3,\"name\":\"Mitigeur Mono-Mix UT\"}]},{\"@type\":\"WebSite\",\"@id\":\"https:\\\/\\\/shop.bantam.ch\\\/fr\\\/#website\",\"url\":\"https:\\\/\\\/shop.bantam.ch\\\/fr\\\/\",\"name\":\"Bantam Wankm\u00fcller SA\",\"description\":\"\",\"publisher\":{\"@id\":\"https:\\\/\\\/shop.bantam.ch\\\/fr\\\/#organization\"},\"inLanguage\":\"fr-FR\"},{\"@type\":\"Organization\",\"@id\":\"https:\\\/\\\/shop.bantam.ch\\\/fr\\\/#organization\",\"name\":\"Bantam Wankm\u00fcller SA\",\"url\":\"https:\\\/\\\/shop.bantam.ch\\\/fr\\\/\",\"logo\":{\"@type\":\"ImageObject\",\"inLanguage\":\"fr-FR\",\"@id\":\"https:\\\/\\\/shop.bantam.ch\\\/fr\\\/#\\\/schema\\\/logo\\\/image\\\/\",\"url\":\"https:\\\/\\\/shop.bantam.ch\\\/wp-content\\\/uploads\\\/2022\\\/12\\\/bantam-logo.png\",\"contentUrl\":\"https:\\\/\\\/shop.bantam.ch\\\/wp-content\\\/uploads\\\/2022\\\/12\\\/bantam-logo.png\",\"width\":320,\"height\":71,\"caption\":\"Bantam Wankm\u00fcller SA\"},\"image\":{\"@id\":\"https:\\\/\\\/shop.bantam.ch\\\/fr\\\/#\\\/schema\\\/logo\\\/image\\\/\"}}]}<\/script>\n<!-- \/ Yoast SEO plugin. -->","yoast_head_json":{"title":"Mitigeur Mono-Mix UT - Bantam Wankm\u00fcller SA","robots":{"index":"index","follow":"follow","max-snippet":"max-snippet:-1","max-image-preview":"max-image-preview:large","max-video-preview":"max-video-preview:-1"},"canonical":"https:\/\/shop.bantam.ch\/fr\/produit\/mitigeur-mono-mix-ut\/","og_locale":"fr_FR","og_type":"article","og_title":"Mitigeur Mono-Mix UT - Bantam Wankm\u00fcller SA","og_description":"Mitigeur sous plan avec commande \u00e0 un seul bouton. Il suffit de le tourner pour allumer la pompe. L\u2019eau froide s\u2019\u00e9coule alors et se r\u00e9chauffe lorsque vous continuez \u00e0 le tourner. La position finale correspond \u00e0 la temp\u00e9rature maximale.","og_url":"https:\/\/shop.bantam.ch\/fr\/produit\/mitigeur-mono-mix-ut\/","og_site_name":"Bantam Wankm\u00fcller SA","article_modified_time":"2026-04-17T22:14:27+00:00","og_image":[{"width":1239,"height":826,"url":"https:\/\/shop.bantam.ch\/wp-content\/uploads\/2023\/03\/997042011.png","type":"image\/png"}],"twitter_card":"summary_large_image","schema":{"@context":"https:\/\/schema.org","@graph":[{"@type":"WebPage","@id":"https:\/\/shop.bantam.ch\/fr\/produit\/mitigeur-mono-mix-ut\/","url":"https:\/\/shop.bantam.ch\/fr\/produit\/mitigeur-mono-mix-ut\/","name":"Mitigeur Mono-Mix UT - Bantam Wankm\u00fcller SA","isPartOf":{"@id":"https:\/\/shop.bantam.ch\/fr\/#website"},"primaryImageOfPage":{"@id":"https:\/\/shop.bantam.ch\/fr\/produit\/mitigeur-mono-mix-ut\/#primaryimage"},"image":{"@id":"https:\/\/shop.bantam.ch\/fr\/produit\/mitigeur-mono-mix-ut\/#primaryimage"},"thumbnailUrl":"https:\/\/shop.bantam.ch\/wp-content\/uploads\/2023\/03\/997042011.png","datePublished":"2023-03-29T10:13:45+00:00","dateModified":"2026-04-17T22:14:27+00:00","breadcrumb":{"@id":"https:\/\/shop.bantam.ch\/fr\/produit\/mitigeur-mono-mix-ut\/#breadcrumb"},"inLanguage":"fr-FR","potentialAction":[{"@type":"ReadAction","target":["https:\/\/shop.bantam.ch\/fr\/produit\/mitigeur-mono-mix-ut\/"]}]},{"@type":"ImageObject","inLanguage":"fr-FR","@id":"https:\/\/shop.bantam.ch\/fr\/produit\/mitigeur-mono-mix-ut\/#primaryimage","url":"https:\/\/shop.bantam.ch\/wp-content\/uploads\/2023\/03\/997042011.png","contentUrl":"https:\/\/shop.bantam.ch\/wp-content\/uploads\/2023\/03\/997042011.png","width":1239,"height":826},{"@type":"BreadcrumbList","@id":"https:\/\/shop.bantam.ch\/fr\/produit\/mitigeur-mono-mix-ut\/#breadcrumb","itemListElement":[{"@type":"ListItem","position":1,"name":"Accueil","item":"https:\/\/shop.bantam.ch\/fr\/"},{"@type":"ListItem","position":2,"name":"Boutique","item":"https:\/\/shop.bantam.ch\/fr\/boutique\/"},{"@type":"ListItem","position":3,"name":"Mitigeur Mono-Mix UT"}]},{"@type":"WebSite","@id":"https:\/\/shop.bantam.ch\/fr\/#website","url":"https:\/\/shop.bantam.ch\/fr\/","name":"Bantam Wankm\u00fcller SA","description":"","publisher":{"@id":"https:\/\/shop.bantam.ch\/fr\/#organization"},"inLanguage":"fr-FR"},{"@type":"Organization","@id":"https:\/\/shop.bantam.ch\/fr\/#organization","name":"Bantam Wankm\u00fcller SA","url":"https:\/\/shop.bantam.ch\/fr\/","logo":{"@type":"ImageObject","inLanguage":"fr-FR","@id":"https:\/\/shop.bantam.ch\/fr\/#\/schema\/logo\/image\/","url":"https:\/\/shop.bantam.ch\/wp-content\/uploads\/2022\/12\/bantam-logo.png","contentUrl":"https:\/\/shop.bantam.ch\/wp-content\/uploads\/2022\/12\/bantam-logo.png","width":320,"height":71,"caption":"Bantam Wankm\u00fcller SA"},"image":{"@id":"https:\/\/shop.bantam.ch\/fr\/#\/schema\/logo\/image\/"}}]}},"_links":{"self":[{"href":"https:\/\/shop.bantam.ch\/fr\/wp-json\/wp\/v2\/product\/165656","targetHints":{"allow":["GET"]}}],"collection":[{"href":"https:\/\/shop.bantam.ch\/fr\/wp-json\/wp\/v2\/product"}],"about":[{"href":"https:\/\/shop.bantam.ch\/fr\/wp-json\/wp\/v2\/types\/product"}],"wp:featuredmedia":[{"embeddable":true,"href":"https:\/\/shop.bantam.ch\/fr\/wp-json\/wp\/v2\/media\/165654"}],"wp:attachment":[{"href":"https:\/\/shop.bantam.ch\/fr\/wp-json\/wp\/v2\/media?parent=165656"}],"wp:term":[{"taxonomy":"product_featured_cat","embeddable":true,"href":"https:\/\/shop.bantam.ch\/fr\/wp-json\/wp\/v2\/product_featured_cat?post=165656"},{"taxonomy":"product_brand","embeddable":true,"href":"https:\/\/shop.bantam.ch\/fr\/wp-json\/wp\/v2\/product_brand?post=165656"},{"taxonomy":"product_cat","embeddable":true,"href":"https:\/\/shop.bantam.ch\/fr\/wp-json\/wp\/v2\/product_cat?post=165656"},{"taxonomy":"product_tag","embeddable":true,"href":"https:\/\/shop.bantam.ch\/fr\/wp-json\/wp\/v2\/product_tag?post=165656"}],"curies":[{"name":"wp","href":"https:\/\/api.w.org\/{rel}","templated":true}]}}