{"id":165610,"date":"2023-03-29T12:12:31","date_gmt":"2023-03-29T10:12:31","guid":{"rendered":"https:\/\/shop.bantam.ch\/produit\/vorzelt-touring-flex\/"},"modified":"2026-04-18T00:13:38","modified_gmt":"2026-04-17T22:13:38","slug":"vorzelt-touring-flex","status":"publish","type":"product","link":"https:\/\/shop.bantam.ch\/fr\/produit\/vorzelt-touring-flex\/","title":{"rendered":"Auvent Touring Flex"},"content":{"rendered":"<p data-start=\"160\" data-end=\"209\"><span data-start=\"160\" data-end=\"207\">Tente tunnel d\u2019entr\u00e9e de gamme Touring Flex.\u00a0<\/span>La tente tunnel d\u2019entr\u00e9e de gamme <span data-start=\"245\" data-end=\"261\">Touring Flex<\/span> se distingue par un <span data-start=\"282\" data-end=\"316\">excellent rapport qualit\u00e9-prix<\/span>. Elle se caract\u00e9rise non seulement par son <span data-start=\"360\" data-end=\"391\">petit volume une fois pli\u00e9e<\/span>, mais \u00e9galement par son <span data-start=\"416\" data-end=\"439\">armature en arceaux<\/span>, qui garantit un <span data-start=\"457\" data-end=\"475\">montage rapide<\/span>.\u00a0La tente dispose d\u2019un <span data-start=\"501\" data-end=\"519\">auvent solaire<\/span>.\u00a0Caract\u00e9ristiques :\u00a0Paroi avant amovible.\u00a0Auvent solaire.\u00a04 fen\u00eatres : \u00bd moustiquaire, \u00bd film transparent.\u00a0Fen\u00eatres enti\u00e8rement \u00e9quip\u00e9es d\u2019une <span data-start=\"681\" data-end=\"708\">fermeture \u00e9clair sombre.\u00a0<\/span>Rabat pouvant \u00eatre ferm\u00e9.\u00a03 traverses pour renforcement.\u00a0<span data-start=\"776\" data-end=\"808\">Excellente stabilit\u00e9 au vent<\/span> gr\u00e2ce \u00e0 la forme tunnel.\u00a0Mat\u00e9riau :\u00a0100\u202f% polyester.\u00a0Contenu de la livraison :\u00a0Tente principale.\u00a0Armature.\u00a0Traverses suppl\u00e9mentaires (3 traverses).\u00a0Auvent solaire.\u00a0Accessoires de fixation.\u00a0Sac de transport<\/p>\n","protected":false},"excerpt":{"rendered":"<p>Tente tunnel d\u2019entr\u00e9e de gamme Touring Flex.\u00a0La tente tunnel d\u2019entr\u00e9e de gamme Touring Flex se distingue par un excellent rapport qualit\u00e9-prix. Elle se caract\u00e9rise non seulement par son petit volume une fois pli\u00e9e, mais \u00e9galement par son armature en arceaux, qui garantit un montage rapide.\u00a0La tente dispose d\u2019un auvent solaire.\u00a0Caract\u00e9ristiques :\u00a0Paroi avant amovible.\u00a0Auvent solaire.\u00a04 fen\u00eatres [&hellip;]<\/p>\n","protected":false},"featured_media":165608,"template":"","meta":{"_acf_changed":false},"product_featured_cat":[],"product_brand":[3074],"product_cat":[4241],"product_tag":[],"class_list":{"0":"post-165610","1":"product","2":"type-product","3":"status-publish","4":"has-post-thumbnail","6":"product_brand-eurotrail","7":"product_cat-tentes-fonctionnelles","9":"first","10":"instock","11":"taxable","12":"shipping-taxable","13":"purchasable","14":"product-type-variable"},"acf":[],"yoast_head":"<!-- This site is optimized with the Yoast SEO plugin v27.4 - https:\/\/yoast.com\/product\/yoast-seo-wordpress\/ -->\n<title>Auvent Touring Flex - Bantam Wankm\u00fcller SA<\/title>\n<meta name=\"robots\" content=\"index, follow, max-snippet:-1, max-image-preview:large, max-video-preview:-1\" \/>\n<link rel=\"canonical\" href=\"https:\/\/shop.bantam.ch\/fr\/produit\/vorzelt-touring-flex\/\" \/>\n<meta property=\"og:locale\" content=\"fr_FR\" \/>\n<meta property=\"og:type\" content=\"article\" \/>\n<meta property=\"og:title\" content=\"Auvent Touring Flex - Bantam Wankm\u00fcller SA\" \/>\n<meta property=\"og:description\" content=\"Tente tunnel d\u2019entr\u00e9e de gamme Touring Flex.\u00a0La tente tunnel d\u2019entr\u00e9e de gamme Touring Flex se distingue par un excellent rapport qualit\u00e9-prix. Elle se caract\u00e9rise non seulement par son petit volume une fois pli\u00e9e, mais \u00e9galement par son armature en arceaux, qui garantit un montage rapide.\u00a0La tente dispose d\u2019un auvent solaire.\u00a0Caract\u00e9ristiques :\u00a0Paroi avant amovible.\u00a0Auvent solaire.\u00a04 fen\u00eatres [&hellip;]\" \/>\n<meta property=\"og:url\" content=\"https:\/\/shop.bantam.ch\/fr\/produit\/vorzelt-touring-flex\/\" \/>\n<meta property=\"og:site_name\" content=\"Bantam Wankm\u00fcller SA\" \/>\n<meta property=\"article:modified_time\" content=\"2026-04-17T22:13:38+00:00\" \/>\n<meta property=\"og:image\" content=\"https:\/\/shop.bantam.ch\/wp-content\/uploads\/2023\/03\/9914107-Touring_Zelt_Flex_3_Pan_Familia-Standard-01.jpg\" \/>\n\t<meta property=\"og:image:width\" content=\"1000\" \/>\n\t<meta property=\"og:image:height\" content=\"610\" \/>\n\t<meta property=\"og:image:type\" content=\"image\/jpeg\" \/>\n<meta name=\"twitter:card\" content=\"summary_large_image\" \/>\n<meta name=\"twitter:label1\" content=\"Dur\u00e9e de lecture estim\u00e9e\" \/>\n\t<meta name=\"twitter:data1\" content=\"1 minute\" \/>\n<script type=\"application\/ld+json\" class=\"yoast-schema-graph\">{\"@context\":\"https:\\\/\\\/schema.org\",\"@graph\":[{\"@type\":\"WebPage\",\"@id\":\"https:\\\/\\\/shop.bantam.ch\\\/fr\\\/produit\\\/vorzelt-touring-flex\\\/\",\"url\":\"https:\\\/\\\/shop.bantam.ch\\\/fr\\\/produit\\\/vorzelt-touring-flex\\\/\",\"name\":\"Auvent Touring Flex - Bantam Wankm\u00fcller SA\",\"isPartOf\":{\"@id\":\"https:\\\/\\\/shop.bantam.ch\\\/fr\\\/#website\"},\"primaryImageOfPage\":{\"@id\":\"https:\\\/\\\/shop.bantam.ch\\\/fr\\\/produit\\\/vorzelt-touring-flex\\\/#primaryimage\"},\"image\":{\"@id\":\"https:\\\/\\\/shop.bantam.ch\\\/fr\\\/produit\\\/vorzelt-touring-flex\\\/#primaryimage\"},\"thumbnailUrl\":\"https:\\\/\\\/shop.bantam.ch\\\/wp-content\\\/uploads\\\/2023\\\/03\\\/9914107-Touring_Zelt_Flex_3_Pan_Familia-Standard-01.jpg\",\"datePublished\":\"2023-03-29T10:12:31+00:00\",\"dateModified\":\"2026-04-17T22:13:38+00:00\",\"breadcrumb\":{\"@id\":\"https:\\\/\\\/shop.bantam.ch\\\/fr\\\/produit\\\/vorzelt-touring-flex\\\/#breadcrumb\"},\"inLanguage\":\"fr-FR\",\"potentialAction\":[{\"@type\":\"ReadAction\",\"target\":[\"https:\\\/\\\/shop.bantam.ch\\\/fr\\\/produit\\\/vorzelt-touring-flex\\\/\"]}]},{\"@type\":\"ImageObject\",\"inLanguage\":\"fr-FR\",\"@id\":\"https:\\\/\\\/shop.bantam.ch\\\/fr\\\/produit\\\/vorzelt-touring-flex\\\/#primaryimage\",\"url\":\"https:\\\/\\\/shop.bantam.ch\\\/wp-content\\\/uploads\\\/2023\\\/03\\\/9914107-Touring_Zelt_Flex_3_Pan_Familia-Standard-01.jpg\",\"contentUrl\":\"https:\\\/\\\/shop.bantam.ch\\\/wp-content\\\/uploads\\\/2023\\\/03\\\/9914107-Touring_Zelt_Flex_3_Pan_Familia-Standard-01.jpg\",\"width\":1000,\"height\":610},{\"@type\":\"BreadcrumbList\",\"@id\":\"https:\\\/\\\/shop.bantam.ch\\\/fr\\\/produit\\\/vorzelt-touring-flex\\\/#breadcrumb\",\"itemListElement\":[{\"@type\":\"ListItem\",\"position\":1,\"name\":\"Accueil\",\"item\":\"https:\\\/\\\/shop.bantam.ch\\\/fr\\\/\"},{\"@type\":\"ListItem\",\"position\":2,\"name\":\"Boutique\",\"item\":\"https:\\\/\\\/shop.bantam.ch\\\/fr\\\/boutique\\\/\"},{\"@type\":\"ListItem\",\"position\":3,\"name\":\"Auvent Touring Flex\"}]},{\"@type\":\"WebSite\",\"@id\":\"https:\\\/\\\/shop.bantam.ch\\\/fr\\\/#website\",\"url\":\"https:\\\/\\\/shop.bantam.ch\\\/fr\\\/\",\"name\":\"Bantam Wankm\u00fcller SA\",\"description\":\"\",\"publisher\":{\"@id\":\"https:\\\/\\\/shop.bantam.ch\\\/fr\\\/#organization\"},\"inLanguage\":\"fr-FR\"},{\"@type\":\"Organization\",\"@id\":\"https:\\\/\\\/shop.bantam.ch\\\/fr\\\/#organization\",\"name\":\"Bantam Wankm\u00fcller SA\",\"url\":\"https:\\\/\\\/shop.bantam.ch\\\/fr\\\/\",\"logo\":{\"@type\":\"ImageObject\",\"inLanguage\":\"fr-FR\",\"@id\":\"https:\\\/\\\/shop.bantam.ch\\\/fr\\\/#\\\/schema\\\/logo\\\/image\\\/\",\"url\":\"https:\\\/\\\/shop.bantam.ch\\\/wp-content\\\/uploads\\\/2022\\\/12\\\/bantam-logo.png\",\"contentUrl\":\"https:\\\/\\\/shop.bantam.ch\\\/wp-content\\\/uploads\\\/2022\\\/12\\\/bantam-logo.png\",\"width\":320,\"height\":71,\"caption\":\"Bantam Wankm\u00fcller SA\"},\"image\":{\"@id\":\"https:\\\/\\\/shop.bantam.ch\\\/fr\\\/#\\\/schema\\\/logo\\\/image\\\/\"}}]}<\/script>\n<!-- \/ Yoast SEO plugin. -->","yoast_head_json":{"title":"Auvent Touring Flex - Bantam Wankm\u00fcller SA","robots":{"index":"index","follow":"follow","max-snippet":"max-snippet:-1","max-image-preview":"max-image-preview:large","max-video-preview":"max-video-preview:-1"},"canonical":"https:\/\/shop.bantam.ch\/fr\/produit\/vorzelt-touring-flex\/","og_locale":"fr_FR","og_type":"article","og_title":"Auvent Touring Flex - Bantam Wankm\u00fcller SA","og_description":"Tente tunnel d\u2019entr\u00e9e de gamme Touring Flex.\u00a0La tente tunnel d\u2019entr\u00e9e de gamme Touring Flex se distingue par un excellent rapport qualit\u00e9-prix. Elle se caract\u00e9rise non seulement par son petit volume une fois pli\u00e9e, mais \u00e9galement par son armature en arceaux, qui garantit un montage rapide.\u00a0La tente dispose d\u2019un auvent solaire.\u00a0Caract\u00e9ristiques :\u00a0Paroi avant amovible.\u00a0Auvent solaire.\u00a04 fen\u00eatres [&hellip;]","og_url":"https:\/\/shop.bantam.ch\/fr\/produit\/vorzelt-touring-flex\/","og_site_name":"Bantam Wankm\u00fcller SA","article_modified_time":"2026-04-17T22:13:38+00:00","og_image":[{"width":1000,"height":610,"url":"https:\/\/shop.bantam.ch\/wp-content\/uploads\/2023\/03\/9914107-Touring_Zelt_Flex_3_Pan_Familia-Standard-01.jpg","type":"image\/jpeg"}],"twitter_card":"summary_large_image","twitter_misc":{"Dur\u00e9e de lecture estim\u00e9e":"1 minute"},"schema":{"@context":"https:\/\/schema.org","@graph":[{"@type":"WebPage","@id":"https:\/\/shop.bantam.ch\/fr\/produit\/vorzelt-touring-flex\/","url":"https:\/\/shop.bantam.ch\/fr\/produit\/vorzelt-touring-flex\/","name":"Auvent Touring Flex - Bantam Wankm\u00fcller SA","isPartOf":{"@id":"https:\/\/shop.bantam.ch\/fr\/#website"},"primaryImageOfPage":{"@id":"https:\/\/shop.bantam.ch\/fr\/produit\/vorzelt-touring-flex\/#primaryimage"},"image":{"@id":"https:\/\/shop.bantam.ch\/fr\/produit\/vorzelt-touring-flex\/#primaryimage"},"thumbnailUrl":"https:\/\/shop.bantam.ch\/wp-content\/uploads\/2023\/03\/9914107-Touring_Zelt_Flex_3_Pan_Familia-Standard-01.jpg","datePublished":"2023-03-29T10:12:31+00:00","dateModified":"2026-04-17T22:13:38+00:00","breadcrumb":{"@id":"https:\/\/shop.bantam.ch\/fr\/produit\/vorzelt-touring-flex\/#breadcrumb"},"inLanguage":"fr-FR","potentialAction":[{"@type":"ReadAction","target":["https:\/\/shop.bantam.ch\/fr\/produit\/vorzelt-touring-flex\/"]}]},{"@type":"ImageObject","inLanguage":"fr-FR","@id":"https:\/\/shop.bantam.ch\/fr\/produit\/vorzelt-touring-flex\/#primaryimage","url":"https:\/\/shop.bantam.ch\/wp-content\/uploads\/2023\/03\/9914107-Touring_Zelt_Flex_3_Pan_Familia-Standard-01.jpg","contentUrl":"https:\/\/shop.bantam.ch\/wp-content\/uploads\/2023\/03\/9914107-Touring_Zelt_Flex_3_Pan_Familia-Standard-01.jpg","width":1000,"height":610},{"@type":"BreadcrumbList","@id":"https:\/\/shop.bantam.ch\/fr\/produit\/vorzelt-touring-flex\/#breadcrumb","itemListElement":[{"@type":"ListItem","position":1,"name":"Accueil","item":"https:\/\/shop.bantam.ch\/fr\/"},{"@type":"ListItem","position":2,"name":"Boutique","item":"https:\/\/shop.bantam.ch\/fr\/boutique\/"},{"@type":"ListItem","position":3,"name":"Auvent Touring Flex"}]},{"@type":"WebSite","@id":"https:\/\/shop.bantam.ch\/fr\/#website","url":"https:\/\/shop.bantam.ch\/fr\/","name":"Bantam Wankm\u00fcller SA","description":"","publisher":{"@id":"https:\/\/shop.bantam.ch\/fr\/#organization"},"inLanguage":"fr-FR"},{"@type":"Organization","@id":"https:\/\/shop.bantam.ch\/fr\/#organization","name":"Bantam Wankm\u00fcller SA","url":"https:\/\/shop.bantam.ch\/fr\/","logo":{"@type":"ImageObject","inLanguage":"fr-FR","@id":"https:\/\/shop.bantam.ch\/fr\/#\/schema\/logo\/image\/","url":"https:\/\/shop.bantam.ch\/wp-content\/uploads\/2022\/12\/bantam-logo.png","contentUrl":"https:\/\/shop.bantam.ch\/wp-content\/uploads\/2022\/12\/bantam-logo.png","width":320,"height":71,"caption":"Bantam Wankm\u00fcller SA"},"image":{"@id":"https:\/\/shop.bantam.ch\/fr\/#\/schema\/logo\/image\/"}}]}},"_links":{"self":[{"href":"https:\/\/shop.bantam.ch\/fr\/wp-json\/wp\/v2\/product\/165610","targetHints":{"allow":["GET"]}}],"collection":[{"href":"https:\/\/shop.bantam.ch\/fr\/wp-json\/wp\/v2\/product"}],"about":[{"href":"https:\/\/shop.bantam.ch\/fr\/wp-json\/wp\/v2\/types\/product"}],"wp:featuredmedia":[{"embeddable":true,"href":"https:\/\/shop.bantam.ch\/fr\/wp-json\/wp\/v2\/media\/165608"}],"wp:attachment":[{"href":"https:\/\/shop.bantam.ch\/fr\/wp-json\/wp\/v2\/media?parent=165610"}],"wp:term":[{"taxonomy":"product_featured_cat","embeddable":true,"href":"https:\/\/shop.bantam.ch\/fr\/wp-json\/wp\/v2\/product_featured_cat?post=165610"},{"taxonomy":"product_brand","embeddable":true,"href":"https:\/\/shop.bantam.ch\/fr\/wp-json\/wp\/v2\/product_brand?post=165610"},{"taxonomy":"product_cat","embeddable":true,"href":"https:\/\/shop.bantam.ch\/fr\/wp-json\/wp\/v2\/product_cat?post=165610"},{"taxonomy":"product_tag","embeddable":true,"href":"https:\/\/shop.bantam.ch\/fr\/wp-json\/wp\/v2\/product_tag?post=165610"}],"curies":[{"name":"wp","href":"https:\/\/api.w.org\/{rel}","templated":true}]}}