{"id":165478,"date":"2023-03-29T12:09:02","date_gmt":"2023-03-29T10:09:02","guid":{"rendered":"https:\/\/shop.bantam.ch\/produit\/cartouche-de-combustible-pour-pile-a-combustible-comfort\/"},"modified":"2026-05-02T00:07:19","modified_gmt":"2026-05-01T22:07:19","slug":"cartouche-de-combustible-pour-pile-a-combustible-comfort","status":"publish","type":"product","link":"https:\/\/shop.bantam.ch\/fr\/produit\/cartouche-de-combustible-pour-pile-a-combustible-comfort\/","title":{"rendered":"Cartouche de combustible pour pile \u00e0 combustible Comfort"},"content":{"rendered":"<p>La cartouche de combustible Efoy est un syst\u00e8me de r\u00e9servoir de s\u00e9curit\u00e9 sp\u00e9cialement con\u00e7u pour les piles \u00e0 combustible Efoy. Elle peut \u00eatre chang\u00e9e facilement et proprement en quelques secondes. Une cartouche M10 vous garantit une autonomie \u00e9nerg\u00e9tique jusqu&rsquo;\u00e0 4 semaines.<\/p>\n","protected":false},"excerpt":{"rendered":"<p>La cartouche de combustible Efoy est un syst\u00e8me de r\u00e9servoir de s\u00e9curit\u00e9 sp\u00e9cialement con\u00e7u pour les piles \u00e0 combustible Efoy. Elle peut \u00eatre chang\u00e9e facilement et proprement en quelques secondes. Une cartouche M10 vous garantit une autonomie \u00e9nerg\u00e9tique jusqu&rsquo;\u00e0 4 semaines.<\/p>\n","protected":false},"featured_media":165470,"template":"","meta":{"_acf_changed":false},"product_featured_cat":[],"product_brand":[3288],"product_cat":[4861],"product_tag":[],"class_list":{"0":"post-165478","1":"product","2":"type-product","3":"status-publish","4":"has-post-thumbnail","6":"product_brand-efoy","7":"product_cat-piles-a-combustible","9":"first","10":"instock","11":"taxable","12":"shipping-taxable","13":"purchasable","14":"product-type-variable"},"acf":[],"yoast_head":"<!-- This site is optimized with the Yoast SEO plugin v27.5 - https:\/\/yoast.com\/product\/yoast-seo-wordpress\/ -->\n<title>Cartouche de combustible pour pile \u00e0 combustible Comfort - Bantam<\/title>\n<meta name=\"robots\" content=\"index, follow, max-snippet:-1, max-image-preview:large, max-video-preview:-1\" \/>\n<link rel=\"canonical\" href=\"https:\/\/shop.bantam.ch\/fr\/produit\/cartouche-de-combustible-pour-pile-a-combustible-comfort\/\" \/>\n<meta property=\"og:locale\" content=\"fr_FR\" \/>\n<meta property=\"og:type\" content=\"article\" \/>\n<meta property=\"og:title\" content=\"Cartouche de combustible pour pile \u00e0 combustible Comfort - Bantam\" \/>\n<meta property=\"og:description\" content=\"La cartouche de combustible Efoy est un syst\u00e8me de r\u00e9servoir de s\u00e9curit\u00e9 sp\u00e9cialement con\u00e7u pour les piles \u00e0 combustible Efoy. Elle peut \u00eatre chang\u00e9e facilement et proprement en quelques secondes. Une cartouche M10 vous garantit une autonomie \u00e9nerg\u00e9tique jusqu&rsquo;\u00e0 4 semaines.\" \/>\n<meta property=\"og:url\" content=\"https:\/\/shop.bantam.ch\/fr\/produit\/cartouche-de-combustible-pour-pile-a-combustible-comfort\/\" \/>\n<meta property=\"og:site_name\" content=\"Bantam\" \/>\n<meta property=\"article:modified_time\" content=\"2026-05-01T22:07:19+00:00\" \/>\n<meta property=\"og:image\" content=\"https:\/\/shop.bantam.ch\/wp-content\/uploads\/2023\/03\/9985712-Tankpatrone_M_10_10_l-Standard-01.jpg\" \/>\n\t<meta property=\"og:image:width\" content=\"740\" \/>\n\t<meta property=\"og:image:height\" content=\"1000\" \/>\n\t<meta property=\"og:image:type\" content=\"image\/jpeg\" \/>\n<meta name=\"twitter:card\" content=\"summary_large_image\" \/>\n<script type=\"application\/ld+json\" class=\"yoast-schema-graph\">{\"@context\":\"https:\\\/\\\/schema.org\",\"@graph\":[{\"@type\":\"WebPage\",\"@id\":\"https:\\\/\\\/shop.bantam.ch\\\/fr\\\/produit\\\/cartouche-de-combustible-pour-pile-a-combustible-comfort\\\/\",\"url\":\"https:\\\/\\\/shop.bantam.ch\\\/fr\\\/produit\\\/cartouche-de-combustible-pour-pile-a-combustible-comfort\\\/\",\"name\":\"Cartouche de combustible pour pile \u00e0 combustible Comfort - Bantam\",\"isPartOf\":{\"@id\":\"https:\\\/\\\/shop.bantam.ch\\\/fr\\\/#website\"},\"primaryImageOfPage\":{\"@id\":\"https:\\\/\\\/shop.bantam.ch\\\/fr\\\/produit\\\/cartouche-de-combustible-pour-pile-a-combustible-comfort\\\/#primaryimage\"},\"image\":{\"@id\":\"https:\\\/\\\/shop.bantam.ch\\\/fr\\\/produit\\\/cartouche-de-combustible-pour-pile-a-combustible-comfort\\\/#primaryimage\"},\"thumbnailUrl\":\"https:\\\/\\\/shop.bantam.ch\\\/wp-content\\\/uploads\\\/2023\\\/03\\\/9985712-Tankpatrone_M_10_10_l-Standard-01.jpg\",\"datePublished\":\"2023-03-29T10:09:02+00:00\",\"dateModified\":\"2026-05-01T22:07:19+00:00\",\"breadcrumb\":{\"@id\":\"https:\\\/\\\/shop.bantam.ch\\\/fr\\\/produit\\\/cartouche-de-combustible-pour-pile-a-combustible-comfort\\\/#breadcrumb\"},\"inLanguage\":\"fr-FR\",\"potentialAction\":[{\"@type\":\"ReadAction\",\"target\":[\"https:\\\/\\\/shop.bantam.ch\\\/fr\\\/produit\\\/cartouche-de-combustible-pour-pile-a-combustible-comfort\\\/\"]}]},{\"@type\":\"ImageObject\",\"inLanguage\":\"fr-FR\",\"@id\":\"https:\\\/\\\/shop.bantam.ch\\\/fr\\\/produit\\\/cartouche-de-combustible-pour-pile-a-combustible-comfort\\\/#primaryimage\",\"url\":\"https:\\\/\\\/shop.bantam.ch\\\/wp-content\\\/uploads\\\/2023\\\/03\\\/9985712-Tankpatrone_M_10_10_l-Standard-01.jpg\",\"contentUrl\":\"https:\\\/\\\/shop.bantam.ch\\\/wp-content\\\/uploads\\\/2023\\\/03\\\/9985712-Tankpatrone_M_10_10_l-Standard-01.jpg\",\"width\":740,\"height\":1000},{\"@type\":\"BreadcrumbList\",\"@id\":\"https:\\\/\\\/shop.bantam.ch\\\/fr\\\/produit\\\/cartouche-de-combustible-pour-pile-a-combustible-comfort\\\/#breadcrumb\",\"itemListElement\":[{\"@type\":\"ListItem\",\"position\":1,\"name\":\"Accueil\",\"item\":\"https:\\\/\\\/shop.bantam.ch\\\/fr\\\/\"},{\"@type\":\"ListItem\",\"position\":2,\"name\":\"Boutique\",\"item\":\"https:\\\/\\\/shop.bantam.ch\\\/fr\\\/boutique\\\/\"},{\"@type\":\"ListItem\",\"position\":3,\"name\":\"Cartouche de combustible pour pile \u00e0 combustible Comfort\"}]},{\"@type\":\"WebSite\",\"@id\":\"https:\\\/\\\/shop.bantam.ch\\\/fr\\\/#website\",\"url\":\"https:\\\/\\\/shop.bantam.ch\\\/fr\\\/\",\"name\":\"Bantam\",\"description\":\"\",\"publisher\":{\"@id\":\"https:\\\/\\\/shop.bantam.ch\\\/fr\\\/#organization\"},\"inLanguage\":\"fr-FR\"},{\"@type\":\"Organization\",\"@id\":\"https:\\\/\\\/shop.bantam.ch\\\/fr\\\/#organization\",\"name\":\"Bantam\",\"url\":\"https:\\\/\\\/shop.bantam.ch\\\/fr\\\/\",\"logo\":{\"@type\":\"ImageObject\",\"inLanguage\":\"fr-FR\",\"@id\":\"https:\\\/\\\/shop.bantam.ch\\\/fr\\\/#\\\/schema\\\/logo\\\/image\\\/\",\"url\":\"https:\\\/\\\/shop.bantam.ch\\\/wp-content\\\/uploads\\\/2022\\\/12\\\/bantam-logo.png\",\"contentUrl\":\"https:\\\/\\\/shop.bantam.ch\\\/wp-content\\\/uploads\\\/2022\\\/12\\\/bantam-logo.png\",\"width\":320,\"height\":71,\"caption\":\"Bantam\"},\"image\":{\"@id\":\"https:\\\/\\\/shop.bantam.ch\\\/fr\\\/#\\\/schema\\\/logo\\\/image\\\/\"}}]}<\/script>\n<!-- \/ Yoast SEO plugin. -->","yoast_head_json":{"title":"Cartouche de combustible pour pile \u00e0 combustible Comfort - Bantam","robots":{"index":"index","follow":"follow","max-snippet":"max-snippet:-1","max-image-preview":"max-image-preview:large","max-video-preview":"max-video-preview:-1"},"canonical":"https:\/\/shop.bantam.ch\/fr\/produit\/cartouche-de-combustible-pour-pile-a-combustible-comfort\/","og_locale":"fr_FR","og_type":"article","og_title":"Cartouche de combustible pour pile \u00e0 combustible Comfort - Bantam","og_description":"La cartouche de combustible Efoy est un syst\u00e8me de r\u00e9servoir de s\u00e9curit\u00e9 sp\u00e9cialement con\u00e7u pour les piles \u00e0 combustible Efoy. Elle peut \u00eatre chang\u00e9e facilement et proprement en quelques secondes. Une cartouche M10 vous garantit une autonomie \u00e9nerg\u00e9tique jusqu&rsquo;\u00e0 4 semaines.","og_url":"https:\/\/shop.bantam.ch\/fr\/produit\/cartouche-de-combustible-pour-pile-a-combustible-comfort\/","og_site_name":"Bantam","article_modified_time":"2026-05-01T22:07:19+00:00","og_image":[{"width":740,"height":1000,"url":"https:\/\/shop.bantam.ch\/wp-content\/uploads\/2023\/03\/9985712-Tankpatrone_M_10_10_l-Standard-01.jpg","type":"image\/jpeg"}],"twitter_card":"summary_large_image","schema":{"@context":"https:\/\/schema.org","@graph":[{"@type":"WebPage","@id":"https:\/\/shop.bantam.ch\/fr\/produit\/cartouche-de-combustible-pour-pile-a-combustible-comfort\/","url":"https:\/\/shop.bantam.ch\/fr\/produit\/cartouche-de-combustible-pour-pile-a-combustible-comfort\/","name":"Cartouche de combustible pour pile \u00e0 combustible Comfort - Bantam","isPartOf":{"@id":"https:\/\/shop.bantam.ch\/fr\/#website"},"primaryImageOfPage":{"@id":"https:\/\/shop.bantam.ch\/fr\/produit\/cartouche-de-combustible-pour-pile-a-combustible-comfort\/#primaryimage"},"image":{"@id":"https:\/\/shop.bantam.ch\/fr\/produit\/cartouche-de-combustible-pour-pile-a-combustible-comfort\/#primaryimage"},"thumbnailUrl":"https:\/\/shop.bantam.ch\/wp-content\/uploads\/2023\/03\/9985712-Tankpatrone_M_10_10_l-Standard-01.jpg","datePublished":"2023-03-29T10:09:02+00:00","dateModified":"2026-05-01T22:07:19+00:00","breadcrumb":{"@id":"https:\/\/shop.bantam.ch\/fr\/produit\/cartouche-de-combustible-pour-pile-a-combustible-comfort\/#breadcrumb"},"inLanguage":"fr-FR","potentialAction":[{"@type":"ReadAction","target":["https:\/\/shop.bantam.ch\/fr\/produit\/cartouche-de-combustible-pour-pile-a-combustible-comfort\/"]}]},{"@type":"ImageObject","inLanguage":"fr-FR","@id":"https:\/\/shop.bantam.ch\/fr\/produit\/cartouche-de-combustible-pour-pile-a-combustible-comfort\/#primaryimage","url":"https:\/\/shop.bantam.ch\/wp-content\/uploads\/2023\/03\/9985712-Tankpatrone_M_10_10_l-Standard-01.jpg","contentUrl":"https:\/\/shop.bantam.ch\/wp-content\/uploads\/2023\/03\/9985712-Tankpatrone_M_10_10_l-Standard-01.jpg","width":740,"height":1000},{"@type":"BreadcrumbList","@id":"https:\/\/shop.bantam.ch\/fr\/produit\/cartouche-de-combustible-pour-pile-a-combustible-comfort\/#breadcrumb","itemListElement":[{"@type":"ListItem","position":1,"name":"Accueil","item":"https:\/\/shop.bantam.ch\/fr\/"},{"@type":"ListItem","position":2,"name":"Boutique","item":"https:\/\/shop.bantam.ch\/fr\/boutique\/"},{"@type":"ListItem","position":3,"name":"Cartouche de combustible pour pile \u00e0 combustible Comfort"}]},{"@type":"WebSite","@id":"https:\/\/shop.bantam.ch\/fr\/#website","url":"https:\/\/shop.bantam.ch\/fr\/","name":"Bantam","description":"","publisher":{"@id":"https:\/\/shop.bantam.ch\/fr\/#organization"},"inLanguage":"fr-FR"},{"@type":"Organization","@id":"https:\/\/shop.bantam.ch\/fr\/#organization","name":"Bantam","url":"https:\/\/shop.bantam.ch\/fr\/","logo":{"@type":"ImageObject","inLanguage":"fr-FR","@id":"https:\/\/shop.bantam.ch\/fr\/#\/schema\/logo\/image\/","url":"https:\/\/shop.bantam.ch\/wp-content\/uploads\/2022\/12\/bantam-logo.png","contentUrl":"https:\/\/shop.bantam.ch\/wp-content\/uploads\/2022\/12\/bantam-logo.png","width":320,"height":71,"caption":"Bantam"},"image":{"@id":"https:\/\/shop.bantam.ch\/fr\/#\/schema\/logo\/image\/"}}]}},"_links":{"self":[{"href":"https:\/\/shop.bantam.ch\/fr\/wp-json\/wp\/v2\/product\/165478","targetHints":{"allow":["GET"]}}],"collection":[{"href":"https:\/\/shop.bantam.ch\/fr\/wp-json\/wp\/v2\/product"}],"about":[{"href":"https:\/\/shop.bantam.ch\/fr\/wp-json\/wp\/v2\/types\/product"}],"wp:featuredmedia":[{"embeddable":true,"href":"https:\/\/shop.bantam.ch\/fr\/wp-json\/wp\/v2\/media\/165470"}],"wp:attachment":[{"href":"https:\/\/shop.bantam.ch\/fr\/wp-json\/wp\/v2\/media?parent=165478"}],"wp:term":[{"taxonomy":"product_featured_cat","embeddable":true,"href":"https:\/\/shop.bantam.ch\/fr\/wp-json\/wp\/v2\/product_featured_cat?post=165478"},{"taxonomy":"product_brand","embeddable":true,"href":"https:\/\/shop.bantam.ch\/fr\/wp-json\/wp\/v2\/product_brand?post=165478"},{"taxonomy":"product_cat","embeddable":true,"href":"https:\/\/shop.bantam.ch\/fr\/wp-json\/wp\/v2\/product_cat?post=165478"},{"taxonomy":"product_tag","embeddable":true,"href":"https:\/\/shop.bantam.ch\/fr\/wp-json\/wp\/v2\/product_tag?post=165478"}],"curies":[{"name":"wp","href":"https:\/\/api.w.org\/{rel}","templated":true}]}}