{"id":165424,"date":"2023-03-29T12:07:44","date_gmt":"2023-03-29T10:07:44","guid":{"rendered":"https:\/\/shop.bantam.ch\/produit\/marchepied-electronique-en-aluminium-avec-mouvement-basculant\/"},"modified":"2026-05-09T00:10:22","modified_gmt":"2026-05-08T22:10:22","slug":"marchepied-electronique-en-aluminium-avec-mouvement-basculant","status":"publish","type":"product","link":"https:\/\/shop.bantam.ch\/fr\/produit\/marchepied-electronique-en-aluminium-avec-mouvement-basculant\/","title":{"rendered":"Marchepied \u00e9lectronique en aluminium avec mouvement basculant"},"content":{"rendered":"<p>Marchepied avec mouvement oscillant pour montage direct sur le v\u00e9hicule. Marchepied en aluminium anodis\u00e9 antid\u00e9rapant. Structure en acier galvanis\u00e9. Motor\u00e9ducteur sur roulement \u00e0 billes. Signal LED au niveau ouvert. Mouvement rapide sur les bagues en laiton. Ouverture et fermeture en appuyant sur l&rsquo;interrupteur jusqu&rsquo;\u00e0 la fin de l&rsquo;entr\u00e9e ou de la sortie. Protection \u00e9lectronique qui s&rsquo;active en cas de surcharge du niveau.<\/p>\n","protected":false},"excerpt":{"rendered":"<p>Marchepied avec mouvement oscillant pour montage direct sur le v\u00e9hicule. Marchepied en aluminium anodis\u00e9 antid\u00e9rapant. Structure en acier galvanis\u00e9. Motor\u00e9ducteur sur roulement \u00e0 billes. Signal LED au niveau ouvert. Mouvement rapide sur les bagues en laiton. Ouverture et fermeture en appuyant sur l&rsquo;interrupteur jusqu&rsquo;\u00e0 la fin de l&rsquo;entr\u00e9e ou de la sortie. Protection \u00e9lectronique qui [&hellip;]<\/p>\n","protected":false},"featured_media":165416,"template":"","meta":{"_acf_changed":false},"product_featured_cat":[],"product_brand":[3742],"product_cat":[4673],"product_tag":[],"class_list":{"0":"post-165424","1":"product","2":"type-product","3":"status-publish","4":"has-post-thumbnail","6":"product_brand-lippert","7":"product_cat-marchepieds","9":"first","10":"instock","11":"taxable","12":"shipping-taxable","13":"purchasable","14":"product-type-variable"},"acf":[],"yoast_head":"<!-- This site is optimized with the Yoast SEO plugin v27.5 - https:\/\/yoast.com\/product\/yoast-seo-wordpress\/ -->\n<title>Marchepied \u00e9lectronique en aluminium avec mouvement basculant - Bantam<\/title>\n<meta name=\"robots\" content=\"index, follow, max-snippet:-1, max-image-preview:large, max-video-preview:-1\" \/>\n<link rel=\"canonical\" href=\"https:\/\/shop.bantam.ch\/fr\/produit\/marchepied-electronique-en-aluminium-avec-mouvement-basculant\/\" \/>\n<meta property=\"og:locale\" content=\"fr_FR\" \/>\n<meta property=\"og:type\" content=\"article\" \/>\n<meta property=\"og:title\" content=\"Marchepied \u00e9lectronique en aluminium avec mouvement basculant - Bantam\" \/>\n<meta property=\"og:description\" content=\"Marchepied avec mouvement oscillant pour montage direct sur le v\u00e9hicule. Marchepied en aluminium anodis\u00e9 antid\u00e9rapant. Structure en acier galvanis\u00e9. Motor\u00e9ducteur sur roulement \u00e0 billes. Signal LED au niveau ouvert. Mouvement rapide sur les bagues en laiton. Ouverture et fermeture en appuyant sur l&rsquo;interrupteur jusqu&rsquo;\u00e0 la fin de l&rsquo;entr\u00e9e ou de la sortie. Protection \u00e9lectronique qui [&hellip;]\" \/>\n<meta property=\"og:url\" content=\"https:\/\/shop.bantam.ch\/fr\/produit\/marchepied-electronique-en-aluminium-avec-mouvement-basculant\/\" \/>\n<meta property=\"og:site_name\" content=\"Bantam\" \/>\n<meta property=\"article:modified_time\" content=\"2026-05-08T22:10:22+00:00\" \/>\n<meta property=\"og:image\" content=\"https:\/\/shop.bantam.ch\/wp-content\/uploads\/2023\/03\/9940672-Trittstufe_mit_Schwingbewegung_35_cm_breit-Standard-01.jpg\" \/>\n\t<meta property=\"og:image:width\" content=\"1000\" \/>\n\t<meta property=\"og:image:height\" content=\"525\" \/>\n\t<meta property=\"og:image:type\" content=\"image\/jpeg\" \/>\n<meta name=\"twitter:card\" content=\"summary_large_image\" \/>\n<script type=\"application\/ld+json\" class=\"yoast-schema-graph\">{\"@context\":\"https:\\\/\\\/schema.org\",\"@graph\":[{\"@type\":\"WebPage\",\"@id\":\"https:\\\/\\\/shop.bantam.ch\\\/fr\\\/produit\\\/marchepied-electronique-en-aluminium-avec-mouvement-basculant\\\/\",\"url\":\"https:\\\/\\\/shop.bantam.ch\\\/fr\\\/produit\\\/marchepied-electronique-en-aluminium-avec-mouvement-basculant\\\/\",\"name\":\"Marchepied \u00e9lectronique en aluminium avec mouvement basculant - Bantam\",\"isPartOf\":{\"@id\":\"https:\\\/\\\/shop.bantam.ch\\\/fr\\\/#website\"},\"primaryImageOfPage\":{\"@id\":\"https:\\\/\\\/shop.bantam.ch\\\/fr\\\/produit\\\/marchepied-electronique-en-aluminium-avec-mouvement-basculant\\\/#primaryimage\"},\"image\":{\"@id\":\"https:\\\/\\\/shop.bantam.ch\\\/fr\\\/produit\\\/marchepied-electronique-en-aluminium-avec-mouvement-basculant\\\/#primaryimage\"},\"thumbnailUrl\":\"https:\\\/\\\/shop.bantam.ch\\\/wp-content\\\/uploads\\\/2023\\\/03\\\/9940672-Trittstufe_mit_Schwingbewegung_35_cm_breit-Standard-01.jpg\",\"datePublished\":\"2023-03-29T10:07:44+00:00\",\"dateModified\":\"2026-05-08T22:10:22+00:00\",\"breadcrumb\":{\"@id\":\"https:\\\/\\\/shop.bantam.ch\\\/fr\\\/produit\\\/marchepied-electronique-en-aluminium-avec-mouvement-basculant\\\/#breadcrumb\"},\"inLanguage\":\"fr-FR\",\"potentialAction\":[{\"@type\":\"ReadAction\",\"target\":[\"https:\\\/\\\/shop.bantam.ch\\\/fr\\\/produit\\\/marchepied-electronique-en-aluminium-avec-mouvement-basculant\\\/\"]}]},{\"@type\":\"ImageObject\",\"inLanguage\":\"fr-FR\",\"@id\":\"https:\\\/\\\/shop.bantam.ch\\\/fr\\\/produit\\\/marchepied-electronique-en-aluminium-avec-mouvement-basculant\\\/#primaryimage\",\"url\":\"https:\\\/\\\/shop.bantam.ch\\\/wp-content\\\/uploads\\\/2023\\\/03\\\/9940672-Trittstufe_mit_Schwingbewegung_35_cm_breit-Standard-01.jpg\",\"contentUrl\":\"https:\\\/\\\/shop.bantam.ch\\\/wp-content\\\/uploads\\\/2023\\\/03\\\/9940672-Trittstufe_mit_Schwingbewegung_35_cm_breit-Standard-01.jpg\",\"width\":1000,\"height\":525},{\"@type\":\"BreadcrumbList\",\"@id\":\"https:\\\/\\\/shop.bantam.ch\\\/fr\\\/produit\\\/marchepied-electronique-en-aluminium-avec-mouvement-basculant\\\/#breadcrumb\",\"itemListElement\":[{\"@type\":\"ListItem\",\"position\":1,\"name\":\"Accueil\",\"item\":\"https:\\\/\\\/shop.bantam.ch\\\/fr\\\/\"},{\"@type\":\"ListItem\",\"position\":2,\"name\":\"Boutique\",\"item\":\"https:\\\/\\\/shop.bantam.ch\\\/fr\\\/boutique\\\/\"},{\"@type\":\"ListItem\",\"position\":3,\"name\":\"Marchepied \u00e9lectronique en aluminium avec mouvement basculant\"}]},{\"@type\":\"WebSite\",\"@id\":\"https:\\\/\\\/shop.bantam.ch\\\/fr\\\/#website\",\"url\":\"https:\\\/\\\/shop.bantam.ch\\\/fr\\\/\",\"name\":\"Bantam\",\"description\":\"\",\"publisher\":{\"@id\":\"https:\\\/\\\/shop.bantam.ch\\\/fr\\\/#organization\"},\"inLanguage\":\"fr-FR\"},{\"@type\":\"Organization\",\"@id\":\"https:\\\/\\\/shop.bantam.ch\\\/fr\\\/#organization\",\"name\":\"Bantam\",\"url\":\"https:\\\/\\\/shop.bantam.ch\\\/fr\\\/\",\"logo\":{\"@type\":\"ImageObject\",\"inLanguage\":\"fr-FR\",\"@id\":\"https:\\\/\\\/shop.bantam.ch\\\/fr\\\/#\\\/schema\\\/logo\\\/image\\\/\",\"url\":\"https:\\\/\\\/shop.bantam.ch\\\/wp-content\\\/uploads\\\/2022\\\/12\\\/bantam-logo.png\",\"contentUrl\":\"https:\\\/\\\/shop.bantam.ch\\\/wp-content\\\/uploads\\\/2022\\\/12\\\/bantam-logo.png\",\"width\":320,\"height\":71,\"caption\":\"Bantam\"},\"image\":{\"@id\":\"https:\\\/\\\/shop.bantam.ch\\\/fr\\\/#\\\/schema\\\/logo\\\/image\\\/\"}}]}<\/script>\n<!-- \/ Yoast SEO plugin. -->","yoast_head_json":{"title":"Marchepied \u00e9lectronique en aluminium avec mouvement basculant - Bantam","robots":{"index":"index","follow":"follow","max-snippet":"max-snippet:-1","max-image-preview":"max-image-preview:large","max-video-preview":"max-video-preview:-1"},"canonical":"https:\/\/shop.bantam.ch\/fr\/produit\/marchepied-electronique-en-aluminium-avec-mouvement-basculant\/","og_locale":"fr_FR","og_type":"article","og_title":"Marchepied \u00e9lectronique en aluminium avec mouvement basculant - Bantam","og_description":"Marchepied avec mouvement oscillant pour montage direct sur le v\u00e9hicule. Marchepied en aluminium anodis\u00e9 antid\u00e9rapant. Structure en acier galvanis\u00e9. Motor\u00e9ducteur sur roulement \u00e0 billes. Signal LED au niveau ouvert. Mouvement rapide sur les bagues en laiton. Ouverture et fermeture en appuyant sur l&rsquo;interrupteur jusqu&rsquo;\u00e0 la fin de l&rsquo;entr\u00e9e ou de la sortie. Protection \u00e9lectronique qui [&hellip;]","og_url":"https:\/\/shop.bantam.ch\/fr\/produit\/marchepied-electronique-en-aluminium-avec-mouvement-basculant\/","og_site_name":"Bantam","article_modified_time":"2026-05-08T22:10:22+00:00","og_image":[{"width":1000,"height":525,"url":"https:\/\/shop.bantam.ch\/wp-content\/uploads\/2023\/03\/9940672-Trittstufe_mit_Schwingbewegung_35_cm_breit-Standard-01.jpg","type":"image\/jpeg"}],"twitter_card":"summary_large_image","schema":{"@context":"https:\/\/schema.org","@graph":[{"@type":"WebPage","@id":"https:\/\/shop.bantam.ch\/fr\/produit\/marchepied-electronique-en-aluminium-avec-mouvement-basculant\/","url":"https:\/\/shop.bantam.ch\/fr\/produit\/marchepied-electronique-en-aluminium-avec-mouvement-basculant\/","name":"Marchepied \u00e9lectronique en aluminium avec mouvement basculant - Bantam","isPartOf":{"@id":"https:\/\/shop.bantam.ch\/fr\/#website"},"primaryImageOfPage":{"@id":"https:\/\/shop.bantam.ch\/fr\/produit\/marchepied-electronique-en-aluminium-avec-mouvement-basculant\/#primaryimage"},"image":{"@id":"https:\/\/shop.bantam.ch\/fr\/produit\/marchepied-electronique-en-aluminium-avec-mouvement-basculant\/#primaryimage"},"thumbnailUrl":"https:\/\/shop.bantam.ch\/wp-content\/uploads\/2023\/03\/9940672-Trittstufe_mit_Schwingbewegung_35_cm_breit-Standard-01.jpg","datePublished":"2023-03-29T10:07:44+00:00","dateModified":"2026-05-08T22:10:22+00:00","breadcrumb":{"@id":"https:\/\/shop.bantam.ch\/fr\/produit\/marchepied-electronique-en-aluminium-avec-mouvement-basculant\/#breadcrumb"},"inLanguage":"fr-FR","potentialAction":[{"@type":"ReadAction","target":["https:\/\/shop.bantam.ch\/fr\/produit\/marchepied-electronique-en-aluminium-avec-mouvement-basculant\/"]}]},{"@type":"ImageObject","inLanguage":"fr-FR","@id":"https:\/\/shop.bantam.ch\/fr\/produit\/marchepied-electronique-en-aluminium-avec-mouvement-basculant\/#primaryimage","url":"https:\/\/shop.bantam.ch\/wp-content\/uploads\/2023\/03\/9940672-Trittstufe_mit_Schwingbewegung_35_cm_breit-Standard-01.jpg","contentUrl":"https:\/\/shop.bantam.ch\/wp-content\/uploads\/2023\/03\/9940672-Trittstufe_mit_Schwingbewegung_35_cm_breit-Standard-01.jpg","width":1000,"height":525},{"@type":"BreadcrumbList","@id":"https:\/\/shop.bantam.ch\/fr\/produit\/marchepied-electronique-en-aluminium-avec-mouvement-basculant\/#breadcrumb","itemListElement":[{"@type":"ListItem","position":1,"name":"Accueil","item":"https:\/\/shop.bantam.ch\/fr\/"},{"@type":"ListItem","position":2,"name":"Boutique","item":"https:\/\/shop.bantam.ch\/fr\/boutique\/"},{"@type":"ListItem","position":3,"name":"Marchepied \u00e9lectronique en aluminium avec mouvement basculant"}]},{"@type":"WebSite","@id":"https:\/\/shop.bantam.ch\/fr\/#website","url":"https:\/\/shop.bantam.ch\/fr\/","name":"Bantam","description":"","publisher":{"@id":"https:\/\/shop.bantam.ch\/fr\/#organization"},"inLanguage":"fr-FR"},{"@type":"Organization","@id":"https:\/\/shop.bantam.ch\/fr\/#organization","name":"Bantam","url":"https:\/\/shop.bantam.ch\/fr\/","logo":{"@type":"ImageObject","inLanguage":"fr-FR","@id":"https:\/\/shop.bantam.ch\/fr\/#\/schema\/logo\/image\/","url":"https:\/\/shop.bantam.ch\/wp-content\/uploads\/2022\/12\/bantam-logo.png","contentUrl":"https:\/\/shop.bantam.ch\/wp-content\/uploads\/2022\/12\/bantam-logo.png","width":320,"height":71,"caption":"Bantam"},"image":{"@id":"https:\/\/shop.bantam.ch\/fr\/#\/schema\/logo\/image\/"}}]}},"_links":{"self":[{"href":"https:\/\/shop.bantam.ch\/fr\/wp-json\/wp\/v2\/product\/165424","targetHints":{"allow":["GET"]}}],"collection":[{"href":"https:\/\/shop.bantam.ch\/fr\/wp-json\/wp\/v2\/product"}],"about":[{"href":"https:\/\/shop.bantam.ch\/fr\/wp-json\/wp\/v2\/types\/product"}],"wp:featuredmedia":[{"embeddable":true,"href":"https:\/\/shop.bantam.ch\/fr\/wp-json\/wp\/v2\/media\/165416"}],"wp:attachment":[{"href":"https:\/\/shop.bantam.ch\/fr\/wp-json\/wp\/v2\/media?parent=165424"}],"wp:term":[{"taxonomy":"product_featured_cat","embeddable":true,"href":"https:\/\/shop.bantam.ch\/fr\/wp-json\/wp\/v2\/product_featured_cat?post=165424"},{"taxonomy":"product_brand","embeddable":true,"href":"https:\/\/shop.bantam.ch\/fr\/wp-json\/wp\/v2\/product_brand?post=165424"},{"taxonomy":"product_cat","embeddable":true,"href":"https:\/\/shop.bantam.ch\/fr\/wp-json\/wp\/v2\/product_cat?post=165424"},{"taxonomy":"product_tag","embeddable":true,"href":"https:\/\/shop.bantam.ch\/fr\/wp-json\/wp\/v2\/product_tag?post=165424"}],"curies":[{"name":"wp","href":"https:\/\/api.w.org\/{rel}","templated":true}]}}