{"id":165350,"date":"2023-03-29T12:05:48","date_gmt":"2023-03-29T10:05:48","guid":{"rendered":"https:\/\/shop.bantam.ch\/produit\/feu-clignotant-feu-stop-feu-arriere-feu-antibrouillard-feu-de-recul-catadioptre-triangle-l3000\/"},"modified":"2026-04-18T00:09:19","modified_gmt":"2026-04-17T22:09:19","slug":"feu-clignotant-feu-stop-feu-arriere-feu-antibrouillard-feu-de-recul-catadioptre-triangle-l3000","status":"publish","type":"product","link":"https:\/\/shop.bantam.ch\/fr\/produit\/feu-clignotant-feu-stop-feu-arriere-feu-antibrouillard-feu-de-recul-catadioptre-triangle-l3000\/","title":{"rendered":"Feu clignotant, feu stop, feu arri\u00e8re, feu antibrouillard, feu de recul, catadioptre triangle L3000"},"content":{"rendered":"<p>Feu clignotant, feu stop, feu arri\u00e8re, feu antibrouillard, feu de recul, catadioptre triangle L3000 avec catadioptre triangulaire pour caravanes<\/p>\n","protected":false},"excerpt":{"rendered":"<p>Feu clignotant, feu stop, feu arri\u00e8re, feu antibrouillard, feu de recul, catadioptre triangle L3000 avec catadioptre triangulaire pour caravanes<\/p>\n","protected":false},"featured_media":165348,"template":"","meta":{"_acf_changed":false},"product_featured_cat":[],"product_brand":[3224],"product_cat":[4703],"product_tag":[],"class_list":{"0":"post-165350","1":"product","2":"type-product","3":"status-publish","4":"has-post-thumbnail","6":"product_brand-jokon","7":"product_cat-feux-arriere","9":"first","10":"instock","11":"taxable","12":"shipping-taxable","13":"purchasable","14":"product-type-variable"},"acf":[],"yoast_head":"<!-- This site is optimized with the Yoast SEO plugin v27.4 - https:\/\/yoast.com\/product\/yoast-seo-wordpress\/ -->\n<title>Feu clignotant, feu stop, feu arri\u00e8re, feu antibrouillard, feu de recul, catadioptre triangle L3000 - Bantam Wankm\u00fcller SA<\/title>\n<meta name=\"robots\" content=\"index, follow, max-snippet:-1, max-image-preview:large, max-video-preview:-1\" \/>\n<link rel=\"canonical\" href=\"https:\/\/shop.bantam.ch\/fr\/produit\/feu-clignotant-feu-stop-feu-arriere-feu-antibrouillard-feu-de-recul-catadioptre-triangle-l3000\/\" \/>\n<meta property=\"og:locale\" content=\"fr_FR\" \/>\n<meta property=\"og:type\" content=\"article\" \/>\n<meta property=\"og:title\" content=\"Feu clignotant, feu stop, feu arri\u00e8re, feu antibrouillard, feu de recul, catadioptre triangle L3000 - Bantam Wankm\u00fcller SA\" \/>\n<meta property=\"og:description\" content=\"Feu clignotant, feu stop, feu arri\u00e8re, feu antibrouillard, feu de recul, catadioptre triangle L3000 avec catadioptre triangulaire pour caravanes\" \/>\n<meta property=\"og:url\" content=\"https:\/\/shop.bantam.ch\/fr\/produit\/feu-clignotant-feu-stop-feu-arriere-feu-antibrouillard-feu-de-recul-catadioptre-triangle-l3000\/\" \/>\n<meta property=\"og:site_name\" content=\"Bantam Wankm\u00fcller SA\" \/>\n<meta property=\"article:modified_time\" content=\"2026-04-17T22:09:19+00:00\" \/>\n<meta property=\"og:image\" content=\"https:\/\/shop.bantam.ch\/wp-content\/uploads\/2023\/03\/9912728-Blink-Brems-Schluss-Nebelschluss-Rueckfahr-Dreieck-Rueckstrahler_L3000_links-Standard-01.jpg\" \/>\n\t<meta property=\"og:image:width\" content=\"1000\" \/>\n\t<meta property=\"og:image:height\" content=\"446\" \/>\n\t<meta property=\"og:image:type\" content=\"image\/jpeg\" \/>\n<meta name=\"twitter:card\" content=\"summary_large_image\" \/>\n<script type=\"application\/ld+json\" class=\"yoast-schema-graph\">{\"@context\":\"https:\\\/\\\/schema.org\",\"@graph\":[{\"@type\":\"WebPage\",\"@id\":\"https:\\\/\\\/shop.bantam.ch\\\/fr\\\/produit\\\/feu-clignotant-feu-stop-feu-arriere-feu-antibrouillard-feu-de-recul-catadioptre-triangle-l3000\\\/\",\"url\":\"https:\\\/\\\/shop.bantam.ch\\\/fr\\\/produit\\\/feu-clignotant-feu-stop-feu-arriere-feu-antibrouillard-feu-de-recul-catadioptre-triangle-l3000\\\/\",\"name\":\"Feu clignotant, feu stop, feu arri\u00e8re, feu antibrouillard, feu de recul, catadioptre triangle L3000 - Bantam Wankm\u00fcller SA\",\"isPartOf\":{\"@id\":\"https:\\\/\\\/shop.bantam.ch\\\/fr\\\/#website\"},\"primaryImageOfPage\":{\"@id\":\"https:\\\/\\\/shop.bantam.ch\\\/fr\\\/produit\\\/feu-clignotant-feu-stop-feu-arriere-feu-antibrouillard-feu-de-recul-catadioptre-triangle-l3000\\\/#primaryimage\"},\"image\":{\"@id\":\"https:\\\/\\\/shop.bantam.ch\\\/fr\\\/produit\\\/feu-clignotant-feu-stop-feu-arriere-feu-antibrouillard-feu-de-recul-catadioptre-triangle-l3000\\\/#primaryimage\"},\"thumbnailUrl\":\"https:\\\/\\\/shop.bantam.ch\\\/wp-content\\\/uploads\\\/2023\\\/03\\\/9912728-Blink-Brems-Schluss-Nebelschluss-Rueckfahr-Dreieck-Rueckstrahler_L3000_links-Standard-01.jpg\",\"datePublished\":\"2023-03-29T10:05:48+00:00\",\"dateModified\":\"2026-04-17T22:09:19+00:00\",\"breadcrumb\":{\"@id\":\"https:\\\/\\\/shop.bantam.ch\\\/fr\\\/produit\\\/feu-clignotant-feu-stop-feu-arriere-feu-antibrouillard-feu-de-recul-catadioptre-triangle-l3000\\\/#breadcrumb\"},\"inLanguage\":\"fr-FR\",\"potentialAction\":[{\"@type\":\"ReadAction\",\"target\":[\"https:\\\/\\\/shop.bantam.ch\\\/fr\\\/produit\\\/feu-clignotant-feu-stop-feu-arriere-feu-antibrouillard-feu-de-recul-catadioptre-triangle-l3000\\\/\"]}]},{\"@type\":\"ImageObject\",\"inLanguage\":\"fr-FR\",\"@id\":\"https:\\\/\\\/shop.bantam.ch\\\/fr\\\/produit\\\/feu-clignotant-feu-stop-feu-arriere-feu-antibrouillard-feu-de-recul-catadioptre-triangle-l3000\\\/#primaryimage\",\"url\":\"https:\\\/\\\/shop.bantam.ch\\\/wp-content\\\/uploads\\\/2023\\\/03\\\/9912728-Blink-Brems-Schluss-Nebelschluss-Rueckfahr-Dreieck-Rueckstrahler_L3000_links-Standard-01.jpg\",\"contentUrl\":\"https:\\\/\\\/shop.bantam.ch\\\/wp-content\\\/uploads\\\/2023\\\/03\\\/9912728-Blink-Brems-Schluss-Nebelschluss-Rueckfahr-Dreieck-Rueckstrahler_L3000_links-Standard-01.jpg\",\"width\":1000,\"height\":446},{\"@type\":\"BreadcrumbList\",\"@id\":\"https:\\\/\\\/shop.bantam.ch\\\/fr\\\/produit\\\/feu-clignotant-feu-stop-feu-arriere-feu-antibrouillard-feu-de-recul-catadioptre-triangle-l3000\\\/#breadcrumb\",\"itemListElement\":[{\"@type\":\"ListItem\",\"position\":1,\"name\":\"Accueil\",\"item\":\"https:\\\/\\\/shop.bantam.ch\\\/fr\\\/\"},{\"@type\":\"ListItem\",\"position\":2,\"name\":\"Boutique\",\"item\":\"https:\\\/\\\/shop.bantam.ch\\\/fr\\\/boutique\\\/\"},{\"@type\":\"ListItem\",\"position\":3,\"name\":\"Feu clignotant, feu stop, feu arri\u00e8re, feu antibrouillard, feu de recul, catadioptre triangle L3000\"}]},{\"@type\":\"WebSite\",\"@id\":\"https:\\\/\\\/shop.bantam.ch\\\/fr\\\/#website\",\"url\":\"https:\\\/\\\/shop.bantam.ch\\\/fr\\\/\",\"name\":\"Bantam Wankm\u00fcller SA\",\"description\":\"\",\"publisher\":{\"@id\":\"https:\\\/\\\/shop.bantam.ch\\\/fr\\\/#organization\"},\"inLanguage\":\"fr-FR\"},{\"@type\":\"Organization\",\"@id\":\"https:\\\/\\\/shop.bantam.ch\\\/fr\\\/#organization\",\"name\":\"Bantam Wankm\u00fcller SA\",\"url\":\"https:\\\/\\\/shop.bantam.ch\\\/fr\\\/\",\"logo\":{\"@type\":\"ImageObject\",\"inLanguage\":\"fr-FR\",\"@id\":\"https:\\\/\\\/shop.bantam.ch\\\/fr\\\/#\\\/schema\\\/logo\\\/image\\\/\",\"url\":\"https:\\\/\\\/shop.bantam.ch\\\/wp-content\\\/uploads\\\/2022\\\/12\\\/bantam-logo.png\",\"contentUrl\":\"https:\\\/\\\/shop.bantam.ch\\\/wp-content\\\/uploads\\\/2022\\\/12\\\/bantam-logo.png\",\"width\":320,\"height\":71,\"caption\":\"Bantam Wankm\u00fcller SA\"},\"image\":{\"@id\":\"https:\\\/\\\/shop.bantam.ch\\\/fr\\\/#\\\/schema\\\/logo\\\/image\\\/\"}}]}<\/script>\n<!-- \/ Yoast SEO plugin. -->","yoast_head_json":{"title":"Feu clignotant, feu stop, feu arri\u00e8re, feu antibrouillard, feu de recul, catadioptre triangle L3000 - Bantam Wankm\u00fcller SA","robots":{"index":"index","follow":"follow","max-snippet":"max-snippet:-1","max-image-preview":"max-image-preview:large","max-video-preview":"max-video-preview:-1"},"canonical":"https:\/\/shop.bantam.ch\/fr\/produit\/feu-clignotant-feu-stop-feu-arriere-feu-antibrouillard-feu-de-recul-catadioptre-triangle-l3000\/","og_locale":"fr_FR","og_type":"article","og_title":"Feu clignotant, feu stop, feu arri\u00e8re, feu antibrouillard, feu de recul, catadioptre triangle L3000 - Bantam Wankm\u00fcller SA","og_description":"Feu clignotant, feu stop, feu arri\u00e8re, feu antibrouillard, feu de recul, catadioptre triangle L3000 avec catadioptre triangulaire pour caravanes","og_url":"https:\/\/shop.bantam.ch\/fr\/produit\/feu-clignotant-feu-stop-feu-arriere-feu-antibrouillard-feu-de-recul-catadioptre-triangle-l3000\/","og_site_name":"Bantam Wankm\u00fcller SA","article_modified_time":"2026-04-17T22:09:19+00:00","og_image":[{"width":1000,"height":446,"url":"https:\/\/shop.bantam.ch\/wp-content\/uploads\/2023\/03\/9912728-Blink-Brems-Schluss-Nebelschluss-Rueckfahr-Dreieck-Rueckstrahler_L3000_links-Standard-01.jpg","type":"image\/jpeg"}],"twitter_card":"summary_large_image","schema":{"@context":"https:\/\/schema.org","@graph":[{"@type":"WebPage","@id":"https:\/\/shop.bantam.ch\/fr\/produit\/feu-clignotant-feu-stop-feu-arriere-feu-antibrouillard-feu-de-recul-catadioptre-triangle-l3000\/","url":"https:\/\/shop.bantam.ch\/fr\/produit\/feu-clignotant-feu-stop-feu-arriere-feu-antibrouillard-feu-de-recul-catadioptre-triangle-l3000\/","name":"Feu clignotant, feu stop, feu arri\u00e8re, feu antibrouillard, feu de recul, catadioptre triangle L3000 - Bantam Wankm\u00fcller SA","isPartOf":{"@id":"https:\/\/shop.bantam.ch\/fr\/#website"},"primaryImageOfPage":{"@id":"https:\/\/shop.bantam.ch\/fr\/produit\/feu-clignotant-feu-stop-feu-arriere-feu-antibrouillard-feu-de-recul-catadioptre-triangle-l3000\/#primaryimage"},"image":{"@id":"https:\/\/shop.bantam.ch\/fr\/produit\/feu-clignotant-feu-stop-feu-arriere-feu-antibrouillard-feu-de-recul-catadioptre-triangle-l3000\/#primaryimage"},"thumbnailUrl":"https:\/\/shop.bantam.ch\/wp-content\/uploads\/2023\/03\/9912728-Blink-Brems-Schluss-Nebelschluss-Rueckfahr-Dreieck-Rueckstrahler_L3000_links-Standard-01.jpg","datePublished":"2023-03-29T10:05:48+00:00","dateModified":"2026-04-17T22:09:19+00:00","breadcrumb":{"@id":"https:\/\/shop.bantam.ch\/fr\/produit\/feu-clignotant-feu-stop-feu-arriere-feu-antibrouillard-feu-de-recul-catadioptre-triangle-l3000\/#breadcrumb"},"inLanguage":"fr-FR","potentialAction":[{"@type":"ReadAction","target":["https:\/\/shop.bantam.ch\/fr\/produit\/feu-clignotant-feu-stop-feu-arriere-feu-antibrouillard-feu-de-recul-catadioptre-triangle-l3000\/"]}]},{"@type":"ImageObject","inLanguage":"fr-FR","@id":"https:\/\/shop.bantam.ch\/fr\/produit\/feu-clignotant-feu-stop-feu-arriere-feu-antibrouillard-feu-de-recul-catadioptre-triangle-l3000\/#primaryimage","url":"https:\/\/shop.bantam.ch\/wp-content\/uploads\/2023\/03\/9912728-Blink-Brems-Schluss-Nebelschluss-Rueckfahr-Dreieck-Rueckstrahler_L3000_links-Standard-01.jpg","contentUrl":"https:\/\/shop.bantam.ch\/wp-content\/uploads\/2023\/03\/9912728-Blink-Brems-Schluss-Nebelschluss-Rueckfahr-Dreieck-Rueckstrahler_L3000_links-Standard-01.jpg","width":1000,"height":446},{"@type":"BreadcrumbList","@id":"https:\/\/shop.bantam.ch\/fr\/produit\/feu-clignotant-feu-stop-feu-arriere-feu-antibrouillard-feu-de-recul-catadioptre-triangle-l3000\/#breadcrumb","itemListElement":[{"@type":"ListItem","position":1,"name":"Accueil","item":"https:\/\/shop.bantam.ch\/fr\/"},{"@type":"ListItem","position":2,"name":"Boutique","item":"https:\/\/shop.bantam.ch\/fr\/boutique\/"},{"@type":"ListItem","position":3,"name":"Feu clignotant, feu stop, feu arri\u00e8re, feu antibrouillard, feu de recul, catadioptre triangle L3000"}]},{"@type":"WebSite","@id":"https:\/\/shop.bantam.ch\/fr\/#website","url":"https:\/\/shop.bantam.ch\/fr\/","name":"Bantam Wankm\u00fcller SA","description":"","publisher":{"@id":"https:\/\/shop.bantam.ch\/fr\/#organization"},"inLanguage":"fr-FR"},{"@type":"Organization","@id":"https:\/\/shop.bantam.ch\/fr\/#organization","name":"Bantam Wankm\u00fcller SA","url":"https:\/\/shop.bantam.ch\/fr\/","logo":{"@type":"ImageObject","inLanguage":"fr-FR","@id":"https:\/\/shop.bantam.ch\/fr\/#\/schema\/logo\/image\/","url":"https:\/\/shop.bantam.ch\/wp-content\/uploads\/2022\/12\/bantam-logo.png","contentUrl":"https:\/\/shop.bantam.ch\/wp-content\/uploads\/2022\/12\/bantam-logo.png","width":320,"height":71,"caption":"Bantam Wankm\u00fcller SA"},"image":{"@id":"https:\/\/shop.bantam.ch\/fr\/#\/schema\/logo\/image\/"}}]}},"_links":{"self":[{"href":"https:\/\/shop.bantam.ch\/fr\/wp-json\/wp\/v2\/product\/165350","targetHints":{"allow":["GET"]}}],"collection":[{"href":"https:\/\/shop.bantam.ch\/fr\/wp-json\/wp\/v2\/product"}],"about":[{"href":"https:\/\/shop.bantam.ch\/fr\/wp-json\/wp\/v2\/types\/product"}],"wp:featuredmedia":[{"embeddable":true,"href":"https:\/\/shop.bantam.ch\/fr\/wp-json\/wp\/v2\/media\/165348"}],"wp:attachment":[{"href":"https:\/\/shop.bantam.ch\/fr\/wp-json\/wp\/v2\/media?parent=165350"}],"wp:term":[{"taxonomy":"product_featured_cat","embeddable":true,"href":"https:\/\/shop.bantam.ch\/fr\/wp-json\/wp\/v2\/product_featured_cat?post=165350"},{"taxonomy":"product_brand","embeddable":true,"href":"https:\/\/shop.bantam.ch\/fr\/wp-json\/wp\/v2\/product_brand?post=165350"},{"taxonomy":"product_cat","embeddable":true,"href":"https:\/\/shop.bantam.ch\/fr\/wp-json\/wp\/v2\/product_cat?post=165350"},{"taxonomy":"product_tag","embeddable":true,"href":"https:\/\/shop.bantam.ch\/fr\/wp-json\/wp\/v2\/product_tag?post=165350"}],"curies":[{"name":"wp","href":"https:\/\/api.w.org\/{rel}","templated":true}]}}