{"id":165056,"date":"2023-03-29T11:56:59","date_gmt":"2023-03-29T09:56:59","guid":{"rendered":"https:\/\/shop.bantam.ch\/produit\/tente-de-toit\/"},"modified":"2026-04-18T00:05:20","modified_gmt":"2026-04-17T22:05:20","slug":"tente-de-toit","status":"publish","type":"product","link":"https:\/\/shop.bantam.ch\/fr\/produit\/tente-de-toit\/","title":{"rendered":"Tente de toit"},"content":{"rendered":"<p>Avec son espace particuli\u00e8rement grand, la tente AirPass s\u00e9duit par un confort de couchage exceptionnel. Les caract\u00e9ristiques techniques sont \u00e9galement remarquables. Cette gamme de tentes Made in Italy est r\u00e9alis\u00e9e en GFK, un mat\u00e9riau tr\u00e8s isolant thermiquement et facile \u00e0 r\u00e9parer. La finition haut de gamme et le design l\u00e9ger et \u00e9l\u00e9gant de la tente sont adapt\u00e9s aux petits v\u00e9hicules ainsi qu\u2019aux SUV, aux camionnettes et aux v\u00e9hicules tout-terrain. Gr\u00e2ce au syst\u00e8me de d\u00e9placement parall\u00e8le et \u00e0 l\u2019utilisation de ressorts pneumatiques dans les angles, la tente AirPass fait des miracles en termes d\u2019espace. \u00c0 l\u2019int\u00e9rieur, l\u2019AirPass dispose d\u2019un espace suffisant pour y installer des coussins et un sac de couchage sur le matelas en mousse. La toile respirante et l\u2019habillage de plafond anti-condensation favorisent une excellente atmosph\u00e8re \u00e0 l\u2019int\u00e9rieur. Pour une aventure de premi\u00e8re classe ou un week-end reposant en famille, la tente AirPass est celle qu\u2019il vous faut.<\/p>\n<p><strong>Design unique<br \/><\/strong>Lorsque sa coque est referm\u00e9e, sa hauteur est de seulement 25\u00a0cm. En position ouverte, la hauteur ext\u00e9rieure est de 98 cm, ce qui offre un espace g\u00e9n\u00e9reux \u00e0 l\u2019int\u00e9rieur.<\/p>\n<p><strong>M\u00e9canisme d\u2019ouverture automatique\u00a0<br \/><\/strong>La coque s\u2019ouvre en deux \u00e9tapes gr\u00e2ce aux ressorts pneumatiques qui y sont parfaitement int\u00e9gr\u00e9s. Quatre fixations permettent d\u2019ouvrir et de d\u00e9plier la tente en quelques secondes.<\/p>\n<p><strong>Coques de toit<br \/><\/strong>R\u00e9alis\u00e9es enti\u00e8rement \u00e0 la main, en fibre de verre (GFK). En comparaison avec les mati\u00e8res plastiques traditionnelles, le GFK est un mat\u00e9riau tr\u00e8s isolant thermiquement, r\u00e9sistant aux intemp\u00e9ries et facile \u00e0 r\u00e9parer. Les coques de toit sont \u00e9galement thermo-r\u00e9fl\u00e9chissantes, durables et ind\u00e9formables.<\/p>\n<p><strong>Tissu<br \/>La toile est en Airtex\u00ae (100% polyester (avec un rev\u00eatement acrylique)).  un excellent tissu fabriqu\u00e9 en Allemagne. Le mat\u00e9riau s\u00e9duit par une grande imperm\u00e9abilit\u00e9 (colonne d\u2019eau 600\u00a0mm) et une perm\u00e9abilit\u00e9 \u00e0 la vapeur d\u2019eau de 440\u00a0g\/m\u00b2 en 24\u00a0heures. Il est en outre extr\u00eamement solide, l\u00e9ger, compact et ne forme aucun pli.<\/strong><\/p>\n<p><strong><\/p>\n<p><strong>\u00c9quipement standard<br \/><\/strong>Quatre fixations pour l\u2019installation sur la galerie, deux portes et deux fen\u00eatres avec ouvertures r\u00e9glables et moustiquaires. Deux sacs amovibles sur les c\u00f4t\u00e9s, bandes \u00e9lastiques pour faciliter le pliage du tissu, deux \u00e0 quatre coussins selon les mod\u00e8les, \u00e9chelle en aluminium \u00e0 hauteur r\u00e9glable (longueur 130\u00a0&#8211; 230\u00a0cm) avec housse.<\/p>\n<p><strong>Certification\u00a0T\u00dcV<br \/><\/strong>Nos tentes de toit AirPass sont certifi\u00e9es conformes \u00e0 la norme DIN\u00a075302:1991 par l\u2019organisme\u00a0T\u00dcV. Cette certification valide le niveau de s\u00e9curit\u00e9 exceptionnel et la qualit\u00e9 optimale de nos tentes de toit.<\/p>\n<p><\/strong><\/p>\n","protected":false},"excerpt":{"rendered":"<p>Avec son espace particuli\u00e8rement grand, la tente AirPass s\u00e9duit par un confort de couchage exceptionnel. Les caract\u00e9ristiques techniques sont \u00e9galement remarquables. Cette gamme de tentes Made in Italy est r\u00e9alis\u00e9e en GFK, un mat\u00e9riau tr\u00e8s isolant thermiquement et facile \u00e0 r\u00e9parer. La finition haut de gamme et le design l\u00e9ger et \u00e9l\u00e9gant de la tente [&hellip;]<\/p>\n","protected":false},"featured_media":165046,"template":"","meta":{"_acf_changed":false},"product_featured_cat":[],"product_brand":[3404],"product_cat":[4243],"product_tag":[],"class_list":{"0":"post-165056","1":"product","2":"type-product","3":"status-publish","4":"has-post-thumbnail","6":"product_brand-airpass-by-autohome","7":"product_cat-tentes-de-toit","9":"first","10":"instock","11":"taxable","12":"shipping-taxable","13":"purchasable","14":"product-type-variable"},"acf":[],"yoast_head":"<!-- This site is optimized with the Yoast SEO plugin v27.4 - https:\/\/yoast.com\/product\/yoast-seo-wordpress\/ -->\n<title>Tente de toit - Bantam Wankm\u00fcller SA<\/title>\n<meta name=\"robots\" content=\"index, follow, max-snippet:-1, max-image-preview:large, max-video-preview:-1\" \/>\n<link rel=\"canonical\" href=\"https:\/\/shop.bantam.ch\/fr\/produit\/tente-de-toit\/\" \/>\n<meta property=\"og:locale\" content=\"fr_FR\" \/>\n<meta property=\"og:type\" content=\"article\" \/>\n<meta property=\"og:title\" content=\"Tente de toit - Bantam Wankm\u00fcller SA\" \/>\n<meta property=\"og:description\" content=\"Avec son espace particuli\u00e8rement grand, la tente AirPass s\u00e9duit par un confort de couchage exceptionnel. Les caract\u00e9ristiques techniques sont \u00e9galement remarquables. Cette gamme de tentes Made in Italy est r\u00e9alis\u00e9e en GFK, un mat\u00e9riau tr\u00e8s isolant thermiquement et facile \u00e0 r\u00e9parer. La finition haut de gamme et le design l\u00e9ger et \u00e9l\u00e9gant de la tente [&hellip;]\" \/>\n<meta property=\"og:url\" content=\"https:\/\/shop.bantam.ch\/fr\/produit\/tente-de-toit\/\" \/>\n<meta property=\"og:site_name\" content=\"Bantam Wankm\u00fcller SA\" \/>\n<meta property=\"article:modified_time\" content=\"2026-04-17T22:05:20+00:00\" \/>\n<meta property=\"og:image\" content=\"https:\/\/shop.bantam.ch\/wp-content\/uploads\/2023\/03\/9955021-Dachzelt_Airpass_Small_210_x_130_Fb_Gray-Standard-01.jpg\" \/>\n\t<meta property=\"og:image:width\" content=\"1000\" \/>\n\t<meta property=\"og:image:height\" content=\"667\" \/>\n\t<meta property=\"og:image:type\" content=\"image\/jpeg\" \/>\n<meta name=\"twitter:card\" content=\"summary_large_image\" \/>\n<meta name=\"twitter:label1\" content=\"Dur\u00e9e de lecture estim\u00e9e\" \/>\n\t<meta name=\"twitter:data1\" content=\"2 minutes\" \/>\n<script type=\"application\/ld+json\" class=\"yoast-schema-graph\">{\"@context\":\"https:\\\/\\\/schema.org\",\"@graph\":[{\"@type\":\"WebPage\",\"@id\":\"https:\\\/\\\/shop.bantam.ch\\\/fr\\\/produit\\\/tente-de-toit\\\/\",\"url\":\"https:\\\/\\\/shop.bantam.ch\\\/fr\\\/produit\\\/tente-de-toit\\\/\",\"name\":\"Tente de toit - Bantam Wankm\u00fcller SA\",\"isPartOf\":{\"@id\":\"https:\\\/\\\/shop.bantam.ch\\\/fr\\\/#website\"},\"primaryImageOfPage\":{\"@id\":\"https:\\\/\\\/shop.bantam.ch\\\/fr\\\/produit\\\/tente-de-toit\\\/#primaryimage\"},\"image\":{\"@id\":\"https:\\\/\\\/shop.bantam.ch\\\/fr\\\/produit\\\/tente-de-toit\\\/#primaryimage\"},\"thumbnailUrl\":\"https:\\\/\\\/shop.bantam.ch\\\/wp-content\\\/uploads\\\/2023\\\/03\\\/9955021-Dachzelt_Airpass_Small_210_x_130_Fb_Gray-Standard-01.jpg\",\"datePublished\":\"2023-03-29T09:56:59+00:00\",\"dateModified\":\"2026-04-17T22:05:20+00:00\",\"breadcrumb\":{\"@id\":\"https:\\\/\\\/shop.bantam.ch\\\/fr\\\/produit\\\/tente-de-toit\\\/#breadcrumb\"},\"inLanguage\":\"fr-FR\",\"potentialAction\":[{\"@type\":\"ReadAction\",\"target\":[\"https:\\\/\\\/shop.bantam.ch\\\/fr\\\/produit\\\/tente-de-toit\\\/\"]}]},{\"@type\":\"ImageObject\",\"inLanguage\":\"fr-FR\",\"@id\":\"https:\\\/\\\/shop.bantam.ch\\\/fr\\\/produit\\\/tente-de-toit\\\/#primaryimage\",\"url\":\"https:\\\/\\\/shop.bantam.ch\\\/wp-content\\\/uploads\\\/2023\\\/03\\\/9955021-Dachzelt_Airpass_Small_210_x_130_Fb_Gray-Standard-01.jpg\",\"contentUrl\":\"https:\\\/\\\/shop.bantam.ch\\\/wp-content\\\/uploads\\\/2023\\\/03\\\/9955021-Dachzelt_Airpass_Small_210_x_130_Fb_Gray-Standard-01.jpg\",\"width\":1000,\"height\":667},{\"@type\":\"BreadcrumbList\",\"@id\":\"https:\\\/\\\/shop.bantam.ch\\\/fr\\\/produit\\\/tente-de-toit\\\/#breadcrumb\",\"itemListElement\":[{\"@type\":\"ListItem\",\"position\":1,\"name\":\"Accueil\",\"item\":\"https:\\\/\\\/shop.bantam.ch\\\/fr\\\/\"},{\"@type\":\"ListItem\",\"position\":2,\"name\":\"Boutique\",\"item\":\"https:\\\/\\\/shop.bantam.ch\\\/fr\\\/boutique\\\/\"},{\"@type\":\"ListItem\",\"position\":3,\"name\":\"Tente de toit\"}]},{\"@type\":\"WebSite\",\"@id\":\"https:\\\/\\\/shop.bantam.ch\\\/fr\\\/#website\",\"url\":\"https:\\\/\\\/shop.bantam.ch\\\/fr\\\/\",\"name\":\"Bantam Wankm\u00fcller SA\",\"description\":\"\",\"publisher\":{\"@id\":\"https:\\\/\\\/shop.bantam.ch\\\/fr\\\/#organization\"},\"inLanguage\":\"fr-FR\"},{\"@type\":\"Organization\",\"@id\":\"https:\\\/\\\/shop.bantam.ch\\\/fr\\\/#organization\",\"name\":\"Bantam Wankm\u00fcller SA\",\"url\":\"https:\\\/\\\/shop.bantam.ch\\\/fr\\\/\",\"logo\":{\"@type\":\"ImageObject\",\"inLanguage\":\"fr-FR\",\"@id\":\"https:\\\/\\\/shop.bantam.ch\\\/fr\\\/#\\\/schema\\\/logo\\\/image\\\/\",\"url\":\"https:\\\/\\\/shop.bantam.ch\\\/wp-content\\\/uploads\\\/2022\\\/12\\\/bantam-logo.png\",\"contentUrl\":\"https:\\\/\\\/shop.bantam.ch\\\/wp-content\\\/uploads\\\/2022\\\/12\\\/bantam-logo.png\",\"width\":320,\"height\":71,\"caption\":\"Bantam Wankm\u00fcller SA\"},\"image\":{\"@id\":\"https:\\\/\\\/shop.bantam.ch\\\/fr\\\/#\\\/schema\\\/logo\\\/image\\\/\"}}]}<\/script>\n<!-- \/ Yoast SEO plugin. -->","yoast_head_json":{"title":"Tente de toit - Bantam Wankm\u00fcller SA","robots":{"index":"index","follow":"follow","max-snippet":"max-snippet:-1","max-image-preview":"max-image-preview:large","max-video-preview":"max-video-preview:-1"},"canonical":"https:\/\/shop.bantam.ch\/fr\/produit\/tente-de-toit\/","og_locale":"fr_FR","og_type":"article","og_title":"Tente de toit - Bantam Wankm\u00fcller SA","og_description":"Avec son espace particuli\u00e8rement grand, la tente AirPass s\u00e9duit par un confort de couchage exceptionnel. Les caract\u00e9ristiques techniques sont \u00e9galement remarquables. Cette gamme de tentes Made in Italy est r\u00e9alis\u00e9e en GFK, un mat\u00e9riau tr\u00e8s isolant thermiquement et facile \u00e0 r\u00e9parer. La finition haut de gamme et le design l\u00e9ger et \u00e9l\u00e9gant de la tente [&hellip;]","og_url":"https:\/\/shop.bantam.ch\/fr\/produit\/tente-de-toit\/","og_site_name":"Bantam Wankm\u00fcller SA","article_modified_time":"2026-04-17T22:05:20+00:00","og_image":[{"width":1000,"height":667,"url":"https:\/\/shop.bantam.ch\/wp-content\/uploads\/2023\/03\/9955021-Dachzelt_Airpass_Small_210_x_130_Fb_Gray-Standard-01.jpg","type":"image\/jpeg"}],"twitter_card":"summary_large_image","twitter_misc":{"Dur\u00e9e de lecture estim\u00e9e":"2 minutes"},"schema":{"@context":"https:\/\/schema.org","@graph":[{"@type":"WebPage","@id":"https:\/\/shop.bantam.ch\/fr\/produit\/tente-de-toit\/","url":"https:\/\/shop.bantam.ch\/fr\/produit\/tente-de-toit\/","name":"Tente de toit - Bantam Wankm\u00fcller SA","isPartOf":{"@id":"https:\/\/shop.bantam.ch\/fr\/#website"},"primaryImageOfPage":{"@id":"https:\/\/shop.bantam.ch\/fr\/produit\/tente-de-toit\/#primaryimage"},"image":{"@id":"https:\/\/shop.bantam.ch\/fr\/produit\/tente-de-toit\/#primaryimage"},"thumbnailUrl":"https:\/\/shop.bantam.ch\/wp-content\/uploads\/2023\/03\/9955021-Dachzelt_Airpass_Small_210_x_130_Fb_Gray-Standard-01.jpg","datePublished":"2023-03-29T09:56:59+00:00","dateModified":"2026-04-17T22:05:20+00:00","breadcrumb":{"@id":"https:\/\/shop.bantam.ch\/fr\/produit\/tente-de-toit\/#breadcrumb"},"inLanguage":"fr-FR","potentialAction":[{"@type":"ReadAction","target":["https:\/\/shop.bantam.ch\/fr\/produit\/tente-de-toit\/"]}]},{"@type":"ImageObject","inLanguage":"fr-FR","@id":"https:\/\/shop.bantam.ch\/fr\/produit\/tente-de-toit\/#primaryimage","url":"https:\/\/shop.bantam.ch\/wp-content\/uploads\/2023\/03\/9955021-Dachzelt_Airpass_Small_210_x_130_Fb_Gray-Standard-01.jpg","contentUrl":"https:\/\/shop.bantam.ch\/wp-content\/uploads\/2023\/03\/9955021-Dachzelt_Airpass_Small_210_x_130_Fb_Gray-Standard-01.jpg","width":1000,"height":667},{"@type":"BreadcrumbList","@id":"https:\/\/shop.bantam.ch\/fr\/produit\/tente-de-toit\/#breadcrumb","itemListElement":[{"@type":"ListItem","position":1,"name":"Accueil","item":"https:\/\/shop.bantam.ch\/fr\/"},{"@type":"ListItem","position":2,"name":"Boutique","item":"https:\/\/shop.bantam.ch\/fr\/boutique\/"},{"@type":"ListItem","position":3,"name":"Tente de toit"}]},{"@type":"WebSite","@id":"https:\/\/shop.bantam.ch\/fr\/#website","url":"https:\/\/shop.bantam.ch\/fr\/","name":"Bantam Wankm\u00fcller SA","description":"","publisher":{"@id":"https:\/\/shop.bantam.ch\/fr\/#organization"},"inLanguage":"fr-FR"},{"@type":"Organization","@id":"https:\/\/shop.bantam.ch\/fr\/#organization","name":"Bantam Wankm\u00fcller SA","url":"https:\/\/shop.bantam.ch\/fr\/","logo":{"@type":"ImageObject","inLanguage":"fr-FR","@id":"https:\/\/shop.bantam.ch\/fr\/#\/schema\/logo\/image\/","url":"https:\/\/shop.bantam.ch\/wp-content\/uploads\/2022\/12\/bantam-logo.png","contentUrl":"https:\/\/shop.bantam.ch\/wp-content\/uploads\/2022\/12\/bantam-logo.png","width":320,"height":71,"caption":"Bantam Wankm\u00fcller SA"},"image":{"@id":"https:\/\/shop.bantam.ch\/fr\/#\/schema\/logo\/image\/"}}]}},"_links":{"self":[{"href":"https:\/\/shop.bantam.ch\/fr\/wp-json\/wp\/v2\/product\/165056","targetHints":{"allow":["GET"]}}],"collection":[{"href":"https:\/\/shop.bantam.ch\/fr\/wp-json\/wp\/v2\/product"}],"about":[{"href":"https:\/\/shop.bantam.ch\/fr\/wp-json\/wp\/v2\/types\/product"}],"wp:featuredmedia":[{"embeddable":true,"href":"https:\/\/shop.bantam.ch\/fr\/wp-json\/wp\/v2\/media\/165046"}],"wp:attachment":[{"href":"https:\/\/shop.bantam.ch\/fr\/wp-json\/wp\/v2\/media?parent=165056"}],"wp:term":[{"taxonomy":"product_featured_cat","embeddable":true,"href":"https:\/\/shop.bantam.ch\/fr\/wp-json\/wp\/v2\/product_featured_cat?post=165056"},{"taxonomy":"product_brand","embeddable":true,"href":"https:\/\/shop.bantam.ch\/fr\/wp-json\/wp\/v2\/product_brand?post=165056"},{"taxonomy":"product_cat","embeddable":true,"href":"https:\/\/shop.bantam.ch\/fr\/wp-json\/wp\/v2\/product_cat?post=165056"},{"taxonomy":"product_tag","embeddable":true,"href":"https:\/\/shop.bantam.ch\/fr\/wp-json\/wp\/v2\/product_tag?post=165056"}],"curies":[{"name":"wp","href":"https:\/\/api.w.org\/{rel}","templated":true}]}}