{"id":164460,"date":"2023-03-29T11:35:56","date_gmt":"2023-03-29T09:35:56","guid":{"rendered":"https:\/\/shop.bantam.ch\/produit\/glaciere-cool-freeze-cfx3\/"},"modified":"2026-05-03T00:27:24","modified_gmt":"2026-05-02T22:27:24","slug":"glaciere-cool-freeze-cfx3","status":"publish","type":"product","link":"https:\/\/shop.bantam.ch\/fr\/produit\/glaciere-cool-freeze-cfx3\/","title":{"rendered":"Glaci\u00e8re Cool Freeze CFX3"},"content":{"rendered":"<p>Avec la Dometic CFX3, vos aventures en plein air prennent une toute autre dimension. Profitez \u00e0 tout moment d&rsquo;aliments frais et de boissons bien r\u00e9frig\u00e9r\u00e9es ! Possible gr\u00e2ce \u00e0 la technologie de refroidissement VMSO3 de Dometic, leader sur le march\u00e9. Son c\u0153ur est un compresseur \u00e0 vitesse contr\u00f4l\u00e9e avec un logiciel optimis\u00e9 pour une r\u00e9frig\u00e9ration et une cong\u00e9lation puissantes et une efficacit\u00e9 \u00e9nerg\u00e9tique sup\u00e9rieure. La CFX3 est \u00e9quip\u00e9e d&rsquo;un cadre de protection l\u00e9ger mais robuste. Il est donc id\u00e9al pour une utilisation en ext\u00e9rieur. De solides poign\u00e9es en aluminium mont\u00e9es sur ressort facilitent la prise en main et le transport. La temp\u00e9rature de refroidissement de votre CFX3 peut \u00eatre r\u00e9gl\u00e9e sur l&rsquo;\u00e9cran TFT. Vous pouvez \u00e9galement t\u00e9l\u00e9charger l&rsquo;application Dometic et naviguer dans le menu \u00e0 votre guise.<\/p>\n<p>Caract\u00e9ristiques et fonctions :<\/p>\n<ul>\n<li>Puissant compresseur VMSO3 \u00e0 vitesse contr\u00f4l\u00e9e pour la r\u00e9frig\u00e9ration et la cong\u00e9lation jusqu&rsquo;\u00e0 -22\u00a0\u00b0C avec une consommation d&rsquo;\u00e9nergie optimale<\/li>\n<li>Construction robuste mais l\u00e9g\u00e8re avec cadre de protection des bords et couvercle enti\u00e8rement isol\u00e9 avec charni\u00e8res en aluminium<\/li>\n<li>L&rsquo;\u00e9cran de contr\u00f4le TFT int\u00e9gr\u00e9 affiche l&rsquo;\u00e9tat de fonctionnement<\/li>\n<li>Comprend des paniers m\u00e9talliques amovibles avec des s\u00e9parateurs pour un stockage int\u00e9rieur optimal (sauf CFX3 35)<\/li>\n<li>Deux compartiments \u00e0 temp\u00e9rature r\u00e9glable s\u00e9par\u00e9ment pour la r\u00e9frig\u00e9ration et la cong\u00e9lation simultan\u00e9es (uniquement DZ)<\/li>\n<li>Machine \u00e0 gla\u00e7ons int\u00e9gr\u00e9e pour la production de gla\u00e7ons en quelques heures (seulement 55IM)<\/li>\n<li>L\u2019application CFX pour smartphone permet le contr\u00f4le de la temp\u00e9rature via Bluetooth ou WLAN et fournit un historique des performances<\/li>\n<\/ul>\n<p>\u00a0<\/p>\n<p>\u00a0<\/p>\n","protected":false},"excerpt":{"rendered":"<p>Avec la Dometic CFX3, vos aventures en plein air prennent une toute autre dimension. Profitez \u00e0 tout moment d&rsquo;aliments frais et de boissons bien r\u00e9frig\u00e9r\u00e9es ! Possible gr\u00e2ce \u00e0 la technologie de refroidissement VMSO3 de Dometic, leader sur le march\u00e9. Son c\u0153ur est un compresseur \u00e0 vitesse contr\u00f4l\u00e9e avec un logiciel optimis\u00e9 pour une r\u00e9frig\u00e9ration [&hellip;]<\/p>\n","protected":false},"featured_media":219249,"template":"","meta":{"_acf_changed":false},"product_featured_cat":[94],"product_brand":[3028],"product_cat":[4545],"product_tag":[],"class_list":{"0":"post-164460","1":"product","2":"type-product","3":"status-publish","4":"has-post-thumbnail","6":"product_featured_cat-promotions-etagnieres","7":"product_brand-dometic","8":"product_cat-glacieres-a-compression","10":"first","11":"instock","12":"sale","13":"taxable","14":"shipping-taxable","15":"purchasable","16":"product-type-variable"},"acf":[],"yoast_head":"<!-- This site is optimized with the Yoast SEO plugin v27.5 - https:\/\/yoast.com\/product\/yoast-seo-wordpress\/ -->\n<title>Glaci\u00e8re Cool Freeze CFX3 - Bantam<\/title>\n<meta name=\"robots\" content=\"index, follow, max-snippet:-1, max-image-preview:large, max-video-preview:-1\" \/>\n<link rel=\"canonical\" href=\"https:\/\/shop.bantam.ch\/fr\/produit\/glaciere-cool-freeze-cfx3\/\" \/>\n<meta property=\"og:locale\" content=\"fr_FR\" \/>\n<meta property=\"og:type\" content=\"article\" \/>\n<meta property=\"og:title\" content=\"Glaci\u00e8re Cool Freeze CFX3 - Bantam\" \/>\n<meta property=\"og:description\" content=\"Avec la Dometic CFX3, vos aventures en plein air prennent une toute autre dimension. Profitez \u00e0 tout moment d&rsquo;aliments frais et de boissons bien r\u00e9frig\u00e9r\u00e9es ! Possible gr\u00e2ce \u00e0 la technologie de refroidissement VMSO3 de Dometic, leader sur le march\u00e9. Son c\u0153ur est un compresseur \u00e0 vitesse contr\u00f4l\u00e9e avec un logiciel optimis\u00e9 pour une r\u00e9frig\u00e9ration [&hellip;]\" \/>\n<meta property=\"og:url\" content=\"https:\/\/shop.bantam.ch\/fr\/produit\/glaciere-cool-freeze-cfx3\/\" \/>\n<meta property=\"og:site_name\" content=\"Bantam\" \/>\n<meta property=\"article:modified_time\" content=\"2026-05-02T22:27:24+00:00\" \/>\n<meta property=\"og:image\" content=\"https:\/\/shop.bantam.ch\/wp-content\/uploads\/2025\/05\/995598811.jpg\" \/>\n\t<meta property=\"og:image:width\" content=\"800\" \/>\n\t<meta property=\"og:image:height\" content=\"800\" \/>\n\t<meta property=\"og:image:type\" content=\"image\/jpeg\" \/>\n<meta name=\"twitter:card\" content=\"summary_large_image\" \/>\n<meta name=\"twitter:label1\" content=\"Dur\u00e9e de lecture estim\u00e9e\" \/>\n\t<meta name=\"twitter:data1\" content=\"2 minutes\" \/>\n<script type=\"application\/ld+json\" class=\"yoast-schema-graph\">{\"@context\":\"https:\\\/\\\/schema.org\",\"@graph\":[{\"@type\":\"WebPage\",\"@id\":\"https:\\\/\\\/shop.bantam.ch\\\/fr\\\/produit\\\/glaciere-cool-freeze-cfx3\\\/\",\"url\":\"https:\\\/\\\/shop.bantam.ch\\\/fr\\\/produit\\\/glaciere-cool-freeze-cfx3\\\/\",\"name\":\"Glaci\u00e8re Cool Freeze CFX3 - Bantam\",\"isPartOf\":{\"@id\":\"https:\\\/\\\/shop.bantam.ch\\\/fr\\\/#website\"},\"primaryImageOfPage\":{\"@id\":\"https:\\\/\\\/shop.bantam.ch\\\/fr\\\/produit\\\/glaciere-cool-freeze-cfx3\\\/#primaryimage\"},\"image\":{\"@id\":\"https:\\\/\\\/shop.bantam.ch\\\/fr\\\/produit\\\/glaciere-cool-freeze-cfx3\\\/#primaryimage\"},\"thumbnailUrl\":\"https:\\\/\\\/shop.bantam.ch\\\/wp-content\\\/uploads\\\/2025\\\/05\\\/995598811.jpg\",\"datePublished\":\"2023-03-29T09:35:56+00:00\",\"dateModified\":\"2026-05-02T22:27:24+00:00\",\"breadcrumb\":{\"@id\":\"https:\\\/\\\/shop.bantam.ch\\\/fr\\\/produit\\\/glaciere-cool-freeze-cfx3\\\/#breadcrumb\"},\"inLanguage\":\"fr-FR\",\"potentialAction\":[{\"@type\":\"ReadAction\",\"target\":[\"https:\\\/\\\/shop.bantam.ch\\\/fr\\\/produit\\\/glaciere-cool-freeze-cfx3\\\/\"]}]},{\"@type\":\"ImageObject\",\"inLanguage\":\"fr-FR\",\"@id\":\"https:\\\/\\\/shop.bantam.ch\\\/fr\\\/produit\\\/glaciere-cool-freeze-cfx3\\\/#primaryimage\",\"url\":\"https:\\\/\\\/shop.bantam.ch\\\/wp-content\\\/uploads\\\/2025\\\/05\\\/995598811.jpg\",\"contentUrl\":\"https:\\\/\\\/shop.bantam.ch\\\/wp-content\\\/uploads\\\/2025\\\/05\\\/995598811.jpg\",\"width\":800,\"height\":800},{\"@type\":\"BreadcrumbList\",\"@id\":\"https:\\\/\\\/shop.bantam.ch\\\/fr\\\/produit\\\/glaciere-cool-freeze-cfx3\\\/#breadcrumb\",\"itemListElement\":[{\"@type\":\"ListItem\",\"position\":1,\"name\":\"Accueil\",\"item\":\"https:\\\/\\\/shop.bantam.ch\\\/fr\\\/\"},{\"@type\":\"ListItem\",\"position\":2,\"name\":\"Boutique\",\"item\":\"https:\\\/\\\/shop.bantam.ch\\\/fr\\\/boutique\\\/\"},{\"@type\":\"ListItem\",\"position\":3,\"name\":\"Glaci\u00e8re Cool Freeze CFX3\"}]},{\"@type\":\"WebSite\",\"@id\":\"https:\\\/\\\/shop.bantam.ch\\\/fr\\\/#website\",\"url\":\"https:\\\/\\\/shop.bantam.ch\\\/fr\\\/\",\"name\":\"Bantam\",\"description\":\"\",\"publisher\":{\"@id\":\"https:\\\/\\\/shop.bantam.ch\\\/fr\\\/#organization\"},\"inLanguage\":\"fr-FR\"},{\"@type\":\"Organization\",\"@id\":\"https:\\\/\\\/shop.bantam.ch\\\/fr\\\/#organization\",\"name\":\"Bantam\",\"url\":\"https:\\\/\\\/shop.bantam.ch\\\/fr\\\/\",\"logo\":{\"@type\":\"ImageObject\",\"inLanguage\":\"fr-FR\",\"@id\":\"https:\\\/\\\/shop.bantam.ch\\\/fr\\\/#\\\/schema\\\/logo\\\/image\\\/\",\"url\":\"https:\\\/\\\/shop.bantam.ch\\\/wp-content\\\/uploads\\\/2022\\\/12\\\/bantam-logo.png\",\"contentUrl\":\"https:\\\/\\\/shop.bantam.ch\\\/wp-content\\\/uploads\\\/2022\\\/12\\\/bantam-logo.png\",\"width\":320,\"height\":71,\"caption\":\"Bantam\"},\"image\":{\"@id\":\"https:\\\/\\\/shop.bantam.ch\\\/fr\\\/#\\\/schema\\\/logo\\\/image\\\/\"}}]}<\/script>\n<!-- \/ Yoast SEO plugin. -->","yoast_head_json":{"title":"Glaci\u00e8re Cool Freeze CFX3 - Bantam","robots":{"index":"index","follow":"follow","max-snippet":"max-snippet:-1","max-image-preview":"max-image-preview:large","max-video-preview":"max-video-preview:-1"},"canonical":"https:\/\/shop.bantam.ch\/fr\/produit\/glaciere-cool-freeze-cfx3\/","og_locale":"fr_FR","og_type":"article","og_title":"Glaci\u00e8re Cool Freeze CFX3 - Bantam","og_description":"Avec la Dometic CFX3, vos aventures en plein air prennent une toute autre dimension. Profitez \u00e0 tout moment d&rsquo;aliments frais et de boissons bien r\u00e9frig\u00e9r\u00e9es ! Possible gr\u00e2ce \u00e0 la technologie de refroidissement VMSO3 de Dometic, leader sur le march\u00e9. Son c\u0153ur est un compresseur \u00e0 vitesse contr\u00f4l\u00e9e avec un logiciel optimis\u00e9 pour une r\u00e9frig\u00e9ration [&hellip;]","og_url":"https:\/\/shop.bantam.ch\/fr\/produit\/glaciere-cool-freeze-cfx3\/","og_site_name":"Bantam","article_modified_time":"2026-05-02T22:27:24+00:00","og_image":[{"width":800,"height":800,"url":"https:\/\/shop.bantam.ch\/wp-content\/uploads\/2025\/05\/995598811.jpg","type":"image\/jpeg"}],"twitter_card":"summary_large_image","twitter_misc":{"Dur\u00e9e de lecture estim\u00e9e":"2 minutes"},"schema":{"@context":"https:\/\/schema.org","@graph":[{"@type":"WebPage","@id":"https:\/\/shop.bantam.ch\/fr\/produit\/glaciere-cool-freeze-cfx3\/","url":"https:\/\/shop.bantam.ch\/fr\/produit\/glaciere-cool-freeze-cfx3\/","name":"Glaci\u00e8re Cool Freeze CFX3 - Bantam","isPartOf":{"@id":"https:\/\/shop.bantam.ch\/fr\/#website"},"primaryImageOfPage":{"@id":"https:\/\/shop.bantam.ch\/fr\/produit\/glaciere-cool-freeze-cfx3\/#primaryimage"},"image":{"@id":"https:\/\/shop.bantam.ch\/fr\/produit\/glaciere-cool-freeze-cfx3\/#primaryimage"},"thumbnailUrl":"https:\/\/shop.bantam.ch\/wp-content\/uploads\/2025\/05\/995598811.jpg","datePublished":"2023-03-29T09:35:56+00:00","dateModified":"2026-05-02T22:27:24+00:00","breadcrumb":{"@id":"https:\/\/shop.bantam.ch\/fr\/produit\/glaciere-cool-freeze-cfx3\/#breadcrumb"},"inLanguage":"fr-FR","potentialAction":[{"@type":"ReadAction","target":["https:\/\/shop.bantam.ch\/fr\/produit\/glaciere-cool-freeze-cfx3\/"]}]},{"@type":"ImageObject","inLanguage":"fr-FR","@id":"https:\/\/shop.bantam.ch\/fr\/produit\/glaciere-cool-freeze-cfx3\/#primaryimage","url":"https:\/\/shop.bantam.ch\/wp-content\/uploads\/2025\/05\/995598811.jpg","contentUrl":"https:\/\/shop.bantam.ch\/wp-content\/uploads\/2025\/05\/995598811.jpg","width":800,"height":800},{"@type":"BreadcrumbList","@id":"https:\/\/shop.bantam.ch\/fr\/produit\/glaciere-cool-freeze-cfx3\/#breadcrumb","itemListElement":[{"@type":"ListItem","position":1,"name":"Accueil","item":"https:\/\/shop.bantam.ch\/fr\/"},{"@type":"ListItem","position":2,"name":"Boutique","item":"https:\/\/shop.bantam.ch\/fr\/boutique\/"},{"@type":"ListItem","position":3,"name":"Glaci\u00e8re Cool Freeze CFX3"}]},{"@type":"WebSite","@id":"https:\/\/shop.bantam.ch\/fr\/#website","url":"https:\/\/shop.bantam.ch\/fr\/","name":"Bantam","description":"","publisher":{"@id":"https:\/\/shop.bantam.ch\/fr\/#organization"},"inLanguage":"fr-FR"},{"@type":"Organization","@id":"https:\/\/shop.bantam.ch\/fr\/#organization","name":"Bantam","url":"https:\/\/shop.bantam.ch\/fr\/","logo":{"@type":"ImageObject","inLanguage":"fr-FR","@id":"https:\/\/shop.bantam.ch\/fr\/#\/schema\/logo\/image\/","url":"https:\/\/shop.bantam.ch\/wp-content\/uploads\/2022\/12\/bantam-logo.png","contentUrl":"https:\/\/shop.bantam.ch\/wp-content\/uploads\/2022\/12\/bantam-logo.png","width":320,"height":71,"caption":"Bantam"},"image":{"@id":"https:\/\/shop.bantam.ch\/fr\/#\/schema\/logo\/image\/"}}]}},"_links":{"self":[{"href":"https:\/\/shop.bantam.ch\/fr\/wp-json\/wp\/v2\/product\/164460","targetHints":{"allow":["GET"]}}],"collection":[{"href":"https:\/\/shop.bantam.ch\/fr\/wp-json\/wp\/v2\/product"}],"about":[{"href":"https:\/\/shop.bantam.ch\/fr\/wp-json\/wp\/v2\/types\/product"}],"wp:featuredmedia":[{"embeddable":true,"href":"https:\/\/shop.bantam.ch\/fr\/wp-json\/wp\/v2\/media\/219249"}],"wp:attachment":[{"href":"https:\/\/shop.bantam.ch\/fr\/wp-json\/wp\/v2\/media?parent=164460"}],"wp:term":[{"taxonomy":"product_featured_cat","embeddable":true,"href":"https:\/\/shop.bantam.ch\/fr\/wp-json\/wp\/v2\/product_featured_cat?post=164460"},{"taxonomy":"product_brand","embeddable":true,"href":"https:\/\/shop.bantam.ch\/fr\/wp-json\/wp\/v2\/product_brand?post=164460"},{"taxonomy":"product_cat","embeddable":true,"href":"https:\/\/shop.bantam.ch\/fr\/wp-json\/wp\/v2\/product_cat?post=164460"},{"taxonomy":"product_tag","embeddable":true,"href":"https:\/\/shop.bantam.ch\/fr\/wp-json\/wp\/v2\/product_tag?post=164460"}],"curies":[{"name":"wp","href":"https:\/\/api.w.org\/{rel}","templated":true}]}}