{"id":164226,"date":"2023-03-29T11:25:46","date_gmt":"2023-03-29T09:25:46","guid":{"rendered":"https:\/\/shop.bantam.ch\/produit\/chauffage-combine-avec-kit-de-raccordement-pour-eau-fc-tb\/"},"modified":"2026-05-03T00:22:06","modified_gmt":"2026-05-02T22:22:06","slug":"chauffage-combine-avec-kit-de-raccordement-pour-eau-fc-tb","status":"publish","type":"product","link":"https:\/\/shop.bantam.ch\/fr\/produit\/chauffage-combine-avec-kit-de-raccordement-pour-eau-fc-tb\/","title":{"rendered":"Chauffage combin\u00e9 avec kit de raccordement pour eau FC TB"},"content":{"rendered":"<p>Le chauffage pour camping-car le plus compact d\u2019Europe s&rsquo;est encore am\u00e9lior\u00e9.<\/p>\n<ul>\n<li>Chauffage et r\u00e9servoir d\u2019eau en un appareil<\/li>\n<li>Flexibilit\u00e9 maximale \u00e0 tout moment de l&rsquo;ann\u00e9e<\/li>\n<li>Chaleur disponible rapidement<\/li>\n<li>Technique de chauffage \u00e9conome en \u00e9nergie et respectueuse de l&rsquo;environnement avec un rendement atteignant 97%<\/li>\n<li>Puissance du ventilateur r\u00e9glable individuellement<\/li>\n<li>Fonction boost pour une alimentation rapide en eau chaude<\/li>\n<li>R\u00e9partition optimale de l\u2019air chaud gr\u00e2ce \u00e0 4 sorties d\u2019air chaud<\/li>\n<li>Mode chauffage possible \u00e9galement sans que le chauffe-eau soit plein<\/li>\n<li>R\u00e9servoir d\u2019eau durable en acier sp\u00e9cial<\/li>\n<li>Fourni avec la pi\u00e8ce de commande num\u00e9rique Truma CP plus iNet ready<\/li>\n<li>Fourni avec kit de raccordement eau FC TB<\/li>\n<\/ul>\n<p><\/p>\n<ul>\n<li>D\u00e9bit d\u2019air max. : 287 m\u00b2\/h<\/li>\n<li>Courant de veille : 0,001 A <\/li>\n<li>Capacit\u00e9 : 10 l <\/li>\n<li>Pression de pompage : 2,8 bars max <\/li>\n<li>Pression du syst\u00e8me : 4,5 bars max<\/li>\n<\/ul>\n","protected":false},"excerpt":{"rendered":"<p>Le chauffage pour camping-car le plus compact d\u2019Europe s&rsquo;est encore am\u00e9lior\u00e9. Chauffage et r\u00e9servoir d\u2019eau en un appareil Flexibilit\u00e9 maximale \u00e0 tout moment de l&rsquo;ann\u00e9e Chaleur disponible rapidement Technique de chauffage \u00e9conome en \u00e9nergie et respectueuse de l&rsquo;environnement avec un rendement atteignant 97% Puissance du ventilateur r\u00e9glable individuellement Fonction boost pour une alimentation rapide en [&hellip;]<\/p>\n","protected":false},"featured_media":164222,"template":"","meta":{"_acf_changed":false},"product_featured_cat":[],"product_brand":[3026],"product_cat":[4539],"product_tag":[],"class_list":{"0":"post-164226","1":"product","2":"type-product","3":"status-publish","4":"has-post-thumbnail","6":"product_brand-truma","7":"product_cat-chauffages-diesel","9":"first","10":"instock","11":"taxable","12":"shipping-taxable","13":"purchasable","14":"product-type-variable"},"acf":[],"yoast_head":"<!-- This site is optimized with the Yoast SEO plugin v27.5 - https:\/\/yoast.com\/product\/yoast-seo-wordpress\/ -->\n<title>Chauffage combin\u00e9 avec kit de raccordement pour eau FC TB - Bantam<\/title>\n<meta name=\"robots\" content=\"index, follow, max-snippet:-1, max-image-preview:large, max-video-preview:-1\" \/>\n<link rel=\"canonical\" href=\"https:\/\/shop.bantam.ch\/fr\/produit\/chauffage-combine-avec-kit-de-raccordement-pour-eau-fc-tb\/\" \/>\n<meta property=\"og:locale\" content=\"fr_FR\" \/>\n<meta property=\"og:type\" content=\"article\" \/>\n<meta property=\"og:title\" content=\"Chauffage combin\u00e9 avec kit de raccordement pour eau FC TB - Bantam\" \/>\n<meta property=\"og:description\" content=\"Le chauffage pour camping-car le plus compact d\u2019Europe s&rsquo;est encore am\u00e9lior\u00e9. Chauffage et r\u00e9servoir d\u2019eau en un appareil Flexibilit\u00e9 maximale \u00e0 tout moment de l&rsquo;ann\u00e9e Chaleur disponible rapidement Technique de chauffage \u00e9conome en \u00e9nergie et respectueuse de l&rsquo;environnement avec un rendement atteignant 97% Puissance du ventilateur r\u00e9glable individuellement Fonction boost pour une alimentation rapide en [&hellip;]\" \/>\n<meta property=\"og:url\" content=\"https:\/\/shop.bantam.ch\/fr\/produit\/chauffage-combine-avec-kit-de-raccordement-pour-eau-fc-tb\/\" \/>\n<meta property=\"og:site_name\" content=\"Bantam\" \/>\n<meta property=\"article:modified_time\" content=\"2026-05-02T22:22:06+00:00\" \/>\n<meta property=\"og:image\" content=\"https:\/\/shop.bantam.ch\/wp-content\/uploads\/2023\/03\/995512611.jpg\" \/>\n\t<meta property=\"og:image:width\" content=\"1000\" \/>\n\t<meta property=\"og:image:height\" content=\"667\" \/>\n\t<meta property=\"og:image:type\" content=\"image\/jpeg\" \/>\n<meta name=\"twitter:card\" content=\"summary_large_image\" \/>\n<meta name=\"twitter:label1\" content=\"Dur\u00e9e de lecture estim\u00e9e\" \/>\n\t<meta name=\"twitter:data1\" content=\"1 minute\" \/>\n<script type=\"application\/ld+json\" class=\"yoast-schema-graph\">{\"@context\":\"https:\\\/\\\/schema.org\",\"@graph\":[{\"@type\":\"WebPage\",\"@id\":\"https:\\\/\\\/shop.bantam.ch\\\/fr\\\/produit\\\/chauffage-combine-avec-kit-de-raccordement-pour-eau-fc-tb\\\/\",\"url\":\"https:\\\/\\\/shop.bantam.ch\\\/fr\\\/produit\\\/chauffage-combine-avec-kit-de-raccordement-pour-eau-fc-tb\\\/\",\"name\":\"Chauffage combin\u00e9 avec kit de raccordement pour eau FC TB - Bantam\",\"isPartOf\":{\"@id\":\"https:\\\/\\\/shop.bantam.ch\\\/fr\\\/#website\"},\"primaryImageOfPage\":{\"@id\":\"https:\\\/\\\/shop.bantam.ch\\\/fr\\\/produit\\\/chauffage-combine-avec-kit-de-raccordement-pour-eau-fc-tb\\\/#primaryimage\"},\"image\":{\"@id\":\"https:\\\/\\\/shop.bantam.ch\\\/fr\\\/produit\\\/chauffage-combine-avec-kit-de-raccordement-pour-eau-fc-tb\\\/#primaryimage\"},\"thumbnailUrl\":\"https:\\\/\\\/shop.bantam.ch\\\/wp-content\\\/uploads\\\/2023\\\/03\\\/995512611.jpg\",\"datePublished\":\"2023-03-29T09:25:46+00:00\",\"dateModified\":\"2026-05-02T22:22:06+00:00\",\"breadcrumb\":{\"@id\":\"https:\\\/\\\/shop.bantam.ch\\\/fr\\\/produit\\\/chauffage-combine-avec-kit-de-raccordement-pour-eau-fc-tb\\\/#breadcrumb\"},\"inLanguage\":\"fr-FR\",\"potentialAction\":[{\"@type\":\"ReadAction\",\"target\":[\"https:\\\/\\\/shop.bantam.ch\\\/fr\\\/produit\\\/chauffage-combine-avec-kit-de-raccordement-pour-eau-fc-tb\\\/\"]}]},{\"@type\":\"ImageObject\",\"inLanguage\":\"fr-FR\",\"@id\":\"https:\\\/\\\/shop.bantam.ch\\\/fr\\\/produit\\\/chauffage-combine-avec-kit-de-raccordement-pour-eau-fc-tb\\\/#primaryimage\",\"url\":\"https:\\\/\\\/shop.bantam.ch\\\/wp-content\\\/uploads\\\/2023\\\/03\\\/995512611.jpg\",\"contentUrl\":\"https:\\\/\\\/shop.bantam.ch\\\/wp-content\\\/uploads\\\/2023\\\/03\\\/995512611.jpg\",\"width\":1000,\"height\":667},{\"@type\":\"BreadcrumbList\",\"@id\":\"https:\\\/\\\/shop.bantam.ch\\\/fr\\\/produit\\\/chauffage-combine-avec-kit-de-raccordement-pour-eau-fc-tb\\\/#breadcrumb\",\"itemListElement\":[{\"@type\":\"ListItem\",\"position\":1,\"name\":\"Accueil\",\"item\":\"https:\\\/\\\/shop.bantam.ch\\\/fr\\\/\"},{\"@type\":\"ListItem\",\"position\":2,\"name\":\"Boutique\",\"item\":\"https:\\\/\\\/shop.bantam.ch\\\/fr\\\/boutique\\\/\"},{\"@type\":\"ListItem\",\"position\":3,\"name\":\"Chauffage combin\u00e9 avec kit de raccordement pour eau FC TB\"}]},{\"@type\":\"WebSite\",\"@id\":\"https:\\\/\\\/shop.bantam.ch\\\/fr\\\/#website\",\"url\":\"https:\\\/\\\/shop.bantam.ch\\\/fr\\\/\",\"name\":\"Bantam\",\"description\":\"\",\"publisher\":{\"@id\":\"https:\\\/\\\/shop.bantam.ch\\\/fr\\\/#organization\"},\"inLanguage\":\"fr-FR\"},{\"@type\":\"Organization\",\"@id\":\"https:\\\/\\\/shop.bantam.ch\\\/fr\\\/#organization\",\"name\":\"Bantam\",\"url\":\"https:\\\/\\\/shop.bantam.ch\\\/fr\\\/\",\"logo\":{\"@type\":\"ImageObject\",\"inLanguage\":\"fr-FR\",\"@id\":\"https:\\\/\\\/shop.bantam.ch\\\/fr\\\/#\\\/schema\\\/logo\\\/image\\\/\",\"url\":\"https:\\\/\\\/shop.bantam.ch\\\/wp-content\\\/uploads\\\/2022\\\/12\\\/bantam-logo.png\",\"contentUrl\":\"https:\\\/\\\/shop.bantam.ch\\\/wp-content\\\/uploads\\\/2022\\\/12\\\/bantam-logo.png\",\"width\":320,\"height\":71,\"caption\":\"Bantam\"},\"image\":{\"@id\":\"https:\\\/\\\/shop.bantam.ch\\\/fr\\\/#\\\/schema\\\/logo\\\/image\\\/\"}}]}<\/script>\n<!-- \/ Yoast SEO plugin. -->","yoast_head_json":{"title":"Chauffage combin\u00e9 avec kit de raccordement pour eau FC TB - Bantam","robots":{"index":"index","follow":"follow","max-snippet":"max-snippet:-1","max-image-preview":"max-image-preview:large","max-video-preview":"max-video-preview:-1"},"canonical":"https:\/\/shop.bantam.ch\/fr\/produit\/chauffage-combine-avec-kit-de-raccordement-pour-eau-fc-tb\/","og_locale":"fr_FR","og_type":"article","og_title":"Chauffage combin\u00e9 avec kit de raccordement pour eau FC TB - Bantam","og_description":"Le chauffage pour camping-car le plus compact d\u2019Europe s&rsquo;est encore am\u00e9lior\u00e9. Chauffage et r\u00e9servoir d\u2019eau en un appareil Flexibilit\u00e9 maximale \u00e0 tout moment de l&rsquo;ann\u00e9e Chaleur disponible rapidement Technique de chauffage \u00e9conome en \u00e9nergie et respectueuse de l&rsquo;environnement avec un rendement atteignant 97% Puissance du ventilateur r\u00e9glable individuellement Fonction boost pour une alimentation rapide en [&hellip;]","og_url":"https:\/\/shop.bantam.ch\/fr\/produit\/chauffage-combine-avec-kit-de-raccordement-pour-eau-fc-tb\/","og_site_name":"Bantam","article_modified_time":"2026-05-02T22:22:06+00:00","og_image":[{"width":1000,"height":667,"url":"https:\/\/shop.bantam.ch\/wp-content\/uploads\/2023\/03\/995512611.jpg","type":"image\/jpeg"}],"twitter_card":"summary_large_image","twitter_misc":{"Dur\u00e9e de lecture estim\u00e9e":"1 minute"},"schema":{"@context":"https:\/\/schema.org","@graph":[{"@type":"WebPage","@id":"https:\/\/shop.bantam.ch\/fr\/produit\/chauffage-combine-avec-kit-de-raccordement-pour-eau-fc-tb\/","url":"https:\/\/shop.bantam.ch\/fr\/produit\/chauffage-combine-avec-kit-de-raccordement-pour-eau-fc-tb\/","name":"Chauffage combin\u00e9 avec kit de raccordement pour eau FC TB - Bantam","isPartOf":{"@id":"https:\/\/shop.bantam.ch\/fr\/#website"},"primaryImageOfPage":{"@id":"https:\/\/shop.bantam.ch\/fr\/produit\/chauffage-combine-avec-kit-de-raccordement-pour-eau-fc-tb\/#primaryimage"},"image":{"@id":"https:\/\/shop.bantam.ch\/fr\/produit\/chauffage-combine-avec-kit-de-raccordement-pour-eau-fc-tb\/#primaryimage"},"thumbnailUrl":"https:\/\/shop.bantam.ch\/wp-content\/uploads\/2023\/03\/995512611.jpg","datePublished":"2023-03-29T09:25:46+00:00","dateModified":"2026-05-02T22:22:06+00:00","breadcrumb":{"@id":"https:\/\/shop.bantam.ch\/fr\/produit\/chauffage-combine-avec-kit-de-raccordement-pour-eau-fc-tb\/#breadcrumb"},"inLanguage":"fr-FR","potentialAction":[{"@type":"ReadAction","target":["https:\/\/shop.bantam.ch\/fr\/produit\/chauffage-combine-avec-kit-de-raccordement-pour-eau-fc-tb\/"]}]},{"@type":"ImageObject","inLanguage":"fr-FR","@id":"https:\/\/shop.bantam.ch\/fr\/produit\/chauffage-combine-avec-kit-de-raccordement-pour-eau-fc-tb\/#primaryimage","url":"https:\/\/shop.bantam.ch\/wp-content\/uploads\/2023\/03\/995512611.jpg","contentUrl":"https:\/\/shop.bantam.ch\/wp-content\/uploads\/2023\/03\/995512611.jpg","width":1000,"height":667},{"@type":"BreadcrumbList","@id":"https:\/\/shop.bantam.ch\/fr\/produit\/chauffage-combine-avec-kit-de-raccordement-pour-eau-fc-tb\/#breadcrumb","itemListElement":[{"@type":"ListItem","position":1,"name":"Accueil","item":"https:\/\/shop.bantam.ch\/fr\/"},{"@type":"ListItem","position":2,"name":"Boutique","item":"https:\/\/shop.bantam.ch\/fr\/boutique\/"},{"@type":"ListItem","position":3,"name":"Chauffage combin\u00e9 avec kit de raccordement pour eau FC TB"}]},{"@type":"WebSite","@id":"https:\/\/shop.bantam.ch\/fr\/#website","url":"https:\/\/shop.bantam.ch\/fr\/","name":"Bantam","description":"","publisher":{"@id":"https:\/\/shop.bantam.ch\/fr\/#organization"},"inLanguage":"fr-FR"},{"@type":"Organization","@id":"https:\/\/shop.bantam.ch\/fr\/#organization","name":"Bantam","url":"https:\/\/shop.bantam.ch\/fr\/","logo":{"@type":"ImageObject","inLanguage":"fr-FR","@id":"https:\/\/shop.bantam.ch\/fr\/#\/schema\/logo\/image\/","url":"https:\/\/shop.bantam.ch\/wp-content\/uploads\/2022\/12\/bantam-logo.png","contentUrl":"https:\/\/shop.bantam.ch\/wp-content\/uploads\/2022\/12\/bantam-logo.png","width":320,"height":71,"caption":"Bantam"},"image":{"@id":"https:\/\/shop.bantam.ch\/fr\/#\/schema\/logo\/image\/"}}]}},"_links":{"self":[{"href":"https:\/\/shop.bantam.ch\/fr\/wp-json\/wp\/v2\/product\/164226","targetHints":{"allow":["GET"]}}],"collection":[{"href":"https:\/\/shop.bantam.ch\/fr\/wp-json\/wp\/v2\/product"}],"about":[{"href":"https:\/\/shop.bantam.ch\/fr\/wp-json\/wp\/v2\/types\/product"}],"wp:featuredmedia":[{"embeddable":true,"href":"https:\/\/shop.bantam.ch\/fr\/wp-json\/wp\/v2\/media\/164222"}],"wp:attachment":[{"href":"https:\/\/shop.bantam.ch\/fr\/wp-json\/wp\/v2\/media?parent=164226"}],"wp:term":[{"taxonomy":"product_featured_cat","embeddable":true,"href":"https:\/\/shop.bantam.ch\/fr\/wp-json\/wp\/v2\/product_featured_cat?post=164226"},{"taxonomy":"product_brand","embeddable":true,"href":"https:\/\/shop.bantam.ch\/fr\/wp-json\/wp\/v2\/product_brand?post=164226"},{"taxonomy":"product_cat","embeddable":true,"href":"https:\/\/shop.bantam.ch\/fr\/wp-json\/wp\/v2\/product_cat?post=164226"},{"taxonomy":"product_tag","embeddable":true,"href":"https:\/\/shop.bantam.ch\/fr\/wp-json\/wp\/v2\/product_tag?post=164226"}],"curies":[{"name":"wp","href":"https:\/\/api.w.org\/{rel}","templated":true}]}}