{"id":164188,"date":"2023-03-29T11:24:02","date_gmt":"2023-03-29T09:24:02","guid":{"rendered":"https:\/\/shop.bantam.ch\/produit\/baie-projetable-s7p\/"},"modified":"2026-04-18T00:24:56","modified_gmt":"2026-04-17T22:24:56","slug":"baie-projetable-s7p","status":"publish","type":"product","link":"https:\/\/shop.bantam.ch\/fr\/produit\/baie-projetable-s7p\/","title":{"rendered":"Baie projetable S7P"},"content":{"rendered":"<p>Rayon de courbure 5000\u00a0mm\u00a0: la surface ext\u00e9rieure l\u00e9g\u00e8rement courbe rend les syst\u00e8mes de fen\u00eatre de la gamme Dometic S7P id\u00e9aux pour les fourgonnettes. Des profils en aluminium thermolaqu\u00e9 diminuent le poids, offrent une isolation thermique id\u00e9ale et une qualit\u00e9 de finition \u00e9lev\u00e9e. Avec leur design sortant de l\u2019ordinaire et leur syst\u00e8me d\u2019obscurcissement parfaitement adapt\u00e9, les fen\u00eatres en alu sont une v\u00e9ritable alternative aux fen\u00eatres en polyur\u00e9thane.<\/p>\n","protected":false},"excerpt":{"rendered":"<p>Rayon de courbure 5000\u00a0mm\u00a0: la surface ext\u00e9rieure l\u00e9g\u00e8rement courbe rend les syst\u00e8mes de fen\u00eatre de la gamme Dometic S7P id\u00e9aux pour les fourgonnettes. Des profils en aluminium thermolaqu\u00e9 diminuent le poids, offrent une isolation thermique id\u00e9ale et une qualit\u00e9 de finition \u00e9lev\u00e9e. Avec leur design sortant de l\u2019ordinaire et leur syst\u00e8me d\u2019obscurcissement parfaitement adapt\u00e9, les [&hellip;]<\/p>\n","protected":false},"featured_media":164184,"template":"","meta":{"_acf_changed":false},"product_featured_cat":[],"product_brand":[3028],"product_cat":[4715],"product_tag":[],"class_list":{"0":"post-164188","1":"product","2":"type-product","3":"status-publish","4":"has-post-thumbnail","6":"product_brand-dometic","7":"product_cat-fenetres","9":"first","10":"instock","11":"taxable","12":"shipping-taxable","13":"purchasable","14":"product-type-variable"},"acf":[],"yoast_head":"<!-- This site is optimized with the Yoast SEO plugin v27.4 - https:\/\/yoast.com\/product\/yoast-seo-wordpress\/ -->\n<title>Baie projetable S7P - Bantam Wankm\u00fcller SA<\/title>\n<meta name=\"robots\" content=\"index, follow, max-snippet:-1, max-image-preview:large, max-video-preview:-1\" \/>\n<link rel=\"canonical\" href=\"https:\/\/shop.bantam.ch\/fr\/produit\/baie-projetable-s7p\/\" \/>\n<meta property=\"og:locale\" content=\"fr_FR\" \/>\n<meta property=\"og:type\" content=\"article\" \/>\n<meta property=\"og:title\" content=\"Baie projetable S7P - Bantam Wankm\u00fcller SA\" \/>\n<meta property=\"og:description\" content=\"Rayon de courbure 5000\u00a0mm\u00a0: la surface ext\u00e9rieure l\u00e9g\u00e8rement courbe rend les syst\u00e8mes de fen\u00eatre de la gamme Dometic S7P id\u00e9aux pour les fourgonnettes. Des profils en aluminium thermolaqu\u00e9 diminuent le poids, offrent une isolation thermique id\u00e9ale et une qualit\u00e9 de finition \u00e9lev\u00e9e. Avec leur design sortant de l\u2019ordinaire et leur syst\u00e8me d\u2019obscurcissement parfaitement adapt\u00e9, les [&hellip;]\" \/>\n<meta property=\"og:url\" content=\"https:\/\/shop.bantam.ch\/fr\/produit\/baie-projetable-s7p\/\" \/>\n<meta property=\"og:site_name\" content=\"Bantam Wankm\u00fcller SA\" \/>\n<meta property=\"article:modified_time\" content=\"2026-04-17T22:24:56+00:00\" \/>\n<meta property=\"og:image\" content=\"https:\/\/shop.bantam.ch\/wp-content\/uploads\/2023\/03\/992568512.jpg\" \/>\n\t<meta property=\"og:image:width\" content=\"1000\" \/>\n\t<meta property=\"og:image:height\" content=\"707\" \/>\n\t<meta property=\"og:image:type\" content=\"image\/jpeg\" \/>\n<meta name=\"twitter:card\" content=\"summary_large_image\" \/>\n<script type=\"application\/ld+json\" class=\"yoast-schema-graph\">{\"@context\":\"https:\\\/\\\/schema.org\",\"@graph\":[{\"@type\":\"WebPage\",\"@id\":\"https:\\\/\\\/shop.bantam.ch\\\/fr\\\/produit\\\/baie-projetable-s7p\\\/\",\"url\":\"https:\\\/\\\/shop.bantam.ch\\\/fr\\\/produit\\\/baie-projetable-s7p\\\/\",\"name\":\"Baie projetable S7P - Bantam Wankm\u00fcller SA\",\"isPartOf\":{\"@id\":\"https:\\\/\\\/shop.bantam.ch\\\/fr\\\/#website\"},\"primaryImageOfPage\":{\"@id\":\"https:\\\/\\\/shop.bantam.ch\\\/fr\\\/produit\\\/baie-projetable-s7p\\\/#primaryimage\"},\"image\":{\"@id\":\"https:\\\/\\\/shop.bantam.ch\\\/fr\\\/produit\\\/baie-projetable-s7p\\\/#primaryimage\"},\"thumbnailUrl\":\"https:\\\/\\\/shop.bantam.ch\\\/wp-content\\\/uploads\\\/2023\\\/03\\\/992568512.jpg\",\"datePublished\":\"2023-03-29T09:24:02+00:00\",\"dateModified\":\"2026-04-17T22:24:56+00:00\",\"breadcrumb\":{\"@id\":\"https:\\\/\\\/shop.bantam.ch\\\/fr\\\/produit\\\/baie-projetable-s7p\\\/#breadcrumb\"},\"inLanguage\":\"fr-FR\",\"potentialAction\":[{\"@type\":\"ReadAction\",\"target\":[\"https:\\\/\\\/shop.bantam.ch\\\/fr\\\/produit\\\/baie-projetable-s7p\\\/\"]}]},{\"@type\":\"ImageObject\",\"inLanguage\":\"fr-FR\",\"@id\":\"https:\\\/\\\/shop.bantam.ch\\\/fr\\\/produit\\\/baie-projetable-s7p\\\/#primaryimage\",\"url\":\"https:\\\/\\\/shop.bantam.ch\\\/wp-content\\\/uploads\\\/2023\\\/03\\\/992568512.jpg\",\"contentUrl\":\"https:\\\/\\\/shop.bantam.ch\\\/wp-content\\\/uploads\\\/2023\\\/03\\\/992568512.jpg\",\"width\":1000,\"height\":707},{\"@type\":\"BreadcrumbList\",\"@id\":\"https:\\\/\\\/shop.bantam.ch\\\/fr\\\/produit\\\/baie-projetable-s7p\\\/#breadcrumb\",\"itemListElement\":[{\"@type\":\"ListItem\",\"position\":1,\"name\":\"Accueil\",\"item\":\"https:\\\/\\\/shop.bantam.ch\\\/fr\\\/\"},{\"@type\":\"ListItem\",\"position\":2,\"name\":\"Boutique\",\"item\":\"https:\\\/\\\/shop.bantam.ch\\\/fr\\\/boutique\\\/\"},{\"@type\":\"ListItem\",\"position\":3,\"name\":\"Baie projetable S7P\"}]},{\"@type\":\"WebSite\",\"@id\":\"https:\\\/\\\/shop.bantam.ch\\\/fr\\\/#website\",\"url\":\"https:\\\/\\\/shop.bantam.ch\\\/fr\\\/\",\"name\":\"Bantam Wankm\u00fcller SA\",\"description\":\"\",\"publisher\":{\"@id\":\"https:\\\/\\\/shop.bantam.ch\\\/fr\\\/#organization\"},\"inLanguage\":\"fr-FR\"},{\"@type\":\"Organization\",\"@id\":\"https:\\\/\\\/shop.bantam.ch\\\/fr\\\/#organization\",\"name\":\"Bantam Wankm\u00fcller SA\",\"url\":\"https:\\\/\\\/shop.bantam.ch\\\/fr\\\/\",\"logo\":{\"@type\":\"ImageObject\",\"inLanguage\":\"fr-FR\",\"@id\":\"https:\\\/\\\/shop.bantam.ch\\\/fr\\\/#\\\/schema\\\/logo\\\/image\\\/\",\"url\":\"https:\\\/\\\/shop.bantam.ch\\\/wp-content\\\/uploads\\\/2022\\\/12\\\/bantam-logo.png\",\"contentUrl\":\"https:\\\/\\\/shop.bantam.ch\\\/wp-content\\\/uploads\\\/2022\\\/12\\\/bantam-logo.png\",\"width\":320,\"height\":71,\"caption\":\"Bantam Wankm\u00fcller SA\"},\"image\":{\"@id\":\"https:\\\/\\\/shop.bantam.ch\\\/fr\\\/#\\\/schema\\\/logo\\\/image\\\/\"}}]}<\/script>\n<!-- \/ Yoast SEO plugin. -->","yoast_head_json":{"title":"Baie projetable S7P - Bantam Wankm\u00fcller SA","robots":{"index":"index","follow":"follow","max-snippet":"max-snippet:-1","max-image-preview":"max-image-preview:large","max-video-preview":"max-video-preview:-1"},"canonical":"https:\/\/shop.bantam.ch\/fr\/produit\/baie-projetable-s7p\/","og_locale":"fr_FR","og_type":"article","og_title":"Baie projetable S7P - Bantam Wankm\u00fcller SA","og_description":"Rayon de courbure 5000\u00a0mm\u00a0: la surface ext\u00e9rieure l\u00e9g\u00e8rement courbe rend les syst\u00e8mes de fen\u00eatre de la gamme Dometic S7P id\u00e9aux pour les fourgonnettes. Des profils en aluminium thermolaqu\u00e9 diminuent le poids, offrent une isolation thermique id\u00e9ale et une qualit\u00e9 de finition \u00e9lev\u00e9e. Avec leur design sortant de l\u2019ordinaire et leur syst\u00e8me d\u2019obscurcissement parfaitement adapt\u00e9, les [&hellip;]","og_url":"https:\/\/shop.bantam.ch\/fr\/produit\/baie-projetable-s7p\/","og_site_name":"Bantam Wankm\u00fcller SA","article_modified_time":"2026-04-17T22:24:56+00:00","og_image":[{"width":1000,"height":707,"url":"https:\/\/shop.bantam.ch\/wp-content\/uploads\/2023\/03\/992568512.jpg","type":"image\/jpeg"}],"twitter_card":"summary_large_image","schema":{"@context":"https:\/\/schema.org","@graph":[{"@type":"WebPage","@id":"https:\/\/shop.bantam.ch\/fr\/produit\/baie-projetable-s7p\/","url":"https:\/\/shop.bantam.ch\/fr\/produit\/baie-projetable-s7p\/","name":"Baie projetable S7P - Bantam Wankm\u00fcller SA","isPartOf":{"@id":"https:\/\/shop.bantam.ch\/fr\/#website"},"primaryImageOfPage":{"@id":"https:\/\/shop.bantam.ch\/fr\/produit\/baie-projetable-s7p\/#primaryimage"},"image":{"@id":"https:\/\/shop.bantam.ch\/fr\/produit\/baie-projetable-s7p\/#primaryimage"},"thumbnailUrl":"https:\/\/shop.bantam.ch\/wp-content\/uploads\/2023\/03\/992568512.jpg","datePublished":"2023-03-29T09:24:02+00:00","dateModified":"2026-04-17T22:24:56+00:00","breadcrumb":{"@id":"https:\/\/shop.bantam.ch\/fr\/produit\/baie-projetable-s7p\/#breadcrumb"},"inLanguage":"fr-FR","potentialAction":[{"@type":"ReadAction","target":["https:\/\/shop.bantam.ch\/fr\/produit\/baie-projetable-s7p\/"]}]},{"@type":"ImageObject","inLanguage":"fr-FR","@id":"https:\/\/shop.bantam.ch\/fr\/produit\/baie-projetable-s7p\/#primaryimage","url":"https:\/\/shop.bantam.ch\/wp-content\/uploads\/2023\/03\/992568512.jpg","contentUrl":"https:\/\/shop.bantam.ch\/wp-content\/uploads\/2023\/03\/992568512.jpg","width":1000,"height":707},{"@type":"BreadcrumbList","@id":"https:\/\/shop.bantam.ch\/fr\/produit\/baie-projetable-s7p\/#breadcrumb","itemListElement":[{"@type":"ListItem","position":1,"name":"Accueil","item":"https:\/\/shop.bantam.ch\/fr\/"},{"@type":"ListItem","position":2,"name":"Boutique","item":"https:\/\/shop.bantam.ch\/fr\/boutique\/"},{"@type":"ListItem","position":3,"name":"Baie projetable S7P"}]},{"@type":"WebSite","@id":"https:\/\/shop.bantam.ch\/fr\/#website","url":"https:\/\/shop.bantam.ch\/fr\/","name":"Bantam Wankm\u00fcller SA","description":"","publisher":{"@id":"https:\/\/shop.bantam.ch\/fr\/#organization"},"inLanguage":"fr-FR"},{"@type":"Organization","@id":"https:\/\/shop.bantam.ch\/fr\/#organization","name":"Bantam Wankm\u00fcller SA","url":"https:\/\/shop.bantam.ch\/fr\/","logo":{"@type":"ImageObject","inLanguage":"fr-FR","@id":"https:\/\/shop.bantam.ch\/fr\/#\/schema\/logo\/image\/","url":"https:\/\/shop.bantam.ch\/wp-content\/uploads\/2022\/12\/bantam-logo.png","contentUrl":"https:\/\/shop.bantam.ch\/wp-content\/uploads\/2022\/12\/bantam-logo.png","width":320,"height":71,"caption":"Bantam Wankm\u00fcller SA"},"image":{"@id":"https:\/\/shop.bantam.ch\/fr\/#\/schema\/logo\/image\/"}}]}},"_links":{"self":[{"href":"https:\/\/shop.bantam.ch\/fr\/wp-json\/wp\/v2\/product\/164188","targetHints":{"allow":["GET"]}}],"collection":[{"href":"https:\/\/shop.bantam.ch\/fr\/wp-json\/wp\/v2\/product"}],"about":[{"href":"https:\/\/shop.bantam.ch\/fr\/wp-json\/wp\/v2\/types\/product"}],"wp:featuredmedia":[{"embeddable":true,"href":"https:\/\/shop.bantam.ch\/fr\/wp-json\/wp\/v2\/media\/164184"}],"wp:attachment":[{"href":"https:\/\/shop.bantam.ch\/fr\/wp-json\/wp\/v2\/media?parent=164188"}],"wp:term":[{"taxonomy":"product_featured_cat","embeddable":true,"href":"https:\/\/shop.bantam.ch\/fr\/wp-json\/wp\/v2\/product_featured_cat?post=164188"},{"taxonomy":"product_brand","embeddable":true,"href":"https:\/\/shop.bantam.ch\/fr\/wp-json\/wp\/v2\/product_brand?post=164188"},{"taxonomy":"product_cat","embeddable":true,"href":"https:\/\/shop.bantam.ch\/fr\/wp-json\/wp\/v2\/product_cat?post=164188"},{"taxonomy":"product_tag","embeddable":true,"href":"https:\/\/shop.bantam.ch\/fr\/wp-json\/wp\/v2\/product_tag?post=164188"}],"curies":[{"name":"wp","href":"https:\/\/api.w.org\/{rel}","templated":true}]}}