{"id":164080,"date":"2023-03-29T11:07:50","date_gmt":"2023-03-29T09:07:50","guid":{"rendered":"https:\/\/shop.bantam.ch\/produit\/booster-de-charge-mt\/"},"modified":"2026-04-22T00:28:21","modified_gmt":"2026-04-21T22:28:21","slug":"booster-de-charge-mt","status":"publish","type":"product","link":"https:\/\/shop.bantam.ch\/fr\/produit\/booster-de-charge-mt\/","title":{"rendered":"Booster de charge MT"},"content":{"rendered":"<p>Charge optimale m\u00eame sur de courtes distances. Enfin, il est possible de garantir un chargement optimal et rapide pendant le trajet. Le booster de charge de B\u00fcttner-Elektronik est simplement connect\u00e9 \u00e0 la ligne de chargement de la batterie embarqu\u00e9e. Disponibles en deux niveaux de puissances, 25 A et 45 A, les appareils utilisent leurs caract\u00e9ristiques de charge IUOU non seulement pour augmenter le courant de charge de l&rsquo;alternateur en cas de besoin, mais \u00e9galement pour augmenter la tension de charge jusqu\u2019\u00e0 la valeur requise pour chaque type de batterie pour une charge compl\u00e8te et recommand\u00e9e par les fabricants de batteries. \u00c9quip\u00e9 d&rsquo;une technologie de charge de pointe, il offre une puissance de charge \u00e9lev\u00e9e, m\u00eame pendant les trajets courts et pendant les trajets plus longs, la charge compl\u00e8te est assur\u00e9e par la charge IUOU, \u00e9vitant ainsi les surcharges. Tous les appareils sont \u00e9quip\u00e9s d&rsquo;un s\u00e9lecteur (gel, AGM, acide liquide) et d&rsquo;un capteur de temp\u00e9rature pour la batterie. Le panneau de commande est amovible et peut \u00eatre mont\u00e9 \u00e0 l&rsquo;int\u00e9rieur (une rallonge est n\u00e9cessaire). Les amplificateurs de charge IUoU de B\u00dcTTNER-ELEKTRONIK sont simplement connect\u00e9s \u00e0 la ligne de chargement de la batterie de bord. Disponibles en deux niveaux de puissances, ils utilisent leurs caract\u00e9ristiques de charge IUOU \u00e0 temp\u00e9rature r\u00e9gul\u00e9e non seulement pour augmenter le courant de charge de l&rsquo;alternateur en cas de besoin, mais \u00e9galement pour augmenter la tension de charge jusqu\u2019\u00e0 la valeur requise pour chaque type de batterie pour une charge compl\u00e8te et recommand\u00e9e par les fabricants de batteries.<\/p>\n<p>Tous les booster de charge MT sont \u00e9quip\u00e9s d&rsquo;un s\u00e9lecteur (gel, AGM, acide liquide, LiFePo4) et d&rsquo;un capteur de temp\u00e9rature pour la batterie. Le panneau de commande est amovible et peut \u00eatre mont\u00e9 \u00e0 l&rsquo;int\u00e9rieur (c\u00e2ble de rallonge disponible en option) comme t\u00e9l\u00e9commande.<\/p>\n<ul>\n<li>Technologie de charge ultramoderne pour une puissance de charge \u00e9lev\u00e9e, m\u00eame sur de courtes distances<\/li>\n<li>pendant les trajets plus longs, la charge compl\u00e8te est assur\u00e9e par la charge IUOU, \u00e9vitant ainsi les surcharges.<\/li>\n<\/ul>\n","protected":false},"excerpt":{"rendered":"<p>Charge optimale m\u00eame sur de courtes distances. Enfin, il est possible de garantir un chargement optimal et rapide pendant le trajet. Le booster de charge de B\u00fcttner-Elektronik est simplement connect\u00e9 \u00e0 la ligne de chargement de la batterie embarqu\u00e9e. Disponibles en deux niveaux de puissances, 25 A et 45 A, les appareils utilisent leurs caract\u00e9ristiques [&hellip;]<\/p>\n","protected":false},"featured_media":164078,"template":"","meta":{"_acf_changed":false},"product_featured_cat":[],"product_brand":[3068],"product_cat":[4909],"product_tag":[],"class_list":{"0":"post-164080","1":"product","2":"type-product","3":"status-publish","4":"has-post-thumbnail","6":"product_brand-buttner-elektronik","7":"product_cat-boosters-de-charge","9":"first","10":"instock","11":"taxable","12":"shipping-taxable","13":"purchasable","14":"product-type-variable"},"acf":[],"yoast_head":"<!-- This site is optimized with the Yoast SEO plugin v27.4 - https:\/\/yoast.com\/product\/yoast-seo-wordpress\/ -->\n<title>Booster de charge MT - Bantam Wankm\u00fcller SA<\/title>\n<meta name=\"robots\" content=\"index, follow, max-snippet:-1, max-image-preview:large, max-video-preview:-1\" \/>\n<link rel=\"canonical\" href=\"https:\/\/shop.bantam.ch\/fr\/produit\/booster-de-charge-mt\/\" \/>\n<meta property=\"og:locale\" content=\"fr_FR\" \/>\n<meta property=\"og:type\" content=\"article\" \/>\n<meta property=\"og:title\" content=\"Booster de charge MT - Bantam Wankm\u00fcller SA\" \/>\n<meta property=\"og:description\" content=\"Charge optimale m\u00eame sur de courtes distances. Enfin, il est possible de garantir un chargement optimal et rapide pendant le trajet. Le booster de charge de B\u00fcttner-Elektronik est simplement connect\u00e9 \u00e0 la ligne de chargement de la batterie embarqu\u00e9e. Disponibles en deux niveaux de puissances, 25 A et 45 A, les appareils utilisent leurs caract\u00e9ristiques [&hellip;]\" \/>\n<meta property=\"og:url\" content=\"https:\/\/shop.bantam.ch\/fr\/produit\/booster-de-charge-mt\/\" \/>\n<meta property=\"og:site_name\" content=\"Bantam Wankm\u00fcller SA\" \/>\n<meta property=\"article:modified_time\" content=\"2026-04-21T22:28:21+00:00\" \/>\n<meta property=\"og:image\" content=\"https:\/\/shop.bantam.ch\/wp-content\/uploads\/2023\/03\/9930718-100-1-36ihkw9jX5z49g.jpg\" \/>\n\t<meta property=\"og:image:width\" content=\"334\" \/>\n\t<meta property=\"og:image:height\" content=\"500\" \/>\n\t<meta property=\"og:image:type\" content=\"image\/jpeg\" \/>\n<meta name=\"twitter:card\" content=\"summary_large_image\" \/>\n<meta name=\"twitter:label1\" content=\"Dur\u00e9e de lecture estim\u00e9e\" \/>\n\t<meta name=\"twitter:data1\" content=\"2 minutes\" \/>\n<script type=\"application\/ld+json\" class=\"yoast-schema-graph\">{\"@context\":\"https:\\\/\\\/schema.org\",\"@graph\":[{\"@type\":\"WebPage\",\"@id\":\"https:\\\/\\\/shop.bantam.ch\\\/fr\\\/produit\\\/booster-de-charge-mt\\\/\",\"url\":\"https:\\\/\\\/shop.bantam.ch\\\/fr\\\/produit\\\/booster-de-charge-mt\\\/\",\"name\":\"Booster de charge MT - Bantam Wankm\u00fcller SA\",\"isPartOf\":{\"@id\":\"https:\\\/\\\/shop.bantam.ch\\\/fr\\\/#website\"},\"primaryImageOfPage\":{\"@id\":\"https:\\\/\\\/shop.bantam.ch\\\/fr\\\/produit\\\/booster-de-charge-mt\\\/#primaryimage\"},\"image\":{\"@id\":\"https:\\\/\\\/shop.bantam.ch\\\/fr\\\/produit\\\/booster-de-charge-mt\\\/#primaryimage\"},\"thumbnailUrl\":\"https:\\\/\\\/shop.bantam.ch\\\/wp-content\\\/uploads\\\/2023\\\/03\\\/9930718-100-1-36ihkw9jX5z49g.jpg\",\"datePublished\":\"2023-03-29T09:07:50+00:00\",\"dateModified\":\"2026-04-21T22:28:21+00:00\",\"breadcrumb\":{\"@id\":\"https:\\\/\\\/shop.bantam.ch\\\/fr\\\/produit\\\/booster-de-charge-mt\\\/#breadcrumb\"},\"inLanguage\":\"fr-FR\",\"potentialAction\":[{\"@type\":\"ReadAction\",\"target\":[\"https:\\\/\\\/shop.bantam.ch\\\/fr\\\/produit\\\/booster-de-charge-mt\\\/\"]}]},{\"@type\":\"ImageObject\",\"inLanguage\":\"fr-FR\",\"@id\":\"https:\\\/\\\/shop.bantam.ch\\\/fr\\\/produit\\\/booster-de-charge-mt\\\/#primaryimage\",\"url\":\"https:\\\/\\\/shop.bantam.ch\\\/wp-content\\\/uploads\\\/2023\\\/03\\\/9930718-100-1-36ihkw9jX5z49g.jpg\",\"contentUrl\":\"https:\\\/\\\/shop.bantam.ch\\\/wp-content\\\/uploads\\\/2023\\\/03\\\/9930718-100-1-36ihkw9jX5z49g.jpg\",\"width\":334,\"height\":500},{\"@type\":\"BreadcrumbList\",\"@id\":\"https:\\\/\\\/shop.bantam.ch\\\/fr\\\/produit\\\/booster-de-charge-mt\\\/#breadcrumb\",\"itemListElement\":[{\"@type\":\"ListItem\",\"position\":1,\"name\":\"Accueil\",\"item\":\"https:\\\/\\\/shop.bantam.ch\\\/fr\\\/\"},{\"@type\":\"ListItem\",\"position\":2,\"name\":\"Boutique\",\"item\":\"https:\\\/\\\/shop.bantam.ch\\\/fr\\\/boutique\\\/\"},{\"@type\":\"ListItem\",\"position\":3,\"name\":\"Booster de charge MT\"}]},{\"@type\":\"WebSite\",\"@id\":\"https:\\\/\\\/shop.bantam.ch\\\/fr\\\/#website\",\"url\":\"https:\\\/\\\/shop.bantam.ch\\\/fr\\\/\",\"name\":\"Bantam Wankm\u00fcller SA\",\"description\":\"\",\"publisher\":{\"@id\":\"https:\\\/\\\/shop.bantam.ch\\\/fr\\\/#organization\"},\"inLanguage\":\"fr-FR\"},{\"@type\":\"Organization\",\"@id\":\"https:\\\/\\\/shop.bantam.ch\\\/fr\\\/#organization\",\"name\":\"Bantam Wankm\u00fcller SA\",\"url\":\"https:\\\/\\\/shop.bantam.ch\\\/fr\\\/\",\"logo\":{\"@type\":\"ImageObject\",\"inLanguage\":\"fr-FR\",\"@id\":\"https:\\\/\\\/shop.bantam.ch\\\/fr\\\/#\\\/schema\\\/logo\\\/image\\\/\",\"url\":\"https:\\\/\\\/shop.bantam.ch\\\/wp-content\\\/uploads\\\/2022\\\/12\\\/bantam-logo.png\",\"contentUrl\":\"https:\\\/\\\/shop.bantam.ch\\\/wp-content\\\/uploads\\\/2022\\\/12\\\/bantam-logo.png\",\"width\":320,\"height\":71,\"caption\":\"Bantam Wankm\u00fcller SA\"},\"image\":{\"@id\":\"https:\\\/\\\/shop.bantam.ch\\\/fr\\\/#\\\/schema\\\/logo\\\/image\\\/\"}}]}<\/script>\n<!-- \/ Yoast SEO plugin. -->","yoast_head_json":{"title":"Booster de charge MT - Bantam Wankm\u00fcller SA","robots":{"index":"index","follow":"follow","max-snippet":"max-snippet:-1","max-image-preview":"max-image-preview:large","max-video-preview":"max-video-preview:-1"},"canonical":"https:\/\/shop.bantam.ch\/fr\/produit\/booster-de-charge-mt\/","og_locale":"fr_FR","og_type":"article","og_title":"Booster de charge MT - Bantam Wankm\u00fcller SA","og_description":"Charge optimale m\u00eame sur de courtes distances. Enfin, il est possible de garantir un chargement optimal et rapide pendant le trajet. Le booster de charge de B\u00fcttner-Elektronik est simplement connect\u00e9 \u00e0 la ligne de chargement de la batterie embarqu\u00e9e. Disponibles en deux niveaux de puissances, 25 A et 45 A, les appareils utilisent leurs caract\u00e9ristiques [&hellip;]","og_url":"https:\/\/shop.bantam.ch\/fr\/produit\/booster-de-charge-mt\/","og_site_name":"Bantam Wankm\u00fcller SA","article_modified_time":"2026-04-21T22:28:21+00:00","og_image":[{"width":334,"height":500,"url":"https:\/\/shop.bantam.ch\/wp-content\/uploads\/2023\/03\/9930718-100-1-36ihkw9jX5z49g.jpg","type":"image\/jpeg"}],"twitter_card":"summary_large_image","twitter_misc":{"Dur\u00e9e de lecture estim\u00e9e":"2 minutes"},"schema":{"@context":"https:\/\/schema.org","@graph":[{"@type":"WebPage","@id":"https:\/\/shop.bantam.ch\/fr\/produit\/booster-de-charge-mt\/","url":"https:\/\/shop.bantam.ch\/fr\/produit\/booster-de-charge-mt\/","name":"Booster de charge MT - Bantam Wankm\u00fcller SA","isPartOf":{"@id":"https:\/\/shop.bantam.ch\/fr\/#website"},"primaryImageOfPage":{"@id":"https:\/\/shop.bantam.ch\/fr\/produit\/booster-de-charge-mt\/#primaryimage"},"image":{"@id":"https:\/\/shop.bantam.ch\/fr\/produit\/booster-de-charge-mt\/#primaryimage"},"thumbnailUrl":"https:\/\/shop.bantam.ch\/wp-content\/uploads\/2023\/03\/9930718-100-1-36ihkw9jX5z49g.jpg","datePublished":"2023-03-29T09:07:50+00:00","dateModified":"2026-04-21T22:28:21+00:00","breadcrumb":{"@id":"https:\/\/shop.bantam.ch\/fr\/produit\/booster-de-charge-mt\/#breadcrumb"},"inLanguage":"fr-FR","potentialAction":[{"@type":"ReadAction","target":["https:\/\/shop.bantam.ch\/fr\/produit\/booster-de-charge-mt\/"]}]},{"@type":"ImageObject","inLanguage":"fr-FR","@id":"https:\/\/shop.bantam.ch\/fr\/produit\/booster-de-charge-mt\/#primaryimage","url":"https:\/\/shop.bantam.ch\/wp-content\/uploads\/2023\/03\/9930718-100-1-36ihkw9jX5z49g.jpg","contentUrl":"https:\/\/shop.bantam.ch\/wp-content\/uploads\/2023\/03\/9930718-100-1-36ihkw9jX5z49g.jpg","width":334,"height":500},{"@type":"BreadcrumbList","@id":"https:\/\/shop.bantam.ch\/fr\/produit\/booster-de-charge-mt\/#breadcrumb","itemListElement":[{"@type":"ListItem","position":1,"name":"Accueil","item":"https:\/\/shop.bantam.ch\/fr\/"},{"@type":"ListItem","position":2,"name":"Boutique","item":"https:\/\/shop.bantam.ch\/fr\/boutique\/"},{"@type":"ListItem","position":3,"name":"Booster de charge MT"}]},{"@type":"WebSite","@id":"https:\/\/shop.bantam.ch\/fr\/#website","url":"https:\/\/shop.bantam.ch\/fr\/","name":"Bantam Wankm\u00fcller SA","description":"","publisher":{"@id":"https:\/\/shop.bantam.ch\/fr\/#organization"},"inLanguage":"fr-FR"},{"@type":"Organization","@id":"https:\/\/shop.bantam.ch\/fr\/#organization","name":"Bantam Wankm\u00fcller SA","url":"https:\/\/shop.bantam.ch\/fr\/","logo":{"@type":"ImageObject","inLanguage":"fr-FR","@id":"https:\/\/shop.bantam.ch\/fr\/#\/schema\/logo\/image\/","url":"https:\/\/shop.bantam.ch\/wp-content\/uploads\/2022\/12\/bantam-logo.png","contentUrl":"https:\/\/shop.bantam.ch\/wp-content\/uploads\/2022\/12\/bantam-logo.png","width":320,"height":71,"caption":"Bantam Wankm\u00fcller SA"},"image":{"@id":"https:\/\/shop.bantam.ch\/fr\/#\/schema\/logo\/image\/"}}]}},"_links":{"self":[{"href":"https:\/\/shop.bantam.ch\/fr\/wp-json\/wp\/v2\/product\/164080","targetHints":{"allow":["GET"]}}],"collection":[{"href":"https:\/\/shop.bantam.ch\/fr\/wp-json\/wp\/v2\/product"}],"about":[{"href":"https:\/\/shop.bantam.ch\/fr\/wp-json\/wp\/v2\/types\/product"}],"wp:featuredmedia":[{"embeddable":true,"href":"https:\/\/shop.bantam.ch\/fr\/wp-json\/wp\/v2\/media\/164078"}],"wp:attachment":[{"href":"https:\/\/shop.bantam.ch\/fr\/wp-json\/wp\/v2\/media?parent=164080"}],"wp:term":[{"taxonomy":"product_featured_cat","embeddable":true,"href":"https:\/\/shop.bantam.ch\/fr\/wp-json\/wp\/v2\/product_featured_cat?post=164080"},{"taxonomy":"product_brand","embeddable":true,"href":"https:\/\/shop.bantam.ch\/fr\/wp-json\/wp\/v2\/product_brand?post=164080"},{"taxonomy":"product_cat","embeddable":true,"href":"https:\/\/shop.bantam.ch\/fr\/wp-json\/wp\/v2\/product_cat?post=164080"},{"taxonomy":"product_tag","embeddable":true,"href":"https:\/\/shop.bantam.ch\/fr\/wp-json\/wp\/v2\/product_tag?post=164080"}],"curies":[{"name":"wp","href":"https:\/\/api.w.org\/{rel}","templated":true}]}}