{"id":163682,"date":"2023-03-29T09:56:18","date_gmt":"2023-03-29T07:56:18","guid":{"rendered":"https:\/\/shop.bantam.ch\/produit\/televiseur-ten-haaft-oyster-smart-tv\/"},"modified":"2026-04-18T00:35:34","modified_gmt":"2026-04-17T22:35:34","slug":"televiseur-ten-haaft-oyster-smart-tv","status":"publish","type":"product","link":"https:\/\/shop.bantam.ch\/fr\/produit\/televiseur-ten-haaft-oyster-smart-tv\/","title":{"rendered":"T\u00e9l\u00e9viseur ten Haaft Oyster Smart TV"},"content":{"rendered":"<p>Avec la nouvelle s\u00e9rie Oyster\u00ae Smart TV, b\u00e9n\u00e9ficiez d\u2019une technologie de premi\u00e8re classe. Les fonctions du t\u00e9l\u00e9viseur classique et d\u2019un ordinateur se r\u00e9unissent dans un appareil pour transporter le monde d\u2019Internet sur l\u2019\u00e9cran.<\/p>\n<ul>\n<li>WiFi int\u00e9gr\u00e9<\/li>\n<li>Services de streaming<\/li>\n<li>Appli de divertissement &amp; Co.<\/li>\n<li>Tuner int\u00e9gr\u00e9 pour DVB-S2, DVB-T2 HD\/H.265<\/li>\n<li>TV \u00c0 LED : des images fascinantes avec la meilleure r\u00e9solution.<\/li>\n<li>T\u00e9l\u00e9commande syst\u00e8me : une seule t\u00e9l\u00e9commande pour les antennes satellite (Oyster V Premium, Oyster Premium, Cytrac DX Premium, CARO+ Premium) et le t\u00e9l\u00e9viseur Oyster Smart TV<\/li>\n<li>EPG : guide \u00e9lectronique des programmes et de programmation par minuterie.<\/li>\n<li>Testeur de tension de batterie ON-SCREEN pour tension d\u2019alimentation<\/li>\n<li>Interrupteur d&rsquo;alimentation Marche\/Arr\u00eat<\/li>\n<li>HDMI \/ USB<\/li>\n<li>WIDI \/ Miracast<\/li>\n<\/ul>\n<p>Entr\u00e9es\/sorties : Antenne, HDMI, HDMI ARC, 2x USB 2.0, casque, sortie audio num\u00e9rique optique (TOS), CI\/ CI+ , emplacement pour module.<\/p>\n<p>Si la barre de son est connect\u00e9e via HDMI ARC, les signaux de commande du t\u00e9l\u00e9viseur (marche\/arr\u00eat, volume) sont int\u00e9gr\u00e9s et vous n\u2019avez plus besoin que de la t\u00e9l\u00e9commande du syst\u00e8me Oyster TV pour les fonctions de base.<\/p>\n<p>Barre de son Oyster et \u00ab Oyster TV \u00bb<br \/>La barre de son Oyster se fixe en un seul geste sur la \u00ab Oyster TV \u00bb. Vous pouvez facilement fixer les angles de montage sur le support des t\u00e9l\u00e9viseurs \u00ab Oyster TV \u00bb.<\/p>\n<p>Pied support non compris dans la livraison<br \/>Kits d\u2019accessoires (comprenant chacun un pied et un adaptateur de 230 volts) disponibles sur demande.<\/p>\n","protected":false},"excerpt":{"rendered":"<p>Avec la nouvelle s\u00e9rie Oyster\u00ae Smart TV, b\u00e9n\u00e9ficiez d\u2019une technologie de premi\u00e8re classe. Les fonctions du t\u00e9l\u00e9viseur classique et d\u2019un ordinateur se r\u00e9unissent dans un appareil pour transporter le monde d\u2019Internet sur l\u2019\u00e9cran. WiFi int\u00e9gr\u00e9 Services de streaming Appli de divertissement &amp; Co. Tuner int\u00e9gr\u00e9 pour DVB-S2, DVB-T2 HD\/H.265 TV \u00c0 LED : des images [&hellip;]<\/p>\n","protected":false},"featured_media":163680,"template":"","meta":{"_acf_changed":false},"product_featured_cat":[],"product_brand":[3126],"product_cat":[4505],"product_tag":[],"class_list":{"0":"post-163682","1":"product","2":"type-product","3":"status-publish","4":"has-post-thumbnail","6":"product_brand-oyster","7":"product_cat-televiseurs","9":"first","10":"outofstock","11":"taxable","12":"shipping-taxable","13":"product-type-variable"},"acf":[],"yoast_head":"<!-- This site is optimized with the Yoast SEO plugin v27.4 - https:\/\/yoast.com\/product\/yoast-seo-wordpress\/ -->\n<title>T\u00e9l\u00e9viseur ten Haaft Oyster Smart TV - Bantam Wankm\u00fcller SA<\/title>\n<meta name=\"robots\" content=\"index, follow, max-snippet:-1, max-image-preview:large, max-video-preview:-1\" \/>\n<link rel=\"canonical\" href=\"https:\/\/shop.bantam.ch\/fr\/produit\/televiseur-ten-haaft-oyster-smart-tv\/\" \/>\n<meta property=\"og:locale\" content=\"fr_FR\" \/>\n<meta property=\"og:type\" content=\"article\" \/>\n<meta property=\"og:title\" content=\"T\u00e9l\u00e9viseur ten Haaft Oyster Smart TV - Bantam Wankm\u00fcller SA\" \/>\n<meta property=\"og:description\" content=\"Avec la nouvelle s\u00e9rie Oyster\u00ae Smart TV, b\u00e9n\u00e9ficiez d\u2019une technologie de premi\u00e8re classe. Les fonctions du t\u00e9l\u00e9viseur classique et d\u2019un ordinateur se r\u00e9unissent dans un appareil pour transporter le monde d\u2019Internet sur l\u2019\u00e9cran. WiFi int\u00e9gr\u00e9 Services de streaming Appli de divertissement &amp; Co. Tuner int\u00e9gr\u00e9 pour DVB-S2, DVB-T2 HD\/H.265 TV \u00c0 LED : des images [&hellip;]\" \/>\n<meta property=\"og:url\" content=\"https:\/\/shop.bantam.ch\/fr\/produit\/televiseur-ten-haaft-oyster-smart-tv\/\" \/>\n<meta property=\"og:site_name\" content=\"Bantam Wankm\u00fcller SA\" \/>\n<meta property=\"article:modified_time\" content=\"2026-04-17T22:35:34+00:00\" \/>\n<meta property=\"og:image\" content=\"https:\/\/shop.bantam.ch\/wp-content\/uploads\/2023\/03\/995679811.jpg\" \/>\n\t<meta property=\"og:image:width\" content=\"1000\" \/>\n\t<meta property=\"og:image:height\" content=\"749\" \/>\n\t<meta property=\"og:image:type\" content=\"image\/jpeg\" \/>\n<meta name=\"twitter:card\" content=\"summary_large_image\" \/>\n<meta name=\"twitter:label1\" content=\"Dur\u00e9e de lecture estim\u00e9e\" \/>\n\t<meta name=\"twitter:data1\" content=\"1 minute\" \/>\n<script type=\"application\/ld+json\" class=\"yoast-schema-graph\">{\"@context\":\"https:\\\/\\\/schema.org\",\"@graph\":[{\"@type\":\"WebPage\",\"@id\":\"https:\\\/\\\/shop.bantam.ch\\\/fr\\\/produit\\\/televiseur-ten-haaft-oyster-smart-tv\\\/\",\"url\":\"https:\\\/\\\/shop.bantam.ch\\\/fr\\\/produit\\\/televiseur-ten-haaft-oyster-smart-tv\\\/\",\"name\":\"T\u00e9l\u00e9viseur ten Haaft Oyster Smart TV - Bantam Wankm\u00fcller SA\",\"isPartOf\":{\"@id\":\"https:\\\/\\\/shop.bantam.ch\\\/fr\\\/#website\"},\"primaryImageOfPage\":{\"@id\":\"https:\\\/\\\/shop.bantam.ch\\\/fr\\\/produit\\\/televiseur-ten-haaft-oyster-smart-tv\\\/#primaryimage\"},\"image\":{\"@id\":\"https:\\\/\\\/shop.bantam.ch\\\/fr\\\/produit\\\/televiseur-ten-haaft-oyster-smart-tv\\\/#primaryimage\"},\"thumbnailUrl\":\"https:\\\/\\\/shop.bantam.ch\\\/wp-content\\\/uploads\\\/2023\\\/03\\\/995679811.jpg\",\"datePublished\":\"2023-03-29T07:56:18+00:00\",\"dateModified\":\"2026-04-17T22:35:34+00:00\",\"breadcrumb\":{\"@id\":\"https:\\\/\\\/shop.bantam.ch\\\/fr\\\/produit\\\/televiseur-ten-haaft-oyster-smart-tv\\\/#breadcrumb\"},\"inLanguage\":\"fr-FR\",\"potentialAction\":[{\"@type\":\"ReadAction\",\"target\":[\"https:\\\/\\\/shop.bantam.ch\\\/fr\\\/produit\\\/televiseur-ten-haaft-oyster-smart-tv\\\/\"]}]},{\"@type\":\"ImageObject\",\"inLanguage\":\"fr-FR\",\"@id\":\"https:\\\/\\\/shop.bantam.ch\\\/fr\\\/produit\\\/televiseur-ten-haaft-oyster-smart-tv\\\/#primaryimage\",\"url\":\"https:\\\/\\\/shop.bantam.ch\\\/wp-content\\\/uploads\\\/2023\\\/03\\\/995679811.jpg\",\"contentUrl\":\"https:\\\/\\\/shop.bantam.ch\\\/wp-content\\\/uploads\\\/2023\\\/03\\\/995679811.jpg\",\"width\":1000,\"height\":749},{\"@type\":\"BreadcrumbList\",\"@id\":\"https:\\\/\\\/shop.bantam.ch\\\/fr\\\/produit\\\/televiseur-ten-haaft-oyster-smart-tv\\\/#breadcrumb\",\"itemListElement\":[{\"@type\":\"ListItem\",\"position\":1,\"name\":\"Accueil\",\"item\":\"https:\\\/\\\/shop.bantam.ch\\\/fr\\\/\"},{\"@type\":\"ListItem\",\"position\":2,\"name\":\"Boutique\",\"item\":\"https:\\\/\\\/shop.bantam.ch\\\/fr\\\/boutique\\\/\"},{\"@type\":\"ListItem\",\"position\":3,\"name\":\"T\u00e9l\u00e9viseur ten Haaft Oyster Smart TV\"}]},{\"@type\":\"WebSite\",\"@id\":\"https:\\\/\\\/shop.bantam.ch\\\/fr\\\/#website\",\"url\":\"https:\\\/\\\/shop.bantam.ch\\\/fr\\\/\",\"name\":\"Bantam Wankm\u00fcller SA\",\"description\":\"\",\"publisher\":{\"@id\":\"https:\\\/\\\/shop.bantam.ch\\\/fr\\\/#organization\"},\"inLanguage\":\"fr-FR\"},{\"@type\":\"Organization\",\"@id\":\"https:\\\/\\\/shop.bantam.ch\\\/fr\\\/#organization\",\"name\":\"Bantam Wankm\u00fcller SA\",\"url\":\"https:\\\/\\\/shop.bantam.ch\\\/fr\\\/\",\"logo\":{\"@type\":\"ImageObject\",\"inLanguage\":\"fr-FR\",\"@id\":\"https:\\\/\\\/shop.bantam.ch\\\/fr\\\/#\\\/schema\\\/logo\\\/image\\\/\",\"url\":\"https:\\\/\\\/shop.bantam.ch\\\/wp-content\\\/uploads\\\/2022\\\/12\\\/bantam-logo.png\",\"contentUrl\":\"https:\\\/\\\/shop.bantam.ch\\\/wp-content\\\/uploads\\\/2022\\\/12\\\/bantam-logo.png\",\"width\":320,\"height\":71,\"caption\":\"Bantam Wankm\u00fcller SA\"},\"image\":{\"@id\":\"https:\\\/\\\/shop.bantam.ch\\\/fr\\\/#\\\/schema\\\/logo\\\/image\\\/\"}}]}<\/script>\n<!-- \/ Yoast SEO plugin. -->","yoast_head_json":{"title":"T\u00e9l\u00e9viseur ten Haaft Oyster Smart TV - Bantam Wankm\u00fcller SA","robots":{"index":"index","follow":"follow","max-snippet":"max-snippet:-1","max-image-preview":"max-image-preview:large","max-video-preview":"max-video-preview:-1"},"canonical":"https:\/\/shop.bantam.ch\/fr\/produit\/televiseur-ten-haaft-oyster-smart-tv\/","og_locale":"fr_FR","og_type":"article","og_title":"T\u00e9l\u00e9viseur ten Haaft Oyster Smart TV - Bantam Wankm\u00fcller SA","og_description":"Avec la nouvelle s\u00e9rie Oyster\u00ae Smart TV, b\u00e9n\u00e9ficiez d\u2019une technologie de premi\u00e8re classe. Les fonctions du t\u00e9l\u00e9viseur classique et d\u2019un ordinateur se r\u00e9unissent dans un appareil pour transporter le monde d\u2019Internet sur l\u2019\u00e9cran. WiFi int\u00e9gr\u00e9 Services de streaming Appli de divertissement &amp; Co. Tuner int\u00e9gr\u00e9 pour DVB-S2, DVB-T2 HD\/H.265 TV \u00c0 LED : des images [&hellip;]","og_url":"https:\/\/shop.bantam.ch\/fr\/produit\/televiseur-ten-haaft-oyster-smart-tv\/","og_site_name":"Bantam Wankm\u00fcller SA","article_modified_time":"2026-04-17T22:35:34+00:00","og_image":[{"width":1000,"height":749,"url":"https:\/\/shop.bantam.ch\/wp-content\/uploads\/2023\/03\/995679811.jpg","type":"image\/jpeg"}],"twitter_card":"summary_large_image","twitter_misc":{"Dur\u00e9e de lecture estim\u00e9e":"1 minute"},"schema":{"@context":"https:\/\/schema.org","@graph":[{"@type":"WebPage","@id":"https:\/\/shop.bantam.ch\/fr\/produit\/televiseur-ten-haaft-oyster-smart-tv\/","url":"https:\/\/shop.bantam.ch\/fr\/produit\/televiseur-ten-haaft-oyster-smart-tv\/","name":"T\u00e9l\u00e9viseur ten Haaft Oyster Smart TV - Bantam Wankm\u00fcller SA","isPartOf":{"@id":"https:\/\/shop.bantam.ch\/fr\/#website"},"primaryImageOfPage":{"@id":"https:\/\/shop.bantam.ch\/fr\/produit\/televiseur-ten-haaft-oyster-smart-tv\/#primaryimage"},"image":{"@id":"https:\/\/shop.bantam.ch\/fr\/produit\/televiseur-ten-haaft-oyster-smart-tv\/#primaryimage"},"thumbnailUrl":"https:\/\/shop.bantam.ch\/wp-content\/uploads\/2023\/03\/995679811.jpg","datePublished":"2023-03-29T07:56:18+00:00","dateModified":"2026-04-17T22:35:34+00:00","breadcrumb":{"@id":"https:\/\/shop.bantam.ch\/fr\/produit\/televiseur-ten-haaft-oyster-smart-tv\/#breadcrumb"},"inLanguage":"fr-FR","potentialAction":[{"@type":"ReadAction","target":["https:\/\/shop.bantam.ch\/fr\/produit\/televiseur-ten-haaft-oyster-smart-tv\/"]}]},{"@type":"ImageObject","inLanguage":"fr-FR","@id":"https:\/\/shop.bantam.ch\/fr\/produit\/televiseur-ten-haaft-oyster-smart-tv\/#primaryimage","url":"https:\/\/shop.bantam.ch\/wp-content\/uploads\/2023\/03\/995679811.jpg","contentUrl":"https:\/\/shop.bantam.ch\/wp-content\/uploads\/2023\/03\/995679811.jpg","width":1000,"height":749},{"@type":"BreadcrumbList","@id":"https:\/\/shop.bantam.ch\/fr\/produit\/televiseur-ten-haaft-oyster-smart-tv\/#breadcrumb","itemListElement":[{"@type":"ListItem","position":1,"name":"Accueil","item":"https:\/\/shop.bantam.ch\/fr\/"},{"@type":"ListItem","position":2,"name":"Boutique","item":"https:\/\/shop.bantam.ch\/fr\/boutique\/"},{"@type":"ListItem","position":3,"name":"T\u00e9l\u00e9viseur ten Haaft Oyster Smart TV"}]},{"@type":"WebSite","@id":"https:\/\/shop.bantam.ch\/fr\/#website","url":"https:\/\/shop.bantam.ch\/fr\/","name":"Bantam Wankm\u00fcller SA","description":"","publisher":{"@id":"https:\/\/shop.bantam.ch\/fr\/#organization"},"inLanguage":"fr-FR"},{"@type":"Organization","@id":"https:\/\/shop.bantam.ch\/fr\/#organization","name":"Bantam Wankm\u00fcller SA","url":"https:\/\/shop.bantam.ch\/fr\/","logo":{"@type":"ImageObject","inLanguage":"fr-FR","@id":"https:\/\/shop.bantam.ch\/fr\/#\/schema\/logo\/image\/","url":"https:\/\/shop.bantam.ch\/wp-content\/uploads\/2022\/12\/bantam-logo.png","contentUrl":"https:\/\/shop.bantam.ch\/wp-content\/uploads\/2022\/12\/bantam-logo.png","width":320,"height":71,"caption":"Bantam Wankm\u00fcller SA"},"image":{"@id":"https:\/\/shop.bantam.ch\/fr\/#\/schema\/logo\/image\/"}}]}},"_links":{"self":[{"href":"https:\/\/shop.bantam.ch\/fr\/wp-json\/wp\/v2\/product\/163682","targetHints":{"allow":["GET"]}}],"collection":[{"href":"https:\/\/shop.bantam.ch\/fr\/wp-json\/wp\/v2\/product"}],"about":[{"href":"https:\/\/shop.bantam.ch\/fr\/wp-json\/wp\/v2\/types\/product"}],"wp:featuredmedia":[{"embeddable":true,"href":"https:\/\/shop.bantam.ch\/fr\/wp-json\/wp\/v2\/media\/163680"}],"wp:attachment":[{"href":"https:\/\/shop.bantam.ch\/fr\/wp-json\/wp\/v2\/media?parent=163682"}],"wp:term":[{"taxonomy":"product_featured_cat","embeddable":true,"href":"https:\/\/shop.bantam.ch\/fr\/wp-json\/wp\/v2\/product_featured_cat?post=163682"},{"taxonomy":"product_brand","embeddable":true,"href":"https:\/\/shop.bantam.ch\/fr\/wp-json\/wp\/v2\/product_brand?post=163682"},{"taxonomy":"product_cat","embeddable":true,"href":"https:\/\/shop.bantam.ch\/fr\/wp-json\/wp\/v2\/product_cat?post=163682"},{"taxonomy":"product_tag","embeddable":true,"href":"https:\/\/shop.bantam.ch\/fr\/wp-json\/wp\/v2\/product_tag?post=163682"}],"curies":[{"name":"wp","href":"https:\/\/api.w.org\/{rel}","templated":true}]}}