{"id":163506,"date":"2023-03-28T15:26:46","date_gmt":"2023-03-28T13:26:46","guid":{"rendered":"https:\/\/shop.bantam.ch\/produit\/televiseur-tek-tv-a-led\/"},"modified":"2026-04-21T00:34:14","modified_gmt":"2026-04-20T22:34:14","slug":"televiseur-tek-tv-a-led","status":"publish","type":"product","link":"https:\/\/shop.bantam.ch\/fr\/produit\/televiseur-tek-tv-a-led\/","title":{"rendered":"T\u00e9l\u00e9viseur TEK TV \u00c0 LED"},"content":{"rendered":"<p>R\u00e9cepteur satellite DVB-S2 et r\u00e9cepteur terrestre DVB-T2 HEVC int\u00e9gr\u00e9 FRANSAT et M7 avec fonction Fast Scan<\/p>\n<p>Propri\u00e9t\u00e9s et fonctions :<\/p>\n<ul>\n<li>Alimentation 9-32 VDC ou 230 VAC<\/li>\n<li>Lecteur DVD<\/li>\n<li>Port USB avec fonction multim\u00e9dia PVR pour enregistrer et reproduire des contenus audio et vid\u00e9o<\/li>\n<li>Fonction Timeshift<\/li>\n<li>\u00c9cran FHD 18,5 pouces (diagonale 47 cm)<\/li>\n<li>5 000 cha\u00eenes satellite et 1000 cha\u00eenes terrestres avec LCN<\/li>\n<li>OSD en 8 langues<\/li>\n<li>T\u00e9l\u00e9texte<\/li>\n<li>Timer<\/li>\n<li>S\u00e9curit\u00e9 enfant<\/li>\n<li>Puissance audio 2,5 W avec \u00e9galiseur<\/li>\n<li>Connectique\u00a0: 2 prises HDMI, 1 prise P\u00e9ritel, 1 entr\u00e9e AV pour casque, 1 entr\u00e9e AV, 1 connecteur YPBPR (mini), 1 emplacement CI+, 1 connecteur RL AUDIO Out, 2 connecteurs multim\u00e9dia USB, 1 prise d&rsquo;alimentation 9-32 Vdc, 1 interrupteur ON\/OFF<\/li>\n<li>Puissance des haut-parleurs : 2 St. x 3 W<\/li>\n<li>Consommation \u00e9lectrique en standby : &lt; 0,5 W<\/li>\n<li>Consommation \u00e0 l&rsquo;arr\u00eat : 0 W<\/li>\n<li>HDMI \/ USB : oui \/ oui<\/li>\n<li>Angle de vision : 178\u00b0 \/ 178\u00b0 H \/ V<\/li>\n<li>Contraste : 1000:1<\/li>\n<\/ul><\/p>\n","protected":false},"excerpt":{"rendered":"<p>R\u00e9cepteur satellite DVB-S2 et r\u00e9cepteur terrestre DVB-T2 HEVC int\u00e9gr\u00e9 FRANSAT et M7 avec fonction Fast Scan Propri\u00e9t\u00e9s et fonctions : Alimentation 9-32 VDC ou 230 VAC Lecteur DVD Port USB avec fonction multim\u00e9dia PVR pour enregistrer et reproduire des contenus audio et vid\u00e9o Fonction Timeshift \u00c9cran FHD 18,5 pouces (diagonale 47 cm) 5 000 cha\u00eenes [&hellip;]<\/p>\n","protected":false},"featured_media":163504,"template":"","meta":{"_acf_changed":false},"product_featured_cat":[],"product_brand":[3230],"product_cat":[4505],"product_tag":[],"class_list":{"0":"post-163506","1":"product","2":"type-product","3":"status-publish","4":"has-post-thumbnail","6":"product_brand-teleco","7":"product_cat-televiseurs","9":"first","10":"instock","11":"taxable","12":"shipping-taxable","13":"purchasable","14":"product-type-variable"},"acf":[],"yoast_head":"<!-- This site is optimized with the Yoast SEO plugin v27.4 - https:\/\/yoast.com\/product\/yoast-seo-wordpress\/ -->\n<title>T\u00e9l\u00e9viseur TEK TV \u00c0 LED - Bantam Wankm\u00fcller SA<\/title>\n<meta name=\"robots\" content=\"index, follow, max-snippet:-1, max-image-preview:large, max-video-preview:-1\" \/>\n<link rel=\"canonical\" href=\"https:\/\/shop.bantam.ch\/fr\/produit\/televiseur-tek-tv-a-led\/\" \/>\n<meta property=\"og:locale\" content=\"fr_FR\" \/>\n<meta property=\"og:type\" content=\"article\" \/>\n<meta property=\"og:title\" content=\"T\u00e9l\u00e9viseur TEK TV \u00c0 LED - Bantam Wankm\u00fcller SA\" \/>\n<meta property=\"og:description\" content=\"R\u00e9cepteur satellite DVB-S2 et r\u00e9cepteur terrestre DVB-T2 HEVC int\u00e9gr\u00e9 FRANSAT et M7 avec fonction Fast Scan Propri\u00e9t\u00e9s et fonctions : Alimentation 9-32 VDC ou 230 VAC Lecteur DVD Port USB avec fonction multim\u00e9dia PVR pour enregistrer et reproduire des contenus audio et vid\u00e9o Fonction Timeshift \u00c9cran FHD 18,5 pouces (diagonale 47 cm) 5 000 cha\u00eenes [&hellip;]\" \/>\n<meta property=\"og:url\" content=\"https:\/\/shop.bantam.ch\/fr\/produit\/televiseur-tek-tv-a-led\/\" \/>\n<meta property=\"og:site_name\" content=\"Bantam Wankm\u00fcller SA\" \/>\n<meta property=\"article:modified_time\" content=\"2026-04-20T22:34:14+00:00\" \/>\n<meta property=\"og:image\" content=\"https:\/\/shop.bantam.ch\/wp-content\/uploads\/2023\/03\/995653611.jpg\" \/>\n\t<meta property=\"og:image:width\" content=\"1000\" \/>\n\t<meta property=\"og:image:height\" content=\"651\" \/>\n\t<meta property=\"og:image:type\" content=\"image\/jpeg\" \/>\n<meta name=\"twitter:card\" content=\"summary_large_image\" \/>\n<meta name=\"twitter:label1\" content=\"Dur\u00e9e de lecture estim\u00e9e\" \/>\n\t<meta name=\"twitter:data1\" content=\"1 minute\" \/>\n<script type=\"application\/ld+json\" class=\"yoast-schema-graph\">{\"@context\":\"https:\\\/\\\/schema.org\",\"@graph\":[{\"@type\":\"WebPage\",\"@id\":\"https:\\\/\\\/shop.bantam.ch\\\/fr\\\/produit\\\/televiseur-tek-tv-a-led\\\/\",\"url\":\"https:\\\/\\\/shop.bantam.ch\\\/fr\\\/produit\\\/televiseur-tek-tv-a-led\\\/\",\"name\":\"T\u00e9l\u00e9viseur TEK TV \u00c0 LED - Bantam Wankm\u00fcller SA\",\"isPartOf\":{\"@id\":\"https:\\\/\\\/shop.bantam.ch\\\/fr\\\/#website\"},\"primaryImageOfPage\":{\"@id\":\"https:\\\/\\\/shop.bantam.ch\\\/fr\\\/produit\\\/televiseur-tek-tv-a-led\\\/#primaryimage\"},\"image\":{\"@id\":\"https:\\\/\\\/shop.bantam.ch\\\/fr\\\/produit\\\/televiseur-tek-tv-a-led\\\/#primaryimage\"},\"thumbnailUrl\":\"https:\\\/\\\/shop.bantam.ch\\\/wp-content\\\/uploads\\\/2023\\\/03\\\/995653611.jpg\",\"datePublished\":\"2023-03-28T13:26:46+00:00\",\"dateModified\":\"2026-04-20T22:34:14+00:00\",\"breadcrumb\":{\"@id\":\"https:\\\/\\\/shop.bantam.ch\\\/fr\\\/produit\\\/televiseur-tek-tv-a-led\\\/#breadcrumb\"},\"inLanguage\":\"fr-FR\",\"potentialAction\":[{\"@type\":\"ReadAction\",\"target\":[\"https:\\\/\\\/shop.bantam.ch\\\/fr\\\/produit\\\/televiseur-tek-tv-a-led\\\/\"]}]},{\"@type\":\"ImageObject\",\"inLanguage\":\"fr-FR\",\"@id\":\"https:\\\/\\\/shop.bantam.ch\\\/fr\\\/produit\\\/televiseur-tek-tv-a-led\\\/#primaryimage\",\"url\":\"https:\\\/\\\/shop.bantam.ch\\\/wp-content\\\/uploads\\\/2023\\\/03\\\/995653611.jpg\",\"contentUrl\":\"https:\\\/\\\/shop.bantam.ch\\\/wp-content\\\/uploads\\\/2023\\\/03\\\/995653611.jpg\",\"width\":1000,\"height\":651},{\"@type\":\"BreadcrumbList\",\"@id\":\"https:\\\/\\\/shop.bantam.ch\\\/fr\\\/produit\\\/televiseur-tek-tv-a-led\\\/#breadcrumb\",\"itemListElement\":[{\"@type\":\"ListItem\",\"position\":1,\"name\":\"Accueil\",\"item\":\"https:\\\/\\\/shop.bantam.ch\\\/fr\\\/\"},{\"@type\":\"ListItem\",\"position\":2,\"name\":\"Boutique\",\"item\":\"https:\\\/\\\/shop.bantam.ch\\\/fr\\\/boutique\\\/\"},{\"@type\":\"ListItem\",\"position\":3,\"name\":\"T\u00e9l\u00e9viseur TEK TV \u00c0 LED\"}]},{\"@type\":\"WebSite\",\"@id\":\"https:\\\/\\\/shop.bantam.ch\\\/fr\\\/#website\",\"url\":\"https:\\\/\\\/shop.bantam.ch\\\/fr\\\/\",\"name\":\"Bantam Wankm\u00fcller SA\",\"description\":\"\",\"publisher\":{\"@id\":\"https:\\\/\\\/shop.bantam.ch\\\/fr\\\/#organization\"},\"inLanguage\":\"fr-FR\"},{\"@type\":\"Organization\",\"@id\":\"https:\\\/\\\/shop.bantam.ch\\\/fr\\\/#organization\",\"name\":\"Bantam Wankm\u00fcller SA\",\"url\":\"https:\\\/\\\/shop.bantam.ch\\\/fr\\\/\",\"logo\":{\"@type\":\"ImageObject\",\"inLanguage\":\"fr-FR\",\"@id\":\"https:\\\/\\\/shop.bantam.ch\\\/fr\\\/#\\\/schema\\\/logo\\\/image\\\/\",\"url\":\"https:\\\/\\\/shop.bantam.ch\\\/wp-content\\\/uploads\\\/2022\\\/12\\\/bantam-logo.png\",\"contentUrl\":\"https:\\\/\\\/shop.bantam.ch\\\/wp-content\\\/uploads\\\/2022\\\/12\\\/bantam-logo.png\",\"width\":320,\"height\":71,\"caption\":\"Bantam Wankm\u00fcller SA\"},\"image\":{\"@id\":\"https:\\\/\\\/shop.bantam.ch\\\/fr\\\/#\\\/schema\\\/logo\\\/image\\\/\"}}]}<\/script>\n<!-- \/ Yoast SEO plugin. -->","yoast_head_json":{"title":"T\u00e9l\u00e9viseur TEK TV \u00c0 LED - Bantam Wankm\u00fcller SA","robots":{"index":"index","follow":"follow","max-snippet":"max-snippet:-1","max-image-preview":"max-image-preview:large","max-video-preview":"max-video-preview:-1"},"canonical":"https:\/\/shop.bantam.ch\/fr\/produit\/televiseur-tek-tv-a-led\/","og_locale":"fr_FR","og_type":"article","og_title":"T\u00e9l\u00e9viseur TEK TV \u00c0 LED - Bantam Wankm\u00fcller SA","og_description":"R\u00e9cepteur satellite DVB-S2 et r\u00e9cepteur terrestre DVB-T2 HEVC int\u00e9gr\u00e9 FRANSAT et M7 avec fonction Fast Scan Propri\u00e9t\u00e9s et fonctions : Alimentation 9-32 VDC ou 230 VAC Lecteur DVD Port USB avec fonction multim\u00e9dia PVR pour enregistrer et reproduire des contenus audio et vid\u00e9o Fonction Timeshift \u00c9cran FHD 18,5 pouces (diagonale 47 cm) 5 000 cha\u00eenes [&hellip;]","og_url":"https:\/\/shop.bantam.ch\/fr\/produit\/televiseur-tek-tv-a-led\/","og_site_name":"Bantam Wankm\u00fcller SA","article_modified_time":"2026-04-20T22:34:14+00:00","og_image":[{"width":1000,"height":651,"url":"https:\/\/shop.bantam.ch\/wp-content\/uploads\/2023\/03\/995653611.jpg","type":"image\/jpeg"}],"twitter_card":"summary_large_image","twitter_misc":{"Dur\u00e9e de lecture estim\u00e9e":"1 minute"},"schema":{"@context":"https:\/\/schema.org","@graph":[{"@type":"WebPage","@id":"https:\/\/shop.bantam.ch\/fr\/produit\/televiseur-tek-tv-a-led\/","url":"https:\/\/shop.bantam.ch\/fr\/produit\/televiseur-tek-tv-a-led\/","name":"T\u00e9l\u00e9viseur TEK TV \u00c0 LED - Bantam Wankm\u00fcller SA","isPartOf":{"@id":"https:\/\/shop.bantam.ch\/fr\/#website"},"primaryImageOfPage":{"@id":"https:\/\/shop.bantam.ch\/fr\/produit\/televiseur-tek-tv-a-led\/#primaryimage"},"image":{"@id":"https:\/\/shop.bantam.ch\/fr\/produit\/televiseur-tek-tv-a-led\/#primaryimage"},"thumbnailUrl":"https:\/\/shop.bantam.ch\/wp-content\/uploads\/2023\/03\/995653611.jpg","datePublished":"2023-03-28T13:26:46+00:00","dateModified":"2026-04-20T22:34:14+00:00","breadcrumb":{"@id":"https:\/\/shop.bantam.ch\/fr\/produit\/televiseur-tek-tv-a-led\/#breadcrumb"},"inLanguage":"fr-FR","potentialAction":[{"@type":"ReadAction","target":["https:\/\/shop.bantam.ch\/fr\/produit\/televiseur-tek-tv-a-led\/"]}]},{"@type":"ImageObject","inLanguage":"fr-FR","@id":"https:\/\/shop.bantam.ch\/fr\/produit\/televiseur-tek-tv-a-led\/#primaryimage","url":"https:\/\/shop.bantam.ch\/wp-content\/uploads\/2023\/03\/995653611.jpg","contentUrl":"https:\/\/shop.bantam.ch\/wp-content\/uploads\/2023\/03\/995653611.jpg","width":1000,"height":651},{"@type":"BreadcrumbList","@id":"https:\/\/shop.bantam.ch\/fr\/produit\/televiseur-tek-tv-a-led\/#breadcrumb","itemListElement":[{"@type":"ListItem","position":1,"name":"Accueil","item":"https:\/\/shop.bantam.ch\/fr\/"},{"@type":"ListItem","position":2,"name":"Boutique","item":"https:\/\/shop.bantam.ch\/fr\/boutique\/"},{"@type":"ListItem","position":3,"name":"T\u00e9l\u00e9viseur TEK TV \u00c0 LED"}]},{"@type":"WebSite","@id":"https:\/\/shop.bantam.ch\/fr\/#website","url":"https:\/\/shop.bantam.ch\/fr\/","name":"Bantam Wankm\u00fcller SA","description":"","publisher":{"@id":"https:\/\/shop.bantam.ch\/fr\/#organization"},"inLanguage":"fr-FR"},{"@type":"Organization","@id":"https:\/\/shop.bantam.ch\/fr\/#organization","name":"Bantam Wankm\u00fcller SA","url":"https:\/\/shop.bantam.ch\/fr\/","logo":{"@type":"ImageObject","inLanguage":"fr-FR","@id":"https:\/\/shop.bantam.ch\/fr\/#\/schema\/logo\/image\/","url":"https:\/\/shop.bantam.ch\/wp-content\/uploads\/2022\/12\/bantam-logo.png","contentUrl":"https:\/\/shop.bantam.ch\/wp-content\/uploads\/2022\/12\/bantam-logo.png","width":320,"height":71,"caption":"Bantam Wankm\u00fcller SA"},"image":{"@id":"https:\/\/shop.bantam.ch\/fr\/#\/schema\/logo\/image\/"}}]}},"_links":{"self":[{"href":"https:\/\/shop.bantam.ch\/fr\/wp-json\/wp\/v2\/product\/163506","targetHints":{"allow":["GET"]}}],"collection":[{"href":"https:\/\/shop.bantam.ch\/fr\/wp-json\/wp\/v2\/product"}],"about":[{"href":"https:\/\/shop.bantam.ch\/fr\/wp-json\/wp\/v2\/types\/product"}],"wp:featuredmedia":[{"embeddable":true,"href":"https:\/\/shop.bantam.ch\/fr\/wp-json\/wp\/v2\/media\/163504"}],"wp:attachment":[{"href":"https:\/\/shop.bantam.ch\/fr\/wp-json\/wp\/v2\/media?parent=163506"}],"wp:term":[{"taxonomy":"product_featured_cat","embeddable":true,"href":"https:\/\/shop.bantam.ch\/fr\/wp-json\/wp\/v2\/product_featured_cat?post=163506"},{"taxonomy":"product_brand","embeddable":true,"href":"https:\/\/shop.bantam.ch\/fr\/wp-json\/wp\/v2\/product_brand?post=163506"},{"taxonomy":"product_cat","embeddable":true,"href":"https:\/\/shop.bantam.ch\/fr\/wp-json\/wp\/v2\/product_cat?post=163506"},{"taxonomy":"product_tag","embeddable":true,"href":"https:\/\/shop.bantam.ch\/fr\/wp-json\/wp\/v2\/product_tag?post=163506"}],"curies":[{"name":"wp","href":"https:\/\/api.w.org\/{rel}","templated":true}]}}