{"id":163068,"date":"2023-03-28T15:10:19","date_gmt":"2023-03-28T13:10:19","guid":{"rendered":"https:\/\/shop.bantam.ch\/produit\/moustiquaire-dometic-flytec-ft-200-fiat-ducato-h2-x250-x290\/"},"modified":"2026-04-29T00:32:20","modified_gmt":"2026-04-28T22:32:20","slug":"moustiquaire-dometic-flytec-ft-200-fiat-ducato-h2-x250-x290","status":"publish","type":"product","link":"https:\/\/shop.bantam.ch\/fr\/produit\/moustiquaire-dometic-flytec-ft-200-fiat-ducato-h2-x250-x290\/","title":{"rendered":"Moustiquaire Dometic FlyTec FT 200, Fiat Ducato H2 X250 \/ X290"},"content":{"rendered":"<p>Faire du camping en plein air a aussi ses d\u00e9sagr\u00e9ments : les insectes deviennent vite g\u00eanants dans la pi\u00e8ce de s\u00e9jour et la chambre de votre camping-car ou de votre caravane.<br \/>Le mieux est de prendre des mesures pr\u00e9ventives et de s\u00e9curiser la porte d\u2018entr\u00e9e avec une protection anti-insecte sur mesure. Tous les mod\u00e8les sont faciles \u00e0 installer, et pas seulement pour les portes standards. Les insectes perturbateurs restent ainsi \u00e0 l\u2019ext\u00e9rieur et la moustiquaire laisse de plus circuler l\u2019air frais \u00e0 l\u2019int\u00e9rieur de votre v\u00e9hicule. La moustiquaire haut de gamme pliss\u00e9e simplement pour portes coulissantes de Fiat Ducato H2 X250 \/ X290 et v\u00e9hicules de structure similaire.  Remplit compl\u00e8tement la d\u00e9coupe de la porte.<\/p>\n<p>Equipement et fonctions :\u00a0\u00a0 \u00a0<\/p>\n<ul>\n<li>Repousse les insectes de tous types vers l\u2019ext\u00e9rieur<\/li>\n<li>Facile \u00e0 installer<\/li>\n<li>Fermeture \u00e0 brosse<\/li>\n<li>Commande facile \u00e0 une main<\/li>\n<\/ul>\n","protected":false},"excerpt":{"rendered":"<p>Faire du camping en plein air a aussi ses d\u00e9sagr\u00e9ments : les insectes deviennent vite g\u00eanants dans la pi\u00e8ce de s\u00e9jour et la chambre de votre camping-car ou de votre caravane.Le mieux est de prendre des mesures pr\u00e9ventives et de s\u00e9curiser la porte d\u2018entr\u00e9e avec une protection anti-insecte sur mesure. Tous les mod\u00e8les sont faciles [&hellip;]<\/p>\n","protected":false},"featured_media":163066,"template":"","meta":{"_acf_changed":false},"product_featured_cat":[],"product_brand":[3028],"product_cat":[4793],"product_tag":[],"class_list":{"0":"post-163068","1":"product","2":"type-product","3":"status-publish","4":"has-post-thumbnail","6":"product_brand-dometic","7":"product_cat-moustiquaires-de-porte","9":"first","10":"instock","11":"taxable","12":"shipping-taxable","13":"purchasable","14":"product-type-variable"},"acf":[],"yoast_head":"<!-- This site is optimized with the Yoast SEO plugin v27.5 - https:\/\/yoast.com\/product\/yoast-seo-wordpress\/ -->\n<title>Moustiquaire Dometic FlyTec FT 200, Fiat Ducato H2 X250 \/ X290 - Bantam<\/title>\n<meta name=\"robots\" content=\"index, follow, max-snippet:-1, max-image-preview:large, max-video-preview:-1\" \/>\n<link rel=\"canonical\" href=\"https:\/\/shop.bantam.ch\/fr\/produit\/moustiquaire-dometic-flytec-ft-200-fiat-ducato-h2-x250-x290\/\" \/>\n<meta property=\"og:locale\" content=\"fr_FR\" \/>\n<meta property=\"og:type\" content=\"article\" \/>\n<meta property=\"og:title\" content=\"Moustiquaire Dometic FlyTec FT 200, Fiat Ducato H2 X250 \/ X290 - Bantam\" \/>\n<meta property=\"og:description\" content=\"Faire du camping en plein air a aussi ses d\u00e9sagr\u00e9ments : les insectes deviennent vite g\u00eanants dans la pi\u00e8ce de s\u00e9jour et la chambre de votre camping-car ou de votre caravane.Le mieux est de prendre des mesures pr\u00e9ventives et de s\u00e9curiser la porte d\u2018entr\u00e9e avec une protection anti-insecte sur mesure. Tous les mod\u00e8les sont faciles [&hellip;]\" \/>\n<meta property=\"og:url\" content=\"https:\/\/shop.bantam.ch\/fr\/produit\/moustiquaire-dometic-flytec-ft-200-fiat-ducato-h2-x250-x290\/\" \/>\n<meta property=\"og:site_name\" content=\"Bantam\" \/>\n<meta property=\"article:modified_time\" content=\"2026-04-28T22:32:20+00:00\" \/>\n<meta property=\"og:image\" content=\"https:\/\/shop.bantam.ch\/wp-content\/uploads\/2023\/03\/9940619-Fliegengitter_Dometic_Fly_Tec_FT_200-Anwendung-01.jpg\" \/>\n\t<meta property=\"og:image:width\" content=\"1000\" \/>\n\t<meta property=\"og:image:height\" content=\"667\" \/>\n\t<meta property=\"og:image:type\" content=\"image\/jpeg\" \/>\n<meta name=\"twitter:card\" content=\"summary_large_image\" \/>\n<meta name=\"twitter:label1\" content=\"Dur\u00e9e de lecture estim\u00e9e\" \/>\n\t<meta name=\"twitter:data1\" content=\"1 minute\" \/>\n<script type=\"application\/ld+json\" class=\"yoast-schema-graph\">{\"@context\":\"https:\\\/\\\/schema.org\",\"@graph\":[{\"@type\":\"WebPage\",\"@id\":\"https:\\\/\\\/shop.bantam.ch\\\/fr\\\/produit\\\/moustiquaire-dometic-flytec-ft-200-fiat-ducato-h2-x250-x290\\\/\",\"url\":\"https:\\\/\\\/shop.bantam.ch\\\/fr\\\/produit\\\/moustiquaire-dometic-flytec-ft-200-fiat-ducato-h2-x250-x290\\\/\",\"name\":\"Moustiquaire Dometic FlyTec FT 200, Fiat Ducato H2 X250 \\\/ X290 - Bantam\",\"isPartOf\":{\"@id\":\"https:\\\/\\\/shop.bantam.ch\\\/fr\\\/#website\"},\"primaryImageOfPage\":{\"@id\":\"https:\\\/\\\/shop.bantam.ch\\\/fr\\\/produit\\\/moustiquaire-dometic-flytec-ft-200-fiat-ducato-h2-x250-x290\\\/#primaryimage\"},\"image\":{\"@id\":\"https:\\\/\\\/shop.bantam.ch\\\/fr\\\/produit\\\/moustiquaire-dometic-flytec-ft-200-fiat-ducato-h2-x250-x290\\\/#primaryimage\"},\"thumbnailUrl\":\"https:\\\/\\\/shop.bantam.ch\\\/wp-content\\\/uploads\\\/2023\\\/03\\\/9940619-Fliegengitter_Dometic_Fly_Tec_FT_200-Anwendung-01.jpg\",\"datePublished\":\"2023-03-28T13:10:19+00:00\",\"dateModified\":\"2026-04-28T22:32:20+00:00\",\"breadcrumb\":{\"@id\":\"https:\\\/\\\/shop.bantam.ch\\\/fr\\\/produit\\\/moustiquaire-dometic-flytec-ft-200-fiat-ducato-h2-x250-x290\\\/#breadcrumb\"},\"inLanguage\":\"fr-FR\",\"potentialAction\":[{\"@type\":\"ReadAction\",\"target\":[\"https:\\\/\\\/shop.bantam.ch\\\/fr\\\/produit\\\/moustiquaire-dometic-flytec-ft-200-fiat-ducato-h2-x250-x290\\\/\"]}]},{\"@type\":\"ImageObject\",\"inLanguage\":\"fr-FR\",\"@id\":\"https:\\\/\\\/shop.bantam.ch\\\/fr\\\/produit\\\/moustiquaire-dometic-flytec-ft-200-fiat-ducato-h2-x250-x290\\\/#primaryimage\",\"url\":\"https:\\\/\\\/shop.bantam.ch\\\/wp-content\\\/uploads\\\/2023\\\/03\\\/9940619-Fliegengitter_Dometic_Fly_Tec_FT_200-Anwendung-01.jpg\",\"contentUrl\":\"https:\\\/\\\/shop.bantam.ch\\\/wp-content\\\/uploads\\\/2023\\\/03\\\/9940619-Fliegengitter_Dometic_Fly_Tec_FT_200-Anwendung-01.jpg\",\"width\":1000,\"height\":667},{\"@type\":\"BreadcrumbList\",\"@id\":\"https:\\\/\\\/shop.bantam.ch\\\/fr\\\/produit\\\/moustiquaire-dometic-flytec-ft-200-fiat-ducato-h2-x250-x290\\\/#breadcrumb\",\"itemListElement\":[{\"@type\":\"ListItem\",\"position\":1,\"name\":\"Accueil\",\"item\":\"https:\\\/\\\/shop.bantam.ch\\\/fr\\\/\"},{\"@type\":\"ListItem\",\"position\":2,\"name\":\"Boutique\",\"item\":\"https:\\\/\\\/shop.bantam.ch\\\/fr\\\/boutique\\\/\"},{\"@type\":\"ListItem\",\"position\":3,\"name\":\"Moustiquaire Dometic FlyTec FT 200, Fiat Ducato H2 X250 \\\/ X290\"}]},{\"@type\":\"WebSite\",\"@id\":\"https:\\\/\\\/shop.bantam.ch\\\/fr\\\/#website\",\"url\":\"https:\\\/\\\/shop.bantam.ch\\\/fr\\\/\",\"name\":\"Bantam\",\"description\":\"\",\"publisher\":{\"@id\":\"https:\\\/\\\/shop.bantam.ch\\\/fr\\\/#organization\"},\"inLanguage\":\"fr-FR\"},{\"@type\":\"Organization\",\"@id\":\"https:\\\/\\\/shop.bantam.ch\\\/fr\\\/#organization\",\"name\":\"Bantam\",\"url\":\"https:\\\/\\\/shop.bantam.ch\\\/fr\\\/\",\"logo\":{\"@type\":\"ImageObject\",\"inLanguage\":\"fr-FR\",\"@id\":\"https:\\\/\\\/shop.bantam.ch\\\/fr\\\/#\\\/schema\\\/logo\\\/image\\\/\",\"url\":\"https:\\\/\\\/shop.bantam.ch\\\/wp-content\\\/uploads\\\/2022\\\/12\\\/bantam-logo.png\",\"contentUrl\":\"https:\\\/\\\/shop.bantam.ch\\\/wp-content\\\/uploads\\\/2022\\\/12\\\/bantam-logo.png\",\"width\":320,\"height\":71,\"caption\":\"Bantam\"},\"image\":{\"@id\":\"https:\\\/\\\/shop.bantam.ch\\\/fr\\\/#\\\/schema\\\/logo\\\/image\\\/\"}}]}<\/script>\n<!-- \/ Yoast SEO plugin. -->","yoast_head_json":{"title":"Moustiquaire Dometic FlyTec FT 200, Fiat Ducato H2 X250 \/ X290 - Bantam","robots":{"index":"index","follow":"follow","max-snippet":"max-snippet:-1","max-image-preview":"max-image-preview:large","max-video-preview":"max-video-preview:-1"},"canonical":"https:\/\/shop.bantam.ch\/fr\/produit\/moustiquaire-dometic-flytec-ft-200-fiat-ducato-h2-x250-x290\/","og_locale":"fr_FR","og_type":"article","og_title":"Moustiquaire Dometic FlyTec FT 200, Fiat Ducato H2 X250 \/ X290 - Bantam","og_description":"Faire du camping en plein air a aussi ses d\u00e9sagr\u00e9ments : les insectes deviennent vite g\u00eanants dans la pi\u00e8ce de s\u00e9jour et la chambre de votre camping-car ou de votre caravane.Le mieux est de prendre des mesures pr\u00e9ventives et de s\u00e9curiser la porte d\u2018entr\u00e9e avec une protection anti-insecte sur mesure. Tous les mod\u00e8les sont faciles [&hellip;]","og_url":"https:\/\/shop.bantam.ch\/fr\/produit\/moustiquaire-dometic-flytec-ft-200-fiat-ducato-h2-x250-x290\/","og_site_name":"Bantam","article_modified_time":"2026-04-28T22:32:20+00:00","og_image":[{"width":1000,"height":667,"url":"https:\/\/shop.bantam.ch\/wp-content\/uploads\/2023\/03\/9940619-Fliegengitter_Dometic_Fly_Tec_FT_200-Anwendung-01.jpg","type":"image\/jpeg"}],"twitter_card":"summary_large_image","twitter_misc":{"Dur\u00e9e de lecture estim\u00e9e":"1 minute"},"schema":{"@context":"https:\/\/schema.org","@graph":[{"@type":"WebPage","@id":"https:\/\/shop.bantam.ch\/fr\/produit\/moustiquaire-dometic-flytec-ft-200-fiat-ducato-h2-x250-x290\/","url":"https:\/\/shop.bantam.ch\/fr\/produit\/moustiquaire-dometic-flytec-ft-200-fiat-ducato-h2-x250-x290\/","name":"Moustiquaire Dometic FlyTec FT 200, Fiat Ducato H2 X250 \/ X290 - Bantam","isPartOf":{"@id":"https:\/\/shop.bantam.ch\/fr\/#website"},"primaryImageOfPage":{"@id":"https:\/\/shop.bantam.ch\/fr\/produit\/moustiquaire-dometic-flytec-ft-200-fiat-ducato-h2-x250-x290\/#primaryimage"},"image":{"@id":"https:\/\/shop.bantam.ch\/fr\/produit\/moustiquaire-dometic-flytec-ft-200-fiat-ducato-h2-x250-x290\/#primaryimage"},"thumbnailUrl":"https:\/\/shop.bantam.ch\/wp-content\/uploads\/2023\/03\/9940619-Fliegengitter_Dometic_Fly_Tec_FT_200-Anwendung-01.jpg","datePublished":"2023-03-28T13:10:19+00:00","dateModified":"2026-04-28T22:32:20+00:00","breadcrumb":{"@id":"https:\/\/shop.bantam.ch\/fr\/produit\/moustiquaire-dometic-flytec-ft-200-fiat-ducato-h2-x250-x290\/#breadcrumb"},"inLanguage":"fr-FR","potentialAction":[{"@type":"ReadAction","target":["https:\/\/shop.bantam.ch\/fr\/produit\/moustiquaire-dometic-flytec-ft-200-fiat-ducato-h2-x250-x290\/"]}]},{"@type":"ImageObject","inLanguage":"fr-FR","@id":"https:\/\/shop.bantam.ch\/fr\/produit\/moustiquaire-dometic-flytec-ft-200-fiat-ducato-h2-x250-x290\/#primaryimage","url":"https:\/\/shop.bantam.ch\/wp-content\/uploads\/2023\/03\/9940619-Fliegengitter_Dometic_Fly_Tec_FT_200-Anwendung-01.jpg","contentUrl":"https:\/\/shop.bantam.ch\/wp-content\/uploads\/2023\/03\/9940619-Fliegengitter_Dometic_Fly_Tec_FT_200-Anwendung-01.jpg","width":1000,"height":667},{"@type":"BreadcrumbList","@id":"https:\/\/shop.bantam.ch\/fr\/produit\/moustiquaire-dometic-flytec-ft-200-fiat-ducato-h2-x250-x290\/#breadcrumb","itemListElement":[{"@type":"ListItem","position":1,"name":"Accueil","item":"https:\/\/shop.bantam.ch\/fr\/"},{"@type":"ListItem","position":2,"name":"Boutique","item":"https:\/\/shop.bantam.ch\/fr\/boutique\/"},{"@type":"ListItem","position":3,"name":"Moustiquaire Dometic FlyTec FT 200, Fiat Ducato H2 X250 \/ X290"}]},{"@type":"WebSite","@id":"https:\/\/shop.bantam.ch\/fr\/#website","url":"https:\/\/shop.bantam.ch\/fr\/","name":"Bantam","description":"","publisher":{"@id":"https:\/\/shop.bantam.ch\/fr\/#organization"},"inLanguage":"fr-FR"},{"@type":"Organization","@id":"https:\/\/shop.bantam.ch\/fr\/#organization","name":"Bantam","url":"https:\/\/shop.bantam.ch\/fr\/","logo":{"@type":"ImageObject","inLanguage":"fr-FR","@id":"https:\/\/shop.bantam.ch\/fr\/#\/schema\/logo\/image\/","url":"https:\/\/shop.bantam.ch\/wp-content\/uploads\/2022\/12\/bantam-logo.png","contentUrl":"https:\/\/shop.bantam.ch\/wp-content\/uploads\/2022\/12\/bantam-logo.png","width":320,"height":71,"caption":"Bantam"},"image":{"@id":"https:\/\/shop.bantam.ch\/fr\/#\/schema\/logo\/image\/"}}]}},"_links":{"self":[{"href":"https:\/\/shop.bantam.ch\/fr\/wp-json\/wp\/v2\/product\/163068","targetHints":{"allow":["GET"]}}],"collection":[{"href":"https:\/\/shop.bantam.ch\/fr\/wp-json\/wp\/v2\/product"}],"about":[{"href":"https:\/\/shop.bantam.ch\/fr\/wp-json\/wp\/v2\/types\/product"}],"wp:featuredmedia":[{"embeddable":true,"href":"https:\/\/shop.bantam.ch\/fr\/wp-json\/wp\/v2\/media\/163066"}],"wp:attachment":[{"href":"https:\/\/shop.bantam.ch\/fr\/wp-json\/wp\/v2\/media?parent=163068"}],"wp:term":[{"taxonomy":"product_featured_cat","embeddable":true,"href":"https:\/\/shop.bantam.ch\/fr\/wp-json\/wp\/v2\/product_featured_cat?post=163068"},{"taxonomy":"product_brand","embeddable":true,"href":"https:\/\/shop.bantam.ch\/fr\/wp-json\/wp\/v2\/product_brand?post=163068"},{"taxonomy":"product_cat","embeddable":true,"href":"https:\/\/shop.bantam.ch\/fr\/wp-json\/wp\/v2\/product_cat?post=163068"},{"taxonomy":"product_tag","embeddable":true,"href":"https:\/\/shop.bantam.ch\/fr\/wp-json\/wp\/v2\/product_tag?post=163068"}],"curies":[{"name":"wp","href":"https:\/\/api.w.org\/{rel}","templated":true}]}}