{"id":163012,"date":"2023-03-28T15:07:39","date_gmt":"2023-03-28T13:07:39","guid":{"rendered":"https:\/\/shop.bantam.ch\/produit\/lot-de-3-bols-pliables-collaps\/"},"modified":"2026-05-03T00:31:38","modified_gmt":"2026-05-02T22:31:38","slug":"lot-de-3-bols-pliables-collaps","status":"publish","type":"product","link":"https:\/\/shop.bantam.ch\/fr\/produit\/lot-de-3-bols-pliables-collaps\/","title":{"rendered":"Lot de 3 bols pliables Collaps"},"content":{"rendered":"<p>Le set de saladier Collaps se replie enti\u00e8rement apr\u00e8s utilisation et convient parfaitement aux plats froids. Le bol est constitu\u00e9 d\u2019un mat\u00e9riau incassable, est simple \u00e0 nettoyer et se plie en un tour de main.<\/p>\n<ul>\n<li>Rangement compact<\/li>\n<li>S\u2019ouvre et se replie facilement<\/li>\n<li>Sans bisph\u00e9nol A (BPA)<\/li>\n<\/ul>\n<p>Petit\u00a0: 20,5 x 8,5 cm (\u00d8 x h)<\/p>\n<p>Medium\u00a0: 23,5 x 9 cm (\u00d8 x h)<\/p>\n<p>Large\u00a0: 28 x 10 cm (\u00d8 x h)<\/p>\n<p>Dimensions \u00e0 l\u2019\u00e9tat repli\u00e9 : 28 x 6 cm (\u00d8 x h)<\/p>\n","protected":false},"excerpt":{"rendered":"<p>Le set de saladier Collaps se replie enti\u00e8rement apr\u00e8s utilisation et convient parfaitement aux plats froids. Le bol est constitu\u00e9 d\u2019un mat\u00e9riau incassable, est simple \u00e0 nettoyer et se plie en un tour de main. Rangement compact S\u2019ouvre et se replie facilement Sans bisph\u00e9nol A (BPA) Petit\u00a0: 20,5 x 8,5 cm (\u00d8 x h) Medium\u00a0: [&hellip;]<\/p>\n","protected":false},"featured_media":163008,"template":"","meta":{"_acf_changed":false},"product_featured_cat":[],"product_brand":[3296],"product_cat":[4275],"product_tag":[],"class_list":{"0":"post-163012","1":"product","2":"type-product","3":"status-publish","4":"has-post-thumbnail","6":"product_brand-outwell","7":"product_cat-saladiers-et-bols","9":"first","10":"instock","11":"taxable","12":"shipping-taxable","13":"purchasable","14":"product-type-variable"},"acf":[],"yoast_head":"<!-- This site is optimized with the Yoast SEO plugin v27.5 - https:\/\/yoast.com\/product\/yoast-seo-wordpress\/ -->\n<title>Lot de 3 bols pliables Collaps - Bantam<\/title>\n<meta name=\"robots\" content=\"index, follow, max-snippet:-1, max-image-preview:large, max-video-preview:-1\" \/>\n<link rel=\"canonical\" href=\"https:\/\/shop.bantam.ch\/fr\/produit\/lot-de-3-bols-pliables-collaps\/\" \/>\n<meta property=\"og:locale\" content=\"fr_FR\" \/>\n<meta property=\"og:type\" content=\"article\" \/>\n<meta property=\"og:title\" content=\"Lot de 3 bols pliables Collaps - Bantam\" \/>\n<meta property=\"og:description\" content=\"Le set de saladier Collaps se replie enti\u00e8rement apr\u00e8s utilisation et convient parfaitement aux plats froids. Le bol est constitu\u00e9 d\u2019un mat\u00e9riau incassable, est simple \u00e0 nettoyer et se plie en un tour de main. Rangement compact S\u2019ouvre et se replie facilement Sans bisph\u00e9nol A (BPA) Petit\u00a0: 20,5 x 8,5 cm (\u00d8 x h) Medium\u00a0: [&hellip;]\" \/>\n<meta property=\"og:url\" content=\"https:\/\/shop.bantam.ch\/fr\/produit\/lot-de-3-bols-pliables-collaps\/\" \/>\n<meta property=\"og:site_name\" content=\"Bantam\" \/>\n<meta property=\"article:modified_time\" content=\"2026-05-02T22:31:38+00:00\" \/>\n<meta property=\"og:image\" content=\"https:\/\/shop.bantam.ch\/wp-content\/uploads\/2023\/03\/995676711-2.jpg\" \/>\n\t<meta property=\"og:image:width\" content=\"1000\" \/>\n\t<meta property=\"og:image:height\" content=\"474\" \/>\n\t<meta property=\"og:image:type\" content=\"image\/jpeg\" \/>\n<meta name=\"twitter:card\" content=\"summary_large_image\" \/>\n<script type=\"application\/ld+json\" class=\"yoast-schema-graph\">{\"@context\":\"https:\\\/\\\/schema.org\",\"@graph\":[{\"@type\":\"WebPage\",\"@id\":\"https:\\\/\\\/shop.bantam.ch\\\/fr\\\/produit\\\/lot-de-3-bols-pliables-collaps\\\/\",\"url\":\"https:\\\/\\\/shop.bantam.ch\\\/fr\\\/produit\\\/lot-de-3-bols-pliables-collaps\\\/\",\"name\":\"Lot de 3 bols pliables Collaps - Bantam\",\"isPartOf\":{\"@id\":\"https:\\\/\\\/shop.bantam.ch\\\/fr\\\/#website\"},\"primaryImageOfPage\":{\"@id\":\"https:\\\/\\\/shop.bantam.ch\\\/fr\\\/produit\\\/lot-de-3-bols-pliables-collaps\\\/#primaryimage\"},\"image\":{\"@id\":\"https:\\\/\\\/shop.bantam.ch\\\/fr\\\/produit\\\/lot-de-3-bols-pliables-collaps\\\/#primaryimage\"},\"thumbnailUrl\":\"https:\\\/\\\/shop.bantam.ch\\\/wp-content\\\/uploads\\\/2023\\\/03\\\/995676711-2.jpg\",\"datePublished\":\"2023-03-28T13:07:39+00:00\",\"dateModified\":\"2026-05-02T22:31:38+00:00\",\"breadcrumb\":{\"@id\":\"https:\\\/\\\/shop.bantam.ch\\\/fr\\\/produit\\\/lot-de-3-bols-pliables-collaps\\\/#breadcrumb\"},\"inLanguage\":\"fr-FR\",\"potentialAction\":[{\"@type\":\"ReadAction\",\"target\":[\"https:\\\/\\\/shop.bantam.ch\\\/fr\\\/produit\\\/lot-de-3-bols-pliables-collaps\\\/\"]}]},{\"@type\":\"ImageObject\",\"inLanguage\":\"fr-FR\",\"@id\":\"https:\\\/\\\/shop.bantam.ch\\\/fr\\\/produit\\\/lot-de-3-bols-pliables-collaps\\\/#primaryimage\",\"url\":\"https:\\\/\\\/shop.bantam.ch\\\/wp-content\\\/uploads\\\/2023\\\/03\\\/995676711-2.jpg\",\"contentUrl\":\"https:\\\/\\\/shop.bantam.ch\\\/wp-content\\\/uploads\\\/2023\\\/03\\\/995676711-2.jpg\",\"width\":1000,\"height\":474},{\"@type\":\"BreadcrumbList\",\"@id\":\"https:\\\/\\\/shop.bantam.ch\\\/fr\\\/produit\\\/lot-de-3-bols-pliables-collaps\\\/#breadcrumb\",\"itemListElement\":[{\"@type\":\"ListItem\",\"position\":1,\"name\":\"Accueil\",\"item\":\"https:\\\/\\\/shop.bantam.ch\\\/fr\\\/\"},{\"@type\":\"ListItem\",\"position\":2,\"name\":\"Boutique\",\"item\":\"https:\\\/\\\/shop.bantam.ch\\\/fr\\\/boutique\\\/\"},{\"@type\":\"ListItem\",\"position\":3,\"name\":\"Lot de 3 bols pliables Collaps\"}]},{\"@type\":\"WebSite\",\"@id\":\"https:\\\/\\\/shop.bantam.ch\\\/fr\\\/#website\",\"url\":\"https:\\\/\\\/shop.bantam.ch\\\/fr\\\/\",\"name\":\"Bantam\",\"description\":\"\",\"publisher\":{\"@id\":\"https:\\\/\\\/shop.bantam.ch\\\/fr\\\/#organization\"},\"inLanguage\":\"fr-FR\"},{\"@type\":\"Organization\",\"@id\":\"https:\\\/\\\/shop.bantam.ch\\\/fr\\\/#organization\",\"name\":\"Bantam\",\"url\":\"https:\\\/\\\/shop.bantam.ch\\\/fr\\\/\",\"logo\":{\"@type\":\"ImageObject\",\"inLanguage\":\"fr-FR\",\"@id\":\"https:\\\/\\\/shop.bantam.ch\\\/fr\\\/#\\\/schema\\\/logo\\\/image\\\/\",\"url\":\"https:\\\/\\\/shop.bantam.ch\\\/wp-content\\\/uploads\\\/2022\\\/12\\\/bantam-logo.png\",\"contentUrl\":\"https:\\\/\\\/shop.bantam.ch\\\/wp-content\\\/uploads\\\/2022\\\/12\\\/bantam-logo.png\",\"width\":320,\"height\":71,\"caption\":\"Bantam\"},\"image\":{\"@id\":\"https:\\\/\\\/shop.bantam.ch\\\/fr\\\/#\\\/schema\\\/logo\\\/image\\\/\"}}]}<\/script>\n<!-- \/ Yoast SEO plugin. -->","yoast_head_json":{"title":"Lot de 3 bols pliables Collaps - Bantam","robots":{"index":"index","follow":"follow","max-snippet":"max-snippet:-1","max-image-preview":"max-image-preview:large","max-video-preview":"max-video-preview:-1"},"canonical":"https:\/\/shop.bantam.ch\/fr\/produit\/lot-de-3-bols-pliables-collaps\/","og_locale":"fr_FR","og_type":"article","og_title":"Lot de 3 bols pliables Collaps - Bantam","og_description":"Le set de saladier Collaps se replie enti\u00e8rement apr\u00e8s utilisation et convient parfaitement aux plats froids. Le bol est constitu\u00e9 d\u2019un mat\u00e9riau incassable, est simple \u00e0 nettoyer et se plie en un tour de main. Rangement compact S\u2019ouvre et se replie facilement Sans bisph\u00e9nol A (BPA) Petit\u00a0: 20,5 x 8,5 cm (\u00d8 x h) Medium\u00a0: [&hellip;]","og_url":"https:\/\/shop.bantam.ch\/fr\/produit\/lot-de-3-bols-pliables-collaps\/","og_site_name":"Bantam","article_modified_time":"2026-05-02T22:31:38+00:00","og_image":[{"width":1000,"height":474,"url":"https:\/\/shop.bantam.ch\/wp-content\/uploads\/2023\/03\/995676711-2.jpg","type":"image\/jpeg"}],"twitter_card":"summary_large_image","schema":{"@context":"https:\/\/schema.org","@graph":[{"@type":"WebPage","@id":"https:\/\/shop.bantam.ch\/fr\/produit\/lot-de-3-bols-pliables-collaps\/","url":"https:\/\/shop.bantam.ch\/fr\/produit\/lot-de-3-bols-pliables-collaps\/","name":"Lot de 3 bols pliables Collaps - Bantam","isPartOf":{"@id":"https:\/\/shop.bantam.ch\/fr\/#website"},"primaryImageOfPage":{"@id":"https:\/\/shop.bantam.ch\/fr\/produit\/lot-de-3-bols-pliables-collaps\/#primaryimage"},"image":{"@id":"https:\/\/shop.bantam.ch\/fr\/produit\/lot-de-3-bols-pliables-collaps\/#primaryimage"},"thumbnailUrl":"https:\/\/shop.bantam.ch\/wp-content\/uploads\/2023\/03\/995676711-2.jpg","datePublished":"2023-03-28T13:07:39+00:00","dateModified":"2026-05-02T22:31:38+00:00","breadcrumb":{"@id":"https:\/\/shop.bantam.ch\/fr\/produit\/lot-de-3-bols-pliables-collaps\/#breadcrumb"},"inLanguage":"fr-FR","potentialAction":[{"@type":"ReadAction","target":["https:\/\/shop.bantam.ch\/fr\/produit\/lot-de-3-bols-pliables-collaps\/"]}]},{"@type":"ImageObject","inLanguage":"fr-FR","@id":"https:\/\/shop.bantam.ch\/fr\/produit\/lot-de-3-bols-pliables-collaps\/#primaryimage","url":"https:\/\/shop.bantam.ch\/wp-content\/uploads\/2023\/03\/995676711-2.jpg","contentUrl":"https:\/\/shop.bantam.ch\/wp-content\/uploads\/2023\/03\/995676711-2.jpg","width":1000,"height":474},{"@type":"BreadcrumbList","@id":"https:\/\/shop.bantam.ch\/fr\/produit\/lot-de-3-bols-pliables-collaps\/#breadcrumb","itemListElement":[{"@type":"ListItem","position":1,"name":"Accueil","item":"https:\/\/shop.bantam.ch\/fr\/"},{"@type":"ListItem","position":2,"name":"Boutique","item":"https:\/\/shop.bantam.ch\/fr\/boutique\/"},{"@type":"ListItem","position":3,"name":"Lot de 3 bols pliables Collaps"}]},{"@type":"WebSite","@id":"https:\/\/shop.bantam.ch\/fr\/#website","url":"https:\/\/shop.bantam.ch\/fr\/","name":"Bantam","description":"","publisher":{"@id":"https:\/\/shop.bantam.ch\/fr\/#organization"},"inLanguage":"fr-FR"},{"@type":"Organization","@id":"https:\/\/shop.bantam.ch\/fr\/#organization","name":"Bantam","url":"https:\/\/shop.bantam.ch\/fr\/","logo":{"@type":"ImageObject","inLanguage":"fr-FR","@id":"https:\/\/shop.bantam.ch\/fr\/#\/schema\/logo\/image\/","url":"https:\/\/shop.bantam.ch\/wp-content\/uploads\/2022\/12\/bantam-logo.png","contentUrl":"https:\/\/shop.bantam.ch\/wp-content\/uploads\/2022\/12\/bantam-logo.png","width":320,"height":71,"caption":"Bantam"},"image":{"@id":"https:\/\/shop.bantam.ch\/fr\/#\/schema\/logo\/image\/"}}]}},"_links":{"self":[{"href":"https:\/\/shop.bantam.ch\/fr\/wp-json\/wp\/v2\/product\/163012","targetHints":{"allow":["GET"]}}],"collection":[{"href":"https:\/\/shop.bantam.ch\/fr\/wp-json\/wp\/v2\/product"}],"about":[{"href":"https:\/\/shop.bantam.ch\/fr\/wp-json\/wp\/v2\/types\/product"}],"wp:featuredmedia":[{"embeddable":true,"href":"https:\/\/shop.bantam.ch\/fr\/wp-json\/wp\/v2\/media\/163008"}],"wp:attachment":[{"href":"https:\/\/shop.bantam.ch\/fr\/wp-json\/wp\/v2\/media?parent=163012"}],"wp:term":[{"taxonomy":"product_featured_cat","embeddable":true,"href":"https:\/\/shop.bantam.ch\/fr\/wp-json\/wp\/v2\/product_featured_cat?post=163012"},{"taxonomy":"product_brand","embeddable":true,"href":"https:\/\/shop.bantam.ch\/fr\/wp-json\/wp\/v2\/product_brand?post=163012"},{"taxonomy":"product_cat","embeddable":true,"href":"https:\/\/shop.bantam.ch\/fr\/wp-json\/wp\/v2\/product_cat?post=163012"},{"taxonomy":"product_tag","embeddable":true,"href":"https:\/\/shop.bantam.ch\/fr\/wp-json\/wp\/v2\/product_tag?post=163012"}],"curies":[{"name":"wp","href":"https:\/\/api.w.org\/{rel}","templated":true}]}}