{"id":162964,"date":"2023-03-28T15:06:04","date_gmt":"2023-03-28T13:06:04","guid":{"rendered":"https:\/\/shop.bantam.ch\/produit\/sac-de-transport-mega-bag-elite\/"},"modified":"2026-04-18T00:37:13","modified_gmt":"2026-04-17T22:37:13","slug":"sac-de-transport-mega-bag-elite","status":"publish","type":"product","link":"https:\/\/shop.bantam.ch\/fr\/produit\/sac-de-transport-mega-bag-elite\/","title":{"rendered":"Sac de transport Mega Bag Elite"},"content":{"rendered":"<p>Fiamma pr\u00e9sente la version Elite et Smart de la collection actuelle Mega Bag pour la nouvelle saison. Elles sont disponibles s\u00e9par\u00e9ment en tant qu\u2019accessoires et elles diff\u00e8rent des versions Mega Bag et Mega Bag Light en ce qui concerne le traitement de surface et les poches-filets int\u00e9rieures avec bordure \u00e9lastique. Les deux versions sont \u00e9quip\u00e9es d\u2019une plaque de renfort sur la face inf\u00e9rieure. La version Elite est aussi \u00e9quip\u00e9e de roues \u00e0 roulements \u00e0 billes pour faciliter le transport tandis que la version Smart est munie de bandouli\u00e8res pour un transport plus simple. Dimensions \u00e9tendues pour un rangement facile de l\u2019armature de l\u2019auvent Privacy. Les versions Mega Bag et Mega Bag Light sont fournies avec Privacy et ne sont plus vendues s\u00e9par\u00e9ment.<\/p>\n<p>Mat\u00e9riau\u00a0:<\/p>\n<p>100 % polyester<\/p>\n","protected":false},"excerpt":{"rendered":"<p>Fiamma pr\u00e9sente la version Elite et Smart de la collection actuelle Mega Bag pour la nouvelle saison. Elles sont disponibles s\u00e9par\u00e9ment en tant qu\u2019accessoires et elles diff\u00e8rent des versions Mega Bag et Mega Bag Light en ce qui concerne le traitement de surface et les poches-filets int\u00e9rieures avec bordure \u00e9lastique. Les deux versions sont \u00e9quip\u00e9es [&hellip;]<\/p>\n","protected":false},"featured_media":162958,"template":"","meta":{"_acf_changed":false},"product_featured_cat":[],"product_brand":[3034],"product_cat":[4235],"product_tag":[],"class_list":{"0":"post-162964","1":"product","2":"type-product","3":"status-publish","4":"has-post-thumbnail","6":"product_brand-fiamma","7":"product_cat-sacs-pour-stores","9":"first","10":"instock","11":"taxable","12":"shipping-taxable","13":"purchasable","14":"product-type-variable"},"acf":[],"yoast_head":"<!-- This site is optimized with the Yoast SEO plugin v27.4 - https:\/\/yoast.com\/product\/yoast-seo-wordpress\/ -->\n<title>Sac de transport Mega Bag Elite - Bantam Wankm\u00fcller SA<\/title>\n<meta name=\"robots\" content=\"index, follow, max-snippet:-1, max-image-preview:large, max-video-preview:-1\" \/>\n<link rel=\"canonical\" href=\"https:\/\/shop.bantam.ch\/fr\/produit\/sac-de-transport-mega-bag-elite\/\" \/>\n<meta property=\"og:locale\" content=\"fr_FR\" \/>\n<meta property=\"og:type\" content=\"article\" \/>\n<meta property=\"og:title\" content=\"Sac de transport Mega Bag Elite - Bantam Wankm\u00fcller SA\" \/>\n<meta property=\"og:description\" content=\"Fiamma pr\u00e9sente la version Elite et Smart de la collection actuelle Mega Bag pour la nouvelle saison. Elles sont disponibles s\u00e9par\u00e9ment en tant qu\u2019accessoires et elles diff\u00e8rent des versions Mega Bag et Mega Bag Light en ce qui concerne le traitement de surface et les poches-filets int\u00e9rieures avec bordure \u00e9lastique. Les deux versions sont \u00e9quip\u00e9es [&hellip;]\" \/>\n<meta property=\"og:url\" content=\"https:\/\/shop.bantam.ch\/fr\/produit\/sac-de-transport-mega-bag-elite\/\" \/>\n<meta property=\"og:site_name\" content=\"Bantam Wankm\u00fcller SA\" \/>\n<meta property=\"article:modified_time\" content=\"2026-04-17T22:37:13+00:00\" \/>\n<meta property=\"og:image\" content=\"https:\/\/shop.bantam.ch\/wp-content\/uploads\/2023\/03\/995747311.jpg\" \/>\n\t<meta property=\"og:image:width\" content=\"1000\" \/>\n\t<meta property=\"og:image:height\" content=\"750\" \/>\n\t<meta property=\"og:image:type\" content=\"image\/jpeg\" \/>\n<meta name=\"twitter:card\" content=\"summary_large_image\" \/>\n<meta name=\"twitter:label1\" content=\"Dur\u00e9e de lecture estim\u00e9e\" \/>\n\t<meta name=\"twitter:data1\" content=\"1 minute\" \/>\n<script type=\"application\/ld+json\" class=\"yoast-schema-graph\">{\"@context\":\"https:\\\/\\\/schema.org\",\"@graph\":[{\"@type\":\"WebPage\",\"@id\":\"https:\\\/\\\/shop.bantam.ch\\\/fr\\\/produit\\\/sac-de-transport-mega-bag-elite\\\/\",\"url\":\"https:\\\/\\\/shop.bantam.ch\\\/fr\\\/produit\\\/sac-de-transport-mega-bag-elite\\\/\",\"name\":\"Sac de transport Mega Bag Elite - Bantam Wankm\u00fcller SA\",\"isPartOf\":{\"@id\":\"https:\\\/\\\/shop.bantam.ch\\\/fr\\\/#website\"},\"primaryImageOfPage\":{\"@id\":\"https:\\\/\\\/shop.bantam.ch\\\/fr\\\/produit\\\/sac-de-transport-mega-bag-elite\\\/#primaryimage\"},\"image\":{\"@id\":\"https:\\\/\\\/shop.bantam.ch\\\/fr\\\/produit\\\/sac-de-transport-mega-bag-elite\\\/#primaryimage\"},\"thumbnailUrl\":\"https:\\\/\\\/shop.bantam.ch\\\/wp-content\\\/uploads\\\/2023\\\/03\\\/995747311.jpg\",\"datePublished\":\"2023-03-28T13:06:04+00:00\",\"dateModified\":\"2026-04-17T22:37:13+00:00\",\"breadcrumb\":{\"@id\":\"https:\\\/\\\/shop.bantam.ch\\\/fr\\\/produit\\\/sac-de-transport-mega-bag-elite\\\/#breadcrumb\"},\"inLanguage\":\"fr-FR\",\"potentialAction\":[{\"@type\":\"ReadAction\",\"target\":[\"https:\\\/\\\/shop.bantam.ch\\\/fr\\\/produit\\\/sac-de-transport-mega-bag-elite\\\/\"]}]},{\"@type\":\"ImageObject\",\"inLanguage\":\"fr-FR\",\"@id\":\"https:\\\/\\\/shop.bantam.ch\\\/fr\\\/produit\\\/sac-de-transport-mega-bag-elite\\\/#primaryimage\",\"url\":\"https:\\\/\\\/shop.bantam.ch\\\/wp-content\\\/uploads\\\/2023\\\/03\\\/995747311.jpg\",\"contentUrl\":\"https:\\\/\\\/shop.bantam.ch\\\/wp-content\\\/uploads\\\/2023\\\/03\\\/995747311.jpg\",\"width\":1000,\"height\":750},{\"@type\":\"BreadcrumbList\",\"@id\":\"https:\\\/\\\/shop.bantam.ch\\\/fr\\\/produit\\\/sac-de-transport-mega-bag-elite\\\/#breadcrumb\",\"itemListElement\":[{\"@type\":\"ListItem\",\"position\":1,\"name\":\"Accueil\",\"item\":\"https:\\\/\\\/shop.bantam.ch\\\/fr\\\/\"},{\"@type\":\"ListItem\",\"position\":2,\"name\":\"Boutique\",\"item\":\"https:\\\/\\\/shop.bantam.ch\\\/fr\\\/boutique\\\/\"},{\"@type\":\"ListItem\",\"position\":3,\"name\":\"Sac de transport Mega Bag Elite\"}]},{\"@type\":\"WebSite\",\"@id\":\"https:\\\/\\\/shop.bantam.ch\\\/fr\\\/#website\",\"url\":\"https:\\\/\\\/shop.bantam.ch\\\/fr\\\/\",\"name\":\"Bantam Wankm\u00fcller SA\",\"description\":\"\",\"publisher\":{\"@id\":\"https:\\\/\\\/shop.bantam.ch\\\/fr\\\/#organization\"},\"inLanguage\":\"fr-FR\"},{\"@type\":\"Organization\",\"@id\":\"https:\\\/\\\/shop.bantam.ch\\\/fr\\\/#organization\",\"name\":\"Bantam Wankm\u00fcller SA\",\"url\":\"https:\\\/\\\/shop.bantam.ch\\\/fr\\\/\",\"logo\":{\"@type\":\"ImageObject\",\"inLanguage\":\"fr-FR\",\"@id\":\"https:\\\/\\\/shop.bantam.ch\\\/fr\\\/#\\\/schema\\\/logo\\\/image\\\/\",\"url\":\"https:\\\/\\\/shop.bantam.ch\\\/wp-content\\\/uploads\\\/2022\\\/12\\\/bantam-logo.png\",\"contentUrl\":\"https:\\\/\\\/shop.bantam.ch\\\/wp-content\\\/uploads\\\/2022\\\/12\\\/bantam-logo.png\",\"width\":320,\"height\":71,\"caption\":\"Bantam Wankm\u00fcller SA\"},\"image\":{\"@id\":\"https:\\\/\\\/shop.bantam.ch\\\/fr\\\/#\\\/schema\\\/logo\\\/image\\\/\"}}]}<\/script>\n<!-- \/ Yoast SEO plugin. -->","yoast_head_json":{"title":"Sac de transport Mega Bag Elite - Bantam Wankm\u00fcller SA","robots":{"index":"index","follow":"follow","max-snippet":"max-snippet:-1","max-image-preview":"max-image-preview:large","max-video-preview":"max-video-preview:-1"},"canonical":"https:\/\/shop.bantam.ch\/fr\/produit\/sac-de-transport-mega-bag-elite\/","og_locale":"fr_FR","og_type":"article","og_title":"Sac de transport Mega Bag Elite - Bantam Wankm\u00fcller SA","og_description":"Fiamma pr\u00e9sente la version Elite et Smart de la collection actuelle Mega Bag pour la nouvelle saison. Elles sont disponibles s\u00e9par\u00e9ment en tant qu\u2019accessoires et elles diff\u00e8rent des versions Mega Bag et Mega Bag Light en ce qui concerne le traitement de surface et les poches-filets int\u00e9rieures avec bordure \u00e9lastique. Les deux versions sont \u00e9quip\u00e9es [&hellip;]","og_url":"https:\/\/shop.bantam.ch\/fr\/produit\/sac-de-transport-mega-bag-elite\/","og_site_name":"Bantam Wankm\u00fcller SA","article_modified_time":"2026-04-17T22:37:13+00:00","og_image":[{"width":1000,"height":750,"url":"https:\/\/shop.bantam.ch\/wp-content\/uploads\/2023\/03\/995747311.jpg","type":"image\/jpeg"}],"twitter_card":"summary_large_image","twitter_misc":{"Dur\u00e9e de lecture estim\u00e9e":"1 minute"},"schema":{"@context":"https:\/\/schema.org","@graph":[{"@type":"WebPage","@id":"https:\/\/shop.bantam.ch\/fr\/produit\/sac-de-transport-mega-bag-elite\/","url":"https:\/\/shop.bantam.ch\/fr\/produit\/sac-de-transport-mega-bag-elite\/","name":"Sac de transport Mega Bag Elite - Bantam Wankm\u00fcller SA","isPartOf":{"@id":"https:\/\/shop.bantam.ch\/fr\/#website"},"primaryImageOfPage":{"@id":"https:\/\/shop.bantam.ch\/fr\/produit\/sac-de-transport-mega-bag-elite\/#primaryimage"},"image":{"@id":"https:\/\/shop.bantam.ch\/fr\/produit\/sac-de-transport-mega-bag-elite\/#primaryimage"},"thumbnailUrl":"https:\/\/shop.bantam.ch\/wp-content\/uploads\/2023\/03\/995747311.jpg","datePublished":"2023-03-28T13:06:04+00:00","dateModified":"2026-04-17T22:37:13+00:00","breadcrumb":{"@id":"https:\/\/shop.bantam.ch\/fr\/produit\/sac-de-transport-mega-bag-elite\/#breadcrumb"},"inLanguage":"fr-FR","potentialAction":[{"@type":"ReadAction","target":["https:\/\/shop.bantam.ch\/fr\/produit\/sac-de-transport-mega-bag-elite\/"]}]},{"@type":"ImageObject","inLanguage":"fr-FR","@id":"https:\/\/shop.bantam.ch\/fr\/produit\/sac-de-transport-mega-bag-elite\/#primaryimage","url":"https:\/\/shop.bantam.ch\/wp-content\/uploads\/2023\/03\/995747311.jpg","contentUrl":"https:\/\/shop.bantam.ch\/wp-content\/uploads\/2023\/03\/995747311.jpg","width":1000,"height":750},{"@type":"BreadcrumbList","@id":"https:\/\/shop.bantam.ch\/fr\/produit\/sac-de-transport-mega-bag-elite\/#breadcrumb","itemListElement":[{"@type":"ListItem","position":1,"name":"Accueil","item":"https:\/\/shop.bantam.ch\/fr\/"},{"@type":"ListItem","position":2,"name":"Boutique","item":"https:\/\/shop.bantam.ch\/fr\/boutique\/"},{"@type":"ListItem","position":3,"name":"Sac de transport Mega Bag Elite"}]},{"@type":"WebSite","@id":"https:\/\/shop.bantam.ch\/fr\/#website","url":"https:\/\/shop.bantam.ch\/fr\/","name":"Bantam Wankm\u00fcller SA","description":"","publisher":{"@id":"https:\/\/shop.bantam.ch\/fr\/#organization"},"inLanguage":"fr-FR"},{"@type":"Organization","@id":"https:\/\/shop.bantam.ch\/fr\/#organization","name":"Bantam Wankm\u00fcller SA","url":"https:\/\/shop.bantam.ch\/fr\/","logo":{"@type":"ImageObject","inLanguage":"fr-FR","@id":"https:\/\/shop.bantam.ch\/fr\/#\/schema\/logo\/image\/","url":"https:\/\/shop.bantam.ch\/wp-content\/uploads\/2022\/12\/bantam-logo.png","contentUrl":"https:\/\/shop.bantam.ch\/wp-content\/uploads\/2022\/12\/bantam-logo.png","width":320,"height":71,"caption":"Bantam Wankm\u00fcller SA"},"image":{"@id":"https:\/\/shop.bantam.ch\/fr\/#\/schema\/logo\/image\/"}}]}},"_links":{"self":[{"href":"https:\/\/shop.bantam.ch\/fr\/wp-json\/wp\/v2\/product\/162964","targetHints":{"allow":["GET"]}}],"collection":[{"href":"https:\/\/shop.bantam.ch\/fr\/wp-json\/wp\/v2\/product"}],"about":[{"href":"https:\/\/shop.bantam.ch\/fr\/wp-json\/wp\/v2\/types\/product"}],"wp:featuredmedia":[{"embeddable":true,"href":"https:\/\/shop.bantam.ch\/fr\/wp-json\/wp\/v2\/media\/162958"}],"wp:attachment":[{"href":"https:\/\/shop.bantam.ch\/fr\/wp-json\/wp\/v2\/media?parent=162964"}],"wp:term":[{"taxonomy":"product_featured_cat","embeddable":true,"href":"https:\/\/shop.bantam.ch\/fr\/wp-json\/wp\/v2\/product_featured_cat?post=162964"},{"taxonomy":"product_brand","embeddable":true,"href":"https:\/\/shop.bantam.ch\/fr\/wp-json\/wp\/v2\/product_brand?post=162964"},{"taxonomy":"product_cat","embeddable":true,"href":"https:\/\/shop.bantam.ch\/fr\/wp-json\/wp\/v2\/product_cat?post=162964"},{"taxonomy":"product_tag","embeddable":true,"href":"https:\/\/shop.bantam.ch\/fr\/wp-json\/wp\/v2\/product_tag?post=162964"}],"curies":[{"name":"wp","href":"https:\/\/api.w.org\/{rel}","templated":true}]}}