{"id":162822,"date":"2023-03-28T14:58:12","date_gmt":"2023-03-28T12:58:12","guid":{"rendered":"https:\/\/shop.bantam.ch\/produit\/porte-velo-de-soute-arriere-weih-slide-move-hg-250\/"},"modified":"2026-05-02T00:22:42","modified_gmt":"2026-05-01T22:22:42","slug":"porte-velo-de-soute-arriere-weih-slide-move-hg-250","status":"publish","type":"product","link":"https:\/\/shop.bantam.ch\/fr\/produit\/porte-velo-de-soute-arriere-weih-slide-move-hg-250\/","title":{"rendered":"Porte-v\u00e9lo de soute arri\u00e8re Weih Slide Move HG-250"},"content":{"rendered":"<p>Porte-v\u00e9los Slide Move HG-250 avec support de roue pour roue arri\u00e8re et 2 porte-fourches pour essieu avant (roue avant d\u00e9mont\u00e9e). Syst\u00e8me de support t\u00e9lescopique des deux c\u00f4t\u00e9s pour 2 v\u00e9los. Id\u00e9al pour les camping-cars avec 2 portes. Le support est viss\u00e9 au sol du v\u00e9hicule avec des bras de maintien lat\u00e9raux. Le d\u00e9placement lat\u00e9ral suppl\u00e9mentaire dans la soute permet de pousser les v\u00e9los sur le c\u00f4t\u00e9 pour gagner de la place apr\u00e8s le chargement.<\/p>\n<ul>\n<li>Distance entre les v\u00e9los d\u2018env. 25 cm<\/li>\n<li>2 bras de fixation sur l&rsquo;\u00e9trier de retenue<\/li>\n<li>Pour une capacit\u00e9 portante : Respecter la charge sur l&rsquo;essieu arri\u00e8re du v\u00e9hicule !<\/li>\n<\/ul>\n","protected":false},"excerpt":{"rendered":"<p>Porte-v\u00e9los Slide Move HG-250 avec support de roue pour roue arri\u00e8re et 2 porte-fourches pour essieu avant (roue avant d\u00e9mont\u00e9e). Syst\u00e8me de support t\u00e9lescopique des deux c\u00f4t\u00e9s pour 2 v\u00e9los. Id\u00e9al pour les camping-cars avec 2 portes. Le support est viss\u00e9 au sol du v\u00e9hicule avec des bras de maintien lat\u00e9raux. Le d\u00e9placement lat\u00e9ral suppl\u00e9mentaire [&hellip;]<\/p>\n","protected":false},"featured_media":162812,"template":"","meta":{"_acf_changed":false},"product_featured_cat":[],"product_brand":[3152],"product_cat":[4691],"product_tag":[],"class_list":{"0":"post-162822","1":"product","2":"type-product","3":"status-publish","4":"has-post-thumbnail","6":"product_brand-weih-tec","7":"product_cat-porte-velos-garage-arriere","9":"first","10":"instock","11":"taxable","12":"shipping-taxable","13":"purchasable","14":"product-type-variable"},"acf":[],"yoast_head":"<!-- This site is optimized with the Yoast SEO plugin v27.5 - https:\/\/yoast.com\/product\/yoast-seo-wordpress\/ -->\n<title>Porte-v\u00e9lo de soute arri\u00e8re Weih Slide Move HG-250 - Bantam<\/title>\n<meta name=\"robots\" content=\"index, follow, max-snippet:-1, max-image-preview:large, max-video-preview:-1\" \/>\n<link rel=\"canonical\" href=\"https:\/\/shop.bantam.ch\/fr\/produit\/porte-velo-de-soute-arriere-weih-slide-move-hg-250\/\" \/>\n<meta property=\"og:locale\" content=\"fr_FR\" \/>\n<meta property=\"og:type\" content=\"article\" \/>\n<meta property=\"og:title\" content=\"Porte-v\u00e9lo de soute arri\u00e8re Weih Slide Move HG-250 - Bantam\" \/>\n<meta property=\"og:description\" content=\"Porte-v\u00e9los Slide Move HG-250 avec support de roue pour roue arri\u00e8re et 2 porte-fourches pour essieu avant (roue avant d\u00e9mont\u00e9e). Syst\u00e8me de support t\u00e9lescopique des deux c\u00f4t\u00e9s pour 2 v\u00e9los. Id\u00e9al pour les camping-cars avec 2 portes. Le support est viss\u00e9 au sol du v\u00e9hicule avec des bras de maintien lat\u00e9raux. Le d\u00e9placement lat\u00e9ral suppl\u00e9mentaire [&hellip;]\" \/>\n<meta property=\"og:url\" content=\"https:\/\/shop.bantam.ch\/fr\/produit\/porte-velo-de-soute-arriere-weih-slide-move-hg-250\/\" \/>\n<meta property=\"og:site_name\" content=\"Bantam\" \/>\n<meta property=\"article:modified_time\" content=\"2026-05-01T22:22:42+00:00\" \/>\n<meta property=\"og:image\" content=\"https:\/\/shop.bantam.ch\/wp-content\/uploads\/2023\/03\/994280121.jpg\" \/>\n\t<meta property=\"og:image:width\" content=\"334\" \/>\n\t<meta property=\"og:image:height\" content=\"500\" \/>\n\t<meta property=\"og:image:type\" content=\"image\/jpeg\" \/>\n<meta name=\"twitter:card\" content=\"summary_large_image\" \/>\n<meta name=\"twitter:label1\" content=\"Dur\u00e9e de lecture estim\u00e9e\" \/>\n\t<meta name=\"twitter:data1\" content=\"1 minute\" \/>\n<script type=\"application\/ld+json\" class=\"yoast-schema-graph\">{\"@context\":\"https:\\\/\\\/schema.org\",\"@graph\":[{\"@type\":\"WebPage\",\"@id\":\"https:\\\/\\\/shop.bantam.ch\\\/fr\\\/produit\\\/porte-velo-de-soute-arriere-weih-slide-move-hg-250\\\/\",\"url\":\"https:\\\/\\\/shop.bantam.ch\\\/fr\\\/produit\\\/porte-velo-de-soute-arriere-weih-slide-move-hg-250\\\/\",\"name\":\"Porte-v\u00e9lo de soute arri\u00e8re Weih Slide Move HG-250 - Bantam\",\"isPartOf\":{\"@id\":\"https:\\\/\\\/shop.bantam.ch\\\/fr\\\/#website\"},\"primaryImageOfPage\":{\"@id\":\"https:\\\/\\\/shop.bantam.ch\\\/fr\\\/produit\\\/porte-velo-de-soute-arriere-weih-slide-move-hg-250\\\/#primaryimage\"},\"image\":{\"@id\":\"https:\\\/\\\/shop.bantam.ch\\\/fr\\\/produit\\\/porte-velo-de-soute-arriere-weih-slide-move-hg-250\\\/#primaryimage\"},\"thumbnailUrl\":\"https:\\\/\\\/shop.bantam.ch\\\/wp-content\\\/uploads\\\/2023\\\/03\\\/994280121.jpg\",\"datePublished\":\"2023-03-28T12:58:12+00:00\",\"dateModified\":\"2026-05-01T22:22:42+00:00\",\"breadcrumb\":{\"@id\":\"https:\\\/\\\/shop.bantam.ch\\\/fr\\\/produit\\\/porte-velo-de-soute-arriere-weih-slide-move-hg-250\\\/#breadcrumb\"},\"inLanguage\":\"fr-FR\",\"potentialAction\":[{\"@type\":\"ReadAction\",\"target\":[\"https:\\\/\\\/shop.bantam.ch\\\/fr\\\/produit\\\/porte-velo-de-soute-arriere-weih-slide-move-hg-250\\\/\"]}]},{\"@type\":\"ImageObject\",\"inLanguage\":\"fr-FR\",\"@id\":\"https:\\\/\\\/shop.bantam.ch\\\/fr\\\/produit\\\/porte-velo-de-soute-arriere-weih-slide-move-hg-250\\\/#primaryimage\",\"url\":\"https:\\\/\\\/shop.bantam.ch\\\/wp-content\\\/uploads\\\/2023\\\/03\\\/994280121.jpg\",\"contentUrl\":\"https:\\\/\\\/shop.bantam.ch\\\/wp-content\\\/uploads\\\/2023\\\/03\\\/994280121.jpg\",\"width\":334,\"height\":500},{\"@type\":\"BreadcrumbList\",\"@id\":\"https:\\\/\\\/shop.bantam.ch\\\/fr\\\/produit\\\/porte-velo-de-soute-arriere-weih-slide-move-hg-250\\\/#breadcrumb\",\"itemListElement\":[{\"@type\":\"ListItem\",\"position\":1,\"name\":\"Accueil\",\"item\":\"https:\\\/\\\/shop.bantam.ch\\\/fr\\\/\"},{\"@type\":\"ListItem\",\"position\":2,\"name\":\"Boutique\",\"item\":\"https:\\\/\\\/shop.bantam.ch\\\/fr\\\/boutique\\\/\"},{\"@type\":\"ListItem\",\"position\":3,\"name\":\"Porte-v\u00e9lo de soute arri\u00e8re Weih Slide Move HG-250\"}]},{\"@type\":\"WebSite\",\"@id\":\"https:\\\/\\\/shop.bantam.ch\\\/fr\\\/#website\",\"url\":\"https:\\\/\\\/shop.bantam.ch\\\/fr\\\/\",\"name\":\"Bantam\",\"description\":\"\",\"publisher\":{\"@id\":\"https:\\\/\\\/shop.bantam.ch\\\/fr\\\/#organization\"},\"inLanguage\":\"fr-FR\"},{\"@type\":\"Organization\",\"@id\":\"https:\\\/\\\/shop.bantam.ch\\\/fr\\\/#organization\",\"name\":\"Bantam\",\"url\":\"https:\\\/\\\/shop.bantam.ch\\\/fr\\\/\",\"logo\":{\"@type\":\"ImageObject\",\"inLanguage\":\"fr-FR\",\"@id\":\"https:\\\/\\\/shop.bantam.ch\\\/fr\\\/#\\\/schema\\\/logo\\\/image\\\/\",\"url\":\"https:\\\/\\\/shop.bantam.ch\\\/wp-content\\\/uploads\\\/2022\\\/12\\\/bantam-logo.png\",\"contentUrl\":\"https:\\\/\\\/shop.bantam.ch\\\/wp-content\\\/uploads\\\/2022\\\/12\\\/bantam-logo.png\",\"width\":320,\"height\":71,\"caption\":\"Bantam\"},\"image\":{\"@id\":\"https:\\\/\\\/shop.bantam.ch\\\/fr\\\/#\\\/schema\\\/logo\\\/image\\\/\"}}]}<\/script>\n<!-- \/ Yoast SEO plugin. -->","yoast_head_json":{"title":"Porte-v\u00e9lo de soute arri\u00e8re Weih Slide Move HG-250 - Bantam","robots":{"index":"index","follow":"follow","max-snippet":"max-snippet:-1","max-image-preview":"max-image-preview:large","max-video-preview":"max-video-preview:-1"},"canonical":"https:\/\/shop.bantam.ch\/fr\/produit\/porte-velo-de-soute-arriere-weih-slide-move-hg-250\/","og_locale":"fr_FR","og_type":"article","og_title":"Porte-v\u00e9lo de soute arri\u00e8re Weih Slide Move HG-250 - Bantam","og_description":"Porte-v\u00e9los Slide Move HG-250 avec support de roue pour roue arri\u00e8re et 2 porte-fourches pour essieu avant (roue avant d\u00e9mont\u00e9e). Syst\u00e8me de support t\u00e9lescopique des deux c\u00f4t\u00e9s pour 2 v\u00e9los. Id\u00e9al pour les camping-cars avec 2 portes. Le support est viss\u00e9 au sol du v\u00e9hicule avec des bras de maintien lat\u00e9raux. Le d\u00e9placement lat\u00e9ral suppl\u00e9mentaire [&hellip;]","og_url":"https:\/\/shop.bantam.ch\/fr\/produit\/porte-velo-de-soute-arriere-weih-slide-move-hg-250\/","og_site_name":"Bantam","article_modified_time":"2026-05-01T22:22:42+00:00","og_image":[{"width":334,"height":500,"url":"https:\/\/shop.bantam.ch\/wp-content\/uploads\/2023\/03\/994280121.jpg","type":"image\/jpeg"}],"twitter_card":"summary_large_image","twitter_misc":{"Dur\u00e9e de lecture estim\u00e9e":"1 minute"},"schema":{"@context":"https:\/\/schema.org","@graph":[{"@type":"WebPage","@id":"https:\/\/shop.bantam.ch\/fr\/produit\/porte-velo-de-soute-arriere-weih-slide-move-hg-250\/","url":"https:\/\/shop.bantam.ch\/fr\/produit\/porte-velo-de-soute-arriere-weih-slide-move-hg-250\/","name":"Porte-v\u00e9lo de soute arri\u00e8re Weih Slide Move HG-250 - Bantam","isPartOf":{"@id":"https:\/\/shop.bantam.ch\/fr\/#website"},"primaryImageOfPage":{"@id":"https:\/\/shop.bantam.ch\/fr\/produit\/porte-velo-de-soute-arriere-weih-slide-move-hg-250\/#primaryimage"},"image":{"@id":"https:\/\/shop.bantam.ch\/fr\/produit\/porte-velo-de-soute-arriere-weih-slide-move-hg-250\/#primaryimage"},"thumbnailUrl":"https:\/\/shop.bantam.ch\/wp-content\/uploads\/2023\/03\/994280121.jpg","datePublished":"2023-03-28T12:58:12+00:00","dateModified":"2026-05-01T22:22:42+00:00","breadcrumb":{"@id":"https:\/\/shop.bantam.ch\/fr\/produit\/porte-velo-de-soute-arriere-weih-slide-move-hg-250\/#breadcrumb"},"inLanguage":"fr-FR","potentialAction":[{"@type":"ReadAction","target":["https:\/\/shop.bantam.ch\/fr\/produit\/porte-velo-de-soute-arriere-weih-slide-move-hg-250\/"]}]},{"@type":"ImageObject","inLanguage":"fr-FR","@id":"https:\/\/shop.bantam.ch\/fr\/produit\/porte-velo-de-soute-arriere-weih-slide-move-hg-250\/#primaryimage","url":"https:\/\/shop.bantam.ch\/wp-content\/uploads\/2023\/03\/994280121.jpg","contentUrl":"https:\/\/shop.bantam.ch\/wp-content\/uploads\/2023\/03\/994280121.jpg","width":334,"height":500},{"@type":"BreadcrumbList","@id":"https:\/\/shop.bantam.ch\/fr\/produit\/porte-velo-de-soute-arriere-weih-slide-move-hg-250\/#breadcrumb","itemListElement":[{"@type":"ListItem","position":1,"name":"Accueil","item":"https:\/\/shop.bantam.ch\/fr\/"},{"@type":"ListItem","position":2,"name":"Boutique","item":"https:\/\/shop.bantam.ch\/fr\/boutique\/"},{"@type":"ListItem","position":3,"name":"Porte-v\u00e9lo de soute arri\u00e8re Weih Slide Move HG-250"}]},{"@type":"WebSite","@id":"https:\/\/shop.bantam.ch\/fr\/#website","url":"https:\/\/shop.bantam.ch\/fr\/","name":"Bantam","description":"","publisher":{"@id":"https:\/\/shop.bantam.ch\/fr\/#organization"},"inLanguage":"fr-FR"},{"@type":"Organization","@id":"https:\/\/shop.bantam.ch\/fr\/#organization","name":"Bantam","url":"https:\/\/shop.bantam.ch\/fr\/","logo":{"@type":"ImageObject","inLanguage":"fr-FR","@id":"https:\/\/shop.bantam.ch\/fr\/#\/schema\/logo\/image\/","url":"https:\/\/shop.bantam.ch\/wp-content\/uploads\/2022\/12\/bantam-logo.png","contentUrl":"https:\/\/shop.bantam.ch\/wp-content\/uploads\/2022\/12\/bantam-logo.png","width":320,"height":71,"caption":"Bantam"},"image":{"@id":"https:\/\/shop.bantam.ch\/fr\/#\/schema\/logo\/image\/"}}]}},"_links":{"self":[{"href":"https:\/\/shop.bantam.ch\/fr\/wp-json\/wp\/v2\/product\/162822","targetHints":{"allow":["GET"]}}],"collection":[{"href":"https:\/\/shop.bantam.ch\/fr\/wp-json\/wp\/v2\/product"}],"about":[{"href":"https:\/\/shop.bantam.ch\/fr\/wp-json\/wp\/v2\/types\/product"}],"wp:featuredmedia":[{"embeddable":true,"href":"https:\/\/shop.bantam.ch\/fr\/wp-json\/wp\/v2\/media\/162812"}],"wp:attachment":[{"href":"https:\/\/shop.bantam.ch\/fr\/wp-json\/wp\/v2\/media?parent=162822"}],"wp:term":[{"taxonomy":"product_featured_cat","embeddable":true,"href":"https:\/\/shop.bantam.ch\/fr\/wp-json\/wp\/v2\/product_featured_cat?post=162822"},{"taxonomy":"product_brand","embeddable":true,"href":"https:\/\/shop.bantam.ch\/fr\/wp-json\/wp\/v2\/product_brand?post=162822"},{"taxonomy":"product_cat","embeddable":true,"href":"https:\/\/shop.bantam.ch\/fr\/wp-json\/wp\/v2\/product_cat?post=162822"},{"taxonomy":"product_tag","embeddable":true,"href":"https:\/\/shop.bantam.ch\/fr\/wp-json\/wp\/v2\/product_tag?post=162822"}],"curies":[{"name":"wp","href":"https:\/\/api.w.org\/{rel}","templated":true}]}}