{"id":162738,"date":"2023-03-28T14:52:04","date_gmt":"2023-03-28T12:52:04","guid":{"rendered":"https:\/\/shop.bantam.ch\/produit\/installation-satellite-activsat\/"},"modified":"2026-04-18T00:25:46","modified_gmt":"2026-04-17T22:25:46","slug":"installation-satellite-activsat","status":"publish","type":"product","link":"https:\/\/shop.bantam.ch\/fr\/produit\/installation-satellite-activsat\/","title":{"rendered":"Installation satellite ActivSat"},"content":{"rendered":"<p>Vous pouvez garer votre caravane ou votre camping-car \u00e0 l\u2019ombre d\u2019un arbre et positionner<br \/>\nvotre installation satellite partout o\u00f9 vous voulez.  Ouvrez tout simplement le tr\u00e9pied, fixez-y l\u2019unit\u00e9 de moteur, ins\u00e9rez l\u2019antenne parabolique et branchez le c\u00e2ble (15 m) \u00e0 la prise ActivSat externe du v\u00e9hicule.  Le montage peut \u00eatre effectu\u00e9 tr\u00e8s rapidement et facilement sans outil. Orientez votre antenne satellite en un temps record \u00e0 l\u2019aide de votre smartphone via Bluetooth ou en appuyant sur l\u2019une des touches de l\u2019armoire de commande de votre caravane. 2 modes de recherche sont disponibles pour faciliter la s\u00e9lection : Recherche rapide (la parabole limite la recherche \u00e0 seulement 120\u00b0 et, en plus d&rsquo;\u00eatre beaucoup plus rapide, elle permet d&rsquo;\u00e9conomiser 70 % d&rsquo;\u00e9nergie de la batterie). Pour utiliser la recherche rapide, il est n\u00e9cessaire que vous orientiez la parabole vers le sud avec la boussole fournie. Si vous n&rsquo;arrivez pas \u00e0 savoir o\u00f9 est le sud, vous pouvez d\u00e9sactiver la Recherche Rapide et le Syst\u00e8me effectuera automatiquement la Recherche Totale sur 360\u00b0.  Chaque fois qu&rsquo;ACTIV-SAT pointe un satellite, cette position est sauvegard\u00e9e dans la m\u00e9moire du syst\u00e8me et permet de r\u00e9duire davantage la dur\u00e9e de la recherche suivante.<\/p>\n<ul>\n<li>16 satellites enregistr\u00e9s<\/li>\n<li>\u00c9cran graphique OLED bleu haute d\u00e9finition avec affichage \u00e0 cristaux liquides<\/li>\n<li>Touche SAT \/ Touche Recherche Rapide \/ Touche Parking<\/li>\n<li>Bluetooth int\u00e9gr\u00e9 pour contr\u00f4ler ACTIVSAT directement depuis le smartphone<\/li>\n<li> Alarme antivol avec bruit tr\u00e8s intense (91 dB) et interrupteur ON-OFF<\/li>\n<li>Sortie suppl\u00e9mentaire pour relier soit une sir\u00e8ne d\u2019alarme tr\u00e8s puissante externe ou une lumi\u00e8re externe<\/li>\n<li>Mise \u00e0 jour imm\u00e9diate du logiciel via Bluetooth avec votre smartphone <\/li>\n<\/ul>\n","protected":false},"excerpt":{"rendered":"<p>Vous pouvez garer votre caravane ou votre camping-car \u00e0 l\u2019ombre d\u2019un arbre et positionner votre installation satellite partout o\u00f9 vous voulez. Ouvrez tout simplement le tr\u00e9pied, fixez-y l\u2019unit\u00e9 de moteur, ins\u00e9rez l\u2019antenne parabolique et branchez le c\u00e2ble (15 m) \u00e0 la prise ActivSat externe du v\u00e9hicule. Le montage peut \u00eatre effectu\u00e9 tr\u00e8s rapidement et facilement [&hellip;]<\/p>\n","protected":false},"featured_media":162728,"template":"","meta":{"_acf_changed":false},"product_featured_cat":[],"product_brand":[3230],"product_cat":[4523],"product_tag":[],"class_list":{"0":"post-162738","1":"product","2":"type-product","3":"status-publish","4":"has-post-thumbnail","6":"product_brand-teleco","7":"product_cat-systemes-satellitaires","9":"first","10":"instock","11":"taxable","12":"shipping-taxable","13":"purchasable","14":"product-type-variable"},"acf":[],"yoast_head":"<!-- This site is optimized with the Yoast SEO plugin v27.4 - https:\/\/yoast.com\/product\/yoast-seo-wordpress\/ -->\n<title>Installation satellite ActivSat - Bantam Wankm\u00fcller SA<\/title>\n<meta name=\"robots\" content=\"index, follow, max-snippet:-1, max-image-preview:large, max-video-preview:-1\" \/>\n<link rel=\"canonical\" href=\"https:\/\/shop.bantam.ch\/fr\/produit\/installation-satellite-activsat\/\" \/>\n<meta property=\"og:locale\" content=\"fr_FR\" \/>\n<meta property=\"og:type\" content=\"article\" \/>\n<meta property=\"og:title\" content=\"Installation satellite ActivSat - Bantam Wankm\u00fcller SA\" \/>\n<meta property=\"og:description\" content=\"Vous pouvez garer votre caravane ou votre camping-car \u00e0 l\u2019ombre d\u2019un arbre et positionner votre installation satellite partout o\u00f9 vous voulez. Ouvrez tout simplement le tr\u00e9pied, fixez-y l\u2019unit\u00e9 de moteur, ins\u00e9rez l\u2019antenne parabolique et branchez le c\u00e2ble (15 m) \u00e0 la prise ActivSat externe du v\u00e9hicule. Le montage peut \u00eatre effectu\u00e9 tr\u00e8s rapidement et facilement [&hellip;]\" \/>\n<meta property=\"og:url\" content=\"https:\/\/shop.bantam.ch\/fr\/produit\/installation-satellite-activsat\/\" \/>\n<meta property=\"og:site_name\" content=\"Bantam Wankm\u00fcller SA\" \/>\n<meta property=\"article:modified_time\" content=\"2026-04-17T22:25:46+00:00\" \/>\n<meta property=\"og:image\" content=\"https:\/\/shop.bantam.ch\/wp-content\/uploads\/2023\/03\/995354511.jpg\" \/>\n\t<meta property=\"og:image:width\" content=\"645\" \/>\n\t<meta property=\"og:image:height\" content=\"1000\" \/>\n\t<meta property=\"og:image:type\" content=\"image\/jpeg\" \/>\n<meta name=\"twitter:card\" content=\"summary_large_image\" \/>\n<meta name=\"twitter:label1\" content=\"Dur\u00e9e de lecture estim\u00e9e\" \/>\n\t<meta name=\"twitter:data1\" content=\"1 minute\" \/>\n<script type=\"application\/ld+json\" class=\"yoast-schema-graph\">{\"@context\":\"https:\\\/\\\/schema.org\",\"@graph\":[{\"@type\":\"WebPage\",\"@id\":\"https:\\\/\\\/shop.bantam.ch\\\/fr\\\/produit\\\/installation-satellite-activsat\\\/\",\"url\":\"https:\\\/\\\/shop.bantam.ch\\\/fr\\\/produit\\\/installation-satellite-activsat\\\/\",\"name\":\"Installation satellite ActivSat - Bantam Wankm\u00fcller SA\",\"isPartOf\":{\"@id\":\"https:\\\/\\\/shop.bantam.ch\\\/fr\\\/#website\"},\"primaryImageOfPage\":{\"@id\":\"https:\\\/\\\/shop.bantam.ch\\\/fr\\\/produit\\\/installation-satellite-activsat\\\/#primaryimage\"},\"image\":{\"@id\":\"https:\\\/\\\/shop.bantam.ch\\\/fr\\\/produit\\\/installation-satellite-activsat\\\/#primaryimage\"},\"thumbnailUrl\":\"https:\\\/\\\/shop.bantam.ch\\\/wp-content\\\/uploads\\\/2023\\\/03\\\/995354511.jpg\",\"datePublished\":\"2023-03-28T12:52:04+00:00\",\"dateModified\":\"2026-04-17T22:25:46+00:00\",\"breadcrumb\":{\"@id\":\"https:\\\/\\\/shop.bantam.ch\\\/fr\\\/produit\\\/installation-satellite-activsat\\\/#breadcrumb\"},\"inLanguage\":\"fr-FR\",\"potentialAction\":[{\"@type\":\"ReadAction\",\"target\":[\"https:\\\/\\\/shop.bantam.ch\\\/fr\\\/produit\\\/installation-satellite-activsat\\\/\"]}]},{\"@type\":\"ImageObject\",\"inLanguage\":\"fr-FR\",\"@id\":\"https:\\\/\\\/shop.bantam.ch\\\/fr\\\/produit\\\/installation-satellite-activsat\\\/#primaryimage\",\"url\":\"https:\\\/\\\/shop.bantam.ch\\\/wp-content\\\/uploads\\\/2023\\\/03\\\/995354511.jpg\",\"contentUrl\":\"https:\\\/\\\/shop.bantam.ch\\\/wp-content\\\/uploads\\\/2023\\\/03\\\/995354511.jpg\",\"width\":645,\"height\":1000},{\"@type\":\"BreadcrumbList\",\"@id\":\"https:\\\/\\\/shop.bantam.ch\\\/fr\\\/produit\\\/installation-satellite-activsat\\\/#breadcrumb\",\"itemListElement\":[{\"@type\":\"ListItem\",\"position\":1,\"name\":\"Accueil\",\"item\":\"https:\\\/\\\/shop.bantam.ch\\\/fr\\\/\"},{\"@type\":\"ListItem\",\"position\":2,\"name\":\"Boutique\",\"item\":\"https:\\\/\\\/shop.bantam.ch\\\/fr\\\/boutique\\\/\"},{\"@type\":\"ListItem\",\"position\":3,\"name\":\"Installation satellite ActivSat\"}]},{\"@type\":\"WebSite\",\"@id\":\"https:\\\/\\\/shop.bantam.ch\\\/fr\\\/#website\",\"url\":\"https:\\\/\\\/shop.bantam.ch\\\/fr\\\/\",\"name\":\"Bantam Wankm\u00fcller SA\",\"description\":\"\",\"publisher\":{\"@id\":\"https:\\\/\\\/shop.bantam.ch\\\/fr\\\/#organization\"},\"inLanguage\":\"fr-FR\"},{\"@type\":\"Organization\",\"@id\":\"https:\\\/\\\/shop.bantam.ch\\\/fr\\\/#organization\",\"name\":\"Bantam Wankm\u00fcller SA\",\"url\":\"https:\\\/\\\/shop.bantam.ch\\\/fr\\\/\",\"logo\":{\"@type\":\"ImageObject\",\"inLanguage\":\"fr-FR\",\"@id\":\"https:\\\/\\\/shop.bantam.ch\\\/fr\\\/#\\\/schema\\\/logo\\\/image\\\/\",\"url\":\"https:\\\/\\\/shop.bantam.ch\\\/wp-content\\\/uploads\\\/2022\\\/12\\\/bantam-logo.png\",\"contentUrl\":\"https:\\\/\\\/shop.bantam.ch\\\/wp-content\\\/uploads\\\/2022\\\/12\\\/bantam-logo.png\",\"width\":320,\"height\":71,\"caption\":\"Bantam Wankm\u00fcller SA\"},\"image\":{\"@id\":\"https:\\\/\\\/shop.bantam.ch\\\/fr\\\/#\\\/schema\\\/logo\\\/image\\\/\"}}]}<\/script>\n<!-- \/ Yoast SEO plugin. -->","yoast_head_json":{"title":"Installation satellite ActivSat - Bantam Wankm\u00fcller SA","robots":{"index":"index","follow":"follow","max-snippet":"max-snippet:-1","max-image-preview":"max-image-preview:large","max-video-preview":"max-video-preview:-1"},"canonical":"https:\/\/shop.bantam.ch\/fr\/produit\/installation-satellite-activsat\/","og_locale":"fr_FR","og_type":"article","og_title":"Installation satellite ActivSat - Bantam Wankm\u00fcller SA","og_description":"Vous pouvez garer votre caravane ou votre camping-car \u00e0 l\u2019ombre d\u2019un arbre et positionner votre installation satellite partout o\u00f9 vous voulez. Ouvrez tout simplement le tr\u00e9pied, fixez-y l\u2019unit\u00e9 de moteur, ins\u00e9rez l\u2019antenne parabolique et branchez le c\u00e2ble (15 m) \u00e0 la prise ActivSat externe du v\u00e9hicule. Le montage peut \u00eatre effectu\u00e9 tr\u00e8s rapidement et facilement [&hellip;]","og_url":"https:\/\/shop.bantam.ch\/fr\/produit\/installation-satellite-activsat\/","og_site_name":"Bantam Wankm\u00fcller SA","article_modified_time":"2026-04-17T22:25:46+00:00","og_image":[{"width":645,"height":1000,"url":"https:\/\/shop.bantam.ch\/wp-content\/uploads\/2023\/03\/995354511.jpg","type":"image\/jpeg"}],"twitter_card":"summary_large_image","twitter_misc":{"Dur\u00e9e de lecture estim\u00e9e":"1 minute"},"schema":{"@context":"https:\/\/schema.org","@graph":[{"@type":"WebPage","@id":"https:\/\/shop.bantam.ch\/fr\/produit\/installation-satellite-activsat\/","url":"https:\/\/shop.bantam.ch\/fr\/produit\/installation-satellite-activsat\/","name":"Installation satellite ActivSat - Bantam Wankm\u00fcller SA","isPartOf":{"@id":"https:\/\/shop.bantam.ch\/fr\/#website"},"primaryImageOfPage":{"@id":"https:\/\/shop.bantam.ch\/fr\/produit\/installation-satellite-activsat\/#primaryimage"},"image":{"@id":"https:\/\/shop.bantam.ch\/fr\/produit\/installation-satellite-activsat\/#primaryimage"},"thumbnailUrl":"https:\/\/shop.bantam.ch\/wp-content\/uploads\/2023\/03\/995354511.jpg","datePublished":"2023-03-28T12:52:04+00:00","dateModified":"2026-04-17T22:25:46+00:00","breadcrumb":{"@id":"https:\/\/shop.bantam.ch\/fr\/produit\/installation-satellite-activsat\/#breadcrumb"},"inLanguage":"fr-FR","potentialAction":[{"@type":"ReadAction","target":["https:\/\/shop.bantam.ch\/fr\/produit\/installation-satellite-activsat\/"]}]},{"@type":"ImageObject","inLanguage":"fr-FR","@id":"https:\/\/shop.bantam.ch\/fr\/produit\/installation-satellite-activsat\/#primaryimage","url":"https:\/\/shop.bantam.ch\/wp-content\/uploads\/2023\/03\/995354511.jpg","contentUrl":"https:\/\/shop.bantam.ch\/wp-content\/uploads\/2023\/03\/995354511.jpg","width":645,"height":1000},{"@type":"BreadcrumbList","@id":"https:\/\/shop.bantam.ch\/fr\/produit\/installation-satellite-activsat\/#breadcrumb","itemListElement":[{"@type":"ListItem","position":1,"name":"Accueil","item":"https:\/\/shop.bantam.ch\/fr\/"},{"@type":"ListItem","position":2,"name":"Boutique","item":"https:\/\/shop.bantam.ch\/fr\/boutique\/"},{"@type":"ListItem","position":3,"name":"Installation satellite ActivSat"}]},{"@type":"WebSite","@id":"https:\/\/shop.bantam.ch\/fr\/#website","url":"https:\/\/shop.bantam.ch\/fr\/","name":"Bantam Wankm\u00fcller SA","description":"","publisher":{"@id":"https:\/\/shop.bantam.ch\/fr\/#organization"},"inLanguage":"fr-FR"},{"@type":"Organization","@id":"https:\/\/shop.bantam.ch\/fr\/#organization","name":"Bantam Wankm\u00fcller SA","url":"https:\/\/shop.bantam.ch\/fr\/","logo":{"@type":"ImageObject","inLanguage":"fr-FR","@id":"https:\/\/shop.bantam.ch\/fr\/#\/schema\/logo\/image\/","url":"https:\/\/shop.bantam.ch\/wp-content\/uploads\/2022\/12\/bantam-logo.png","contentUrl":"https:\/\/shop.bantam.ch\/wp-content\/uploads\/2022\/12\/bantam-logo.png","width":320,"height":71,"caption":"Bantam Wankm\u00fcller SA"},"image":{"@id":"https:\/\/shop.bantam.ch\/fr\/#\/schema\/logo\/image\/"}}]}},"_links":{"self":[{"href":"https:\/\/shop.bantam.ch\/fr\/wp-json\/wp\/v2\/product\/162738","targetHints":{"allow":["GET"]}}],"collection":[{"href":"https:\/\/shop.bantam.ch\/fr\/wp-json\/wp\/v2\/product"}],"about":[{"href":"https:\/\/shop.bantam.ch\/fr\/wp-json\/wp\/v2\/types\/product"}],"wp:featuredmedia":[{"embeddable":true,"href":"https:\/\/shop.bantam.ch\/fr\/wp-json\/wp\/v2\/media\/162728"}],"wp:attachment":[{"href":"https:\/\/shop.bantam.ch\/fr\/wp-json\/wp\/v2\/media?parent=162738"}],"wp:term":[{"taxonomy":"product_featured_cat","embeddable":true,"href":"https:\/\/shop.bantam.ch\/fr\/wp-json\/wp\/v2\/product_featured_cat?post=162738"},{"taxonomy":"product_brand","embeddable":true,"href":"https:\/\/shop.bantam.ch\/fr\/wp-json\/wp\/v2\/product_brand?post=162738"},{"taxonomy":"product_cat","embeddable":true,"href":"https:\/\/shop.bantam.ch\/fr\/wp-json\/wp\/v2\/product_cat?post=162738"},{"taxonomy":"product_tag","embeddable":true,"href":"https:\/\/shop.bantam.ch\/fr\/wp-json\/wp\/v2\/product_tag?post=162738"}],"curies":[{"name":"wp","href":"https:\/\/api.w.org\/{rel}","templated":true}]}}