{"id":162515,"date":"2023-03-28T14:35:10","date_gmt":"2023-03-28T12:35:10","guid":{"rendered":"https:\/\/shop.bantam.ch\/produit\/systeme-dalarme-radio-wipro-iii-can-bus-868-mhz\/"},"modified":"2026-04-22T00:25:46","modified_gmt":"2026-04-21T22:25:46","slug":"systeme-dalarme-radio-wipro-iii-can-bus-868-mhz","status":"publish","type":"product","link":"https:\/\/shop.bantam.ch\/fr\/produit\/systeme-dalarme-radio-wipro-iii-can-bus-868-mhz\/","title":{"rendered":"Syst\u00e8me d\u2019alarme radio WiPro III CAN-Bus 868 Mhz"},"content":{"rendered":"<p>Pour sa troisi\u00e8me g\u00e9n\u00e9ration de produits, ce syst\u00e8me d\u2018alarme pour camping-cars n\u2019utilise \u00e9videmment pas de d\u00e9tecteurs de mouvements.  Avec ses nouveaux contacts magn\u00e9tiques radio qui sont adapt\u00e9s aux ch\u00e2ssis de fen\u00eatres les plus actuels, il prot\u00e8ge effectivement la coquille du v\u00e9hicule. Ainsi, il n\u2019y a pas de fausses alertes et vous utilisez le syst\u00e8me d\u2019alarme aussi quand il est particuli\u00e8rement important\u00a0: en pr\u00e9sence\u00a0! La sir\u00e8ne d\u2018int\u00e9rieur int\u00e9gr\u00e9e et l\u2018option de montage autoadh\u00e9sive ne sont que quelques points rendant WiPro III plus intelligent. <\/p>\n<p>Contenu de la livraison :<br \/>Centrale WiPro avec sir\u00e8ne d\u2018int\u00e9rieur int\u00e9gr\u00e9e<br \/>C\u00e2ble de raccordement<br \/>Contact magn\u00e9tique radio par ex. pour porte en saillie<br \/>\u00c9metteur manuel radio<br \/>DEL d\u2018\u00e9tat<br \/>Autocollant d\u2018alarme<br \/>Manuel<\/p>\n","protected":false},"excerpt":{"rendered":"<p>Pour sa troisi\u00e8me g\u00e9n\u00e9ration de produits, ce syst\u00e8me d\u2018alarme pour camping-cars n\u2019utilise \u00e9videmment pas de d\u00e9tecteurs de mouvements. Avec ses nouveaux contacts magn\u00e9tiques radio qui sont adapt\u00e9s aux ch\u00e2ssis de fen\u00eatres les plus actuels, il prot\u00e8ge effectivement la coquille du v\u00e9hicule. Ainsi, il n\u2019y a pas de fausses alertes et vous utilisez le syst\u00e8me d\u2019alarme [&hellip;]<\/p>\n","protected":false},"featured_media":162511,"template":"","meta":{"_acf_changed":false},"product_featured_cat":[],"product_brand":[3216],"product_cat":[5051],"product_tag":[],"class_list":{"0":"post-162515","1":"product","2":"type-product","3":"status-publish","4":"has-post-thumbnail","6":"product_brand-thitronik","7":"product_cat-systemes-dalarmes","9":"first","10":"instock","11":"taxable","12":"shipping-taxable","13":"purchasable","14":"product-type-variable"},"acf":[],"yoast_head":"<!-- This site is optimized with the Yoast SEO plugin v27.4 - https:\/\/yoast.com\/product\/yoast-seo-wordpress\/ -->\n<title>Syst\u00e8me d\u2019alarme radio WiPro III CAN-Bus 868 Mhz - Bantam Wankm\u00fcller SA<\/title>\n<meta name=\"robots\" content=\"index, follow, max-snippet:-1, max-image-preview:large, max-video-preview:-1\" \/>\n<link rel=\"canonical\" href=\"https:\/\/shop.bantam.ch\/fr\/produit\/systeme-dalarme-radio-wipro-iii-can-bus-868-mhz\/\" \/>\n<meta property=\"og:locale\" content=\"fr_FR\" \/>\n<meta property=\"og:type\" content=\"article\" \/>\n<meta property=\"og:title\" content=\"Syst\u00e8me d\u2019alarme radio WiPro III CAN-Bus 868 Mhz - Bantam Wankm\u00fcller SA\" \/>\n<meta property=\"og:description\" content=\"Pour sa troisi\u00e8me g\u00e9n\u00e9ration de produits, ce syst\u00e8me d\u2018alarme pour camping-cars n\u2019utilise \u00e9videmment pas de d\u00e9tecteurs de mouvements. Avec ses nouveaux contacts magn\u00e9tiques radio qui sont adapt\u00e9s aux ch\u00e2ssis de fen\u00eatres les plus actuels, il prot\u00e8ge effectivement la coquille du v\u00e9hicule. Ainsi, il n\u2019y a pas de fausses alertes et vous utilisez le syst\u00e8me d\u2019alarme [&hellip;]\" \/>\n<meta property=\"og:url\" content=\"https:\/\/shop.bantam.ch\/fr\/produit\/systeme-dalarme-radio-wipro-iii-can-bus-868-mhz\/\" \/>\n<meta property=\"og:site_name\" content=\"Bantam Wankm\u00fcller SA\" \/>\n<meta property=\"article:modified_time\" content=\"2026-04-21T22:25:46+00:00\" \/>\n<meta property=\"og:image\" content=\"https:\/\/shop.bantam.ch\/wp-content\/uploads\/2023\/03\/998037911.jpg\" \/>\n\t<meta property=\"og:image:width\" content=\"1000\" \/>\n\t<meta property=\"og:image:height\" content=\"667\" \/>\n\t<meta property=\"og:image:type\" content=\"image\/jpeg\" \/>\n<meta name=\"twitter:card\" content=\"summary_large_image\" \/>\n<meta name=\"twitter:label1\" content=\"Dur\u00e9e de lecture estim\u00e9e\" \/>\n\t<meta name=\"twitter:data1\" content=\"1 minute\" \/>\n<script type=\"application\/ld+json\" class=\"yoast-schema-graph\">{\"@context\":\"https:\\\/\\\/schema.org\",\"@graph\":[{\"@type\":\"WebPage\",\"@id\":\"https:\\\/\\\/shop.bantam.ch\\\/fr\\\/produit\\\/systeme-dalarme-radio-wipro-iii-can-bus-868-mhz\\\/\",\"url\":\"https:\\\/\\\/shop.bantam.ch\\\/fr\\\/produit\\\/systeme-dalarme-radio-wipro-iii-can-bus-868-mhz\\\/\",\"name\":\"Syst\u00e8me d\u2019alarme radio WiPro III CAN-Bus 868 Mhz - Bantam Wankm\u00fcller SA\",\"isPartOf\":{\"@id\":\"https:\\\/\\\/shop.bantam.ch\\\/fr\\\/#website\"},\"primaryImageOfPage\":{\"@id\":\"https:\\\/\\\/shop.bantam.ch\\\/fr\\\/produit\\\/systeme-dalarme-radio-wipro-iii-can-bus-868-mhz\\\/#primaryimage\"},\"image\":{\"@id\":\"https:\\\/\\\/shop.bantam.ch\\\/fr\\\/produit\\\/systeme-dalarme-radio-wipro-iii-can-bus-868-mhz\\\/#primaryimage\"},\"thumbnailUrl\":\"https:\\\/\\\/shop.bantam.ch\\\/wp-content\\\/uploads\\\/2023\\\/03\\\/998037911.jpg\",\"datePublished\":\"2023-03-28T12:35:10+00:00\",\"dateModified\":\"2026-04-21T22:25:46+00:00\",\"breadcrumb\":{\"@id\":\"https:\\\/\\\/shop.bantam.ch\\\/fr\\\/produit\\\/systeme-dalarme-radio-wipro-iii-can-bus-868-mhz\\\/#breadcrumb\"},\"inLanguage\":\"fr-FR\",\"potentialAction\":[{\"@type\":\"ReadAction\",\"target\":[\"https:\\\/\\\/shop.bantam.ch\\\/fr\\\/produit\\\/systeme-dalarme-radio-wipro-iii-can-bus-868-mhz\\\/\"]}]},{\"@type\":\"ImageObject\",\"inLanguage\":\"fr-FR\",\"@id\":\"https:\\\/\\\/shop.bantam.ch\\\/fr\\\/produit\\\/systeme-dalarme-radio-wipro-iii-can-bus-868-mhz\\\/#primaryimage\",\"url\":\"https:\\\/\\\/shop.bantam.ch\\\/wp-content\\\/uploads\\\/2023\\\/03\\\/998037911.jpg\",\"contentUrl\":\"https:\\\/\\\/shop.bantam.ch\\\/wp-content\\\/uploads\\\/2023\\\/03\\\/998037911.jpg\",\"width\":1000,\"height\":667},{\"@type\":\"BreadcrumbList\",\"@id\":\"https:\\\/\\\/shop.bantam.ch\\\/fr\\\/produit\\\/systeme-dalarme-radio-wipro-iii-can-bus-868-mhz\\\/#breadcrumb\",\"itemListElement\":[{\"@type\":\"ListItem\",\"position\":1,\"name\":\"Accueil\",\"item\":\"https:\\\/\\\/shop.bantam.ch\\\/fr\\\/\"},{\"@type\":\"ListItem\",\"position\":2,\"name\":\"Boutique\",\"item\":\"https:\\\/\\\/shop.bantam.ch\\\/fr\\\/boutique\\\/\"},{\"@type\":\"ListItem\",\"position\":3,\"name\":\"Syst\u00e8me d\u2019alarme radio WiPro III CAN-Bus 868 Mhz\"}]},{\"@type\":\"WebSite\",\"@id\":\"https:\\\/\\\/shop.bantam.ch\\\/fr\\\/#website\",\"url\":\"https:\\\/\\\/shop.bantam.ch\\\/fr\\\/\",\"name\":\"Bantam Wankm\u00fcller SA\",\"description\":\"\",\"publisher\":{\"@id\":\"https:\\\/\\\/shop.bantam.ch\\\/fr\\\/#organization\"},\"inLanguage\":\"fr-FR\"},{\"@type\":\"Organization\",\"@id\":\"https:\\\/\\\/shop.bantam.ch\\\/fr\\\/#organization\",\"name\":\"Bantam Wankm\u00fcller SA\",\"url\":\"https:\\\/\\\/shop.bantam.ch\\\/fr\\\/\",\"logo\":{\"@type\":\"ImageObject\",\"inLanguage\":\"fr-FR\",\"@id\":\"https:\\\/\\\/shop.bantam.ch\\\/fr\\\/#\\\/schema\\\/logo\\\/image\\\/\",\"url\":\"https:\\\/\\\/shop.bantam.ch\\\/wp-content\\\/uploads\\\/2022\\\/12\\\/bantam-logo.png\",\"contentUrl\":\"https:\\\/\\\/shop.bantam.ch\\\/wp-content\\\/uploads\\\/2022\\\/12\\\/bantam-logo.png\",\"width\":320,\"height\":71,\"caption\":\"Bantam Wankm\u00fcller SA\"},\"image\":{\"@id\":\"https:\\\/\\\/shop.bantam.ch\\\/fr\\\/#\\\/schema\\\/logo\\\/image\\\/\"}}]}<\/script>\n<!-- \/ Yoast SEO plugin. -->","yoast_head_json":{"title":"Syst\u00e8me d\u2019alarme radio WiPro III CAN-Bus 868 Mhz - Bantam Wankm\u00fcller SA","robots":{"index":"index","follow":"follow","max-snippet":"max-snippet:-1","max-image-preview":"max-image-preview:large","max-video-preview":"max-video-preview:-1"},"canonical":"https:\/\/shop.bantam.ch\/fr\/produit\/systeme-dalarme-radio-wipro-iii-can-bus-868-mhz\/","og_locale":"fr_FR","og_type":"article","og_title":"Syst\u00e8me d\u2019alarme radio WiPro III CAN-Bus 868 Mhz - Bantam Wankm\u00fcller SA","og_description":"Pour sa troisi\u00e8me g\u00e9n\u00e9ration de produits, ce syst\u00e8me d\u2018alarme pour camping-cars n\u2019utilise \u00e9videmment pas de d\u00e9tecteurs de mouvements. Avec ses nouveaux contacts magn\u00e9tiques radio qui sont adapt\u00e9s aux ch\u00e2ssis de fen\u00eatres les plus actuels, il prot\u00e8ge effectivement la coquille du v\u00e9hicule. Ainsi, il n\u2019y a pas de fausses alertes et vous utilisez le syst\u00e8me d\u2019alarme [&hellip;]","og_url":"https:\/\/shop.bantam.ch\/fr\/produit\/systeme-dalarme-radio-wipro-iii-can-bus-868-mhz\/","og_site_name":"Bantam Wankm\u00fcller SA","article_modified_time":"2026-04-21T22:25:46+00:00","og_image":[{"width":1000,"height":667,"url":"https:\/\/shop.bantam.ch\/wp-content\/uploads\/2023\/03\/998037911.jpg","type":"image\/jpeg"}],"twitter_card":"summary_large_image","twitter_misc":{"Dur\u00e9e de lecture estim\u00e9e":"1 minute"},"schema":{"@context":"https:\/\/schema.org","@graph":[{"@type":"WebPage","@id":"https:\/\/shop.bantam.ch\/fr\/produit\/systeme-dalarme-radio-wipro-iii-can-bus-868-mhz\/","url":"https:\/\/shop.bantam.ch\/fr\/produit\/systeme-dalarme-radio-wipro-iii-can-bus-868-mhz\/","name":"Syst\u00e8me d\u2019alarme radio WiPro III CAN-Bus 868 Mhz - Bantam Wankm\u00fcller SA","isPartOf":{"@id":"https:\/\/shop.bantam.ch\/fr\/#website"},"primaryImageOfPage":{"@id":"https:\/\/shop.bantam.ch\/fr\/produit\/systeme-dalarme-radio-wipro-iii-can-bus-868-mhz\/#primaryimage"},"image":{"@id":"https:\/\/shop.bantam.ch\/fr\/produit\/systeme-dalarme-radio-wipro-iii-can-bus-868-mhz\/#primaryimage"},"thumbnailUrl":"https:\/\/shop.bantam.ch\/wp-content\/uploads\/2023\/03\/998037911.jpg","datePublished":"2023-03-28T12:35:10+00:00","dateModified":"2026-04-21T22:25:46+00:00","breadcrumb":{"@id":"https:\/\/shop.bantam.ch\/fr\/produit\/systeme-dalarme-radio-wipro-iii-can-bus-868-mhz\/#breadcrumb"},"inLanguage":"fr-FR","potentialAction":[{"@type":"ReadAction","target":["https:\/\/shop.bantam.ch\/fr\/produit\/systeme-dalarme-radio-wipro-iii-can-bus-868-mhz\/"]}]},{"@type":"ImageObject","inLanguage":"fr-FR","@id":"https:\/\/shop.bantam.ch\/fr\/produit\/systeme-dalarme-radio-wipro-iii-can-bus-868-mhz\/#primaryimage","url":"https:\/\/shop.bantam.ch\/wp-content\/uploads\/2023\/03\/998037911.jpg","contentUrl":"https:\/\/shop.bantam.ch\/wp-content\/uploads\/2023\/03\/998037911.jpg","width":1000,"height":667},{"@type":"BreadcrumbList","@id":"https:\/\/shop.bantam.ch\/fr\/produit\/systeme-dalarme-radio-wipro-iii-can-bus-868-mhz\/#breadcrumb","itemListElement":[{"@type":"ListItem","position":1,"name":"Accueil","item":"https:\/\/shop.bantam.ch\/fr\/"},{"@type":"ListItem","position":2,"name":"Boutique","item":"https:\/\/shop.bantam.ch\/fr\/boutique\/"},{"@type":"ListItem","position":3,"name":"Syst\u00e8me d\u2019alarme radio WiPro III CAN-Bus 868 Mhz"}]},{"@type":"WebSite","@id":"https:\/\/shop.bantam.ch\/fr\/#website","url":"https:\/\/shop.bantam.ch\/fr\/","name":"Bantam Wankm\u00fcller SA","description":"","publisher":{"@id":"https:\/\/shop.bantam.ch\/fr\/#organization"},"inLanguage":"fr-FR"},{"@type":"Organization","@id":"https:\/\/shop.bantam.ch\/fr\/#organization","name":"Bantam Wankm\u00fcller SA","url":"https:\/\/shop.bantam.ch\/fr\/","logo":{"@type":"ImageObject","inLanguage":"fr-FR","@id":"https:\/\/shop.bantam.ch\/fr\/#\/schema\/logo\/image\/","url":"https:\/\/shop.bantam.ch\/wp-content\/uploads\/2022\/12\/bantam-logo.png","contentUrl":"https:\/\/shop.bantam.ch\/wp-content\/uploads\/2022\/12\/bantam-logo.png","width":320,"height":71,"caption":"Bantam Wankm\u00fcller SA"},"image":{"@id":"https:\/\/shop.bantam.ch\/fr\/#\/schema\/logo\/image\/"}}]}},"_links":{"self":[{"href":"https:\/\/shop.bantam.ch\/fr\/wp-json\/wp\/v2\/product\/162515","targetHints":{"allow":["GET"]}}],"collection":[{"href":"https:\/\/shop.bantam.ch\/fr\/wp-json\/wp\/v2\/product"}],"about":[{"href":"https:\/\/shop.bantam.ch\/fr\/wp-json\/wp\/v2\/types\/product"}],"wp:featuredmedia":[{"embeddable":true,"href":"https:\/\/shop.bantam.ch\/fr\/wp-json\/wp\/v2\/media\/162511"}],"wp:attachment":[{"href":"https:\/\/shop.bantam.ch\/fr\/wp-json\/wp\/v2\/media?parent=162515"}],"wp:term":[{"taxonomy":"product_featured_cat","embeddable":true,"href":"https:\/\/shop.bantam.ch\/fr\/wp-json\/wp\/v2\/product_featured_cat?post=162515"},{"taxonomy":"product_brand","embeddable":true,"href":"https:\/\/shop.bantam.ch\/fr\/wp-json\/wp\/v2\/product_brand?post=162515"},{"taxonomy":"product_cat","embeddable":true,"href":"https:\/\/shop.bantam.ch\/fr\/wp-json\/wp\/v2\/product_cat?post=162515"},{"taxonomy":"product_tag","embeddable":true,"href":"https:\/\/shop.bantam.ch\/fr\/wp-json\/wp\/v2\/product_tag?post=162515"}],"curies":[{"name":"wp","href":"https:\/\/api.w.org\/{rel}","templated":true}]}}