{"id":161807,"date":"2023-03-28T13:20:46","date_gmt":"2023-03-28T11:20:46","guid":{"rendered":"https:\/\/shop.bantam.ch\/produit\/bache-de-coffre-de-caravane\/"},"modified":"2026-04-19T00:11:50","modified_gmt":"2026-04-18T22:11:50","slug":"bache-de-coffre-de-caravane","status":"publish","type":"product","link":"https:\/\/shop.bantam.ch\/fr\/produit\/bache-de-coffre-de-caravane\/","title":{"rendered":"B\u00e2che de coffre de caravane"},"content":{"rendered":"<p>La b\u00e2che solide vous prot\u00e8ge contre le vent et les conditions climatiques gr\u00e2ce \u00e0 ses caract\u00e9ristiques qui bloquent les UV. Elle emp\u00eache aussi la trappe de geler. Vous pouvez d\u00e9ployer cette b\u00e2che au-dessus du rail \u00e0 bourrelet \u00e0 l\u2019avant.<\/p>\n","protected":false},"excerpt":{"rendered":"<p>La b\u00e2che solide vous prot\u00e8ge contre le vent et les conditions climatiques gr\u00e2ce \u00e0 ses caract\u00e9ristiques qui bloquent les UV. Elle emp\u00eache aussi la trappe de geler. Vous pouvez d\u00e9ployer cette b\u00e2che au-dessus du rail \u00e0 bourrelet \u00e0 l\u2019avant.<\/p>\n","protected":false},"featured_media":161805,"template":"","meta":{"_acf_changed":false},"product_featured_cat":[],"product_brand":[3042],"product_cat":[4641],"product_tag":[],"class_list":{"0":"post-161807","1":"product","2":"type-product","3":"status-publish","4":"has-post-thumbnail","6":"product_brand-wigo","7":"product_cat-matelas-et-rideaux-thermiques","9":"first","10":"instock","11":"taxable","12":"shipping-taxable","13":"purchasable","14":"product-type-variable"},"acf":[],"yoast_head":"<!-- This site is optimized with the Yoast SEO plugin v27.4 - https:\/\/yoast.com\/product\/yoast-seo-wordpress\/ -->\n<title>B\u00e2che de coffre de caravane - Bantam Wankm\u00fcller SA<\/title>\n<meta name=\"robots\" content=\"index, follow, max-snippet:-1, max-image-preview:large, max-video-preview:-1\" \/>\n<link rel=\"canonical\" href=\"https:\/\/shop.bantam.ch\/fr\/produit\/bache-de-coffre-de-caravane\/\" \/>\n<meta property=\"og:locale\" content=\"fr_FR\" \/>\n<meta property=\"og:type\" content=\"article\" \/>\n<meta property=\"og:title\" content=\"B\u00e2che de coffre de caravane - Bantam Wankm\u00fcller SA\" \/>\n<meta property=\"og:description\" content=\"La b\u00e2che solide vous prot\u00e8ge contre le vent et les conditions climatiques gr\u00e2ce \u00e0 ses caract\u00e9ristiques qui bloquent les UV. Elle emp\u00eache aussi la trappe de geler. Vous pouvez d\u00e9ployer cette b\u00e2che au-dessus du rail \u00e0 bourrelet \u00e0 l\u2019avant.\" \/>\n<meta property=\"og:url\" content=\"https:\/\/shop.bantam.ch\/fr\/produit\/bache-de-coffre-de-caravane\/\" \/>\n<meta property=\"og:site_name\" content=\"Bantam Wankm\u00fcller SA\" \/>\n<meta property=\"article:modified_time\" content=\"2026-04-18T22:11:50+00:00\" \/>\n<meta property=\"og:image\" content=\"https:\/\/shop.bantam.ch\/wp-content\/uploads\/2023\/03\/9965961-Frontschutzmatte_Wohnwagen_160_x_240_cm-Standard-01.jpg\" \/>\n\t<meta property=\"og:image:width\" content=\"1000\" \/>\n\t<meta property=\"og:image:height\" content=\"817\" \/>\n\t<meta property=\"og:image:type\" content=\"image\/jpeg\" \/>\n<meta name=\"twitter:card\" content=\"summary_large_image\" \/>\n<script type=\"application\/ld+json\" class=\"yoast-schema-graph\">{\"@context\":\"https:\\\/\\\/schema.org\",\"@graph\":[{\"@type\":\"WebPage\",\"@id\":\"https:\\\/\\\/shop.bantam.ch\\\/fr\\\/produit\\\/bache-de-coffre-de-caravane\\\/\",\"url\":\"https:\\\/\\\/shop.bantam.ch\\\/fr\\\/produit\\\/bache-de-coffre-de-caravane\\\/\",\"name\":\"B\u00e2che de coffre de caravane - Bantam Wankm\u00fcller SA\",\"isPartOf\":{\"@id\":\"https:\\\/\\\/shop.bantam.ch\\\/fr\\\/#website\"},\"primaryImageOfPage\":{\"@id\":\"https:\\\/\\\/shop.bantam.ch\\\/fr\\\/produit\\\/bache-de-coffre-de-caravane\\\/#primaryimage\"},\"image\":{\"@id\":\"https:\\\/\\\/shop.bantam.ch\\\/fr\\\/produit\\\/bache-de-coffre-de-caravane\\\/#primaryimage\"},\"thumbnailUrl\":\"https:\\\/\\\/shop.bantam.ch\\\/wp-content\\\/uploads\\\/2023\\\/03\\\/9965961-Frontschutzmatte_Wohnwagen_160_x_240_cm-Standard-01.jpg\",\"datePublished\":\"2023-03-28T11:20:46+00:00\",\"dateModified\":\"2026-04-18T22:11:50+00:00\",\"breadcrumb\":{\"@id\":\"https:\\\/\\\/shop.bantam.ch\\\/fr\\\/produit\\\/bache-de-coffre-de-caravane\\\/#breadcrumb\"},\"inLanguage\":\"fr-FR\",\"potentialAction\":[{\"@type\":\"ReadAction\",\"target\":[\"https:\\\/\\\/shop.bantam.ch\\\/fr\\\/produit\\\/bache-de-coffre-de-caravane\\\/\"]}]},{\"@type\":\"ImageObject\",\"inLanguage\":\"fr-FR\",\"@id\":\"https:\\\/\\\/shop.bantam.ch\\\/fr\\\/produit\\\/bache-de-coffre-de-caravane\\\/#primaryimage\",\"url\":\"https:\\\/\\\/shop.bantam.ch\\\/wp-content\\\/uploads\\\/2023\\\/03\\\/9965961-Frontschutzmatte_Wohnwagen_160_x_240_cm-Standard-01.jpg\",\"contentUrl\":\"https:\\\/\\\/shop.bantam.ch\\\/wp-content\\\/uploads\\\/2023\\\/03\\\/9965961-Frontschutzmatte_Wohnwagen_160_x_240_cm-Standard-01.jpg\",\"width\":1000,\"height\":817},{\"@type\":\"BreadcrumbList\",\"@id\":\"https:\\\/\\\/shop.bantam.ch\\\/fr\\\/produit\\\/bache-de-coffre-de-caravane\\\/#breadcrumb\",\"itemListElement\":[{\"@type\":\"ListItem\",\"position\":1,\"name\":\"Accueil\",\"item\":\"https:\\\/\\\/shop.bantam.ch\\\/fr\\\/\"},{\"@type\":\"ListItem\",\"position\":2,\"name\":\"Boutique\",\"item\":\"https:\\\/\\\/shop.bantam.ch\\\/fr\\\/boutique\\\/\"},{\"@type\":\"ListItem\",\"position\":3,\"name\":\"B\u00e2che de coffre de caravane\"}]},{\"@type\":\"WebSite\",\"@id\":\"https:\\\/\\\/shop.bantam.ch\\\/fr\\\/#website\",\"url\":\"https:\\\/\\\/shop.bantam.ch\\\/fr\\\/\",\"name\":\"Bantam Wankm\u00fcller SA\",\"description\":\"\",\"publisher\":{\"@id\":\"https:\\\/\\\/shop.bantam.ch\\\/fr\\\/#organization\"},\"inLanguage\":\"fr-FR\"},{\"@type\":\"Organization\",\"@id\":\"https:\\\/\\\/shop.bantam.ch\\\/fr\\\/#organization\",\"name\":\"Bantam Wankm\u00fcller SA\",\"url\":\"https:\\\/\\\/shop.bantam.ch\\\/fr\\\/\",\"logo\":{\"@type\":\"ImageObject\",\"inLanguage\":\"fr-FR\",\"@id\":\"https:\\\/\\\/shop.bantam.ch\\\/fr\\\/#\\\/schema\\\/logo\\\/image\\\/\",\"url\":\"https:\\\/\\\/shop.bantam.ch\\\/wp-content\\\/uploads\\\/2022\\\/12\\\/bantam-logo.png\",\"contentUrl\":\"https:\\\/\\\/shop.bantam.ch\\\/wp-content\\\/uploads\\\/2022\\\/12\\\/bantam-logo.png\",\"width\":320,\"height\":71,\"caption\":\"Bantam Wankm\u00fcller SA\"},\"image\":{\"@id\":\"https:\\\/\\\/shop.bantam.ch\\\/fr\\\/#\\\/schema\\\/logo\\\/image\\\/\"}}]}<\/script>\n<!-- \/ Yoast SEO plugin. -->","yoast_head_json":{"title":"B\u00e2che de coffre de caravane - Bantam Wankm\u00fcller SA","robots":{"index":"index","follow":"follow","max-snippet":"max-snippet:-1","max-image-preview":"max-image-preview:large","max-video-preview":"max-video-preview:-1"},"canonical":"https:\/\/shop.bantam.ch\/fr\/produit\/bache-de-coffre-de-caravane\/","og_locale":"fr_FR","og_type":"article","og_title":"B\u00e2che de coffre de caravane - Bantam Wankm\u00fcller SA","og_description":"La b\u00e2che solide vous prot\u00e8ge contre le vent et les conditions climatiques gr\u00e2ce \u00e0 ses caract\u00e9ristiques qui bloquent les UV. Elle emp\u00eache aussi la trappe de geler. Vous pouvez d\u00e9ployer cette b\u00e2che au-dessus du rail \u00e0 bourrelet \u00e0 l\u2019avant.","og_url":"https:\/\/shop.bantam.ch\/fr\/produit\/bache-de-coffre-de-caravane\/","og_site_name":"Bantam Wankm\u00fcller SA","article_modified_time":"2026-04-18T22:11:50+00:00","og_image":[{"width":1000,"height":817,"url":"https:\/\/shop.bantam.ch\/wp-content\/uploads\/2023\/03\/9965961-Frontschutzmatte_Wohnwagen_160_x_240_cm-Standard-01.jpg","type":"image\/jpeg"}],"twitter_card":"summary_large_image","schema":{"@context":"https:\/\/schema.org","@graph":[{"@type":"WebPage","@id":"https:\/\/shop.bantam.ch\/fr\/produit\/bache-de-coffre-de-caravane\/","url":"https:\/\/shop.bantam.ch\/fr\/produit\/bache-de-coffre-de-caravane\/","name":"B\u00e2che de coffre de caravane - Bantam Wankm\u00fcller SA","isPartOf":{"@id":"https:\/\/shop.bantam.ch\/fr\/#website"},"primaryImageOfPage":{"@id":"https:\/\/shop.bantam.ch\/fr\/produit\/bache-de-coffre-de-caravane\/#primaryimage"},"image":{"@id":"https:\/\/shop.bantam.ch\/fr\/produit\/bache-de-coffre-de-caravane\/#primaryimage"},"thumbnailUrl":"https:\/\/shop.bantam.ch\/wp-content\/uploads\/2023\/03\/9965961-Frontschutzmatte_Wohnwagen_160_x_240_cm-Standard-01.jpg","datePublished":"2023-03-28T11:20:46+00:00","dateModified":"2026-04-18T22:11:50+00:00","breadcrumb":{"@id":"https:\/\/shop.bantam.ch\/fr\/produit\/bache-de-coffre-de-caravane\/#breadcrumb"},"inLanguage":"fr-FR","potentialAction":[{"@type":"ReadAction","target":["https:\/\/shop.bantam.ch\/fr\/produit\/bache-de-coffre-de-caravane\/"]}]},{"@type":"ImageObject","inLanguage":"fr-FR","@id":"https:\/\/shop.bantam.ch\/fr\/produit\/bache-de-coffre-de-caravane\/#primaryimage","url":"https:\/\/shop.bantam.ch\/wp-content\/uploads\/2023\/03\/9965961-Frontschutzmatte_Wohnwagen_160_x_240_cm-Standard-01.jpg","contentUrl":"https:\/\/shop.bantam.ch\/wp-content\/uploads\/2023\/03\/9965961-Frontschutzmatte_Wohnwagen_160_x_240_cm-Standard-01.jpg","width":1000,"height":817},{"@type":"BreadcrumbList","@id":"https:\/\/shop.bantam.ch\/fr\/produit\/bache-de-coffre-de-caravane\/#breadcrumb","itemListElement":[{"@type":"ListItem","position":1,"name":"Accueil","item":"https:\/\/shop.bantam.ch\/fr\/"},{"@type":"ListItem","position":2,"name":"Boutique","item":"https:\/\/shop.bantam.ch\/fr\/boutique\/"},{"@type":"ListItem","position":3,"name":"B\u00e2che de coffre de caravane"}]},{"@type":"WebSite","@id":"https:\/\/shop.bantam.ch\/fr\/#website","url":"https:\/\/shop.bantam.ch\/fr\/","name":"Bantam Wankm\u00fcller SA","description":"","publisher":{"@id":"https:\/\/shop.bantam.ch\/fr\/#organization"},"inLanguage":"fr-FR"},{"@type":"Organization","@id":"https:\/\/shop.bantam.ch\/fr\/#organization","name":"Bantam Wankm\u00fcller SA","url":"https:\/\/shop.bantam.ch\/fr\/","logo":{"@type":"ImageObject","inLanguage":"fr-FR","@id":"https:\/\/shop.bantam.ch\/fr\/#\/schema\/logo\/image\/","url":"https:\/\/shop.bantam.ch\/wp-content\/uploads\/2022\/12\/bantam-logo.png","contentUrl":"https:\/\/shop.bantam.ch\/wp-content\/uploads\/2022\/12\/bantam-logo.png","width":320,"height":71,"caption":"Bantam Wankm\u00fcller SA"},"image":{"@id":"https:\/\/shop.bantam.ch\/fr\/#\/schema\/logo\/image\/"}}]}},"_links":{"self":[{"href":"https:\/\/shop.bantam.ch\/fr\/wp-json\/wp\/v2\/product\/161807","targetHints":{"allow":["GET"]}}],"collection":[{"href":"https:\/\/shop.bantam.ch\/fr\/wp-json\/wp\/v2\/product"}],"about":[{"href":"https:\/\/shop.bantam.ch\/fr\/wp-json\/wp\/v2\/types\/product"}],"wp:featuredmedia":[{"embeddable":true,"href":"https:\/\/shop.bantam.ch\/fr\/wp-json\/wp\/v2\/media\/161805"}],"wp:attachment":[{"href":"https:\/\/shop.bantam.ch\/fr\/wp-json\/wp\/v2\/media?parent=161807"}],"wp:term":[{"taxonomy":"product_featured_cat","embeddable":true,"href":"https:\/\/shop.bantam.ch\/fr\/wp-json\/wp\/v2\/product_featured_cat?post=161807"},{"taxonomy":"product_brand","embeddable":true,"href":"https:\/\/shop.bantam.ch\/fr\/wp-json\/wp\/v2\/product_brand?post=161807"},{"taxonomy":"product_cat","embeddable":true,"href":"https:\/\/shop.bantam.ch\/fr\/wp-json\/wp\/v2\/product_cat?post=161807"},{"taxonomy":"product_tag","embeddable":true,"href":"https:\/\/shop.bantam.ch\/fr\/wp-json\/wp\/v2\/product_tag?post=161807"}],"curies":[{"name":"wp","href":"https:\/\/api.w.org\/{rel}","templated":true}]}}