{"id":161749,"date":"2023-03-28T13:15:02","date_gmt":"2023-03-28T11:15:02","guid":{"rendered":"https:\/\/shop.bantam.ch\/produit\/batterie-dalimentation-embarquee-mt-gel\/"},"modified":"2026-04-19T00:08:49","modified_gmt":"2026-04-18T22:08:49","slug":"batterie-dalimentation-embarquee-mt-gel","status":"publish","type":"product","link":"https:\/\/shop.bantam.ch\/fr\/produit\/batterie-dalimentation-embarquee-mt-gel\/","title":{"rendered":"Batterie d\u2019alimentation embarqu\u00e9e MT Gel"},"content":{"rendered":"<p>Batterie gel embarqu\u00e9e totalement \u00e9tanche et n\u2018exigeant aucun entretien. D\u00e9velopp\u00e9e pour les consommateurs quotidiens.  Les batteries gel supportent des cycles de charge \u00e9lev\u00e9s avec une r\u00e9serve de puissance et sont appropri\u00e9es pour le mode solaire et une utilisation comme onduleur.<\/p>\n","protected":false},"excerpt":{"rendered":"<p>Batterie gel embarqu\u00e9e totalement \u00e9tanche et n\u2018exigeant aucun entretien. D\u00e9velopp\u00e9e pour les consommateurs quotidiens. Les batteries gel supportent des cycles de charge \u00e9lev\u00e9s avec une r\u00e9serve de puissance et sont appropri\u00e9es pour le mode solaire et une utilisation comme onduleur.<\/p>\n","protected":false},"featured_media":161747,"template":"","meta":{"_acf_changed":false},"product_featured_cat":[],"product_brand":[3068],"product_cat":[5111],"product_tag":[],"class_list":{"0":"post-161749","1":"product","2":"type-product","3":"status-publish","4":"has-post-thumbnail","6":"product_brand-buttner-elektronik","7":"product_cat-piles-au-gel","9":"first","10":"instock","11":"taxable","12":"shipping-taxable","13":"purchasable","14":"product-type-variable"},"acf":[],"yoast_head":"<!-- This site is optimized with the Yoast SEO plugin v27.4 - https:\/\/yoast.com\/product\/yoast-seo-wordpress\/ -->\n<title>Batterie d\u2019alimentation embarqu\u00e9e MT Gel - Bantam Wankm\u00fcller SA<\/title>\n<meta name=\"robots\" content=\"index, follow, max-snippet:-1, max-image-preview:large, max-video-preview:-1\" \/>\n<link rel=\"canonical\" href=\"https:\/\/shop.bantam.ch\/fr\/produit\/batterie-dalimentation-embarquee-mt-gel\/\" \/>\n<meta property=\"og:locale\" content=\"fr_FR\" \/>\n<meta property=\"og:type\" content=\"article\" \/>\n<meta property=\"og:title\" content=\"Batterie d\u2019alimentation embarqu\u00e9e MT Gel - Bantam Wankm\u00fcller SA\" \/>\n<meta property=\"og:description\" content=\"Batterie gel embarqu\u00e9e totalement \u00e9tanche et n\u2018exigeant aucun entretien. D\u00e9velopp\u00e9e pour les consommateurs quotidiens. Les batteries gel supportent des cycles de charge \u00e9lev\u00e9s avec une r\u00e9serve de puissance et sont appropri\u00e9es pour le mode solaire et une utilisation comme onduleur.\" \/>\n<meta property=\"og:url\" content=\"https:\/\/shop.bantam.ch\/fr\/produit\/batterie-dalimentation-embarquee-mt-gel\/\" \/>\n<meta property=\"og:site_name\" content=\"Bantam Wankm\u00fcller SA\" \/>\n<meta property=\"article:modified_time\" content=\"2026-04-18T22:08:49+00:00\" \/>\n<meta property=\"og:image\" content=\"https:\/\/shop.bantam.ch\/wp-content\/uploads\/2023\/03\/9982719-Bord-Versorgungsbatterie_Gel_130_Ah_100h_-Standard-01.jpg\" \/>\n\t<meta property=\"og:image:width\" content=\"1000\" \/>\n\t<meta property=\"og:image:height\" content=\"914\" \/>\n\t<meta property=\"og:image:type\" content=\"image\/jpeg\" \/>\n<meta name=\"twitter:card\" content=\"summary_large_image\" \/>\n<script type=\"application\/ld+json\" class=\"yoast-schema-graph\">{\"@context\":\"https:\\\/\\\/schema.org\",\"@graph\":[{\"@type\":\"WebPage\",\"@id\":\"https:\\\/\\\/shop.bantam.ch\\\/fr\\\/produit\\\/batterie-dalimentation-embarquee-mt-gel\\\/\",\"url\":\"https:\\\/\\\/shop.bantam.ch\\\/fr\\\/produit\\\/batterie-dalimentation-embarquee-mt-gel\\\/\",\"name\":\"Batterie d\u2019alimentation embarqu\u00e9e MT Gel - Bantam Wankm\u00fcller SA\",\"isPartOf\":{\"@id\":\"https:\\\/\\\/shop.bantam.ch\\\/fr\\\/#website\"},\"primaryImageOfPage\":{\"@id\":\"https:\\\/\\\/shop.bantam.ch\\\/fr\\\/produit\\\/batterie-dalimentation-embarquee-mt-gel\\\/#primaryimage\"},\"image\":{\"@id\":\"https:\\\/\\\/shop.bantam.ch\\\/fr\\\/produit\\\/batterie-dalimentation-embarquee-mt-gel\\\/#primaryimage\"},\"thumbnailUrl\":\"https:\\\/\\\/shop.bantam.ch\\\/wp-content\\\/uploads\\\/2023\\\/03\\\/9982719-Bord-Versorgungsbatterie_Gel_130_Ah_100h_-Standard-01.jpg\",\"datePublished\":\"2023-03-28T11:15:02+00:00\",\"dateModified\":\"2026-04-18T22:08:49+00:00\",\"breadcrumb\":{\"@id\":\"https:\\\/\\\/shop.bantam.ch\\\/fr\\\/produit\\\/batterie-dalimentation-embarquee-mt-gel\\\/#breadcrumb\"},\"inLanguage\":\"fr-FR\",\"potentialAction\":[{\"@type\":\"ReadAction\",\"target\":[\"https:\\\/\\\/shop.bantam.ch\\\/fr\\\/produit\\\/batterie-dalimentation-embarquee-mt-gel\\\/\"]}]},{\"@type\":\"ImageObject\",\"inLanguage\":\"fr-FR\",\"@id\":\"https:\\\/\\\/shop.bantam.ch\\\/fr\\\/produit\\\/batterie-dalimentation-embarquee-mt-gel\\\/#primaryimage\",\"url\":\"https:\\\/\\\/shop.bantam.ch\\\/wp-content\\\/uploads\\\/2023\\\/03\\\/9982719-Bord-Versorgungsbatterie_Gel_130_Ah_100h_-Standard-01.jpg\",\"contentUrl\":\"https:\\\/\\\/shop.bantam.ch\\\/wp-content\\\/uploads\\\/2023\\\/03\\\/9982719-Bord-Versorgungsbatterie_Gel_130_Ah_100h_-Standard-01.jpg\",\"width\":1000,\"height\":914},{\"@type\":\"BreadcrumbList\",\"@id\":\"https:\\\/\\\/shop.bantam.ch\\\/fr\\\/produit\\\/batterie-dalimentation-embarquee-mt-gel\\\/#breadcrumb\",\"itemListElement\":[{\"@type\":\"ListItem\",\"position\":1,\"name\":\"Accueil\",\"item\":\"https:\\\/\\\/shop.bantam.ch\\\/fr\\\/\"},{\"@type\":\"ListItem\",\"position\":2,\"name\":\"Boutique\",\"item\":\"https:\\\/\\\/shop.bantam.ch\\\/fr\\\/boutique\\\/\"},{\"@type\":\"ListItem\",\"position\":3,\"name\":\"Batterie d\u2019alimentation embarqu\u00e9e MT Gel\"}]},{\"@type\":\"WebSite\",\"@id\":\"https:\\\/\\\/shop.bantam.ch\\\/fr\\\/#website\",\"url\":\"https:\\\/\\\/shop.bantam.ch\\\/fr\\\/\",\"name\":\"Bantam Wankm\u00fcller SA\",\"description\":\"\",\"publisher\":{\"@id\":\"https:\\\/\\\/shop.bantam.ch\\\/fr\\\/#organization\"},\"inLanguage\":\"fr-FR\"},{\"@type\":\"Organization\",\"@id\":\"https:\\\/\\\/shop.bantam.ch\\\/fr\\\/#organization\",\"name\":\"Bantam Wankm\u00fcller SA\",\"url\":\"https:\\\/\\\/shop.bantam.ch\\\/fr\\\/\",\"logo\":{\"@type\":\"ImageObject\",\"inLanguage\":\"fr-FR\",\"@id\":\"https:\\\/\\\/shop.bantam.ch\\\/fr\\\/#\\\/schema\\\/logo\\\/image\\\/\",\"url\":\"https:\\\/\\\/shop.bantam.ch\\\/wp-content\\\/uploads\\\/2022\\\/12\\\/bantam-logo.png\",\"contentUrl\":\"https:\\\/\\\/shop.bantam.ch\\\/wp-content\\\/uploads\\\/2022\\\/12\\\/bantam-logo.png\",\"width\":320,\"height\":71,\"caption\":\"Bantam Wankm\u00fcller SA\"},\"image\":{\"@id\":\"https:\\\/\\\/shop.bantam.ch\\\/fr\\\/#\\\/schema\\\/logo\\\/image\\\/\"}}]}<\/script>\n<!-- \/ Yoast SEO plugin. -->","yoast_head_json":{"title":"Batterie d\u2019alimentation embarqu\u00e9e MT Gel - Bantam Wankm\u00fcller SA","robots":{"index":"index","follow":"follow","max-snippet":"max-snippet:-1","max-image-preview":"max-image-preview:large","max-video-preview":"max-video-preview:-1"},"canonical":"https:\/\/shop.bantam.ch\/fr\/produit\/batterie-dalimentation-embarquee-mt-gel\/","og_locale":"fr_FR","og_type":"article","og_title":"Batterie d\u2019alimentation embarqu\u00e9e MT Gel - Bantam Wankm\u00fcller SA","og_description":"Batterie gel embarqu\u00e9e totalement \u00e9tanche et n\u2018exigeant aucun entretien. D\u00e9velopp\u00e9e pour les consommateurs quotidiens. Les batteries gel supportent des cycles de charge \u00e9lev\u00e9s avec une r\u00e9serve de puissance et sont appropri\u00e9es pour le mode solaire et une utilisation comme onduleur.","og_url":"https:\/\/shop.bantam.ch\/fr\/produit\/batterie-dalimentation-embarquee-mt-gel\/","og_site_name":"Bantam Wankm\u00fcller SA","article_modified_time":"2026-04-18T22:08:49+00:00","og_image":[{"width":1000,"height":914,"url":"https:\/\/shop.bantam.ch\/wp-content\/uploads\/2023\/03\/9982719-Bord-Versorgungsbatterie_Gel_130_Ah_100h_-Standard-01.jpg","type":"image\/jpeg"}],"twitter_card":"summary_large_image","schema":{"@context":"https:\/\/schema.org","@graph":[{"@type":"WebPage","@id":"https:\/\/shop.bantam.ch\/fr\/produit\/batterie-dalimentation-embarquee-mt-gel\/","url":"https:\/\/shop.bantam.ch\/fr\/produit\/batterie-dalimentation-embarquee-mt-gel\/","name":"Batterie d\u2019alimentation embarqu\u00e9e MT Gel - Bantam Wankm\u00fcller SA","isPartOf":{"@id":"https:\/\/shop.bantam.ch\/fr\/#website"},"primaryImageOfPage":{"@id":"https:\/\/shop.bantam.ch\/fr\/produit\/batterie-dalimentation-embarquee-mt-gel\/#primaryimage"},"image":{"@id":"https:\/\/shop.bantam.ch\/fr\/produit\/batterie-dalimentation-embarquee-mt-gel\/#primaryimage"},"thumbnailUrl":"https:\/\/shop.bantam.ch\/wp-content\/uploads\/2023\/03\/9982719-Bord-Versorgungsbatterie_Gel_130_Ah_100h_-Standard-01.jpg","datePublished":"2023-03-28T11:15:02+00:00","dateModified":"2026-04-18T22:08:49+00:00","breadcrumb":{"@id":"https:\/\/shop.bantam.ch\/fr\/produit\/batterie-dalimentation-embarquee-mt-gel\/#breadcrumb"},"inLanguage":"fr-FR","potentialAction":[{"@type":"ReadAction","target":["https:\/\/shop.bantam.ch\/fr\/produit\/batterie-dalimentation-embarquee-mt-gel\/"]}]},{"@type":"ImageObject","inLanguage":"fr-FR","@id":"https:\/\/shop.bantam.ch\/fr\/produit\/batterie-dalimentation-embarquee-mt-gel\/#primaryimage","url":"https:\/\/shop.bantam.ch\/wp-content\/uploads\/2023\/03\/9982719-Bord-Versorgungsbatterie_Gel_130_Ah_100h_-Standard-01.jpg","contentUrl":"https:\/\/shop.bantam.ch\/wp-content\/uploads\/2023\/03\/9982719-Bord-Versorgungsbatterie_Gel_130_Ah_100h_-Standard-01.jpg","width":1000,"height":914},{"@type":"BreadcrumbList","@id":"https:\/\/shop.bantam.ch\/fr\/produit\/batterie-dalimentation-embarquee-mt-gel\/#breadcrumb","itemListElement":[{"@type":"ListItem","position":1,"name":"Accueil","item":"https:\/\/shop.bantam.ch\/fr\/"},{"@type":"ListItem","position":2,"name":"Boutique","item":"https:\/\/shop.bantam.ch\/fr\/boutique\/"},{"@type":"ListItem","position":3,"name":"Batterie d\u2019alimentation embarqu\u00e9e MT Gel"}]},{"@type":"WebSite","@id":"https:\/\/shop.bantam.ch\/fr\/#website","url":"https:\/\/shop.bantam.ch\/fr\/","name":"Bantam Wankm\u00fcller SA","description":"","publisher":{"@id":"https:\/\/shop.bantam.ch\/fr\/#organization"},"inLanguage":"fr-FR"},{"@type":"Organization","@id":"https:\/\/shop.bantam.ch\/fr\/#organization","name":"Bantam Wankm\u00fcller SA","url":"https:\/\/shop.bantam.ch\/fr\/","logo":{"@type":"ImageObject","inLanguage":"fr-FR","@id":"https:\/\/shop.bantam.ch\/fr\/#\/schema\/logo\/image\/","url":"https:\/\/shop.bantam.ch\/wp-content\/uploads\/2022\/12\/bantam-logo.png","contentUrl":"https:\/\/shop.bantam.ch\/wp-content\/uploads\/2022\/12\/bantam-logo.png","width":320,"height":71,"caption":"Bantam Wankm\u00fcller SA"},"image":{"@id":"https:\/\/shop.bantam.ch\/fr\/#\/schema\/logo\/image\/"}}]}},"_links":{"self":[{"href":"https:\/\/shop.bantam.ch\/fr\/wp-json\/wp\/v2\/product\/161749","targetHints":{"allow":["GET"]}}],"collection":[{"href":"https:\/\/shop.bantam.ch\/fr\/wp-json\/wp\/v2\/product"}],"about":[{"href":"https:\/\/shop.bantam.ch\/fr\/wp-json\/wp\/v2\/types\/product"}],"wp:featuredmedia":[{"embeddable":true,"href":"https:\/\/shop.bantam.ch\/fr\/wp-json\/wp\/v2\/media\/161747"}],"wp:attachment":[{"href":"https:\/\/shop.bantam.ch\/fr\/wp-json\/wp\/v2\/media?parent=161749"}],"wp:term":[{"taxonomy":"product_featured_cat","embeddable":true,"href":"https:\/\/shop.bantam.ch\/fr\/wp-json\/wp\/v2\/product_featured_cat?post=161749"},{"taxonomy":"product_brand","embeddable":true,"href":"https:\/\/shop.bantam.ch\/fr\/wp-json\/wp\/v2\/product_brand?post=161749"},{"taxonomy":"product_cat","embeddable":true,"href":"https:\/\/shop.bantam.ch\/fr\/wp-json\/wp\/v2\/product_cat?post=161749"},{"taxonomy":"product_tag","embeddable":true,"href":"https:\/\/shop.bantam.ch\/fr\/wp-json\/wp\/v2\/product_tag?post=161749"}],"curies":[{"name":"wp","href":"https:\/\/api.w.org\/{rel}","templated":true}]}}