{"id":161595,"date":"2023-03-28T11:26:57","date_gmt":"2023-03-28T09:26:57","guid":{"rendered":"https:\/\/shop.bantam.ch\/produit\/solette-ombra\/"},"modified":"2026-04-19T00:07:45","modified_gmt":"2026-04-18T22:07:45","slug":"solette-ombra","status":"publish","type":"product","link":"https:\/\/shop.bantam.ch\/fr\/produit\/solette-ombra\/","title":{"rendered":"Solette Ombra"},"content":{"rendered":"<p>Une sp\u00e9cialit\u00e9 Movera extr\u00eamement flexible. 3 solutions en une ! Sa conception vous permet de l\u2018utiliser avec des profondeurs d\u2018env. 170, 240 ou 340 cm. Astuce : La toile restante peut \u00eatre rabattue pour servir de protection solaire ou tout simplement enroul\u00e9e et fix\u00e9e \u00e0 l\u2019aide de rubans.<\/p>\n<p>\u00a0<\/p>\n<p>Vos avantages :<br \/>Nombreuses variantes<br \/>Montage rapide<br \/>Rangement compact<br \/>Toile r\u00e9sistante aux intemp\u00e9ries, l\u00e9g\u00e8re, extra r\u00e9sistante \u00e0 la lumi\u00e8re et aux d\u00e9chirures<br \/>Les barres de montage en acier sont t\u00e9lescopiques, diam\u00e8tre 22 mm<\/p>\n<p>Mat\u00e9riau\u00a0:<br \/>100 % polyester (avec rev\u00eatement acrylique sur une face)<\/p>\n<p>Contenu de la livraison :<br \/>solette<br \/>piquets de montage<br \/>haubanage<\/p>\n","protected":false},"excerpt":{"rendered":"<p>Une sp\u00e9cialit\u00e9 Movera extr\u00eamement flexible. 3 solutions en une ! Sa conception vous permet de l\u2018utiliser avec des profondeurs d\u2018env. 170, 240 ou 340 cm. Astuce : La toile restante peut \u00eatre rabattue pour servir de protection solaire ou tout simplement enroul\u00e9e et fix\u00e9e \u00e0 l\u2019aide de rubans. \u00a0 Vos avantages :Nombreuses variantesMontage rapideRangement compactToile [&hellip;]<\/p>\n","protected":false},"featured_media":161585,"template":"","meta":{"_acf_changed":false},"product_featured_cat":[],"product_brand":[3042],"product_cat":[4251],"product_tag":[],"class_list":{"0":"post-161595","1":"product","2":"type-product","3":"status-publish","4":"has-post-thumbnail","6":"product_brand-wigo","7":"product_cat-voile-dombrage-pour-camping-cars","9":"first","10":"instock","11":"taxable","12":"shipping-taxable","13":"purchasable","14":"product-type-variable"},"acf":[],"yoast_head":"<!-- This site is optimized with the Yoast SEO plugin v27.4 - https:\/\/yoast.com\/product\/yoast-seo-wordpress\/ -->\n<title>Solette Ombra - Bantam Wankm\u00fcller SA<\/title>\n<meta name=\"robots\" content=\"index, follow, max-snippet:-1, max-image-preview:large, max-video-preview:-1\" \/>\n<link rel=\"canonical\" href=\"https:\/\/shop.bantam.ch\/fr\/produit\/solette-ombra\/\" \/>\n<meta property=\"og:locale\" content=\"fr_FR\" \/>\n<meta property=\"og:type\" content=\"article\" \/>\n<meta property=\"og:title\" content=\"Solette Ombra - Bantam Wankm\u00fcller SA\" \/>\n<meta property=\"og:description\" content=\"Une sp\u00e9cialit\u00e9 Movera extr\u00eamement flexible. 3 solutions en une ! Sa conception vous permet de l\u2018utiliser avec des profondeurs d\u2018env. 170, 240 ou 340 cm. Astuce : La toile restante peut \u00eatre rabattue pour servir de protection solaire ou tout simplement enroul\u00e9e et fix\u00e9e \u00e0 l\u2019aide de rubans. \u00a0 Vos avantages :Nombreuses variantesMontage rapideRangement compactToile [&hellip;]\" \/>\n<meta property=\"og:url\" content=\"https:\/\/shop.bantam.ch\/fr\/produit\/solette-ombra\/\" \/>\n<meta property=\"og:site_name\" content=\"Bantam Wankm\u00fcller SA\" \/>\n<meta property=\"article:modified_time\" content=\"2026-04-18T22:07:45+00:00\" \/>\n<meta property=\"og:image\" content=\"https:\/\/shop.bantam.ch\/wp-content\/uploads\/2023\/03\/9996553-Sonnendach_OMBRA_340x400_mit_3_Aufstellstangen-Standard-01.jpg\" \/>\n\t<meta property=\"og:image:width\" content=\"1000\" \/>\n\t<meta property=\"og:image:height\" content=\"691\" \/>\n\t<meta property=\"og:image:type\" content=\"image\/jpeg\" \/>\n<meta name=\"twitter:card\" content=\"summary_large_image\" \/>\n<meta name=\"twitter:label1\" content=\"Dur\u00e9e de lecture estim\u00e9e\" \/>\n\t<meta name=\"twitter:data1\" content=\"1 minute\" \/>\n<script type=\"application\/ld+json\" class=\"yoast-schema-graph\">{\"@context\":\"https:\\\/\\\/schema.org\",\"@graph\":[{\"@type\":\"WebPage\",\"@id\":\"https:\\\/\\\/shop.bantam.ch\\\/fr\\\/produit\\\/solette-ombra\\\/\",\"url\":\"https:\\\/\\\/shop.bantam.ch\\\/fr\\\/produit\\\/solette-ombra\\\/\",\"name\":\"Solette Ombra - Bantam Wankm\u00fcller SA\",\"isPartOf\":{\"@id\":\"https:\\\/\\\/shop.bantam.ch\\\/fr\\\/#website\"},\"primaryImageOfPage\":{\"@id\":\"https:\\\/\\\/shop.bantam.ch\\\/fr\\\/produit\\\/solette-ombra\\\/#primaryimage\"},\"image\":{\"@id\":\"https:\\\/\\\/shop.bantam.ch\\\/fr\\\/produit\\\/solette-ombra\\\/#primaryimage\"},\"thumbnailUrl\":\"https:\\\/\\\/shop.bantam.ch\\\/wp-content\\\/uploads\\\/2023\\\/03\\\/9996553-Sonnendach_OMBRA_340x400_mit_3_Aufstellstangen-Standard-01.jpg\",\"datePublished\":\"2023-03-28T09:26:57+00:00\",\"dateModified\":\"2026-04-18T22:07:45+00:00\",\"breadcrumb\":{\"@id\":\"https:\\\/\\\/shop.bantam.ch\\\/fr\\\/produit\\\/solette-ombra\\\/#breadcrumb\"},\"inLanguage\":\"fr-FR\",\"potentialAction\":[{\"@type\":\"ReadAction\",\"target\":[\"https:\\\/\\\/shop.bantam.ch\\\/fr\\\/produit\\\/solette-ombra\\\/\"]}]},{\"@type\":\"ImageObject\",\"inLanguage\":\"fr-FR\",\"@id\":\"https:\\\/\\\/shop.bantam.ch\\\/fr\\\/produit\\\/solette-ombra\\\/#primaryimage\",\"url\":\"https:\\\/\\\/shop.bantam.ch\\\/wp-content\\\/uploads\\\/2023\\\/03\\\/9996553-Sonnendach_OMBRA_340x400_mit_3_Aufstellstangen-Standard-01.jpg\",\"contentUrl\":\"https:\\\/\\\/shop.bantam.ch\\\/wp-content\\\/uploads\\\/2023\\\/03\\\/9996553-Sonnendach_OMBRA_340x400_mit_3_Aufstellstangen-Standard-01.jpg\",\"width\":1000,\"height\":691},{\"@type\":\"BreadcrumbList\",\"@id\":\"https:\\\/\\\/shop.bantam.ch\\\/fr\\\/produit\\\/solette-ombra\\\/#breadcrumb\",\"itemListElement\":[{\"@type\":\"ListItem\",\"position\":1,\"name\":\"Accueil\",\"item\":\"https:\\\/\\\/shop.bantam.ch\\\/fr\\\/\"},{\"@type\":\"ListItem\",\"position\":2,\"name\":\"Boutique\",\"item\":\"https:\\\/\\\/shop.bantam.ch\\\/fr\\\/boutique\\\/\"},{\"@type\":\"ListItem\",\"position\":3,\"name\":\"Solette Ombra\"}]},{\"@type\":\"WebSite\",\"@id\":\"https:\\\/\\\/shop.bantam.ch\\\/fr\\\/#website\",\"url\":\"https:\\\/\\\/shop.bantam.ch\\\/fr\\\/\",\"name\":\"Bantam Wankm\u00fcller SA\",\"description\":\"\",\"publisher\":{\"@id\":\"https:\\\/\\\/shop.bantam.ch\\\/fr\\\/#organization\"},\"inLanguage\":\"fr-FR\"},{\"@type\":\"Organization\",\"@id\":\"https:\\\/\\\/shop.bantam.ch\\\/fr\\\/#organization\",\"name\":\"Bantam Wankm\u00fcller SA\",\"url\":\"https:\\\/\\\/shop.bantam.ch\\\/fr\\\/\",\"logo\":{\"@type\":\"ImageObject\",\"inLanguage\":\"fr-FR\",\"@id\":\"https:\\\/\\\/shop.bantam.ch\\\/fr\\\/#\\\/schema\\\/logo\\\/image\\\/\",\"url\":\"https:\\\/\\\/shop.bantam.ch\\\/wp-content\\\/uploads\\\/2022\\\/12\\\/bantam-logo.png\",\"contentUrl\":\"https:\\\/\\\/shop.bantam.ch\\\/wp-content\\\/uploads\\\/2022\\\/12\\\/bantam-logo.png\",\"width\":320,\"height\":71,\"caption\":\"Bantam Wankm\u00fcller SA\"},\"image\":{\"@id\":\"https:\\\/\\\/shop.bantam.ch\\\/fr\\\/#\\\/schema\\\/logo\\\/image\\\/\"}}]}<\/script>\n<!-- \/ Yoast SEO plugin. -->","yoast_head_json":{"title":"Solette Ombra - Bantam Wankm\u00fcller SA","robots":{"index":"index","follow":"follow","max-snippet":"max-snippet:-1","max-image-preview":"max-image-preview:large","max-video-preview":"max-video-preview:-1"},"canonical":"https:\/\/shop.bantam.ch\/fr\/produit\/solette-ombra\/","og_locale":"fr_FR","og_type":"article","og_title":"Solette Ombra - Bantam Wankm\u00fcller SA","og_description":"Une sp\u00e9cialit\u00e9 Movera extr\u00eamement flexible. 3 solutions en une ! Sa conception vous permet de l\u2018utiliser avec des profondeurs d\u2018env. 170, 240 ou 340 cm. Astuce : La toile restante peut \u00eatre rabattue pour servir de protection solaire ou tout simplement enroul\u00e9e et fix\u00e9e \u00e0 l\u2019aide de rubans. \u00a0 Vos avantages :Nombreuses variantesMontage rapideRangement compactToile [&hellip;]","og_url":"https:\/\/shop.bantam.ch\/fr\/produit\/solette-ombra\/","og_site_name":"Bantam Wankm\u00fcller SA","article_modified_time":"2026-04-18T22:07:45+00:00","og_image":[{"width":1000,"height":691,"url":"https:\/\/shop.bantam.ch\/wp-content\/uploads\/2023\/03\/9996553-Sonnendach_OMBRA_340x400_mit_3_Aufstellstangen-Standard-01.jpg","type":"image\/jpeg"}],"twitter_card":"summary_large_image","twitter_misc":{"Dur\u00e9e de lecture estim\u00e9e":"1 minute"},"schema":{"@context":"https:\/\/schema.org","@graph":[{"@type":"WebPage","@id":"https:\/\/shop.bantam.ch\/fr\/produit\/solette-ombra\/","url":"https:\/\/shop.bantam.ch\/fr\/produit\/solette-ombra\/","name":"Solette Ombra - Bantam Wankm\u00fcller SA","isPartOf":{"@id":"https:\/\/shop.bantam.ch\/fr\/#website"},"primaryImageOfPage":{"@id":"https:\/\/shop.bantam.ch\/fr\/produit\/solette-ombra\/#primaryimage"},"image":{"@id":"https:\/\/shop.bantam.ch\/fr\/produit\/solette-ombra\/#primaryimage"},"thumbnailUrl":"https:\/\/shop.bantam.ch\/wp-content\/uploads\/2023\/03\/9996553-Sonnendach_OMBRA_340x400_mit_3_Aufstellstangen-Standard-01.jpg","datePublished":"2023-03-28T09:26:57+00:00","dateModified":"2026-04-18T22:07:45+00:00","breadcrumb":{"@id":"https:\/\/shop.bantam.ch\/fr\/produit\/solette-ombra\/#breadcrumb"},"inLanguage":"fr-FR","potentialAction":[{"@type":"ReadAction","target":["https:\/\/shop.bantam.ch\/fr\/produit\/solette-ombra\/"]}]},{"@type":"ImageObject","inLanguage":"fr-FR","@id":"https:\/\/shop.bantam.ch\/fr\/produit\/solette-ombra\/#primaryimage","url":"https:\/\/shop.bantam.ch\/wp-content\/uploads\/2023\/03\/9996553-Sonnendach_OMBRA_340x400_mit_3_Aufstellstangen-Standard-01.jpg","contentUrl":"https:\/\/shop.bantam.ch\/wp-content\/uploads\/2023\/03\/9996553-Sonnendach_OMBRA_340x400_mit_3_Aufstellstangen-Standard-01.jpg","width":1000,"height":691},{"@type":"BreadcrumbList","@id":"https:\/\/shop.bantam.ch\/fr\/produit\/solette-ombra\/#breadcrumb","itemListElement":[{"@type":"ListItem","position":1,"name":"Accueil","item":"https:\/\/shop.bantam.ch\/fr\/"},{"@type":"ListItem","position":2,"name":"Boutique","item":"https:\/\/shop.bantam.ch\/fr\/boutique\/"},{"@type":"ListItem","position":3,"name":"Solette Ombra"}]},{"@type":"WebSite","@id":"https:\/\/shop.bantam.ch\/fr\/#website","url":"https:\/\/shop.bantam.ch\/fr\/","name":"Bantam Wankm\u00fcller SA","description":"","publisher":{"@id":"https:\/\/shop.bantam.ch\/fr\/#organization"},"inLanguage":"fr-FR"},{"@type":"Organization","@id":"https:\/\/shop.bantam.ch\/fr\/#organization","name":"Bantam Wankm\u00fcller SA","url":"https:\/\/shop.bantam.ch\/fr\/","logo":{"@type":"ImageObject","inLanguage":"fr-FR","@id":"https:\/\/shop.bantam.ch\/fr\/#\/schema\/logo\/image\/","url":"https:\/\/shop.bantam.ch\/wp-content\/uploads\/2022\/12\/bantam-logo.png","contentUrl":"https:\/\/shop.bantam.ch\/wp-content\/uploads\/2022\/12\/bantam-logo.png","width":320,"height":71,"caption":"Bantam Wankm\u00fcller SA"},"image":{"@id":"https:\/\/shop.bantam.ch\/fr\/#\/schema\/logo\/image\/"}}]}},"_links":{"self":[{"href":"https:\/\/shop.bantam.ch\/fr\/wp-json\/wp\/v2\/product\/161595","targetHints":{"allow":["GET"]}}],"collection":[{"href":"https:\/\/shop.bantam.ch\/fr\/wp-json\/wp\/v2\/product"}],"about":[{"href":"https:\/\/shop.bantam.ch\/fr\/wp-json\/wp\/v2\/types\/product"}],"wp:featuredmedia":[{"embeddable":true,"href":"https:\/\/shop.bantam.ch\/fr\/wp-json\/wp\/v2\/media\/161585"}],"wp:attachment":[{"href":"https:\/\/shop.bantam.ch\/fr\/wp-json\/wp\/v2\/media?parent=161595"}],"wp:term":[{"taxonomy":"product_featured_cat","embeddable":true,"href":"https:\/\/shop.bantam.ch\/fr\/wp-json\/wp\/v2\/product_featured_cat?post=161595"},{"taxonomy":"product_brand","embeddable":true,"href":"https:\/\/shop.bantam.ch\/fr\/wp-json\/wp\/v2\/product_brand?post=161595"},{"taxonomy":"product_cat","embeddable":true,"href":"https:\/\/shop.bantam.ch\/fr\/wp-json\/wp\/v2\/product_cat?post=161595"},{"taxonomy":"product_tag","embeddable":true,"href":"https:\/\/shop.bantam.ch\/fr\/wp-json\/wp\/v2\/product_tag?post=161595"}],"curies":[{"name":"wp","href":"https:\/\/api.w.org\/{rel}","templated":true}]}}