{"id":161443,"date":"2023-03-28T10:05:18","date_gmt":"2023-03-28T08:05:18","guid":{"rendered":"https:\/\/shop.bantam.ch\/produit\/systeme-doccultation-pare-brise-avec-retroviseur-interieur-ducato-x-250-beige\/"},"modified":"2026-04-19T00:05:25","modified_gmt":"2026-04-18T22:05:25","slug":"systeme-doccultation-pare-brise-avec-retroviseur-interieur-ducato-x-250-beige","status":"publish","type":"product","link":"https:\/\/shop.bantam.ch\/fr\/produit\/systeme-doccultation-pare-brise-avec-retroviseur-interieur-ducato-x-250-beige\/","title":{"rendered":"Syst\u00e8me d\u2019occultation, pare-brise avec r\u00e9troviseur int\u00e9rieur, Ducato X 250, beige"},"content":{"rendered":"<p>Syst\u00e8me d\u2019occultation pour Fiat Ducato type X250 \/ X290 ainsi que les mod\u00e8les de construction identiques Peugeot Boxer et Citro\u00ebn Jumper (sans galerie de toit). <br \/>Store pliant \u00e0 ouverture verticale qui, en fonction des besoins, laisse entrer la lumi\u00e8re dans le v\u00e9hicule ou obscurcit compl\u00e8tement la cabine. <br \/>Prot\u00e9gez-vous des rayons UV, de la chaleur, du froid et des regards indiscrets ! Ce syst\u00e8me en nid d&rsquo;abeille rev\u00eatu d&rsquo;aluminium pour l&rsquo;int\u00e9rieur est un de nos meilleurs produits parmi les syst\u00e8mes d&rsquo;occultation Dometic pour pare-brise et vitres lat\u00e9rales.<br \/> Il absorbe jusqu&rsquo;\u00e0 99 % des rayons ultraviolets nocifs, prot\u00e8ge la peau du soleil et garde la chaleur et le froid \u00e0 l&rsquo;ext\u00e9rieur. Le syst\u00e8me d&rsquo;occultation facile \u00e0 installer offre intimit\u00e9 et confort pendant que vous \u00eates dans le v\u00e9hicule.<\/p>\n<p>Propri\u00e9t\u00e9s et fonctions :<\/p>\n<ul>\n<li>Mat\u00e9riau alv\u00e9olaire Duette \u00e0 double pliss\u00e9 pour une isolation thermique et un obscurcissement maximum<\/li>\n<li>Parfaitement ajust\u00e9 aux mod\u00e8les Fiat Ducato X250 \/ X290<\/li>\n<li>Isolation et assombrissement maximum dans la partie inf\u00e9rieure (tableau de bord) ainsi que dans la partie sup\u00e9rieure (jointure) et sur le c\u00f4t\u00e9<\/li>\n<li>R\u00e9glage progressif possible comme vous le souhaitez<\/li>\n<li>Ne convient pas aux v\u00e9hicules \u00e9quip\u00e9s de lits pliants, de galeries de toit ou d\u2019airbags frontaux mont\u00e9s ult\u00e9rieurement.<\/li>\n<\/ul>\n","protected":false},"excerpt":{"rendered":"<p>Syst\u00e8me d\u2019occultation pour Fiat Ducato type X250 \/ X290 ainsi que les mod\u00e8les de construction identiques Peugeot Boxer et Citro\u00ebn Jumper (sans galerie de toit). Store pliant \u00e0 ouverture verticale qui, en fonction des besoins, laisse entrer la lumi\u00e8re dans le v\u00e9hicule ou obscurcit compl\u00e8tement la cabine. Prot\u00e9gez-vous des rayons UV, de la chaleur, du [&hellip;]<\/p>\n","protected":false},"featured_media":161439,"template":"","meta":{"_acf_changed":false},"product_featured_cat":[],"product_brand":[3028],"product_cat":[4713],"product_tag":[],"class_list":{"0":"post-161443","1":"product","2":"type-product","3":"status-publish","4":"has-post-thumbnail","6":"product_brand-dometic","7":"product_cat-systeme-doccultation-de-la-cabine-de-conduite","9":"first","10":"instock","11":"taxable","12":"shipping-taxable","13":"purchasable","14":"product-type-variable"},"acf":[],"yoast_head":"<!-- This site is optimized with the Yoast SEO plugin v27.4 - https:\/\/yoast.com\/product\/yoast-seo-wordpress\/ -->\n<title>Syst\u00e8me d\u2019occultation, pare-brise avec r\u00e9troviseur int\u00e9rieur, Ducato X 250, beige - Bantam Wankm\u00fcller SA<\/title>\n<meta name=\"robots\" content=\"index, follow, max-snippet:-1, max-image-preview:large, max-video-preview:-1\" \/>\n<link rel=\"canonical\" href=\"https:\/\/shop.bantam.ch\/fr\/produit\/systeme-doccultation-pare-brise-avec-retroviseur-interieur-ducato-x-250-beige\/\" \/>\n<meta property=\"og:locale\" content=\"fr_FR\" \/>\n<meta property=\"og:type\" content=\"article\" \/>\n<meta property=\"og:title\" content=\"Syst\u00e8me d\u2019occultation, pare-brise avec r\u00e9troviseur int\u00e9rieur, Ducato X 250, beige - Bantam Wankm\u00fcller SA\" \/>\n<meta property=\"og:description\" content=\"Syst\u00e8me d\u2019occultation pour Fiat Ducato type X250 \/ X290 ainsi que les mod\u00e8les de construction identiques Peugeot Boxer et Citro\u00ebn Jumper (sans galerie de toit). Store pliant \u00e0 ouverture verticale qui, en fonction des besoins, laisse entrer la lumi\u00e8re dans le v\u00e9hicule ou obscurcit compl\u00e8tement la cabine. Prot\u00e9gez-vous des rayons UV, de la chaleur, du [&hellip;]\" \/>\n<meta property=\"og:url\" content=\"https:\/\/shop.bantam.ch\/fr\/produit\/systeme-doccultation-pare-brise-avec-retroviseur-interieur-ducato-x-250-beige\/\" \/>\n<meta property=\"og:site_name\" content=\"Bantam Wankm\u00fcller SA\" \/>\n<meta property=\"article:modified_time\" content=\"2026-04-18T22:05:25+00:00\" \/>\n<meta property=\"og:image\" content=\"https:\/\/shop.bantam.ch\/wp-content\/uploads\/2023\/03\/994425711.jpg\" \/>\n\t<meta property=\"og:image:width\" content=\"1000\" \/>\n\t<meta property=\"og:image:height\" content=\"1000\" \/>\n\t<meta property=\"og:image:type\" content=\"image\/jpeg\" \/>\n<meta name=\"twitter:card\" content=\"summary_large_image\" \/>\n<meta name=\"twitter:label1\" content=\"Dur\u00e9e de lecture estim\u00e9e\" \/>\n\t<meta name=\"twitter:data1\" content=\"1 minute\" \/>\n<script type=\"application\/ld+json\" class=\"yoast-schema-graph\">{\"@context\":\"https:\\\/\\\/schema.org\",\"@graph\":[{\"@type\":\"WebPage\",\"@id\":\"https:\\\/\\\/shop.bantam.ch\\\/fr\\\/produit\\\/systeme-doccultation-pare-brise-avec-retroviseur-interieur-ducato-x-250-beige\\\/\",\"url\":\"https:\\\/\\\/shop.bantam.ch\\\/fr\\\/produit\\\/systeme-doccultation-pare-brise-avec-retroviseur-interieur-ducato-x-250-beige\\\/\",\"name\":\"Syst\u00e8me d\u2019occultation, pare-brise avec r\u00e9troviseur int\u00e9rieur, Ducato X 250, beige - Bantam Wankm\u00fcller SA\",\"isPartOf\":{\"@id\":\"https:\\\/\\\/shop.bantam.ch\\\/fr\\\/#website\"},\"primaryImageOfPage\":{\"@id\":\"https:\\\/\\\/shop.bantam.ch\\\/fr\\\/produit\\\/systeme-doccultation-pare-brise-avec-retroviseur-interieur-ducato-x-250-beige\\\/#primaryimage\"},\"image\":{\"@id\":\"https:\\\/\\\/shop.bantam.ch\\\/fr\\\/produit\\\/systeme-doccultation-pare-brise-avec-retroviseur-interieur-ducato-x-250-beige\\\/#primaryimage\"},\"thumbnailUrl\":\"https:\\\/\\\/shop.bantam.ch\\\/wp-content\\\/uploads\\\/2023\\\/03\\\/994425711.jpg\",\"datePublished\":\"2023-03-28T08:05:18+00:00\",\"dateModified\":\"2026-04-18T22:05:25+00:00\",\"breadcrumb\":{\"@id\":\"https:\\\/\\\/shop.bantam.ch\\\/fr\\\/produit\\\/systeme-doccultation-pare-brise-avec-retroviseur-interieur-ducato-x-250-beige\\\/#breadcrumb\"},\"inLanguage\":\"fr-FR\",\"potentialAction\":[{\"@type\":\"ReadAction\",\"target\":[\"https:\\\/\\\/shop.bantam.ch\\\/fr\\\/produit\\\/systeme-doccultation-pare-brise-avec-retroviseur-interieur-ducato-x-250-beige\\\/\"]}]},{\"@type\":\"ImageObject\",\"inLanguage\":\"fr-FR\",\"@id\":\"https:\\\/\\\/shop.bantam.ch\\\/fr\\\/produit\\\/systeme-doccultation-pare-brise-avec-retroviseur-interieur-ducato-x-250-beige\\\/#primaryimage\",\"url\":\"https:\\\/\\\/shop.bantam.ch\\\/wp-content\\\/uploads\\\/2023\\\/03\\\/994425711.jpg\",\"contentUrl\":\"https:\\\/\\\/shop.bantam.ch\\\/wp-content\\\/uploads\\\/2023\\\/03\\\/994425711.jpg\",\"width\":1000,\"height\":1000},{\"@type\":\"BreadcrumbList\",\"@id\":\"https:\\\/\\\/shop.bantam.ch\\\/fr\\\/produit\\\/systeme-doccultation-pare-brise-avec-retroviseur-interieur-ducato-x-250-beige\\\/#breadcrumb\",\"itemListElement\":[{\"@type\":\"ListItem\",\"position\":1,\"name\":\"Accueil\",\"item\":\"https:\\\/\\\/shop.bantam.ch\\\/fr\\\/\"},{\"@type\":\"ListItem\",\"position\":2,\"name\":\"Boutique\",\"item\":\"https:\\\/\\\/shop.bantam.ch\\\/fr\\\/boutique\\\/\"},{\"@type\":\"ListItem\",\"position\":3,\"name\":\"Syst\u00e8me d\u2019occultation, pare-brise avec r\u00e9troviseur int\u00e9rieur, Ducato X 250, beige\"}]},{\"@type\":\"WebSite\",\"@id\":\"https:\\\/\\\/shop.bantam.ch\\\/fr\\\/#website\",\"url\":\"https:\\\/\\\/shop.bantam.ch\\\/fr\\\/\",\"name\":\"Bantam Wankm\u00fcller SA\",\"description\":\"\",\"publisher\":{\"@id\":\"https:\\\/\\\/shop.bantam.ch\\\/fr\\\/#organization\"},\"inLanguage\":\"fr-FR\"},{\"@type\":\"Organization\",\"@id\":\"https:\\\/\\\/shop.bantam.ch\\\/fr\\\/#organization\",\"name\":\"Bantam Wankm\u00fcller SA\",\"url\":\"https:\\\/\\\/shop.bantam.ch\\\/fr\\\/\",\"logo\":{\"@type\":\"ImageObject\",\"inLanguage\":\"fr-FR\",\"@id\":\"https:\\\/\\\/shop.bantam.ch\\\/fr\\\/#\\\/schema\\\/logo\\\/image\\\/\",\"url\":\"https:\\\/\\\/shop.bantam.ch\\\/wp-content\\\/uploads\\\/2022\\\/12\\\/bantam-logo.png\",\"contentUrl\":\"https:\\\/\\\/shop.bantam.ch\\\/wp-content\\\/uploads\\\/2022\\\/12\\\/bantam-logo.png\",\"width\":320,\"height\":71,\"caption\":\"Bantam Wankm\u00fcller SA\"},\"image\":{\"@id\":\"https:\\\/\\\/shop.bantam.ch\\\/fr\\\/#\\\/schema\\\/logo\\\/image\\\/\"}}]}<\/script>\n<!-- \/ Yoast SEO plugin. -->","yoast_head_json":{"title":"Syst\u00e8me d\u2019occultation, pare-brise avec r\u00e9troviseur int\u00e9rieur, Ducato X 250, beige - Bantam Wankm\u00fcller SA","robots":{"index":"index","follow":"follow","max-snippet":"max-snippet:-1","max-image-preview":"max-image-preview:large","max-video-preview":"max-video-preview:-1"},"canonical":"https:\/\/shop.bantam.ch\/fr\/produit\/systeme-doccultation-pare-brise-avec-retroviseur-interieur-ducato-x-250-beige\/","og_locale":"fr_FR","og_type":"article","og_title":"Syst\u00e8me d\u2019occultation, pare-brise avec r\u00e9troviseur int\u00e9rieur, Ducato X 250, beige - Bantam Wankm\u00fcller SA","og_description":"Syst\u00e8me d\u2019occultation pour Fiat Ducato type X250 \/ X290 ainsi que les mod\u00e8les de construction identiques Peugeot Boxer et Citro\u00ebn Jumper (sans galerie de toit). Store pliant \u00e0 ouverture verticale qui, en fonction des besoins, laisse entrer la lumi\u00e8re dans le v\u00e9hicule ou obscurcit compl\u00e8tement la cabine. Prot\u00e9gez-vous des rayons UV, de la chaleur, du [&hellip;]","og_url":"https:\/\/shop.bantam.ch\/fr\/produit\/systeme-doccultation-pare-brise-avec-retroviseur-interieur-ducato-x-250-beige\/","og_site_name":"Bantam Wankm\u00fcller SA","article_modified_time":"2026-04-18T22:05:25+00:00","og_image":[{"width":1000,"height":1000,"url":"https:\/\/shop.bantam.ch\/wp-content\/uploads\/2023\/03\/994425711.jpg","type":"image\/jpeg"}],"twitter_card":"summary_large_image","twitter_misc":{"Dur\u00e9e de lecture estim\u00e9e":"1 minute"},"schema":{"@context":"https:\/\/schema.org","@graph":[{"@type":"WebPage","@id":"https:\/\/shop.bantam.ch\/fr\/produit\/systeme-doccultation-pare-brise-avec-retroviseur-interieur-ducato-x-250-beige\/","url":"https:\/\/shop.bantam.ch\/fr\/produit\/systeme-doccultation-pare-brise-avec-retroviseur-interieur-ducato-x-250-beige\/","name":"Syst\u00e8me d\u2019occultation, pare-brise avec r\u00e9troviseur int\u00e9rieur, Ducato X 250, beige - Bantam Wankm\u00fcller SA","isPartOf":{"@id":"https:\/\/shop.bantam.ch\/fr\/#website"},"primaryImageOfPage":{"@id":"https:\/\/shop.bantam.ch\/fr\/produit\/systeme-doccultation-pare-brise-avec-retroviseur-interieur-ducato-x-250-beige\/#primaryimage"},"image":{"@id":"https:\/\/shop.bantam.ch\/fr\/produit\/systeme-doccultation-pare-brise-avec-retroviseur-interieur-ducato-x-250-beige\/#primaryimage"},"thumbnailUrl":"https:\/\/shop.bantam.ch\/wp-content\/uploads\/2023\/03\/994425711.jpg","datePublished":"2023-03-28T08:05:18+00:00","dateModified":"2026-04-18T22:05:25+00:00","breadcrumb":{"@id":"https:\/\/shop.bantam.ch\/fr\/produit\/systeme-doccultation-pare-brise-avec-retroviseur-interieur-ducato-x-250-beige\/#breadcrumb"},"inLanguage":"fr-FR","potentialAction":[{"@type":"ReadAction","target":["https:\/\/shop.bantam.ch\/fr\/produit\/systeme-doccultation-pare-brise-avec-retroviseur-interieur-ducato-x-250-beige\/"]}]},{"@type":"ImageObject","inLanguage":"fr-FR","@id":"https:\/\/shop.bantam.ch\/fr\/produit\/systeme-doccultation-pare-brise-avec-retroviseur-interieur-ducato-x-250-beige\/#primaryimage","url":"https:\/\/shop.bantam.ch\/wp-content\/uploads\/2023\/03\/994425711.jpg","contentUrl":"https:\/\/shop.bantam.ch\/wp-content\/uploads\/2023\/03\/994425711.jpg","width":1000,"height":1000},{"@type":"BreadcrumbList","@id":"https:\/\/shop.bantam.ch\/fr\/produit\/systeme-doccultation-pare-brise-avec-retroviseur-interieur-ducato-x-250-beige\/#breadcrumb","itemListElement":[{"@type":"ListItem","position":1,"name":"Accueil","item":"https:\/\/shop.bantam.ch\/fr\/"},{"@type":"ListItem","position":2,"name":"Boutique","item":"https:\/\/shop.bantam.ch\/fr\/boutique\/"},{"@type":"ListItem","position":3,"name":"Syst\u00e8me d\u2019occultation, pare-brise avec r\u00e9troviseur int\u00e9rieur, Ducato X 250, beige"}]},{"@type":"WebSite","@id":"https:\/\/shop.bantam.ch\/fr\/#website","url":"https:\/\/shop.bantam.ch\/fr\/","name":"Bantam Wankm\u00fcller SA","description":"","publisher":{"@id":"https:\/\/shop.bantam.ch\/fr\/#organization"},"inLanguage":"fr-FR"},{"@type":"Organization","@id":"https:\/\/shop.bantam.ch\/fr\/#organization","name":"Bantam Wankm\u00fcller SA","url":"https:\/\/shop.bantam.ch\/fr\/","logo":{"@type":"ImageObject","inLanguage":"fr-FR","@id":"https:\/\/shop.bantam.ch\/fr\/#\/schema\/logo\/image\/","url":"https:\/\/shop.bantam.ch\/wp-content\/uploads\/2022\/12\/bantam-logo.png","contentUrl":"https:\/\/shop.bantam.ch\/wp-content\/uploads\/2022\/12\/bantam-logo.png","width":320,"height":71,"caption":"Bantam Wankm\u00fcller SA"},"image":{"@id":"https:\/\/shop.bantam.ch\/fr\/#\/schema\/logo\/image\/"}}]}},"_links":{"self":[{"href":"https:\/\/shop.bantam.ch\/fr\/wp-json\/wp\/v2\/product\/161443","targetHints":{"allow":["GET"]}}],"collection":[{"href":"https:\/\/shop.bantam.ch\/fr\/wp-json\/wp\/v2\/product"}],"about":[{"href":"https:\/\/shop.bantam.ch\/fr\/wp-json\/wp\/v2\/types\/product"}],"wp:featuredmedia":[{"embeddable":true,"href":"https:\/\/shop.bantam.ch\/fr\/wp-json\/wp\/v2\/media\/161439"}],"wp:attachment":[{"href":"https:\/\/shop.bantam.ch\/fr\/wp-json\/wp\/v2\/media?parent=161443"}],"wp:term":[{"taxonomy":"product_featured_cat","embeddable":true,"href":"https:\/\/shop.bantam.ch\/fr\/wp-json\/wp\/v2\/product_featured_cat?post=161443"},{"taxonomy":"product_brand","embeddable":true,"href":"https:\/\/shop.bantam.ch\/fr\/wp-json\/wp\/v2\/product_brand?post=161443"},{"taxonomy":"product_cat","embeddable":true,"href":"https:\/\/shop.bantam.ch\/fr\/wp-json\/wp\/v2\/product_cat?post=161443"},{"taxonomy":"product_tag","embeddable":true,"href":"https:\/\/shop.bantam.ch\/fr\/wp-json\/wp\/v2\/product_tag?post=161443"}],"curies":[{"name":"wp","href":"https:\/\/api.w.org\/{rel}","templated":true}]}}