{"id":159843,"date":"2023-03-23T16:58:29","date_gmt":"2023-03-23T15:58:29","guid":{"rendered":"https:\/\/shop.bantam.ch\/produit\/comfort-210-brennstoffzelle\/"},"modified":"2026-04-19T22:12:02","modified_gmt":"2026-04-19T20:12:02","slug":"comfort-210-brennstoffzelle","status":"publish","type":"product","link":"https:\/\/shop.bantam.ch\/fr\/produit\/comfort-210-brennstoffzelle\/","title":{"rendered":"Pile \u00e0 combustible COMFORT 210"},"content":{"rendered":"<p data-start=\"68\" data-end=\"282\">La pile \u00e0 combustible fournit, sur l\u2019ann\u00e9e, 3 \u00e0 10 fois plus d\u2019\u00e9lectricit\u00e9 qu\u2019une installation solaire de m\u00eame puissance. Tous les mod\u00e8les incluent une garantie de 2 ans, avec la possibilit\u00e9 de l\u2019\u00e9tendre \u00e0 5 ans.\u00a0Utilisable toute l\u2019ann\u00e9e, gr\u00e2ce \u00e0 sa nouvelle isolation et son syst\u00e8me d\u2019amortissement, elle est extr\u00eamement silencieuse. Son nettoyage et son entretien ne sont pas n\u00e9cessaires, la pile \u00e0 combustible fonctionne de mani\u00e8re \u00e9conome et sans \u00e9missions g\u00eanantes, ce qui la rend tr\u00e8s respectueuse de l\u2019environnement. Son installation est simple gr\u00e2ce \u00e0 sa construction compacte et \u00e0 son faible poids.\u00a0Un raccord de r\u00e9servoir plus long, ainsi que des am\u00e9liorations techniques de la pile \u00e0 combustible, permettent de placer les cartouches M5 et M10 \u00e0 diff\u00e9rents niveaux par rapport \u00e0 l\u2019appareil. Ainsi, la cartouche peut \u00eatre install\u00e9e au-dessus ou en dessous de la pile \u00e0 combustible. Cela est particuli\u00e8rement utile dans les espaces restreints, comme dans de petits camping-cars ou sur un voilier.\u00a0Le kit comprend :\u00a0Panneau de commande blanc avec bo\u00eete de fixation en saillie et c\u00e2ble de donn\u00e9es DL2.\u00a0Plaque de montage.\u00a0Support de cartouche de carburant.\u00a0Sangles de fixation.\u00a0C\u00e2ble de charge.\u00a0Tuyau d\u2019\u00e9vacuation de chaleur.\u00a0Tuyau d\u2019\u00e9chappement.\u00a0Bride de r\u00e9cup\u00e9ration de chaleur.\u00a0Mode d\u2019emploi<\/p>\n","protected":false},"excerpt":{"rendered":"<p>La pile \u00e0 combustible fournit, sur l\u2019ann\u00e9e, 3 \u00e0 10 fois plus d\u2019\u00e9lectricit\u00e9 qu\u2019une installation solaire de m\u00eame puissance. Tous les mod\u00e8les incluent une garantie de 2 ans, avec la possibilit\u00e9 de l\u2019\u00e9tendre \u00e0 5 ans.\u00a0Utilisable toute l\u2019ann\u00e9e, gr\u00e2ce \u00e0 sa nouvelle isolation et son syst\u00e8me d\u2019amortissement, elle est extr\u00eamement silencieuse. Son nettoyage et son [&hellip;]<\/p>\n","protected":false},"featured_media":159837,"template":"","meta":{"_acf_changed":false},"product_featured_cat":[],"product_brand":[3288],"product_cat":[4855],"product_tag":[],"class_list":{"0":"post-159843","1":"product","2":"type-product","3":"status-publish","4":"has-post-thumbnail","6":"product_brand-efoy","7":"product_cat-generateurs-essence","9":"first","10":"instock","11":"taxable","12":"shipping-taxable","13":"purchasable","14":"product-type-simple"},"acf":[],"yoast_head":"<!-- This site is optimized with the Yoast SEO plugin v27.4 - https:\/\/yoast.com\/product\/yoast-seo-wordpress\/ -->\n<title>Pile \u00e0 combustible COMFORT 210 - Bantam Wankm\u00fcller SA<\/title>\n<meta name=\"robots\" content=\"index, follow, max-snippet:-1, max-image-preview:large, max-video-preview:-1\" \/>\n<link rel=\"canonical\" href=\"https:\/\/shop.bantam.ch\/fr\/produit\/comfort-210-brennstoffzelle\/\" \/>\n<meta property=\"og:locale\" content=\"fr_FR\" \/>\n<meta property=\"og:type\" content=\"article\" \/>\n<meta property=\"og:title\" content=\"Pile \u00e0 combustible COMFORT 210 - Bantam Wankm\u00fcller SA\" \/>\n<meta property=\"og:description\" content=\"La pile \u00e0 combustible fournit, sur l\u2019ann\u00e9e, 3 \u00e0 10 fois plus d\u2019\u00e9lectricit\u00e9 qu\u2019une installation solaire de m\u00eame puissance. Tous les mod\u00e8les incluent une garantie de 2 ans, avec la possibilit\u00e9 de l\u2019\u00e9tendre \u00e0 5 ans.\u00a0Utilisable toute l\u2019ann\u00e9e, gr\u00e2ce \u00e0 sa nouvelle isolation et son syst\u00e8me d\u2019amortissement, elle est extr\u00eamement silencieuse. Son nettoyage et son [&hellip;]\" \/>\n<meta property=\"og:url\" content=\"https:\/\/shop.bantam.ch\/fr\/produit\/comfort-210-brennstoffzelle\/\" \/>\n<meta property=\"og:site_name\" content=\"Bantam Wankm\u00fcller SA\" \/>\n<meta property=\"article:modified_time\" content=\"2026-04-19T20:12:02+00:00\" \/>\n<meta property=\"og:image\" content=\"https:\/\/shop.bantam.ch\/wp-content\/uploads\/2023\/03\/9985072-Brennstoffzelle_EFOY_Comfort_210i-Standard-01-1.jpg\" \/>\n\t<meta property=\"og:image:width\" content=\"1000\" \/>\n\t<meta property=\"og:image:height\" content=\"715\" \/>\n\t<meta property=\"og:image:type\" content=\"image\/jpeg\" \/>\n<meta name=\"twitter:card\" content=\"summary_large_image\" \/>\n<meta name=\"twitter:label1\" content=\"Dur\u00e9e de lecture estim\u00e9e\" \/>\n\t<meta name=\"twitter:data1\" content=\"1 minute\" \/>\n<script type=\"application\/ld+json\" class=\"yoast-schema-graph\">{\"@context\":\"https:\\\/\\\/schema.org\",\"@graph\":[{\"@type\":\"WebPage\",\"@id\":\"https:\\\/\\\/shop.bantam.ch\\\/fr\\\/produit\\\/comfort-210-brennstoffzelle\\\/\",\"url\":\"https:\\\/\\\/shop.bantam.ch\\\/fr\\\/produit\\\/comfort-210-brennstoffzelle\\\/\",\"name\":\"Pile \u00e0 combustible COMFORT 210 - Bantam Wankm\u00fcller SA\",\"isPartOf\":{\"@id\":\"https:\\\/\\\/shop.bantam.ch\\\/fr\\\/#website\"},\"primaryImageOfPage\":{\"@id\":\"https:\\\/\\\/shop.bantam.ch\\\/fr\\\/produit\\\/comfort-210-brennstoffzelle\\\/#primaryimage\"},\"image\":{\"@id\":\"https:\\\/\\\/shop.bantam.ch\\\/fr\\\/produit\\\/comfort-210-brennstoffzelle\\\/#primaryimage\"},\"thumbnailUrl\":\"https:\\\/\\\/shop.bantam.ch\\\/wp-content\\\/uploads\\\/2023\\\/03\\\/9985072-Brennstoffzelle_EFOY_Comfort_210i-Standard-01-1.jpg\",\"datePublished\":\"2023-03-23T15:58:29+00:00\",\"dateModified\":\"2026-04-19T20:12:02+00:00\",\"breadcrumb\":{\"@id\":\"https:\\\/\\\/shop.bantam.ch\\\/fr\\\/produit\\\/comfort-210-brennstoffzelle\\\/#breadcrumb\"},\"inLanguage\":\"fr-FR\",\"potentialAction\":[{\"@type\":\"ReadAction\",\"target\":[\"https:\\\/\\\/shop.bantam.ch\\\/fr\\\/produit\\\/comfort-210-brennstoffzelle\\\/\"]}]},{\"@type\":\"ImageObject\",\"inLanguage\":\"fr-FR\",\"@id\":\"https:\\\/\\\/shop.bantam.ch\\\/fr\\\/produit\\\/comfort-210-brennstoffzelle\\\/#primaryimage\",\"url\":\"https:\\\/\\\/shop.bantam.ch\\\/wp-content\\\/uploads\\\/2023\\\/03\\\/9985072-Brennstoffzelle_EFOY_Comfort_210i-Standard-01-1.jpg\",\"contentUrl\":\"https:\\\/\\\/shop.bantam.ch\\\/wp-content\\\/uploads\\\/2023\\\/03\\\/9985072-Brennstoffzelle_EFOY_Comfort_210i-Standard-01-1.jpg\",\"width\":1000,\"height\":715},{\"@type\":\"BreadcrumbList\",\"@id\":\"https:\\\/\\\/shop.bantam.ch\\\/fr\\\/produit\\\/comfort-210-brennstoffzelle\\\/#breadcrumb\",\"itemListElement\":[{\"@type\":\"ListItem\",\"position\":1,\"name\":\"Accueil\",\"item\":\"https:\\\/\\\/shop.bantam.ch\\\/fr\\\/\"},{\"@type\":\"ListItem\",\"position\":2,\"name\":\"Boutique\",\"item\":\"https:\\\/\\\/shop.bantam.ch\\\/fr\\\/boutique\\\/\"},{\"@type\":\"ListItem\",\"position\":3,\"name\":\"Pile \u00e0 combustible COMFORT 210\"}]},{\"@type\":\"WebSite\",\"@id\":\"https:\\\/\\\/shop.bantam.ch\\\/fr\\\/#website\",\"url\":\"https:\\\/\\\/shop.bantam.ch\\\/fr\\\/\",\"name\":\"Bantam Wankm\u00fcller SA\",\"description\":\"\",\"publisher\":{\"@id\":\"https:\\\/\\\/shop.bantam.ch\\\/fr\\\/#organization\"},\"inLanguage\":\"fr-FR\"},{\"@type\":\"Organization\",\"@id\":\"https:\\\/\\\/shop.bantam.ch\\\/fr\\\/#organization\",\"name\":\"Bantam Wankm\u00fcller SA\",\"url\":\"https:\\\/\\\/shop.bantam.ch\\\/fr\\\/\",\"logo\":{\"@type\":\"ImageObject\",\"inLanguage\":\"fr-FR\",\"@id\":\"https:\\\/\\\/shop.bantam.ch\\\/fr\\\/#\\\/schema\\\/logo\\\/image\\\/\",\"url\":\"https:\\\/\\\/shop.bantam.ch\\\/wp-content\\\/uploads\\\/2022\\\/12\\\/bantam-logo.png\",\"contentUrl\":\"https:\\\/\\\/shop.bantam.ch\\\/wp-content\\\/uploads\\\/2022\\\/12\\\/bantam-logo.png\",\"width\":320,\"height\":71,\"caption\":\"Bantam Wankm\u00fcller SA\"},\"image\":{\"@id\":\"https:\\\/\\\/shop.bantam.ch\\\/fr\\\/#\\\/schema\\\/logo\\\/image\\\/\"}}]}<\/script>\n<!-- \/ Yoast SEO plugin. -->","yoast_head_json":{"title":"Pile \u00e0 combustible COMFORT 210 - Bantam Wankm\u00fcller SA","robots":{"index":"index","follow":"follow","max-snippet":"max-snippet:-1","max-image-preview":"max-image-preview:large","max-video-preview":"max-video-preview:-1"},"canonical":"https:\/\/shop.bantam.ch\/fr\/produit\/comfort-210-brennstoffzelle\/","og_locale":"fr_FR","og_type":"article","og_title":"Pile \u00e0 combustible COMFORT 210 - Bantam Wankm\u00fcller SA","og_description":"La pile \u00e0 combustible fournit, sur l\u2019ann\u00e9e, 3 \u00e0 10 fois plus d\u2019\u00e9lectricit\u00e9 qu\u2019une installation solaire de m\u00eame puissance. Tous les mod\u00e8les incluent une garantie de 2 ans, avec la possibilit\u00e9 de l\u2019\u00e9tendre \u00e0 5 ans.\u00a0Utilisable toute l\u2019ann\u00e9e, gr\u00e2ce \u00e0 sa nouvelle isolation et son syst\u00e8me d\u2019amortissement, elle est extr\u00eamement silencieuse. Son nettoyage et son [&hellip;]","og_url":"https:\/\/shop.bantam.ch\/fr\/produit\/comfort-210-brennstoffzelle\/","og_site_name":"Bantam Wankm\u00fcller SA","article_modified_time":"2026-04-19T20:12:02+00:00","og_image":[{"width":1000,"height":715,"url":"https:\/\/shop.bantam.ch\/wp-content\/uploads\/2023\/03\/9985072-Brennstoffzelle_EFOY_Comfort_210i-Standard-01-1.jpg","type":"image\/jpeg"}],"twitter_card":"summary_large_image","twitter_misc":{"Dur\u00e9e de lecture estim\u00e9e":"1 minute"},"schema":{"@context":"https:\/\/schema.org","@graph":[{"@type":"WebPage","@id":"https:\/\/shop.bantam.ch\/fr\/produit\/comfort-210-brennstoffzelle\/","url":"https:\/\/shop.bantam.ch\/fr\/produit\/comfort-210-brennstoffzelle\/","name":"Pile \u00e0 combustible COMFORT 210 - Bantam Wankm\u00fcller SA","isPartOf":{"@id":"https:\/\/shop.bantam.ch\/fr\/#website"},"primaryImageOfPage":{"@id":"https:\/\/shop.bantam.ch\/fr\/produit\/comfort-210-brennstoffzelle\/#primaryimage"},"image":{"@id":"https:\/\/shop.bantam.ch\/fr\/produit\/comfort-210-brennstoffzelle\/#primaryimage"},"thumbnailUrl":"https:\/\/shop.bantam.ch\/wp-content\/uploads\/2023\/03\/9985072-Brennstoffzelle_EFOY_Comfort_210i-Standard-01-1.jpg","datePublished":"2023-03-23T15:58:29+00:00","dateModified":"2026-04-19T20:12:02+00:00","breadcrumb":{"@id":"https:\/\/shop.bantam.ch\/fr\/produit\/comfort-210-brennstoffzelle\/#breadcrumb"},"inLanguage":"fr-FR","potentialAction":[{"@type":"ReadAction","target":["https:\/\/shop.bantam.ch\/fr\/produit\/comfort-210-brennstoffzelle\/"]}]},{"@type":"ImageObject","inLanguage":"fr-FR","@id":"https:\/\/shop.bantam.ch\/fr\/produit\/comfort-210-brennstoffzelle\/#primaryimage","url":"https:\/\/shop.bantam.ch\/wp-content\/uploads\/2023\/03\/9985072-Brennstoffzelle_EFOY_Comfort_210i-Standard-01-1.jpg","contentUrl":"https:\/\/shop.bantam.ch\/wp-content\/uploads\/2023\/03\/9985072-Brennstoffzelle_EFOY_Comfort_210i-Standard-01-1.jpg","width":1000,"height":715},{"@type":"BreadcrumbList","@id":"https:\/\/shop.bantam.ch\/fr\/produit\/comfort-210-brennstoffzelle\/#breadcrumb","itemListElement":[{"@type":"ListItem","position":1,"name":"Accueil","item":"https:\/\/shop.bantam.ch\/fr\/"},{"@type":"ListItem","position":2,"name":"Boutique","item":"https:\/\/shop.bantam.ch\/fr\/boutique\/"},{"@type":"ListItem","position":3,"name":"Pile \u00e0 combustible COMFORT 210"}]},{"@type":"WebSite","@id":"https:\/\/shop.bantam.ch\/fr\/#website","url":"https:\/\/shop.bantam.ch\/fr\/","name":"Bantam Wankm\u00fcller SA","description":"","publisher":{"@id":"https:\/\/shop.bantam.ch\/fr\/#organization"},"inLanguage":"fr-FR"},{"@type":"Organization","@id":"https:\/\/shop.bantam.ch\/fr\/#organization","name":"Bantam Wankm\u00fcller SA","url":"https:\/\/shop.bantam.ch\/fr\/","logo":{"@type":"ImageObject","inLanguage":"fr-FR","@id":"https:\/\/shop.bantam.ch\/fr\/#\/schema\/logo\/image\/","url":"https:\/\/shop.bantam.ch\/wp-content\/uploads\/2022\/12\/bantam-logo.png","contentUrl":"https:\/\/shop.bantam.ch\/wp-content\/uploads\/2022\/12\/bantam-logo.png","width":320,"height":71,"caption":"Bantam Wankm\u00fcller SA"},"image":{"@id":"https:\/\/shop.bantam.ch\/fr\/#\/schema\/logo\/image\/"}}]}},"_links":{"self":[{"href":"https:\/\/shop.bantam.ch\/fr\/wp-json\/wp\/v2\/product\/159843","targetHints":{"allow":["GET"]}}],"collection":[{"href":"https:\/\/shop.bantam.ch\/fr\/wp-json\/wp\/v2\/product"}],"about":[{"href":"https:\/\/shop.bantam.ch\/fr\/wp-json\/wp\/v2\/types\/product"}],"wp:featuredmedia":[{"embeddable":true,"href":"https:\/\/shop.bantam.ch\/fr\/wp-json\/wp\/v2\/media\/159837"}],"wp:attachment":[{"href":"https:\/\/shop.bantam.ch\/fr\/wp-json\/wp\/v2\/media?parent=159843"}],"wp:term":[{"taxonomy":"product_featured_cat","embeddable":true,"href":"https:\/\/shop.bantam.ch\/fr\/wp-json\/wp\/v2\/product_featured_cat?post=159843"},{"taxonomy":"product_brand","embeddable":true,"href":"https:\/\/shop.bantam.ch\/fr\/wp-json\/wp\/v2\/product_brand?post=159843"},{"taxonomy":"product_cat","embeddable":true,"href":"https:\/\/shop.bantam.ch\/fr\/wp-json\/wp\/v2\/product_cat?post=159843"},{"taxonomy":"product_tag","embeddable":true,"href":"https:\/\/shop.bantam.ch\/fr\/wp-json\/wp\/v2\/product_tag?post=159843"}],"curies":[{"name":"wp","href":"https:\/\/api.w.org\/{rel}","templated":true}]}}