{"id":159779,"date":"2023-03-23T16:45:57","date_gmt":"2023-03-23T15:45:57","guid":{"rendered":"https:\/\/shop.bantam.ch\/produit\/marchepied-single-step-compact-12-v-500\/"},"modified":"2026-04-17T22:32:48","modified_gmt":"2026-04-17T20:32:48","slug":"marchepied-single-step-compact-12-v-500","status":"publish","type":"product","link":"https:\/\/shop.bantam.ch\/fr\/produit\/marchepied-single-step-compact-12-v-500\/","title":{"rendered":"Marchepied THULE Single Step Compact 12V 50 cm"},"content":{"rendered":"<p>Solution compacte pour un acc\u00e8s facile.<\/p>\n<p>Equipements et fonctions :<br \/>&#8211; Solution compacte pour mod\u00e8le compact sous le v\u00e9hicule<br \/>&#8211; Stabilit\u00e9 am\u00e9lior\u00e9e<br \/>&#8211; R\u00e9duction du bruit lors de l&rsquo;ouverture et de la fermeture de la marche<br \/>&#8211; Il n&rsquo;est pas possible de d\u00e9marrer avec la marche d\u00e9ploy\u00e9e<br \/>&#8211; Moteur 12V<br \/>&#8211; Capacit\u00e9 de charge\u00a0: 300 kg<br \/>Mat\u00e9riau\u00a0: Structure en aluminium anodis\u00e9<\/p>\n<p>Largeur de marche : 50 cm<\/p>\n","protected":false},"excerpt":{"rendered":"<p>Solution compacte pour un acc\u00e8s facile. Equipements et fonctions :&#8211; Solution compacte pour mod\u00e8le compact sous le v\u00e9hicule&#8211; Stabilit\u00e9 am\u00e9lior\u00e9e&#8211; R\u00e9duction du bruit lors de l&rsquo;ouverture et de la fermeture de la marche&#8211; Il n&rsquo;est pas possible de d\u00e9marrer avec la marche d\u00e9ploy\u00e9e&#8211; Moteur 12V&#8211; Capacit\u00e9 de charge\u00a0: 300 kgMat\u00e9riau\u00a0: Structure en aluminium anodis\u00e9 Largeur [&hellip;]<\/p>\n","protected":false},"featured_media":159775,"template":"","meta":{"_acf_changed":false},"product_featured_cat":[],"product_brand":[3046],"product_cat":[4673],"product_tag":[],"class_list":{"0":"post-159779","1":"product","2":"type-product","3":"status-publish","4":"has-post-thumbnail","6":"product_brand-thule","7":"product_cat-marchepieds","9":"first","10":"instock","11":"taxable","12":"shipping-taxable","13":"purchasable","14":"product-type-simple"},"acf":[],"yoast_head":"<!-- This site is optimized with the Yoast SEO plugin v27.4 - https:\/\/yoast.com\/product\/yoast-seo-wordpress\/ -->\n<title>Marchepied THULE Single Step Compact 12V 50 cm - Bantam Wankm\u00fcller SA<\/title>\n<meta name=\"robots\" content=\"index, follow, max-snippet:-1, max-image-preview:large, max-video-preview:-1\" \/>\n<link rel=\"canonical\" href=\"https:\/\/shop.bantam.ch\/fr\/produit\/marchepied-single-step-compact-12-v-500\/\" \/>\n<meta property=\"og:locale\" content=\"fr_FR\" \/>\n<meta property=\"og:type\" content=\"article\" \/>\n<meta property=\"og:title\" content=\"Marchepied THULE Single Step Compact 12V 50 cm - Bantam Wankm\u00fcller SA\" \/>\n<meta property=\"og:description\" content=\"Solution compacte pour un acc\u00e8s facile. Equipements et fonctions :&#8211; Solution compacte pour mod\u00e8le compact sous le v\u00e9hicule&#8211; Stabilit\u00e9 am\u00e9lior\u00e9e&#8211; R\u00e9duction du bruit lors de l&rsquo;ouverture et de la fermeture de la marche&#8211; Il n&rsquo;est pas possible de d\u00e9marrer avec la marche d\u00e9ploy\u00e9e&#8211; Moteur 12V&#8211; Capacit\u00e9 de charge\u00a0: 300 kgMat\u00e9riau\u00a0: Structure en aluminium anodis\u00e9 Largeur [&hellip;]\" \/>\n<meta property=\"og:url\" content=\"https:\/\/shop.bantam.ch\/fr\/produit\/marchepied-single-step-compact-12-v-500\/\" \/>\n<meta property=\"og:site_name\" content=\"Bantam Wankm\u00fcller SA\" \/>\n<meta property=\"article:modified_time\" content=\"2026-04-17T20:32:48+00:00\" \/>\n<meta property=\"og:image\" content=\"https:\/\/shop.bantam.ch\/wp-content\/uploads\/2023\/03\/994447211.jpg\" \/>\n\t<meta property=\"og:image:width\" content=\"1000\" \/>\n\t<meta property=\"og:image:height\" content=\"625\" \/>\n\t<meta property=\"og:image:type\" content=\"image\/jpeg\" \/>\n<meta name=\"twitter:card\" content=\"summary_large_image\" \/>\n<script type=\"application\/ld+json\" class=\"yoast-schema-graph\">{\"@context\":\"https:\\\/\\\/schema.org\",\"@graph\":[{\"@type\":\"WebPage\",\"@id\":\"https:\\\/\\\/shop.bantam.ch\\\/fr\\\/produit\\\/marchepied-single-step-compact-12-v-500\\\/\",\"url\":\"https:\\\/\\\/shop.bantam.ch\\\/fr\\\/produit\\\/marchepied-single-step-compact-12-v-500\\\/\",\"name\":\"Marchepied THULE Single Step Compact 12V 50 cm - Bantam Wankm\u00fcller SA\",\"isPartOf\":{\"@id\":\"https:\\\/\\\/shop.bantam.ch\\\/fr\\\/#website\"},\"primaryImageOfPage\":{\"@id\":\"https:\\\/\\\/shop.bantam.ch\\\/fr\\\/produit\\\/marchepied-single-step-compact-12-v-500\\\/#primaryimage\"},\"image\":{\"@id\":\"https:\\\/\\\/shop.bantam.ch\\\/fr\\\/produit\\\/marchepied-single-step-compact-12-v-500\\\/#primaryimage\"},\"thumbnailUrl\":\"https:\\\/\\\/shop.bantam.ch\\\/wp-content\\\/uploads\\\/2023\\\/03\\\/994447211.jpg\",\"datePublished\":\"2023-03-23T15:45:57+00:00\",\"dateModified\":\"2026-04-17T20:32:48+00:00\",\"breadcrumb\":{\"@id\":\"https:\\\/\\\/shop.bantam.ch\\\/fr\\\/produit\\\/marchepied-single-step-compact-12-v-500\\\/#breadcrumb\"},\"inLanguage\":\"fr-FR\",\"potentialAction\":[{\"@type\":\"ReadAction\",\"target\":[\"https:\\\/\\\/shop.bantam.ch\\\/fr\\\/produit\\\/marchepied-single-step-compact-12-v-500\\\/\"]}]},{\"@type\":\"ImageObject\",\"inLanguage\":\"fr-FR\",\"@id\":\"https:\\\/\\\/shop.bantam.ch\\\/fr\\\/produit\\\/marchepied-single-step-compact-12-v-500\\\/#primaryimage\",\"url\":\"https:\\\/\\\/shop.bantam.ch\\\/wp-content\\\/uploads\\\/2023\\\/03\\\/994447211.jpg\",\"contentUrl\":\"https:\\\/\\\/shop.bantam.ch\\\/wp-content\\\/uploads\\\/2023\\\/03\\\/994447211.jpg\",\"width\":1000,\"height\":625},{\"@type\":\"BreadcrumbList\",\"@id\":\"https:\\\/\\\/shop.bantam.ch\\\/fr\\\/produit\\\/marchepied-single-step-compact-12-v-500\\\/#breadcrumb\",\"itemListElement\":[{\"@type\":\"ListItem\",\"position\":1,\"name\":\"Accueil\",\"item\":\"https:\\\/\\\/shop.bantam.ch\\\/fr\\\/\"},{\"@type\":\"ListItem\",\"position\":2,\"name\":\"Boutique\",\"item\":\"https:\\\/\\\/shop.bantam.ch\\\/fr\\\/boutique\\\/\"},{\"@type\":\"ListItem\",\"position\":3,\"name\":\"Marchepied THULE Single Step Compact 12V 50 cm\"}]},{\"@type\":\"WebSite\",\"@id\":\"https:\\\/\\\/shop.bantam.ch\\\/fr\\\/#website\",\"url\":\"https:\\\/\\\/shop.bantam.ch\\\/fr\\\/\",\"name\":\"Bantam Wankm\u00fcller SA\",\"description\":\"\",\"publisher\":{\"@id\":\"https:\\\/\\\/shop.bantam.ch\\\/fr\\\/#organization\"},\"inLanguage\":\"fr-FR\"},{\"@type\":\"Organization\",\"@id\":\"https:\\\/\\\/shop.bantam.ch\\\/fr\\\/#organization\",\"name\":\"Bantam Wankm\u00fcller SA\",\"url\":\"https:\\\/\\\/shop.bantam.ch\\\/fr\\\/\",\"logo\":{\"@type\":\"ImageObject\",\"inLanguage\":\"fr-FR\",\"@id\":\"https:\\\/\\\/shop.bantam.ch\\\/fr\\\/#\\\/schema\\\/logo\\\/image\\\/\",\"url\":\"https:\\\/\\\/shop.bantam.ch\\\/wp-content\\\/uploads\\\/2022\\\/12\\\/bantam-logo.png\",\"contentUrl\":\"https:\\\/\\\/shop.bantam.ch\\\/wp-content\\\/uploads\\\/2022\\\/12\\\/bantam-logo.png\",\"width\":320,\"height\":71,\"caption\":\"Bantam Wankm\u00fcller SA\"},\"image\":{\"@id\":\"https:\\\/\\\/shop.bantam.ch\\\/fr\\\/#\\\/schema\\\/logo\\\/image\\\/\"}}]}<\/script>\n<!-- \/ Yoast SEO plugin. -->","yoast_head_json":{"title":"Marchepied THULE Single Step Compact 12V 50 cm - Bantam Wankm\u00fcller SA","robots":{"index":"index","follow":"follow","max-snippet":"max-snippet:-1","max-image-preview":"max-image-preview:large","max-video-preview":"max-video-preview:-1"},"canonical":"https:\/\/shop.bantam.ch\/fr\/produit\/marchepied-single-step-compact-12-v-500\/","og_locale":"fr_FR","og_type":"article","og_title":"Marchepied THULE Single Step Compact 12V 50 cm - Bantam Wankm\u00fcller SA","og_description":"Solution compacte pour un acc\u00e8s facile. Equipements et fonctions :&#8211; Solution compacte pour mod\u00e8le compact sous le v\u00e9hicule&#8211; Stabilit\u00e9 am\u00e9lior\u00e9e&#8211; R\u00e9duction du bruit lors de l&rsquo;ouverture et de la fermeture de la marche&#8211; Il n&rsquo;est pas possible de d\u00e9marrer avec la marche d\u00e9ploy\u00e9e&#8211; Moteur 12V&#8211; Capacit\u00e9 de charge\u00a0: 300 kgMat\u00e9riau\u00a0: Structure en aluminium anodis\u00e9 Largeur [&hellip;]","og_url":"https:\/\/shop.bantam.ch\/fr\/produit\/marchepied-single-step-compact-12-v-500\/","og_site_name":"Bantam Wankm\u00fcller SA","article_modified_time":"2026-04-17T20:32:48+00:00","og_image":[{"width":1000,"height":625,"url":"https:\/\/shop.bantam.ch\/wp-content\/uploads\/2023\/03\/994447211.jpg","type":"image\/jpeg"}],"twitter_card":"summary_large_image","schema":{"@context":"https:\/\/schema.org","@graph":[{"@type":"WebPage","@id":"https:\/\/shop.bantam.ch\/fr\/produit\/marchepied-single-step-compact-12-v-500\/","url":"https:\/\/shop.bantam.ch\/fr\/produit\/marchepied-single-step-compact-12-v-500\/","name":"Marchepied THULE Single Step Compact 12V 50 cm - Bantam Wankm\u00fcller SA","isPartOf":{"@id":"https:\/\/shop.bantam.ch\/fr\/#website"},"primaryImageOfPage":{"@id":"https:\/\/shop.bantam.ch\/fr\/produit\/marchepied-single-step-compact-12-v-500\/#primaryimage"},"image":{"@id":"https:\/\/shop.bantam.ch\/fr\/produit\/marchepied-single-step-compact-12-v-500\/#primaryimage"},"thumbnailUrl":"https:\/\/shop.bantam.ch\/wp-content\/uploads\/2023\/03\/994447211.jpg","datePublished":"2023-03-23T15:45:57+00:00","dateModified":"2026-04-17T20:32:48+00:00","breadcrumb":{"@id":"https:\/\/shop.bantam.ch\/fr\/produit\/marchepied-single-step-compact-12-v-500\/#breadcrumb"},"inLanguage":"fr-FR","potentialAction":[{"@type":"ReadAction","target":["https:\/\/shop.bantam.ch\/fr\/produit\/marchepied-single-step-compact-12-v-500\/"]}]},{"@type":"ImageObject","inLanguage":"fr-FR","@id":"https:\/\/shop.bantam.ch\/fr\/produit\/marchepied-single-step-compact-12-v-500\/#primaryimage","url":"https:\/\/shop.bantam.ch\/wp-content\/uploads\/2023\/03\/994447211.jpg","contentUrl":"https:\/\/shop.bantam.ch\/wp-content\/uploads\/2023\/03\/994447211.jpg","width":1000,"height":625},{"@type":"BreadcrumbList","@id":"https:\/\/shop.bantam.ch\/fr\/produit\/marchepied-single-step-compact-12-v-500\/#breadcrumb","itemListElement":[{"@type":"ListItem","position":1,"name":"Accueil","item":"https:\/\/shop.bantam.ch\/fr\/"},{"@type":"ListItem","position":2,"name":"Boutique","item":"https:\/\/shop.bantam.ch\/fr\/boutique\/"},{"@type":"ListItem","position":3,"name":"Marchepied THULE Single Step Compact 12V 50 cm"}]},{"@type":"WebSite","@id":"https:\/\/shop.bantam.ch\/fr\/#website","url":"https:\/\/shop.bantam.ch\/fr\/","name":"Bantam Wankm\u00fcller SA","description":"","publisher":{"@id":"https:\/\/shop.bantam.ch\/fr\/#organization"},"inLanguage":"fr-FR"},{"@type":"Organization","@id":"https:\/\/shop.bantam.ch\/fr\/#organization","name":"Bantam Wankm\u00fcller SA","url":"https:\/\/shop.bantam.ch\/fr\/","logo":{"@type":"ImageObject","inLanguage":"fr-FR","@id":"https:\/\/shop.bantam.ch\/fr\/#\/schema\/logo\/image\/","url":"https:\/\/shop.bantam.ch\/wp-content\/uploads\/2022\/12\/bantam-logo.png","contentUrl":"https:\/\/shop.bantam.ch\/wp-content\/uploads\/2022\/12\/bantam-logo.png","width":320,"height":71,"caption":"Bantam Wankm\u00fcller SA"},"image":{"@id":"https:\/\/shop.bantam.ch\/fr\/#\/schema\/logo\/image\/"}}]}},"_links":{"self":[{"href":"https:\/\/shop.bantam.ch\/fr\/wp-json\/wp\/v2\/product\/159779","targetHints":{"allow":["GET"]}}],"collection":[{"href":"https:\/\/shop.bantam.ch\/fr\/wp-json\/wp\/v2\/product"}],"about":[{"href":"https:\/\/shop.bantam.ch\/fr\/wp-json\/wp\/v2\/types\/product"}],"wp:featuredmedia":[{"embeddable":true,"href":"https:\/\/shop.bantam.ch\/fr\/wp-json\/wp\/v2\/media\/159775"}],"wp:attachment":[{"href":"https:\/\/shop.bantam.ch\/fr\/wp-json\/wp\/v2\/media?parent=159779"}],"wp:term":[{"taxonomy":"product_featured_cat","embeddable":true,"href":"https:\/\/shop.bantam.ch\/fr\/wp-json\/wp\/v2\/product_featured_cat?post=159779"},{"taxonomy":"product_brand","embeddable":true,"href":"https:\/\/shop.bantam.ch\/fr\/wp-json\/wp\/v2\/product_brand?post=159779"},{"taxonomy":"product_cat","embeddable":true,"href":"https:\/\/shop.bantam.ch\/fr\/wp-json\/wp\/v2\/product_cat?post=159779"},{"taxonomy":"product_tag","embeddable":true,"href":"https:\/\/shop.bantam.ch\/fr\/wp-json\/wp\/v2\/product_tag?post=159779"}],"curies":[{"name":"wp","href":"https:\/\/api.w.org\/{rel}","templated":true}]}}