{"id":159437,"date":"2023-03-23T16:39:37","date_gmt":"2023-03-23T15:39:37","guid":{"rendered":"https:\/\/shop.bantam.ch\/produit\/auvent-tourning-canopy\/"},"modified":"2026-04-18T22:32:57","modified_gmt":"2026-04-18T20:32:57","slug":"auvent-tourning-canopy","status":"publish","type":"product","link":"https:\/\/shop.bantam.ch\/fr\/produit\/auvent-tourning-canopy\/","title":{"rendered":"Auvent Tourning Canopy"},"content":{"rendered":"<p>Outre l\u2019ample d\u00e9gagement qu\u2019il offre, Outwell Touring Canopy peut aussi \u00eatre fix\u00e9 sur des voitures, des bus ou des camping-cars pour une protection pratique du soleil et de la pluie. Avec une hauteur d\u2019attelage entre 180 et 240 cm et un double syst\u00e8me de passe-poil (5 et 7 mm) pour une fixation s\u00fbre, il s\u2019adapte \u00e0 une grande vari\u00e9t\u00e9 de v\u00e9hicules. Les cordes de haubanage brillantes pr\u00e9mont\u00e9es, la fa\u00e7ade inclin\u00e9e et la bande de tissu garantissent un haut niveau de stabilit\u00e9.<\/p>\n<ul>\n<li>Auvent universel pour camping-cars, minibus et caravanes avec une hauteur d\u2019attelage entre 180 et 240 cm<\/li>\n<li>Cr\u00e9e un joli espace ombrag\u00e9 \u00e0 c\u00f4t\u00e9 du v\u00e9hicule<\/li>\n<li>Barres en acier robustes pour d\u00e9gagement maximal<\/li>\n<li>Toile de tente avec coutures enti\u00e8rement \u00e9tanches pour protection maximale contre les intemp\u00e9ries<\/li>\n<li>Les cordes de haubanage luminescentes pr\u00e9mont\u00e9es offrent plus de confort et permettent un montage plus rapide<\/li>\n<li>Points d\u2019ancrage r\u00e9glables pour un montage de tente flexible<\/li>\n<li>Facile \u00e0 monter et \u00e0 retirer<\/li>\n<li>Double syst\u00e8me de rails 5\u00a0mm\/7\u00a0mm<\/li>\n<\/ul>\n<p>Mat\u00e9riau\u00a0: <br \/>100 % polyester<\/p>\n","protected":false},"excerpt":{"rendered":"<p>Outre l\u2019ample d\u00e9gagement qu\u2019il offre, Outwell Touring Canopy peut aussi \u00eatre fix\u00e9 sur des voitures, des bus ou des camping-cars pour une protection pratique du soleil et de la pluie. Avec une hauteur d\u2019attelage entre 180 et 240 cm et un double syst\u00e8me de passe-poil (5 et 7 mm) pour une fixation s\u00fbre, il s\u2019adapte [&hellip;]<\/p>\n","protected":false},"featured_media":159431,"template":"","meta":{"_acf_changed":false},"product_featured_cat":[],"product_brand":[3296],"product_cat":[4247],"product_tag":[],"class_list":{"0":"post-159437","1":"product","2":"type-product","3":"status-publish","4":"has-post-thumbnail","6":"product_brand-outwell","7":"product_cat-auvents","9":"first","10":"instock","11":"taxable","12":"shipping-taxable","13":"purchasable","14":"product-type-simple"},"acf":[],"yoast_head":"<!-- This site is optimized with the Yoast SEO plugin v27.4 - https:\/\/yoast.com\/product\/yoast-seo-wordpress\/ -->\n<title>Auvent Tourning Canopy - Bantam Wankm\u00fcller SA<\/title>\n<meta name=\"robots\" content=\"index, follow, max-snippet:-1, max-image-preview:large, max-video-preview:-1\" \/>\n<link rel=\"canonical\" href=\"https:\/\/shop.bantam.ch\/fr\/produit\/auvent-tourning-canopy\/\" \/>\n<meta property=\"og:locale\" content=\"fr_FR\" \/>\n<meta property=\"og:type\" content=\"article\" \/>\n<meta property=\"og:title\" content=\"Auvent Tourning Canopy - Bantam Wankm\u00fcller SA\" \/>\n<meta property=\"og:description\" content=\"Outre l\u2019ample d\u00e9gagement qu\u2019il offre, Outwell Touring Canopy peut aussi \u00eatre fix\u00e9 sur des voitures, des bus ou des camping-cars pour une protection pratique du soleil et de la pluie. Avec une hauteur d\u2019attelage entre 180 et 240 cm et un double syst\u00e8me de passe-poil (5 et 7 mm) pour une fixation s\u00fbre, il s\u2019adapte [&hellip;]\" \/>\n<meta property=\"og:url\" content=\"https:\/\/shop.bantam.ch\/fr\/produit\/auvent-tourning-canopy\/\" \/>\n<meta property=\"og:site_name\" content=\"Bantam Wankm\u00fcller SA\" \/>\n<meta property=\"article:modified_time\" content=\"2026-04-18T20:32:57+00:00\" \/>\n<meta property=\"og:image\" content=\"https:\/\/shop.bantam.ch\/wp-content\/uploads\/2023\/03\/995672611.jpg\" \/>\n\t<meta property=\"og:image:width\" content=\"1000\" \/>\n\t<meta property=\"og:image:height\" content=\"563\" \/>\n\t<meta property=\"og:image:type\" content=\"image\/jpeg\" \/>\n<meta name=\"twitter:card\" content=\"summary_large_image\" \/>\n<meta name=\"twitter:label1\" content=\"Dur\u00e9e de lecture estim\u00e9e\" \/>\n\t<meta name=\"twitter:data1\" content=\"1 minute\" \/>\n<script type=\"application\/ld+json\" class=\"yoast-schema-graph\">{\"@context\":\"https:\\\/\\\/schema.org\",\"@graph\":[{\"@type\":\"WebPage\",\"@id\":\"https:\\\/\\\/shop.bantam.ch\\\/fr\\\/produit\\\/auvent-tourning-canopy\\\/\",\"url\":\"https:\\\/\\\/shop.bantam.ch\\\/fr\\\/produit\\\/auvent-tourning-canopy\\\/\",\"name\":\"Auvent Tourning Canopy - Bantam Wankm\u00fcller SA\",\"isPartOf\":{\"@id\":\"https:\\\/\\\/shop.bantam.ch\\\/fr\\\/#website\"},\"primaryImageOfPage\":{\"@id\":\"https:\\\/\\\/shop.bantam.ch\\\/fr\\\/produit\\\/auvent-tourning-canopy\\\/#primaryimage\"},\"image\":{\"@id\":\"https:\\\/\\\/shop.bantam.ch\\\/fr\\\/produit\\\/auvent-tourning-canopy\\\/#primaryimage\"},\"thumbnailUrl\":\"https:\\\/\\\/shop.bantam.ch\\\/wp-content\\\/uploads\\\/2023\\\/03\\\/995672611.jpg\",\"datePublished\":\"2023-03-23T15:39:37+00:00\",\"dateModified\":\"2026-04-18T20:32:57+00:00\",\"breadcrumb\":{\"@id\":\"https:\\\/\\\/shop.bantam.ch\\\/fr\\\/produit\\\/auvent-tourning-canopy\\\/#breadcrumb\"},\"inLanguage\":\"fr-FR\",\"potentialAction\":[{\"@type\":\"ReadAction\",\"target\":[\"https:\\\/\\\/shop.bantam.ch\\\/fr\\\/produit\\\/auvent-tourning-canopy\\\/\"]}]},{\"@type\":\"ImageObject\",\"inLanguage\":\"fr-FR\",\"@id\":\"https:\\\/\\\/shop.bantam.ch\\\/fr\\\/produit\\\/auvent-tourning-canopy\\\/#primaryimage\",\"url\":\"https:\\\/\\\/shop.bantam.ch\\\/wp-content\\\/uploads\\\/2023\\\/03\\\/995672611.jpg\",\"contentUrl\":\"https:\\\/\\\/shop.bantam.ch\\\/wp-content\\\/uploads\\\/2023\\\/03\\\/995672611.jpg\",\"width\":1000,\"height\":563},{\"@type\":\"BreadcrumbList\",\"@id\":\"https:\\\/\\\/shop.bantam.ch\\\/fr\\\/produit\\\/auvent-tourning-canopy\\\/#breadcrumb\",\"itemListElement\":[{\"@type\":\"ListItem\",\"position\":1,\"name\":\"Accueil\",\"item\":\"https:\\\/\\\/shop.bantam.ch\\\/fr\\\/\"},{\"@type\":\"ListItem\",\"position\":2,\"name\":\"Boutique\",\"item\":\"https:\\\/\\\/shop.bantam.ch\\\/fr\\\/boutique\\\/\"},{\"@type\":\"ListItem\",\"position\":3,\"name\":\"Auvent Tourning Canopy\"}]},{\"@type\":\"WebSite\",\"@id\":\"https:\\\/\\\/shop.bantam.ch\\\/fr\\\/#website\",\"url\":\"https:\\\/\\\/shop.bantam.ch\\\/fr\\\/\",\"name\":\"Bantam Wankm\u00fcller SA\",\"description\":\"\",\"publisher\":{\"@id\":\"https:\\\/\\\/shop.bantam.ch\\\/fr\\\/#organization\"},\"inLanguage\":\"fr-FR\"},{\"@type\":\"Organization\",\"@id\":\"https:\\\/\\\/shop.bantam.ch\\\/fr\\\/#organization\",\"name\":\"Bantam Wankm\u00fcller SA\",\"url\":\"https:\\\/\\\/shop.bantam.ch\\\/fr\\\/\",\"logo\":{\"@type\":\"ImageObject\",\"inLanguage\":\"fr-FR\",\"@id\":\"https:\\\/\\\/shop.bantam.ch\\\/fr\\\/#\\\/schema\\\/logo\\\/image\\\/\",\"url\":\"https:\\\/\\\/shop.bantam.ch\\\/wp-content\\\/uploads\\\/2022\\\/12\\\/bantam-logo.png\",\"contentUrl\":\"https:\\\/\\\/shop.bantam.ch\\\/wp-content\\\/uploads\\\/2022\\\/12\\\/bantam-logo.png\",\"width\":320,\"height\":71,\"caption\":\"Bantam Wankm\u00fcller SA\"},\"image\":{\"@id\":\"https:\\\/\\\/shop.bantam.ch\\\/fr\\\/#\\\/schema\\\/logo\\\/image\\\/\"}}]}<\/script>\n<!-- \/ Yoast SEO plugin. -->","yoast_head_json":{"title":"Auvent Tourning Canopy - Bantam Wankm\u00fcller SA","robots":{"index":"index","follow":"follow","max-snippet":"max-snippet:-1","max-image-preview":"max-image-preview:large","max-video-preview":"max-video-preview:-1"},"canonical":"https:\/\/shop.bantam.ch\/fr\/produit\/auvent-tourning-canopy\/","og_locale":"fr_FR","og_type":"article","og_title":"Auvent Tourning Canopy - Bantam Wankm\u00fcller SA","og_description":"Outre l\u2019ample d\u00e9gagement qu\u2019il offre, Outwell Touring Canopy peut aussi \u00eatre fix\u00e9 sur des voitures, des bus ou des camping-cars pour une protection pratique du soleil et de la pluie. Avec une hauteur d\u2019attelage entre 180 et 240 cm et un double syst\u00e8me de passe-poil (5 et 7 mm) pour une fixation s\u00fbre, il s\u2019adapte [&hellip;]","og_url":"https:\/\/shop.bantam.ch\/fr\/produit\/auvent-tourning-canopy\/","og_site_name":"Bantam Wankm\u00fcller SA","article_modified_time":"2026-04-18T20:32:57+00:00","og_image":[{"width":1000,"height":563,"url":"https:\/\/shop.bantam.ch\/wp-content\/uploads\/2023\/03\/995672611.jpg","type":"image\/jpeg"}],"twitter_card":"summary_large_image","twitter_misc":{"Dur\u00e9e de lecture estim\u00e9e":"1 minute"},"schema":{"@context":"https:\/\/schema.org","@graph":[{"@type":"WebPage","@id":"https:\/\/shop.bantam.ch\/fr\/produit\/auvent-tourning-canopy\/","url":"https:\/\/shop.bantam.ch\/fr\/produit\/auvent-tourning-canopy\/","name":"Auvent Tourning Canopy - Bantam Wankm\u00fcller SA","isPartOf":{"@id":"https:\/\/shop.bantam.ch\/fr\/#website"},"primaryImageOfPage":{"@id":"https:\/\/shop.bantam.ch\/fr\/produit\/auvent-tourning-canopy\/#primaryimage"},"image":{"@id":"https:\/\/shop.bantam.ch\/fr\/produit\/auvent-tourning-canopy\/#primaryimage"},"thumbnailUrl":"https:\/\/shop.bantam.ch\/wp-content\/uploads\/2023\/03\/995672611.jpg","datePublished":"2023-03-23T15:39:37+00:00","dateModified":"2026-04-18T20:32:57+00:00","breadcrumb":{"@id":"https:\/\/shop.bantam.ch\/fr\/produit\/auvent-tourning-canopy\/#breadcrumb"},"inLanguage":"fr-FR","potentialAction":[{"@type":"ReadAction","target":["https:\/\/shop.bantam.ch\/fr\/produit\/auvent-tourning-canopy\/"]}]},{"@type":"ImageObject","inLanguage":"fr-FR","@id":"https:\/\/shop.bantam.ch\/fr\/produit\/auvent-tourning-canopy\/#primaryimage","url":"https:\/\/shop.bantam.ch\/wp-content\/uploads\/2023\/03\/995672611.jpg","contentUrl":"https:\/\/shop.bantam.ch\/wp-content\/uploads\/2023\/03\/995672611.jpg","width":1000,"height":563},{"@type":"BreadcrumbList","@id":"https:\/\/shop.bantam.ch\/fr\/produit\/auvent-tourning-canopy\/#breadcrumb","itemListElement":[{"@type":"ListItem","position":1,"name":"Accueil","item":"https:\/\/shop.bantam.ch\/fr\/"},{"@type":"ListItem","position":2,"name":"Boutique","item":"https:\/\/shop.bantam.ch\/fr\/boutique\/"},{"@type":"ListItem","position":3,"name":"Auvent Tourning Canopy"}]},{"@type":"WebSite","@id":"https:\/\/shop.bantam.ch\/fr\/#website","url":"https:\/\/shop.bantam.ch\/fr\/","name":"Bantam Wankm\u00fcller SA","description":"","publisher":{"@id":"https:\/\/shop.bantam.ch\/fr\/#organization"},"inLanguage":"fr-FR"},{"@type":"Organization","@id":"https:\/\/shop.bantam.ch\/fr\/#organization","name":"Bantam Wankm\u00fcller SA","url":"https:\/\/shop.bantam.ch\/fr\/","logo":{"@type":"ImageObject","inLanguage":"fr-FR","@id":"https:\/\/shop.bantam.ch\/fr\/#\/schema\/logo\/image\/","url":"https:\/\/shop.bantam.ch\/wp-content\/uploads\/2022\/12\/bantam-logo.png","contentUrl":"https:\/\/shop.bantam.ch\/wp-content\/uploads\/2022\/12\/bantam-logo.png","width":320,"height":71,"caption":"Bantam Wankm\u00fcller SA"},"image":{"@id":"https:\/\/shop.bantam.ch\/fr\/#\/schema\/logo\/image\/"}}]}},"_links":{"self":[{"href":"https:\/\/shop.bantam.ch\/fr\/wp-json\/wp\/v2\/product\/159437","targetHints":{"allow":["GET"]}}],"collection":[{"href":"https:\/\/shop.bantam.ch\/fr\/wp-json\/wp\/v2\/product"}],"about":[{"href":"https:\/\/shop.bantam.ch\/fr\/wp-json\/wp\/v2\/types\/product"}],"wp:featuredmedia":[{"embeddable":true,"href":"https:\/\/shop.bantam.ch\/fr\/wp-json\/wp\/v2\/media\/159431"}],"wp:attachment":[{"href":"https:\/\/shop.bantam.ch\/fr\/wp-json\/wp\/v2\/media?parent=159437"}],"wp:term":[{"taxonomy":"product_featured_cat","embeddable":true,"href":"https:\/\/shop.bantam.ch\/fr\/wp-json\/wp\/v2\/product_featured_cat?post=159437"},{"taxonomy":"product_brand","embeddable":true,"href":"https:\/\/shop.bantam.ch\/fr\/wp-json\/wp\/v2\/product_brand?post=159437"},{"taxonomy":"product_cat","embeddable":true,"href":"https:\/\/shop.bantam.ch\/fr\/wp-json\/wp\/v2\/product_cat?post=159437"},{"taxonomy":"product_tag","embeddable":true,"href":"https:\/\/shop.bantam.ch\/fr\/wp-json\/wp\/v2\/product_tag?post=159437"}],"curies":[{"name":"wp","href":"https:\/\/api.w.org\/{rel}","templated":true}]}}