{"id":159429,"date":"2023-03-23T16:39:32","date_gmt":"2023-03-23T15:39:32","guid":{"rendered":"https:\/\/shop.bantam.ch\/produit\/auvent-touring-shelter\/"},"modified":"2026-04-18T22:32:52","modified_gmt":"2026-04-18T20:32:52","slug":"auvent-touring-shelter","status":"publish","type":"product","link":"https:\/\/shop.bantam.ch\/fr\/produit\/auvent-touring-shelter\/","title":{"rendered":"Auvent Touring Shelter"},"content":{"rendered":"<ul>\n<li>Auvent universel pour camping-cars, minibus et caravanes avec une hauteur d\u2019attelage entre 180 cm et 205 cm<\/li>\n<li>Cr\u00e9e un joli espace ombrag\u00e9 \u00e0 c\u00f4t\u00e9 du v\u00e9hicule<\/li>\n<li>Barres en acier robustes pour d\u00e9gagement maximal<\/li>\n<li>Toile de tente avec coutures enti\u00e8rement \u00e9tanches pour protection maximale contre les intemp\u00e9ries<\/li>\n<li>Les cordes de haubanage luminescentes pr\u00e9mont\u00e9es offrent plus de confort et permettent un montage plus rapide<\/li>\n<li>Points d\u2019ancrage r\u00e9glables pour un montage de tente flexible<\/li>\n<li>Facile \u00e0 monter et \u00e0 retirer<\/li>\n<li>Grandes fen\u00eatres teint\u00e9es<\/li>\n<li>Parois lat\u00e9rales enroulables<\/li>\n<\/ul>\n<p>Mat\u00e9riau\u00a0: <br \/>100 % polyester<\/p>\n","protected":false},"excerpt":{"rendered":"<p>Auvent universel pour camping-cars, minibus et caravanes avec une hauteur d\u2019attelage entre 180 cm et 205 cm Cr\u00e9e un joli espace ombrag\u00e9 \u00e0 c\u00f4t\u00e9 du v\u00e9hicule Barres en acier robustes pour d\u00e9gagement maximal Toile de tente avec coutures enti\u00e8rement \u00e9tanches pour protection maximale contre les intemp\u00e9ries Les cordes de haubanage luminescentes pr\u00e9mont\u00e9es offrent plus de [&hellip;]<\/p>\n","protected":false},"featured_media":159421,"template":"","meta":{"_acf_changed":false},"product_featured_cat":[],"product_brand":[3296],"product_cat":[4247],"product_tag":[],"class_list":{"0":"post-159429","1":"product","2":"type-product","3":"status-publish","4":"has-post-thumbnail","6":"product_brand-outwell","7":"product_cat-auvents","9":"first","10":"instock","11":"taxable","12":"shipping-taxable","13":"purchasable","14":"product-type-simple"},"acf":[],"yoast_head":"<!-- This site is optimized with the Yoast SEO plugin v27.4 - https:\/\/yoast.com\/product\/yoast-seo-wordpress\/ -->\n<title>Auvent Touring Shelter - Bantam Wankm\u00fcller SA<\/title>\n<meta name=\"robots\" content=\"index, follow, max-snippet:-1, max-image-preview:large, max-video-preview:-1\" \/>\n<link rel=\"canonical\" href=\"https:\/\/shop.bantam.ch\/fr\/produit\/auvent-touring-shelter\/\" \/>\n<meta property=\"og:locale\" content=\"fr_FR\" \/>\n<meta property=\"og:type\" content=\"article\" \/>\n<meta property=\"og:title\" content=\"Auvent Touring Shelter - Bantam Wankm\u00fcller SA\" \/>\n<meta property=\"og:description\" content=\"Auvent universel pour camping-cars, minibus et caravanes avec une hauteur d\u2019attelage entre 180 cm et 205 cm Cr\u00e9e un joli espace ombrag\u00e9 \u00e0 c\u00f4t\u00e9 du v\u00e9hicule Barres en acier robustes pour d\u00e9gagement maximal Toile de tente avec coutures enti\u00e8rement \u00e9tanches pour protection maximale contre les intemp\u00e9ries Les cordes de haubanage luminescentes pr\u00e9mont\u00e9es offrent plus de [&hellip;]\" \/>\n<meta property=\"og:url\" content=\"https:\/\/shop.bantam.ch\/fr\/produit\/auvent-touring-shelter\/\" \/>\n<meta property=\"og:site_name\" content=\"Bantam Wankm\u00fcller SA\" \/>\n<meta property=\"article:modified_time\" content=\"2026-04-18T20:32:52+00:00\" \/>\n<meta property=\"og:image\" content=\"https:\/\/shop.bantam.ch\/wp-content\/uploads\/2023\/03\/995672512.jpg\" \/>\n\t<meta property=\"og:image:width\" content=\"1000\" \/>\n\t<meta property=\"og:image:height\" content=\"563\" \/>\n\t<meta property=\"og:image:type\" content=\"image\/jpeg\" \/>\n<meta name=\"twitter:card\" content=\"summary_large_image\" \/>\n<script type=\"application\/ld+json\" class=\"yoast-schema-graph\">{\"@context\":\"https:\\\/\\\/schema.org\",\"@graph\":[{\"@type\":\"WebPage\",\"@id\":\"https:\\\/\\\/shop.bantam.ch\\\/fr\\\/produit\\\/auvent-touring-shelter\\\/\",\"url\":\"https:\\\/\\\/shop.bantam.ch\\\/fr\\\/produit\\\/auvent-touring-shelter\\\/\",\"name\":\"Auvent Touring Shelter - Bantam Wankm\u00fcller SA\",\"isPartOf\":{\"@id\":\"https:\\\/\\\/shop.bantam.ch\\\/fr\\\/#website\"},\"primaryImageOfPage\":{\"@id\":\"https:\\\/\\\/shop.bantam.ch\\\/fr\\\/produit\\\/auvent-touring-shelter\\\/#primaryimage\"},\"image\":{\"@id\":\"https:\\\/\\\/shop.bantam.ch\\\/fr\\\/produit\\\/auvent-touring-shelter\\\/#primaryimage\"},\"thumbnailUrl\":\"https:\\\/\\\/shop.bantam.ch\\\/wp-content\\\/uploads\\\/2023\\\/03\\\/995672512.jpg\",\"datePublished\":\"2023-03-23T15:39:32+00:00\",\"dateModified\":\"2026-04-18T20:32:52+00:00\",\"breadcrumb\":{\"@id\":\"https:\\\/\\\/shop.bantam.ch\\\/fr\\\/produit\\\/auvent-touring-shelter\\\/#breadcrumb\"},\"inLanguage\":\"fr-FR\",\"potentialAction\":[{\"@type\":\"ReadAction\",\"target\":[\"https:\\\/\\\/shop.bantam.ch\\\/fr\\\/produit\\\/auvent-touring-shelter\\\/\"]}]},{\"@type\":\"ImageObject\",\"inLanguage\":\"fr-FR\",\"@id\":\"https:\\\/\\\/shop.bantam.ch\\\/fr\\\/produit\\\/auvent-touring-shelter\\\/#primaryimage\",\"url\":\"https:\\\/\\\/shop.bantam.ch\\\/wp-content\\\/uploads\\\/2023\\\/03\\\/995672512.jpg\",\"contentUrl\":\"https:\\\/\\\/shop.bantam.ch\\\/wp-content\\\/uploads\\\/2023\\\/03\\\/995672512.jpg\",\"width\":1000,\"height\":563},{\"@type\":\"BreadcrumbList\",\"@id\":\"https:\\\/\\\/shop.bantam.ch\\\/fr\\\/produit\\\/auvent-touring-shelter\\\/#breadcrumb\",\"itemListElement\":[{\"@type\":\"ListItem\",\"position\":1,\"name\":\"Accueil\",\"item\":\"https:\\\/\\\/shop.bantam.ch\\\/fr\\\/\"},{\"@type\":\"ListItem\",\"position\":2,\"name\":\"Boutique\",\"item\":\"https:\\\/\\\/shop.bantam.ch\\\/fr\\\/boutique\\\/\"},{\"@type\":\"ListItem\",\"position\":3,\"name\":\"Auvent Touring Shelter\"}]},{\"@type\":\"WebSite\",\"@id\":\"https:\\\/\\\/shop.bantam.ch\\\/fr\\\/#website\",\"url\":\"https:\\\/\\\/shop.bantam.ch\\\/fr\\\/\",\"name\":\"Bantam Wankm\u00fcller SA\",\"description\":\"\",\"publisher\":{\"@id\":\"https:\\\/\\\/shop.bantam.ch\\\/fr\\\/#organization\"},\"inLanguage\":\"fr-FR\"},{\"@type\":\"Organization\",\"@id\":\"https:\\\/\\\/shop.bantam.ch\\\/fr\\\/#organization\",\"name\":\"Bantam Wankm\u00fcller SA\",\"url\":\"https:\\\/\\\/shop.bantam.ch\\\/fr\\\/\",\"logo\":{\"@type\":\"ImageObject\",\"inLanguage\":\"fr-FR\",\"@id\":\"https:\\\/\\\/shop.bantam.ch\\\/fr\\\/#\\\/schema\\\/logo\\\/image\\\/\",\"url\":\"https:\\\/\\\/shop.bantam.ch\\\/wp-content\\\/uploads\\\/2022\\\/12\\\/bantam-logo.png\",\"contentUrl\":\"https:\\\/\\\/shop.bantam.ch\\\/wp-content\\\/uploads\\\/2022\\\/12\\\/bantam-logo.png\",\"width\":320,\"height\":71,\"caption\":\"Bantam Wankm\u00fcller SA\"},\"image\":{\"@id\":\"https:\\\/\\\/shop.bantam.ch\\\/fr\\\/#\\\/schema\\\/logo\\\/image\\\/\"}}]}<\/script>\n<!-- \/ Yoast SEO plugin. -->","yoast_head_json":{"title":"Auvent Touring Shelter - Bantam Wankm\u00fcller SA","robots":{"index":"index","follow":"follow","max-snippet":"max-snippet:-1","max-image-preview":"max-image-preview:large","max-video-preview":"max-video-preview:-1"},"canonical":"https:\/\/shop.bantam.ch\/fr\/produit\/auvent-touring-shelter\/","og_locale":"fr_FR","og_type":"article","og_title":"Auvent Touring Shelter - Bantam Wankm\u00fcller SA","og_description":"Auvent universel pour camping-cars, minibus et caravanes avec une hauteur d\u2019attelage entre 180 cm et 205 cm Cr\u00e9e un joli espace ombrag\u00e9 \u00e0 c\u00f4t\u00e9 du v\u00e9hicule Barres en acier robustes pour d\u00e9gagement maximal Toile de tente avec coutures enti\u00e8rement \u00e9tanches pour protection maximale contre les intemp\u00e9ries Les cordes de haubanage luminescentes pr\u00e9mont\u00e9es offrent plus de [&hellip;]","og_url":"https:\/\/shop.bantam.ch\/fr\/produit\/auvent-touring-shelter\/","og_site_name":"Bantam Wankm\u00fcller SA","article_modified_time":"2026-04-18T20:32:52+00:00","og_image":[{"width":1000,"height":563,"url":"https:\/\/shop.bantam.ch\/wp-content\/uploads\/2023\/03\/995672512.jpg","type":"image\/jpeg"}],"twitter_card":"summary_large_image","schema":{"@context":"https:\/\/schema.org","@graph":[{"@type":"WebPage","@id":"https:\/\/shop.bantam.ch\/fr\/produit\/auvent-touring-shelter\/","url":"https:\/\/shop.bantam.ch\/fr\/produit\/auvent-touring-shelter\/","name":"Auvent Touring Shelter - Bantam Wankm\u00fcller SA","isPartOf":{"@id":"https:\/\/shop.bantam.ch\/fr\/#website"},"primaryImageOfPage":{"@id":"https:\/\/shop.bantam.ch\/fr\/produit\/auvent-touring-shelter\/#primaryimage"},"image":{"@id":"https:\/\/shop.bantam.ch\/fr\/produit\/auvent-touring-shelter\/#primaryimage"},"thumbnailUrl":"https:\/\/shop.bantam.ch\/wp-content\/uploads\/2023\/03\/995672512.jpg","datePublished":"2023-03-23T15:39:32+00:00","dateModified":"2026-04-18T20:32:52+00:00","breadcrumb":{"@id":"https:\/\/shop.bantam.ch\/fr\/produit\/auvent-touring-shelter\/#breadcrumb"},"inLanguage":"fr-FR","potentialAction":[{"@type":"ReadAction","target":["https:\/\/shop.bantam.ch\/fr\/produit\/auvent-touring-shelter\/"]}]},{"@type":"ImageObject","inLanguage":"fr-FR","@id":"https:\/\/shop.bantam.ch\/fr\/produit\/auvent-touring-shelter\/#primaryimage","url":"https:\/\/shop.bantam.ch\/wp-content\/uploads\/2023\/03\/995672512.jpg","contentUrl":"https:\/\/shop.bantam.ch\/wp-content\/uploads\/2023\/03\/995672512.jpg","width":1000,"height":563},{"@type":"BreadcrumbList","@id":"https:\/\/shop.bantam.ch\/fr\/produit\/auvent-touring-shelter\/#breadcrumb","itemListElement":[{"@type":"ListItem","position":1,"name":"Accueil","item":"https:\/\/shop.bantam.ch\/fr\/"},{"@type":"ListItem","position":2,"name":"Boutique","item":"https:\/\/shop.bantam.ch\/fr\/boutique\/"},{"@type":"ListItem","position":3,"name":"Auvent Touring Shelter"}]},{"@type":"WebSite","@id":"https:\/\/shop.bantam.ch\/fr\/#website","url":"https:\/\/shop.bantam.ch\/fr\/","name":"Bantam Wankm\u00fcller SA","description":"","publisher":{"@id":"https:\/\/shop.bantam.ch\/fr\/#organization"},"inLanguage":"fr-FR"},{"@type":"Organization","@id":"https:\/\/shop.bantam.ch\/fr\/#organization","name":"Bantam Wankm\u00fcller SA","url":"https:\/\/shop.bantam.ch\/fr\/","logo":{"@type":"ImageObject","inLanguage":"fr-FR","@id":"https:\/\/shop.bantam.ch\/fr\/#\/schema\/logo\/image\/","url":"https:\/\/shop.bantam.ch\/wp-content\/uploads\/2022\/12\/bantam-logo.png","contentUrl":"https:\/\/shop.bantam.ch\/wp-content\/uploads\/2022\/12\/bantam-logo.png","width":320,"height":71,"caption":"Bantam Wankm\u00fcller SA"},"image":{"@id":"https:\/\/shop.bantam.ch\/fr\/#\/schema\/logo\/image\/"}}]}},"_links":{"self":[{"href":"https:\/\/shop.bantam.ch\/fr\/wp-json\/wp\/v2\/product\/159429","targetHints":{"allow":["GET"]}}],"collection":[{"href":"https:\/\/shop.bantam.ch\/fr\/wp-json\/wp\/v2\/product"}],"about":[{"href":"https:\/\/shop.bantam.ch\/fr\/wp-json\/wp\/v2\/types\/product"}],"wp:featuredmedia":[{"embeddable":true,"href":"https:\/\/shop.bantam.ch\/fr\/wp-json\/wp\/v2\/media\/159421"}],"wp:attachment":[{"href":"https:\/\/shop.bantam.ch\/fr\/wp-json\/wp\/v2\/media?parent=159429"}],"wp:term":[{"taxonomy":"product_featured_cat","embeddable":true,"href":"https:\/\/shop.bantam.ch\/fr\/wp-json\/wp\/v2\/product_featured_cat?post=159429"},{"taxonomy":"product_brand","embeddable":true,"href":"https:\/\/shop.bantam.ch\/fr\/wp-json\/wp\/v2\/product_brand?post=159429"},{"taxonomy":"product_cat","embeddable":true,"href":"https:\/\/shop.bantam.ch\/fr\/wp-json\/wp\/v2\/product_cat?post=159429"},{"taxonomy":"product_tag","embeddable":true,"href":"https:\/\/shop.bantam.ch\/fr\/wp-json\/wp\/v2\/product_tag?post=159429"}],"curies":[{"name":"wp","href":"https:\/\/api.w.org\/{rel}","templated":true}]}}