{"id":159255,"date":"2023-03-23T16:37:13","date_gmt":"2023-03-23T15:37:13","guid":{"rendered":"https:\/\/shop.bantam.ch\/produit\/systeme-de-controle-de-pression-des-pneus-2-link-tpms-supplement-pour-essieu-tandem\/"},"modified":"2026-05-06T22:30:38","modified_gmt":"2026-05-06T20:30:38","slug":"systeme-de-controle-de-pression-des-pneus-2-link-tpms-supplement-pour-essieu-tandem","status":"publish","type":"product","link":"https:\/\/shop.bantam.ch\/fr\/produit\/systeme-de-controle-de-pression-des-pneus-2-link-tpms-supplement-pour-essieu-tandem\/","title":{"rendered":"Syst\u00e8me de contr\u00f4le de pression des pneus 2 Link TPMS Suppl\u00e9ment pour essieu tandem"},"content":{"rendered":"<p>Suppl\u00e9ment, uniquement combin\u00e9 avec le syst\u00e8me de contr\u00f4le de pression des pneus 1-essieu<\/p>\n<ul>\n<li>Le TPMS est un syst\u00e8me int\u00e9gr\u00e9 qui permet de surveiller la pression des pneus de votre remorque.<\/li>\n<li>Le TPMS est la garantie d\u2019une s\u00e9curit\u00e9 de conduite pour et avec votre remorque. C&rsquo;est un syst\u00e8me de s\u00e9curit\u00e9 et d\u2019assistance. Vous avez toujours la ma\u00eetrise sur la pression optimale de vos pneus et donc une meilleure distance de freinage.<\/li>\n<li>Avantage \u00e9conomique avec r\u00e9duction de la consommation de carburant et usure moindre des pneus avec une pression des pneus optimale.<\/li>\n<li>Affichage automatique et imm\u00e9diat d&rsquo;une \u00e9ventuelle perte de pression pneumatique sur votre t\u00e9l\u00e9phone portable.<\/li>\n<li>Le syst\u00e8me TPMS peut g\u00e9n\u00e9ralement \u00eatre utilis\u00e9 sur tous les types de jantes de remorque standard de 14 et 15 pouces.<\/li>\n<li>Avec une pr\u00e9cision de 0,1 bar (pression est affich\u00e9e par paliers de 0,1 bar).<\/li>\n<\/ul>\n","protected":false},"excerpt":{"rendered":"<p>Suppl\u00e9ment, uniquement combin\u00e9 avec le syst\u00e8me de contr\u00f4le de pression des pneus 1-essieu Le TPMS est un syst\u00e8me int\u00e9gr\u00e9 qui permet de surveiller la pression des pneus de votre remorque. Le TPMS est la garantie d\u2019une s\u00e9curit\u00e9 de conduite pour et avec votre remorque. C&rsquo;est un syst\u00e8me de s\u00e9curit\u00e9 et d\u2019assistance. Vous avez toujours la [&hellip;]<\/p>\n","protected":false},"featured_media":159251,"template":"","meta":{"_acf_changed":false},"product_featured_cat":[],"product_brand":[3134],"product_cat":[5099],"product_tag":[],"class_list":{"0":"post-159255","1":"product","2":"type-product","3":"status-publish","4":"has-post-thumbnail","6":"product_brand-al-ko","7":"product_cat-jauges-de-pression-des-pneus","9":"first","10":"instock","11":"taxable","12":"shipping-taxable","13":"purchasable","14":"product-type-simple"},"acf":[],"yoast_head":"<!-- This site is optimized with the Yoast SEO plugin v27.5 - https:\/\/yoast.com\/product\/yoast-seo-wordpress\/ -->\n<title>Syst\u00e8me de contr\u00f4le de pression des pneus 2 Link TPMS Suppl\u00e9ment pour essieu tandem - Bantam<\/title>\n<meta name=\"robots\" content=\"index, follow, max-snippet:-1, max-image-preview:large, max-video-preview:-1\" \/>\n<link rel=\"canonical\" href=\"https:\/\/shop.bantam.ch\/fr\/produit\/systeme-de-controle-de-pression-des-pneus-2-link-tpms-supplement-pour-essieu-tandem\/\" \/>\n<meta property=\"og:locale\" content=\"fr_FR\" \/>\n<meta property=\"og:type\" content=\"article\" \/>\n<meta property=\"og:title\" content=\"Syst\u00e8me de contr\u00f4le de pression des pneus 2 Link TPMS Suppl\u00e9ment pour essieu tandem - Bantam\" \/>\n<meta property=\"og:description\" content=\"Suppl\u00e9ment, uniquement combin\u00e9 avec le syst\u00e8me de contr\u00f4le de pression des pneus 1-essieu Le TPMS est un syst\u00e8me int\u00e9gr\u00e9 qui permet de surveiller la pression des pneus de votre remorque. Le TPMS est la garantie d\u2019une s\u00e9curit\u00e9 de conduite pour et avec votre remorque. C&rsquo;est un syst\u00e8me de s\u00e9curit\u00e9 et d\u2019assistance. Vous avez toujours la [&hellip;]\" \/>\n<meta property=\"og:url\" content=\"https:\/\/shop.bantam.ch\/fr\/produit\/systeme-de-controle-de-pression-des-pneus-2-link-tpms-supplement-pour-essieu-tandem\/\" \/>\n<meta property=\"og:site_name\" content=\"Bantam\" \/>\n<meta property=\"article:modified_time\" content=\"2026-05-06T20:30:38+00:00\" \/>\n<meta property=\"og:image\" content=\"https:\/\/shop.bantam.ch\/wp-content\/uploads\/2023\/03\/992988711.jpg\" \/>\n\t<meta property=\"og:image:width\" content=\"1000\" \/>\n\t<meta property=\"og:image:height\" content=\"710\" \/>\n\t<meta property=\"og:image:type\" content=\"image\/jpeg\" \/>\n<meta name=\"twitter:card\" content=\"summary_large_image\" \/>\n<meta name=\"twitter:label1\" content=\"Dur\u00e9e de lecture estim\u00e9e\" \/>\n\t<meta name=\"twitter:data1\" content=\"1 minute\" \/>\n<script type=\"application\/ld+json\" class=\"yoast-schema-graph\">{\"@context\":\"https:\\\/\\\/schema.org\",\"@graph\":[{\"@type\":\"WebPage\",\"@id\":\"https:\\\/\\\/shop.bantam.ch\\\/fr\\\/produit\\\/systeme-de-controle-de-pression-des-pneus-2-link-tpms-supplement-pour-essieu-tandem\\\/\",\"url\":\"https:\\\/\\\/shop.bantam.ch\\\/fr\\\/produit\\\/systeme-de-controle-de-pression-des-pneus-2-link-tpms-supplement-pour-essieu-tandem\\\/\",\"name\":\"Syst\u00e8me de contr\u00f4le de pression des pneus 2 Link TPMS Suppl\u00e9ment pour essieu tandem - Bantam\",\"isPartOf\":{\"@id\":\"https:\\\/\\\/shop.bantam.ch\\\/fr\\\/#website\"},\"primaryImageOfPage\":{\"@id\":\"https:\\\/\\\/shop.bantam.ch\\\/fr\\\/produit\\\/systeme-de-controle-de-pression-des-pneus-2-link-tpms-supplement-pour-essieu-tandem\\\/#primaryimage\"},\"image\":{\"@id\":\"https:\\\/\\\/shop.bantam.ch\\\/fr\\\/produit\\\/systeme-de-controle-de-pression-des-pneus-2-link-tpms-supplement-pour-essieu-tandem\\\/#primaryimage\"},\"thumbnailUrl\":\"https:\\\/\\\/shop.bantam.ch\\\/wp-content\\\/uploads\\\/2023\\\/03\\\/992988711.jpg\",\"datePublished\":\"2023-03-23T15:37:13+00:00\",\"dateModified\":\"2026-05-06T20:30:38+00:00\",\"breadcrumb\":{\"@id\":\"https:\\\/\\\/shop.bantam.ch\\\/fr\\\/produit\\\/systeme-de-controle-de-pression-des-pneus-2-link-tpms-supplement-pour-essieu-tandem\\\/#breadcrumb\"},\"inLanguage\":\"fr-FR\",\"potentialAction\":[{\"@type\":\"ReadAction\",\"target\":[\"https:\\\/\\\/shop.bantam.ch\\\/fr\\\/produit\\\/systeme-de-controle-de-pression-des-pneus-2-link-tpms-supplement-pour-essieu-tandem\\\/\"]}]},{\"@type\":\"ImageObject\",\"inLanguage\":\"fr-FR\",\"@id\":\"https:\\\/\\\/shop.bantam.ch\\\/fr\\\/produit\\\/systeme-de-controle-de-pression-des-pneus-2-link-tpms-supplement-pour-essieu-tandem\\\/#primaryimage\",\"url\":\"https:\\\/\\\/shop.bantam.ch\\\/wp-content\\\/uploads\\\/2023\\\/03\\\/992988711.jpg\",\"contentUrl\":\"https:\\\/\\\/shop.bantam.ch\\\/wp-content\\\/uploads\\\/2023\\\/03\\\/992988711.jpg\",\"width\":1000,\"height\":710},{\"@type\":\"BreadcrumbList\",\"@id\":\"https:\\\/\\\/shop.bantam.ch\\\/fr\\\/produit\\\/systeme-de-controle-de-pression-des-pneus-2-link-tpms-supplement-pour-essieu-tandem\\\/#breadcrumb\",\"itemListElement\":[{\"@type\":\"ListItem\",\"position\":1,\"name\":\"Accueil\",\"item\":\"https:\\\/\\\/shop.bantam.ch\\\/fr\\\/\"},{\"@type\":\"ListItem\",\"position\":2,\"name\":\"Boutique\",\"item\":\"https:\\\/\\\/shop.bantam.ch\\\/fr\\\/boutique\\\/\"},{\"@type\":\"ListItem\",\"position\":3,\"name\":\"Syst\u00e8me de contr\u00f4le de pression des pneus 2 Link TPMS Suppl\u00e9ment pour essieu tandem\"}]},{\"@type\":\"WebSite\",\"@id\":\"https:\\\/\\\/shop.bantam.ch\\\/fr\\\/#website\",\"url\":\"https:\\\/\\\/shop.bantam.ch\\\/fr\\\/\",\"name\":\"Bantam\",\"description\":\"\",\"publisher\":{\"@id\":\"https:\\\/\\\/shop.bantam.ch\\\/fr\\\/#organization\"},\"inLanguage\":\"fr-FR\"},{\"@type\":\"Organization\",\"@id\":\"https:\\\/\\\/shop.bantam.ch\\\/fr\\\/#organization\",\"name\":\"Bantam\",\"url\":\"https:\\\/\\\/shop.bantam.ch\\\/fr\\\/\",\"logo\":{\"@type\":\"ImageObject\",\"inLanguage\":\"fr-FR\",\"@id\":\"https:\\\/\\\/shop.bantam.ch\\\/fr\\\/#\\\/schema\\\/logo\\\/image\\\/\",\"url\":\"https:\\\/\\\/shop.bantam.ch\\\/wp-content\\\/uploads\\\/2022\\\/12\\\/bantam-logo.png\",\"contentUrl\":\"https:\\\/\\\/shop.bantam.ch\\\/wp-content\\\/uploads\\\/2022\\\/12\\\/bantam-logo.png\",\"width\":320,\"height\":71,\"caption\":\"Bantam\"},\"image\":{\"@id\":\"https:\\\/\\\/shop.bantam.ch\\\/fr\\\/#\\\/schema\\\/logo\\\/image\\\/\"}}]}<\/script>\n<!-- \/ Yoast SEO plugin. -->","yoast_head_json":{"title":"Syst\u00e8me de contr\u00f4le de pression des pneus 2 Link TPMS Suppl\u00e9ment pour essieu tandem - Bantam","robots":{"index":"index","follow":"follow","max-snippet":"max-snippet:-1","max-image-preview":"max-image-preview:large","max-video-preview":"max-video-preview:-1"},"canonical":"https:\/\/shop.bantam.ch\/fr\/produit\/systeme-de-controle-de-pression-des-pneus-2-link-tpms-supplement-pour-essieu-tandem\/","og_locale":"fr_FR","og_type":"article","og_title":"Syst\u00e8me de contr\u00f4le de pression des pneus 2 Link TPMS Suppl\u00e9ment pour essieu tandem - Bantam","og_description":"Suppl\u00e9ment, uniquement combin\u00e9 avec le syst\u00e8me de contr\u00f4le de pression des pneus 1-essieu Le TPMS est un syst\u00e8me int\u00e9gr\u00e9 qui permet de surveiller la pression des pneus de votre remorque. Le TPMS est la garantie d\u2019une s\u00e9curit\u00e9 de conduite pour et avec votre remorque. C&rsquo;est un syst\u00e8me de s\u00e9curit\u00e9 et d\u2019assistance. Vous avez toujours la [&hellip;]","og_url":"https:\/\/shop.bantam.ch\/fr\/produit\/systeme-de-controle-de-pression-des-pneus-2-link-tpms-supplement-pour-essieu-tandem\/","og_site_name":"Bantam","article_modified_time":"2026-05-06T20:30:38+00:00","og_image":[{"width":1000,"height":710,"url":"https:\/\/shop.bantam.ch\/wp-content\/uploads\/2023\/03\/992988711.jpg","type":"image\/jpeg"}],"twitter_card":"summary_large_image","twitter_misc":{"Dur\u00e9e de lecture estim\u00e9e":"1 minute"},"schema":{"@context":"https:\/\/schema.org","@graph":[{"@type":"WebPage","@id":"https:\/\/shop.bantam.ch\/fr\/produit\/systeme-de-controle-de-pression-des-pneus-2-link-tpms-supplement-pour-essieu-tandem\/","url":"https:\/\/shop.bantam.ch\/fr\/produit\/systeme-de-controle-de-pression-des-pneus-2-link-tpms-supplement-pour-essieu-tandem\/","name":"Syst\u00e8me de contr\u00f4le de pression des pneus 2 Link TPMS Suppl\u00e9ment pour essieu tandem - Bantam","isPartOf":{"@id":"https:\/\/shop.bantam.ch\/fr\/#website"},"primaryImageOfPage":{"@id":"https:\/\/shop.bantam.ch\/fr\/produit\/systeme-de-controle-de-pression-des-pneus-2-link-tpms-supplement-pour-essieu-tandem\/#primaryimage"},"image":{"@id":"https:\/\/shop.bantam.ch\/fr\/produit\/systeme-de-controle-de-pression-des-pneus-2-link-tpms-supplement-pour-essieu-tandem\/#primaryimage"},"thumbnailUrl":"https:\/\/shop.bantam.ch\/wp-content\/uploads\/2023\/03\/992988711.jpg","datePublished":"2023-03-23T15:37:13+00:00","dateModified":"2026-05-06T20:30:38+00:00","breadcrumb":{"@id":"https:\/\/shop.bantam.ch\/fr\/produit\/systeme-de-controle-de-pression-des-pneus-2-link-tpms-supplement-pour-essieu-tandem\/#breadcrumb"},"inLanguage":"fr-FR","potentialAction":[{"@type":"ReadAction","target":["https:\/\/shop.bantam.ch\/fr\/produit\/systeme-de-controle-de-pression-des-pneus-2-link-tpms-supplement-pour-essieu-tandem\/"]}]},{"@type":"ImageObject","inLanguage":"fr-FR","@id":"https:\/\/shop.bantam.ch\/fr\/produit\/systeme-de-controle-de-pression-des-pneus-2-link-tpms-supplement-pour-essieu-tandem\/#primaryimage","url":"https:\/\/shop.bantam.ch\/wp-content\/uploads\/2023\/03\/992988711.jpg","contentUrl":"https:\/\/shop.bantam.ch\/wp-content\/uploads\/2023\/03\/992988711.jpg","width":1000,"height":710},{"@type":"BreadcrumbList","@id":"https:\/\/shop.bantam.ch\/fr\/produit\/systeme-de-controle-de-pression-des-pneus-2-link-tpms-supplement-pour-essieu-tandem\/#breadcrumb","itemListElement":[{"@type":"ListItem","position":1,"name":"Accueil","item":"https:\/\/shop.bantam.ch\/fr\/"},{"@type":"ListItem","position":2,"name":"Boutique","item":"https:\/\/shop.bantam.ch\/fr\/boutique\/"},{"@type":"ListItem","position":3,"name":"Syst\u00e8me de contr\u00f4le de pression des pneus 2 Link TPMS Suppl\u00e9ment pour essieu tandem"}]},{"@type":"WebSite","@id":"https:\/\/shop.bantam.ch\/fr\/#website","url":"https:\/\/shop.bantam.ch\/fr\/","name":"Bantam","description":"","publisher":{"@id":"https:\/\/shop.bantam.ch\/fr\/#organization"},"inLanguage":"fr-FR"},{"@type":"Organization","@id":"https:\/\/shop.bantam.ch\/fr\/#organization","name":"Bantam","url":"https:\/\/shop.bantam.ch\/fr\/","logo":{"@type":"ImageObject","inLanguage":"fr-FR","@id":"https:\/\/shop.bantam.ch\/fr\/#\/schema\/logo\/image\/","url":"https:\/\/shop.bantam.ch\/wp-content\/uploads\/2022\/12\/bantam-logo.png","contentUrl":"https:\/\/shop.bantam.ch\/wp-content\/uploads\/2022\/12\/bantam-logo.png","width":320,"height":71,"caption":"Bantam"},"image":{"@id":"https:\/\/shop.bantam.ch\/fr\/#\/schema\/logo\/image\/"}}]}},"_links":{"self":[{"href":"https:\/\/shop.bantam.ch\/fr\/wp-json\/wp\/v2\/product\/159255","targetHints":{"allow":["GET"]}}],"collection":[{"href":"https:\/\/shop.bantam.ch\/fr\/wp-json\/wp\/v2\/product"}],"about":[{"href":"https:\/\/shop.bantam.ch\/fr\/wp-json\/wp\/v2\/types\/product"}],"wp:featuredmedia":[{"embeddable":true,"href":"https:\/\/shop.bantam.ch\/fr\/wp-json\/wp\/v2\/media\/159251"}],"wp:attachment":[{"href":"https:\/\/shop.bantam.ch\/fr\/wp-json\/wp\/v2\/media?parent=159255"}],"wp:term":[{"taxonomy":"product_featured_cat","embeddable":true,"href":"https:\/\/shop.bantam.ch\/fr\/wp-json\/wp\/v2\/product_featured_cat?post=159255"},{"taxonomy":"product_brand","embeddable":true,"href":"https:\/\/shop.bantam.ch\/fr\/wp-json\/wp\/v2\/product_brand?post=159255"},{"taxonomy":"product_cat","embeddable":true,"href":"https:\/\/shop.bantam.ch\/fr\/wp-json\/wp\/v2\/product_cat?post=159255"},{"taxonomy":"product_tag","embeddable":true,"href":"https:\/\/shop.bantam.ch\/fr\/wp-json\/wp\/v2\/product_tag?post=159255"}],"curies":[{"name":"wp","href":"https:\/\/api.w.org\/{rel}","templated":true}]}}