{"id":159169,"date":"2023-03-23T16:35:47","date_gmt":"2023-03-23T15:35:47","guid":{"rendered":"https:\/\/shop.bantam.ch\/produit\/livre-great-adventure-cooking\/"},"modified":"2026-04-20T22:31:15","modified_gmt":"2026-04-20T20:31:15","slug":"livre-great-adventure-cooking","status":"publish","type":"product","link":"https:\/\/shop.bantam.ch\/fr\/produit\/livre-great-adventure-cooking\/","title":{"rendered":"Livre Great Adventure Cooking"},"content":{"rendered":"<p>Que ce soit \u00e0 la maison, sur la route ou en camping : des recettes v\u00e9g\u00e9tariennes ing\u00e9nieusement d\u00e9licieuses, faciles \u00e0 pr\u00e9parer sans beaucoup d&rsquo;accessoires !<br \/>Voyager, cuisiner, vivre ! Avec la Land Rover et deux po\u00eales en direction de la Nouvelle-Z\u00e9lande<\/p>\n<p>Iwan et Yves sont de nouveau sur la route ! Ils ont ramen\u00e9 48 nouveaux plats de leur voyage \u00e0 travers la Nouvelle-Z\u00e9lande dans un v\u00e9hicule tout-terrain. Toutes les recettes peuvent \u00e9galement \u00eatre pr\u00e9par\u00e9es \u00e0 la maison sans avoir recours \u00e0 de nombreux appareils, sont id\u00e9ales pour un usage quotidien et sont n\u00e9anmoins vari\u00e9es et savoureuses. Les images document\u00e9es de voyage et les photos de paysages  de la magnifique nature n\u00e9o-z\u00e9landaise aiguisent l&rsquo;envie de cuisiner tout en transmettant un sentiment de libert\u00e9 incomparable.<br \/>Toutes les recettes ont \u00e9t\u00e9 pr\u00e9par\u00e9es sur la route sur un barbecue \u00e0 gaz, un r\u00e9chaud \u00e0 gaz ou sur une flamme nue et peuvent aussi \u00eatre cuisin\u00e9es \u00e0 la maison. Plats cr\u00e9atifs tels que pain au tofu, aux tomates, aux olives et \u00e0 la noix de coco, salade de patates douces aux haricots mungo avec abricots, c\u00e9leri et citron vert ou goulasch \u00e9pic\u00e9 au potiron et au panais avec des herbes fra\u00eeches.<\/p>\n<p>Au cours du voyage \u00e0 travers la Nouvelle-Z\u00e9lande, il n&rsquo;y a pas que des photos de cuisine qui ont \u00e9t\u00e9 prises. Le livre est \u00e9galement rempli de superbes photos de paysages, d&rsquo;illustrations \u00e0 l&rsquo;aquarelle ainsi que de photos sur la route et de courts r\u00e9cits de voyage, \u00e0 travers lesquels on peut aussi se plonger dans les exp\u00e9riences des deux auteurs tout en cuisinant.<\/p>\n<p>Que ce soit pour cuisiner ou dans la vie de tous les jours : Iwan et Yves vous incitent \u00e0 oser quelque chose de nouveau et \u00e0 profiter pleinement de la vie !<\/p>\n","protected":false},"excerpt":{"rendered":"<p>Que ce soit \u00e0 la maison, sur la route ou en camping : des recettes v\u00e9g\u00e9tariennes ing\u00e9nieusement d\u00e9licieuses, faciles \u00e0 pr\u00e9parer sans beaucoup d&rsquo;accessoires !Voyager, cuisiner, vivre ! Avec la Land Rover et deux po\u00eales en direction de la Nouvelle-Z\u00e9lande Iwan et Yves sont de nouveau sur la route ! Ils ont ramen\u00e9 48 nouveaux [&hellip;]<\/p>\n","protected":false},"featured_media":159167,"template":"","meta":{"_acf_changed":false},"product_featured_cat":[],"product_brand":[3032],"product_cat":[4347],"product_tag":[],"class_list":{"0":"post-159169","1":"product","2":"type-product","3":"status-publish","4":"has-post-thumbnail","6":"product_brand-standard","7":"product_cat-livres-de-cuisine","9":"first","10":"instock","11":"taxable","12":"shipping-taxable","13":"purchasable","14":"product-type-simple"},"acf":[],"yoast_head":"<!-- This site is optimized with the Yoast SEO plugin v27.4 - https:\/\/yoast.com\/product\/yoast-seo-wordpress\/ -->\n<title>Livre Great Adventure Cooking - Bantam Wankm\u00fcller SA<\/title>\n<meta name=\"robots\" content=\"index, follow, max-snippet:-1, max-image-preview:large, max-video-preview:-1\" \/>\n<link rel=\"canonical\" href=\"https:\/\/shop.bantam.ch\/fr\/produit\/livre-great-adventure-cooking\/\" \/>\n<meta property=\"og:locale\" content=\"fr_FR\" \/>\n<meta property=\"og:type\" content=\"article\" \/>\n<meta property=\"og:title\" content=\"Livre Great Adventure Cooking - Bantam Wankm\u00fcller SA\" \/>\n<meta property=\"og:description\" content=\"Que ce soit \u00e0 la maison, sur la route ou en camping : des recettes v\u00e9g\u00e9tariennes ing\u00e9nieusement d\u00e9licieuses, faciles \u00e0 pr\u00e9parer sans beaucoup d&rsquo;accessoires !Voyager, cuisiner, vivre ! Avec la Land Rover et deux po\u00eales en direction de la Nouvelle-Z\u00e9lande Iwan et Yves sont de nouveau sur la route ! Ils ont ramen\u00e9 48 nouveaux [&hellip;]\" \/>\n<meta property=\"og:url\" content=\"https:\/\/shop.bantam.ch\/fr\/produit\/livre-great-adventure-cooking\/\" \/>\n<meta property=\"og:site_name\" content=\"Bantam Wankm\u00fcller SA\" \/>\n<meta property=\"article:modified_time\" content=\"2026-04-20T20:31:15+00:00\" \/>\n<meta property=\"og:image\" content=\"https:\/\/shop.bantam.ch\/wp-content\/uploads\/2023\/03\/996022111.jpg\" \/>\n\t<meta property=\"og:image:width\" content=\"742\" \/>\n\t<meta property=\"og:image:height\" content=\"1000\" \/>\n\t<meta property=\"og:image:type\" content=\"image\/jpeg\" \/>\n<meta name=\"twitter:card\" content=\"summary_large_image\" \/>\n<meta name=\"twitter:label1\" content=\"Dur\u00e9e de lecture estim\u00e9e\" \/>\n\t<meta name=\"twitter:data1\" content=\"2 minutes\" \/>\n<script type=\"application\/ld+json\" class=\"yoast-schema-graph\">{\"@context\":\"https:\\\/\\\/schema.org\",\"@graph\":[{\"@type\":\"WebPage\",\"@id\":\"https:\\\/\\\/shop.bantam.ch\\\/fr\\\/produit\\\/livre-great-adventure-cooking\\\/\",\"url\":\"https:\\\/\\\/shop.bantam.ch\\\/fr\\\/produit\\\/livre-great-adventure-cooking\\\/\",\"name\":\"Livre Great Adventure Cooking - Bantam Wankm\u00fcller SA\",\"isPartOf\":{\"@id\":\"https:\\\/\\\/shop.bantam.ch\\\/fr\\\/#website\"},\"primaryImageOfPage\":{\"@id\":\"https:\\\/\\\/shop.bantam.ch\\\/fr\\\/produit\\\/livre-great-adventure-cooking\\\/#primaryimage\"},\"image\":{\"@id\":\"https:\\\/\\\/shop.bantam.ch\\\/fr\\\/produit\\\/livre-great-adventure-cooking\\\/#primaryimage\"},\"thumbnailUrl\":\"https:\\\/\\\/shop.bantam.ch\\\/wp-content\\\/uploads\\\/2023\\\/03\\\/996022111.jpg\",\"datePublished\":\"2023-03-23T15:35:47+00:00\",\"dateModified\":\"2026-04-20T20:31:15+00:00\",\"breadcrumb\":{\"@id\":\"https:\\\/\\\/shop.bantam.ch\\\/fr\\\/produit\\\/livre-great-adventure-cooking\\\/#breadcrumb\"},\"inLanguage\":\"fr-FR\",\"potentialAction\":[{\"@type\":\"ReadAction\",\"target\":[\"https:\\\/\\\/shop.bantam.ch\\\/fr\\\/produit\\\/livre-great-adventure-cooking\\\/\"]}]},{\"@type\":\"ImageObject\",\"inLanguage\":\"fr-FR\",\"@id\":\"https:\\\/\\\/shop.bantam.ch\\\/fr\\\/produit\\\/livre-great-adventure-cooking\\\/#primaryimage\",\"url\":\"https:\\\/\\\/shop.bantam.ch\\\/wp-content\\\/uploads\\\/2023\\\/03\\\/996022111.jpg\",\"contentUrl\":\"https:\\\/\\\/shop.bantam.ch\\\/wp-content\\\/uploads\\\/2023\\\/03\\\/996022111.jpg\",\"width\":742,\"height\":1000},{\"@type\":\"BreadcrumbList\",\"@id\":\"https:\\\/\\\/shop.bantam.ch\\\/fr\\\/produit\\\/livre-great-adventure-cooking\\\/#breadcrumb\",\"itemListElement\":[{\"@type\":\"ListItem\",\"position\":1,\"name\":\"Accueil\",\"item\":\"https:\\\/\\\/shop.bantam.ch\\\/fr\\\/\"},{\"@type\":\"ListItem\",\"position\":2,\"name\":\"Boutique\",\"item\":\"https:\\\/\\\/shop.bantam.ch\\\/fr\\\/boutique\\\/\"},{\"@type\":\"ListItem\",\"position\":3,\"name\":\"Livre Great Adventure Cooking\"}]},{\"@type\":\"WebSite\",\"@id\":\"https:\\\/\\\/shop.bantam.ch\\\/fr\\\/#website\",\"url\":\"https:\\\/\\\/shop.bantam.ch\\\/fr\\\/\",\"name\":\"Bantam Wankm\u00fcller SA\",\"description\":\"\",\"publisher\":{\"@id\":\"https:\\\/\\\/shop.bantam.ch\\\/fr\\\/#organization\"},\"inLanguage\":\"fr-FR\"},{\"@type\":\"Organization\",\"@id\":\"https:\\\/\\\/shop.bantam.ch\\\/fr\\\/#organization\",\"name\":\"Bantam Wankm\u00fcller SA\",\"url\":\"https:\\\/\\\/shop.bantam.ch\\\/fr\\\/\",\"logo\":{\"@type\":\"ImageObject\",\"inLanguage\":\"fr-FR\",\"@id\":\"https:\\\/\\\/shop.bantam.ch\\\/fr\\\/#\\\/schema\\\/logo\\\/image\\\/\",\"url\":\"https:\\\/\\\/shop.bantam.ch\\\/wp-content\\\/uploads\\\/2022\\\/12\\\/bantam-logo.png\",\"contentUrl\":\"https:\\\/\\\/shop.bantam.ch\\\/wp-content\\\/uploads\\\/2022\\\/12\\\/bantam-logo.png\",\"width\":320,\"height\":71,\"caption\":\"Bantam Wankm\u00fcller SA\"},\"image\":{\"@id\":\"https:\\\/\\\/shop.bantam.ch\\\/fr\\\/#\\\/schema\\\/logo\\\/image\\\/\"}}]}<\/script>\n<!-- \/ Yoast SEO plugin. -->","yoast_head_json":{"title":"Livre Great Adventure Cooking - Bantam Wankm\u00fcller SA","robots":{"index":"index","follow":"follow","max-snippet":"max-snippet:-1","max-image-preview":"max-image-preview:large","max-video-preview":"max-video-preview:-1"},"canonical":"https:\/\/shop.bantam.ch\/fr\/produit\/livre-great-adventure-cooking\/","og_locale":"fr_FR","og_type":"article","og_title":"Livre Great Adventure Cooking - Bantam Wankm\u00fcller SA","og_description":"Que ce soit \u00e0 la maison, sur la route ou en camping : des recettes v\u00e9g\u00e9tariennes ing\u00e9nieusement d\u00e9licieuses, faciles \u00e0 pr\u00e9parer sans beaucoup d&rsquo;accessoires !Voyager, cuisiner, vivre ! Avec la Land Rover et deux po\u00eales en direction de la Nouvelle-Z\u00e9lande Iwan et Yves sont de nouveau sur la route ! Ils ont ramen\u00e9 48 nouveaux [&hellip;]","og_url":"https:\/\/shop.bantam.ch\/fr\/produit\/livre-great-adventure-cooking\/","og_site_name":"Bantam Wankm\u00fcller SA","article_modified_time":"2026-04-20T20:31:15+00:00","og_image":[{"width":742,"height":1000,"url":"https:\/\/shop.bantam.ch\/wp-content\/uploads\/2023\/03\/996022111.jpg","type":"image\/jpeg"}],"twitter_card":"summary_large_image","twitter_misc":{"Dur\u00e9e de lecture estim\u00e9e":"2 minutes"},"schema":{"@context":"https:\/\/schema.org","@graph":[{"@type":"WebPage","@id":"https:\/\/shop.bantam.ch\/fr\/produit\/livre-great-adventure-cooking\/","url":"https:\/\/shop.bantam.ch\/fr\/produit\/livre-great-adventure-cooking\/","name":"Livre Great Adventure Cooking - Bantam Wankm\u00fcller SA","isPartOf":{"@id":"https:\/\/shop.bantam.ch\/fr\/#website"},"primaryImageOfPage":{"@id":"https:\/\/shop.bantam.ch\/fr\/produit\/livre-great-adventure-cooking\/#primaryimage"},"image":{"@id":"https:\/\/shop.bantam.ch\/fr\/produit\/livre-great-adventure-cooking\/#primaryimage"},"thumbnailUrl":"https:\/\/shop.bantam.ch\/wp-content\/uploads\/2023\/03\/996022111.jpg","datePublished":"2023-03-23T15:35:47+00:00","dateModified":"2026-04-20T20:31:15+00:00","breadcrumb":{"@id":"https:\/\/shop.bantam.ch\/fr\/produit\/livre-great-adventure-cooking\/#breadcrumb"},"inLanguage":"fr-FR","potentialAction":[{"@type":"ReadAction","target":["https:\/\/shop.bantam.ch\/fr\/produit\/livre-great-adventure-cooking\/"]}]},{"@type":"ImageObject","inLanguage":"fr-FR","@id":"https:\/\/shop.bantam.ch\/fr\/produit\/livre-great-adventure-cooking\/#primaryimage","url":"https:\/\/shop.bantam.ch\/wp-content\/uploads\/2023\/03\/996022111.jpg","contentUrl":"https:\/\/shop.bantam.ch\/wp-content\/uploads\/2023\/03\/996022111.jpg","width":742,"height":1000},{"@type":"BreadcrumbList","@id":"https:\/\/shop.bantam.ch\/fr\/produit\/livre-great-adventure-cooking\/#breadcrumb","itemListElement":[{"@type":"ListItem","position":1,"name":"Accueil","item":"https:\/\/shop.bantam.ch\/fr\/"},{"@type":"ListItem","position":2,"name":"Boutique","item":"https:\/\/shop.bantam.ch\/fr\/boutique\/"},{"@type":"ListItem","position":3,"name":"Livre Great Adventure Cooking"}]},{"@type":"WebSite","@id":"https:\/\/shop.bantam.ch\/fr\/#website","url":"https:\/\/shop.bantam.ch\/fr\/","name":"Bantam Wankm\u00fcller SA","description":"","publisher":{"@id":"https:\/\/shop.bantam.ch\/fr\/#organization"},"inLanguage":"fr-FR"},{"@type":"Organization","@id":"https:\/\/shop.bantam.ch\/fr\/#organization","name":"Bantam Wankm\u00fcller SA","url":"https:\/\/shop.bantam.ch\/fr\/","logo":{"@type":"ImageObject","inLanguage":"fr-FR","@id":"https:\/\/shop.bantam.ch\/fr\/#\/schema\/logo\/image\/","url":"https:\/\/shop.bantam.ch\/wp-content\/uploads\/2022\/12\/bantam-logo.png","contentUrl":"https:\/\/shop.bantam.ch\/wp-content\/uploads\/2022\/12\/bantam-logo.png","width":320,"height":71,"caption":"Bantam Wankm\u00fcller SA"},"image":{"@id":"https:\/\/shop.bantam.ch\/fr\/#\/schema\/logo\/image\/"}}]}},"_links":{"self":[{"href":"https:\/\/shop.bantam.ch\/fr\/wp-json\/wp\/v2\/product\/159169","targetHints":{"allow":["GET"]}}],"collection":[{"href":"https:\/\/shop.bantam.ch\/fr\/wp-json\/wp\/v2\/product"}],"about":[{"href":"https:\/\/shop.bantam.ch\/fr\/wp-json\/wp\/v2\/types\/product"}],"wp:featuredmedia":[{"embeddable":true,"href":"https:\/\/shop.bantam.ch\/fr\/wp-json\/wp\/v2\/media\/159167"}],"wp:attachment":[{"href":"https:\/\/shop.bantam.ch\/fr\/wp-json\/wp\/v2\/media?parent=159169"}],"wp:term":[{"taxonomy":"product_featured_cat","embeddable":true,"href":"https:\/\/shop.bantam.ch\/fr\/wp-json\/wp\/v2\/product_featured_cat?post=159169"},{"taxonomy":"product_brand","embeddable":true,"href":"https:\/\/shop.bantam.ch\/fr\/wp-json\/wp\/v2\/product_brand?post=159169"},{"taxonomy":"product_cat","embeddable":true,"href":"https:\/\/shop.bantam.ch\/fr\/wp-json\/wp\/v2\/product_cat?post=159169"},{"taxonomy":"product_tag","embeddable":true,"href":"https:\/\/shop.bantam.ch\/fr\/wp-json\/wp\/v2\/product_tag?post=159169"}],"curies":[{"name":"wp","href":"https:\/\/api.w.org\/{rel}","templated":true}]}}