{"id":159117,"date":"2023-03-23T16:35:05","date_gmt":"2023-03-23T15:35:05","guid":{"rendered":"https:\/\/shop.bantam.ch\/produit\/lot-de-5-ustensiles-vaisselle-enfant-animal-friends\/"},"modified":"2026-04-20T22:31:08","modified_gmt":"2026-04-20T20:31:08","slug":"lot-de-5-ustensiles-vaisselle-enfant-animal-friends","status":"publish","type":"product","link":"https:\/\/shop.bantam.ch\/fr\/produit\/lot-de-5-ustensiles-vaisselle-enfant-animal-friends\/","title":{"rendered":"Lot de 5 ustensiles vaisselle Enfant Animal Friends"},"content":{"rendered":"<p>La premi\u00e8re prise de nourriture, la premi\u00e8re pur\u00e9e, le premier fruit ou la premi\u00e8re gorg\u00e9e (personnelle) : chaque premi\u00e8re fois repr\u00e9sente un moment tr\u00e8s particulier. Gr\u00e2ce \u00e0 la vaisselle pour enfants de Mepal, les mains de nos jeunes aventuriers peuvent partir \u00e0 la d\u00e9couverte de nouveaux go\u00fbts avec les animaux d&rsquo;Animal Friends. L&rsquo;ensemble comprend une assiette plate, un bol, un verre pour enfants, une fourchette et une cuill\u00e8re.<\/p>\n","protected":false},"excerpt":{"rendered":"<p>La premi\u00e8re prise de nourriture, la premi\u00e8re pur\u00e9e, le premier fruit ou la premi\u00e8re gorg\u00e9e (personnelle) : chaque premi\u00e8re fois repr\u00e9sente un moment tr\u00e8s particulier. Gr\u00e2ce \u00e0 la vaisselle pour enfants de Mepal, les mains de nos jeunes aventuriers peuvent partir \u00e0 la d\u00e9couverte de nouveaux go\u00fbts avec les animaux d&rsquo;Animal Friends. L&rsquo;ensemble comprend une [&hellip;]<\/p>\n","protected":false},"featured_media":159113,"template":"","meta":{"_acf_changed":false},"product_featured_cat":[],"product_brand":[3326],"product_cat":[3993],"product_tag":[],"class_list":{"0":"post-159117","1":"product","2":"type-product","3":"status-publish","4":"has-post-thumbnail","6":"product_brand-mepal","7":"product_cat-vaisselle-de-camping","9":"first","10":"instock","11":"taxable","12":"shipping-taxable","13":"purchasable","14":"product-type-simple"},"acf":[],"yoast_head":"<!-- This site is optimized with the Yoast SEO plugin v27.4 - https:\/\/yoast.com\/product\/yoast-seo-wordpress\/ -->\n<title>Lot de 5 ustensiles vaisselle Enfant Animal Friends - Bantam Wankm\u00fcller SA<\/title>\n<meta name=\"robots\" content=\"index, follow, max-snippet:-1, max-image-preview:large, max-video-preview:-1\" \/>\n<link rel=\"canonical\" href=\"https:\/\/shop.bantam.ch\/fr\/produit\/lot-de-5-ustensiles-vaisselle-enfant-animal-friends\/\" \/>\n<meta property=\"og:locale\" content=\"fr_FR\" \/>\n<meta property=\"og:type\" content=\"article\" \/>\n<meta property=\"og:title\" content=\"Lot de 5 ustensiles vaisselle Enfant Animal Friends - Bantam Wankm\u00fcller SA\" \/>\n<meta property=\"og:description\" content=\"La premi\u00e8re prise de nourriture, la premi\u00e8re pur\u00e9e, le premier fruit ou la premi\u00e8re gorg\u00e9e (personnelle) : chaque premi\u00e8re fois repr\u00e9sente un moment tr\u00e8s particulier. Gr\u00e2ce \u00e0 la vaisselle pour enfants de Mepal, les mains de nos jeunes aventuriers peuvent partir \u00e0 la d\u00e9couverte de nouveaux go\u00fbts avec les animaux d&rsquo;Animal Friends. L&rsquo;ensemble comprend une [&hellip;]\" \/>\n<meta property=\"og:url\" content=\"https:\/\/shop.bantam.ch\/fr\/produit\/lot-de-5-ustensiles-vaisselle-enfant-animal-friends\/\" \/>\n<meta property=\"og:site_name\" content=\"Bantam Wankm\u00fcller SA\" \/>\n<meta property=\"article:modified_time\" content=\"2026-04-20T20:31:08+00:00\" \/>\n<meta property=\"og:image\" content=\"https:\/\/shop.bantam.ch\/wp-content\/uploads\/2023\/03\/995555311.jpg\" \/>\n\t<meta property=\"og:image:width\" content=\"1000\" \/>\n\t<meta property=\"og:image:height\" content=\"667\" \/>\n\t<meta property=\"og:image:type\" content=\"image\/jpeg\" \/>\n<meta name=\"twitter:card\" content=\"summary_large_image\" \/>\n<script type=\"application\/ld+json\" class=\"yoast-schema-graph\">{\"@context\":\"https:\\\/\\\/schema.org\",\"@graph\":[{\"@type\":\"WebPage\",\"@id\":\"https:\\\/\\\/shop.bantam.ch\\\/fr\\\/produit\\\/lot-de-5-ustensiles-vaisselle-enfant-animal-friends\\\/\",\"url\":\"https:\\\/\\\/shop.bantam.ch\\\/fr\\\/produit\\\/lot-de-5-ustensiles-vaisselle-enfant-animal-friends\\\/\",\"name\":\"Lot de 5 ustensiles vaisselle Enfant Animal Friends - Bantam Wankm\u00fcller SA\",\"isPartOf\":{\"@id\":\"https:\\\/\\\/shop.bantam.ch\\\/fr\\\/#website\"},\"primaryImageOfPage\":{\"@id\":\"https:\\\/\\\/shop.bantam.ch\\\/fr\\\/produit\\\/lot-de-5-ustensiles-vaisselle-enfant-animal-friends\\\/#primaryimage\"},\"image\":{\"@id\":\"https:\\\/\\\/shop.bantam.ch\\\/fr\\\/produit\\\/lot-de-5-ustensiles-vaisselle-enfant-animal-friends\\\/#primaryimage\"},\"thumbnailUrl\":\"https:\\\/\\\/shop.bantam.ch\\\/wp-content\\\/uploads\\\/2023\\\/03\\\/995555311.jpg\",\"datePublished\":\"2023-03-23T15:35:05+00:00\",\"dateModified\":\"2026-04-20T20:31:08+00:00\",\"breadcrumb\":{\"@id\":\"https:\\\/\\\/shop.bantam.ch\\\/fr\\\/produit\\\/lot-de-5-ustensiles-vaisselle-enfant-animal-friends\\\/#breadcrumb\"},\"inLanguage\":\"fr-FR\",\"potentialAction\":[{\"@type\":\"ReadAction\",\"target\":[\"https:\\\/\\\/shop.bantam.ch\\\/fr\\\/produit\\\/lot-de-5-ustensiles-vaisselle-enfant-animal-friends\\\/\"]}]},{\"@type\":\"ImageObject\",\"inLanguage\":\"fr-FR\",\"@id\":\"https:\\\/\\\/shop.bantam.ch\\\/fr\\\/produit\\\/lot-de-5-ustensiles-vaisselle-enfant-animal-friends\\\/#primaryimage\",\"url\":\"https:\\\/\\\/shop.bantam.ch\\\/wp-content\\\/uploads\\\/2023\\\/03\\\/995555311.jpg\",\"contentUrl\":\"https:\\\/\\\/shop.bantam.ch\\\/wp-content\\\/uploads\\\/2023\\\/03\\\/995555311.jpg\",\"width\":1000,\"height\":667},{\"@type\":\"BreadcrumbList\",\"@id\":\"https:\\\/\\\/shop.bantam.ch\\\/fr\\\/produit\\\/lot-de-5-ustensiles-vaisselle-enfant-animal-friends\\\/#breadcrumb\",\"itemListElement\":[{\"@type\":\"ListItem\",\"position\":1,\"name\":\"Accueil\",\"item\":\"https:\\\/\\\/shop.bantam.ch\\\/fr\\\/\"},{\"@type\":\"ListItem\",\"position\":2,\"name\":\"Boutique\",\"item\":\"https:\\\/\\\/shop.bantam.ch\\\/fr\\\/boutique\\\/\"},{\"@type\":\"ListItem\",\"position\":3,\"name\":\"Lot de 5 ustensiles vaisselle Enfant Animal Friends\"}]},{\"@type\":\"WebSite\",\"@id\":\"https:\\\/\\\/shop.bantam.ch\\\/fr\\\/#website\",\"url\":\"https:\\\/\\\/shop.bantam.ch\\\/fr\\\/\",\"name\":\"Bantam Wankm\u00fcller SA\",\"description\":\"\",\"publisher\":{\"@id\":\"https:\\\/\\\/shop.bantam.ch\\\/fr\\\/#organization\"},\"inLanguage\":\"fr-FR\"},{\"@type\":\"Organization\",\"@id\":\"https:\\\/\\\/shop.bantam.ch\\\/fr\\\/#organization\",\"name\":\"Bantam Wankm\u00fcller SA\",\"url\":\"https:\\\/\\\/shop.bantam.ch\\\/fr\\\/\",\"logo\":{\"@type\":\"ImageObject\",\"inLanguage\":\"fr-FR\",\"@id\":\"https:\\\/\\\/shop.bantam.ch\\\/fr\\\/#\\\/schema\\\/logo\\\/image\\\/\",\"url\":\"https:\\\/\\\/shop.bantam.ch\\\/wp-content\\\/uploads\\\/2022\\\/12\\\/bantam-logo.png\",\"contentUrl\":\"https:\\\/\\\/shop.bantam.ch\\\/wp-content\\\/uploads\\\/2022\\\/12\\\/bantam-logo.png\",\"width\":320,\"height\":71,\"caption\":\"Bantam Wankm\u00fcller SA\"},\"image\":{\"@id\":\"https:\\\/\\\/shop.bantam.ch\\\/fr\\\/#\\\/schema\\\/logo\\\/image\\\/\"}}]}<\/script>\n<!-- \/ Yoast SEO plugin. -->","yoast_head_json":{"title":"Lot de 5 ustensiles vaisselle Enfant Animal Friends - Bantam Wankm\u00fcller SA","robots":{"index":"index","follow":"follow","max-snippet":"max-snippet:-1","max-image-preview":"max-image-preview:large","max-video-preview":"max-video-preview:-1"},"canonical":"https:\/\/shop.bantam.ch\/fr\/produit\/lot-de-5-ustensiles-vaisselle-enfant-animal-friends\/","og_locale":"fr_FR","og_type":"article","og_title":"Lot de 5 ustensiles vaisselle Enfant Animal Friends - Bantam Wankm\u00fcller SA","og_description":"La premi\u00e8re prise de nourriture, la premi\u00e8re pur\u00e9e, le premier fruit ou la premi\u00e8re gorg\u00e9e (personnelle) : chaque premi\u00e8re fois repr\u00e9sente un moment tr\u00e8s particulier. Gr\u00e2ce \u00e0 la vaisselle pour enfants de Mepal, les mains de nos jeunes aventuriers peuvent partir \u00e0 la d\u00e9couverte de nouveaux go\u00fbts avec les animaux d&rsquo;Animal Friends. L&rsquo;ensemble comprend une [&hellip;]","og_url":"https:\/\/shop.bantam.ch\/fr\/produit\/lot-de-5-ustensiles-vaisselle-enfant-animal-friends\/","og_site_name":"Bantam Wankm\u00fcller SA","article_modified_time":"2026-04-20T20:31:08+00:00","og_image":[{"width":1000,"height":667,"url":"https:\/\/shop.bantam.ch\/wp-content\/uploads\/2023\/03\/995555311.jpg","type":"image\/jpeg"}],"twitter_card":"summary_large_image","schema":{"@context":"https:\/\/schema.org","@graph":[{"@type":"WebPage","@id":"https:\/\/shop.bantam.ch\/fr\/produit\/lot-de-5-ustensiles-vaisselle-enfant-animal-friends\/","url":"https:\/\/shop.bantam.ch\/fr\/produit\/lot-de-5-ustensiles-vaisselle-enfant-animal-friends\/","name":"Lot de 5 ustensiles vaisselle Enfant Animal Friends - Bantam Wankm\u00fcller SA","isPartOf":{"@id":"https:\/\/shop.bantam.ch\/fr\/#website"},"primaryImageOfPage":{"@id":"https:\/\/shop.bantam.ch\/fr\/produit\/lot-de-5-ustensiles-vaisselle-enfant-animal-friends\/#primaryimage"},"image":{"@id":"https:\/\/shop.bantam.ch\/fr\/produit\/lot-de-5-ustensiles-vaisselle-enfant-animal-friends\/#primaryimage"},"thumbnailUrl":"https:\/\/shop.bantam.ch\/wp-content\/uploads\/2023\/03\/995555311.jpg","datePublished":"2023-03-23T15:35:05+00:00","dateModified":"2026-04-20T20:31:08+00:00","breadcrumb":{"@id":"https:\/\/shop.bantam.ch\/fr\/produit\/lot-de-5-ustensiles-vaisselle-enfant-animal-friends\/#breadcrumb"},"inLanguage":"fr-FR","potentialAction":[{"@type":"ReadAction","target":["https:\/\/shop.bantam.ch\/fr\/produit\/lot-de-5-ustensiles-vaisselle-enfant-animal-friends\/"]}]},{"@type":"ImageObject","inLanguage":"fr-FR","@id":"https:\/\/shop.bantam.ch\/fr\/produit\/lot-de-5-ustensiles-vaisselle-enfant-animal-friends\/#primaryimage","url":"https:\/\/shop.bantam.ch\/wp-content\/uploads\/2023\/03\/995555311.jpg","contentUrl":"https:\/\/shop.bantam.ch\/wp-content\/uploads\/2023\/03\/995555311.jpg","width":1000,"height":667},{"@type":"BreadcrumbList","@id":"https:\/\/shop.bantam.ch\/fr\/produit\/lot-de-5-ustensiles-vaisselle-enfant-animal-friends\/#breadcrumb","itemListElement":[{"@type":"ListItem","position":1,"name":"Accueil","item":"https:\/\/shop.bantam.ch\/fr\/"},{"@type":"ListItem","position":2,"name":"Boutique","item":"https:\/\/shop.bantam.ch\/fr\/boutique\/"},{"@type":"ListItem","position":3,"name":"Lot de 5 ustensiles vaisselle Enfant Animal Friends"}]},{"@type":"WebSite","@id":"https:\/\/shop.bantam.ch\/fr\/#website","url":"https:\/\/shop.bantam.ch\/fr\/","name":"Bantam Wankm\u00fcller SA","description":"","publisher":{"@id":"https:\/\/shop.bantam.ch\/fr\/#organization"},"inLanguage":"fr-FR"},{"@type":"Organization","@id":"https:\/\/shop.bantam.ch\/fr\/#organization","name":"Bantam Wankm\u00fcller SA","url":"https:\/\/shop.bantam.ch\/fr\/","logo":{"@type":"ImageObject","inLanguage":"fr-FR","@id":"https:\/\/shop.bantam.ch\/fr\/#\/schema\/logo\/image\/","url":"https:\/\/shop.bantam.ch\/wp-content\/uploads\/2022\/12\/bantam-logo.png","contentUrl":"https:\/\/shop.bantam.ch\/wp-content\/uploads\/2022\/12\/bantam-logo.png","width":320,"height":71,"caption":"Bantam Wankm\u00fcller SA"},"image":{"@id":"https:\/\/shop.bantam.ch\/fr\/#\/schema\/logo\/image\/"}}]}},"_links":{"self":[{"href":"https:\/\/shop.bantam.ch\/fr\/wp-json\/wp\/v2\/product\/159117","targetHints":{"allow":["GET"]}}],"collection":[{"href":"https:\/\/shop.bantam.ch\/fr\/wp-json\/wp\/v2\/product"}],"about":[{"href":"https:\/\/shop.bantam.ch\/fr\/wp-json\/wp\/v2\/types\/product"}],"wp:featuredmedia":[{"embeddable":true,"href":"https:\/\/shop.bantam.ch\/fr\/wp-json\/wp\/v2\/media\/159113"}],"wp:attachment":[{"href":"https:\/\/shop.bantam.ch\/fr\/wp-json\/wp\/v2\/media?parent=159117"}],"wp:term":[{"taxonomy":"product_featured_cat","embeddable":true,"href":"https:\/\/shop.bantam.ch\/fr\/wp-json\/wp\/v2\/product_featured_cat?post=159117"},{"taxonomy":"product_brand","embeddable":true,"href":"https:\/\/shop.bantam.ch\/fr\/wp-json\/wp\/v2\/product_brand?post=159117"},{"taxonomy":"product_cat","embeddable":true,"href":"https:\/\/shop.bantam.ch\/fr\/wp-json\/wp\/v2\/product_cat?post=159117"},{"taxonomy":"product_tag","embeddable":true,"href":"https:\/\/shop.bantam.ch\/fr\/wp-json\/wp\/v2\/product_tag?post=159117"}],"curies":[{"name":"wp","href":"https:\/\/api.w.org\/{rel}","templated":true}]}}