{"id":159089,"date":"2023-03-23T16:34:31","date_gmt":"2023-03-23T15:34:31","guid":{"rendered":"https:\/\/shop.bantam.ch\/produit\/lampe-frontale-mh10-noir\/"},"modified":"2026-04-20T22:30:47","modified_gmt":"2026-04-20T20:30:47","slug":"lampe-frontale-mh10-noir","status":"publish","type":"product","link":"https:\/\/shop.bantam.ch\/fr\/produit\/lampe-frontale-mh10-noir\/","title":{"rendered":"Stirnlampe LEDLenser MH10 Farbe schwarz"},"content":{"rendered":"<p>La MH10 est la lampe frontale Ledlenser la plus l\u00e9g\u00e8re de sa classe de luminosit\u00e9. Elle est \u00e9quip\u00e9e de s\u00e9rie d&rsquo;une lumi\u00e8re arri\u00e8re rouge et de filtres de couleur pour diverses applications. Et leur syst\u00e8me de chargement USB 3.0 offre une norme internationale pour charger votre Ledlenser confortablement. Parfait pour les chasseurs, p\u00eacheurs, randonneurs et tous ceux qui recherchent les sensations fortes en ext\u00e9rieur.<\/p>\n<\/p>\n<ul>\n<li>Tour de t\u00eate 3,6 cm<\/li>\n<li>Temps de charge : 6 h<\/li>\n<\/ul>\n<p>Contenu de la livraison :<br \/>1 pile li-ion<br \/>C\u00e2ble USB<br \/>Pouch<br \/>Bouchons de filtre<br \/>Notice d\u2019utilisation<\/p>\n","protected":false},"excerpt":{"rendered":"<p>La MH10 est la lampe frontale Ledlenser la plus l\u00e9g\u00e8re de sa classe de luminosit\u00e9. Elle est \u00e9quip\u00e9e de s\u00e9rie d&rsquo;une lumi\u00e8re arri\u00e8re rouge et de filtres de couleur pour diverses applications. Et leur syst\u00e8me de chargement USB 3.0 offre une norme internationale pour charger votre Ledlenser confortablement. Parfait pour les chasseurs, p\u00eacheurs, randonneurs et [&hellip;]<\/p>\n","protected":false},"featured_media":159087,"template":"","meta":{"_acf_changed":false},"product_featured_cat":[],"product_brand":[3436],"product_cat":[4373],"product_tag":[],"class_list":{"0":"post-159089","1":"product","2":"type-product","3":"status-publish","4":"has-post-thumbnail","6":"product_brand-ledlenser","7":"product_cat-lampes-frontales","9":"first","10":"instock","11":"taxable","12":"shipping-taxable","13":"purchasable","14":"product-type-simple"},"acf":[],"yoast_head":"<!-- This site is optimized with the Yoast SEO plugin v27.4 - https:\/\/yoast.com\/product\/yoast-seo-wordpress\/ -->\n<title>Stirnlampe LEDLenser MH10 Farbe schwarz - Bantam Wankm\u00fcller SA<\/title>\n<meta name=\"robots\" content=\"index, follow, max-snippet:-1, max-image-preview:large, max-video-preview:-1\" \/>\n<link rel=\"canonical\" href=\"https:\/\/shop.bantam.ch\/fr\/produit\/lampe-frontale-mh10-noir\/\" \/>\n<meta property=\"og:locale\" content=\"fr_FR\" \/>\n<meta property=\"og:type\" content=\"article\" \/>\n<meta property=\"og:title\" content=\"Stirnlampe LEDLenser MH10 Farbe schwarz - Bantam Wankm\u00fcller SA\" \/>\n<meta property=\"og:description\" content=\"La MH10 est la lampe frontale Ledlenser la plus l\u00e9g\u00e8re de sa classe de luminosit\u00e9. Elle est \u00e9quip\u00e9e de s\u00e9rie d&rsquo;une lumi\u00e8re arri\u00e8re rouge et de filtres de couleur pour diverses applications. Et leur syst\u00e8me de chargement USB 3.0 offre une norme internationale pour charger votre Ledlenser confortablement. Parfait pour les chasseurs, p\u00eacheurs, randonneurs et [&hellip;]\" \/>\n<meta property=\"og:url\" content=\"https:\/\/shop.bantam.ch\/fr\/produit\/lampe-frontale-mh10-noir\/\" \/>\n<meta property=\"og:site_name\" content=\"Bantam Wankm\u00fcller SA\" \/>\n<meta property=\"article:modified_time\" content=\"2026-04-20T20:30:47+00:00\" \/>\n<meta property=\"og:image\" content=\"https:\/\/shop.bantam.ch\/wp-content\/uploads\/2023\/03\/996009611.jpg\" \/>\n\t<meta property=\"og:image:width\" content=\"1000\" \/>\n\t<meta property=\"og:image:height\" content=\"587\" \/>\n\t<meta property=\"og:image:type\" content=\"image\/jpeg\" \/>\n<meta name=\"twitter:card\" content=\"summary_large_image\" \/>\n<script type=\"application\/ld+json\" class=\"yoast-schema-graph\">{\"@context\":\"https:\\\/\\\/schema.org\",\"@graph\":[{\"@type\":\"WebPage\",\"@id\":\"https:\\\/\\\/shop.bantam.ch\\\/fr\\\/produit\\\/lampe-frontale-mh10-noir\\\/\",\"url\":\"https:\\\/\\\/shop.bantam.ch\\\/fr\\\/produit\\\/lampe-frontale-mh10-noir\\\/\",\"name\":\"Stirnlampe LEDLenser MH10 Farbe schwarz - Bantam Wankm\u00fcller SA\",\"isPartOf\":{\"@id\":\"https:\\\/\\\/shop.bantam.ch\\\/fr\\\/#website\"},\"primaryImageOfPage\":{\"@id\":\"https:\\\/\\\/shop.bantam.ch\\\/fr\\\/produit\\\/lampe-frontale-mh10-noir\\\/#primaryimage\"},\"image\":{\"@id\":\"https:\\\/\\\/shop.bantam.ch\\\/fr\\\/produit\\\/lampe-frontale-mh10-noir\\\/#primaryimage\"},\"thumbnailUrl\":\"https:\\\/\\\/shop.bantam.ch\\\/wp-content\\\/uploads\\\/2023\\\/03\\\/996009611.jpg\",\"datePublished\":\"2023-03-23T15:34:31+00:00\",\"dateModified\":\"2026-04-20T20:30:47+00:00\",\"breadcrumb\":{\"@id\":\"https:\\\/\\\/shop.bantam.ch\\\/fr\\\/produit\\\/lampe-frontale-mh10-noir\\\/#breadcrumb\"},\"inLanguage\":\"fr-FR\",\"potentialAction\":[{\"@type\":\"ReadAction\",\"target\":[\"https:\\\/\\\/shop.bantam.ch\\\/fr\\\/produit\\\/lampe-frontale-mh10-noir\\\/\"]}]},{\"@type\":\"ImageObject\",\"inLanguage\":\"fr-FR\",\"@id\":\"https:\\\/\\\/shop.bantam.ch\\\/fr\\\/produit\\\/lampe-frontale-mh10-noir\\\/#primaryimage\",\"url\":\"https:\\\/\\\/shop.bantam.ch\\\/wp-content\\\/uploads\\\/2023\\\/03\\\/996009611.jpg\",\"contentUrl\":\"https:\\\/\\\/shop.bantam.ch\\\/wp-content\\\/uploads\\\/2023\\\/03\\\/996009611.jpg\",\"width\":1000,\"height\":587},{\"@type\":\"BreadcrumbList\",\"@id\":\"https:\\\/\\\/shop.bantam.ch\\\/fr\\\/produit\\\/lampe-frontale-mh10-noir\\\/#breadcrumb\",\"itemListElement\":[{\"@type\":\"ListItem\",\"position\":1,\"name\":\"Accueil\",\"item\":\"https:\\\/\\\/shop.bantam.ch\\\/fr\\\/\"},{\"@type\":\"ListItem\",\"position\":2,\"name\":\"Boutique\",\"item\":\"https:\\\/\\\/shop.bantam.ch\\\/fr\\\/boutique\\\/\"},{\"@type\":\"ListItem\",\"position\":3,\"name\":\"Stirnlampe LEDLenser MH10 Farbe schwarz\"}]},{\"@type\":\"WebSite\",\"@id\":\"https:\\\/\\\/shop.bantam.ch\\\/fr\\\/#website\",\"url\":\"https:\\\/\\\/shop.bantam.ch\\\/fr\\\/\",\"name\":\"Bantam Wankm\u00fcller SA\",\"description\":\"\",\"publisher\":{\"@id\":\"https:\\\/\\\/shop.bantam.ch\\\/fr\\\/#organization\"},\"inLanguage\":\"fr-FR\"},{\"@type\":\"Organization\",\"@id\":\"https:\\\/\\\/shop.bantam.ch\\\/fr\\\/#organization\",\"name\":\"Bantam Wankm\u00fcller SA\",\"url\":\"https:\\\/\\\/shop.bantam.ch\\\/fr\\\/\",\"logo\":{\"@type\":\"ImageObject\",\"inLanguage\":\"fr-FR\",\"@id\":\"https:\\\/\\\/shop.bantam.ch\\\/fr\\\/#\\\/schema\\\/logo\\\/image\\\/\",\"url\":\"https:\\\/\\\/shop.bantam.ch\\\/wp-content\\\/uploads\\\/2022\\\/12\\\/bantam-logo.png\",\"contentUrl\":\"https:\\\/\\\/shop.bantam.ch\\\/wp-content\\\/uploads\\\/2022\\\/12\\\/bantam-logo.png\",\"width\":320,\"height\":71,\"caption\":\"Bantam Wankm\u00fcller SA\"},\"image\":{\"@id\":\"https:\\\/\\\/shop.bantam.ch\\\/fr\\\/#\\\/schema\\\/logo\\\/image\\\/\"}}]}<\/script>\n<!-- \/ Yoast SEO plugin. -->","yoast_head_json":{"title":"Stirnlampe LEDLenser MH10 Farbe schwarz - Bantam Wankm\u00fcller SA","robots":{"index":"index","follow":"follow","max-snippet":"max-snippet:-1","max-image-preview":"max-image-preview:large","max-video-preview":"max-video-preview:-1"},"canonical":"https:\/\/shop.bantam.ch\/fr\/produit\/lampe-frontale-mh10-noir\/","og_locale":"fr_FR","og_type":"article","og_title":"Stirnlampe LEDLenser MH10 Farbe schwarz - Bantam Wankm\u00fcller SA","og_description":"La MH10 est la lampe frontale Ledlenser la plus l\u00e9g\u00e8re de sa classe de luminosit\u00e9. Elle est \u00e9quip\u00e9e de s\u00e9rie d&rsquo;une lumi\u00e8re arri\u00e8re rouge et de filtres de couleur pour diverses applications. Et leur syst\u00e8me de chargement USB 3.0 offre une norme internationale pour charger votre Ledlenser confortablement. Parfait pour les chasseurs, p\u00eacheurs, randonneurs et [&hellip;]","og_url":"https:\/\/shop.bantam.ch\/fr\/produit\/lampe-frontale-mh10-noir\/","og_site_name":"Bantam Wankm\u00fcller SA","article_modified_time":"2026-04-20T20:30:47+00:00","og_image":[{"width":1000,"height":587,"url":"https:\/\/shop.bantam.ch\/wp-content\/uploads\/2023\/03\/996009611.jpg","type":"image\/jpeg"}],"twitter_card":"summary_large_image","schema":{"@context":"https:\/\/schema.org","@graph":[{"@type":"WebPage","@id":"https:\/\/shop.bantam.ch\/fr\/produit\/lampe-frontale-mh10-noir\/","url":"https:\/\/shop.bantam.ch\/fr\/produit\/lampe-frontale-mh10-noir\/","name":"Stirnlampe LEDLenser MH10 Farbe schwarz - Bantam Wankm\u00fcller SA","isPartOf":{"@id":"https:\/\/shop.bantam.ch\/fr\/#website"},"primaryImageOfPage":{"@id":"https:\/\/shop.bantam.ch\/fr\/produit\/lampe-frontale-mh10-noir\/#primaryimage"},"image":{"@id":"https:\/\/shop.bantam.ch\/fr\/produit\/lampe-frontale-mh10-noir\/#primaryimage"},"thumbnailUrl":"https:\/\/shop.bantam.ch\/wp-content\/uploads\/2023\/03\/996009611.jpg","datePublished":"2023-03-23T15:34:31+00:00","dateModified":"2026-04-20T20:30:47+00:00","breadcrumb":{"@id":"https:\/\/shop.bantam.ch\/fr\/produit\/lampe-frontale-mh10-noir\/#breadcrumb"},"inLanguage":"fr-FR","potentialAction":[{"@type":"ReadAction","target":["https:\/\/shop.bantam.ch\/fr\/produit\/lampe-frontale-mh10-noir\/"]}]},{"@type":"ImageObject","inLanguage":"fr-FR","@id":"https:\/\/shop.bantam.ch\/fr\/produit\/lampe-frontale-mh10-noir\/#primaryimage","url":"https:\/\/shop.bantam.ch\/wp-content\/uploads\/2023\/03\/996009611.jpg","contentUrl":"https:\/\/shop.bantam.ch\/wp-content\/uploads\/2023\/03\/996009611.jpg","width":1000,"height":587},{"@type":"BreadcrumbList","@id":"https:\/\/shop.bantam.ch\/fr\/produit\/lampe-frontale-mh10-noir\/#breadcrumb","itemListElement":[{"@type":"ListItem","position":1,"name":"Accueil","item":"https:\/\/shop.bantam.ch\/fr\/"},{"@type":"ListItem","position":2,"name":"Boutique","item":"https:\/\/shop.bantam.ch\/fr\/boutique\/"},{"@type":"ListItem","position":3,"name":"Stirnlampe LEDLenser MH10 Farbe schwarz"}]},{"@type":"WebSite","@id":"https:\/\/shop.bantam.ch\/fr\/#website","url":"https:\/\/shop.bantam.ch\/fr\/","name":"Bantam Wankm\u00fcller SA","description":"","publisher":{"@id":"https:\/\/shop.bantam.ch\/fr\/#organization"},"inLanguage":"fr-FR"},{"@type":"Organization","@id":"https:\/\/shop.bantam.ch\/fr\/#organization","name":"Bantam Wankm\u00fcller SA","url":"https:\/\/shop.bantam.ch\/fr\/","logo":{"@type":"ImageObject","inLanguage":"fr-FR","@id":"https:\/\/shop.bantam.ch\/fr\/#\/schema\/logo\/image\/","url":"https:\/\/shop.bantam.ch\/wp-content\/uploads\/2022\/12\/bantam-logo.png","contentUrl":"https:\/\/shop.bantam.ch\/wp-content\/uploads\/2022\/12\/bantam-logo.png","width":320,"height":71,"caption":"Bantam Wankm\u00fcller SA"},"image":{"@id":"https:\/\/shop.bantam.ch\/fr\/#\/schema\/logo\/image\/"}}]}},"_links":{"self":[{"href":"https:\/\/shop.bantam.ch\/fr\/wp-json\/wp\/v2\/product\/159089","targetHints":{"allow":["GET"]}}],"collection":[{"href":"https:\/\/shop.bantam.ch\/fr\/wp-json\/wp\/v2\/product"}],"about":[{"href":"https:\/\/shop.bantam.ch\/fr\/wp-json\/wp\/v2\/types\/product"}],"wp:featuredmedia":[{"embeddable":true,"href":"https:\/\/shop.bantam.ch\/fr\/wp-json\/wp\/v2\/media\/159087"}],"wp:attachment":[{"href":"https:\/\/shop.bantam.ch\/fr\/wp-json\/wp\/v2\/media?parent=159089"}],"wp:term":[{"taxonomy":"product_featured_cat","embeddable":true,"href":"https:\/\/shop.bantam.ch\/fr\/wp-json\/wp\/v2\/product_featured_cat?post=159089"},{"taxonomy":"product_brand","embeddable":true,"href":"https:\/\/shop.bantam.ch\/fr\/wp-json\/wp\/v2\/product_brand?post=159089"},{"taxonomy":"product_cat","embeddable":true,"href":"https:\/\/shop.bantam.ch\/fr\/wp-json\/wp\/v2\/product_cat?post=159089"},{"taxonomy":"product_tag","embeddable":true,"href":"https:\/\/shop.bantam.ch\/fr\/wp-json\/wp\/v2\/product_tag?post=159089"}],"curies":[{"name":"wp","href":"https:\/\/api.w.org\/{rel}","templated":true}]}}