{"id":159063,"date":"2023-03-23T16:33:58","date_gmt":"2023-03-23T15:33:58","guid":{"rendered":"https:\/\/shop.bantam.ch\/produit\/glaciere-a-compresseur-mr040f\/"},"modified":"2026-05-02T22:25:59","modified_gmt":"2026-05-02T20:25:59","slug":"glaciere-a-compresseur-mr040f","status":"publish","type":"product","link":"https:\/\/shop.bantam.ch\/fr\/produit\/glaciere-a-compresseur-mr040f\/","title":{"rendered":"Glaci\u00e8re \u00e0 compression Engel MR040F 12 &#8211; 230 V 38 l Coul. gris"},"content":{"rendered":"<p>Glaci\u00e8res \u00e0 compresseur<br \/>La technologie exceptionnelle se rentabilise facilement !  Car seuls les syst\u00e8mes Engel fonctionnent avec un compresseur \u00e0 moteur oscillant.  Ce groupe moteur n\u2019est pas un compresseur domestique \u00e9volu\u00e9, il s\u2019agit du seul compresseur sur le march\u00e9 con\u00e7u exclusivement pour l\u2019utilisation mobile. Un grand progr\u00e8s dont les r\u00e9percussions se font ressentir dans tous les domaines !  La nouvelle g\u00e9n\u00e9ration de compresseurs \u00e0 moteur oscillant Engel est encore plus silencieuse et efficace pour une consommation d\u2019\u00e9lectricit\u00e9 encore plus faible.<\/p>\n<p>Vos avantages\u00a0:<\/p>\n<p>Grand degr\u00e9 d&rsquo;efficacit\u00e9 :<br \/>Le ph\u00e9nom\u00e8ne de fr\u00e9quence est utilis\u00e9 de mani\u00e8re avantageuse gr\u00e2ce au compresseur \u00e0 piston oscillant. Un facteur de puissance plus favorable de 1,4 est ainsi obtenu. En outre, tous les avantages d&rsquo;un syst\u00e8me herm\u00e9tique fonctionnant sous courant alternatif sont exploit\u00e9s. Conserve la temp\u00e9rature souhait\u00e9e \u00e0 niveau constant (important pour le transport de m\u00e9dicaments).<\/p>\n<p>Consommation de courant minimale :<br \/>En raison du degr\u00e9 d&rsquo;efficacit\u00e9 \u00e9lev\u00e9 du syst\u00e8me \u00e9lectrodynamique d&rsquo;une part et du syst\u00e8me \u00e9lectronique optimis\u00e9 fonctionnant selon diff\u00e9rents \u00e9tats d&rsquo;exploitation d&rsquo;autre part, les glaci\u00e8res \u00e0 compresseur oscillant de la 4e g\u00e9n\u00e9ration consomment  1\/4 de courant de moins que ses pr\u00e9d\u00e9cesseurs et 1\/3 de courant en moins que les autres compresseurs sur le march\u00e9. <\/p>\n<p>Moins de courant de d\u00e9marrage :<br \/>Le courant de d\u00e9marrage bas qui augmente \u00e0 peine permet d&rsquo;exclure toute surcharge lors du fonctionnement sous batterie et am\u00e9liore nettement le bilan \u00e9nerg\u00e9tique par rapport aux compresseurs usuels (pour refroidissement normal + 5 \u00b0C au moins 30 ?dur\u00e9e de fonctionnement plus longue pour les m\u00eame conditions de batterie).<\/p>\n<p>S\u00e9curit\u00e9 produit \u00e9lev\u00e9e :<br \/>Gr\u00e2ce \u00e0 sa simplicit\u00e9 constructive donn\u00e9e d&rsquo;une part et \u00e0 de fortes exigences de qualit\u00e9 et une exp\u00e9rience de plusieurs ann\u00e9es d&rsquo;autre part, la pr\u00e9disposition aux pannes est inhabituellement basse. Le compresseur \u00e0 piston oscillant ne n\u00e9cessite absolument aucune maintenance. Possibilit\u00e9s de nettoyage tr\u00e8s simples gr\u00e2ce \u00e0 des surfaces lisses.<\/p>\n<p>Ind\u00e9pendant de la position :<br \/>Dans les situations d&rsquo;inclinaison jusqu&rsquo;\u00e0 60\u00b0, le compresseur \u00e0 piston oscillant fonctionne parfaitement et \u00e0 plein r\u00e9gime.<\/p>\n<p>L\u00e9ger et silencieux :<br \/>Dans le cadre de la nouvelle technologie K2, les \u00e9missions de bruit et le poids ont pu \u00eatre encore plus r\u00e9duits.<\/p>\n<p>Longue dur\u00e9e de vie :<br \/>Jusqu&rsquo;\u00e0 30 ans et plus. Fourniture de pi\u00e8ces de rechange garantie en grande partie, m\u00eame pour les appareils les plus vieux. Garantie compl\u00e8te de 3 ans.<\/p>\n<p>\u00c9cologique :<br \/>Convient parfaitement aux exploitations photovolta\u00efques. 100 % sans maintenance<\/p>\n<ul>\n<li>Plage de temp\u00e9rature\u00a0:\u00a0-18 \u00b0C \u00e0 +7 \u00b0C<\/li>\n<li>Puissance max. : 32 W<\/li>\n<\/ul>\n","protected":false},"excerpt":{"rendered":"<p>Glaci\u00e8res \u00e0 compresseurLa technologie exceptionnelle se rentabilise facilement ! Car seuls les syst\u00e8mes Engel fonctionnent avec un compresseur \u00e0 moteur oscillant. Ce groupe moteur n\u2019est pas un compresseur domestique \u00e9volu\u00e9, il s\u2019agit du seul compresseur sur le march\u00e9 con\u00e7u exclusivement pour l\u2019utilisation mobile. Un grand progr\u00e8s dont les r\u00e9percussions se font ressentir dans tous les [&hellip;]<\/p>\n","protected":false},"featured_media":159061,"template":"","meta":{"_acf_changed":false},"product_featured_cat":[94],"product_brand":[3772],"product_cat":[4545],"product_tag":[],"class_list":{"0":"post-159063","1":"product","2":"type-product","3":"status-publish","4":"has-post-thumbnail","6":"product_featured_cat-promotions-etagnieres","7":"product_brand-engel","8":"product_cat-glacieres-a-compression","10":"first","11":"instock","12":"sale","13":"taxable","14":"shipping-taxable","15":"purchasable","16":"product-type-simple"},"acf":[],"yoast_head":"<!-- This site is optimized with the Yoast SEO plugin v27.5 - https:\/\/yoast.com\/product\/yoast-seo-wordpress\/ -->\n<title>Glaci\u00e8re \u00e0 compression Engel MR040F 12 - 230 V 38 l Coul. gris - Bantam<\/title>\n<meta name=\"robots\" content=\"index, follow, max-snippet:-1, max-image-preview:large, max-video-preview:-1\" \/>\n<link rel=\"canonical\" href=\"https:\/\/shop.bantam.ch\/fr\/produit\/glaciere-a-compresseur-mr040f\/\" \/>\n<meta property=\"og:locale\" content=\"fr_FR\" \/>\n<meta property=\"og:type\" content=\"article\" \/>\n<meta property=\"og:title\" content=\"Glaci\u00e8re \u00e0 compression Engel MR040F 12 - 230 V 38 l Coul. gris - Bantam\" \/>\n<meta property=\"og:description\" content=\"Glaci\u00e8res \u00e0 compresseurLa technologie exceptionnelle se rentabilise facilement ! Car seuls les syst\u00e8mes Engel fonctionnent avec un compresseur \u00e0 moteur oscillant. Ce groupe moteur n\u2019est pas un compresseur domestique \u00e9volu\u00e9, il s\u2019agit du seul compresseur sur le march\u00e9 con\u00e7u exclusivement pour l\u2019utilisation mobile. Un grand progr\u00e8s dont les r\u00e9percussions se font ressentir dans tous les [&hellip;]\" \/>\n<meta property=\"og:url\" content=\"https:\/\/shop.bantam.ch\/fr\/produit\/glaciere-a-compresseur-mr040f\/\" \/>\n<meta property=\"og:site_name\" content=\"Bantam\" \/>\n<meta property=\"article:modified_time\" content=\"2026-05-02T20:25:59+00:00\" \/>\n<meta property=\"og:image\" content=\"https:\/\/shop.bantam.ch\/wp-content\/uploads\/2023\/03\/995083411.jpg\" \/>\n\t<meta property=\"og:image:width\" content=\"1000\" \/>\n\t<meta property=\"og:image:height\" content=\"842\" \/>\n\t<meta property=\"og:image:type\" content=\"image\/jpeg\" \/>\n<meta name=\"twitter:card\" content=\"summary_large_image\" \/>\n<meta name=\"twitter:label1\" content=\"Dur\u00e9e de lecture estim\u00e9e\" \/>\n\t<meta name=\"twitter:data1\" content=\"2 minutes\" \/>\n<script type=\"application\/ld+json\" class=\"yoast-schema-graph\">{\"@context\":\"https:\\\/\\\/schema.org\",\"@graph\":[{\"@type\":\"WebPage\",\"@id\":\"https:\\\/\\\/shop.bantam.ch\\\/fr\\\/produit\\\/glaciere-a-compresseur-mr040f\\\/\",\"url\":\"https:\\\/\\\/shop.bantam.ch\\\/fr\\\/produit\\\/glaciere-a-compresseur-mr040f\\\/\",\"name\":\"Glaci\u00e8re \u00e0 compression Engel MR040F 12 - 230 V 38 l Coul. gris - Bantam\",\"isPartOf\":{\"@id\":\"https:\\\/\\\/shop.bantam.ch\\\/fr\\\/#website\"},\"primaryImageOfPage\":{\"@id\":\"https:\\\/\\\/shop.bantam.ch\\\/fr\\\/produit\\\/glaciere-a-compresseur-mr040f\\\/#primaryimage\"},\"image\":{\"@id\":\"https:\\\/\\\/shop.bantam.ch\\\/fr\\\/produit\\\/glaciere-a-compresseur-mr040f\\\/#primaryimage\"},\"thumbnailUrl\":\"https:\\\/\\\/shop.bantam.ch\\\/wp-content\\\/uploads\\\/2023\\\/03\\\/995083411.jpg\",\"datePublished\":\"2023-03-23T15:33:58+00:00\",\"dateModified\":\"2026-05-02T20:25:59+00:00\",\"breadcrumb\":{\"@id\":\"https:\\\/\\\/shop.bantam.ch\\\/fr\\\/produit\\\/glaciere-a-compresseur-mr040f\\\/#breadcrumb\"},\"inLanguage\":\"fr-FR\",\"potentialAction\":[{\"@type\":\"ReadAction\",\"target\":[\"https:\\\/\\\/shop.bantam.ch\\\/fr\\\/produit\\\/glaciere-a-compresseur-mr040f\\\/\"]}]},{\"@type\":\"ImageObject\",\"inLanguage\":\"fr-FR\",\"@id\":\"https:\\\/\\\/shop.bantam.ch\\\/fr\\\/produit\\\/glaciere-a-compresseur-mr040f\\\/#primaryimage\",\"url\":\"https:\\\/\\\/shop.bantam.ch\\\/wp-content\\\/uploads\\\/2023\\\/03\\\/995083411.jpg\",\"contentUrl\":\"https:\\\/\\\/shop.bantam.ch\\\/wp-content\\\/uploads\\\/2023\\\/03\\\/995083411.jpg\",\"width\":1000,\"height\":842},{\"@type\":\"BreadcrumbList\",\"@id\":\"https:\\\/\\\/shop.bantam.ch\\\/fr\\\/produit\\\/glaciere-a-compresseur-mr040f\\\/#breadcrumb\",\"itemListElement\":[{\"@type\":\"ListItem\",\"position\":1,\"name\":\"Accueil\",\"item\":\"https:\\\/\\\/shop.bantam.ch\\\/fr\\\/\"},{\"@type\":\"ListItem\",\"position\":2,\"name\":\"Boutique\",\"item\":\"https:\\\/\\\/shop.bantam.ch\\\/fr\\\/boutique\\\/\"},{\"@type\":\"ListItem\",\"position\":3,\"name\":\"Glaci\u00e8re \u00e0 compression Engel MR040F 12 &#8211; 230 V 38 l Coul. gris\"}]},{\"@type\":\"WebSite\",\"@id\":\"https:\\\/\\\/shop.bantam.ch\\\/fr\\\/#website\",\"url\":\"https:\\\/\\\/shop.bantam.ch\\\/fr\\\/\",\"name\":\"Bantam\",\"description\":\"\",\"publisher\":{\"@id\":\"https:\\\/\\\/shop.bantam.ch\\\/fr\\\/#organization\"},\"inLanguage\":\"fr-FR\"},{\"@type\":\"Organization\",\"@id\":\"https:\\\/\\\/shop.bantam.ch\\\/fr\\\/#organization\",\"name\":\"Bantam\",\"url\":\"https:\\\/\\\/shop.bantam.ch\\\/fr\\\/\",\"logo\":{\"@type\":\"ImageObject\",\"inLanguage\":\"fr-FR\",\"@id\":\"https:\\\/\\\/shop.bantam.ch\\\/fr\\\/#\\\/schema\\\/logo\\\/image\\\/\",\"url\":\"https:\\\/\\\/shop.bantam.ch\\\/wp-content\\\/uploads\\\/2022\\\/12\\\/bantam-logo.png\",\"contentUrl\":\"https:\\\/\\\/shop.bantam.ch\\\/wp-content\\\/uploads\\\/2022\\\/12\\\/bantam-logo.png\",\"width\":320,\"height\":71,\"caption\":\"Bantam\"},\"image\":{\"@id\":\"https:\\\/\\\/shop.bantam.ch\\\/fr\\\/#\\\/schema\\\/logo\\\/image\\\/\"}}]}<\/script>\n<!-- \/ Yoast SEO plugin. -->","yoast_head_json":{"title":"Glaci\u00e8re \u00e0 compression Engel MR040F 12 - 230 V 38 l Coul. gris - Bantam","robots":{"index":"index","follow":"follow","max-snippet":"max-snippet:-1","max-image-preview":"max-image-preview:large","max-video-preview":"max-video-preview:-1"},"canonical":"https:\/\/shop.bantam.ch\/fr\/produit\/glaciere-a-compresseur-mr040f\/","og_locale":"fr_FR","og_type":"article","og_title":"Glaci\u00e8re \u00e0 compression Engel MR040F 12 - 230 V 38 l Coul. gris - Bantam","og_description":"Glaci\u00e8res \u00e0 compresseurLa technologie exceptionnelle se rentabilise facilement ! Car seuls les syst\u00e8mes Engel fonctionnent avec un compresseur \u00e0 moteur oscillant. Ce groupe moteur n\u2019est pas un compresseur domestique \u00e9volu\u00e9, il s\u2019agit du seul compresseur sur le march\u00e9 con\u00e7u exclusivement pour l\u2019utilisation mobile. Un grand progr\u00e8s dont les r\u00e9percussions se font ressentir dans tous les [&hellip;]","og_url":"https:\/\/shop.bantam.ch\/fr\/produit\/glaciere-a-compresseur-mr040f\/","og_site_name":"Bantam","article_modified_time":"2026-05-02T20:25:59+00:00","og_image":[{"width":1000,"height":842,"url":"https:\/\/shop.bantam.ch\/wp-content\/uploads\/2023\/03\/995083411.jpg","type":"image\/jpeg"}],"twitter_card":"summary_large_image","twitter_misc":{"Dur\u00e9e de lecture estim\u00e9e":"2 minutes"},"schema":{"@context":"https:\/\/schema.org","@graph":[{"@type":"WebPage","@id":"https:\/\/shop.bantam.ch\/fr\/produit\/glaciere-a-compresseur-mr040f\/","url":"https:\/\/shop.bantam.ch\/fr\/produit\/glaciere-a-compresseur-mr040f\/","name":"Glaci\u00e8re \u00e0 compression Engel MR040F 12 - 230 V 38 l Coul. gris - Bantam","isPartOf":{"@id":"https:\/\/shop.bantam.ch\/fr\/#website"},"primaryImageOfPage":{"@id":"https:\/\/shop.bantam.ch\/fr\/produit\/glaciere-a-compresseur-mr040f\/#primaryimage"},"image":{"@id":"https:\/\/shop.bantam.ch\/fr\/produit\/glaciere-a-compresseur-mr040f\/#primaryimage"},"thumbnailUrl":"https:\/\/shop.bantam.ch\/wp-content\/uploads\/2023\/03\/995083411.jpg","datePublished":"2023-03-23T15:33:58+00:00","dateModified":"2026-05-02T20:25:59+00:00","breadcrumb":{"@id":"https:\/\/shop.bantam.ch\/fr\/produit\/glaciere-a-compresseur-mr040f\/#breadcrumb"},"inLanguage":"fr-FR","potentialAction":[{"@type":"ReadAction","target":["https:\/\/shop.bantam.ch\/fr\/produit\/glaciere-a-compresseur-mr040f\/"]}]},{"@type":"ImageObject","inLanguage":"fr-FR","@id":"https:\/\/shop.bantam.ch\/fr\/produit\/glaciere-a-compresseur-mr040f\/#primaryimage","url":"https:\/\/shop.bantam.ch\/wp-content\/uploads\/2023\/03\/995083411.jpg","contentUrl":"https:\/\/shop.bantam.ch\/wp-content\/uploads\/2023\/03\/995083411.jpg","width":1000,"height":842},{"@type":"BreadcrumbList","@id":"https:\/\/shop.bantam.ch\/fr\/produit\/glaciere-a-compresseur-mr040f\/#breadcrumb","itemListElement":[{"@type":"ListItem","position":1,"name":"Accueil","item":"https:\/\/shop.bantam.ch\/fr\/"},{"@type":"ListItem","position":2,"name":"Boutique","item":"https:\/\/shop.bantam.ch\/fr\/boutique\/"},{"@type":"ListItem","position":3,"name":"Glaci\u00e8re \u00e0 compression Engel MR040F 12 &#8211; 230 V 38 l Coul. gris"}]},{"@type":"WebSite","@id":"https:\/\/shop.bantam.ch\/fr\/#website","url":"https:\/\/shop.bantam.ch\/fr\/","name":"Bantam","description":"","publisher":{"@id":"https:\/\/shop.bantam.ch\/fr\/#organization"},"inLanguage":"fr-FR"},{"@type":"Organization","@id":"https:\/\/shop.bantam.ch\/fr\/#organization","name":"Bantam","url":"https:\/\/shop.bantam.ch\/fr\/","logo":{"@type":"ImageObject","inLanguage":"fr-FR","@id":"https:\/\/shop.bantam.ch\/fr\/#\/schema\/logo\/image\/","url":"https:\/\/shop.bantam.ch\/wp-content\/uploads\/2022\/12\/bantam-logo.png","contentUrl":"https:\/\/shop.bantam.ch\/wp-content\/uploads\/2022\/12\/bantam-logo.png","width":320,"height":71,"caption":"Bantam"},"image":{"@id":"https:\/\/shop.bantam.ch\/fr\/#\/schema\/logo\/image\/"}}]}},"_links":{"self":[{"href":"https:\/\/shop.bantam.ch\/fr\/wp-json\/wp\/v2\/product\/159063","targetHints":{"allow":["GET"]}}],"collection":[{"href":"https:\/\/shop.bantam.ch\/fr\/wp-json\/wp\/v2\/product"}],"about":[{"href":"https:\/\/shop.bantam.ch\/fr\/wp-json\/wp\/v2\/types\/product"}],"wp:featuredmedia":[{"embeddable":true,"href":"https:\/\/shop.bantam.ch\/fr\/wp-json\/wp\/v2\/media\/159061"}],"wp:attachment":[{"href":"https:\/\/shop.bantam.ch\/fr\/wp-json\/wp\/v2\/media?parent=159063"}],"wp:term":[{"taxonomy":"product_featured_cat","embeddable":true,"href":"https:\/\/shop.bantam.ch\/fr\/wp-json\/wp\/v2\/product_featured_cat?post=159063"},{"taxonomy":"product_brand","embeddable":true,"href":"https:\/\/shop.bantam.ch\/fr\/wp-json\/wp\/v2\/product_brand?post=159063"},{"taxonomy":"product_cat","embeddable":true,"href":"https:\/\/shop.bantam.ch\/fr\/wp-json\/wp\/v2\/product_cat?post=159063"},{"taxonomy":"product_tag","embeddable":true,"href":"https:\/\/shop.bantam.ch\/fr\/wp-json\/wp\/v2\/product_tag?post=159063"}],"curies":[{"name":"wp","href":"https:\/\/api.w.org\/{rel}","templated":true}]}}