{"id":158871,"date":"2023-03-23T16:30:35","date_gmt":"2023-03-23T15:30:35","guid":{"rendered":"https:\/\/shop.bantam.ch\/produit\/systeme-antivol-compact-winterhoff-ws-3000\/"},"modified":"2026-04-18T22:29:38","modified_gmt":"2026-04-18T20:29:38","slug":"systeme-antivol-compact-winterhoff-ws-3000","status":"publish","type":"product","link":"https:\/\/shop.bantam.ch\/fr\/produit\/systeme-antivol-compact-winterhoff-ws-3000\/","title":{"rendered":"Syst\u00e8me antivol Compact Winterhoff WS 3000"},"content":{"rendered":"<p>Cette serrure d\u2019attelage est l&rsquo;un des mod\u00e8les les plus puissants et en m\u00eame temps l&rsquo;un des plus compacts jamais d\u00e9velopp\u00e9s. L&rsquo;acier sp\u00e9cial robuste combin\u00e9 au m\u00e9canisme de verrouillage le plus puissant jamais utilis\u00e9 pour un tel produit rendent cette serrure d\u2019attelage extr\u00eamement r\u00e9sistante aux attaques. Le mod\u00e8le est test\u00e9 et approuv\u00e9 selon les normes du label de qualit\u00e9 SCM MP03.<\/p>\n<p>Contenu de la livraison :<br \/>Ecrous de s\u00e9curit\u00e9<br \/>Serrure de haute s\u00e9curit\u00e9<br \/>3 cl\u00e9s en acier inoxydable<br \/>sac de transport<\/p>\n","protected":false},"excerpt":{"rendered":"<p>Cette serrure d\u2019attelage est l&rsquo;un des mod\u00e8les les plus puissants et en m\u00eame temps l&rsquo;un des plus compacts jamais d\u00e9velopp\u00e9s. L&rsquo;acier sp\u00e9cial robuste combin\u00e9 au m\u00e9canisme de verrouillage le plus puissant jamais utilis\u00e9 pour un tel produit rendent cette serrure d\u2019attelage extr\u00eamement r\u00e9sistante aux attaques. Le mod\u00e8le est test\u00e9 et approuv\u00e9 selon les normes du [&hellip;]<\/p>\n","protected":false},"featured_media":158867,"template":"","meta":{"_acf_changed":false},"product_featured_cat":[],"product_brand":[3142],"product_cat":[4795],"product_tag":[],"class_list":{"0":"post-158871","1":"product","2":"type-product","3":"status-publish","4":"has-post-thumbnail","6":"product_brand-milenco","7":"product_cat-attelages-de-remorque","9":"first","10":"instock","11":"taxable","12":"shipping-taxable","13":"purchasable","14":"product-type-simple"},"acf":[],"yoast_head":"<!-- This site is optimized with the Yoast SEO plugin v27.4 - https:\/\/yoast.com\/product\/yoast-seo-wordpress\/ -->\n<title>Syst\u00e8me antivol Compact Winterhoff WS 3000 - Bantam Wankm\u00fcller SA<\/title>\n<meta name=\"robots\" content=\"index, follow, max-snippet:-1, max-image-preview:large, max-video-preview:-1\" \/>\n<link rel=\"canonical\" href=\"https:\/\/shop.bantam.ch\/fr\/produit\/systeme-antivol-compact-winterhoff-ws-3000\/\" \/>\n<meta property=\"og:locale\" content=\"fr_FR\" \/>\n<meta property=\"og:type\" content=\"article\" \/>\n<meta property=\"og:title\" content=\"Syst\u00e8me antivol Compact Winterhoff WS 3000 - Bantam Wankm\u00fcller SA\" \/>\n<meta property=\"og:description\" content=\"Cette serrure d\u2019attelage est l&rsquo;un des mod\u00e8les les plus puissants et en m\u00eame temps l&rsquo;un des plus compacts jamais d\u00e9velopp\u00e9s. L&rsquo;acier sp\u00e9cial robuste combin\u00e9 au m\u00e9canisme de verrouillage le plus puissant jamais utilis\u00e9 pour un tel produit rendent cette serrure d\u2019attelage extr\u00eamement r\u00e9sistante aux attaques. Le mod\u00e8le est test\u00e9 et approuv\u00e9 selon les normes du [&hellip;]\" \/>\n<meta property=\"og:url\" content=\"https:\/\/shop.bantam.ch\/fr\/produit\/systeme-antivol-compact-winterhoff-ws-3000\/\" \/>\n<meta property=\"og:site_name\" content=\"Bantam Wankm\u00fcller SA\" \/>\n<meta property=\"article:modified_time\" content=\"2026-04-18T20:29:38+00:00\" \/>\n<meta property=\"og:image\" content=\"https:\/\/shop.bantam.ch\/wp-content\/uploads\/2023\/03\/994158611.jpg\" \/>\n\t<meta property=\"og:image:width\" content=\"1000\" \/>\n\t<meta property=\"og:image:height\" content=\"750\" \/>\n\t<meta property=\"og:image:type\" content=\"image\/jpeg\" \/>\n<meta name=\"twitter:card\" content=\"summary_large_image\" \/>\n<script type=\"application\/ld+json\" class=\"yoast-schema-graph\">{\"@context\":\"https:\\\/\\\/schema.org\",\"@graph\":[{\"@type\":\"WebPage\",\"@id\":\"https:\\\/\\\/shop.bantam.ch\\\/fr\\\/produit\\\/systeme-antivol-compact-winterhoff-ws-3000\\\/\",\"url\":\"https:\\\/\\\/shop.bantam.ch\\\/fr\\\/produit\\\/systeme-antivol-compact-winterhoff-ws-3000\\\/\",\"name\":\"Syst\u00e8me antivol Compact Winterhoff WS 3000 - Bantam Wankm\u00fcller SA\",\"isPartOf\":{\"@id\":\"https:\\\/\\\/shop.bantam.ch\\\/fr\\\/#website\"},\"primaryImageOfPage\":{\"@id\":\"https:\\\/\\\/shop.bantam.ch\\\/fr\\\/produit\\\/systeme-antivol-compact-winterhoff-ws-3000\\\/#primaryimage\"},\"image\":{\"@id\":\"https:\\\/\\\/shop.bantam.ch\\\/fr\\\/produit\\\/systeme-antivol-compact-winterhoff-ws-3000\\\/#primaryimage\"},\"thumbnailUrl\":\"https:\\\/\\\/shop.bantam.ch\\\/wp-content\\\/uploads\\\/2023\\\/03\\\/994158611.jpg\",\"datePublished\":\"2023-03-23T15:30:35+00:00\",\"dateModified\":\"2026-04-18T20:29:38+00:00\",\"breadcrumb\":{\"@id\":\"https:\\\/\\\/shop.bantam.ch\\\/fr\\\/produit\\\/systeme-antivol-compact-winterhoff-ws-3000\\\/#breadcrumb\"},\"inLanguage\":\"fr-FR\",\"potentialAction\":[{\"@type\":\"ReadAction\",\"target\":[\"https:\\\/\\\/shop.bantam.ch\\\/fr\\\/produit\\\/systeme-antivol-compact-winterhoff-ws-3000\\\/\"]}]},{\"@type\":\"ImageObject\",\"inLanguage\":\"fr-FR\",\"@id\":\"https:\\\/\\\/shop.bantam.ch\\\/fr\\\/produit\\\/systeme-antivol-compact-winterhoff-ws-3000\\\/#primaryimage\",\"url\":\"https:\\\/\\\/shop.bantam.ch\\\/wp-content\\\/uploads\\\/2023\\\/03\\\/994158611.jpg\",\"contentUrl\":\"https:\\\/\\\/shop.bantam.ch\\\/wp-content\\\/uploads\\\/2023\\\/03\\\/994158611.jpg\",\"width\":1000,\"height\":750},{\"@type\":\"BreadcrumbList\",\"@id\":\"https:\\\/\\\/shop.bantam.ch\\\/fr\\\/produit\\\/systeme-antivol-compact-winterhoff-ws-3000\\\/#breadcrumb\",\"itemListElement\":[{\"@type\":\"ListItem\",\"position\":1,\"name\":\"Accueil\",\"item\":\"https:\\\/\\\/shop.bantam.ch\\\/fr\\\/\"},{\"@type\":\"ListItem\",\"position\":2,\"name\":\"Boutique\",\"item\":\"https:\\\/\\\/shop.bantam.ch\\\/fr\\\/boutique\\\/\"},{\"@type\":\"ListItem\",\"position\":3,\"name\":\"Syst\u00e8me antivol Compact Winterhoff WS 3000\"}]},{\"@type\":\"WebSite\",\"@id\":\"https:\\\/\\\/shop.bantam.ch\\\/fr\\\/#website\",\"url\":\"https:\\\/\\\/shop.bantam.ch\\\/fr\\\/\",\"name\":\"Bantam Wankm\u00fcller SA\",\"description\":\"\",\"publisher\":{\"@id\":\"https:\\\/\\\/shop.bantam.ch\\\/fr\\\/#organization\"},\"inLanguage\":\"fr-FR\"},{\"@type\":\"Organization\",\"@id\":\"https:\\\/\\\/shop.bantam.ch\\\/fr\\\/#organization\",\"name\":\"Bantam Wankm\u00fcller SA\",\"url\":\"https:\\\/\\\/shop.bantam.ch\\\/fr\\\/\",\"logo\":{\"@type\":\"ImageObject\",\"inLanguage\":\"fr-FR\",\"@id\":\"https:\\\/\\\/shop.bantam.ch\\\/fr\\\/#\\\/schema\\\/logo\\\/image\\\/\",\"url\":\"https:\\\/\\\/shop.bantam.ch\\\/wp-content\\\/uploads\\\/2022\\\/12\\\/bantam-logo.png\",\"contentUrl\":\"https:\\\/\\\/shop.bantam.ch\\\/wp-content\\\/uploads\\\/2022\\\/12\\\/bantam-logo.png\",\"width\":320,\"height\":71,\"caption\":\"Bantam Wankm\u00fcller SA\"},\"image\":{\"@id\":\"https:\\\/\\\/shop.bantam.ch\\\/fr\\\/#\\\/schema\\\/logo\\\/image\\\/\"}}]}<\/script>\n<!-- \/ Yoast SEO plugin. -->","yoast_head_json":{"title":"Syst\u00e8me antivol Compact Winterhoff WS 3000 - Bantam Wankm\u00fcller SA","robots":{"index":"index","follow":"follow","max-snippet":"max-snippet:-1","max-image-preview":"max-image-preview:large","max-video-preview":"max-video-preview:-1"},"canonical":"https:\/\/shop.bantam.ch\/fr\/produit\/systeme-antivol-compact-winterhoff-ws-3000\/","og_locale":"fr_FR","og_type":"article","og_title":"Syst\u00e8me antivol Compact Winterhoff WS 3000 - Bantam Wankm\u00fcller SA","og_description":"Cette serrure d\u2019attelage est l&rsquo;un des mod\u00e8les les plus puissants et en m\u00eame temps l&rsquo;un des plus compacts jamais d\u00e9velopp\u00e9s. L&rsquo;acier sp\u00e9cial robuste combin\u00e9 au m\u00e9canisme de verrouillage le plus puissant jamais utilis\u00e9 pour un tel produit rendent cette serrure d\u2019attelage extr\u00eamement r\u00e9sistante aux attaques. Le mod\u00e8le est test\u00e9 et approuv\u00e9 selon les normes du [&hellip;]","og_url":"https:\/\/shop.bantam.ch\/fr\/produit\/systeme-antivol-compact-winterhoff-ws-3000\/","og_site_name":"Bantam Wankm\u00fcller SA","article_modified_time":"2026-04-18T20:29:38+00:00","og_image":[{"width":1000,"height":750,"url":"https:\/\/shop.bantam.ch\/wp-content\/uploads\/2023\/03\/994158611.jpg","type":"image\/jpeg"}],"twitter_card":"summary_large_image","schema":{"@context":"https:\/\/schema.org","@graph":[{"@type":"WebPage","@id":"https:\/\/shop.bantam.ch\/fr\/produit\/systeme-antivol-compact-winterhoff-ws-3000\/","url":"https:\/\/shop.bantam.ch\/fr\/produit\/systeme-antivol-compact-winterhoff-ws-3000\/","name":"Syst\u00e8me antivol Compact Winterhoff WS 3000 - Bantam Wankm\u00fcller SA","isPartOf":{"@id":"https:\/\/shop.bantam.ch\/fr\/#website"},"primaryImageOfPage":{"@id":"https:\/\/shop.bantam.ch\/fr\/produit\/systeme-antivol-compact-winterhoff-ws-3000\/#primaryimage"},"image":{"@id":"https:\/\/shop.bantam.ch\/fr\/produit\/systeme-antivol-compact-winterhoff-ws-3000\/#primaryimage"},"thumbnailUrl":"https:\/\/shop.bantam.ch\/wp-content\/uploads\/2023\/03\/994158611.jpg","datePublished":"2023-03-23T15:30:35+00:00","dateModified":"2026-04-18T20:29:38+00:00","breadcrumb":{"@id":"https:\/\/shop.bantam.ch\/fr\/produit\/systeme-antivol-compact-winterhoff-ws-3000\/#breadcrumb"},"inLanguage":"fr-FR","potentialAction":[{"@type":"ReadAction","target":["https:\/\/shop.bantam.ch\/fr\/produit\/systeme-antivol-compact-winterhoff-ws-3000\/"]}]},{"@type":"ImageObject","inLanguage":"fr-FR","@id":"https:\/\/shop.bantam.ch\/fr\/produit\/systeme-antivol-compact-winterhoff-ws-3000\/#primaryimage","url":"https:\/\/shop.bantam.ch\/wp-content\/uploads\/2023\/03\/994158611.jpg","contentUrl":"https:\/\/shop.bantam.ch\/wp-content\/uploads\/2023\/03\/994158611.jpg","width":1000,"height":750},{"@type":"BreadcrumbList","@id":"https:\/\/shop.bantam.ch\/fr\/produit\/systeme-antivol-compact-winterhoff-ws-3000\/#breadcrumb","itemListElement":[{"@type":"ListItem","position":1,"name":"Accueil","item":"https:\/\/shop.bantam.ch\/fr\/"},{"@type":"ListItem","position":2,"name":"Boutique","item":"https:\/\/shop.bantam.ch\/fr\/boutique\/"},{"@type":"ListItem","position":3,"name":"Syst\u00e8me antivol Compact Winterhoff WS 3000"}]},{"@type":"WebSite","@id":"https:\/\/shop.bantam.ch\/fr\/#website","url":"https:\/\/shop.bantam.ch\/fr\/","name":"Bantam Wankm\u00fcller SA","description":"","publisher":{"@id":"https:\/\/shop.bantam.ch\/fr\/#organization"},"inLanguage":"fr-FR"},{"@type":"Organization","@id":"https:\/\/shop.bantam.ch\/fr\/#organization","name":"Bantam Wankm\u00fcller SA","url":"https:\/\/shop.bantam.ch\/fr\/","logo":{"@type":"ImageObject","inLanguage":"fr-FR","@id":"https:\/\/shop.bantam.ch\/fr\/#\/schema\/logo\/image\/","url":"https:\/\/shop.bantam.ch\/wp-content\/uploads\/2022\/12\/bantam-logo.png","contentUrl":"https:\/\/shop.bantam.ch\/wp-content\/uploads\/2022\/12\/bantam-logo.png","width":320,"height":71,"caption":"Bantam Wankm\u00fcller SA"},"image":{"@id":"https:\/\/shop.bantam.ch\/fr\/#\/schema\/logo\/image\/"}}]}},"_links":{"self":[{"href":"https:\/\/shop.bantam.ch\/fr\/wp-json\/wp\/v2\/product\/158871","targetHints":{"allow":["GET"]}}],"collection":[{"href":"https:\/\/shop.bantam.ch\/fr\/wp-json\/wp\/v2\/product"}],"about":[{"href":"https:\/\/shop.bantam.ch\/fr\/wp-json\/wp\/v2\/types\/product"}],"wp:featuredmedia":[{"embeddable":true,"href":"https:\/\/shop.bantam.ch\/fr\/wp-json\/wp\/v2\/media\/158867"}],"wp:attachment":[{"href":"https:\/\/shop.bantam.ch\/fr\/wp-json\/wp\/v2\/media?parent=158871"}],"wp:term":[{"taxonomy":"product_featured_cat","embeddable":true,"href":"https:\/\/shop.bantam.ch\/fr\/wp-json\/wp\/v2\/product_featured_cat?post=158871"},{"taxonomy":"product_brand","embeddable":true,"href":"https:\/\/shop.bantam.ch\/fr\/wp-json\/wp\/v2\/product_brand?post=158871"},{"taxonomy":"product_cat","embeddable":true,"href":"https:\/\/shop.bantam.ch\/fr\/wp-json\/wp\/v2\/product_cat?post=158871"},{"taxonomy":"product_tag","embeddable":true,"href":"https:\/\/shop.bantam.ch\/fr\/wp-json\/wp\/v2\/product_tag?post=158871"}],"curies":[{"name":"wp","href":"https:\/\/api.w.org\/{rel}","templated":true}]}}