{"id":158851,"date":"2023-03-23T16:30:14","date_gmt":"2023-03-23T15:30:14","guid":{"rendered":"https:\/\/shop.bantam.ch\/produit\/spray-anti-fouines\/"},"modified":"2026-05-01T22:24:39","modified_gmt":"2026-05-01T20:24:39","slug":"spray-anti-fouines","status":"publish","type":"product","link":"https:\/\/shop.bantam.ch\/fr\/produit\/spray-anti-fouines\/","title":{"rendered":"STOP+GO Spray concentr\u00e9 de d\u00e9fense 200 ml"},"content":{"rendered":"<p class=\"MsoNormal\"><span>Concentr\u00e9 de<\/span><span>\u00a0<\/span><span>parfum<\/span><span>\u00a0<\/span><span>tr\u00e8s efficace<\/span><span>\u00a0<\/span><span>\u00e0 utilisation divers,\u00a0avec des effets<\/span><span>\u00a0<\/span><span>\u00e0 long terme<\/span><span>.\u00a0<\/span><span>Le concentr\u00e9<\/span><span>\u00a0<\/span><span>de parfum est<\/span><span>\u00a0<\/span><span>pulv\u00e9ris\u00e9 ponctuellement sur<\/span><span>\u00a0<\/span><span>auto-adh\u00e9sive<\/span><span>\u00a0<\/span><span>ci-jointe.<\/span><span>\u00a0<\/span><span>Il<\/span><span>\u00a0<\/span><span>n\u2019<\/span><span>est<\/span><span> pas n\u00e9cessaire de pulv\u00e9risation<\/span><span>\u00a0<\/span><span>toutes les<br \/>\nparties<\/span><span>\u00a0<\/span><span>du v\u00e9hicule<\/span><span>.\u00a0<\/span><span>Une<br \/>\npulv\u00e9risation<\/span><span>\u00a0<\/span><span>mensuelle<\/span><span>\u00a0<\/span><span>suffit \u00e0 garder\u00a0un effet<\/span><span>\u00a0<\/span><span>\u00e0 long terme<br \/>\net fiable<\/span><span>.\u00a0<\/span><span>Utilisation universelle ; dans la voiture<\/span><span>,<\/span><span> la\u00a0maison,<\/span><span>\u00a0<\/span><span>le\u00a0jardin<br \/>\nou<\/span><span>\u00a0<\/span><span>l\u2019<\/span><span>abri<\/span><span> auto. Id\u00e9al<br \/>\n\u00e9galement<\/span><span>\u00a0<\/span><span>pour renforcer d&rsquo;autres<\/span><span>\u00a0<\/span><span>mesures de d\u00e9fense<\/span><span>\u00a0<\/span><span>de martre<\/span><span>.<\/span><span>\u00a0<\/span><span>Avantages<\/span><span>\u00a0<\/span><span>:<\/span><span>\u00a0&#8211;\u00a0<\/span><span>Concentr\u00e9<\/span><span>\u00a0<\/span><span>hautement<\/span><span>\u00a0<\/span><span>efficace avec<\/span><span>\u00a0<\/span><span>effet \u00e0 long<br \/>\nterme &#8211;<\/span><span>\u00a0<\/span><span>Assez pour<\/span><span>\u00a0<\/span><span>2 ans &#8211;<\/span><span>\u00a0<\/span><span>Convient \u00e9galement<\/span><span>\u00a0<\/span><span>pour le<br \/>\nparking<\/span><span>, le garage, la grange\u00a0ou le grenier<\/span><span>\u00a0<\/span><span>.<\/span><span><\/span><\/p>\n<ul>\n<\/ul>\n<p>\u00a0<\/p>\n","protected":false},"excerpt":{"rendered":"<p>Concentr\u00e9 de\u00a0parfum\u00a0tr\u00e8s efficace\u00a0\u00e0 utilisation divers,\u00a0avec des effets\u00a0\u00e0 long terme.\u00a0Le concentr\u00e9\u00a0de parfum est\u00a0pulv\u00e9ris\u00e9 ponctuellement sur\u00a0auto-adh\u00e9sive\u00a0ci-jointe.\u00a0Il\u00a0n\u2019est pas n\u00e9cessaire de pulv\u00e9risation\u00a0toutes les parties\u00a0du v\u00e9hicule.\u00a0Une pulv\u00e9risation\u00a0mensuelle\u00a0suffit \u00e0 garder\u00a0un effet\u00a0\u00e0 long terme et fiable.\u00a0Utilisation universelle ; dans la voiture, la\u00a0maison,\u00a0le\u00a0jardin ou\u00a0l\u2019abri auto. Id\u00e9al \u00e9galement\u00a0pour renforcer d&rsquo;autres\u00a0mesures de d\u00e9fense\u00a0de martre.\u00a0Avantages\u00a0:\u00a0&#8211;\u00a0Concentr\u00e9\u00a0hautement\u00a0efficace avec\u00a0effet \u00e0 long terme &#8211;\u00a0Assez pour\u00a02 ans &#8211;\u00a0Convient \u00e9galement\u00a0pour le parking, [&hellip;]<\/p>\n","protected":false},"featured_media":158849,"template":"","meta":{"_acf_changed":false},"product_featured_cat":[],"product_brand":[3470],"product_cat":[5055],"product_tag":[],"class_list":{"0":"post-158851","1":"product","2":"type-product","3":"status-publish","4":"has-post-thumbnail","6":"product_brand-marder-stop-go","7":"product_cat-repulsif-anti-martres","9":"first","10":"instock","11":"taxable","12":"shipping-taxable","13":"purchasable","14":"product-type-simple"},"acf":[],"yoast_head":"<!-- This site is optimized with the Yoast SEO plugin v27.5 - https:\/\/yoast.com\/product\/yoast-seo-wordpress\/ -->\n<title>STOP+GO Spray concentr\u00e9 de d\u00e9fense 200 ml - Bantam<\/title>\n<meta name=\"robots\" content=\"index, follow, max-snippet:-1, max-image-preview:large, max-video-preview:-1\" \/>\n<link rel=\"canonical\" href=\"https:\/\/shop.bantam.ch\/fr\/produit\/spray-anti-fouines\/\" \/>\n<meta property=\"og:locale\" content=\"fr_FR\" \/>\n<meta property=\"og:type\" content=\"article\" \/>\n<meta property=\"og:title\" content=\"STOP+GO Spray concentr\u00e9 de d\u00e9fense 200 ml - Bantam\" \/>\n<meta property=\"og:description\" content=\"Concentr\u00e9 de\u00a0parfum\u00a0tr\u00e8s efficace\u00a0\u00e0 utilisation divers,\u00a0avec des effets\u00a0\u00e0 long terme.\u00a0Le concentr\u00e9\u00a0de parfum est\u00a0pulv\u00e9ris\u00e9 ponctuellement sur\u00a0auto-adh\u00e9sive\u00a0ci-jointe.\u00a0Il\u00a0n\u2019est pas n\u00e9cessaire de pulv\u00e9risation\u00a0toutes les parties\u00a0du v\u00e9hicule.\u00a0Une pulv\u00e9risation\u00a0mensuelle\u00a0suffit \u00e0 garder\u00a0un effet\u00a0\u00e0 long terme et fiable.\u00a0Utilisation universelle ; dans la voiture, la\u00a0maison,\u00a0le\u00a0jardin ou\u00a0l\u2019abri auto. Id\u00e9al \u00e9galement\u00a0pour renforcer d&rsquo;autres\u00a0mesures de d\u00e9fense\u00a0de martre.\u00a0Avantages\u00a0:\u00a0&#8211;\u00a0Concentr\u00e9\u00a0hautement\u00a0efficace avec\u00a0effet \u00e0 long terme &#8211;\u00a0Assez pour\u00a02 ans &#8211;\u00a0Convient \u00e9galement\u00a0pour le parking, [&hellip;]\" \/>\n<meta property=\"og:url\" content=\"https:\/\/shop.bantam.ch\/fr\/produit\/spray-anti-fouines\/\" \/>\n<meta property=\"og:site_name\" content=\"Bantam\" \/>\n<meta property=\"article:modified_time\" content=\"2026-05-01T20:24:39+00:00\" \/>\n<meta property=\"og:image\" content=\"https:\/\/shop.bantam.ch\/wp-content\/uploads\/2023\/03\/9941484111Y072oz3qnEr6.jpg\" \/>\n\t<meta property=\"og:image:width\" content=\"500\" \/>\n\t<meta property=\"og:image:height\" content=\"477\" \/>\n\t<meta property=\"og:image:type\" content=\"image\/jpeg\" \/>\n<meta name=\"twitter:card\" content=\"summary_large_image\" \/>\n<meta name=\"twitter:label1\" content=\"Dur\u00e9e de lecture estim\u00e9e\" \/>\n\t<meta name=\"twitter:data1\" content=\"1 minute\" \/>\n<script type=\"application\/ld+json\" class=\"yoast-schema-graph\">{\"@context\":\"https:\\\/\\\/schema.org\",\"@graph\":[{\"@type\":\"WebPage\",\"@id\":\"https:\\\/\\\/shop.bantam.ch\\\/fr\\\/produit\\\/spray-anti-fouines\\\/\",\"url\":\"https:\\\/\\\/shop.bantam.ch\\\/fr\\\/produit\\\/spray-anti-fouines\\\/\",\"name\":\"STOP+GO Spray concentr\u00e9 de d\u00e9fense 200 ml - Bantam\",\"isPartOf\":{\"@id\":\"https:\\\/\\\/shop.bantam.ch\\\/fr\\\/#website\"},\"primaryImageOfPage\":{\"@id\":\"https:\\\/\\\/shop.bantam.ch\\\/fr\\\/produit\\\/spray-anti-fouines\\\/#primaryimage\"},\"image\":{\"@id\":\"https:\\\/\\\/shop.bantam.ch\\\/fr\\\/produit\\\/spray-anti-fouines\\\/#primaryimage\"},\"thumbnailUrl\":\"https:\\\/\\\/shop.bantam.ch\\\/wp-content\\\/uploads\\\/2023\\\/03\\\/9941484111Y072oz3qnEr6.jpg\",\"datePublished\":\"2023-03-23T15:30:14+00:00\",\"dateModified\":\"2026-05-01T20:24:39+00:00\",\"breadcrumb\":{\"@id\":\"https:\\\/\\\/shop.bantam.ch\\\/fr\\\/produit\\\/spray-anti-fouines\\\/#breadcrumb\"},\"inLanguage\":\"fr-FR\",\"potentialAction\":[{\"@type\":\"ReadAction\",\"target\":[\"https:\\\/\\\/shop.bantam.ch\\\/fr\\\/produit\\\/spray-anti-fouines\\\/\"]}]},{\"@type\":\"ImageObject\",\"inLanguage\":\"fr-FR\",\"@id\":\"https:\\\/\\\/shop.bantam.ch\\\/fr\\\/produit\\\/spray-anti-fouines\\\/#primaryimage\",\"url\":\"https:\\\/\\\/shop.bantam.ch\\\/wp-content\\\/uploads\\\/2023\\\/03\\\/9941484111Y072oz3qnEr6.jpg\",\"contentUrl\":\"https:\\\/\\\/shop.bantam.ch\\\/wp-content\\\/uploads\\\/2023\\\/03\\\/9941484111Y072oz3qnEr6.jpg\",\"width\":500,\"height\":477},{\"@type\":\"BreadcrumbList\",\"@id\":\"https:\\\/\\\/shop.bantam.ch\\\/fr\\\/produit\\\/spray-anti-fouines\\\/#breadcrumb\",\"itemListElement\":[{\"@type\":\"ListItem\",\"position\":1,\"name\":\"Accueil\",\"item\":\"https:\\\/\\\/shop.bantam.ch\\\/fr\\\/\"},{\"@type\":\"ListItem\",\"position\":2,\"name\":\"Boutique\",\"item\":\"https:\\\/\\\/shop.bantam.ch\\\/fr\\\/boutique\\\/\"},{\"@type\":\"ListItem\",\"position\":3,\"name\":\"STOP+GO Spray concentr\u00e9 de d\u00e9fense 200 ml\"}]},{\"@type\":\"WebSite\",\"@id\":\"https:\\\/\\\/shop.bantam.ch\\\/fr\\\/#website\",\"url\":\"https:\\\/\\\/shop.bantam.ch\\\/fr\\\/\",\"name\":\"Bantam\",\"description\":\"\",\"publisher\":{\"@id\":\"https:\\\/\\\/shop.bantam.ch\\\/fr\\\/#organization\"},\"inLanguage\":\"fr-FR\"},{\"@type\":\"Organization\",\"@id\":\"https:\\\/\\\/shop.bantam.ch\\\/fr\\\/#organization\",\"name\":\"Bantam\",\"url\":\"https:\\\/\\\/shop.bantam.ch\\\/fr\\\/\",\"logo\":{\"@type\":\"ImageObject\",\"inLanguage\":\"fr-FR\",\"@id\":\"https:\\\/\\\/shop.bantam.ch\\\/fr\\\/#\\\/schema\\\/logo\\\/image\\\/\",\"url\":\"https:\\\/\\\/shop.bantam.ch\\\/wp-content\\\/uploads\\\/2022\\\/12\\\/bantam-logo.png\",\"contentUrl\":\"https:\\\/\\\/shop.bantam.ch\\\/wp-content\\\/uploads\\\/2022\\\/12\\\/bantam-logo.png\",\"width\":320,\"height\":71,\"caption\":\"Bantam\"},\"image\":{\"@id\":\"https:\\\/\\\/shop.bantam.ch\\\/fr\\\/#\\\/schema\\\/logo\\\/image\\\/\"}}]}<\/script>\n<!-- \/ Yoast SEO plugin. -->","yoast_head_json":{"title":"STOP+GO Spray concentr\u00e9 de d\u00e9fense 200 ml - Bantam","robots":{"index":"index","follow":"follow","max-snippet":"max-snippet:-1","max-image-preview":"max-image-preview:large","max-video-preview":"max-video-preview:-1"},"canonical":"https:\/\/shop.bantam.ch\/fr\/produit\/spray-anti-fouines\/","og_locale":"fr_FR","og_type":"article","og_title":"STOP+GO Spray concentr\u00e9 de d\u00e9fense 200 ml - Bantam","og_description":"Concentr\u00e9 de\u00a0parfum\u00a0tr\u00e8s efficace\u00a0\u00e0 utilisation divers,\u00a0avec des effets\u00a0\u00e0 long terme.\u00a0Le concentr\u00e9\u00a0de parfum est\u00a0pulv\u00e9ris\u00e9 ponctuellement sur\u00a0auto-adh\u00e9sive\u00a0ci-jointe.\u00a0Il\u00a0n\u2019est pas n\u00e9cessaire de pulv\u00e9risation\u00a0toutes les parties\u00a0du v\u00e9hicule.\u00a0Une pulv\u00e9risation\u00a0mensuelle\u00a0suffit \u00e0 garder\u00a0un effet\u00a0\u00e0 long terme et fiable.\u00a0Utilisation universelle ; dans la voiture, la\u00a0maison,\u00a0le\u00a0jardin ou\u00a0l\u2019abri auto. Id\u00e9al \u00e9galement\u00a0pour renforcer d&rsquo;autres\u00a0mesures de d\u00e9fense\u00a0de martre.\u00a0Avantages\u00a0:\u00a0&#8211;\u00a0Concentr\u00e9\u00a0hautement\u00a0efficace avec\u00a0effet \u00e0 long terme &#8211;\u00a0Assez pour\u00a02 ans &#8211;\u00a0Convient \u00e9galement\u00a0pour le parking, [&hellip;]","og_url":"https:\/\/shop.bantam.ch\/fr\/produit\/spray-anti-fouines\/","og_site_name":"Bantam","article_modified_time":"2026-05-01T20:24:39+00:00","og_image":[{"width":500,"height":477,"url":"https:\/\/shop.bantam.ch\/wp-content\/uploads\/2023\/03\/9941484111Y072oz3qnEr6.jpg","type":"image\/jpeg"}],"twitter_card":"summary_large_image","twitter_misc":{"Dur\u00e9e de lecture estim\u00e9e":"1 minute"},"schema":{"@context":"https:\/\/schema.org","@graph":[{"@type":"WebPage","@id":"https:\/\/shop.bantam.ch\/fr\/produit\/spray-anti-fouines\/","url":"https:\/\/shop.bantam.ch\/fr\/produit\/spray-anti-fouines\/","name":"STOP+GO Spray concentr\u00e9 de d\u00e9fense 200 ml - Bantam","isPartOf":{"@id":"https:\/\/shop.bantam.ch\/fr\/#website"},"primaryImageOfPage":{"@id":"https:\/\/shop.bantam.ch\/fr\/produit\/spray-anti-fouines\/#primaryimage"},"image":{"@id":"https:\/\/shop.bantam.ch\/fr\/produit\/spray-anti-fouines\/#primaryimage"},"thumbnailUrl":"https:\/\/shop.bantam.ch\/wp-content\/uploads\/2023\/03\/9941484111Y072oz3qnEr6.jpg","datePublished":"2023-03-23T15:30:14+00:00","dateModified":"2026-05-01T20:24:39+00:00","breadcrumb":{"@id":"https:\/\/shop.bantam.ch\/fr\/produit\/spray-anti-fouines\/#breadcrumb"},"inLanguage":"fr-FR","potentialAction":[{"@type":"ReadAction","target":["https:\/\/shop.bantam.ch\/fr\/produit\/spray-anti-fouines\/"]}]},{"@type":"ImageObject","inLanguage":"fr-FR","@id":"https:\/\/shop.bantam.ch\/fr\/produit\/spray-anti-fouines\/#primaryimage","url":"https:\/\/shop.bantam.ch\/wp-content\/uploads\/2023\/03\/9941484111Y072oz3qnEr6.jpg","contentUrl":"https:\/\/shop.bantam.ch\/wp-content\/uploads\/2023\/03\/9941484111Y072oz3qnEr6.jpg","width":500,"height":477},{"@type":"BreadcrumbList","@id":"https:\/\/shop.bantam.ch\/fr\/produit\/spray-anti-fouines\/#breadcrumb","itemListElement":[{"@type":"ListItem","position":1,"name":"Accueil","item":"https:\/\/shop.bantam.ch\/fr\/"},{"@type":"ListItem","position":2,"name":"Boutique","item":"https:\/\/shop.bantam.ch\/fr\/boutique\/"},{"@type":"ListItem","position":3,"name":"STOP+GO Spray concentr\u00e9 de d\u00e9fense 200 ml"}]},{"@type":"WebSite","@id":"https:\/\/shop.bantam.ch\/fr\/#website","url":"https:\/\/shop.bantam.ch\/fr\/","name":"Bantam","description":"","publisher":{"@id":"https:\/\/shop.bantam.ch\/fr\/#organization"},"inLanguage":"fr-FR"},{"@type":"Organization","@id":"https:\/\/shop.bantam.ch\/fr\/#organization","name":"Bantam","url":"https:\/\/shop.bantam.ch\/fr\/","logo":{"@type":"ImageObject","inLanguage":"fr-FR","@id":"https:\/\/shop.bantam.ch\/fr\/#\/schema\/logo\/image\/","url":"https:\/\/shop.bantam.ch\/wp-content\/uploads\/2022\/12\/bantam-logo.png","contentUrl":"https:\/\/shop.bantam.ch\/wp-content\/uploads\/2022\/12\/bantam-logo.png","width":320,"height":71,"caption":"Bantam"},"image":{"@id":"https:\/\/shop.bantam.ch\/fr\/#\/schema\/logo\/image\/"}}]}},"_links":{"self":[{"href":"https:\/\/shop.bantam.ch\/fr\/wp-json\/wp\/v2\/product\/158851","targetHints":{"allow":["GET"]}}],"collection":[{"href":"https:\/\/shop.bantam.ch\/fr\/wp-json\/wp\/v2\/product"}],"about":[{"href":"https:\/\/shop.bantam.ch\/fr\/wp-json\/wp\/v2\/types\/product"}],"wp:featuredmedia":[{"embeddable":true,"href":"https:\/\/shop.bantam.ch\/fr\/wp-json\/wp\/v2\/media\/158849"}],"wp:attachment":[{"href":"https:\/\/shop.bantam.ch\/fr\/wp-json\/wp\/v2\/media?parent=158851"}],"wp:term":[{"taxonomy":"product_featured_cat","embeddable":true,"href":"https:\/\/shop.bantam.ch\/fr\/wp-json\/wp\/v2\/product_featured_cat?post=158851"},{"taxonomy":"product_brand","embeddable":true,"href":"https:\/\/shop.bantam.ch\/fr\/wp-json\/wp\/v2\/product_brand?post=158851"},{"taxonomy":"product_cat","embeddable":true,"href":"https:\/\/shop.bantam.ch\/fr\/wp-json\/wp\/v2\/product_cat?post=158851"},{"taxonomy":"product_tag","embeddable":true,"href":"https:\/\/shop.bantam.ch\/fr\/wp-json\/wp\/v2\/product_tag?post=158851"}],"curies":[{"name":"wp","href":"https:\/\/api.w.org\/{rel}","templated":true}]}}