{"id":158847,"date":"2023-03-23T16:30:10","date_gmt":"2023-03-23T15:30:10","guid":{"rendered":"https:\/\/shop.bantam.ch\/produit\/disque-parfume\/"},"modified":"2026-05-01T22:24:33","modified_gmt":"2026-05-01T20:24:33","slug":"disque-parfume","status":"publish","type":"product","link":"https:\/\/shop.bantam.ch\/fr\/produit\/disque-parfume\/","title":{"rendered":"STOP+GO disque de parfum"},"content":{"rendered":"<p class=\"MsoNormal\"><span>Un concentr\u00e9 olfactif \u00e0 base de<br \/>\ngraisse animale qui sent \u00ab\u00a0l\u2019ennemi dangereux \u00ab\u00a0.\u00a0<\/span><span>Un<br \/>\ntraitement sur une grande surface assure une diffusion plus intense. Dans le<br \/>\ncompartiment moteur, il n&rsquo;y a aucune installation n\u00e9cessaire, les crochets<br \/>\nfournis permettent une fixation facile.\u00a0<\/span><span>Dur\u00e9e<br \/>\nd\u2019efficacit\u00e9 (min. 6 mois). Une \u00e9tiquette avec la date d&rsquo;expiration vous<br \/>\nindique \u00e0 quel moment il faut renouveler le traitement.\u00a0<\/span><span>&#8211;<br \/>\nOdeur d\u2019ennemi dangereux &#8211; Au moins 6 mois efficacit\u00e9 &#8211; Aucun assemblage requis &#8211;<br \/>\nStockage : 3 ans (non ouvert) &#8211; Etiquette avec date d&rsquo;expiration pour un<br \/>\nrenouvellement optimis\u00e9<\/span><\/p>\n","protected":false},"excerpt":{"rendered":"<p>Un concentr\u00e9 olfactif \u00e0 base de graisse animale qui sent \u00ab\u00a0l\u2019ennemi dangereux \u00ab\u00a0.\u00a0Un traitement sur une grande surface assure une diffusion plus intense. Dans le compartiment moteur, il n&rsquo;y a aucune installation n\u00e9cessaire, les crochets fournis permettent une fixation facile.\u00a0Dur\u00e9e d\u2019efficacit\u00e9 (min. 6 mois). Une \u00e9tiquette avec la date d&rsquo;expiration vous indique \u00e0 quel moment [&hellip;]<\/p>\n","protected":false},"featured_media":158845,"template":"","meta":{"_acf_changed":false},"product_featured_cat":[],"product_brand":[3470],"product_cat":[5055],"product_tag":[],"class_list":{"0":"post-158847","1":"product","2":"type-product","3":"status-publish","4":"has-post-thumbnail","6":"product_brand-marder-stop-go","7":"product_cat-repulsif-anti-martres","9":"first","10":"instock","11":"taxable","12":"shipping-taxable","13":"purchasable","14":"product-type-simple"},"acf":[],"yoast_head":"<!-- This site is optimized with the Yoast SEO plugin v27.5 - https:\/\/yoast.com\/product\/yoast-seo-wordpress\/ -->\n<title>STOP+GO disque de parfum - Bantam<\/title>\n<meta name=\"robots\" content=\"index, follow, max-snippet:-1, max-image-preview:large, max-video-preview:-1\" \/>\n<link rel=\"canonical\" href=\"https:\/\/shop.bantam.ch\/fr\/produit\/disque-parfume\/\" \/>\n<meta property=\"og:locale\" content=\"fr_FR\" \/>\n<meta property=\"og:type\" content=\"article\" \/>\n<meta property=\"og:title\" content=\"STOP+GO disque de parfum - Bantam\" \/>\n<meta property=\"og:description\" content=\"Un concentr\u00e9 olfactif \u00e0 base de graisse animale qui sent \u00ab\u00a0l\u2019ennemi dangereux \u00ab\u00a0.\u00a0Un traitement sur une grande surface assure une diffusion plus intense. Dans le compartiment moteur, il n&rsquo;y a aucune installation n\u00e9cessaire, les crochets fournis permettent une fixation facile.\u00a0Dur\u00e9e d\u2019efficacit\u00e9 (min. 6 mois). Une \u00e9tiquette avec la date d&rsquo;expiration vous indique \u00e0 quel moment [&hellip;]\" \/>\n<meta property=\"og:url\" content=\"https:\/\/shop.bantam.ch\/fr\/produit\/disque-parfume\/\" \/>\n<meta property=\"og:site_name\" content=\"Bantam\" \/>\n<meta property=\"article:modified_time\" content=\"2026-05-01T20:24:33+00:00\" \/>\n<meta property=\"og:image\" content=\"https:\/\/shop.bantam.ch\/wp-content\/uploads\/2023\/03\/994148311.jpg\" \/>\n\t<meta property=\"og:image:width\" content=\"1000\" \/>\n\t<meta property=\"og:image:height\" content=\"1000\" \/>\n\t<meta property=\"og:image:type\" content=\"image\/jpeg\" \/>\n<meta name=\"twitter:card\" content=\"summary_large_image\" \/>\n<script type=\"application\/ld+json\" class=\"yoast-schema-graph\">{\"@context\":\"https:\\\/\\\/schema.org\",\"@graph\":[{\"@type\":\"WebPage\",\"@id\":\"https:\\\/\\\/shop.bantam.ch\\\/fr\\\/produit\\\/disque-parfume\\\/\",\"url\":\"https:\\\/\\\/shop.bantam.ch\\\/fr\\\/produit\\\/disque-parfume\\\/\",\"name\":\"STOP+GO disque de parfum - Bantam\",\"isPartOf\":{\"@id\":\"https:\\\/\\\/shop.bantam.ch\\\/fr\\\/#website\"},\"primaryImageOfPage\":{\"@id\":\"https:\\\/\\\/shop.bantam.ch\\\/fr\\\/produit\\\/disque-parfume\\\/#primaryimage\"},\"image\":{\"@id\":\"https:\\\/\\\/shop.bantam.ch\\\/fr\\\/produit\\\/disque-parfume\\\/#primaryimage\"},\"thumbnailUrl\":\"https:\\\/\\\/shop.bantam.ch\\\/wp-content\\\/uploads\\\/2023\\\/03\\\/994148311.jpg\",\"datePublished\":\"2023-03-23T15:30:10+00:00\",\"dateModified\":\"2026-05-01T20:24:33+00:00\",\"breadcrumb\":{\"@id\":\"https:\\\/\\\/shop.bantam.ch\\\/fr\\\/produit\\\/disque-parfume\\\/#breadcrumb\"},\"inLanguage\":\"fr-FR\",\"potentialAction\":[{\"@type\":\"ReadAction\",\"target\":[\"https:\\\/\\\/shop.bantam.ch\\\/fr\\\/produit\\\/disque-parfume\\\/\"]}]},{\"@type\":\"ImageObject\",\"inLanguage\":\"fr-FR\",\"@id\":\"https:\\\/\\\/shop.bantam.ch\\\/fr\\\/produit\\\/disque-parfume\\\/#primaryimage\",\"url\":\"https:\\\/\\\/shop.bantam.ch\\\/wp-content\\\/uploads\\\/2023\\\/03\\\/994148311.jpg\",\"contentUrl\":\"https:\\\/\\\/shop.bantam.ch\\\/wp-content\\\/uploads\\\/2023\\\/03\\\/994148311.jpg\",\"width\":1000,\"height\":1000},{\"@type\":\"BreadcrumbList\",\"@id\":\"https:\\\/\\\/shop.bantam.ch\\\/fr\\\/produit\\\/disque-parfume\\\/#breadcrumb\",\"itemListElement\":[{\"@type\":\"ListItem\",\"position\":1,\"name\":\"Accueil\",\"item\":\"https:\\\/\\\/shop.bantam.ch\\\/fr\\\/\"},{\"@type\":\"ListItem\",\"position\":2,\"name\":\"Boutique\",\"item\":\"https:\\\/\\\/shop.bantam.ch\\\/fr\\\/boutique\\\/\"},{\"@type\":\"ListItem\",\"position\":3,\"name\":\"STOP+GO disque de parfum\"}]},{\"@type\":\"WebSite\",\"@id\":\"https:\\\/\\\/shop.bantam.ch\\\/fr\\\/#website\",\"url\":\"https:\\\/\\\/shop.bantam.ch\\\/fr\\\/\",\"name\":\"Bantam\",\"description\":\"\",\"publisher\":{\"@id\":\"https:\\\/\\\/shop.bantam.ch\\\/fr\\\/#organization\"},\"inLanguage\":\"fr-FR\"},{\"@type\":\"Organization\",\"@id\":\"https:\\\/\\\/shop.bantam.ch\\\/fr\\\/#organization\",\"name\":\"Bantam\",\"url\":\"https:\\\/\\\/shop.bantam.ch\\\/fr\\\/\",\"logo\":{\"@type\":\"ImageObject\",\"inLanguage\":\"fr-FR\",\"@id\":\"https:\\\/\\\/shop.bantam.ch\\\/fr\\\/#\\\/schema\\\/logo\\\/image\\\/\",\"url\":\"https:\\\/\\\/shop.bantam.ch\\\/wp-content\\\/uploads\\\/2022\\\/12\\\/bantam-logo.png\",\"contentUrl\":\"https:\\\/\\\/shop.bantam.ch\\\/wp-content\\\/uploads\\\/2022\\\/12\\\/bantam-logo.png\",\"width\":320,\"height\":71,\"caption\":\"Bantam\"},\"image\":{\"@id\":\"https:\\\/\\\/shop.bantam.ch\\\/fr\\\/#\\\/schema\\\/logo\\\/image\\\/\"}}]}<\/script>\n<!-- \/ Yoast SEO plugin. -->","yoast_head_json":{"title":"STOP+GO disque de parfum - Bantam","robots":{"index":"index","follow":"follow","max-snippet":"max-snippet:-1","max-image-preview":"max-image-preview:large","max-video-preview":"max-video-preview:-1"},"canonical":"https:\/\/shop.bantam.ch\/fr\/produit\/disque-parfume\/","og_locale":"fr_FR","og_type":"article","og_title":"STOP+GO disque de parfum - Bantam","og_description":"Un concentr\u00e9 olfactif \u00e0 base de graisse animale qui sent \u00ab\u00a0l\u2019ennemi dangereux \u00ab\u00a0.\u00a0Un traitement sur une grande surface assure une diffusion plus intense. Dans le compartiment moteur, il n&rsquo;y a aucune installation n\u00e9cessaire, les crochets fournis permettent une fixation facile.\u00a0Dur\u00e9e d\u2019efficacit\u00e9 (min. 6 mois). Une \u00e9tiquette avec la date d&rsquo;expiration vous indique \u00e0 quel moment [&hellip;]","og_url":"https:\/\/shop.bantam.ch\/fr\/produit\/disque-parfume\/","og_site_name":"Bantam","article_modified_time":"2026-05-01T20:24:33+00:00","og_image":[{"width":1000,"height":1000,"url":"https:\/\/shop.bantam.ch\/wp-content\/uploads\/2023\/03\/994148311.jpg","type":"image\/jpeg"}],"twitter_card":"summary_large_image","schema":{"@context":"https:\/\/schema.org","@graph":[{"@type":"WebPage","@id":"https:\/\/shop.bantam.ch\/fr\/produit\/disque-parfume\/","url":"https:\/\/shop.bantam.ch\/fr\/produit\/disque-parfume\/","name":"STOP+GO disque de parfum - Bantam","isPartOf":{"@id":"https:\/\/shop.bantam.ch\/fr\/#website"},"primaryImageOfPage":{"@id":"https:\/\/shop.bantam.ch\/fr\/produit\/disque-parfume\/#primaryimage"},"image":{"@id":"https:\/\/shop.bantam.ch\/fr\/produit\/disque-parfume\/#primaryimage"},"thumbnailUrl":"https:\/\/shop.bantam.ch\/wp-content\/uploads\/2023\/03\/994148311.jpg","datePublished":"2023-03-23T15:30:10+00:00","dateModified":"2026-05-01T20:24:33+00:00","breadcrumb":{"@id":"https:\/\/shop.bantam.ch\/fr\/produit\/disque-parfume\/#breadcrumb"},"inLanguage":"fr-FR","potentialAction":[{"@type":"ReadAction","target":["https:\/\/shop.bantam.ch\/fr\/produit\/disque-parfume\/"]}]},{"@type":"ImageObject","inLanguage":"fr-FR","@id":"https:\/\/shop.bantam.ch\/fr\/produit\/disque-parfume\/#primaryimage","url":"https:\/\/shop.bantam.ch\/wp-content\/uploads\/2023\/03\/994148311.jpg","contentUrl":"https:\/\/shop.bantam.ch\/wp-content\/uploads\/2023\/03\/994148311.jpg","width":1000,"height":1000},{"@type":"BreadcrumbList","@id":"https:\/\/shop.bantam.ch\/fr\/produit\/disque-parfume\/#breadcrumb","itemListElement":[{"@type":"ListItem","position":1,"name":"Accueil","item":"https:\/\/shop.bantam.ch\/fr\/"},{"@type":"ListItem","position":2,"name":"Boutique","item":"https:\/\/shop.bantam.ch\/fr\/boutique\/"},{"@type":"ListItem","position":3,"name":"STOP+GO disque de parfum"}]},{"@type":"WebSite","@id":"https:\/\/shop.bantam.ch\/fr\/#website","url":"https:\/\/shop.bantam.ch\/fr\/","name":"Bantam","description":"","publisher":{"@id":"https:\/\/shop.bantam.ch\/fr\/#organization"},"inLanguage":"fr-FR"},{"@type":"Organization","@id":"https:\/\/shop.bantam.ch\/fr\/#organization","name":"Bantam","url":"https:\/\/shop.bantam.ch\/fr\/","logo":{"@type":"ImageObject","inLanguage":"fr-FR","@id":"https:\/\/shop.bantam.ch\/fr\/#\/schema\/logo\/image\/","url":"https:\/\/shop.bantam.ch\/wp-content\/uploads\/2022\/12\/bantam-logo.png","contentUrl":"https:\/\/shop.bantam.ch\/wp-content\/uploads\/2022\/12\/bantam-logo.png","width":320,"height":71,"caption":"Bantam"},"image":{"@id":"https:\/\/shop.bantam.ch\/fr\/#\/schema\/logo\/image\/"}}]}},"_links":{"self":[{"href":"https:\/\/shop.bantam.ch\/fr\/wp-json\/wp\/v2\/product\/158847","targetHints":{"allow":["GET"]}}],"collection":[{"href":"https:\/\/shop.bantam.ch\/fr\/wp-json\/wp\/v2\/product"}],"about":[{"href":"https:\/\/shop.bantam.ch\/fr\/wp-json\/wp\/v2\/types\/product"}],"wp:featuredmedia":[{"embeddable":true,"href":"https:\/\/shop.bantam.ch\/fr\/wp-json\/wp\/v2\/media\/158845"}],"wp:attachment":[{"href":"https:\/\/shop.bantam.ch\/fr\/wp-json\/wp\/v2\/media?parent=158847"}],"wp:term":[{"taxonomy":"product_featured_cat","embeddable":true,"href":"https:\/\/shop.bantam.ch\/fr\/wp-json\/wp\/v2\/product_featured_cat?post=158847"},{"taxonomy":"product_brand","embeddable":true,"href":"https:\/\/shop.bantam.ch\/fr\/wp-json\/wp\/v2\/product_brand?post=158847"},{"taxonomy":"product_cat","embeddable":true,"href":"https:\/\/shop.bantam.ch\/fr\/wp-json\/wp\/v2\/product_cat?post=158847"},{"taxonomy":"product_tag","embeddable":true,"href":"https:\/\/shop.bantam.ch\/fr\/wp-json\/wp\/v2\/product_tag?post=158847"}],"curies":[{"name":"wp","href":"https:\/\/api.w.org\/{rel}","templated":true}]}}