{"id":158807,"date":"2023-03-23T16:29:16","date_gmt":"2023-03-23T15:29:16","guid":{"rendered":"https:\/\/shop.bantam.ch\/produit\/set-levelcontrol-et-inet-box\/"},"modified":"2026-04-19T22:32:13","modified_gmt":"2026-04-19T20:32:13","slug":"set-levelcontrol-et-inet-box","status":"publish","type":"product","link":"https:\/\/shop.bantam.ch\/fr\/produit\/set-levelcontrol-et-inet-box\/","title":{"rendered":"Set LevelControl et iNet-Box"},"content":{"rendered":"<p>LevelControl :<br \/>Le Truma LevelControl utilise des ultrasons pour mesurer la quantit\u00e9 de gaz contenue dans la bouteille. L&rsquo;appareil transmet les donn\u00e9es via Bluetooth \u00e0 la Truma iNet Box et celle-ci \u00e0 la tablette ou au smartphone de vos clients. L&rsquo;application Truma vous donne un aper\u00e7u de votre niveau d&rsquo;essence et du temps restant. Les clients int\u00e8grent simplement le LevelControl comme extension id\u00e9ale du syst\u00e8me iNet existant.<\/p>\n<p>D\u00e9sormais, le client peut interroger facilement l\u2019approvisionnement en gaz via l\u2019application Truma. Il fonctionne dans le v\u00e9hicule ou \u00e0 proximit\u00e9 via Bluetooth et par SMS en d\u00e9placement &#8211; et avec encore plus de pr\u00e9cision que jamais\u00a0:<\/p>\n<ul>\n<li>\u00a0Niveau en %<\/li>\n<li>Quantit\u00e9 de gaz en kg<\/li>\n<li>Temps restant en jours<\/li>\n<li>Etat de la batterie du LevelControl<\/li>\n<li>Alarme par SMS quand il reste peu de gaz dans la bouteille<\/li>\n<li>Consommation \u00e9lectrique au repos : 0,001 mA<\/li>\n<li>Tension\u00a0: Alimentation \u00e9lectrique 3 V DC \/ 2 batteries 1,5 V (alcalines, LR03, AAA)<\/li>\n<li>Consommation \u00e9lectrique max.\u00a0: 70\u00a0mA<\/li>\n<\/ul>\n<p>\u00a0Si le client a deux bouteilles de gaz dans le v\u00e9hicule, il peut utiliser deux Truma LevelControl en parall\u00e8le. L&rsquo;App Truma affiche ensuite le niveau des bouteilles 1 et 2.<\/p>\n<p>iNet-Box:<br \/>La t\u00e9l\u00e9commande intelligente et le contr\u00f4le des syst\u00e8mes de chauffage et de climatisation Truma via une application.<br \/>Gr\u00e2ce \u00e0 l&rsquo;application utile Truma et au syst\u00e8me Truma iNet, cette t\u00e9l\u00e9commande ainsi que le contr\u00f4le de ces syst\u00e8mes deviennent un jeu d&rsquo;enfant. La bo\u00eete Truma iNet correspond \u00e0 l&rsquo;unit\u00e9 de commande centrale et interface pour les appareils Truma en r\u00e9seau. Elle est facile \u00e0 installer et permet aux appareils Truma de les combiner en toute fiabilit\u00e9. Fonctionnement facile et intuitif sur votre smartphone ou tablette gr\u00e2ce \u00e0 l&rsquo;application gratuite Truma. Les dispositifs en r\u00e9seau Truma peuvent \u00eatre contr\u00f4l\u00e9s \u00e0 distance par un SMS qui est automatiquement cr\u00e9\u00e9. La fonction est transmise automatiquement via Bluetooth autour de la bo\u00eete Truma iNet. Les messages d&rsquo;\u00e9tat importants sont r\u00e9cup\u00e9rables \u00e0 tout moment.<\/p>\n<ul>\n<li>Commande et surveillance \u00e0 distance des installations de chauffage et de climatisation Truma via smartphone\/tablette<\/li>\n<li>Mise en service simple via l\u2019application Truma<\/li>\n<li>Caract\u00e9ristique avant-gardiste gr\u00e2ce \u00e0 la fonction de mise \u00e0 jour<\/li>\n<li>Communication via SMS ou Bluetooth<\/li>\n<li>Peut \u00eatre install\u00e9 ult\u00e9rieurement sur tous les appareils Truma compatibles iNet<\/li>\n<li>Consommation \u00e9lectrique moyenne : 40 \/ 20 mA (12 \/ 24 V)<\/li>\n<li>Temp\u00e9rature de service de -30 \u00b0C \u00e0 +60 \u00b0C<\/li>\n<li>Tension\u00a0: 12 \/ 24\u00a0V<\/li>\n<\/ul>\n<p>\u00a0<\/p>\n","protected":false},"excerpt":{"rendered":"<p>LevelControl :Le Truma LevelControl utilise des ultrasons pour mesurer la quantit\u00e9 de gaz contenue dans la bouteille. L&rsquo;appareil transmet les donn\u00e9es via Bluetooth \u00e0 la Truma iNet Box et celle-ci \u00e0 la tablette ou au smartphone de vos clients. L&rsquo;application Truma vous donne un aper\u00e7u de votre niveau d&rsquo;essence et du temps restant. Les clients [&hellip;]<\/p>\n","protected":false},"featured_media":158803,"template":"","meta":{"_acf_changed":false},"product_featured_cat":[],"product_brand":[3026],"product_cat":[4537],"product_tag":[],"class_list":{"0":"post-158807","1":"product","2":"type-product","3":"status-publish","4":"has-post-thumbnail","6":"product_brand-truma","7":"product_cat-chauffages-au-gaz","9":"first","10":"instock","11":"taxable","12":"shipping-taxable","13":"purchasable","14":"product-type-simple"},"acf":[],"yoast_head":"<!-- This site is optimized with the Yoast SEO plugin v27.4 - https:\/\/yoast.com\/product\/yoast-seo-wordpress\/ -->\n<title>Set LevelControl et iNet-Box - Bantam Wankm\u00fcller SA<\/title>\n<meta name=\"robots\" content=\"index, follow, max-snippet:-1, max-image-preview:large, max-video-preview:-1\" \/>\n<link rel=\"canonical\" href=\"https:\/\/shop.bantam.ch\/fr\/produit\/set-levelcontrol-et-inet-box\/\" \/>\n<meta property=\"og:locale\" content=\"fr_FR\" \/>\n<meta property=\"og:type\" content=\"article\" \/>\n<meta property=\"og:title\" content=\"Set LevelControl et iNet-Box - Bantam Wankm\u00fcller SA\" \/>\n<meta property=\"og:description\" content=\"LevelControl :Le Truma LevelControl utilise des ultrasons pour mesurer la quantit\u00e9 de gaz contenue dans la bouteille. L&rsquo;appareil transmet les donn\u00e9es via Bluetooth \u00e0 la Truma iNet Box et celle-ci \u00e0 la tablette ou au smartphone de vos clients. L&rsquo;application Truma vous donne un aper\u00e7u de votre niveau d&rsquo;essence et du temps restant. Les clients [&hellip;]\" \/>\n<meta property=\"og:url\" content=\"https:\/\/shop.bantam.ch\/fr\/produit\/set-levelcontrol-et-inet-box\/\" \/>\n<meta property=\"og:site_name\" content=\"Bantam Wankm\u00fcller SA\" \/>\n<meta property=\"article:modified_time\" content=\"2026-04-19T20:32:13+00:00\" \/>\n<meta property=\"og:image\" content=\"https:\/\/shop.bantam.ch\/wp-content\/uploads\/2023\/03\/993199812.jpg\" \/>\n\t<meta property=\"og:image:width\" content=\"1000\" \/>\n\t<meta property=\"og:image:height\" content=\"707\" \/>\n\t<meta property=\"og:image:type\" content=\"image\/jpeg\" \/>\n<meta name=\"twitter:card\" content=\"summary_large_image\" \/>\n<meta name=\"twitter:label1\" content=\"Dur\u00e9e de lecture estim\u00e9e\" \/>\n\t<meta name=\"twitter:data1\" content=\"2 minutes\" \/>\n<script type=\"application\/ld+json\" class=\"yoast-schema-graph\">{\"@context\":\"https:\\\/\\\/schema.org\",\"@graph\":[{\"@type\":\"WebPage\",\"@id\":\"https:\\\/\\\/shop.bantam.ch\\\/fr\\\/produit\\\/set-levelcontrol-et-inet-box\\\/\",\"url\":\"https:\\\/\\\/shop.bantam.ch\\\/fr\\\/produit\\\/set-levelcontrol-et-inet-box\\\/\",\"name\":\"Set LevelControl et iNet-Box - Bantam Wankm\u00fcller SA\",\"isPartOf\":{\"@id\":\"https:\\\/\\\/shop.bantam.ch\\\/fr\\\/#website\"},\"primaryImageOfPage\":{\"@id\":\"https:\\\/\\\/shop.bantam.ch\\\/fr\\\/produit\\\/set-levelcontrol-et-inet-box\\\/#primaryimage\"},\"image\":{\"@id\":\"https:\\\/\\\/shop.bantam.ch\\\/fr\\\/produit\\\/set-levelcontrol-et-inet-box\\\/#primaryimage\"},\"thumbnailUrl\":\"https:\\\/\\\/shop.bantam.ch\\\/wp-content\\\/uploads\\\/2023\\\/03\\\/993199812.jpg\",\"datePublished\":\"2023-03-23T15:29:16+00:00\",\"dateModified\":\"2026-04-19T20:32:13+00:00\",\"breadcrumb\":{\"@id\":\"https:\\\/\\\/shop.bantam.ch\\\/fr\\\/produit\\\/set-levelcontrol-et-inet-box\\\/#breadcrumb\"},\"inLanguage\":\"fr-FR\",\"potentialAction\":[{\"@type\":\"ReadAction\",\"target\":[\"https:\\\/\\\/shop.bantam.ch\\\/fr\\\/produit\\\/set-levelcontrol-et-inet-box\\\/\"]}]},{\"@type\":\"ImageObject\",\"inLanguage\":\"fr-FR\",\"@id\":\"https:\\\/\\\/shop.bantam.ch\\\/fr\\\/produit\\\/set-levelcontrol-et-inet-box\\\/#primaryimage\",\"url\":\"https:\\\/\\\/shop.bantam.ch\\\/wp-content\\\/uploads\\\/2023\\\/03\\\/993199812.jpg\",\"contentUrl\":\"https:\\\/\\\/shop.bantam.ch\\\/wp-content\\\/uploads\\\/2023\\\/03\\\/993199812.jpg\",\"width\":1000,\"height\":707},{\"@type\":\"BreadcrumbList\",\"@id\":\"https:\\\/\\\/shop.bantam.ch\\\/fr\\\/produit\\\/set-levelcontrol-et-inet-box\\\/#breadcrumb\",\"itemListElement\":[{\"@type\":\"ListItem\",\"position\":1,\"name\":\"Accueil\",\"item\":\"https:\\\/\\\/shop.bantam.ch\\\/fr\\\/\"},{\"@type\":\"ListItem\",\"position\":2,\"name\":\"Boutique\",\"item\":\"https:\\\/\\\/shop.bantam.ch\\\/fr\\\/boutique\\\/\"},{\"@type\":\"ListItem\",\"position\":3,\"name\":\"Set LevelControl et iNet-Box\"}]},{\"@type\":\"WebSite\",\"@id\":\"https:\\\/\\\/shop.bantam.ch\\\/fr\\\/#website\",\"url\":\"https:\\\/\\\/shop.bantam.ch\\\/fr\\\/\",\"name\":\"Bantam Wankm\u00fcller SA\",\"description\":\"\",\"publisher\":{\"@id\":\"https:\\\/\\\/shop.bantam.ch\\\/fr\\\/#organization\"},\"inLanguage\":\"fr-FR\"},{\"@type\":\"Organization\",\"@id\":\"https:\\\/\\\/shop.bantam.ch\\\/fr\\\/#organization\",\"name\":\"Bantam Wankm\u00fcller SA\",\"url\":\"https:\\\/\\\/shop.bantam.ch\\\/fr\\\/\",\"logo\":{\"@type\":\"ImageObject\",\"inLanguage\":\"fr-FR\",\"@id\":\"https:\\\/\\\/shop.bantam.ch\\\/fr\\\/#\\\/schema\\\/logo\\\/image\\\/\",\"url\":\"https:\\\/\\\/shop.bantam.ch\\\/wp-content\\\/uploads\\\/2022\\\/12\\\/bantam-logo.png\",\"contentUrl\":\"https:\\\/\\\/shop.bantam.ch\\\/wp-content\\\/uploads\\\/2022\\\/12\\\/bantam-logo.png\",\"width\":320,\"height\":71,\"caption\":\"Bantam Wankm\u00fcller SA\"},\"image\":{\"@id\":\"https:\\\/\\\/shop.bantam.ch\\\/fr\\\/#\\\/schema\\\/logo\\\/image\\\/\"}}]}<\/script>\n<!-- \/ Yoast SEO plugin. -->","yoast_head_json":{"title":"Set LevelControl et iNet-Box - Bantam Wankm\u00fcller SA","robots":{"index":"index","follow":"follow","max-snippet":"max-snippet:-1","max-image-preview":"max-image-preview:large","max-video-preview":"max-video-preview:-1"},"canonical":"https:\/\/shop.bantam.ch\/fr\/produit\/set-levelcontrol-et-inet-box\/","og_locale":"fr_FR","og_type":"article","og_title":"Set LevelControl et iNet-Box - Bantam Wankm\u00fcller SA","og_description":"LevelControl :Le Truma LevelControl utilise des ultrasons pour mesurer la quantit\u00e9 de gaz contenue dans la bouteille. L&rsquo;appareil transmet les donn\u00e9es via Bluetooth \u00e0 la Truma iNet Box et celle-ci \u00e0 la tablette ou au smartphone de vos clients. L&rsquo;application Truma vous donne un aper\u00e7u de votre niveau d&rsquo;essence et du temps restant. Les clients [&hellip;]","og_url":"https:\/\/shop.bantam.ch\/fr\/produit\/set-levelcontrol-et-inet-box\/","og_site_name":"Bantam Wankm\u00fcller SA","article_modified_time":"2026-04-19T20:32:13+00:00","og_image":[{"width":1000,"height":707,"url":"https:\/\/shop.bantam.ch\/wp-content\/uploads\/2023\/03\/993199812.jpg","type":"image\/jpeg"}],"twitter_card":"summary_large_image","twitter_misc":{"Dur\u00e9e de lecture estim\u00e9e":"2 minutes"},"schema":{"@context":"https:\/\/schema.org","@graph":[{"@type":"WebPage","@id":"https:\/\/shop.bantam.ch\/fr\/produit\/set-levelcontrol-et-inet-box\/","url":"https:\/\/shop.bantam.ch\/fr\/produit\/set-levelcontrol-et-inet-box\/","name":"Set LevelControl et iNet-Box - Bantam Wankm\u00fcller SA","isPartOf":{"@id":"https:\/\/shop.bantam.ch\/fr\/#website"},"primaryImageOfPage":{"@id":"https:\/\/shop.bantam.ch\/fr\/produit\/set-levelcontrol-et-inet-box\/#primaryimage"},"image":{"@id":"https:\/\/shop.bantam.ch\/fr\/produit\/set-levelcontrol-et-inet-box\/#primaryimage"},"thumbnailUrl":"https:\/\/shop.bantam.ch\/wp-content\/uploads\/2023\/03\/993199812.jpg","datePublished":"2023-03-23T15:29:16+00:00","dateModified":"2026-04-19T20:32:13+00:00","breadcrumb":{"@id":"https:\/\/shop.bantam.ch\/fr\/produit\/set-levelcontrol-et-inet-box\/#breadcrumb"},"inLanguage":"fr-FR","potentialAction":[{"@type":"ReadAction","target":["https:\/\/shop.bantam.ch\/fr\/produit\/set-levelcontrol-et-inet-box\/"]}]},{"@type":"ImageObject","inLanguage":"fr-FR","@id":"https:\/\/shop.bantam.ch\/fr\/produit\/set-levelcontrol-et-inet-box\/#primaryimage","url":"https:\/\/shop.bantam.ch\/wp-content\/uploads\/2023\/03\/993199812.jpg","contentUrl":"https:\/\/shop.bantam.ch\/wp-content\/uploads\/2023\/03\/993199812.jpg","width":1000,"height":707},{"@type":"BreadcrumbList","@id":"https:\/\/shop.bantam.ch\/fr\/produit\/set-levelcontrol-et-inet-box\/#breadcrumb","itemListElement":[{"@type":"ListItem","position":1,"name":"Accueil","item":"https:\/\/shop.bantam.ch\/fr\/"},{"@type":"ListItem","position":2,"name":"Boutique","item":"https:\/\/shop.bantam.ch\/fr\/boutique\/"},{"@type":"ListItem","position":3,"name":"Set LevelControl et iNet-Box"}]},{"@type":"WebSite","@id":"https:\/\/shop.bantam.ch\/fr\/#website","url":"https:\/\/shop.bantam.ch\/fr\/","name":"Bantam Wankm\u00fcller SA","description":"","publisher":{"@id":"https:\/\/shop.bantam.ch\/fr\/#organization"},"inLanguage":"fr-FR"},{"@type":"Organization","@id":"https:\/\/shop.bantam.ch\/fr\/#organization","name":"Bantam Wankm\u00fcller SA","url":"https:\/\/shop.bantam.ch\/fr\/","logo":{"@type":"ImageObject","inLanguage":"fr-FR","@id":"https:\/\/shop.bantam.ch\/fr\/#\/schema\/logo\/image\/","url":"https:\/\/shop.bantam.ch\/wp-content\/uploads\/2022\/12\/bantam-logo.png","contentUrl":"https:\/\/shop.bantam.ch\/wp-content\/uploads\/2022\/12\/bantam-logo.png","width":320,"height":71,"caption":"Bantam Wankm\u00fcller SA"},"image":{"@id":"https:\/\/shop.bantam.ch\/fr\/#\/schema\/logo\/image\/"}}]}},"_links":{"self":[{"href":"https:\/\/shop.bantam.ch\/fr\/wp-json\/wp\/v2\/product\/158807","targetHints":{"allow":["GET"]}}],"collection":[{"href":"https:\/\/shop.bantam.ch\/fr\/wp-json\/wp\/v2\/product"}],"about":[{"href":"https:\/\/shop.bantam.ch\/fr\/wp-json\/wp\/v2\/types\/product"}],"wp:featuredmedia":[{"embeddable":true,"href":"https:\/\/shop.bantam.ch\/fr\/wp-json\/wp\/v2\/media\/158803"}],"wp:attachment":[{"href":"https:\/\/shop.bantam.ch\/fr\/wp-json\/wp\/v2\/media?parent=158807"}],"wp:term":[{"taxonomy":"product_featured_cat","embeddable":true,"href":"https:\/\/shop.bantam.ch\/fr\/wp-json\/wp\/v2\/product_featured_cat?post=158807"},{"taxonomy":"product_brand","embeddable":true,"href":"https:\/\/shop.bantam.ch\/fr\/wp-json\/wp\/v2\/product_brand?post=158807"},{"taxonomy":"product_cat","embeddable":true,"href":"https:\/\/shop.bantam.ch\/fr\/wp-json\/wp\/v2\/product_cat?post=158807"},{"taxonomy":"product_tag","embeddable":true,"href":"https:\/\/shop.bantam.ch\/fr\/wp-json\/wp\/v2\/product_tag?post=158807"}],"curies":[{"name":"wp","href":"https:\/\/api.w.org\/{rel}","templated":true}]}}