{"id":158725,"date":"2023-03-23T16:27:27","date_gmt":"2023-03-23T15:27:27","guid":{"rendered":"https:\/\/shop.bantam.ch\/produit\/recepteur-hd-420-ci\/"},"modified":"2026-05-09T22:26:17","modified_gmt":"2026-05-09T20:26:17","slug":"recepteur-hd-420-ci","status":"publish","type":"product","link":"https:\/\/shop.bantam.ch\/fr\/produit\/recepteur-hd-420-ci\/","title":{"rendered":"R\u00e9cepteur HD 420 CI"},"content":{"rendered":"<p>Affichez des images TV d\u2019une grande nettet\u00e9 de programmes TVHD en clair avec une r\u00e9solution allant jusqu&rsquo;\u00e0 1080i L\u2019interface CI en combinaison avec un module CI et la SmartCard correspondante permet le d\u00e9cryptage des cha\u00eenes de t\u00e9l\u00e9vision payante. Port USB 2.0 pour la diffusion multim\u00e9dia. \u00c9coutez votre collection de musique, de vid\u00e9os et d&rsquo;images directement depuis votre r\u00e9cepteur. Imm\u00e9diatement pr\u00eat \u00e0 l&#8217;emploi &#8211; listes des cha\u00eenes pr\u00e9programm\u00e9es pour Astra et Hotbird. Faible consommation d&rsquo;\u00e9nergie en veille autant qu\u2019en fonctionnement.<\/p>\n<\/p>\n<ul>\n<li>Poids : 0,45 kg<\/li>\n<\/ul>\n","protected":false},"excerpt":{"rendered":"<p>Affichez des images TV d\u2019une grande nettet\u00e9 de programmes TVHD en clair avec une r\u00e9solution allant jusqu&rsquo;\u00e0 1080i L\u2019interface CI en combinaison avec un module CI et la SmartCard correspondante permet le d\u00e9cryptage des cha\u00eenes de t\u00e9l\u00e9vision payante. Port USB 2.0 pour la diffusion multim\u00e9dia. \u00c9coutez votre collection de musique, de vid\u00e9os et d&rsquo;images directement [&hellip;]<\/p>\n","protected":false},"featured_media":158723,"template":"","meta":{"_acf_changed":false},"product_featured_cat":[],"product_brand":[3200],"product_cat":[4069],"product_tag":[],"class_list":{"0":"post-158725","1":"product","2":"type-product","3":"status-publish","4":"has-post-thumbnail","6":"product_brand-megasat","7":"product_cat-televiseur","9":"first","10":"instock","11":"taxable","12":"shipping-taxable","13":"purchasable","14":"product-type-simple"},"acf":[],"yoast_head":"<!-- This site is optimized with the Yoast SEO plugin v27.5 - https:\/\/yoast.com\/product\/yoast-seo-wordpress\/ -->\n<title>R\u00e9cepteur HD 420 CI - Bantam<\/title>\n<meta name=\"robots\" content=\"index, follow, max-snippet:-1, max-image-preview:large, max-video-preview:-1\" \/>\n<link rel=\"canonical\" href=\"https:\/\/shop.bantam.ch\/fr\/produit\/recepteur-hd-420-ci\/\" \/>\n<meta property=\"og:locale\" content=\"fr_FR\" \/>\n<meta property=\"og:type\" content=\"article\" \/>\n<meta property=\"og:title\" content=\"R\u00e9cepteur HD 420 CI - Bantam\" \/>\n<meta property=\"og:description\" content=\"Affichez des images TV d\u2019une grande nettet\u00e9 de programmes TVHD en clair avec une r\u00e9solution allant jusqu&rsquo;\u00e0 1080i L\u2019interface CI en combinaison avec un module CI et la SmartCard correspondante permet le d\u00e9cryptage des cha\u00eenes de t\u00e9l\u00e9vision payante. Port USB 2.0 pour la diffusion multim\u00e9dia. \u00c9coutez votre collection de musique, de vid\u00e9os et d&rsquo;images directement [&hellip;]\" \/>\n<meta property=\"og:url\" content=\"https:\/\/shop.bantam.ch\/fr\/produit\/recepteur-hd-420-ci\/\" \/>\n<meta property=\"og:site_name\" content=\"Bantam\" \/>\n<meta property=\"article:modified_time\" content=\"2026-05-09T20:26:17+00:00\" \/>\n<meta property=\"og:image\" content=\"https:\/\/shop.bantam.ch\/wp-content\/uploads\/2023\/03\/9951589-100-1-3.jpg\" \/>\n\t<meta property=\"og:image:width\" content=\"1000\" \/>\n\t<meta property=\"og:image:height\" content=\"179\" \/>\n\t<meta property=\"og:image:type\" content=\"image\/jpeg\" \/>\n<meta name=\"twitter:card\" content=\"summary_large_image\" \/>\n<script type=\"application\/ld+json\" class=\"yoast-schema-graph\">{\"@context\":\"https:\\\/\\\/schema.org\",\"@graph\":[{\"@type\":\"WebPage\",\"@id\":\"https:\\\/\\\/shop.bantam.ch\\\/fr\\\/produit\\\/recepteur-hd-420-ci\\\/\",\"url\":\"https:\\\/\\\/shop.bantam.ch\\\/fr\\\/produit\\\/recepteur-hd-420-ci\\\/\",\"name\":\"R\u00e9cepteur HD 420 CI - Bantam\",\"isPartOf\":{\"@id\":\"https:\\\/\\\/shop.bantam.ch\\\/fr\\\/#website\"},\"primaryImageOfPage\":{\"@id\":\"https:\\\/\\\/shop.bantam.ch\\\/fr\\\/produit\\\/recepteur-hd-420-ci\\\/#primaryimage\"},\"image\":{\"@id\":\"https:\\\/\\\/shop.bantam.ch\\\/fr\\\/produit\\\/recepteur-hd-420-ci\\\/#primaryimage\"},\"thumbnailUrl\":\"https:\\\/\\\/shop.bantam.ch\\\/wp-content\\\/uploads\\\/2023\\\/03\\\/9951589-100-1-3.jpg\",\"datePublished\":\"2023-03-23T15:27:27+00:00\",\"dateModified\":\"2026-05-09T20:26:17+00:00\",\"breadcrumb\":{\"@id\":\"https:\\\/\\\/shop.bantam.ch\\\/fr\\\/produit\\\/recepteur-hd-420-ci\\\/#breadcrumb\"},\"inLanguage\":\"fr-FR\",\"potentialAction\":[{\"@type\":\"ReadAction\",\"target\":[\"https:\\\/\\\/shop.bantam.ch\\\/fr\\\/produit\\\/recepteur-hd-420-ci\\\/\"]}]},{\"@type\":\"ImageObject\",\"inLanguage\":\"fr-FR\",\"@id\":\"https:\\\/\\\/shop.bantam.ch\\\/fr\\\/produit\\\/recepteur-hd-420-ci\\\/#primaryimage\",\"url\":\"https:\\\/\\\/shop.bantam.ch\\\/wp-content\\\/uploads\\\/2023\\\/03\\\/9951589-100-1-3.jpg\",\"contentUrl\":\"https:\\\/\\\/shop.bantam.ch\\\/wp-content\\\/uploads\\\/2023\\\/03\\\/9951589-100-1-3.jpg\",\"width\":1000,\"height\":179},{\"@type\":\"BreadcrumbList\",\"@id\":\"https:\\\/\\\/shop.bantam.ch\\\/fr\\\/produit\\\/recepteur-hd-420-ci\\\/#breadcrumb\",\"itemListElement\":[{\"@type\":\"ListItem\",\"position\":1,\"name\":\"Accueil\",\"item\":\"https:\\\/\\\/shop.bantam.ch\\\/fr\\\/\"},{\"@type\":\"ListItem\",\"position\":2,\"name\":\"Boutique\",\"item\":\"https:\\\/\\\/shop.bantam.ch\\\/fr\\\/boutique\\\/\"},{\"@type\":\"ListItem\",\"position\":3,\"name\":\"R\u00e9cepteur HD 420 CI\"}]},{\"@type\":\"WebSite\",\"@id\":\"https:\\\/\\\/shop.bantam.ch\\\/fr\\\/#website\",\"url\":\"https:\\\/\\\/shop.bantam.ch\\\/fr\\\/\",\"name\":\"Bantam\",\"description\":\"\",\"publisher\":{\"@id\":\"https:\\\/\\\/shop.bantam.ch\\\/fr\\\/#organization\"},\"inLanguage\":\"fr-FR\"},{\"@type\":\"Organization\",\"@id\":\"https:\\\/\\\/shop.bantam.ch\\\/fr\\\/#organization\",\"name\":\"Bantam\",\"url\":\"https:\\\/\\\/shop.bantam.ch\\\/fr\\\/\",\"logo\":{\"@type\":\"ImageObject\",\"inLanguage\":\"fr-FR\",\"@id\":\"https:\\\/\\\/shop.bantam.ch\\\/fr\\\/#\\\/schema\\\/logo\\\/image\\\/\",\"url\":\"https:\\\/\\\/shop.bantam.ch\\\/wp-content\\\/uploads\\\/2022\\\/12\\\/bantam-logo.png\",\"contentUrl\":\"https:\\\/\\\/shop.bantam.ch\\\/wp-content\\\/uploads\\\/2022\\\/12\\\/bantam-logo.png\",\"width\":320,\"height\":71,\"caption\":\"Bantam\"},\"image\":{\"@id\":\"https:\\\/\\\/shop.bantam.ch\\\/fr\\\/#\\\/schema\\\/logo\\\/image\\\/\"}}]}<\/script>\n<!-- \/ Yoast SEO plugin. -->","yoast_head_json":{"title":"R\u00e9cepteur HD 420 CI - Bantam","robots":{"index":"index","follow":"follow","max-snippet":"max-snippet:-1","max-image-preview":"max-image-preview:large","max-video-preview":"max-video-preview:-1"},"canonical":"https:\/\/shop.bantam.ch\/fr\/produit\/recepteur-hd-420-ci\/","og_locale":"fr_FR","og_type":"article","og_title":"R\u00e9cepteur HD 420 CI - Bantam","og_description":"Affichez des images TV d\u2019une grande nettet\u00e9 de programmes TVHD en clair avec une r\u00e9solution allant jusqu&rsquo;\u00e0 1080i L\u2019interface CI en combinaison avec un module CI et la SmartCard correspondante permet le d\u00e9cryptage des cha\u00eenes de t\u00e9l\u00e9vision payante. Port USB 2.0 pour la diffusion multim\u00e9dia. \u00c9coutez votre collection de musique, de vid\u00e9os et d&rsquo;images directement [&hellip;]","og_url":"https:\/\/shop.bantam.ch\/fr\/produit\/recepteur-hd-420-ci\/","og_site_name":"Bantam","article_modified_time":"2026-05-09T20:26:17+00:00","og_image":[{"width":1000,"height":179,"url":"https:\/\/shop.bantam.ch\/wp-content\/uploads\/2023\/03\/9951589-100-1-3.jpg","type":"image\/jpeg"}],"twitter_card":"summary_large_image","schema":{"@context":"https:\/\/schema.org","@graph":[{"@type":"WebPage","@id":"https:\/\/shop.bantam.ch\/fr\/produit\/recepteur-hd-420-ci\/","url":"https:\/\/shop.bantam.ch\/fr\/produit\/recepteur-hd-420-ci\/","name":"R\u00e9cepteur HD 420 CI - Bantam","isPartOf":{"@id":"https:\/\/shop.bantam.ch\/fr\/#website"},"primaryImageOfPage":{"@id":"https:\/\/shop.bantam.ch\/fr\/produit\/recepteur-hd-420-ci\/#primaryimage"},"image":{"@id":"https:\/\/shop.bantam.ch\/fr\/produit\/recepteur-hd-420-ci\/#primaryimage"},"thumbnailUrl":"https:\/\/shop.bantam.ch\/wp-content\/uploads\/2023\/03\/9951589-100-1-3.jpg","datePublished":"2023-03-23T15:27:27+00:00","dateModified":"2026-05-09T20:26:17+00:00","breadcrumb":{"@id":"https:\/\/shop.bantam.ch\/fr\/produit\/recepteur-hd-420-ci\/#breadcrumb"},"inLanguage":"fr-FR","potentialAction":[{"@type":"ReadAction","target":["https:\/\/shop.bantam.ch\/fr\/produit\/recepteur-hd-420-ci\/"]}]},{"@type":"ImageObject","inLanguage":"fr-FR","@id":"https:\/\/shop.bantam.ch\/fr\/produit\/recepteur-hd-420-ci\/#primaryimage","url":"https:\/\/shop.bantam.ch\/wp-content\/uploads\/2023\/03\/9951589-100-1-3.jpg","contentUrl":"https:\/\/shop.bantam.ch\/wp-content\/uploads\/2023\/03\/9951589-100-1-3.jpg","width":1000,"height":179},{"@type":"BreadcrumbList","@id":"https:\/\/shop.bantam.ch\/fr\/produit\/recepteur-hd-420-ci\/#breadcrumb","itemListElement":[{"@type":"ListItem","position":1,"name":"Accueil","item":"https:\/\/shop.bantam.ch\/fr\/"},{"@type":"ListItem","position":2,"name":"Boutique","item":"https:\/\/shop.bantam.ch\/fr\/boutique\/"},{"@type":"ListItem","position":3,"name":"R\u00e9cepteur HD 420 CI"}]},{"@type":"WebSite","@id":"https:\/\/shop.bantam.ch\/fr\/#website","url":"https:\/\/shop.bantam.ch\/fr\/","name":"Bantam","description":"","publisher":{"@id":"https:\/\/shop.bantam.ch\/fr\/#organization"},"inLanguage":"fr-FR"},{"@type":"Organization","@id":"https:\/\/shop.bantam.ch\/fr\/#organization","name":"Bantam","url":"https:\/\/shop.bantam.ch\/fr\/","logo":{"@type":"ImageObject","inLanguage":"fr-FR","@id":"https:\/\/shop.bantam.ch\/fr\/#\/schema\/logo\/image\/","url":"https:\/\/shop.bantam.ch\/wp-content\/uploads\/2022\/12\/bantam-logo.png","contentUrl":"https:\/\/shop.bantam.ch\/wp-content\/uploads\/2022\/12\/bantam-logo.png","width":320,"height":71,"caption":"Bantam"},"image":{"@id":"https:\/\/shop.bantam.ch\/fr\/#\/schema\/logo\/image\/"}}]}},"_links":{"self":[{"href":"https:\/\/shop.bantam.ch\/fr\/wp-json\/wp\/v2\/product\/158725","targetHints":{"allow":["GET"]}}],"collection":[{"href":"https:\/\/shop.bantam.ch\/fr\/wp-json\/wp\/v2\/product"}],"about":[{"href":"https:\/\/shop.bantam.ch\/fr\/wp-json\/wp\/v2\/types\/product"}],"wp:featuredmedia":[{"embeddable":true,"href":"https:\/\/shop.bantam.ch\/fr\/wp-json\/wp\/v2\/media\/158723"}],"wp:attachment":[{"href":"https:\/\/shop.bantam.ch\/fr\/wp-json\/wp\/v2\/media?parent=158725"}],"wp:term":[{"taxonomy":"product_featured_cat","embeddable":true,"href":"https:\/\/shop.bantam.ch\/fr\/wp-json\/wp\/v2\/product_featured_cat?post=158725"},{"taxonomy":"product_brand","embeddable":true,"href":"https:\/\/shop.bantam.ch\/fr\/wp-json\/wp\/v2\/product_brand?post=158725"},{"taxonomy":"product_cat","embeddable":true,"href":"https:\/\/shop.bantam.ch\/fr\/wp-json\/wp\/v2\/product_cat?post=158725"},{"taxonomy":"product_tag","embeddable":true,"href":"https:\/\/shop.bantam.ch\/fr\/wp-json\/wp\/v2\/product_tag?post=158725"}],"curies":[{"name":"wp","href":"https:\/\/api.w.org\/{rel}","templated":true}]}}