{"id":158685,"date":"2023-03-23T16:26:39","date_gmt":"2023-03-23T15:26:39","guid":{"rendered":"https:\/\/shop.bantam.ch\/produit\/rechaud-vega\/"},"modified":"2026-05-10T22:25:54","modified_gmt":"2026-05-10T20:25:54","slug":"rechaud-vega","status":"publish","type":"product","link":"https:\/\/shop.bantam.ch\/fr\/produit\/rechaud-vega\/","title":{"rendered":"R\u00e9chaud \u00e0 gaz Optimus Vega"},"content":{"rendered":"<p>Cuisini\u00e8re multifonctionnelle toute l&rsquo;ann\u00e9e, \u00e9galement lors de temp\u00e9ratures inf\u00e9rieures \u00e0 0 \u00b0C. Utilisez simplement le mode 4 saisons et tournez la cartouche de gaz \u00e0 l&rsquo;envers et les pieds int\u00e9gr\u00e9s pour envoyer du GPL par le tuyau. Ainsi, la soupe chauffe parfaitement, m\u00eame \u00e0 moins 20 \u00b0C. Avec la fonction \u00ab\u00a0Turbo Boost\u00a0\u00bb du mode 4\u00a0saisons, le temps de cuisson se r\u00e9duit de jusqu\u2019\u00e0 20\u00a0%. Avec le foyer le plus profond de sa cat\u00e9gorie, cette cuisini\u00e8re puissante est extr\u00eamement polyvalente et suffisamment robuste pour les grandes casseroles. De plus, la flamme peut \u00eatre r\u00e9gl\u00e9e avec pr\u00e9cision, de sorte la cuisson peut \u00eatre lente sans br\u00fbler.<\/p>\n<p>Contenu de la livraison : <br \/>Cuisini\u00e8re <br \/>Etui de casserole <br \/>Pare-vent <br \/>Notice d\u2019utilisation<\/p>\n<ul>\n<li>Combustible : gaz<\/li>\n<li>Temps d\u2019\u00e9bullition : env. 3:00 min \/ 1 l<\/li>\n<\/ul>\n","protected":false},"excerpt":{"rendered":"<p>Cuisini\u00e8re multifonctionnelle toute l&rsquo;ann\u00e9e, \u00e9galement lors de temp\u00e9ratures inf\u00e9rieures \u00e0 0 \u00b0C. Utilisez simplement le mode 4 saisons et tournez la cartouche de gaz \u00e0 l&rsquo;envers et les pieds int\u00e9gr\u00e9s pour envoyer du GPL par le tuyau. Ainsi, la soupe chauffe parfaitement, m\u00eame \u00e0 moins 20 \u00b0C. Avec la fonction \u00ab\u00a0Turbo Boost\u00a0\u00bb du mode 4\u00a0saisons, [&hellip;]<\/p>\n","protected":false},"featured_media":158679,"template":"","meta":{"_acf_changed":false},"product_featured_cat":[],"product_brand":[3442],"product_cat":[4305],"product_tag":[],"class_list":{"0":"post-158685","1":"product","2":"type-product","3":"status-publish","4":"has-post-thumbnail","6":"product_brand-optimus","7":"product_cat-rechauds","9":"first","10":"instock","11":"taxable","12":"shipping-taxable","13":"purchasable","14":"product-type-simple"},"acf":[],"yoast_head":"<!-- This site is optimized with the Yoast SEO plugin v27.5 - https:\/\/yoast.com\/product\/yoast-seo-wordpress\/ -->\n<title>R\u00e9chaud \u00e0 gaz Optimus Vega - Bantam<\/title>\n<meta name=\"robots\" content=\"index, follow, max-snippet:-1, max-image-preview:large, max-video-preview:-1\" \/>\n<link rel=\"canonical\" href=\"https:\/\/shop.bantam.ch\/fr\/produit\/rechaud-vega\/\" \/>\n<meta property=\"og:locale\" content=\"fr_FR\" \/>\n<meta property=\"og:type\" content=\"article\" \/>\n<meta property=\"og:title\" content=\"R\u00e9chaud \u00e0 gaz Optimus Vega - Bantam\" \/>\n<meta property=\"og:description\" content=\"Cuisini\u00e8re multifonctionnelle toute l&rsquo;ann\u00e9e, \u00e9galement lors de temp\u00e9ratures inf\u00e9rieures \u00e0 0 \u00b0C. Utilisez simplement le mode 4 saisons et tournez la cartouche de gaz \u00e0 l&rsquo;envers et les pieds int\u00e9gr\u00e9s pour envoyer du GPL par le tuyau. Ainsi, la soupe chauffe parfaitement, m\u00eame \u00e0 moins 20 \u00b0C. Avec la fonction \u00ab\u00a0Turbo Boost\u00a0\u00bb du mode 4\u00a0saisons, [&hellip;]\" \/>\n<meta property=\"og:url\" content=\"https:\/\/shop.bantam.ch\/fr\/produit\/rechaud-vega\/\" \/>\n<meta property=\"og:site_name\" content=\"Bantam\" \/>\n<meta property=\"article:modified_time\" content=\"2026-05-10T20:25:54+00:00\" \/>\n<meta property=\"og:image\" content=\"https:\/\/shop.bantam.ch\/wp-content\/uploads\/2023\/03\/994067921.jpg\" \/>\n\t<meta property=\"og:image:width\" content=\"1000\" \/>\n\t<meta property=\"og:image:height\" content=\"577\" \/>\n\t<meta property=\"og:image:type\" content=\"image\/jpeg\" \/>\n<meta name=\"twitter:card\" content=\"summary_large_image\" \/>\n<meta name=\"twitter:label1\" content=\"Dur\u00e9e de lecture estim\u00e9e\" \/>\n\t<meta name=\"twitter:data1\" content=\"1 minute\" \/>\n<script type=\"application\/ld+json\" class=\"yoast-schema-graph\">{\"@context\":\"https:\\\/\\\/schema.org\",\"@graph\":[{\"@type\":\"WebPage\",\"@id\":\"https:\\\/\\\/shop.bantam.ch\\\/fr\\\/produit\\\/rechaud-vega\\\/\",\"url\":\"https:\\\/\\\/shop.bantam.ch\\\/fr\\\/produit\\\/rechaud-vega\\\/\",\"name\":\"R\u00e9chaud \u00e0 gaz Optimus Vega - Bantam\",\"isPartOf\":{\"@id\":\"https:\\\/\\\/shop.bantam.ch\\\/fr\\\/#website\"},\"primaryImageOfPage\":{\"@id\":\"https:\\\/\\\/shop.bantam.ch\\\/fr\\\/produit\\\/rechaud-vega\\\/#primaryimage\"},\"image\":{\"@id\":\"https:\\\/\\\/shop.bantam.ch\\\/fr\\\/produit\\\/rechaud-vega\\\/#primaryimage\"},\"thumbnailUrl\":\"https:\\\/\\\/shop.bantam.ch\\\/wp-content\\\/uploads\\\/2023\\\/03\\\/994067921.jpg\",\"datePublished\":\"2023-03-23T15:26:39+00:00\",\"dateModified\":\"2026-05-10T20:25:54+00:00\",\"breadcrumb\":{\"@id\":\"https:\\\/\\\/shop.bantam.ch\\\/fr\\\/produit\\\/rechaud-vega\\\/#breadcrumb\"},\"inLanguage\":\"fr-FR\",\"potentialAction\":[{\"@type\":\"ReadAction\",\"target\":[\"https:\\\/\\\/shop.bantam.ch\\\/fr\\\/produit\\\/rechaud-vega\\\/\"]}]},{\"@type\":\"ImageObject\",\"inLanguage\":\"fr-FR\",\"@id\":\"https:\\\/\\\/shop.bantam.ch\\\/fr\\\/produit\\\/rechaud-vega\\\/#primaryimage\",\"url\":\"https:\\\/\\\/shop.bantam.ch\\\/wp-content\\\/uploads\\\/2023\\\/03\\\/994067921.jpg\",\"contentUrl\":\"https:\\\/\\\/shop.bantam.ch\\\/wp-content\\\/uploads\\\/2023\\\/03\\\/994067921.jpg\",\"width\":1000,\"height\":577},{\"@type\":\"BreadcrumbList\",\"@id\":\"https:\\\/\\\/shop.bantam.ch\\\/fr\\\/produit\\\/rechaud-vega\\\/#breadcrumb\",\"itemListElement\":[{\"@type\":\"ListItem\",\"position\":1,\"name\":\"Accueil\",\"item\":\"https:\\\/\\\/shop.bantam.ch\\\/fr\\\/\"},{\"@type\":\"ListItem\",\"position\":2,\"name\":\"Boutique\",\"item\":\"https:\\\/\\\/shop.bantam.ch\\\/fr\\\/boutique\\\/\"},{\"@type\":\"ListItem\",\"position\":3,\"name\":\"R\u00e9chaud \u00e0 gaz Optimus Vega\"}]},{\"@type\":\"WebSite\",\"@id\":\"https:\\\/\\\/shop.bantam.ch\\\/fr\\\/#website\",\"url\":\"https:\\\/\\\/shop.bantam.ch\\\/fr\\\/\",\"name\":\"Bantam\",\"description\":\"\",\"publisher\":{\"@id\":\"https:\\\/\\\/shop.bantam.ch\\\/fr\\\/#organization\"},\"inLanguage\":\"fr-FR\"},{\"@type\":\"Organization\",\"@id\":\"https:\\\/\\\/shop.bantam.ch\\\/fr\\\/#organization\",\"name\":\"Bantam\",\"url\":\"https:\\\/\\\/shop.bantam.ch\\\/fr\\\/\",\"logo\":{\"@type\":\"ImageObject\",\"inLanguage\":\"fr-FR\",\"@id\":\"https:\\\/\\\/shop.bantam.ch\\\/fr\\\/#\\\/schema\\\/logo\\\/image\\\/\",\"url\":\"https:\\\/\\\/shop.bantam.ch\\\/wp-content\\\/uploads\\\/2022\\\/12\\\/bantam-logo.png\",\"contentUrl\":\"https:\\\/\\\/shop.bantam.ch\\\/wp-content\\\/uploads\\\/2022\\\/12\\\/bantam-logo.png\",\"width\":320,\"height\":71,\"caption\":\"Bantam\"},\"image\":{\"@id\":\"https:\\\/\\\/shop.bantam.ch\\\/fr\\\/#\\\/schema\\\/logo\\\/image\\\/\"}}]}<\/script>\n<!-- \/ Yoast SEO plugin. -->","yoast_head_json":{"title":"R\u00e9chaud \u00e0 gaz Optimus Vega - Bantam","robots":{"index":"index","follow":"follow","max-snippet":"max-snippet:-1","max-image-preview":"max-image-preview:large","max-video-preview":"max-video-preview:-1"},"canonical":"https:\/\/shop.bantam.ch\/fr\/produit\/rechaud-vega\/","og_locale":"fr_FR","og_type":"article","og_title":"R\u00e9chaud \u00e0 gaz Optimus Vega - Bantam","og_description":"Cuisini\u00e8re multifonctionnelle toute l&rsquo;ann\u00e9e, \u00e9galement lors de temp\u00e9ratures inf\u00e9rieures \u00e0 0 \u00b0C. Utilisez simplement le mode 4 saisons et tournez la cartouche de gaz \u00e0 l&rsquo;envers et les pieds int\u00e9gr\u00e9s pour envoyer du GPL par le tuyau. Ainsi, la soupe chauffe parfaitement, m\u00eame \u00e0 moins 20 \u00b0C. Avec la fonction \u00ab\u00a0Turbo Boost\u00a0\u00bb du mode 4\u00a0saisons, [&hellip;]","og_url":"https:\/\/shop.bantam.ch\/fr\/produit\/rechaud-vega\/","og_site_name":"Bantam","article_modified_time":"2026-05-10T20:25:54+00:00","og_image":[{"width":1000,"height":577,"url":"https:\/\/shop.bantam.ch\/wp-content\/uploads\/2023\/03\/994067921.jpg","type":"image\/jpeg"}],"twitter_card":"summary_large_image","twitter_misc":{"Dur\u00e9e de lecture estim\u00e9e":"1 minute"},"schema":{"@context":"https:\/\/schema.org","@graph":[{"@type":"WebPage","@id":"https:\/\/shop.bantam.ch\/fr\/produit\/rechaud-vega\/","url":"https:\/\/shop.bantam.ch\/fr\/produit\/rechaud-vega\/","name":"R\u00e9chaud \u00e0 gaz Optimus Vega - Bantam","isPartOf":{"@id":"https:\/\/shop.bantam.ch\/fr\/#website"},"primaryImageOfPage":{"@id":"https:\/\/shop.bantam.ch\/fr\/produit\/rechaud-vega\/#primaryimage"},"image":{"@id":"https:\/\/shop.bantam.ch\/fr\/produit\/rechaud-vega\/#primaryimage"},"thumbnailUrl":"https:\/\/shop.bantam.ch\/wp-content\/uploads\/2023\/03\/994067921.jpg","datePublished":"2023-03-23T15:26:39+00:00","dateModified":"2026-05-10T20:25:54+00:00","breadcrumb":{"@id":"https:\/\/shop.bantam.ch\/fr\/produit\/rechaud-vega\/#breadcrumb"},"inLanguage":"fr-FR","potentialAction":[{"@type":"ReadAction","target":["https:\/\/shop.bantam.ch\/fr\/produit\/rechaud-vega\/"]}]},{"@type":"ImageObject","inLanguage":"fr-FR","@id":"https:\/\/shop.bantam.ch\/fr\/produit\/rechaud-vega\/#primaryimage","url":"https:\/\/shop.bantam.ch\/wp-content\/uploads\/2023\/03\/994067921.jpg","contentUrl":"https:\/\/shop.bantam.ch\/wp-content\/uploads\/2023\/03\/994067921.jpg","width":1000,"height":577},{"@type":"BreadcrumbList","@id":"https:\/\/shop.bantam.ch\/fr\/produit\/rechaud-vega\/#breadcrumb","itemListElement":[{"@type":"ListItem","position":1,"name":"Accueil","item":"https:\/\/shop.bantam.ch\/fr\/"},{"@type":"ListItem","position":2,"name":"Boutique","item":"https:\/\/shop.bantam.ch\/fr\/boutique\/"},{"@type":"ListItem","position":3,"name":"R\u00e9chaud \u00e0 gaz Optimus Vega"}]},{"@type":"WebSite","@id":"https:\/\/shop.bantam.ch\/fr\/#website","url":"https:\/\/shop.bantam.ch\/fr\/","name":"Bantam","description":"","publisher":{"@id":"https:\/\/shop.bantam.ch\/fr\/#organization"},"inLanguage":"fr-FR"},{"@type":"Organization","@id":"https:\/\/shop.bantam.ch\/fr\/#organization","name":"Bantam","url":"https:\/\/shop.bantam.ch\/fr\/","logo":{"@type":"ImageObject","inLanguage":"fr-FR","@id":"https:\/\/shop.bantam.ch\/fr\/#\/schema\/logo\/image\/","url":"https:\/\/shop.bantam.ch\/wp-content\/uploads\/2022\/12\/bantam-logo.png","contentUrl":"https:\/\/shop.bantam.ch\/wp-content\/uploads\/2022\/12\/bantam-logo.png","width":320,"height":71,"caption":"Bantam"},"image":{"@id":"https:\/\/shop.bantam.ch\/fr\/#\/schema\/logo\/image\/"}}]}},"_links":{"self":[{"href":"https:\/\/shop.bantam.ch\/fr\/wp-json\/wp\/v2\/product\/158685","targetHints":{"allow":["GET"]}}],"collection":[{"href":"https:\/\/shop.bantam.ch\/fr\/wp-json\/wp\/v2\/product"}],"about":[{"href":"https:\/\/shop.bantam.ch\/fr\/wp-json\/wp\/v2\/types\/product"}],"wp:featuredmedia":[{"embeddable":true,"href":"https:\/\/shop.bantam.ch\/fr\/wp-json\/wp\/v2\/media\/158679"}],"wp:attachment":[{"href":"https:\/\/shop.bantam.ch\/fr\/wp-json\/wp\/v2\/media?parent=158685"}],"wp:term":[{"taxonomy":"product_featured_cat","embeddable":true,"href":"https:\/\/shop.bantam.ch\/fr\/wp-json\/wp\/v2\/product_featured_cat?post=158685"},{"taxonomy":"product_brand","embeddable":true,"href":"https:\/\/shop.bantam.ch\/fr\/wp-json\/wp\/v2\/product_brand?post=158685"},{"taxonomy":"product_cat","embeddable":true,"href":"https:\/\/shop.bantam.ch\/fr\/wp-json\/wp\/v2\/product_cat?post=158685"},{"taxonomy":"product_tag","embeddable":true,"href":"https:\/\/shop.bantam.ch\/fr\/wp-json\/wp\/v2\/product_tag?post=158685"}],"curies":[{"name":"wp","href":"https:\/\/api.w.org\/{rel}","templated":true}]}}