{"id":158445,"date":"2023-03-23T16:21:49","date_gmt":"2023-03-23T15:21:49","guid":{"rendered":"https:\/\/shop.bantam.ch\/produit\/housse-de-protection-pour-climatiseur-2\/"},"modified":"2026-04-18T22:26:28","modified_gmt":"2026-04-18T20:26:28","slug":"housse-de-protection-pour-climatiseur-2","status":"publish","type":"product","link":"https:\/\/shop.bantam.ch\/fr\/produit\/housse-de-protection-pour-climatiseur-2\/","title":{"rendered":"Housse de protection pour climatiseur"},"content":{"rendered":"<p>R\u00e9siste \u00e0 l\u2019\u00e9preuve du temps\u00a0! La housse de protection r\u00e9sistante aux intemp\u00e9ries prot\u00e8ge votre climatiseur de toit FreshLight 1600 et 2200 pour une plus longue p\u00e9riode sans utilisation en position verticale.<\/p>\n<p>Mat\u00e9riau :<br \/>100 % polyester<\/p>\n","protected":false},"excerpt":{"rendered":"<p>R\u00e9siste \u00e0 l\u2019\u00e9preuve du temps\u00a0! La housse de protection r\u00e9sistante aux intemp\u00e9ries prot\u00e8ge votre climatiseur de toit FreshLight 1600 et 2200 pour une plus longue p\u00e9riode sans utilisation en position verticale. Mat\u00e9riau :100 % polyester<\/p>\n","protected":false},"featured_media":158443,"template":"","meta":{"_acf_changed":false},"product_featured_cat":[],"product_brand":[3028],"product_cat":[4643],"product_tag":[],"class_list":{"0":"post-158445","1":"product","2":"type-product","3":"status-publish","4":"has-post-thumbnail","6":"product_brand-dometic","7":"product_cat-housses-de-protection","9":"first","10":"instock","11":"taxable","12":"shipping-taxable","13":"purchasable","14":"product-type-simple"},"acf":[],"yoast_head":"<!-- This site is optimized with the Yoast SEO plugin v27.4 - https:\/\/yoast.com\/product\/yoast-seo-wordpress\/ -->\n<title>Housse de protection pour climatiseur - Bantam Wankm\u00fcller SA<\/title>\n<meta name=\"robots\" content=\"index, follow, max-snippet:-1, max-image-preview:large, max-video-preview:-1\" \/>\n<link rel=\"canonical\" href=\"https:\/\/shop.bantam.ch\/fr\/produit\/housse-de-protection-pour-climatiseur-2\/\" \/>\n<meta property=\"og:locale\" content=\"fr_FR\" \/>\n<meta property=\"og:type\" content=\"article\" \/>\n<meta property=\"og:title\" content=\"Housse de protection pour climatiseur - Bantam Wankm\u00fcller SA\" \/>\n<meta property=\"og:description\" content=\"R\u00e9siste \u00e0 l\u2019\u00e9preuve du temps\u00a0! La housse de protection r\u00e9sistante aux intemp\u00e9ries prot\u00e8ge votre climatiseur de toit FreshLight 1600 et 2200 pour une plus longue p\u00e9riode sans utilisation en position verticale. Mat\u00e9riau :100 % polyester\" \/>\n<meta property=\"og:url\" content=\"https:\/\/shop.bantam.ch\/fr\/produit\/housse-de-protection-pour-climatiseur-2\/\" \/>\n<meta property=\"og:site_name\" content=\"Bantam Wankm\u00fcller SA\" \/>\n<meta property=\"article:modified_time\" content=\"2026-04-18T20:26:28+00:00\" \/>\n<meta property=\"og:image\" content=\"https:\/\/shop.bantam.ch\/wp-content\/uploads\/2023\/03\/9907927-Schutzhaube_fuer_FreshLight_Dachklimaanlagen-Standard-01.jpg\" \/>\n\t<meta property=\"og:image:width\" content=\"1000\" \/>\n\t<meta property=\"og:image:height\" content=\"395\" \/>\n\t<meta property=\"og:image:type\" content=\"image\/jpeg\" \/>\n<meta name=\"twitter:card\" content=\"summary_large_image\" \/>\n<script type=\"application\/ld+json\" class=\"yoast-schema-graph\">{\"@context\":\"https:\\\/\\\/schema.org\",\"@graph\":[{\"@type\":\"WebPage\",\"@id\":\"https:\\\/\\\/shop.bantam.ch\\\/fr\\\/produit\\\/housse-de-protection-pour-climatiseur-2\\\/\",\"url\":\"https:\\\/\\\/shop.bantam.ch\\\/fr\\\/produit\\\/housse-de-protection-pour-climatiseur-2\\\/\",\"name\":\"Housse de protection pour climatiseur - Bantam Wankm\u00fcller SA\",\"isPartOf\":{\"@id\":\"https:\\\/\\\/shop.bantam.ch\\\/fr\\\/#website\"},\"primaryImageOfPage\":{\"@id\":\"https:\\\/\\\/shop.bantam.ch\\\/fr\\\/produit\\\/housse-de-protection-pour-climatiseur-2\\\/#primaryimage\"},\"image\":{\"@id\":\"https:\\\/\\\/shop.bantam.ch\\\/fr\\\/produit\\\/housse-de-protection-pour-climatiseur-2\\\/#primaryimage\"},\"thumbnailUrl\":\"https:\\\/\\\/shop.bantam.ch\\\/wp-content\\\/uploads\\\/2023\\\/03\\\/9907927-Schutzhaube_fuer_FreshLight_Dachklimaanlagen-Standard-01.jpg\",\"datePublished\":\"2023-03-23T15:21:49+00:00\",\"dateModified\":\"2026-04-18T20:26:28+00:00\",\"breadcrumb\":{\"@id\":\"https:\\\/\\\/shop.bantam.ch\\\/fr\\\/produit\\\/housse-de-protection-pour-climatiseur-2\\\/#breadcrumb\"},\"inLanguage\":\"fr-FR\",\"potentialAction\":[{\"@type\":\"ReadAction\",\"target\":[\"https:\\\/\\\/shop.bantam.ch\\\/fr\\\/produit\\\/housse-de-protection-pour-climatiseur-2\\\/\"]}]},{\"@type\":\"ImageObject\",\"inLanguage\":\"fr-FR\",\"@id\":\"https:\\\/\\\/shop.bantam.ch\\\/fr\\\/produit\\\/housse-de-protection-pour-climatiseur-2\\\/#primaryimage\",\"url\":\"https:\\\/\\\/shop.bantam.ch\\\/wp-content\\\/uploads\\\/2023\\\/03\\\/9907927-Schutzhaube_fuer_FreshLight_Dachklimaanlagen-Standard-01.jpg\",\"contentUrl\":\"https:\\\/\\\/shop.bantam.ch\\\/wp-content\\\/uploads\\\/2023\\\/03\\\/9907927-Schutzhaube_fuer_FreshLight_Dachklimaanlagen-Standard-01.jpg\",\"width\":1000,\"height\":395},{\"@type\":\"BreadcrumbList\",\"@id\":\"https:\\\/\\\/shop.bantam.ch\\\/fr\\\/produit\\\/housse-de-protection-pour-climatiseur-2\\\/#breadcrumb\",\"itemListElement\":[{\"@type\":\"ListItem\",\"position\":1,\"name\":\"Accueil\",\"item\":\"https:\\\/\\\/shop.bantam.ch\\\/fr\\\/\"},{\"@type\":\"ListItem\",\"position\":2,\"name\":\"Boutique\",\"item\":\"https:\\\/\\\/shop.bantam.ch\\\/fr\\\/boutique\\\/\"},{\"@type\":\"ListItem\",\"position\":3,\"name\":\"Housse de protection pour climatiseur\"}]},{\"@type\":\"WebSite\",\"@id\":\"https:\\\/\\\/shop.bantam.ch\\\/fr\\\/#website\",\"url\":\"https:\\\/\\\/shop.bantam.ch\\\/fr\\\/\",\"name\":\"Bantam Wankm\u00fcller SA\",\"description\":\"\",\"publisher\":{\"@id\":\"https:\\\/\\\/shop.bantam.ch\\\/fr\\\/#organization\"},\"inLanguage\":\"fr-FR\"},{\"@type\":\"Organization\",\"@id\":\"https:\\\/\\\/shop.bantam.ch\\\/fr\\\/#organization\",\"name\":\"Bantam Wankm\u00fcller SA\",\"url\":\"https:\\\/\\\/shop.bantam.ch\\\/fr\\\/\",\"logo\":{\"@type\":\"ImageObject\",\"inLanguage\":\"fr-FR\",\"@id\":\"https:\\\/\\\/shop.bantam.ch\\\/fr\\\/#\\\/schema\\\/logo\\\/image\\\/\",\"url\":\"https:\\\/\\\/shop.bantam.ch\\\/wp-content\\\/uploads\\\/2022\\\/12\\\/bantam-logo.png\",\"contentUrl\":\"https:\\\/\\\/shop.bantam.ch\\\/wp-content\\\/uploads\\\/2022\\\/12\\\/bantam-logo.png\",\"width\":320,\"height\":71,\"caption\":\"Bantam Wankm\u00fcller SA\"},\"image\":{\"@id\":\"https:\\\/\\\/shop.bantam.ch\\\/fr\\\/#\\\/schema\\\/logo\\\/image\\\/\"}}]}<\/script>\n<!-- \/ Yoast SEO plugin. -->","yoast_head_json":{"title":"Housse de protection pour climatiseur - Bantam Wankm\u00fcller SA","robots":{"index":"index","follow":"follow","max-snippet":"max-snippet:-1","max-image-preview":"max-image-preview:large","max-video-preview":"max-video-preview:-1"},"canonical":"https:\/\/shop.bantam.ch\/fr\/produit\/housse-de-protection-pour-climatiseur-2\/","og_locale":"fr_FR","og_type":"article","og_title":"Housse de protection pour climatiseur - Bantam Wankm\u00fcller SA","og_description":"R\u00e9siste \u00e0 l\u2019\u00e9preuve du temps\u00a0! La housse de protection r\u00e9sistante aux intemp\u00e9ries prot\u00e8ge votre climatiseur de toit FreshLight 1600 et 2200 pour une plus longue p\u00e9riode sans utilisation en position verticale. Mat\u00e9riau :100 % polyester","og_url":"https:\/\/shop.bantam.ch\/fr\/produit\/housse-de-protection-pour-climatiseur-2\/","og_site_name":"Bantam Wankm\u00fcller SA","article_modified_time":"2026-04-18T20:26:28+00:00","og_image":[{"width":1000,"height":395,"url":"https:\/\/shop.bantam.ch\/wp-content\/uploads\/2023\/03\/9907927-Schutzhaube_fuer_FreshLight_Dachklimaanlagen-Standard-01.jpg","type":"image\/jpeg"}],"twitter_card":"summary_large_image","schema":{"@context":"https:\/\/schema.org","@graph":[{"@type":"WebPage","@id":"https:\/\/shop.bantam.ch\/fr\/produit\/housse-de-protection-pour-climatiseur-2\/","url":"https:\/\/shop.bantam.ch\/fr\/produit\/housse-de-protection-pour-climatiseur-2\/","name":"Housse de protection pour climatiseur - Bantam Wankm\u00fcller SA","isPartOf":{"@id":"https:\/\/shop.bantam.ch\/fr\/#website"},"primaryImageOfPage":{"@id":"https:\/\/shop.bantam.ch\/fr\/produit\/housse-de-protection-pour-climatiseur-2\/#primaryimage"},"image":{"@id":"https:\/\/shop.bantam.ch\/fr\/produit\/housse-de-protection-pour-climatiseur-2\/#primaryimage"},"thumbnailUrl":"https:\/\/shop.bantam.ch\/wp-content\/uploads\/2023\/03\/9907927-Schutzhaube_fuer_FreshLight_Dachklimaanlagen-Standard-01.jpg","datePublished":"2023-03-23T15:21:49+00:00","dateModified":"2026-04-18T20:26:28+00:00","breadcrumb":{"@id":"https:\/\/shop.bantam.ch\/fr\/produit\/housse-de-protection-pour-climatiseur-2\/#breadcrumb"},"inLanguage":"fr-FR","potentialAction":[{"@type":"ReadAction","target":["https:\/\/shop.bantam.ch\/fr\/produit\/housse-de-protection-pour-climatiseur-2\/"]}]},{"@type":"ImageObject","inLanguage":"fr-FR","@id":"https:\/\/shop.bantam.ch\/fr\/produit\/housse-de-protection-pour-climatiseur-2\/#primaryimage","url":"https:\/\/shop.bantam.ch\/wp-content\/uploads\/2023\/03\/9907927-Schutzhaube_fuer_FreshLight_Dachklimaanlagen-Standard-01.jpg","contentUrl":"https:\/\/shop.bantam.ch\/wp-content\/uploads\/2023\/03\/9907927-Schutzhaube_fuer_FreshLight_Dachklimaanlagen-Standard-01.jpg","width":1000,"height":395},{"@type":"BreadcrumbList","@id":"https:\/\/shop.bantam.ch\/fr\/produit\/housse-de-protection-pour-climatiseur-2\/#breadcrumb","itemListElement":[{"@type":"ListItem","position":1,"name":"Accueil","item":"https:\/\/shop.bantam.ch\/fr\/"},{"@type":"ListItem","position":2,"name":"Boutique","item":"https:\/\/shop.bantam.ch\/fr\/boutique\/"},{"@type":"ListItem","position":3,"name":"Housse de protection pour climatiseur"}]},{"@type":"WebSite","@id":"https:\/\/shop.bantam.ch\/fr\/#website","url":"https:\/\/shop.bantam.ch\/fr\/","name":"Bantam Wankm\u00fcller SA","description":"","publisher":{"@id":"https:\/\/shop.bantam.ch\/fr\/#organization"},"inLanguage":"fr-FR"},{"@type":"Organization","@id":"https:\/\/shop.bantam.ch\/fr\/#organization","name":"Bantam Wankm\u00fcller SA","url":"https:\/\/shop.bantam.ch\/fr\/","logo":{"@type":"ImageObject","inLanguage":"fr-FR","@id":"https:\/\/shop.bantam.ch\/fr\/#\/schema\/logo\/image\/","url":"https:\/\/shop.bantam.ch\/wp-content\/uploads\/2022\/12\/bantam-logo.png","contentUrl":"https:\/\/shop.bantam.ch\/wp-content\/uploads\/2022\/12\/bantam-logo.png","width":320,"height":71,"caption":"Bantam Wankm\u00fcller SA"},"image":{"@id":"https:\/\/shop.bantam.ch\/fr\/#\/schema\/logo\/image\/"}}]}},"_links":{"self":[{"href":"https:\/\/shop.bantam.ch\/fr\/wp-json\/wp\/v2\/product\/158445","targetHints":{"allow":["GET"]}}],"collection":[{"href":"https:\/\/shop.bantam.ch\/fr\/wp-json\/wp\/v2\/product"}],"about":[{"href":"https:\/\/shop.bantam.ch\/fr\/wp-json\/wp\/v2\/types\/product"}],"wp:featuredmedia":[{"embeddable":true,"href":"https:\/\/shop.bantam.ch\/fr\/wp-json\/wp\/v2\/media\/158443"}],"wp:attachment":[{"href":"https:\/\/shop.bantam.ch\/fr\/wp-json\/wp\/v2\/media?parent=158445"}],"wp:term":[{"taxonomy":"product_featured_cat","embeddable":true,"href":"https:\/\/shop.bantam.ch\/fr\/wp-json\/wp\/v2\/product_featured_cat?post=158445"},{"taxonomy":"product_brand","embeddable":true,"href":"https:\/\/shop.bantam.ch\/fr\/wp-json\/wp\/v2\/product_brand?post=158445"},{"taxonomy":"product_cat","embeddable":true,"href":"https:\/\/shop.bantam.ch\/fr\/wp-json\/wp\/v2\/product_cat?post=158445"},{"taxonomy":"product_tag","embeddable":true,"href":"https:\/\/shop.bantam.ch\/fr\/wp-json\/wp\/v2\/product_tag?post=158445"}],"curies":[{"name":"wp","href":"https:\/\/api.w.org\/{rel}","templated":true}]}}