{"id":158421,"date":"2023-03-23T16:21:06","date_gmt":"2023-03-23T15:21:06","guid":{"rendered":"https:\/\/shop.bantam.ch\/produit\/securite-manque-deau-pour-pompes\/"},"modified":"2026-04-18T22:23:15","modified_gmt":"2026-04-18T20:23:15","slug":"securite-manque-deau-pour-pompes","status":"publish","type":"product","link":"https:\/\/shop.bantam.ch\/fr\/produit\/securite-manque-deau-pour-pompes\/","title":{"rendered":"S\u00e9curit\u00e9 manque d\u2019eau pour pompes"},"content":{"rendered":"<p>Apr\u00e8s la mise en marche (robinet ouvert), la pompe raccord\u00e9e est activ\u00e9e pendant environ 60 secondes, que la pompe transporte ou non de l&rsquo;eau (LED &#8211; verte).<br \/>La pompe reste en marche jusqu&rsquo;\u00e0 ce que le transport de l&rsquo;eau ne soit plus possible (manque d&rsquo;eau, etc.) ou que le robinet soit ferm\u00e9. <br \/>En cas de manque d&rsquo;eau\/de fonctionnement \u00e0 sec, la minuterie du module d&rsquo;extinction est activ\u00e9e. Celle-ci \u00e9teint la pompe apr\u00e8s environ 60 secondes de fonctionnement \u00e0 vide. Cela est indiqu\u00e9 par l&rsquo;allumage de la DEL rouge au niveau du module d&rsquo;extinction. Pour r\u00e9parer l&rsquo;erreur d\u00e9tect\u00e9e, l&rsquo;alimentation \u00e9lectrique doit \u00eatre interrompue en fermant le robinet d&rsquo;eau, et la cause du fonctionnement \u00e0 sec (manque d&rsquo;eau, mauvais \u00e9tat de la pompe) doit \u00eatre \u00e9limin\u00e9e. \u00c0 la prochaine ouverture du robinet, le module d&rsquo;extinction est \u00e0 nouveau activ\u00e9 et la pompe d\u00e9marre. Si le manque d&rsquo;eau est r\u00e9solu, la minuterie d&rsquo;extinction est d\u00e9sactiv\u00e9e et l&rsquo;alimentation en eau fonctionne sans probl\u00e8me jusqu&rsquo;\u00e0 ce qu&rsquo;un nouveau manque d&rsquo;eau soit d\u00e9tect\u00e9.<br \/>La mise en marche et l&rsquo;arr\u00eat du module d&rsquo;extinction se font automatiquement lors de l&rsquo;actionnement des robinetteries d&rsquo;eau.<\/p>\n<\/p>\n<ul>\n<li>Convient pour pompes avec min. 12 W \/ max. 45 W<\/li>\n<\/ul>\n","protected":false},"excerpt":{"rendered":"<p>Apr\u00e8s la mise en marche (robinet ouvert), la pompe raccord\u00e9e est activ\u00e9e pendant environ 60 secondes, que la pompe transporte ou non de l&rsquo;eau (LED &#8211; verte).La pompe reste en marche jusqu&rsquo;\u00e0 ce que le transport de l&rsquo;eau ne soit plus possible (manque d&rsquo;eau, etc.) ou que le robinet soit ferm\u00e9. En cas de manque [&hellip;]<\/p>\n","protected":false},"featured_media":158419,"template":"","meta":{"_acf_changed":false},"product_featured_cat":[],"product_brand":[3110],"product_cat":[4123],"product_tag":[],"class_list":{"0":"post-158421","1":"product","2":"type-product","3":"status-publish","4":"has-post-thumbnail","6":"product_brand-comet","7":"product_cat-accessoires-pour-leau-et-les-sanitaires","9":"first","10":"instock","11":"taxable","12":"shipping-taxable","13":"purchasable","14":"product-type-simple"},"acf":[],"yoast_head":"<!-- This site is optimized with the Yoast SEO plugin v27.4 - https:\/\/yoast.com\/product\/yoast-seo-wordpress\/ -->\n<title>S\u00e9curit\u00e9 manque d\u2019eau pour pompes - Bantam Wankm\u00fcller SA<\/title>\n<meta name=\"robots\" content=\"index, follow, max-snippet:-1, max-image-preview:large, max-video-preview:-1\" \/>\n<link rel=\"canonical\" href=\"https:\/\/shop.bantam.ch\/fr\/produit\/securite-manque-deau-pour-pompes\/\" \/>\n<meta property=\"og:locale\" content=\"fr_FR\" \/>\n<meta property=\"og:type\" content=\"article\" \/>\n<meta property=\"og:title\" content=\"S\u00e9curit\u00e9 manque d\u2019eau pour pompes - Bantam Wankm\u00fcller SA\" \/>\n<meta property=\"og:description\" content=\"Apr\u00e8s la mise en marche (robinet ouvert), la pompe raccord\u00e9e est activ\u00e9e pendant environ 60 secondes, que la pompe transporte ou non de l&rsquo;eau (LED &#8211; verte).La pompe reste en marche jusqu&rsquo;\u00e0 ce que le transport de l&rsquo;eau ne soit plus possible (manque d&rsquo;eau, etc.) ou que le robinet soit ferm\u00e9. En cas de manque [&hellip;]\" \/>\n<meta property=\"og:url\" content=\"https:\/\/shop.bantam.ch\/fr\/produit\/securite-manque-deau-pour-pompes\/\" \/>\n<meta property=\"og:site_name\" content=\"Bantam Wankm\u00fcller SA\" \/>\n<meta property=\"article:modified_time\" content=\"2026-04-18T20:23:15+00:00\" \/>\n<meta property=\"og:image\" content=\"https:\/\/shop.bantam.ch\/wp-content\/uploads\/2023\/03\/9950754-Trockenlaufschutz_Comet-Standard-01.jpg\" \/>\n\t<meta property=\"og:image:width\" content=\"1000\" \/>\n\t<meta property=\"og:image:height\" content=\"1000\" \/>\n\t<meta property=\"og:image:type\" content=\"image\/jpeg\" \/>\n<meta name=\"twitter:card\" content=\"summary_large_image\" \/>\n<meta name=\"twitter:label1\" content=\"Dur\u00e9e de lecture estim\u00e9e\" \/>\n\t<meta name=\"twitter:data1\" content=\"1 minute\" \/>\n<script type=\"application\/ld+json\" class=\"yoast-schema-graph\">{\"@context\":\"https:\\\/\\\/schema.org\",\"@graph\":[{\"@type\":\"WebPage\",\"@id\":\"https:\\\/\\\/shop.bantam.ch\\\/fr\\\/produit\\\/securite-manque-deau-pour-pompes\\\/\",\"url\":\"https:\\\/\\\/shop.bantam.ch\\\/fr\\\/produit\\\/securite-manque-deau-pour-pompes\\\/\",\"name\":\"S\u00e9curit\u00e9 manque d\u2019eau pour pompes - Bantam Wankm\u00fcller SA\",\"isPartOf\":{\"@id\":\"https:\\\/\\\/shop.bantam.ch\\\/fr\\\/#website\"},\"primaryImageOfPage\":{\"@id\":\"https:\\\/\\\/shop.bantam.ch\\\/fr\\\/produit\\\/securite-manque-deau-pour-pompes\\\/#primaryimage\"},\"image\":{\"@id\":\"https:\\\/\\\/shop.bantam.ch\\\/fr\\\/produit\\\/securite-manque-deau-pour-pompes\\\/#primaryimage\"},\"thumbnailUrl\":\"https:\\\/\\\/shop.bantam.ch\\\/wp-content\\\/uploads\\\/2023\\\/03\\\/9950754-Trockenlaufschutz_Comet-Standard-01.jpg\",\"datePublished\":\"2023-03-23T15:21:06+00:00\",\"dateModified\":\"2026-04-18T20:23:15+00:00\",\"breadcrumb\":{\"@id\":\"https:\\\/\\\/shop.bantam.ch\\\/fr\\\/produit\\\/securite-manque-deau-pour-pompes\\\/#breadcrumb\"},\"inLanguage\":\"fr-FR\",\"potentialAction\":[{\"@type\":\"ReadAction\",\"target\":[\"https:\\\/\\\/shop.bantam.ch\\\/fr\\\/produit\\\/securite-manque-deau-pour-pompes\\\/\"]}]},{\"@type\":\"ImageObject\",\"inLanguage\":\"fr-FR\",\"@id\":\"https:\\\/\\\/shop.bantam.ch\\\/fr\\\/produit\\\/securite-manque-deau-pour-pompes\\\/#primaryimage\",\"url\":\"https:\\\/\\\/shop.bantam.ch\\\/wp-content\\\/uploads\\\/2023\\\/03\\\/9950754-Trockenlaufschutz_Comet-Standard-01.jpg\",\"contentUrl\":\"https:\\\/\\\/shop.bantam.ch\\\/wp-content\\\/uploads\\\/2023\\\/03\\\/9950754-Trockenlaufschutz_Comet-Standard-01.jpg\",\"width\":1000,\"height\":1000},{\"@type\":\"BreadcrumbList\",\"@id\":\"https:\\\/\\\/shop.bantam.ch\\\/fr\\\/produit\\\/securite-manque-deau-pour-pompes\\\/#breadcrumb\",\"itemListElement\":[{\"@type\":\"ListItem\",\"position\":1,\"name\":\"Accueil\",\"item\":\"https:\\\/\\\/shop.bantam.ch\\\/fr\\\/\"},{\"@type\":\"ListItem\",\"position\":2,\"name\":\"Boutique\",\"item\":\"https:\\\/\\\/shop.bantam.ch\\\/fr\\\/boutique\\\/\"},{\"@type\":\"ListItem\",\"position\":3,\"name\":\"S\u00e9curit\u00e9 manque d\u2019eau pour pompes\"}]},{\"@type\":\"WebSite\",\"@id\":\"https:\\\/\\\/shop.bantam.ch\\\/fr\\\/#website\",\"url\":\"https:\\\/\\\/shop.bantam.ch\\\/fr\\\/\",\"name\":\"Bantam Wankm\u00fcller SA\",\"description\":\"\",\"publisher\":{\"@id\":\"https:\\\/\\\/shop.bantam.ch\\\/fr\\\/#organization\"},\"inLanguage\":\"fr-FR\"},{\"@type\":\"Organization\",\"@id\":\"https:\\\/\\\/shop.bantam.ch\\\/fr\\\/#organization\",\"name\":\"Bantam Wankm\u00fcller SA\",\"url\":\"https:\\\/\\\/shop.bantam.ch\\\/fr\\\/\",\"logo\":{\"@type\":\"ImageObject\",\"inLanguage\":\"fr-FR\",\"@id\":\"https:\\\/\\\/shop.bantam.ch\\\/fr\\\/#\\\/schema\\\/logo\\\/image\\\/\",\"url\":\"https:\\\/\\\/shop.bantam.ch\\\/wp-content\\\/uploads\\\/2022\\\/12\\\/bantam-logo.png\",\"contentUrl\":\"https:\\\/\\\/shop.bantam.ch\\\/wp-content\\\/uploads\\\/2022\\\/12\\\/bantam-logo.png\",\"width\":320,\"height\":71,\"caption\":\"Bantam Wankm\u00fcller SA\"},\"image\":{\"@id\":\"https:\\\/\\\/shop.bantam.ch\\\/fr\\\/#\\\/schema\\\/logo\\\/image\\\/\"}}]}<\/script>\n<!-- \/ Yoast SEO plugin. -->","yoast_head_json":{"title":"S\u00e9curit\u00e9 manque d\u2019eau pour pompes - Bantam Wankm\u00fcller SA","robots":{"index":"index","follow":"follow","max-snippet":"max-snippet:-1","max-image-preview":"max-image-preview:large","max-video-preview":"max-video-preview:-1"},"canonical":"https:\/\/shop.bantam.ch\/fr\/produit\/securite-manque-deau-pour-pompes\/","og_locale":"fr_FR","og_type":"article","og_title":"S\u00e9curit\u00e9 manque d\u2019eau pour pompes - Bantam Wankm\u00fcller SA","og_description":"Apr\u00e8s la mise en marche (robinet ouvert), la pompe raccord\u00e9e est activ\u00e9e pendant environ 60 secondes, que la pompe transporte ou non de l&rsquo;eau (LED &#8211; verte).La pompe reste en marche jusqu&rsquo;\u00e0 ce que le transport de l&rsquo;eau ne soit plus possible (manque d&rsquo;eau, etc.) ou que le robinet soit ferm\u00e9. En cas de manque [&hellip;]","og_url":"https:\/\/shop.bantam.ch\/fr\/produit\/securite-manque-deau-pour-pompes\/","og_site_name":"Bantam Wankm\u00fcller SA","article_modified_time":"2026-04-18T20:23:15+00:00","og_image":[{"width":1000,"height":1000,"url":"https:\/\/shop.bantam.ch\/wp-content\/uploads\/2023\/03\/9950754-Trockenlaufschutz_Comet-Standard-01.jpg","type":"image\/jpeg"}],"twitter_card":"summary_large_image","twitter_misc":{"Dur\u00e9e de lecture estim\u00e9e":"1 minute"},"schema":{"@context":"https:\/\/schema.org","@graph":[{"@type":"WebPage","@id":"https:\/\/shop.bantam.ch\/fr\/produit\/securite-manque-deau-pour-pompes\/","url":"https:\/\/shop.bantam.ch\/fr\/produit\/securite-manque-deau-pour-pompes\/","name":"S\u00e9curit\u00e9 manque d\u2019eau pour pompes - Bantam Wankm\u00fcller SA","isPartOf":{"@id":"https:\/\/shop.bantam.ch\/fr\/#website"},"primaryImageOfPage":{"@id":"https:\/\/shop.bantam.ch\/fr\/produit\/securite-manque-deau-pour-pompes\/#primaryimage"},"image":{"@id":"https:\/\/shop.bantam.ch\/fr\/produit\/securite-manque-deau-pour-pompes\/#primaryimage"},"thumbnailUrl":"https:\/\/shop.bantam.ch\/wp-content\/uploads\/2023\/03\/9950754-Trockenlaufschutz_Comet-Standard-01.jpg","datePublished":"2023-03-23T15:21:06+00:00","dateModified":"2026-04-18T20:23:15+00:00","breadcrumb":{"@id":"https:\/\/shop.bantam.ch\/fr\/produit\/securite-manque-deau-pour-pompes\/#breadcrumb"},"inLanguage":"fr-FR","potentialAction":[{"@type":"ReadAction","target":["https:\/\/shop.bantam.ch\/fr\/produit\/securite-manque-deau-pour-pompes\/"]}]},{"@type":"ImageObject","inLanguage":"fr-FR","@id":"https:\/\/shop.bantam.ch\/fr\/produit\/securite-manque-deau-pour-pompes\/#primaryimage","url":"https:\/\/shop.bantam.ch\/wp-content\/uploads\/2023\/03\/9950754-Trockenlaufschutz_Comet-Standard-01.jpg","contentUrl":"https:\/\/shop.bantam.ch\/wp-content\/uploads\/2023\/03\/9950754-Trockenlaufschutz_Comet-Standard-01.jpg","width":1000,"height":1000},{"@type":"BreadcrumbList","@id":"https:\/\/shop.bantam.ch\/fr\/produit\/securite-manque-deau-pour-pompes\/#breadcrumb","itemListElement":[{"@type":"ListItem","position":1,"name":"Accueil","item":"https:\/\/shop.bantam.ch\/fr\/"},{"@type":"ListItem","position":2,"name":"Boutique","item":"https:\/\/shop.bantam.ch\/fr\/boutique\/"},{"@type":"ListItem","position":3,"name":"S\u00e9curit\u00e9 manque d\u2019eau pour pompes"}]},{"@type":"WebSite","@id":"https:\/\/shop.bantam.ch\/fr\/#website","url":"https:\/\/shop.bantam.ch\/fr\/","name":"Bantam Wankm\u00fcller SA","description":"","publisher":{"@id":"https:\/\/shop.bantam.ch\/fr\/#organization"},"inLanguage":"fr-FR"},{"@type":"Organization","@id":"https:\/\/shop.bantam.ch\/fr\/#organization","name":"Bantam Wankm\u00fcller SA","url":"https:\/\/shop.bantam.ch\/fr\/","logo":{"@type":"ImageObject","inLanguage":"fr-FR","@id":"https:\/\/shop.bantam.ch\/fr\/#\/schema\/logo\/image\/","url":"https:\/\/shop.bantam.ch\/wp-content\/uploads\/2022\/12\/bantam-logo.png","contentUrl":"https:\/\/shop.bantam.ch\/wp-content\/uploads\/2022\/12\/bantam-logo.png","width":320,"height":71,"caption":"Bantam Wankm\u00fcller SA"},"image":{"@id":"https:\/\/shop.bantam.ch\/fr\/#\/schema\/logo\/image\/"}}]}},"_links":{"self":[{"href":"https:\/\/shop.bantam.ch\/fr\/wp-json\/wp\/v2\/product\/158421","targetHints":{"allow":["GET"]}}],"collection":[{"href":"https:\/\/shop.bantam.ch\/fr\/wp-json\/wp\/v2\/product"}],"about":[{"href":"https:\/\/shop.bantam.ch\/fr\/wp-json\/wp\/v2\/types\/product"}],"wp:featuredmedia":[{"embeddable":true,"href":"https:\/\/shop.bantam.ch\/fr\/wp-json\/wp\/v2\/media\/158419"}],"wp:attachment":[{"href":"https:\/\/shop.bantam.ch\/fr\/wp-json\/wp\/v2\/media?parent=158421"}],"wp:term":[{"taxonomy":"product_featured_cat","embeddable":true,"href":"https:\/\/shop.bantam.ch\/fr\/wp-json\/wp\/v2\/product_featured_cat?post=158421"},{"taxonomy":"product_brand","embeddable":true,"href":"https:\/\/shop.bantam.ch\/fr\/wp-json\/wp\/v2\/product_brand?post=158421"},{"taxonomy":"product_cat","embeddable":true,"href":"https:\/\/shop.bantam.ch\/fr\/wp-json\/wp\/v2\/product_cat?post=158421"},{"taxonomy":"product_tag","embeddable":true,"href":"https:\/\/shop.bantam.ch\/fr\/wp-json\/wp\/v2\/product_tag?post=158421"}],"curies":[{"name":"wp","href":"https:\/\/api.w.org\/{rel}","templated":true}]}}