{"id":158417,"date":"2023-03-23T16:21:01","date_gmt":"2023-03-23T15:21:01","guid":{"rendered":"https:\/\/shop.bantam.ch\/produit\/lampe-dinspection-extensible\/"},"modified":"2026-04-18T22:23:14","modified_gmt":"2026-04-18T20:23:14","slug":"lampe-dinspection-extensible","status":"publish","type":"product","link":"https:\/\/shop.bantam.ch\/fr\/produit\/lampe-dinspection-extensible\/","title":{"rendered":"Lampe d&rsquo;inspection extensible"},"content":{"rendered":"<p>La lampe d\u2018inspection \u00e0 LED claire, t\u00e9lescopique et orientable, est \u00e9quip\u00e9e d\u2018un aimant permettant de l\u2018utiliser comme lampe de travail ou comme lampe de poche pour les loisirs, \u00e0 la maison ou \u00e0 l\u2018atelier. <\/p>\n<p>Contenu de la livraison :<br \/>Piles incluses<\/p>\n","protected":false},"excerpt":{"rendered":"<p>La lampe d\u2018inspection \u00e0 LED claire, t\u00e9lescopique et orientable, est \u00e9quip\u00e9e d\u2018un aimant permettant de l\u2018utiliser comme lampe de travail ou comme lampe de poche pour les loisirs, \u00e0 la maison ou \u00e0 l\u2018atelier. Contenu de la livraison :Piles incluses<\/p>\n","protected":false},"featured_media":158415,"template":"","meta":{"_acf_changed":false},"product_featured_cat":[],"product_brand":[3220],"product_cat":[4885],"product_tag":[],"class_list":{"0":"post-158417","1":"product","2":"type-product","3":"status-publish","4":"has-post-thumbnail","6":"product_brand-ring","7":"product_cat-lampes-de-travail","9":"first","10":"instock","11":"taxable","12":"shipping-taxable","13":"purchasable","14":"product-type-simple"},"acf":[],"yoast_head":"<!-- This site is optimized with the Yoast SEO plugin v27.4 - https:\/\/yoast.com\/product\/yoast-seo-wordpress\/ -->\n<title>Lampe d&#039;inspection extensible - Bantam Wankm\u00fcller SA<\/title>\n<meta name=\"robots\" content=\"index, follow, max-snippet:-1, max-image-preview:large, max-video-preview:-1\" \/>\n<link rel=\"canonical\" href=\"https:\/\/shop.bantam.ch\/fr\/produit\/lampe-dinspection-extensible\/\" \/>\n<meta property=\"og:locale\" content=\"fr_FR\" \/>\n<meta property=\"og:type\" content=\"article\" \/>\n<meta property=\"og:title\" content=\"Lampe d&#039;inspection extensible - Bantam Wankm\u00fcller SA\" \/>\n<meta property=\"og:description\" content=\"La lampe d\u2018inspection \u00e0 LED claire, t\u00e9lescopique et orientable, est \u00e9quip\u00e9e d\u2018un aimant permettant de l\u2018utiliser comme lampe de travail ou comme lampe de poche pour les loisirs, \u00e0 la maison ou \u00e0 l\u2018atelier. Contenu de la livraison :Piles incluses\" \/>\n<meta property=\"og:url\" content=\"https:\/\/shop.bantam.ch\/fr\/produit\/lampe-dinspection-extensible\/\" \/>\n<meta property=\"og:site_name\" content=\"Bantam Wankm\u00fcller SA\" \/>\n<meta property=\"article:modified_time\" content=\"2026-04-18T20:23:14+00:00\" \/>\n<meta property=\"og:image\" content=\"https:\/\/shop.bantam.ch\/wp-content\/uploads\/2023\/03\/9950733-Inspektionslampe_Ring_ausziehbar-Standard-01.jpg\" \/>\n\t<meta property=\"og:image:width\" content=\"203\" \/>\n\t<meta property=\"og:image:height\" content=\"1000\" \/>\n\t<meta property=\"og:image:type\" content=\"image\/jpeg\" \/>\n<meta name=\"twitter:card\" content=\"summary_large_image\" \/>\n<script type=\"application\/ld+json\" class=\"yoast-schema-graph\">{\"@context\":\"https:\\\/\\\/schema.org\",\"@graph\":[{\"@type\":\"WebPage\",\"@id\":\"https:\\\/\\\/shop.bantam.ch\\\/fr\\\/produit\\\/lampe-dinspection-extensible\\\/\",\"url\":\"https:\\\/\\\/shop.bantam.ch\\\/fr\\\/produit\\\/lampe-dinspection-extensible\\\/\",\"name\":\"Lampe d'inspection extensible - Bantam Wankm\u00fcller SA\",\"isPartOf\":{\"@id\":\"https:\\\/\\\/shop.bantam.ch\\\/fr\\\/#website\"},\"primaryImageOfPage\":{\"@id\":\"https:\\\/\\\/shop.bantam.ch\\\/fr\\\/produit\\\/lampe-dinspection-extensible\\\/#primaryimage\"},\"image\":{\"@id\":\"https:\\\/\\\/shop.bantam.ch\\\/fr\\\/produit\\\/lampe-dinspection-extensible\\\/#primaryimage\"},\"thumbnailUrl\":\"https:\\\/\\\/shop.bantam.ch\\\/wp-content\\\/uploads\\\/2023\\\/03\\\/9950733-Inspektionslampe_Ring_ausziehbar-Standard-01.jpg\",\"datePublished\":\"2023-03-23T15:21:01+00:00\",\"dateModified\":\"2026-04-18T20:23:14+00:00\",\"breadcrumb\":{\"@id\":\"https:\\\/\\\/shop.bantam.ch\\\/fr\\\/produit\\\/lampe-dinspection-extensible\\\/#breadcrumb\"},\"inLanguage\":\"fr-FR\",\"potentialAction\":[{\"@type\":\"ReadAction\",\"target\":[\"https:\\\/\\\/shop.bantam.ch\\\/fr\\\/produit\\\/lampe-dinspection-extensible\\\/\"]}]},{\"@type\":\"ImageObject\",\"inLanguage\":\"fr-FR\",\"@id\":\"https:\\\/\\\/shop.bantam.ch\\\/fr\\\/produit\\\/lampe-dinspection-extensible\\\/#primaryimage\",\"url\":\"https:\\\/\\\/shop.bantam.ch\\\/wp-content\\\/uploads\\\/2023\\\/03\\\/9950733-Inspektionslampe_Ring_ausziehbar-Standard-01.jpg\",\"contentUrl\":\"https:\\\/\\\/shop.bantam.ch\\\/wp-content\\\/uploads\\\/2023\\\/03\\\/9950733-Inspektionslampe_Ring_ausziehbar-Standard-01.jpg\",\"width\":203,\"height\":1000},{\"@type\":\"BreadcrumbList\",\"@id\":\"https:\\\/\\\/shop.bantam.ch\\\/fr\\\/produit\\\/lampe-dinspection-extensible\\\/#breadcrumb\",\"itemListElement\":[{\"@type\":\"ListItem\",\"position\":1,\"name\":\"Accueil\",\"item\":\"https:\\\/\\\/shop.bantam.ch\\\/fr\\\/\"},{\"@type\":\"ListItem\",\"position\":2,\"name\":\"Boutique\",\"item\":\"https:\\\/\\\/shop.bantam.ch\\\/fr\\\/boutique\\\/\"},{\"@type\":\"ListItem\",\"position\":3,\"name\":\"Lampe d&#8217;inspection extensible\"}]},{\"@type\":\"WebSite\",\"@id\":\"https:\\\/\\\/shop.bantam.ch\\\/fr\\\/#website\",\"url\":\"https:\\\/\\\/shop.bantam.ch\\\/fr\\\/\",\"name\":\"Bantam Wankm\u00fcller SA\",\"description\":\"\",\"publisher\":{\"@id\":\"https:\\\/\\\/shop.bantam.ch\\\/fr\\\/#organization\"},\"inLanguage\":\"fr-FR\"},{\"@type\":\"Organization\",\"@id\":\"https:\\\/\\\/shop.bantam.ch\\\/fr\\\/#organization\",\"name\":\"Bantam Wankm\u00fcller SA\",\"url\":\"https:\\\/\\\/shop.bantam.ch\\\/fr\\\/\",\"logo\":{\"@type\":\"ImageObject\",\"inLanguage\":\"fr-FR\",\"@id\":\"https:\\\/\\\/shop.bantam.ch\\\/fr\\\/#\\\/schema\\\/logo\\\/image\\\/\",\"url\":\"https:\\\/\\\/shop.bantam.ch\\\/wp-content\\\/uploads\\\/2022\\\/12\\\/bantam-logo.png\",\"contentUrl\":\"https:\\\/\\\/shop.bantam.ch\\\/wp-content\\\/uploads\\\/2022\\\/12\\\/bantam-logo.png\",\"width\":320,\"height\":71,\"caption\":\"Bantam Wankm\u00fcller SA\"},\"image\":{\"@id\":\"https:\\\/\\\/shop.bantam.ch\\\/fr\\\/#\\\/schema\\\/logo\\\/image\\\/\"}}]}<\/script>\n<!-- \/ Yoast SEO plugin. -->","yoast_head_json":{"title":"Lampe d'inspection extensible - Bantam Wankm\u00fcller SA","robots":{"index":"index","follow":"follow","max-snippet":"max-snippet:-1","max-image-preview":"max-image-preview:large","max-video-preview":"max-video-preview:-1"},"canonical":"https:\/\/shop.bantam.ch\/fr\/produit\/lampe-dinspection-extensible\/","og_locale":"fr_FR","og_type":"article","og_title":"Lampe d'inspection extensible - Bantam Wankm\u00fcller SA","og_description":"La lampe d\u2018inspection \u00e0 LED claire, t\u00e9lescopique et orientable, est \u00e9quip\u00e9e d\u2018un aimant permettant de l\u2018utiliser comme lampe de travail ou comme lampe de poche pour les loisirs, \u00e0 la maison ou \u00e0 l\u2018atelier. Contenu de la livraison :Piles incluses","og_url":"https:\/\/shop.bantam.ch\/fr\/produit\/lampe-dinspection-extensible\/","og_site_name":"Bantam Wankm\u00fcller SA","article_modified_time":"2026-04-18T20:23:14+00:00","og_image":[{"width":203,"height":1000,"url":"https:\/\/shop.bantam.ch\/wp-content\/uploads\/2023\/03\/9950733-Inspektionslampe_Ring_ausziehbar-Standard-01.jpg","type":"image\/jpeg"}],"twitter_card":"summary_large_image","schema":{"@context":"https:\/\/schema.org","@graph":[{"@type":"WebPage","@id":"https:\/\/shop.bantam.ch\/fr\/produit\/lampe-dinspection-extensible\/","url":"https:\/\/shop.bantam.ch\/fr\/produit\/lampe-dinspection-extensible\/","name":"Lampe d'inspection extensible - Bantam Wankm\u00fcller SA","isPartOf":{"@id":"https:\/\/shop.bantam.ch\/fr\/#website"},"primaryImageOfPage":{"@id":"https:\/\/shop.bantam.ch\/fr\/produit\/lampe-dinspection-extensible\/#primaryimage"},"image":{"@id":"https:\/\/shop.bantam.ch\/fr\/produit\/lampe-dinspection-extensible\/#primaryimage"},"thumbnailUrl":"https:\/\/shop.bantam.ch\/wp-content\/uploads\/2023\/03\/9950733-Inspektionslampe_Ring_ausziehbar-Standard-01.jpg","datePublished":"2023-03-23T15:21:01+00:00","dateModified":"2026-04-18T20:23:14+00:00","breadcrumb":{"@id":"https:\/\/shop.bantam.ch\/fr\/produit\/lampe-dinspection-extensible\/#breadcrumb"},"inLanguage":"fr-FR","potentialAction":[{"@type":"ReadAction","target":["https:\/\/shop.bantam.ch\/fr\/produit\/lampe-dinspection-extensible\/"]}]},{"@type":"ImageObject","inLanguage":"fr-FR","@id":"https:\/\/shop.bantam.ch\/fr\/produit\/lampe-dinspection-extensible\/#primaryimage","url":"https:\/\/shop.bantam.ch\/wp-content\/uploads\/2023\/03\/9950733-Inspektionslampe_Ring_ausziehbar-Standard-01.jpg","contentUrl":"https:\/\/shop.bantam.ch\/wp-content\/uploads\/2023\/03\/9950733-Inspektionslampe_Ring_ausziehbar-Standard-01.jpg","width":203,"height":1000},{"@type":"BreadcrumbList","@id":"https:\/\/shop.bantam.ch\/fr\/produit\/lampe-dinspection-extensible\/#breadcrumb","itemListElement":[{"@type":"ListItem","position":1,"name":"Accueil","item":"https:\/\/shop.bantam.ch\/fr\/"},{"@type":"ListItem","position":2,"name":"Boutique","item":"https:\/\/shop.bantam.ch\/fr\/boutique\/"},{"@type":"ListItem","position":3,"name":"Lampe d&#8217;inspection extensible"}]},{"@type":"WebSite","@id":"https:\/\/shop.bantam.ch\/fr\/#website","url":"https:\/\/shop.bantam.ch\/fr\/","name":"Bantam Wankm\u00fcller SA","description":"","publisher":{"@id":"https:\/\/shop.bantam.ch\/fr\/#organization"},"inLanguage":"fr-FR"},{"@type":"Organization","@id":"https:\/\/shop.bantam.ch\/fr\/#organization","name":"Bantam Wankm\u00fcller SA","url":"https:\/\/shop.bantam.ch\/fr\/","logo":{"@type":"ImageObject","inLanguage":"fr-FR","@id":"https:\/\/shop.bantam.ch\/fr\/#\/schema\/logo\/image\/","url":"https:\/\/shop.bantam.ch\/wp-content\/uploads\/2022\/12\/bantam-logo.png","contentUrl":"https:\/\/shop.bantam.ch\/wp-content\/uploads\/2022\/12\/bantam-logo.png","width":320,"height":71,"caption":"Bantam Wankm\u00fcller SA"},"image":{"@id":"https:\/\/shop.bantam.ch\/fr\/#\/schema\/logo\/image\/"}}]}},"_links":{"self":[{"href":"https:\/\/shop.bantam.ch\/fr\/wp-json\/wp\/v2\/product\/158417","targetHints":{"allow":["GET"]}}],"collection":[{"href":"https:\/\/shop.bantam.ch\/fr\/wp-json\/wp\/v2\/product"}],"about":[{"href":"https:\/\/shop.bantam.ch\/fr\/wp-json\/wp\/v2\/types\/product"}],"wp:featuredmedia":[{"embeddable":true,"href":"https:\/\/shop.bantam.ch\/fr\/wp-json\/wp\/v2\/media\/158415"}],"wp:attachment":[{"href":"https:\/\/shop.bantam.ch\/fr\/wp-json\/wp\/v2\/media?parent=158417"}],"wp:term":[{"taxonomy":"product_featured_cat","embeddable":true,"href":"https:\/\/shop.bantam.ch\/fr\/wp-json\/wp\/v2\/product_featured_cat?post=158417"},{"taxonomy":"product_brand","embeddable":true,"href":"https:\/\/shop.bantam.ch\/fr\/wp-json\/wp\/v2\/product_brand?post=158417"},{"taxonomy":"product_cat","embeddable":true,"href":"https:\/\/shop.bantam.ch\/fr\/wp-json\/wp\/v2\/product_cat?post=158417"},{"taxonomy":"product_tag","embeddable":true,"href":"https:\/\/shop.bantam.ch\/fr\/wp-json\/wp\/v2\/product_tag?post=158417"}],"curies":[{"name":"wp","href":"https:\/\/api.w.org\/{rel}","templated":true}]}}