{"id":157703,"date":"2023-03-23T16:05:13","date_gmt":"2023-03-23T15:05:13","guid":{"rendered":"https:\/\/shop.bantam.ch\/produit\/mitigeur-ceramique-twist-ut\/"},"modified":"2026-04-18T22:11:08","modified_gmt":"2026-04-18T20:11:08","slug":"mitigeur-ceramique-twist-ut","status":"publish","type":"product","link":"https:\/\/shop.bantam.ch\/fr\/produit\/mitigeur-ceramique-twist-ut\/","title":{"rendered":"Mitigeur Keramik Twist UT chrom\u00e9"},"content":{"rendered":"<p>Le mitigeur c\u00e9ramique Twist\u00a0IT est con\u00e7u comme la robinetterie domestique et affiche une hauteur de seulement 4\u00a0cm\u00a0! La cartouche c\u00e9ramique \u00e9prouv\u00e9e garantit une qualit\u00e9 constante. Tr\u00e8s \u00e9conome en consommation d\u2019eau gr\u00e2ce \u00e0 l\u2019ajustement pr\u00e9cis de la temp\u00e9rature et du d\u00e9bit\u00a0! La cartouche c\u00e9ramique et le microrupteur \u00e9tanche peuvent \u00eatre remplac\u00e9s par le haut sans d\u00e9monter la robinetterie.<\/p>\n<ul>\n<li>Raccordement\u00a0: A5 (le chiffre derri\u00e8re le type de raccordement indique la pression d&rsquo;entr\u00e9e jusqu&rsquo;\u00e0 laquelle la robinetterie peut \u00eatre actionn\u00e9e)<\/li>\n<li>Raccord sous plan\u00a0: 3\/8&Prime;<\/li>\n<li>Longueur du filetage : 24 mm<\/li>\n<li>Indicateur de vidange<\/li>\n<\/ul>\n","protected":false},"excerpt":{"rendered":"<p>Le mitigeur c\u00e9ramique Twist\u00a0IT est con\u00e7u comme la robinetterie domestique et affiche une hauteur de seulement 4\u00a0cm\u00a0! La cartouche c\u00e9ramique \u00e9prouv\u00e9e garantit une qualit\u00e9 constante. Tr\u00e8s \u00e9conome en consommation d\u2019eau gr\u00e2ce \u00e0 l\u2019ajustement pr\u00e9cis de la temp\u00e9rature et du d\u00e9bit\u00a0! La cartouche c\u00e9ramique et le microrupteur \u00e9tanche peuvent \u00eatre remplac\u00e9s par le haut sans d\u00e9monter [&hellip;]<\/p>\n","protected":false},"featured_media":157701,"template":"","meta":{"_acf_changed":false},"product_featured_cat":[],"product_brand":[3112],"product_cat":[4573],"product_tag":[],"class_list":{"0":"post-157703","1":"product","2":"type-product","3":"status-publish","4":"has-post-thumbnail","6":"product_brand-reich","7":"product_cat-mitigeurs-et-robinets-deau-froide","9":"first","10":"instock","11":"taxable","12":"shipping-taxable","13":"purchasable","14":"product-type-simple"},"acf":[],"yoast_head":"<!-- This site is optimized with the Yoast SEO plugin v27.4 - https:\/\/yoast.com\/product\/yoast-seo-wordpress\/ -->\n<title>Mitigeur Keramik Twist UT chrom\u00e9 - Bantam Wankm\u00fcller SA<\/title>\n<meta name=\"robots\" content=\"index, follow, max-snippet:-1, max-image-preview:large, max-video-preview:-1\" \/>\n<link rel=\"canonical\" href=\"https:\/\/shop.bantam.ch\/fr\/produit\/mitigeur-ceramique-twist-ut\/\" \/>\n<meta property=\"og:locale\" content=\"fr_FR\" \/>\n<meta property=\"og:type\" content=\"article\" \/>\n<meta property=\"og:title\" content=\"Mitigeur Keramik Twist UT chrom\u00e9 - Bantam Wankm\u00fcller SA\" \/>\n<meta property=\"og:description\" content=\"Le mitigeur c\u00e9ramique Twist\u00a0IT est con\u00e7u comme la robinetterie domestique et affiche une hauteur de seulement 4\u00a0cm\u00a0! La cartouche c\u00e9ramique \u00e9prouv\u00e9e garantit une qualit\u00e9 constante. Tr\u00e8s \u00e9conome en consommation d\u2019eau gr\u00e2ce \u00e0 l\u2019ajustement pr\u00e9cis de la temp\u00e9rature et du d\u00e9bit\u00a0! La cartouche c\u00e9ramique et le microrupteur \u00e9tanche peuvent \u00eatre remplac\u00e9s par le haut sans d\u00e9monter [&hellip;]\" \/>\n<meta property=\"og:url\" content=\"https:\/\/shop.bantam.ch\/fr\/produit\/mitigeur-ceramique-twist-ut\/\" \/>\n<meta property=\"og:site_name\" content=\"Bantam Wankm\u00fcller SA\" \/>\n<meta property=\"article:modified_time\" content=\"2026-04-18T20:11:08+00:00\" \/>\n<meta property=\"og:image\" content=\"https:\/\/shop.bantam.ch\/wp-content\/uploads\/2023\/03\/997077311.jpg\" \/>\n\t<meta property=\"og:image:width\" content=\"600\" \/>\n\t<meta property=\"og:image:height\" content=\"437\" \/>\n\t<meta property=\"og:image:type\" content=\"image\/jpeg\" \/>\n<meta name=\"twitter:card\" content=\"summary_large_image\" \/>\n<meta name=\"twitter:label1\" content=\"Dur\u00e9e de lecture estim\u00e9e\" \/>\n\t<meta name=\"twitter:data1\" content=\"1 minute\" \/>\n<script type=\"application\/ld+json\" class=\"yoast-schema-graph\">{\"@context\":\"https:\\\/\\\/schema.org\",\"@graph\":[{\"@type\":\"WebPage\",\"@id\":\"https:\\\/\\\/shop.bantam.ch\\\/fr\\\/produit\\\/mitigeur-ceramique-twist-ut\\\/\",\"url\":\"https:\\\/\\\/shop.bantam.ch\\\/fr\\\/produit\\\/mitigeur-ceramique-twist-ut\\\/\",\"name\":\"Mitigeur Keramik Twist UT chrom\u00e9 - Bantam Wankm\u00fcller SA\",\"isPartOf\":{\"@id\":\"https:\\\/\\\/shop.bantam.ch\\\/fr\\\/#website\"},\"primaryImageOfPage\":{\"@id\":\"https:\\\/\\\/shop.bantam.ch\\\/fr\\\/produit\\\/mitigeur-ceramique-twist-ut\\\/#primaryimage\"},\"image\":{\"@id\":\"https:\\\/\\\/shop.bantam.ch\\\/fr\\\/produit\\\/mitigeur-ceramique-twist-ut\\\/#primaryimage\"},\"thumbnailUrl\":\"https:\\\/\\\/shop.bantam.ch\\\/wp-content\\\/uploads\\\/2023\\\/03\\\/997077311.jpg\",\"datePublished\":\"2023-03-23T15:05:13+00:00\",\"dateModified\":\"2026-04-18T20:11:08+00:00\",\"breadcrumb\":{\"@id\":\"https:\\\/\\\/shop.bantam.ch\\\/fr\\\/produit\\\/mitigeur-ceramique-twist-ut\\\/#breadcrumb\"},\"inLanguage\":\"fr-FR\",\"potentialAction\":[{\"@type\":\"ReadAction\",\"target\":[\"https:\\\/\\\/shop.bantam.ch\\\/fr\\\/produit\\\/mitigeur-ceramique-twist-ut\\\/\"]}]},{\"@type\":\"ImageObject\",\"inLanguage\":\"fr-FR\",\"@id\":\"https:\\\/\\\/shop.bantam.ch\\\/fr\\\/produit\\\/mitigeur-ceramique-twist-ut\\\/#primaryimage\",\"url\":\"https:\\\/\\\/shop.bantam.ch\\\/wp-content\\\/uploads\\\/2023\\\/03\\\/997077311.jpg\",\"contentUrl\":\"https:\\\/\\\/shop.bantam.ch\\\/wp-content\\\/uploads\\\/2023\\\/03\\\/997077311.jpg\",\"width\":600,\"height\":437},{\"@type\":\"BreadcrumbList\",\"@id\":\"https:\\\/\\\/shop.bantam.ch\\\/fr\\\/produit\\\/mitigeur-ceramique-twist-ut\\\/#breadcrumb\",\"itemListElement\":[{\"@type\":\"ListItem\",\"position\":1,\"name\":\"Accueil\",\"item\":\"https:\\\/\\\/shop.bantam.ch\\\/fr\\\/\"},{\"@type\":\"ListItem\",\"position\":2,\"name\":\"Boutique\",\"item\":\"https:\\\/\\\/shop.bantam.ch\\\/fr\\\/boutique\\\/\"},{\"@type\":\"ListItem\",\"position\":3,\"name\":\"Mitigeur Keramik Twist UT chrom\u00e9\"}]},{\"@type\":\"WebSite\",\"@id\":\"https:\\\/\\\/shop.bantam.ch\\\/fr\\\/#website\",\"url\":\"https:\\\/\\\/shop.bantam.ch\\\/fr\\\/\",\"name\":\"Bantam Wankm\u00fcller SA\",\"description\":\"\",\"publisher\":{\"@id\":\"https:\\\/\\\/shop.bantam.ch\\\/fr\\\/#organization\"},\"inLanguage\":\"fr-FR\"},{\"@type\":\"Organization\",\"@id\":\"https:\\\/\\\/shop.bantam.ch\\\/fr\\\/#organization\",\"name\":\"Bantam Wankm\u00fcller SA\",\"url\":\"https:\\\/\\\/shop.bantam.ch\\\/fr\\\/\",\"logo\":{\"@type\":\"ImageObject\",\"inLanguage\":\"fr-FR\",\"@id\":\"https:\\\/\\\/shop.bantam.ch\\\/fr\\\/#\\\/schema\\\/logo\\\/image\\\/\",\"url\":\"https:\\\/\\\/shop.bantam.ch\\\/wp-content\\\/uploads\\\/2022\\\/12\\\/bantam-logo.png\",\"contentUrl\":\"https:\\\/\\\/shop.bantam.ch\\\/wp-content\\\/uploads\\\/2022\\\/12\\\/bantam-logo.png\",\"width\":320,\"height\":71,\"caption\":\"Bantam Wankm\u00fcller SA\"},\"image\":{\"@id\":\"https:\\\/\\\/shop.bantam.ch\\\/fr\\\/#\\\/schema\\\/logo\\\/image\\\/\"}}]}<\/script>\n<!-- \/ Yoast SEO plugin. -->","yoast_head_json":{"title":"Mitigeur Keramik Twist UT chrom\u00e9 - Bantam Wankm\u00fcller SA","robots":{"index":"index","follow":"follow","max-snippet":"max-snippet:-1","max-image-preview":"max-image-preview:large","max-video-preview":"max-video-preview:-1"},"canonical":"https:\/\/shop.bantam.ch\/fr\/produit\/mitigeur-ceramique-twist-ut\/","og_locale":"fr_FR","og_type":"article","og_title":"Mitigeur Keramik Twist UT chrom\u00e9 - Bantam Wankm\u00fcller SA","og_description":"Le mitigeur c\u00e9ramique Twist\u00a0IT est con\u00e7u comme la robinetterie domestique et affiche une hauteur de seulement 4\u00a0cm\u00a0! La cartouche c\u00e9ramique \u00e9prouv\u00e9e garantit une qualit\u00e9 constante. Tr\u00e8s \u00e9conome en consommation d\u2019eau gr\u00e2ce \u00e0 l\u2019ajustement pr\u00e9cis de la temp\u00e9rature et du d\u00e9bit\u00a0! La cartouche c\u00e9ramique et le microrupteur \u00e9tanche peuvent \u00eatre remplac\u00e9s par le haut sans d\u00e9monter [&hellip;]","og_url":"https:\/\/shop.bantam.ch\/fr\/produit\/mitigeur-ceramique-twist-ut\/","og_site_name":"Bantam Wankm\u00fcller SA","article_modified_time":"2026-04-18T20:11:08+00:00","og_image":[{"width":600,"height":437,"url":"https:\/\/shop.bantam.ch\/wp-content\/uploads\/2023\/03\/997077311.jpg","type":"image\/jpeg"}],"twitter_card":"summary_large_image","twitter_misc":{"Dur\u00e9e de lecture estim\u00e9e":"1 minute"},"schema":{"@context":"https:\/\/schema.org","@graph":[{"@type":"WebPage","@id":"https:\/\/shop.bantam.ch\/fr\/produit\/mitigeur-ceramique-twist-ut\/","url":"https:\/\/shop.bantam.ch\/fr\/produit\/mitigeur-ceramique-twist-ut\/","name":"Mitigeur Keramik Twist UT chrom\u00e9 - Bantam Wankm\u00fcller SA","isPartOf":{"@id":"https:\/\/shop.bantam.ch\/fr\/#website"},"primaryImageOfPage":{"@id":"https:\/\/shop.bantam.ch\/fr\/produit\/mitigeur-ceramique-twist-ut\/#primaryimage"},"image":{"@id":"https:\/\/shop.bantam.ch\/fr\/produit\/mitigeur-ceramique-twist-ut\/#primaryimage"},"thumbnailUrl":"https:\/\/shop.bantam.ch\/wp-content\/uploads\/2023\/03\/997077311.jpg","datePublished":"2023-03-23T15:05:13+00:00","dateModified":"2026-04-18T20:11:08+00:00","breadcrumb":{"@id":"https:\/\/shop.bantam.ch\/fr\/produit\/mitigeur-ceramique-twist-ut\/#breadcrumb"},"inLanguage":"fr-FR","potentialAction":[{"@type":"ReadAction","target":["https:\/\/shop.bantam.ch\/fr\/produit\/mitigeur-ceramique-twist-ut\/"]}]},{"@type":"ImageObject","inLanguage":"fr-FR","@id":"https:\/\/shop.bantam.ch\/fr\/produit\/mitigeur-ceramique-twist-ut\/#primaryimage","url":"https:\/\/shop.bantam.ch\/wp-content\/uploads\/2023\/03\/997077311.jpg","contentUrl":"https:\/\/shop.bantam.ch\/wp-content\/uploads\/2023\/03\/997077311.jpg","width":600,"height":437},{"@type":"BreadcrumbList","@id":"https:\/\/shop.bantam.ch\/fr\/produit\/mitigeur-ceramique-twist-ut\/#breadcrumb","itemListElement":[{"@type":"ListItem","position":1,"name":"Accueil","item":"https:\/\/shop.bantam.ch\/fr\/"},{"@type":"ListItem","position":2,"name":"Boutique","item":"https:\/\/shop.bantam.ch\/fr\/boutique\/"},{"@type":"ListItem","position":3,"name":"Mitigeur Keramik Twist UT chrom\u00e9"}]},{"@type":"WebSite","@id":"https:\/\/shop.bantam.ch\/fr\/#website","url":"https:\/\/shop.bantam.ch\/fr\/","name":"Bantam Wankm\u00fcller SA","description":"","publisher":{"@id":"https:\/\/shop.bantam.ch\/fr\/#organization"},"inLanguage":"fr-FR"},{"@type":"Organization","@id":"https:\/\/shop.bantam.ch\/fr\/#organization","name":"Bantam Wankm\u00fcller SA","url":"https:\/\/shop.bantam.ch\/fr\/","logo":{"@type":"ImageObject","inLanguage":"fr-FR","@id":"https:\/\/shop.bantam.ch\/fr\/#\/schema\/logo\/image\/","url":"https:\/\/shop.bantam.ch\/wp-content\/uploads\/2022\/12\/bantam-logo.png","contentUrl":"https:\/\/shop.bantam.ch\/wp-content\/uploads\/2022\/12\/bantam-logo.png","width":320,"height":71,"caption":"Bantam Wankm\u00fcller SA"},"image":{"@id":"https:\/\/shop.bantam.ch\/fr\/#\/schema\/logo\/image\/"}}]}},"_links":{"self":[{"href":"https:\/\/shop.bantam.ch\/fr\/wp-json\/wp\/v2\/product\/157703","targetHints":{"allow":["GET"]}}],"collection":[{"href":"https:\/\/shop.bantam.ch\/fr\/wp-json\/wp\/v2\/product"}],"about":[{"href":"https:\/\/shop.bantam.ch\/fr\/wp-json\/wp\/v2\/types\/product"}],"wp:featuredmedia":[{"embeddable":true,"href":"https:\/\/shop.bantam.ch\/fr\/wp-json\/wp\/v2\/media\/157701"}],"wp:attachment":[{"href":"https:\/\/shop.bantam.ch\/fr\/wp-json\/wp\/v2\/media?parent=157703"}],"wp:term":[{"taxonomy":"product_featured_cat","embeddable":true,"href":"https:\/\/shop.bantam.ch\/fr\/wp-json\/wp\/v2\/product_featured_cat?post=157703"},{"taxonomy":"product_brand","embeddable":true,"href":"https:\/\/shop.bantam.ch\/fr\/wp-json\/wp\/v2\/product_brand?post=157703"},{"taxonomy":"product_cat","embeddable":true,"href":"https:\/\/shop.bantam.ch\/fr\/wp-json\/wp\/v2\/product_cat?post=157703"},{"taxonomy":"product_tag","embeddable":true,"href":"https:\/\/shop.bantam.ch\/fr\/wp-json\/wp\/v2\/product_tag?post=157703"}],"curies":[{"name":"wp","href":"https:\/\/api.w.org\/{rel}","templated":true}]}}