{"id":157695,"date":"2023-03-23T16:04:52","date_gmt":"2023-03-23T15:04:52","guid":{"rendered":"https:\/\/shop.bantam.ch\/produit\/mitigeur-ceramique-twist\/"},"modified":"2026-04-18T22:11:02","modified_gmt":"2026-04-18T20:11:02","slug":"mitigeur-ceramique-twist","status":"publish","type":"product","link":"https:\/\/shop.bantam.ch\/fr\/produit\/mitigeur-ceramique-twist\/","title":{"rendered":"Mitigeur mono-levier Reich Keramik Twist chrom\u00e9"},"content":{"rendered":"<p>Mitigeur c\u00e9ramique Twist \u00e9quip\u00e9 d\u2019une cartouche c\u00e9ramique de grande qualit\u00e9 et d\u2019un microrupteur. En retirant le bec verseur, vous pouvez visser une douchette \u00e0 l\u2019aide du raccord filet\u00e9 \u00bd\u201d. Bo\u00eetier plastique de qualit\u00e9 au design raffin\u00e9. La poign\u00e9e facile \u00e0 utiliser assure un m\u00e9lange et un r\u00e9glage optimaux du d\u00e9bit d\u2019eau. Hauteur faible pour installation dans un \u00e9vier avec panneau en verre.<\/p>\n<ul>\n<li>Raccordement\u00a0: A5 (le chiffre derri\u00e8re le type de raccordement indique la pression d&rsquo;entr\u00e9e jusqu&rsquo;\u00e0 laquelle la robinetterie peut \u00eatre actionn\u00e9e)<\/li>\n<li>Longueur du filetage : 2,6\u00a0cm<\/li>\n<\/ul>\n","protected":false},"excerpt":{"rendered":"<p>Mitigeur c\u00e9ramique Twist \u00e9quip\u00e9 d\u2019une cartouche c\u00e9ramique de grande qualit\u00e9 et d\u2019un microrupteur. En retirant le bec verseur, vous pouvez visser une douchette \u00e0 l\u2019aide du raccord filet\u00e9 \u00bd\u201d. Bo\u00eetier plastique de qualit\u00e9 au design raffin\u00e9. La poign\u00e9e facile \u00e0 utiliser assure un m\u00e9lange et un r\u00e9glage optimaux du d\u00e9bit d\u2019eau. Hauteur faible pour installation [&hellip;]<\/p>\n","protected":false},"featured_media":157691,"template":"","meta":{"_acf_changed":false},"product_featured_cat":[],"product_brand":[3112],"product_cat":[4573],"product_tag":[],"class_list":{"0":"post-157695","1":"product","2":"type-product","3":"status-publish","4":"has-post-thumbnail","6":"product_brand-reich","7":"product_cat-mitigeurs-et-robinets-deau-froide","9":"first","10":"instock","11":"taxable","12":"shipping-taxable","13":"purchasable","14":"product-type-simple"},"acf":[],"yoast_head":"<!-- This site is optimized with the Yoast SEO plugin v27.4 - https:\/\/yoast.com\/product\/yoast-seo-wordpress\/ -->\n<title>Mitigeur mono-levier Reich Keramik Twist chrom\u00e9 - Bantam Wankm\u00fcller SA<\/title>\n<meta name=\"robots\" content=\"index, follow, max-snippet:-1, max-image-preview:large, max-video-preview:-1\" \/>\n<link rel=\"canonical\" href=\"https:\/\/shop.bantam.ch\/fr\/produit\/mitigeur-ceramique-twist\/\" \/>\n<meta property=\"og:locale\" content=\"fr_FR\" \/>\n<meta property=\"og:type\" content=\"article\" \/>\n<meta property=\"og:title\" content=\"Mitigeur mono-levier Reich Keramik Twist chrom\u00e9 - Bantam Wankm\u00fcller SA\" \/>\n<meta property=\"og:description\" content=\"Mitigeur c\u00e9ramique Twist \u00e9quip\u00e9 d\u2019une cartouche c\u00e9ramique de grande qualit\u00e9 et d\u2019un microrupteur. En retirant le bec verseur, vous pouvez visser une douchette \u00e0 l\u2019aide du raccord filet\u00e9 \u00bd\u201d. Bo\u00eetier plastique de qualit\u00e9 au design raffin\u00e9. La poign\u00e9e facile \u00e0 utiliser assure un m\u00e9lange et un r\u00e9glage optimaux du d\u00e9bit d\u2019eau. Hauteur faible pour installation [&hellip;]\" \/>\n<meta property=\"og:url\" content=\"https:\/\/shop.bantam.ch\/fr\/produit\/mitigeur-ceramique-twist\/\" \/>\n<meta property=\"og:site_name\" content=\"Bantam Wankm\u00fcller SA\" \/>\n<meta property=\"article:modified_time\" content=\"2026-04-18T20:11:02+00:00\" \/>\n<meta property=\"og:image\" content=\"https:\/\/shop.bantam.ch\/wp-content\/uploads\/2023\/03\/9970120-EHM_Keramik_TWIST-Standard-01.jpg\" \/>\n\t<meta property=\"og:image:width\" content=\"1000\" \/>\n\t<meta property=\"og:image:height\" content=\"715\" \/>\n\t<meta property=\"og:image:type\" content=\"image\/jpeg\" \/>\n<meta name=\"twitter:card\" content=\"summary_large_image\" \/>\n<script type=\"application\/ld+json\" class=\"yoast-schema-graph\">{\"@context\":\"https:\\\/\\\/schema.org\",\"@graph\":[{\"@type\":\"WebPage\",\"@id\":\"https:\\\/\\\/shop.bantam.ch\\\/fr\\\/produit\\\/mitigeur-ceramique-twist\\\/\",\"url\":\"https:\\\/\\\/shop.bantam.ch\\\/fr\\\/produit\\\/mitigeur-ceramique-twist\\\/\",\"name\":\"Mitigeur mono-levier Reich Keramik Twist chrom\u00e9 - Bantam Wankm\u00fcller SA\",\"isPartOf\":{\"@id\":\"https:\\\/\\\/shop.bantam.ch\\\/fr\\\/#website\"},\"primaryImageOfPage\":{\"@id\":\"https:\\\/\\\/shop.bantam.ch\\\/fr\\\/produit\\\/mitigeur-ceramique-twist\\\/#primaryimage\"},\"image\":{\"@id\":\"https:\\\/\\\/shop.bantam.ch\\\/fr\\\/produit\\\/mitigeur-ceramique-twist\\\/#primaryimage\"},\"thumbnailUrl\":\"https:\\\/\\\/shop.bantam.ch\\\/wp-content\\\/uploads\\\/2023\\\/03\\\/9970120-EHM_Keramik_TWIST-Standard-01.jpg\",\"datePublished\":\"2023-03-23T15:04:52+00:00\",\"dateModified\":\"2026-04-18T20:11:02+00:00\",\"breadcrumb\":{\"@id\":\"https:\\\/\\\/shop.bantam.ch\\\/fr\\\/produit\\\/mitigeur-ceramique-twist\\\/#breadcrumb\"},\"inLanguage\":\"fr-FR\",\"potentialAction\":[{\"@type\":\"ReadAction\",\"target\":[\"https:\\\/\\\/shop.bantam.ch\\\/fr\\\/produit\\\/mitigeur-ceramique-twist\\\/\"]}]},{\"@type\":\"ImageObject\",\"inLanguage\":\"fr-FR\",\"@id\":\"https:\\\/\\\/shop.bantam.ch\\\/fr\\\/produit\\\/mitigeur-ceramique-twist\\\/#primaryimage\",\"url\":\"https:\\\/\\\/shop.bantam.ch\\\/wp-content\\\/uploads\\\/2023\\\/03\\\/9970120-EHM_Keramik_TWIST-Standard-01.jpg\",\"contentUrl\":\"https:\\\/\\\/shop.bantam.ch\\\/wp-content\\\/uploads\\\/2023\\\/03\\\/9970120-EHM_Keramik_TWIST-Standard-01.jpg\",\"width\":1000,\"height\":715},{\"@type\":\"BreadcrumbList\",\"@id\":\"https:\\\/\\\/shop.bantam.ch\\\/fr\\\/produit\\\/mitigeur-ceramique-twist\\\/#breadcrumb\",\"itemListElement\":[{\"@type\":\"ListItem\",\"position\":1,\"name\":\"Accueil\",\"item\":\"https:\\\/\\\/shop.bantam.ch\\\/fr\\\/\"},{\"@type\":\"ListItem\",\"position\":2,\"name\":\"Boutique\",\"item\":\"https:\\\/\\\/shop.bantam.ch\\\/fr\\\/boutique\\\/\"},{\"@type\":\"ListItem\",\"position\":3,\"name\":\"Mitigeur mono-levier Reich Keramik Twist chrom\u00e9\"}]},{\"@type\":\"WebSite\",\"@id\":\"https:\\\/\\\/shop.bantam.ch\\\/fr\\\/#website\",\"url\":\"https:\\\/\\\/shop.bantam.ch\\\/fr\\\/\",\"name\":\"Bantam Wankm\u00fcller SA\",\"description\":\"\",\"publisher\":{\"@id\":\"https:\\\/\\\/shop.bantam.ch\\\/fr\\\/#organization\"},\"inLanguage\":\"fr-FR\"},{\"@type\":\"Organization\",\"@id\":\"https:\\\/\\\/shop.bantam.ch\\\/fr\\\/#organization\",\"name\":\"Bantam Wankm\u00fcller SA\",\"url\":\"https:\\\/\\\/shop.bantam.ch\\\/fr\\\/\",\"logo\":{\"@type\":\"ImageObject\",\"inLanguage\":\"fr-FR\",\"@id\":\"https:\\\/\\\/shop.bantam.ch\\\/fr\\\/#\\\/schema\\\/logo\\\/image\\\/\",\"url\":\"https:\\\/\\\/shop.bantam.ch\\\/wp-content\\\/uploads\\\/2022\\\/12\\\/bantam-logo.png\",\"contentUrl\":\"https:\\\/\\\/shop.bantam.ch\\\/wp-content\\\/uploads\\\/2022\\\/12\\\/bantam-logo.png\",\"width\":320,\"height\":71,\"caption\":\"Bantam Wankm\u00fcller SA\"},\"image\":{\"@id\":\"https:\\\/\\\/shop.bantam.ch\\\/fr\\\/#\\\/schema\\\/logo\\\/image\\\/\"}}]}<\/script>\n<!-- \/ Yoast SEO plugin. -->","yoast_head_json":{"title":"Mitigeur mono-levier Reich Keramik Twist chrom\u00e9 - Bantam Wankm\u00fcller SA","robots":{"index":"index","follow":"follow","max-snippet":"max-snippet:-1","max-image-preview":"max-image-preview:large","max-video-preview":"max-video-preview:-1"},"canonical":"https:\/\/shop.bantam.ch\/fr\/produit\/mitigeur-ceramique-twist\/","og_locale":"fr_FR","og_type":"article","og_title":"Mitigeur mono-levier Reich Keramik Twist chrom\u00e9 - Bantam Wankm\u00fcller SA","og_description":"Mitigeur c\u00e9ramique Twist \u00e9quip\u00e9 d\u2019une cartouche c\u00e9ramique de grande qualit\u00e9 et d\u2019un microrupteur. En retirant le bec verseur, vous pouvez visser une douchette \u00e0 l\u2019aide du raccord filet\u00e9 \u00bd\u201d. Bo\u00eetier plastique de qualit\u00e9 au design raffin\u00e9. La poign\u00e9e facile \u00e0 utiliser assure un m\u00e9lange et un r\u00e9glage optimaux du d\u00e9bit d\u2019eau. Hauteur faible pour installation [&hellip;]","og_url":"https:\/\/shop.bantam.ch\/fr\/produit\/mitigeur-ceramique-twist\/","og_site_name":"Bantam Wankm\u00fcller SA","article_modified_time":"2026-04-18T20:11:02+00:00","og_image":[{"width":1000,"height":715,"url":"https:\/\/shop.bantam.ch\/wp-content\/uploads\/2023\/03\/9970120-EHM_Keramik_TWIST-Standard-01.jpg","type":"image\/jpeg"}],"twitter_card":"summary_large_image","schema":{"@context":"https:\/\/schema.org","@graph":[{"@type":"WebPage","@id":"https:\/\/shop.bantam.ch\/fr\/produit\/mitigeur-ceramique-twist\/","url":"https:\/\/shop.bantam.ch\/fr\/produit\/mitigeur-ceramique-twist\/","name":"Mitigeur mono-levier Reich Keramik Twist chrom\u00e9 - Bantam Wankm\u00fcller SA","isPartOf":{"@id":"https:\/\/shop.bantam.ch\/fr\/#website"},"primaryImageOfPage":{"@id":"https:\/\/shop.bantam.ch\/fr\/produit\/mitigeur-ceramique-twist\/#primaryimage"},"image":{"@id":"https:\/\/shop.bantam.ch\/fr\/produit\/mitigeur-ceramique-twist\/#primaryimage"},"thumbnailUrl":"https:\/\/shop.bantam.ch\/wp-content\/uploads\/2023\/03\/9970120-EHM_Keramik_TWIST-Standard-01.jpg","datePublished":"2023-03-23T15:04:52+00:00","dateModified":"2026-04-18T20:11:02+00:00","breadcrumb":{"@id":"https:\/\/shop.bantam.ch\/fr\/produit\/mitigeur-ceramique-twist\/#breadcrumb"},"inLanguage":"fr-FR","potentialAction":[{"@type":"ReadAction","target":["https:\/\/shop.bantam.ch\/fr\/produit\/mitigeur-ceramique-twist\/"]}]},{"@type":"ImageObject","inLanguage":"fr-FR","@id":"https:\/\/shop.bantam.ch\/fr\/produit\/mitigeur-ceramique-twist\/#primaryimage","url":"https:\/\/shop.bantam.ch\/wp-content\/uploads\/2023\/03\/9970120-EHM_Keramik_TWIST-Standard-01.jpg","contentUrl":"https:\/\/shop.bantam.ch\/wp-content\/uploads\/2023\/03\/9970120-EHM_Keramik_TWIST-Standard-01.jpg","width":1000,"height":715},{"@type":"BreadcrumbList","@id":"https:\/\/shop.bantam.ch\/fr\/produit\/mitigeur-ceramique-twist\/#breadcrumb","itemListElement":[{"@type":"ListItem","position":1,"name":"Accueil","item":"https:\/\/shop.bantam.ch\/fr\/"},{"@type":"ListItem","position":2,"name":"Boutique","item":"https:\/\/shop.bantam.ch\/fr\/boutique\/"},{"@type":"ListItem","position":3,"name":"Mitigeur mono-levier Reich Keramik Twist chrom\u00e9"}]},{"@type":"WebSite","@id":"https:\/\/shop.bantam.ch\/fr\/#website","url":"https:\/\/shop.bantam.ch\/fr\/","name":"Bantam Wankm\u00fcller SA","description":"","publisher":{"@id":"https:\/\/shop.bantam.ch\/fr\/#organization"},"inLanguage":"fr-FR"},{"@type":"Organization","@id":"https:\/\/shop.bantam.ch\/fr\/#organization","name":"Bantam Wankm\u00fcller SA","url":"https:\/\/shop.bantam.ch\/fr\/","logo":{"@type":"ImageObject","inLanguage":"fr-FR","@id":"https:\/\/shop.bantam.ch\/fr\/#\/schema\/logo\/image\/","url":"https:\/\/shop.bantam.ch\/wp-content\/uploads\/2022\/12\/bantam-logo.png","contentUrl":"https:\/\/shop.bantam.ch\/wp-content\/uploads\/2022\/12\/bantam-logo.png","width":320,"height":71,"caption":"Bantam Wankm\u00fcller SA"},"image":{"@id":"https:\/\/shop.bantam.ch\/fr\/#\/schema\/logo\/image\/"}}]}},"_links":{"self":[{"href":"https:\/\/shop.bantam.ch\/fr\/wp-json\/wp\/v2\/product\/157695","targetHints":{"allow":["GET"]}}],"collection":[{"href":"https:\/\/shop.bantam.ch\/fr\/wp-json\/wp\/v2\/product"}],"about":[{"href":"https:\/\/shop.bantam.ch\/fr\/wp-json\/wp\/v2\/types\/product"}],"wp:featuredmedia":[{"embeddable":true,"href":"https:\/\/shop.bantam.ch\/fr\/wp-json\/wp\/v2\/media\/157691"}],"wp:attachment":[{"href":"https:\/\/shop.bantam.ch\/fr\/wp-json\/wp\/v2\/media?parent=157695"}],"wp:term":[{"taxonomy":"product_featured_cat","embeddable":true,"href":"https:\/\/shop.bantam.ch\/fr\/wp-json\/wp\/v2\/product_featured_cat?post=157695"},{"taxonomy":"product_brand","embeddable":true,"href":"https:\/\/shop.bantam.ch\/fr\/wp-json\/wp\/v2\/product_brand?post=157695"},{"taxonomy":"product_cat","embeddable":true,"href":"https:\/\/shop.bantam.ch\/fr\/wp-json\/wp\/v2\/product_cat?post=157695"},{"taxonomy":"product_tag","embeddable":true,"href":"https:\/\/shop.bantam.ch\/fr\/wp-json\/wp\/v2\/product_tag?post=157695"}],"curies":[{"name":"wp","href":"https:\/\/api.w.org\/{rel}","templated":true}]}}