{"id":157683,"date":"2023-03-23T16:04:41","date_gmt":"2023-03-23T15:04:41","guid":{"rendered":"https:\/\/shop.bantam.ch\/produit\/mitigeur-trend-sf\/"},"modified":"2026-05-02T22:06:50","modified_gmt":"2026-05-02T20:06:50","slug":"mitigeur-trend-sf","status":"publish","type":"product","link":"https:\/\/shop.bantam.ch\/fr\/produit\/mitigeur-trend-sf\/","title":{"rendered":"Mitigeur c\u00e9ramique Trend SF avec spirale \u00e9lastique"},"content":{"rendered":"<p>Le mitigeur Trend\u00a0SF est sp\u00e9cialement con\u00e7u pour les cuisines. La hauteur totale depuis le plan de travail s\u2019\u00e9l\u00e8ve \u00e0 44\u00a0cm et le bec verseur est \u00e9cart\u00e9 du plan de travail d\u2019environ 18\u00a0cm.<\/p>\n<ul>\n<li>Raccordement\u00a0: A5 (le chiffre derri\u00e8re le type de raccordement indique la pression d&rsquo;entr\u00e9e jusqu&rsquo;\u00e0 laquelle la robinetterie peut \u00eatre actionn\u00e9e)<\/li>\n<li>Embouts pour tuyaux 10-12\u00a0mm, robinet un seul embout<\/li>\n<li>Cartouche c\u00e9ramique<\/li>\n<li>Microrupteur<\/li>\n<li>Longueur du filetage : 4,6 cm<\/li>\n<\/ul>\n","protected":false},"excerpt":{"rendered":"<p>Le mitigeur Trend\u00a0SF est sp\u00e9cialement con\u00e7u pour les cuisines. La hauteur totale depuis le plan de travail s\u2019\u00e9l\u00e8ve \u00e0 44\u00a0cm et le bec verseur est \u00e9cart\u00e9 du plan de travail d\u2019environ 18\u00a0cm. Raccordement\u00a0: A5 (le chiffre derri\u00e8re le type de raccordement indique la pression d&rsquo;entr\u00e9e jusqu&rsquo;\u00e0 laquelle la robinetterie peut \u00eatre actionn\u00e9e) Embouts pour tuyaux [&hellip;]<\/p>\n","protected":false},"featured_media":157679,"template":"","meta":{"_acf_changed":false},"product_featured_cat":[],"product_brand":[3112],"product_cat":[4573],"product_tag":[],"class_list":{"0":"post-157683","1":"product","2":"type-product","3":"status-publish","4":"has-post-thumbnail","6":"product_brand-reich","7":"product_cat-mitigeurs-et-robinets-deau-froide","9":"first","10":"instock","11":"taxable","12":"shipping-taxable","13":"purchasable","14":"product-type-simple"},"acf":[],"yoast_head":"<!-- This site is optimized with the Yoast SEO plugin v27.5 - https:\/\/yoast.com\/product\/yoast-seo-wordpress\/ -->\n<title>Mitigeur c\u00e9ramique Trend SF avec spirale \u00e9lastique - Bantam<\/title>\n<meta name=\"robots\" content=\"index, follow, max-snippet:-1, max-image-preview:large, max-video-preview:-1\" \/>\n<link rel=\"canonical\" href=\"https:\/\/shop.bantam.ch\/fr\/produit\/mitigeur-trend-sf\/\" \/>\n<meta property=\"og:locale\" content=\"fr_FR\" \/>\n<meta property=\"og:type\" content=\"article\" \/>\n<meta property=\"og:title\" content=\"Mitigeur c\u00e9ramique Trend SF avec spirale \u00e9lastique - Bantam\" \/>\n<meta property=\"og:description\" content=\"Le mitigeur Trend\u00a0SF est sp\u00e9cialement con\u00e7u pour les cuisines. La hauteur totale depuis le plan de travail s\u2019\u00e9l\u00e8ve \u00e0 44\u00a0cm et le bec verseur est \u00e9cart\u00e9 du plan de travail d\u2019environ 18\u00a0cm. Raccordement\u00a0: A5 (le chiffre derri\u00e8re le type de raccordement indique la pression d&rsquo;entr\u00e9e jusqu&rsquo;\u00e0 laquelle la robinetterie peut \u00eatre actionn\u00e9e) Embouts pour tuyaux [&hellip;]\" \/>\n<meta property=\"og:url\" content=\"https:\/\/shop.bantam.ch\/fr\/produit\/mitigeur-trend-sf\/\" \/>\n<meta property=\"og:site_name\" content=\"Bantam\" \/>\n<meta property=\"article:modified_time\" content=\"2026-05-02T20:06:50+00:00\" \/>\n<meta property=\"og:image\" content=\"https:\/\/shop.bantam.ch\/wp-content\/uploads\/2023\/03\/9970375-EHM_Keramik_TrendSF_m_Federspirale-Standard-01.jpg\" \/>\n\t<meta property=\"og:image:width\" content=\"654\" \/>\n\t<meta property=\"og:image:height\" content=\"1000\" \/>\n\t<meta property=\"og:image:type\" content=\"image\/jpeg\" \/>\n<meta name=\"twitter:card\" content=\"summary_large_image\" \/>\n<script type=\"application\/ld+json\" class=\"yoast-schema-graph\">{\"@context\":\"https:\\\/\\\/schema.org\",\"@graph\":[{\"@type\":\"WebPage\",\"@id\":\"https:\\\/\\\/shop.bantam.ch\\\/fr\\\/produit\\\/mitigeur-trend-sf\\\/\",\"url\":\"https:\\\/\\\/shop.bantam.ch\\\/fr\\\/produit\\\/mitigeur-trend-sf\\\/\",\"name\":\"Mitigeur c\u00e9ramique Trend SF avec spirale \u00e9lastique - Bantam\",\"isPartOf\":{\"@id\":\"https:\\\/\\\/shop.bantam.ch\\\/fr\\\/#website\"},\"primaryImageOfPage\":{\"@id\":\"https:\\\/\\\/shop.bantam.ch\\\/fr\\\/produit\\\/mitigeur-trend-sf\\\/#primaryimage\"},\"image\":{\"@id\":\"https:\\\/\\\/shop.bantam.ch\\\/fr\\\/produit\\\/mitigeur-trend-sf\\\/#primaryimage\"},\"thumbnailUrl\":\"https:\\\/\\\/shop.bantam.ch\\\/wp-content\\\/uploads\\\/2023\\\/03\\\/9970375-EHM_Keramik_TrendSF_m_Federspirale-Standard-01.jpg\",\"datePublished\":\"2023-03-23T15:04:41+00:00\",\"dateModified\":\"2026-05-02T20:06:50+00:00\",\"breadcrumb\":{\"@id\":\"https:\\\/\\\/shop.bantam.ch\\\/fr\\\/produit\\\/mitigeur-trend-sf\\\/#breadcrumb\"},\"inLanguage\":\"fr-FR\",\"potentialAction\":[{\"@type\":\"ReadAction\",\"target\":[\"https:\\\/\\\/shop.bantam.ch\\\/fr\\\/produit\\\/mitigeur-trend-sf\\\/\"]}]},{\"@type\":\"ImageObject\",\"inLanguage\":\"fr-FR\",\"@id\":\"https:\\\/\\\/shop.bantam.ch\\\/fr\\\/produit\\\/mitigeur-trend-sf\\\/#primaryimage\",\"url\":\"https:\\\/\\\/shop.bantam.ch\\\/wp-content\\\/uploads\\\/2023\\\/03\\\/9970375-EHM_Keramik_TrendSF_m_Federspirale-Standard-01.jpg\",\"contentUrl\":\"https:\\\/\\\/shop.bantam.ch\\\/wp-content\\\/uploads\\\/2023\\\/03\\\/9970375-EHM_Keramik_TrendSF_m_Federspirale-Standard-01.jpg\",\"width\":654,\"height\":1000},{\"@type\":\"BreadcrumbList\",\"@id\":\"https:\\\/\\\/shop.bantam.ch\\\/fr\\\/produit\\\/mitigeur-trend-sf\\\/#breadcrumb\",\"itemListElement\":[{\"@type\":\"ListItem\",\"position\":1,\"name\":\"Accueil\",\"item\":\"https:\\\/\\\/shop.bantam.ch\\\/fr\\\/\"},{\"@type\":\"ListItem\",\"position\":2,\"name\":\"Boutique\",\"item\":\"https:\\\/\\\/shop.bantam.ch\\\/fr\\\/boutique\\\/\"},{\"@type\":\"ListItem\",\"position\":3,\"name\":\"Mitigeur c\u00e9ramique Trend SF avec spirale \u00e9lastique\"}]},{\"@type\":\"WebSite\",\"@id\":\"https:\\\/\\\/shop.bantam.ch\\\/fr\\\/#website\",\"url\":\"https:\\\/\\\/shop.bantam.ch\\\/fr\\\/\",\"name\":\"Bantam\",\"description\":\"\",\"publisher\":{\"@id\":\"https:\\\/\\\/shop.bantam.ch\\\/fr\\\/#organization\"},\"inLanguage\":\"fr-FR\"},{\"@type\":\"Organization\",\"@id\":\"https:\\\/\\\/shop.bantam.ch\\\/fr\\\/#organization\",\"name\":\"Bantam\",\"url\":\"https:\\\/\\\/shop.bantam.ch\\\/fr\\\/\",\"logo\":{\"@type\":\"ImageObject\",\"inLanguage\":\"fr-FR\",\"@id\":\"https:\\\/\\\/shop.bantam.ch\\\/fr\\\/#\\\/schema\\\/logo\\\/image\\\/\",\"url\":\"https:\\\/\\\/shop.bantam.ch\\\/wp-content\\\/uploads\\\/2022\\\/12\\\/bantam-logo.png\",\"contentUrl\":\"https:\\\/\\\/shop.bantam.ch\\\/wp-content\\\/uploads\\\/2022\\\/12\\\/bantam-logo.png\",\"width\":320,\"height\":71,\"caption\":\"Bantam\"},\"image\":{\"@id\":\"https:\\\/\\\/shop.bantam.ch\\\/fr\\\/#\\\/schema\\\/logo\\\/image\\\/\"}}]}<\/script>\n<!-- \/ Yoast SEO plugin. -->","yoast_head_json":{"title":"Mitigeur c\u00e9ramique Trend SF avec spirale \u00e9lastique - Bantam","robots":{"index":"index","follow":"follow","max-snippet":"max-snippet:-1","max-image-preview":"max-image-preview:large","max-video-preview":"max-video-preview:-1"},"canonical":"https:\/\/shop.bantam.ch\/fr\/produit\/mitigeur-trend-sf\/","og_locale":"fr_FR","og_type":"article","og_title":"Mitigeur c\u00e9ramique Trend SF avec spirale \u00e9lastique - Bantam","og_description":"Le mitigeur Trend\u00a0SF est sp\u00e9cialement con\u00e7u pour les cuisines. La hauteur totale depuis le plan de travail s\u2019\u00e9l\u00e8ve \u00e0 44\u00a0cm et le bec verseur est \u00e9cart\u00e9 du plan de travail d\u2019environ 18\u00a0cm. Raccordement\u00a0: A5 (le chiffre derri\u00e8re le type de raccordement indique la pression d&rsquo;entr\u00e9e jusqu&rsquo;\u00e0 laquelle la robinetterie peut \u00eatre actionn\u00e9e) Embouts pour tuyaux [&hellip;]","og_url":"https:\/\/shop.bantam.ch\/fr\/produit\/mitigeur-trend-sf\/","og_site_name":"Bantam","article_modified_time":"2026-05-02T20:06:50+00:00","og_image":[{"width":654,"height":1000,"url":"https:\/\/shop.bantam.ch\/wp-content\/uploads\/2023\/03\/9970375-EHM_Keramik_TrendSF_m_Federspirale-Standard-01.jpg","type":"image\/jpeg"}],"twitter_card":"summary_large_image","schema":{"@context":"https:\/\/schema.org","@graph":[{"@type":"WebPage","@id":"https:\/\/shop.bantam.ch\/fr\/produit\/mitigeur-trend-sf\/","url":"https:\/\/shop.bantam.ch\/fr\/produit\/mitigeur-trend-sf\/","name":"Mitigeur c\u00e9ramique Trend SF avec spirale \u00e9lastique - Bantam","isPartOf":{"@id":"https:\/\/shop.bantam.ch\/fr\/#website"},"primaryImageOfPage":{"@id":"https:\/\/shop.bantam.ch\/fr\/produit\/mitigeur-trend-sf\/#primaryimage"},"image":{"@id":"https:\/\/shop.bantam.ch\/fr\/produit\/mitigeur-trend-sf\/#primaryimage"},"thumbnailUrl":"https:\/\/shop.bantam.ch\/wp-content\/uploads\/2023\/03\/9970375-EHM_Keramik_TrendSF_m_Federspirale-Standard-01.jpg","datePublished":"2023-03-23T15:04:41+00:00","dateModified":"2026-05-02T20:06:50+00:00","breadcrumb":{"@id":"https:\/\/shop.bantam.ch\/fr\/produit\/mitigeur-trend-sf\/#breadcrumb"},"inLanguage":"fr-FR","potentialAction":[{"@type":"ReadAction","target":["https:\/\/shop.bantam.ch\/fr\/produit\/mitigeur-trend-sf\/"]}]},{"@type":"ImageObject","inLanguage":"fr-FR","@id":"https:\/\/shop.bantam.ch\/fr\/produit\/mitigeur-trend-sf\/#primaryimage","url":"https:\/\/shop.bantam.ch\/wp-content\/uploads\/2023\/03\/9970375-EHM_Keramik_TrendSF_m_Federspirale-Standard-01.jpg","contentUrl":"https:\/\/shop.bantam.ch\/wp-content\/uploads\/2023\/03\/9970375-EHM_Keramik_TrendSF_m_Federspirale-Standard-01.jpg","width":654,"height":1000},{"@type":"BreadcrumbList","@id":"https:\/\/shop.bantam.ch\/fr\/produit\/mitigeur-trend-sf\/#breadcrumb","itemListElement":[{"@type":"ListItem","position":1,"name":"Accueil","item":"https:\/\/shop.bantam.ch\/fr\/"},{"@type":"ListItem","position":2,"name":"Boutique","item":"https:\/\/shop.bantam.ch\/fr\/boutique\/"},{"@type":"ListItem","position":3,"name":"Mitigeur c\u00e9ramique Trend SF avec spirale \u00e9lastique"}]},{"@type":"WebSite","@id":"https:\/\/shop.bantam.ch\/fr\/#website","url":"https:\/\/shop.bantam.ch\/fr\/","name":"Bantam","description":"","publisher":{"@id":"https:\/\/shop.bantam.ch\/fr\/#organization"},"inLanguage":"fr-FR"},{"@type":"Organization","@id":"https:\/\/shop.bantam.ch\/fr\/#organization","name":"Bantam","url":"https:\/\/shop.bantam.ch\/fr\/","logo":{"@type":"ImageObject","inLanguage":"fr-FR","@id":"https:\/\/shop.bantam.ch\/fr\/#\/schema\/logo\/image\/","url":"https:\/\/shop.bantam.ch\/wp-content\/uploads\/2022\/12\/bantam-logo.png","contentUrl":"https:\/\/shop.bantam.ch\/wp-content\/uploads\/2022\/12\/bantam-logo.png","width":320,"height":71,"caption":"Bantam"},"image":{"@id":"https:\/\/shop.bantam.ch\/fr\/#\/schema\/logo\/image\/"}}]}},"_links":{"self":[{"href":"https:\/\/shop.bantam.ch\/fr\/wp-json\/wp\/v2\/product\/157683","targetHints":{"allow":["GET"]}}],"collection":[{"href":"https:\/\/shop.bantam.ch\/fr\/wp-json\/wp\/v2\/product"}],"about":[{"href":"https:\/\/shop.bantam.ch\/fr\/wp-json\/wp\/v2\/types\/product"}],"wp:featuredmedia":[{"embeddable":true,"href":"https:\/\/shop.bantam.ch\/fr\/wp-json\/wp\/v2\/media\/157679"}],"wp:attachment":[{"href":"https:\/\/shop.bantam.ch\/fr\/wp-json\/wp\/v2\/media?parent=157683"}],"wp:term":[{"taxonomy":"product_featured_cat","embeddable":true,"href":"https:\/\/shop.bantam.ch\/fr\/wp-json\/wp\/v2\/product_featured_cat?post=157683"},{"taxonomy":"product_brand","embeddable":true,"href":"https:\/\/shop.bantam.ch\/fr\/wp-json\/wp\/v2\/product_brand?post=157683"},{"taxonomy":"product_cat","embeddable":true,"href":"https:\/\/shop.bantam.ch\/fr\/wp-json\/wp\/v2\/product_cat?post=157683"},{"taxonomy":"product_tag","embeddable":true,"href":"https:\/\/shop.bantam.ch\/fr\/wp-json\/wp\/v2\/product_tag?post=157683"}],"curies":[{"name":"wp","href":"https:\/\/api.w.org\/{rel}","templated":true}]}}