{"id":157615,"date":"2023-03-23T16:02:31","date_gmt":"2023-03-23T15:02:31","guid":{"rendered":"https:\/\/shop.bantam.ch\/produit\/booster-wa-1208\/"},"modified":"2026-04-21T22:10:38","modified_gmt":"2026-04-21T20:10:38","slug":"booster-wa-1208","status":"publish","type":"product","link":"https:\/\/shop.bantam.ch\/fr\/produit\/booster-wa-1208\/","title":{"rendered":"Booster WA 1208"},"content":{"rendered":"<p>Le booster WA\u00a01208 augmente la tension de charge disponible dans la caravane jusqu\u2019\u00e0 max. 14,4\u00a0V, pour assurer le chargement optimal de la batterie de la caravane pendant que vous roulez. Si le moteur et le syst\u00e8me d\u2019allumage sont \u00e9teints, le booster d\u00e9branche la batterie de la caravane du v\u00e9hicule tracteur.<\/p>\n<ul>\n<li>Tension d\u2018entr\u00e9e : 9 &#8211; 14,5\u00a0V<\/li>\n<li>Courant de sortie\u00a0: env. 8\u00a0A \u00e0 12\u00a0V<\/li>\n<li>Courant r\u00e9cup\u00e9r\u00e9 depuis la batterie de la caravane\u00a0: &lt;\u00a00,5\u00a0mA<\/li>\n<\/ul>\n","protected":false},"excerpt":{"rendered":"<p>Le booster WA\u00a01208 augmente la tension de charge disponible dans la caravane jusqu\u2019\u00e0 max. 14,4\u00a0V, pour assurer le chargement optimal de la batterie de la caravane pendant que vous roulez. Si le moteur et le syst\u00e8me d\u2019allumage sont \u00e9teints, le booster d\u00e9branche la batterie de la caravane du v\u00e9hicule tracteur. Tension d\u2018entr\u00e9e : 9 &#8211; [&hellip;]<\/p>\n","protected":false},"featured_media":157613,"template":"","meta":{"_acf_changed":false},"product_featured_cat":[],"product_brand":[3078],"product_cat":[4909],"product_tag":[],"class_list":{"0":"post-157615","1":"product","2":"type-product","3":"status-publish","4":"has-post-thumbnail","6":"product_brand-schaudt","7":"product_cat-boosters-de-charge","9":"first","10":"instock","11":"taxable","12":"shipping-taxable","13":"purchasable","14":"product-type-simple"},"acf":[],"yoast_head":"<!-- This site is optimized with the Yoast SEO plugin v27.4 - https:\/\/yoast.com\/product\/yoast-seo-wordpress\/ -->\n<title>Booster WA 1208 - Bantam Wankm\u00fcller SA<\/title>\n<meta name=\"robots\" content=\"index, follow, max-snippet:-1, max-image-preview:large, max-video-preview:-1\" \/>\n<link rel=\"canonical\" href=\"https:\/\/shop.bantam.ch\/fr\/produit\/booster-wa-1208\/\" \/>\n<meta property=\"og:locale\" content=\"fr_FR\" \/>\n<meta property=\"og:type\" content=\"article\" \/>\n<meta property=\"og:title\" content=\"Booster WA 1208 - Bantam Wankm\u00fcller SA\" \/>\n<meta property=\"og:description\" content=\"Le booster WA\u00a01208 augmente la tension de charge disponible dans la caravane jusqu\u2019\u00e0 max. 14,4\u00a0V, pour assurer le chargement optimal de la batterie de la caravane pendant que vous roulez. Si le moteur et le syst\u00e8me d\u2019allumage sont \u00e9teints, le booster d\u00e9branche la batterie de la caravane du v\u00e9hicule tracteur. Tension d\u2018entr\u00e9e : 9 &#8211; [&hellip;]\" \/>\n<meta property=\"og:url\" content=\"https:\/\/shop.bantam.ch\/fr\/produit\/booster-wa-1208\/\" \/>\n<meta property=\"og:site_name\" content=\"Bantam Wankm\u00fcller SA\" \/>\n<meta property=\"article:modified_time\" content=\"2026-04-21T20:10:38+00:00\" \/>\n<meta property=\"og:image\" content=\"https:\/\/shop.bantam.ch\/wp-content\/uploads\/2023\/03\/997294111e1cfwoDHjm5He-scaled.jpg\" \/>\n\t<meta property=\"og:image:width\" content=\"1024\" \/>\n\t<meta property=\"og:image:height\" content=\"797\" \/>\n\t<meta property=\"og:image:type\" content=\"image\/jpeg\" \/>\n<meta name=\"twitter:card\" content=\"summary_large_image\" \/>\n<script type=\"application\/ld+json\" class=\"yoast-schema-graph\">{\"@context\":\"https:\\\/\\\/schema.org\",\"@graph\":[{\"@type\":\"WebPage\",\"@id\":\"https:\\\/\\\/shop.bantam.ch\\\/fr\\\/produit\\\/booster-wa-1208\\\/\",\"url\":\"https:\\\/\\\/shop.bantam.ch\\\/fr\\\/produit\\\/booster-wa-1208\\\/\",\"name\":\"Booster WA 1208 - Bantam Wankm\u00fcller SA\",\"isPartOf\":{\"@id\":\"https:\\\/\\\/shop.bantam.ch\\\/fr\\\/#website\"},\"primaryImageOfPage\":{\"@id\":\"https:\\\/\\\/shop.bantam.ch\\\/fr\\\/produit\\\/booster-wa-1208\\\/#primaryimage\"},\"image\":{\"@id\":\"https:\\\/\\\/shop.bantam.ch\\\/fr\\\/produit\\\/booster-wa-1208\\\/#primaryimage\"},\"thumbnailUrl\":\"https:\\\/\\\/shop.bantam.ch\\\/wp-content\\\/uploads\\\/2023\\\/03\\\/997294111e1cfwoDHjm5He-scaled.jpg\",\"datePublished\":\"2023-03-23T15:02:31+00:00\",\"dateModified\":\"2026-04-21T20:10:38+00:00\",\"breadcrumb\":{\"@id\":\"https:\\\/\\\/shop.bantam.ch\\\/fr\\\/produit\\\/booster-wa-1208\\\/#breadcrumb\"},\"inLanguage\":\"fr-FR\",\"potentialAction\":[{\"@type\":\"ReadAction\",\"target\":[\"https:\\\/\\\/shop.bantam.ch\\\/fr\\\/produit\\\/booster-wa-1208\\\/\"]}]},{\"@type\":\"ImageObject\",\"inLanguage\":\"fr-FR\",\"@id\":\"https:\\\/\\\/shop.bantam.ch\\\/fr\\\/produit\\\/booster-wa-1208\\\/#primaryimage\",\"url\":\"https:\\\/\\\/shop.bantam.ch\\\/wp-content\\\/uploads\\\/2023\\\/03\\\/997294111e1cfwoDHjm5He-scaled.jpg\",\"contentUrl\":\"https:\\\/\\\/shop.bantam.ch\\\/wp-content\\\/uploads\\\/2023\\\/03\\\/997294111e1cfwoDHjm5He-scaled.jpg\",\"width\":2048,\"height\":1594},{\"@type\":\"BreadcrumbList\",\"@id\":\"https:\\\/\\\/shop.bantam.ch\\\/fr\\\/produit\\\/booster-wa-1208\\\/#breadcrumb\",\"itemListElement\":[{\"@type\":\"ListItem\",\"position\":1,\"name\":\"Accueil\",\"item\":\"https:\\\/\\\/shop.bantam.ch\\\/fr\\\/\"},{\"@type\":\"ListItem\",\"position\":2,\"name\":\"Boutique\",\"item\":\"https:\\\/\\\/shop.bantam.ch\\\/fr\\\/boutique\\\/\"},{\"@type\":\"ListItem\",\"position\":3,\"name\":\"Booster WA 1208\"}]},{\"@type\":\"WebSite\",\"@id\":\"https:\\\/\\\/shop.bantam.ch\\\/fr\\\/#website\",\"url\":\"https:\\\/\\\/shop.bantam.ch\\\/fr\\\/\",\"name\":\"Bantam Wankm\u00fcller SA\",\"description\":\"\",\"publisher\":{\"@id\":\"https:\\\/\\\/shop.bantam.ch\\\/fr\\\/#organization\"},\"inLanguage\":\"fr-FR\"},{\"@type\":\"Organization\",\"@id\":\"https:\\\/\\\/shop.bantam.ch\\\/fr\\\/#organization\",\"name\":\"Bantam Wankm\u00fcller SA\",\"url\":\"https:\\\/\\\/shop.bantam.ch\\\/fr\\\/\",\"logo\":{\"@type\":\"ImageObject\",\"inLanguage\":\"fr-FR\",\"@id\":\"https:\\\/\\\/shop.bantam.ch\\\/fr\\\/#\\\/schema\\\/logo\\\/image\\\/\",\"url\":\"https:\\\/\\\/shop.bantam.ch\\\/wp-content\\\/uploads\\\/2022\\\/12\\\/bantam-logo.png\",\"contentUrl\":\"https:\\\/\\\/shop.bantam.ch\\\/wp-content\\\/uploads\\\/2022\\\/12\\\/bantam-logo.png\",\"width\":320,\"height\":71,\"caption\":\"Bantam Wankm\u00fcller SA\"},\"image\":{\"@id\":\"https:\\\/\\\/shop.bantam.ch\\\/fr\\\/#\\\/schema\\\/logo\\\/image\\\/\"}}]}<\/script>\n<!-- \/ Yoast SEO plugin. -->","yoast_head_json":{"title":"Booster WA 1208 - Bantam Wankm\u00fcller SA","robots":{"index":"index","follow":"follow","max-snippet":"max-snippet:-1","max-image-preview":"max-image-preview:large","max-video-preview":"max-video-preview:-1"},"canonical":"https:\/\/shop.bantam.ch\/fr\/produit\/booster-wa-1208\/","og_locale":"fr_FR","og_type":"article","og_title":"Booster WA 1208 - Bantam Wankm\u00fcller SA","og_description":"Le booster WA\u00a01208 augmente la tension de charge disponible dans la caravane jusqu\u2019\u00e0 max. 14,4\u00a0V, pour assurer le chargement optimal de la batterie de la caravane pendant que vous roulez. Si le moteur et le syst\u00e8me d\u2019allumage sont \u00e9teints, le booster d\u00e9branche la batterie de la caravane du v\u00e9hicule tracteur. Tension d\u2018entr\u00e9e : 9 &#8211; [&hellip;]","og_url":"https:\/\/shop.bantam.ch\/fr\/produit\/booster-wa-1208\/","og_site_name":"Bantam Wankm\u00fcller SA","article_modified_time":"2026-04-21T20:10:38+00:00","og_image":[{"url":"https:\/\/shop.bantam.ch\/wp-content\/uploads\/2023\/03\/997294111e1cfwoDHjm5He-scaled.jpg","width":1024,"height":797,"type":"image\/jpeg"}],"twitter_card":"summary_large_image","schema":{"@context":"https:\/\/schema.org","@graph":[{"@type":"WebPage","@id":"https:\/\/shop.bantam.ch\/fr\/produit\/booster-wa-1208\/","url":"https:\/\/shop.bantam.ch\/fr\/produit\/booster-wa-1208\/","name":"Booster WA 1208 - Bantam Wankm\u00fcller SA","isPartOf":{"@id":"https:\/\/shop.bantam.ch\/fr\/#website"},"primaryImageOfPage":{"@id":"https:\/\/shop.bantam.ch\/fr\/produit\/booster-wa-1208\/#primaryimage"},"image":{"@id":"https:\/\/shop.bantam.ch\/fr\/produit\/booster-wa-1208\/#primaryimage"},"thumbnailUrl":"https:\/\/shop.bantam.ch\/wp-content\/uploads\/2023\/03\/997294111e1cfwoDHjm5He-scaled.jpg","datePublished":"2023-03-23T15:02:31+00:00","dateModified":"2026-04-21T20:10:38+00:00","breadcrumb":{"@id":"https:\/\/shop.bantam.ch\/fr\/produit\/booster-wa-1208\/#breadcrumb"},"inLanguage":"fr-FR","potentialAction":[{"@type":"ReadAction","target":["https:\/\/shop.bantam.ch\/fr\/produit\/booster-wa-1208\/"]}]},{"@type":"ImageObject","inLanguage":"fr-FR","@id":"https:\/\/shop.bantam.ch\/fr\/produit\/booster-wa-1208\/#primaryimage","url":"https:\/\/shop.bantam.ch\/wp-content\/uploads\/2023\/03\/997294111e1cfwoDHjm5He-scaled.jpg","contentUrl":"https:\/\/shop.bantam.ch\/wp-content\/uploads\/2023\/03\/997294111e1cfwoDHjm5He-scaled.jpg","width":2048,"height":1594},{"@type":"BreadcrumbList","@id":"https:\/\/shop.bantam.ch\/fr\/produit\/booster-wa-1208\/#breadcrumb","itemListElement":[{"@type":"ListItem","position":1,"name":"Accueil","item":"https:\/\/shop.bantam.ch\/fr\/"},{"@type":"ListItem","position":2,"name":"Boutique","item":"https:\/\/shop.bantam.ch\/fr\/boutique\/"},{"@type":"ListItem","position":3,"name":"Booster WA 1208"}]},{"@type":"WebSite","@id":"https:\/\/shop.bantam.ch\/fr\/#website","url":"https:\/\/shop.bantam.ch\/fr\/","name":"Bantam Wankm\u00fcller SA","description":"","publisher":{"@id":"https:\/\/shop.bantam.ch\/fr\/#organization"},"inLanguage":"fr-FR"},{"@type":"Organization","@id":"https:\/\/shop.bantam.ch\/fr\/#organization","name":"Bantam Wankm\u00fcller SA","url":"https:\/\/shop.bantam.ch\/fr\/","logo":{"@type":"ImageObject","inLanguage":"fr-FR","@id":"https:\/\/shop.bantam.ch\/fr\/#\/schema\/logo\/image\/","url":"https:\/\/shop.bantam.ch\/wp-content\/uploads\/2022\/12\/bantam-logo.png","contentUrl":"https:\/\/shop.bantam.ch\/wp-content\/uploads\/2022\/12\/bantam-logo.png","width":320,"height":71,"caption":"Bantam Wankm\u00fcller SA"},"image":{"@id":"https:\/\/shop.bantam.ch\/fr\/#\/schema\/logo\/image\/"}}]}},"_links":{"self":[{"href":"https:\/\/shop.bantam.ch\/fr\/wp-json\/wp\/v2\/product\/157615","targetHints":{"allow":["GET"]}}],"collection":[{"href":"https:\/\/shop.bantam.ch\/fr\/wp-json\/wp\/v2\/product"}],"about":[{"href":"https:\/\/shop.bantam.ch\/fr\/wp-json\/wp\/v2\/types\/product"}],"wp:featuredmedia":[{"embeddable":true,"href":"https:\/\/shop.bantam.ch\/fr\/wp-json\/wp\/v2\/media\/157613"}],"wp:attachment":[{"href":"https:\/\/shop.bantam.ch\/fr\/wp-json\/wp\/v2\/media?parent=157615"}],"wp:term":[{"taxonomy":"product_featured_cat","embeddable":true,"href":"https:\/\/shop.bantam.ch\/fr\/wp-json\/wp\/v2\/product_featured_cat?post=157615"},{"taxonomy":"product_brand","embeddable":true,"href":"https:\/\/shop.bantam.ch\/fr\/wp-json\/wp\/v2\/product_brand?post=157615"},{"taxonomy":"product_cat","embeddable":true,"href":"https:\/\/shop.bantam.ch\/fr\/wp-json\/wp\/v2\/product_cat?post=157615"},{"taxonomy":"product_tag","embeddable":true,"href":"https:\/\/shop.bantam.ch\/fr\/wp-json\/wp\/v2\/product_tag?post=157615"}],"curies":[{"name":"wp","href":"https:\/\/api.w.org\/{rel}","templated":true}]}}