{"id":157611,"date":"2023-03-23T16:02:24","date_gmt":"2023-03-23T15:02:24","guid":{"rendered":"https:\/\/shop.bantam.ch\/produit\/relais-pour-batterie\/"},"modified":"2026-04-18T22:10:39","modified_gmt":"2026-04-18T20:10:39","slug":"relais-pour-batterie","status":"publish","type":"product","link":"https:\/\/shop.bantam.ch\/fr\/produit\/relais-pour-batterie\/","title":{"rendered":"Relais pour batterie Super B"},"content":{"rendered":"<p>Protection externe contre les surtensions et les sous-tensions pour les dispositifs avec syst\u00e8me de gestion de la batterie et sorties CAN avec c\u00e2ble de connexion pr\u00eat \u00e0 l\u2019emploi pour syst\u00e8mes de 12\u00a0V \u00e0 24\u00a0V. Ce dispositif prot\u00e8ge la batterie au lithium contre les tensions sup\u00e9rieures \u00e0 15\u00a0V et inf\u00e9rieures \u00e0 10\u00a0V. \u00c9l\u00e9ment bistable, n\u2019ayant quasiment aucune consommation propre. Il est absolument indispensable pour les batteries Super-B avec syst\u00e8mes de gestion de la batterie et sorties CAN. Garantie de 3\u00a0ans.<\/p>\n<p>Puissance de commutation\u00a0: 260\u00a0A<\/p>\n","protected":false},"excerpt":{"rendered":"<p>Protection externe contre les surtensions et les sous-tensions pour les dispositifs avec syst\u00e8me de gestion de la batterie et sorties CAN avec c\u00e2ble de connexion pr\u00eat \u00e0 l\u2019emploi pour syst\u00e8mes de 12\u00a0V \u00e0 24\u00a0V. Ce dispositif prot\u00e8ge la batterie au lithium contre les tensions sup\u00e9rieures \u00e0 15\u00a0V et inf\u00e9rieures \u00e0 10\u00a0V. \u00c9l\u00e9ment bistable, n\u2019ayant quasiment [&hellip;]<\/p>\n","protected":false},"featured_media":157609,"template":"","meta":{"_acf_changed":false},"product_featured_cat":[],"product_brand":[3236],"product_cat":[5115],"product_tag":[],"class_list":{"0":"post-157611","1":"product","2":"type-product","3":"status-publish","4":"has-post-thumbnail","6":"product_brand-super-b","7":"product_cat-moniteur-de-batterie-et-interrupteurs","9":"first","10":"instock","11":"taxable","12":"shipping-taxable","13":"purchasable","14":"product-type-simple"},"acf":[],"yoast_head":"<!-- This site is optimized with the Yoast SEO plugin v27.4 - https:\/\/yoast.com\/product\/yoast-seo-wordpress\/ -->\n<title>Relais pour batterie Super B - Bantam Wankm\u00fcller SA<\/title>\n<meta name=\"robots\" content=\"index, follow, max-snippet:-1, max-image-preview:large, max-video-preview:-1\" \/>\n<link rel=\"canonical\" href=\"https:\/\/shop.bantam.ch\/fr\/produit\/relais-pour-batterie\/\" \/>\n<meta property=\"og:locale\" content=\"fr_FR\" \/>\n<meta property=\"og:type\" content=\"article\" \/>\n<meta property=\"og:title\" content=\"Relais pour batterie Super B - Bantam Wankm\u00fcller SA\" \/>\n<meta property=\"og:description\" content=\"Protection externe contre les surtensions et les sous-tensions pour les dispositifs avec syst\u00e8me de gestion de la batterie et sorties CAN avec c\u00e2ble de connexion pr\u00eat \u00e0 l\u2019emploi pour syst\u00e8mes de 12\u00a0V \u00e0 24\u00a0V. Ce dispositif prot\u00e8ge la batterie au lithium contre les tensions sup\u00e9rieures \u00e0 15\u00a0V et inf\u00e9rieures \u00e0 10\u00a0V. \u00c9l\u00e9ment bistable, n\u2019ayant quasiment [&hellip;]\" \/>\n<meta property=\"og:url\" content=\"https:\/\/shop.bantam.ch\/fr\/produit\/relais-pour-batterie\/\" \/>\n<meta property=\"og:site_name\" content=\"Bantam Wankm\u00fcller SA\" \/>\n<meta property=\"article:modified_time\" content=\"2026-04-18T20:10:39+00:00\" \/>\n<meta property=\"og:image\" content=\"https:\/\/shop.bantam.ch\/wp-content\/uploads\/2023\/03\/9974020-Relais_zu_Super_B_Batteriesystem-Standard-01.jpg\" \/>\n\t<meta property=\"og:image:width\" content=\"1000\" \/>\n\t<meta property=\"og:image:height\" content=\"665\" \/>\n\t<meta property=\"og:image:type\" content=\"image\/jpeg\" \/>\n<meta name=\"twitter:card\" content=\"summary_large_image\" \/>\n<script type=\"application\/ld+json\" class=\"yoast-schema-graph\">{\"@context\":\"https:\\\/\\\/schema.org\",\"@graph\":[{\"@type\":\"WebPage\",\"@id\":\"https:\\\/\\\/shop.bantam.ch\\\/fr\\\/produit\\\/relais-pour-batterie\\\/\",\"url\":\"https:\\\/\\\/shop.bantam.ch\\\/fr\\\/produit\\\/relais-pour-batterie\\\/\",\"name\":\"Relais pour batterie Super B - Bantam Wankm\u00fcller SA\",\"isPartOf\":{\"@id\":\"https:\\\/\\\/shop.bantam.ch\\\/fr\\\/#website\"},\"primaryImageOfPage\":{\"@id\":\"https:\\\/\\\/shop.bantam.ch\\\/fr\\\/produit\\\/relais-pour-batterie\\\/#primaryimage\"},\"image\":{\"@id\":\"https:\\\/\\\/shop.bantam.ch\\\/fr\\\/produit\\\/relais-pour-batterie\\\/#primaryimage\"},\"thumbnailUrl\":\"https:\\\/\\\/shop.bantam.ch\\\/wp-content\\\/uploads\\\/2023\\\/03\\\/9974020-Relais_zu_Super_B_Batteriesystem-Standard-01.jpg\",\"datePublished\":\"2023-03-23T15:02:24+00:00\",\"dateModified\":\"2026-04-18T20:10:39+00:00\",\"breadcrumb\":{\"@id\":\"https:\\\/\\\/shop.bantam.ch\\\/fr\\\/produit\\\/relais-pour-batterie\\\/#breadcrumb\"},\"inLanguage\":\"fr-FR\",\"potentialAction\":[{\"@type\":\"ReadAction\",\"target\":[\"https:\\\/\\\/shop.bantam.ch\\\/fr\\\/produit\\\/relais-pour-batterie\\\/\"]}]},{\"@type\":\"ImageObject\",\"inLanguage\":\"fr-FR\",\"@id\":\"https:\\\/\\\/shop.bantam.ch\\\/fr\\\/produit\\\/relais-pour-batterie\\\/#primaryimage\",\"url\":\"https:\\\/\\\/shop.bantam.ch\\\/wp-content\\\/uploads\\\/2023\\\/03\\\/9974020-Relais_zu_Super_B_Batteriesystem-Standard-01.jpg\",\"contentUrl\":\"https:\\\/\\\/shop.bantam.ch\\\/wp-content\\\/uploads\\\/2023\\\/03\\\/9974020-Relais_zu_Super_B_Batteriesystem-Standard-01.jpg\",\"width\":1000,\"height\":665},{\"@type\":\"BreadcrumbList\",\"@id\":\"https:\\\/\\\/shop.bantam.ch\\\/fr\\\/produit\\\/relais-pour-batterie\\\/#breadcrumb\",\"itemListElement\":[{\"@type\":\"ListItem\",\"position\":1,\"name\":\"Accueil\",\"item\":\"https:\\\/\\\/shop.bantam.ch\\\/fr\\\/\"},{\"@type\":\"ListItem\",\"position\":2,\"name\":\"Boutique\",\"item\":\"https:\\\/\\\/shop.bantam.ch\\\/fr\\\/boutique\\\/\"},{\"@type\":\"ListItem\",\"position\":3,\"name\":\"Relais pour batterie Super B\"}]},{\"@type\":\"WebSite\",\"@id\":\"https:\\\/\\\/shop.bantam.ch\\\/fr\\\/#website\",\"url\":\"https:\\\/\\\/shop.bantam.ch\\\/fr\\\/\",\"name\":\"Bantam Wankm\u00fcller SA\",\"description\":\"\",\"publisher\":{\"@id\":\"https:\\\/\\\/shop.bantam.ch\\\/fr\\\/#organization\"},\"inLanguage\":\"fr-FR\"},{\"@type\":\"Organization\",\"@id\":\"https:\\\/\\\/shop.bantam.ch\\\/fr\\\/#organization\",\"name\":\"Bantam Wankm\u00fcller SA\",\"url\":\"https:\\\/\\\/shop.bantam.ch\\\/fr\\\/\",\"logo\":{\"@type\":\"ImageObject\",\"inLanguage\":\"fr-FR\",\"@id\":\"https:\\\/\\\/shop.bantam.ch\\\/fr\\\/#\\\/schema\\\/logo\\\/image\\\/\",\"url\":\"https:\\\/\\\/shop.bantam.ch\\\/wp-content\\\/uploads\\\/2022\\\/12\\\/bantam-logo.png\",\"contentUrl\":\"https:\\\/\\\/shop.bantam.ch\\\/wp-content\\\/uploads\\\/2022\\\/12\\\/bantam-logo.png\",\"width\":320,\"height\":71,\"caption\":\"Bantam Wankm\u00fcller SA\"},\"image\":{\"@id\":\"https:\\\/\\\/shop.bantam.ch\\\/fr\\\/#\\\/schema\\\/logo\\\/image\\\/\"}}]}<\/script>\n<!-- \/ Yoast SEO plugin. -->","yoast_head_json":{"title":"Relais pour batterie Super B - Bantam Wankm\u00fcller SA","robots":{"index":"index","follow":"follow","max-snippet":"max-snippet:-1","max-image-preview":"max-image-preview:large","max-video-preview":"max-video-preview:-1"},"canonical":"https:\/\/shop.bantam.ch\/fr\/produit\/relais-pour-batterie\/","og_locale":"fr_FR","og_type":"article","og_title":"Relais pour batterie Super B - Bantam Wankm\u00fcller SA","og_description":"Protection externe contre les surtensions et les sous-tensions pour les dispositifs avec syst\u00e8me de gestion de la batterie et sorties CAN avec c\u00e2ble de connexion pr\u00eat \u00e0 l\u2019emploi pour syst\u00e8mes de 12\u00a0V \u00e0 24\u00a0V. Ce dispositif prot\u00e8ge la batterie au lithium contre les tensions sup\u00e9rieures \u00e0 15\u00a0V et inf\u00e9rieures \u00e0 10\u00a0V. \u00c9l\u00e9ment bistable, n\u2019ayant quasiment [&hellip;]","og_url":"https:\/\/shop.bantam.ch\/fr\/produit\/relais-pour-batterie\/","og_site_name":"Bantam Wankm\u00fcller SA","article_modified_time":"2026-04-18T20:10:39+00:00","og_image":[{"width":1000,"height":665,"url":"https:\/\/shop.bantam.ch\/wp-content\/uploads\/2023\/03\/9974020-Relais_zu_Super_B_Batteriesystem-Standard-01.jpg","type":"image\/jpeg"}],"twitter_card":"summary_large_image","schema":{"@context":"https:\/\/schema.org","@graph":[{"@type":"WebPage","@id":"https:\/\/shop.bantam.ch\/fr\/produit\/relais-pour-batterie\/","url":"https:\/\/shop.bantam.ch\/fr\/produit\/relais-pour-batterie\/","name":"Relais pour batterie Super B - Bantam Wankm\u00fcller SA","isPartOf":{"@id":"https:\/\/shop.bantam.ch\/fr\/#website"},"primaryImageOfPage":{"@id":"https:\/\/shop.bantam.ch\/fr\/produit\/relais-pour-batterie\/#primaryimage"},"image":{"@id":"https:\/\/shop.bantam.ch\/fr\/produit\/relais-pour-batterie\/#primaryimage"},"thumbnailUrl":"https:\/\/shop.bantam.ch\/wp-content\/uploads\/2023\/03\/9974020-Relais_zu_Super_B_Batteriesystem-Standard-01.jpg","datePublished":"2023-03-23T15:02:24+00:00","dateModified":"2026-04-18T20:10:39+00:00","breadcrumb":{"@id":"https:\/\/shop.bantam.ch\/fr\/produit\/relais-pour-batterie\/#breadcrumb"},"inLanguage":"fr-FR","potentialAction":[{"@type":"ReadAction","target":["https:\/\/shop.bantam.ch\/fr\/produit\/relais-pour-batterie\/"]}]},{"@type":"ImageObject","inLanguage":"fr-FR","@id":"https:\/\/shop.bantam.ch\/fr\/produit\/relais-pour-batterie\/#primaryimage","url":"https:\/\/shop.bantam.ch\/wp-content\/uploads\/2023\/03\/9974020-Relais_zu_Super_B_Batteriesystem-Standard-01.jpg","contentUrl":"https:\/\/shop.bantam.ch\/wp-content\/uploads\/2023\/03\/9974020-Relais_zu_Super_B_Batteriesystem-Standard-01.jpg","width":1000,"height":665},{"@type":"BreadcrumbList","@id":"https:\/\/shop.bantam.ch\/fr\/produit\/relais-pour-batterie\/#breadcrumb","itemListElement":[{"@type":"ListItem","position":1,"name":"Accueil","item":"https:\/\/shop.bantam.ch\/fr\/"},{"@type":"ListItem","position":2,"name":"Boutique","item":"https:\/\/shop.bantam.ch\/fr\/boutique\/"},{"@type":"ListItem","position":3,"name":"Relais pour batterie Super B"}]},{"@type":"WebSite","@id":"https:\/\/shop.bantam.ch\/fr\/#website","url":"https:\/\/shop.bantam.ch\/fr\/","name":"Bantam Wankm\u00fcller SA","description":"","publisher":{"@id":"https:\/\/shop.bantam.ch\/fr\/#organization"},"inLanguage":"fr-FR"},{"@type":"Organization","@id":"https:\/\/shop.bantam.ch\/fr\/#organization","name":"Bantam Wankm\u00fcller SA","url":"https:\/\/shop.bantam.ch\/fr\/","logo":{"@type":"ImageObject","inLanguage":"fr-FR","@id":"https:\/\/shop.bantam.ch\/fr\/#\/schema\/logo\/image\/","url":"https:\/\/shop.bantam.ch\/wp-content\/uploads\/2022\/12\/bantam-logo.png","contentUrl":"https:\/\/shop.bantam.ch\/wp-content\/uploads\/2022\/12\/bantam-logo.png","width":320,"height":71,"caption":"Bantam Wankm\u00fcller SA"},"image":{"@id":"https:\/\/shop.bantam.ch\/fr\/#\/schema\/logo\/image\/"}}]}},"_links":{"self":[{"href":"https:\/\/shop.bantam.ch\/fr\/wp-json\/wp\/v2\/product\/157611","targetHints":{"allow":["GET"]}}],"collection":[{"href":"https:\/\/shop.bantam.ch\/fr\/wp-json\/wp\/v2\/product"}],"about":[{"href":"https:\/\/shop.bantam.ch\/fr\/wp-json\/wp\/v2\/types\/product"}],"wp:featuredmedia":[{"embeddable":true,"href":"https:\/\/shop.bantam.ch\/fr\/wp-json\/wp\/v2\/media\/157609"}],"wp:attachment":[{"href":"https:\/\/shop.bantam.ch\/fr\/wp-json\/wp\/v2\/media?parent=157611"}],"wp:term":[{"taxonomy":"product_featured_cat","embeddable":true,"href":"https:\/\/shop.bantam.ch\/fr\/wp-json\/wp\/v2\/product_featured_cat?post=157611"},{"taxonomy":"product_brand","embeddable":true,"href":"https:\/\/shop.bantam.ch\/fr\/wp-json\/wp\/v2\/product_brand?post=157611"},{"taxonomy":"product_cat","embeddable":true,"href":"https:\/\/shop.bantam.ch\/fr\/wp-json\/wp\/v2\/product_cat?post=157611"},{"taxonomy":"product_tag","embeddable":true,"href":"https:\/\/shop.bantam.ch\/fr\/wp-json\/wp\/v2\/product_tag?post=157611"}],"curies":[{"name":"wp","href":"https:\/\/api.w.org\/{rel}","templated":true}]}}